{"id":9582,"date":"2022-10-01T14:10:45","date_gmt":"2022-10-01T17:10:45","guid":{"rendered":"https:\/\/www.dmastro.com.br\/dmastroblog\/?post_type=product&#038;p=9582"},"modified":"2022-10-01T17:09:44","modified_gmt":"2022-10-01T20:09:44","slug":"curso-de-taro-com-numerologia-arcanica-de-del-martins","status":"publish","type":"product","link":"https:\/\/www.dmastro.com.br\/dmastroblog\/produto\/curso-de-taro-com-numerologia-arcanica-de-del-martins\/","title":{"rendered":"Curso de Tar\u00f4 Com Numerologia Arc\u00e2nica de Del Martins"},"content":{"rendered":"<p style=\"text-align: center;\"><em><strong><span style=\"color: #ff0000; font-size: 18pt;\">Curso de Tar\u00f4 Com Numerologia Arc\u00e2nica de Del Martins<\/span><\/strong><\/em><\/p>\n<p>O melhor e mais completo e \u00fanico Curso de Tar\u00f4 com Numerologia do Brasil com a professora Del Martins. Venha fazer parte da Elite do Conhecimento do Tar\u00f4 no Brasil!<\/p>\n<p>Com esse curso voc\u00ea ter\u00e1 sucesso no Tarot &#8211; O Curso Completo de Leitura de Tarot<\/p>\n<p>Domine sua habilidade ps\u00edquica e aprenda a dar leituras precisas de cartas de tar\u00f4 de n\u00edvel profissional.<\/p>\n<p>Este curso ir\u00e1 ajud\u00e1-lo a se sentir confiante dando leituras de cartas de tar\u00f4 de n\u00edvel profissional para divers\u00e3o ou renda. Se inscrevendo agora, voc\u00ea aprender\u00e1 a fazer uma leitura de Tar\u00f4 precisa para encontrar o caminho para o amor, sua carreira perfeita e o melhor caminho para melhorar sua renda e investimentos aprendendo a ler o tar\u00f4 como um profissional.<\/p>\n<p>Voc\u00ea obter\u00e1 uma interpreta\u00e7\u00e3o completa de todos os significados das cartas de tar\u00f4 com numerologia, que \u00e9 um m\u00e9todo exclusivo criado pela professora Del Martins, ao longo de sua carreira incluindo os Arcanos Maiores e Menores em toda a profundidade! Voc\u00ea tamb\u00e9m dominar\u00e1 como fazer leituras de tar\u00f4 precisas enquanto descobre seu caminho espiritual para o sucesso.<\/p>\n<p>Ao estudar os significados das cartas de tar\u00f4 deste curso de desenvolvimento ps\u00edquico, voc\u00ea pode ajudar outras pessoas a descobrir seu destino e tomar decis\u00f5es importantes para melhorar suas vidas de maneira suave e f\u00e1cil.<\/p>\n<p>Ao final desta aula de leitura de tar\u00f4, voc\u00ea aprender\u00e1 a ler como um tar\u00f3logo profissional para uso pessoal ou para fazer leituras para obter renda.<\/p>\n<p style=\"text-align: center;\"><span style=\"font-size: 18pt;\"><em><strong><span style=\"color: #99ccff;\">O QUE VOC\u00ca VAI APRENDER COM ESTE CURSO ?<br \/>\n<\/span><\/strong><\/em><\/span><\/p>\n<ul>\n<li>Fa\u00e7a leituras ps\u00edquicas precisas com o tar\u00f4 como um tar\u00f3logo profissional.<\/li>\n<li>Use o tar\u00f4 para melhorar rapidamente sua vida amorosa.<\/li>\n<li>Use o tar\u00f4 para melhorar rapidamente seus neg\u00f3cios, carreira e finan\u00e7as.<\/li>\n<li>Consulte o tar\u00f4 para d\u00favidas r\u00e1pidas ou leituras mais detalhadas por at\u00e9 1 hora.<\/li>\n<li>Identifique quais li\u00e7\u00f5es espirituais voc\u00ea precisa dominar para melhorar sua vida.<\/li>\n<li>Saber a melhor forma de consultar o tar\u00f4 para decis\u00f5es importantes.<\/li>\n<li>Use o tar\u00f4 para curar qualquer desafio em sua vida.<\/li>\n<\/ul>\n<p>Veja as seguinte live da professora Del Martins e conhe\u00e7a mais sobre sua nova professora:<\/p>\n<p><iframe loading=\"lazy\" title=\"Autoconhecimento:Tar\u00f4 e seus Arqu\u00e9tipos! \u2705\ud83c\udf3b\" width=\"980\" height=\"551\" src=\"https:\/\/www.youtube.com\/embed\/MDtGAuKVsSs?feature=oembed&#038;enablejsapi=1&#038;origin=https:\/\/www.dmastro.com.br\/dmastroblog\" frameborder=\"0\" allow=\"accelerometer; autoplay; clipboard-write; encrypted-media; gyroscope; picture-in-picture\" allowfullscreen><\/iframe><\/p>\n<p>O curso funciona no seguinte formato, com 1 aula por semana, ao vivo com os alunos usando o aplicativo Zoom. A aula fica gravada e pronta para o aluno poder ver quantas vezes quiser ou no caso dele faltar. Tamb\u00e9m existe um grupo de alunos no WhatsApp para apoio as aulas e suporte para d\u00favidas. Os alunos recebem um certificado a cada m\u00f3dulo completo do curso e depois um diploma na conclus\u00e3o de todos os m\u00f3dulos da DMAstro.<\/p>\n<p>As aulas ao vivo semanais s\u00e3o de 75 minutos, as mensalidade s\u00e3o de R$ 200.<\/p>\n<p>Para mais informa\u00e7\u00f5es e inscri\u00e7\u00f5es, ligue para: (11) 96624-8446 ou envie mensagem no WhatsApp. A forma\u00e7\u00e3o se inicia em 18\/10\/2022 e as aulas ser\u00e3o \u00e0s 20:00<\/p>\n<p style=\"text-align: center;\"><em><strong><span style=\"color: #99ccff; font-size: 18pt;\">O CURSO QUE VAI TRANSFORMAR TODA A SUA REALIDADE!<\/span><\/strong><\/em><\/p>\n<p style=\"text-align: left;\"><em><strong>Certifica\u00e7\u00e3o:<\/strong><\/em><br \/>\nSer\u00e1 emitido certificado de conclus\u00e3o em cada passagem de m\u00f3dulo.<\/p>\n<p><em><strong>Dura\u00e7\u00e3o do acesso:<\/strong><\/em><br \/>\nAcesso a todo o conte\u00fado virtual na plataforma de estudos por at\u00e9 1 ano ap\u00f3s o t\u00e9rmino do curso<\/p>\n<p>O aluno vai participar do grupo de estudos da Astrologia para esclarecer suas d\u00favidas. O participante que n\u00e3o puder estar presente nas aulas, deve elaborar suas d\u00favidas e perguntas e enviar no grupo do WhatsApp antecipadamente. Tais questionamentos ser\u00e3o respondidos durante a aula semanal. As aulas ficar\u00e3o dispon\u00edveis na plataforma de ensino. Voc\u00ea poder\u00e1 acessar os v\u00eddeos integralmente de qualquer lugar!<\/p>\n<p style=\"text-align: center;\"><em><strong><span style=\"color: #ff0000; font-size: 18pt;\">Curso de Tar\u00f4 Com Numerologia Arc\u00e2nica de Del Martins<\/span><\/strong><\/em><\/p>\n<p><span style=\"color: #ff0000;\"><em><strong>1 &#8211; INTRODU\u00c7\u00c3O AO CURSO<\/strong><\/em><\/span><\/p>\n<p>Como o Tar\u00f4 pode melhorar sua vida<br \/>\nMelhor maneira de usar este curso para obter melhores resultados<br \/>\nComo obter apoio durante o seu curso de Tarot<br \/>\nNota r\u00e1pida sobre o grupo do WhatsApp!<\/p>\n<p><span style=\"color: #ff0000;\"><em><strong>2 &#8211; COISAS IMPORTANTES PARA SABER ANTES DE ESTUDAR TAR\u00d4<\/strong><\/em><\/span><\/p>\n<p>Cartas Invertidas<br \/>\nLeituras de Tar\u00f4<br \/>\n\u00c9tica e leitura de tar\u00f4<br \/>\nBloqueios &#8211; E se minhas leituras n\u00e3o forem precisas?<br \/>\nLimpando seu baralho de tar\u00f4 para leituras mais precisas<br \/>\nDi\u00e1rio de Leituras: melhore a precis\u00e3o de suas leituras com o Di\u00e1rio de Leituras<\/p>\n<p><span style=\"color: #ff0000;\"><em><strong>3 &#8211; ARCANOS MAIORES<\/strong><\/em><\/span><\/p>\n<p>Introdu\u00e7\u00e3o aos Arcanos Maiores<br \/>\nAstrologia e os Arcanos Maiores<br \/>\nCarta 3-5: A Imperatriz at\u00e9 o Hierofante<br \/>\nCarta 6-8: Os Amantes at\u00e9 a For\u00e7a<br \/>\nCarta 9-10: O Eremita at\u00e9 a Roda da Fortuna<br \/>\nCarta 11-13: Justi\u00e7a at\u00e9 a Morte<br \/>\nCarta 14-16: Temperan\u00e7a at\u00e9 \u00e0 Torre<br \/>\nCard17 a 19: A Estrela at\u00e9 o Sol<br \/>\nCarta 20-21: Julgamento at\u00e9 o Mundo<br \/>\nLeitura b\u00e1sica de 3 cartas para iniciantes<br \/>\nPratica de amostras de leituras dos Arcanos Maiores<\/p>\n<p><span style=\"color: #ff0000;\"><em><strong>4 &#8211; ARCANOS MAIORES COM NUMEROLOGIA<\/strong><\/em><\/span><\/p>\n<p>Arcanos Maiores e Cartas Ocultas<br \/>\nPratica de amostras de leituras dos Arcanos Maiores<\/p>\n<p><span style=\"color: #ff0000;\"><em><strong>5 &#8211; DOMINE DIFERENTES TIPOS DE TIRAGENS COM OS ARCANOS MAIORES<\/strong><\/em><\/span><\/p>\n<p>Cart\u00e3o de Distribui\u00e7\u00e3o<br \/>\nTiragens de m\u00faltipla escolha<br \/>\nFerradura<br \/>\nTemplo de Isis<br \/>\nMini Mesa<br \/>\nMesa Completa<\/p>\n<p><span style=\"color: #ff0000;\"><em><strong>6 &#8211; APRESENTANDO OS ARCANOS MENORES<\/strong><\/em><\/span><\/p>\n<p>Arcanos Menores e os Naipes<br \/>\n4 Passos para a interpreta\u00e7\u00e3o de cartas neste curso<br \/>\nA melhor maneira de aprender Tarot sem Tarot palavras chaves<\/p>\n<p><span style=\"color: #ff0000;\"><em><strong>7 &#8211; O NAIPE DE PAUS<\/strong><\/em><\/span><\/p>\n<p>Apresentando os Paus!<br \/>\nDescubra do \u00c1s at\u00e9 5 de Paus<br \/>\nDescubra do 6 at\u00e9 10 de Paus<br \/>\nPratica de amostras de leituras de Paus<\/p>\n<p><span style=\"color: #ff0000;\"><em><strong>8 &#8211; O NAIPE DE COPAS<\/strong><\/em><\/span><\/p>\n<p>Apresentando as Copas<br \/>\nDescubra do \u00c1s at\u00e9 5 de Copas<br \/>\nDescubra do 6 at\u00e9 10 de Copas<br \/>\nPratica de amostras de leituras de Copas<\/p>\n<p><span style=\"color: #ff0000;\"><em><strong>9 &#8211; O NAIPE DE ESPADAS<\/strong><\/em><\/span><\/p>\n<p>Apresentando as Espadas!<br \/>\nDescubra do \u00c1s at\u00e9 5 de Espadas<br \/>\nDescubra do 6 at\u00e9 10 de Espadas<br \/>\nPratica de amostras de leituras de Espadas<\/p>\n<p><span style=\"color: #ff0000;\"><em><strong>10 &#8211; O NAIPE DE OUROS<\/strong><\/em><\/span><\/p>\n<p>Apresentando os Ouros!<br \/>\nDescubra do \u00c1s at\u00e9 5 de Ouros<br \/>\nDescubra do 6 at\u00e9 10 de Ouros<br \/>\nPratica de amostras de leituras de Ouros<\/p>\n<p><span style=\"color: #ff0000;\"><em><strong>11 &#8211; AS CARTAS DA CORTE<\/strong><\/em><\/span><\/p>\n<p>Apresentando os Pajens e os Cavaleiros<br \/>\nCartas da Corte de Paus<br \/>\nCartas da Corte de Copas<br \/>\nCartas da Corte das Espadas<br \/>\nCartas da Corte dos Ouros<br \/>\nPratica de amostras de leituras das Cartas da Corte<\/p>\n<p><span style=\"color: #ff0000;\"><em><strong>12 &#8211; DOMINE DIFERENTES TIPOS DE TIRAGENS COM OS ARCANOS MENORES<\/strong><\/em><\/span><\/p>\n<p>Cart\u00e3o de Distribui\u00e7\u00e3o<br \/>\nTiragens de m\u00faltipla escolha<br \/>\nFerradura<br \/>\nTemplo de Isis<br \/>\nMini Mesa<br \/>\nMesa Completa<\/p>\n","protected":false},"excerpt":{"rendered":"<p style=\"text-align: center;\"><em><strong><span style=\"color: #ff0000; font-size: 18pt;\">Curso de Tar\u00f4 Com Numerologia Arc\u00e2nica de Del Martins<\/span><\/strong><\/em><\/p>\n<p>O melhor e mais completo Curso de Forma\u00e7\u00e3o de Tar\u00f4 do Brasil com a professora Del Martins. Venha fazer parte da Elite do Conhecimento do Tar\u00f4 no Brasil!<\/p>\n<p>Com esse curso voc\u00ea ter\u00e1 sucesso no Tarot &#8211; O Curso Completo de Leitura de Tarot<\/p>\n<p>Domine sua habilidade ps\u00edquica e aprenda a dar leituras precisas de cartas de tar\u00f4 de n\u00edvel profissional.<\/p>\n","protected":false},"featured_media":9587,"comment_status":"open","ping_status":"closed","template":"","meta":{"_themeisle_gutenberg_block_has_review":false,"jetpack_post_was_ever_published":false,"jetpack_publicize_message":"","jetpack_publicize_feature_enabled":true,"jetpack_social_post_already_shared":true,"jetpack_social_options":{"image_generator_settings":{"template":"highway","default_image_id":0,"font":"","enabled":false},"version":2}},"product_brand":[],"product_cat":[71,364,66],"product_tag":[76,1325,1327,1326,1328],"class_list":{"0":"post-9582","1":"product","2":"type-product","3":"status-publish","4":"has-post-thumbnail","6":"product_cat-cursos-em-video-de-astrologia","7":"product_cat-curso-online","8":"product_cat-cursos-em-video","9":"product_tag-astrologia","10":"product_tag-astrologia-moderna","11":"product_tag-astrologos","12":"product_tag-cinira-palotta","13":"product_tag-curso-de-formacao","14":"post","16":"first","17":"instock","18":"virtual","19":"taxable","20":"purchasable","21":"product-type-simple"},"composite_virtual":false,"composite_layout":"","composite_add_to_cart_form_location":"","composite_editable_in_cart":false,"composite_sold_individually_context":"","composite_shop_price_calc":"","composite_components":[],"composite_scenarios":[],"yoast_head":"<!-- This site is optimized with the Yoast SEO Premium plugin v22.9 (Yoast SEO v27.3) - https:\/\/yoast.com\/product\/yoast-seo-premium-wordpress\/ -->\n<title>Curso de Tar\u00f4 Com Numerologia Arc\u00e2nica de Del Martins<\/title>\n<meta name=\"description\" content=\"Curso de Tar\u00f4 Com Numerologia Arc\u00e2nica de Del Martins. O melhor e mais completo do Brasil.\" \/>\n<meta name=\"robots\" content=\"index, follow, max-snippet:-1, max-image-preview:large, max-video-preview:-1\" \/>\n<link rel=\"canonical\" href=\"https:\/\/www.dmastro.com.br\/dmastroblog\/produto\/curso-de-taro-com-numerologia-arcanica-de-del-martins\/\" \/>\n<meta property=\"og:locale\" content=\"pt_BR\" \/>\n<meta property=\"og:type\" content=\"article\" \/>\n<meta property=\"og:title\" content=\"Curso de Tar\u00f4 Com Numerologia Arc\u00e2nica de Del Martins\" \/>\n<meta property=\"og:description\" content=\"Curso de Tar\u00f4 Com Numerologia Arc\u00e2nica de Del Martins. O melhor e mais completo do Brasil.\" \/>\n<meta property=\"og:url\" content=\"https:\/\/www.dmastro.com.br\/dmastroblog\/produto\/curso-de-taro-com-numerologia-arcanica-de-del-martins\/\" \/>\n<meta property=\"og:site_name\" content=\"Escola de Astrologia DMAstro\" \/>\n<meta property=\"article:publisher\" content=\"https:\/\/www.facebook.com\/dmastrobr\" \/>\n<meta property=\"article:modified_time\" content=\"2022-10-01T20:09:44+00:00\" \/>\n<meta property=\"og:image\" content=\"https:\/\/www.dmastro.com.br\/dmastroblog\/wp-content\/uploads\/2022\/10\/Curso-Online-Taro-Numerologia-Arcanica-Del-Martins-DMAstro.jpg\" \/>\n\t<meta property=\"og:image:width\" content=\"500\" \/>\n\t<meta property=\"og:image:height\" content=\"500\" \/>\n\t<meta property=\"og:image:type\" content=\"image\/jpeg\" \/>\n<meta name=\"twitter:card\" content=\"summary_large_image\" \/>\n<meta name=\"twitter:site\" content=\"@dmastrobrasil\" \/>\n<meta name=\"twitter:label1\" content=\"Pre\u00e7o\" \/>\n\t<meta name=\"twitter:data1\" content=\"&#082;&#036;200,00\" \/>\n\t<meta name=\"twitter:label2\" content=\"Disponibilidade\" \/>\n\t<meta name=\"twitter:data2\" content=\"Em Estoque\" \/>\n<script type=\"application\/ld+json\" class=\"yoast-schema-graph\">{\"@context\":\"https:\\\/\\\/schema.org\",\"@graph\":[{\"@type\":\"WebPage\",\"@id\":\"https:\\\/\\\/www.dmastro.com.br\\\/dmastroblog\\\/produto\\\/curso-de-taro-com-numerologia-arcanica-de-del-martins\\\/\",\"url\":\"https:\\\/\\\/www.dmastro.com.br\\\/dmastroblog\\\/produto\\\/curso-de-taro-com-numerologia-arcanica-de-del-martins\\\/\",\"name\":\"Curso de Tar\u00f4 Com Numerologia Arc\u00e2nica de Del Martins\",\"isPartOf\":{\"@id\":\"https:\\\/\\\/www.dmastro.com.br\\\/dmastroblog\\\/#website\"},\"primaryImageOfPage\":{\"@id\":\"https:\\\/\\\/www.dmastro.com.br\\\/dmastroblog\\\/produto\\\/curso-de-taro-com-numerologia-arcanica-de-del-martins\\\/#primaryimage\"},\"image\":{\"@id\":\"https:\\\/\\\/www.dmastro.com.br\\\/dmastroblog\\\/produto\\\/curso-de-taro-com-numerologia-arcanica-de-del-martins\\\/#primaryimage\"},\"thumbnailUrl\":\"https:\\\/\\\/i0.wp.com\\\/www.dmastro.com.br\\\/dmastroblog\\\/wp-content\\\/uploads\\\/2022\\\/10\\\/Curso-Online-Taro-Numerologia-Arcanica-Del-Martins-DMAstro.jpg?fit=500%2C500&ssl=1\",\"datePublished\":\"2022-10-01T17:10:45+00:00\",\"dateModified\":\"2022-10-01T20:09:44+00:00\",\"description\":\"Curso de Tar\u00f4 Com Numerologia Arc\u00e2nica de Del Martins. O melhor e mais completo do Brasil.\",\"breadcrumb\":{\"@id\":\"https:\\\/\\\/www.dmastro.com.br\\\/dmastroblog\\\/produto\\\/curso-de-taro-com-numerologia-arcanica-de-del-martins\\\/#breadcrumb\"},\"inLanguage\":\"pt-BR\",\"potentialAction\":[{\"@type\":\"ReadAction\",\"target\":[\"https:\\\/\\\/www.dmastro.com.br\\\/dmastroblog\\\/produto\\\/curso-de-taro-com-numerologia-arcanica-de-del-martins\\\/\"]}]},{\"@type\":\"ImageObject\",\"inLanguage\":\"pt-BR\",\"@id\":\"https:\\\/\\\/www.dmastro.com.br\\\/dmastroblog\\\/produto\\\/curso-de-taro-com-numerologia-arcanica-de-del-martins\\\/#primaryimage\",\"url\":\"https:\\\/\\\/i0.wp.com\\\/www.dmastro.com.br\\\/dmastroblog\\\/wp-content\\\/uploads\\\/2022\\\/10\\\/Curso-Online-Taro-Numerologia-Arcanica-Del-Martins-DMAstro.jpg?fit=500%2C500&ssl=1\",\"contentUrl\":\"https:\\\/\\\/i0.wp.com\\\/www.dmastro.com.br\\\/dmastroblog\\\/wp-content\\\/uploads\\\/2022\\\/10\\\/Curso-Online-Taro-Numerologia-Arcanica-Del-Martins-DMAstro.jpg?fit=500%2C500&ssl=1\",\"width\":500,\"height\":500,\"caption\":\"Curso Online Taro Numerologia Arcanica Del Martins DMAstro\"},{\"@type\":\"BreadcrumbList\",\"@id\":\"https:\\\/\\\/www.dmastro.com.br\\\/dmastroblog\\\/produto\\\/curso-de-taro-com-numerologia-arcanica-de-del-martins\\\/#breadcrumb\",\"itemListElement\":[{\"@type\":\"ListItem\",\"position\":1,\"name\":\"In\u00edcio\",\"item\":\"https:\\\/\\\/www.dmastro.com.br\\\/dmastroblog\\\/\"},{\"@type\":\"ListItem\",\"position\":2,\"name\":\"Loja\",\"item\":\"https:\\\/\\\/www.dmastro.com.br\\\/dmastroblog\\\/loja\\\/\"},{\"@type\":\"ListItem\",\"position\":3,\"name\":\"Curso de Tar\u00f4 Com Numerologia Arc\u00e2nica de Del Martins\"}]},{\"@type\":\"WebSite\",\"@id\":\"https:\\\/\\\/www.dmastro.com.br\\\/dmastroblog\\\/#website\",\"url\":\"https:\\\/\\\/www.dmastro.com.br\\\/dmastroblog\\\/\",\"name\":\"DMAstro Brasil\",\"description\":\"Curso Completo de Forma\u00e7\u00e3o\",\"publisher\":{\"@id\":\"https:\\\/\\\/www.dmastro.com.br\\\/dmastroblog\\\/#organization\"},\"potentialAction\":[{\"@type\":\"SearchAction\",\"target\":{\"@type\":\"EntryPoint\",\"urlTemplate\":\"https:\\\/\\\/www.dmastro.com.br\\\/dmastroblog\\\/?s={search_term_string}\"},\"query-input\":{\"@type\":\"PropertyValueSpecification\",\"valueRequired\":true,\"valueName\":\"search_term_string\"}}],\"inLanguage\":\"pt-BR\"},{\"@type\":\"Organization\",\"@id\":\"https:\\\/\\\/www.dmastro.com.br\\\/dmastroblog\\\/#organization\",\"name\":\"DMAstro Brasil\",\"url\":\"https:\\\/\\\/www.dmastro.com.br\\\/dmastroblog\\\/\",\"logo\":{\"@type\":\"ImageObject\",\"inLanguage\":\"pt-BR\",\"@id\":\"https:\\\/\\\/www.dmastro.com.br\\\/dmastroblog\\\/#\\\/schema\\\/logo\\\/image\\\/\",\"url\":\"https:\\\/\\\/www.dmastro.com.br\\\/dmastroblog\\\/wp-content\\\/uploads\\\/2018\\\/12\\\/logotipo-dmastro-brasil.png\",\"contentUrl\":\"https:\\\/\\\/www.dmastro.com.br\\\/dmastroblog\\\/wp-content\\\/uploads\\\/2018\\\/12\\\/logotipo-dmastro-brasil.png\",\"width\":180,\"height\":180,\"caption\":\"DMAstro Brasil\"},\"image\":{\"@id\":\"https:\\\/\\\/www.dmastro.com.br\\\/dmastroblog\\\/#\\\/schema\\\/logo\\\/image\\\/\"},\"sameAs\":[\"https:\\\/\\\/www.facebook.com\\\/dmastrobr\",\"https:\\\/\\\/x.com\\\/dmastrobrasil\",\"https:\\\/\\\/www.instagram.com\\\/dmastrobrasil\\\/\"]}]}<\/script>\n<meta property=\"og:video\" content=\"https:\/\/www.youtube.com\/embed\/MDtGAuKVsSs\" \/>\n<meta property=\"og:video:type\" content=\"text\/html\" \/>\n<meta property=\"og:video:duration\" content=\"113\" \/>\n<meta property=\"og:video:width\" content=\"480\" \/>\n<meta property=\"og:video:height\" content=\"270\" \/>\n<meta property=\"ya:ovs:adult\" content=\"false\" \/>\n<meta property=\"ya:ovs:upload_date\" content=\"2022-10-01T17:10:45+00:00\" \/>\n<meta property=\"ya:ovs:allow_embed\" content=\"true\" \/>\n<meta property=\"product:price:amount\" content=\"200.00\" \/>\n<meta property=\"product:price:currency\" content=\"BRL\" \/>\n<meta property=\"og:availability\" content=\"instock\" \/>\n<meta property=\"product:availability\" content=\"instock\" \/>\n<meta property=\"product:condition\" content=\"new\" \/>\n<!-- \/ Yoast SEO Premium plugin. -->","yoast_head_json":{"title":"Curso de Tar\u00f4 Com Numerologia Arc\u00e2nica de Del Martins","description":"Curso de Tar\u00f4 Com Numerologia Arc\u00e2nica de Del Martins. O melhor e mais completo do Brasil.","robots":{"index":"index","follow":"follow","max-snippet":"max-snippet:-1","max-image-preview":"max-image-preview:large","max-video-preview":"max-video-preview:-1"},"canonical":"https:\/\/www.dmastro.com.br\/dmastroblog\/produto\/curso-de-taro-com-numerologia-arcanica-de-del-martins\/","og_locale":"pt_BR","og_type":"article","og_title":"Curso de Tar\u00f4 Com Numerologia Arc\u00e2nica de Del Martins","og_description":"Curso de Tar\u00f4 Com Numerologia Arc\u00e2nica de Del Martins. O melhor e mais completo do Brasil.","og_url":"https:\/\/www.dmastro.com.br\/dmastroblog\/produto\/curso-de-taro-com-numerologia-arcanica-de-del-martins\/","og_site_name":"Escola de Astrologia DMAstro","article_publisher":"https:\/\/www.facebook.com\/dmastrobr","article_modified_time":"2022-10-01T20:09:44+00:00","og_image":[{"width":500,"height":500,"url":"https:\/\/www.dmastro.com.br\/dmastroblog\/wp-content\/uploads\/2022\/10\/Curso-Online-Taro-Numerologia-Arcanica-Del-Martins-DMAstro.jpg","type":"image\/jpeg"}],"twitter_card":"summary_large_image","twitter_site":"@dmastrobrasil","twitter_misc":{"Pre\u00e7o":"&#82;&#36;200,00","Disponibilidade":"Em Estoque"},"schema":{"@context":"https:\/\/schema.org","@graph":[{"@type":"WebPage","@id":"https:\/\/www.dmastro.com.br\/dmastroblog\/produto\/curso-de-taro-com-numerologia-arcanica-de-del-martins\/","url":"https:\/\/www.dmastro.com.br\/dmastroblog\/produto\/curso-de-taro-com-numerologia-arcanica-de-del-martins\/","name":"Curso de Tar\u00f4 Com Numerologia Arc\u00e2nica de Del Martins","isPartOf":{"@id":"https:\/\/www.dmastro.com.br\/dmastroblog\/#website"},"primaryImageOfPage":{"@id":"https:\/\/www.dmastro.com.br\/dmastroblog\/produto\/curso-de-taro-com-numerologia-arcanica-de-del-martins\/#primaryimage"},"image":{"@id":"https:\/\/www.dmastro.com.br\/dmastroblog\/produto\/curso-de-taro-com-numerologia-arcanica-de-del-martins\/#primaryimage"},"thumbnailUrl":"https:\/\/i0.wp.com\/www.dmastro.com.br\/dmastroblog\/wp-content\/uploads\/2022\/10\/Curso-Online-Taro-Numerologia-Arcanica-Del-Martins-DMAstro.jpg?fit=500%2C500&ssl=1","datePublished":"2022-10-01T17:10:45+00:00","dateModified":"2022-10-01T20:09:44+00:00","description":"Curso de Tar\u00f4 Com Numerologia Arc\u00e2nica de Del Martins. O melhor e mais completo do Brasil.","breadcrumb":{"@id":"https:\/\/www.dmastro.com.br\/dmastroblog\/produto\/curso-de-taro-com-numerologia-arcanica-de-del-martins\/#breadcrumb"},"inLanguage":"pt-BR","potentialAction":[{"@type":"ReadAction","target":["https:\/\/www.dmastro.com.br\/dmastroblog\/produto\/curso-de-taro-com-numerologia-arcanica-de-del-martins\/"]}]},{"@type":"ImageObject","inLanguage":"pt-BR","@id":"https:\/\/www.dmastro.com.br\/dmastroblog\/produto\/curso-de-taro-com-numerologia-arcanica-de-del-martins\/#primaryimage","url":"https:\/\/i0.wp.com\/www.dmastro.com.br\/dmastroblog\/wp-content\/uploads\/2022\/10\/Curso-Online-Taro-Numerologia-Arcanica-Del-Martins-DMAstro.jpg?fit=500%2C500&ssl=1","contentUrl":"https:\/\/i0.wp.com\/www.dmastro.com.br\/dmastroblog\/wp-content\/uploads\/2022\/10\/Curso-Online-Taro-Numerologia-Arcanica-Del-Martins-DMAstro.jpg?fit=500%2C500&ssl=1","width":500,"height":500,"caption":"Curso Online Taro Numerologia Arcanica Del Martins DMAstro"},{"@type":"BreadcrumbList","@id":"https:\/\/www.dmastro.com.br\/dmastroblog\/produto\/curso-de-taro-com-numerologia-arcanica-de-del-martins\/#breadcrumb","itemListElement":[{"@type":"ListItem","position":1,"name":"In\u00edcio","item":"https:\/\/www.dmastro.com.br\/dmastroblog\/"},{"@type":"ListItem","position":2,"name":"Loja","item":"https:\/\/www.dmastro.com.br\/dmastroblog\/loja\/"},{"@type":"ListItem","position":3,"name":"Curso de Tar\u00f4 Com Numerologia Arc\u00e2nica de Del Martins"}]},{"@type":"WebSite","@id":"https:\/\/www.dmastro.com.br\/dmastroblog\/#website","url":"https:\/\/www.dmastro.com.br\/dmastroblog\/","name":"DMAstro Brasil","description":"Curso Completo de Forma\u00e7\u00e3o","publisher":{"@id":"https:\/\/www.dmastro.com.br\/dmastroblog\/#organization"},"potentialAction":[{"@type":"SearchAction","target":{"@type":"EntryPoint","urlTemplate":"https:\/\/www.dmastro.com.br\/dmastroblog\/?s={search_term_string}"},"query-input":{"@type":"PropertyValueSpecification","valueRequired":true,"valueName":"search_term_string"}}],"inLanguage":"pt-BR"},{"@type":"Organization","@id":"https:\/\/www.dmastro.com.br\/dmastroblog\/#organization","name":"DMAstro Brasil","url":"https:\/\/www.dmastro.com.br\/dmastroblog\/","logo":{"@type":"ImageObject","inLanguage":"pt-BR","@id":"https:\/\/www.dmastro.com.br\/dmastroblog\/#\/schema\/logo\/image\/","url":"https:\/\/www.dmastro.com.br\/dmastroblog\/wp-content\/uploads\/2018\/12\/logotipo-dmastro-brasil.png","contentUrl":"https:\/\/www.dmastro.com.br\/dmastroblog\/wp-content\/uploads\/2018\/12\/logotipo-dmastro-brasil.png","width":180,"height":180,"caption":"DMAstro Brasil"},"image":{"@id":"https:\/\/www.dmastro.com.br\/dmastroblog\/#\/schema\/logo\/image\/"},"sameAs":["https:\/\/www.facebook.com\/dmastrobr","https:\/\/x.com\/dmastrobrasil","https:\/\/www.instagram.com\/dmastrobrasil\/"]}]},"og_video":"https:\/\/www.youtube.com\/embed\/MDtGAuKVsSs","og_video_type":"text\/html","og_video_duration":"113","og_video_width":"480","og_video_height":"270","ya_ovs_adult":"false","ya_ovs_upload_date":"2022-10-01T17:10:45+00:00","ya_ovs_allow_embed":"true","product_price_amount":"200.00","product_price_currency":"BRL","og_availability":"instock","product_availability":"instock","product_condition":"new"},"jetpack_publicize_connections":[],"jetpack_sharing_enabled":true,"jetpack_likes_enabled":false,"publishpress_future_workflow_manual_trigger":{"enabledWorkflows":[]},"_links":{"self":[{"href":"https:\/\/www.dmastro.com.br\/dmastroblog\/wp-json\/wp\/v2\/product\/9582","targetHints":{"allow":["GET"]}}],"collection":[{"href":"https:\/\/www.dmastro.com.br\/dmastroblog\/wp-json\/wp\/v2\/product"}],"about":[{"href":"https:\/\/www.dmastro.com.br\/dmastroblog\/wp-json\/wp\/v2\/types\/product"}],"replies":[{"embeddable":true,"href":"https:\/\/www.dmastro.com.br\/dmastroblog\/wp-json\/wp\/v2\/comments?post=9582"}],"wp:featuredmedia":[{"embeddable":true,"href":"https:\/\/www.dmastro.com.br\/dmastroblog\/wp-json\/wp\/v2\/media\/9587"}],"wp:attachment":[{"href":"https:\/\/www.dmastro.com.br\/dmastroblog\/wp-json\/wp\/v2\/media?parent=9582"}],"wp:term":[{"taxonomy":"product_brand","embeddable":true,"href":"https:\/\/www.dmastro.com.br\/dmastroblog\/wp-json\/wp\/v2\/product_brand?post=9582"},{"taxonomy":"product_cat","embeddable":true,"href":"https:\/\/www.dmastro.com.br\/dmastroblog\/wp-json\/wp\/v2\/product_cat?post=9582"},{"taxonomy":"product_tag","embeddable":true,"href":"https:\/\/www.dmastro.com.br\/dmastroblog\/wp-json\/wp\/v2\/product_tag?post=9582"}],"curies":[{"name":"wp","href":"https:\/\/api.w.org\/{rel}","templated":true}]}}