{"id":9507,"date":"2022-09-21T23:26:40","date_gmt":"2022-09-22T02:26:40","guid":{"rendered":"https:\/\/www.dmastro.com.br\/dmastroblog\/?post_type=product&#038;p=9507"},"modified":"2022-10-16T18:14:46","modified_gmt":"2022-10-16T21:14:46","slug":"torne-se-um-mestre-supervisao-de-astrologos-de-antonio-facciollo-neto","status":"publish","type":"product","link":"https:\/\/www.dmastro.com.br\/dmastroblog\/produto\/torne-se-um-mestre-supervisao-de-astrologos-de-antonio-facciollo-neto\/","title":{"rendered":"Torne-se um Mestre! Supervis\u00e3o de Astr\u00f3logos de Antonio Facciollo Neto"},"content":{"rendered":"<p style=\"text-align: center;\"><em><strong><span style=\"color: #ff0000; font-size: 18pt;\">Torne-se um Mestre! Supervis\u00e3o de Astr\u00f3logos de Antonio Facciollo Neto<\/span><\/strong><\/em><\/p>\n<p>O melhor e mais completo programa de supervis\u00e3o de astr\u00f3logos com o gr\u00e3o mestre Ant\u00f4nio Facciollo Neto. Venha fazer parte da Elite do Conhecimento essencial para Astr\u00f3logos no Brasil!<\/p>\n<p><img data-recalc-dims=\"1\" loading=\"lazy\" decoding=\"async\" class=\"alignleft wp-image-9515 size-thumbnail\" src=\"https:\/\/i0.wp.com\/www.dmastro.com.br\/dmastroblog\/wp-content\/uploads\/2022\/09\/facci-01.jpg?resize=150%2C150&#038;ssl=1\" alt=\"\" width=\"150\" height=\"150\" srcset=\"https:\/\/i0.wp.com\/www.dmastro.com.br\/dmastroblog\/wp-content\/uploads\/2022\/09\/facci-01.jpg?resize=150%2C150&amp;ssl=1 150w, https:\/\/i0.wp.com\/www.dmastro.com.br\/dmastroblog\/wp-content\/uploads\/2022\/09\/facci-01.jpg?resize=100%2C100&amp;ssl=1 100w, https:\/\/i0.wp.com\/www.dmastro.com.br\/dmastroblog\/wp-content\/uploads\/2022\/09\/facci-01.jpg?resize=32%2C32&amp;ssl=1 32w, https:\/\/i0.wp.com\/www.dmastro.com.br\/dmastroblog\/wp-content\/uploads\/2022\/09\/facci-01.jpg?resize=500%2C500&amp;ssl=1 500w, https:\/\/i0.wp.com\/www.dmastro.com.br\/dmastroblog\/wp-content\/uploads\/2022\/09\/facci-01.jpg?resize=160%2C160&amp;ssl=1 160w, https:\/\/i0.wp.com\/www.dmastro.com.br\/dmastroblog\/wp-content\/uploads\/2022\/09\/facci-01.jpg?zoom=2&amp;resize=150%2C150&amp;ssl=1 300w, https:\/\/i0.wp.com\/www.dmastro.com.br\/dmastroblog\/wp-content\/uploads\/2022\/09\/facci-01.jpg?zoom=3&amp;resize=150%2C150&amp;ssl=1 450w\" sizes=\"auto, (max-width: 150px) 100vw, 150px\" \/>Seu professor ser\u00e1, ANTONIO FACCIOLLO NETO, 69 anos, \u00e9 o mais destacado pioneiro da Astrologia Cient\u00edfica, com mais de 55 anos de trabalhos dedicados \u00e0 profiss\u00e3o, \u00e0 pesquisa e \u00e0 difus\u00e3o desse conhecimento milenar. Iniciou sua vida profissional aos 14 anos de idade e Astr\u00f3logo profissional desde 1959.<\/p>\n<p>Foi iniciado em Astrologia por seu pai, Mariano Facciollo, continuando seus estudos como autodidata; qualificou-se como profissional competente pelo Centro Astrol\u00f3gico de Buenos Aires, com importante trabalho sobre \u201cAs Influ\u00eancias C\u00f3smicas nos Acidentes A\u00e9reos\u201d, onde comprovou cientificamente que 70% dos acidentes a\u00e9reos s\u00e3o provocados por \u00e2ngulos planet\u00e1rios desarm\u00f4nicos, tese confirmada at\u00e9 hoje, inclusive com a crise a\u00e9rea e de aeroportos e os grandes acidentes a\u00e9reos em 2006 e 2007 no Brasil. A partir desse trabalho, o Centro Astrol\u00f3gico de Buenos Aires \u2013 na \u00e9poca o mais importante \u00f3rg\u00e3o astrol\u00f3gico da Am\u00e9rica Latina \u2013 reconheceu o Instituto Paulista de Astrologia como Escola de alto n\u00edvel t\u00e9cnico.<\/p>\n<p>Em 1969, fundou a Ur\u00e2nia-Instituto Paulista de Astrologia, a mais antiga e conceituada Escola de Astrologia do pa\u00eds, da qual \u00e9 at\u00e9 hoje diretor e professor.<\/p>\n<p>Na vanguarda pela moraliza\u00e7\u00e3o da Astrologia no Brasil, foi o principal redator dos Estatutos e do C\u00f3digo de \u00c9tica de seus profissionais.<\/p>\n<p>Fundador, em 1971, da ABA-Ordem Nacional dos Astr\u00f3logos e Cosmo-Analistas, o primeiro e principal \u00f3rg\u00e3o auto regulamentador da classe no Brasil e qualificador do bom profissional de Astrologia. Exerceu por v\u00e1rias gest\u00f5es os cargos de Diretor e Presidente, sendo seu atual Diretor Secret\u00e1rio (2008), e membro vital\u00edcio e remido de seu Conselho Superior.<\/p>\n<p>Torne-se um Mestre! Supervis\u00e3o de Astr\u00f3logos de Antonio Facciollo Neto<\/p>\n<p>O curso funciona no seguinte formato, com 1 aula por semana, ao vivo com os alunos usando o aplicativo Zoom. A aula fica gravada e pronta para o aluno poder ver quantas vezes quiser ou no caso dele faltar. Tamb\u00e9m existe um grupo de alunos no WhatsApp para apoio as aulas e suporte para d\u00favidas. Os alunos recebem um certificado a cada m\u00f3dulo completo do curso e depois um diploma na conclus\u00e3o de todos os m\u00f3dulos da DMAstro. O aluno tamb\u00e9m recebe o e-book de Ervas Medicinais com 150p\u00e1ginas.<\/p>\n<p>As aulas ao vivo de tira d\u00favidas semanais s\u00e3o de 75 minutos, as mensalidade s\u00e3o de R$ 299<\/p>\n<p>Para mais informa\u00e7\u00f5es e inscri\u00e7\u00f5es, ligue para: (11) 96624-8446 ou envie mensagem no WhatsApp. A forma\u00e7\u00e3o se inicia em 28\/10\/2022 e as aulas ser\u00e3o \u00e0s 20:00<\/p>\n<p>&nbsp;<\/p>\n<p style=\"text-align: center;\"><em><strong><span style=\"color: #99ccff; font-size: 18pt;\">O CURSO QUE VAI TRANSFORMAR TODA A SUA VIDA!<\/span><\/strong><\/em><\/p>\n<p style=\"text-align: left;\"><em><strong>Certifica\u00e7\u00e3o:<\/strong><\/em><br \/>\nSer\u00e1 emitido certificado de conclus\u00e3o ao final do curso.<\/p>\n<p><em><strong>Dura\u00e7\u00e3o do acesso:<\/strong><\/em><br \/>\nAcesso a todo o conte\u00fado virtual na plataforma de estudos por at\u00e9 1 ano ap\u00f3s o t\u00e9rmino do curso<\/p>\n<p>O aluno vai participar do grupo de estudos da Astrologia para esclarecer suas d\u00favidas. O participante que n\u00e3o puder estar presente nas aulas, deve elaborar suas d\u00favidas e perguntas e enviar no grupo do WhatsApp antecipadamente. Tais questionamentos ser\u00e3o respondidos durante a aula semanal. As aulas ficar\u00e3o dispon\u00edveis na plataforma de ensino. Voc\u00ea poder\u00e1 acessar os v\u00eddeos integralmente de qualquer lugar!<\/p>\n<p>&nbsp;<\/p>\n<p style=\"text-align: center;\"><em><strong><span style=\"color: #ff0000; font-size: 18pt;\">Torne-se um Mestre! Supervis\u00e3o de Astr\u00f3logos de Antonio Facciollo Neto<\/span><\/strong><\/em><\/p>\n<p><span style=\"color: #ff0000;\"><em><strong>Conte\u00fado Program\u00e1tico<\/strong><\/em><\/span><\/p>\n<p>1 &#8211; A forma\u00e7\u00e3o do Astr\u00f3logo e sua bagagem cultural;<\/p>\n<p>2 &#8211; Prepara\u00e7\u00e3o e Trabalho do Astr\u00f3logo; onde deve ter conhecimentos m\u00ednimos de Astronomia para n\u00e3o ser ridicularizado nos debates p\u00fablicos.<\/p>\n<p>3 &#8211; A Cultura universal, indispens\u00e1vel para melhor ajudar o cliente;<\/p>\n<p>4 &#8211; Essa cultura geral deve incluir , o conhecimento m\u00ednimo dos grandes fil\u00f3sofos, dos grandes psic\u00f3logos e dos grandes legisladores;<\/p>\n<p>5 &#8211; O Conhecimento Herm\u00e9tico, fundamental e arqu\u00e9tipo de toda a doutrina Astrol\u00f3gica.<\/p>\n<p>6 &#8211; Deve o Astr\u00f3logo ter no\u00e7\u00f5es de rem\u00e9dios caseiros, plantas medicinais, de leis existentes, e da pol\u00edtica geral do pa\u00eds para melhor orientar o seu cliente;<\/p>\n<p>7 &#8211; Por\u00e9m, n\u00e3o esquecer que seu trabalho \u00e9 de Astr\u00f3logo, e pode usar tudo isso como complementar, mas nunca virar m\u00e9dico, psic\u00f3logo, ou qualquer outro profissional. \u00c9 a cultura geral que est\u00e1 em jogo para melhor servir ao cliente.<\/p>\n<p>8 &#8211; Se o astr\u00f3logo n\u00e3o tiver a necess\u00e1ria cultura, seu trabalho vai ser visto como de um sensitivo e n\u00e3o de um cultuador de uma ci\u00eancia. E ai vai induzir a uma vis\u00e3o deformada da Astrologia;<\/p>\n<p>9 &#8211; Ter a mente aberta e a intui\u00e7\u00e3o necess\u00e1ria para orientar corretamente;<\/p>\n<p>10 &#8211; Ter \u00e9tica e princ\u00edpios morais s\u00f3lidos, porque o cliente tem que ter confian\u00e7a em seu trabalho.<\/p>\n<p>11 &#8211; Receber por seu trabalho digno, mas ter compaix\u00e3o, e atender algu\u00e9m em necessidade, se n\u00e3o puder pagar pela consulta;<\/p>\n<p>12 &#8211; Em defesa da verdadeira astrologia como ci\u00eancia e arte dever\u00e1 se utilizar somente de fatores c\u00f3smicos reais e n\u00e3o falso astros inexistentes ou duvidosos;<\/p>\n<p>13 &#8211; Deve se utilizar dos crit\u00e9rios da Associa\u00e7\u00e3o Brasileira da Astrologia em sua Home Page, sejam t\u00e9cnicos como \u00e9ticos.<\/p>\n<p>14 &#8211; Nunca induzir o cliente a fazer um trabalho que n\u00e3o se adequa \u00e0s sua necessidades do momento. Tem que ser profissional, e n\u00e3o pensar no seu ganho mas na sua miss\u00e3o com o cliente;<\/p>\n<p>15 &#8211; E no mais, responder perguntas dos astr\u00f3logos que os ajudem a atender melhor seus clientes.<\/p>\n","protected":false},"excerpt":{"rendered":"<p style=\"text-align: center;\"><em><strong><span style=\"color: #ff0000; font-size: 18pt;\">Torne-se um Mestre! Supervis\u00e3o de Astr\u00f3logos de Antonio Facciollo Neto<\/span><\/strong><\/em><\/p>\n<p>O melhor e mais completo programa de supervis\u00e3o de astr\u00f3logos com o gr\u00e3o mestre Ant\u00f4nio Facciollo Neto. Venha fazer parte da Elite do Conhecimento essencial para Astr\u00f3logos no Brasil!<\/p>\n","protected":false},"featured_media":9513,"comment_status":"open","ping_status":"closed","template":"","meta":{"_themeisle_gutenberg_block_has_review":false,"jetpack_post_was_ever_published":false,"jetpack_publicize_message":"","jetpack_publicize_feature_enabled":true,"jetpack_social_post_already_shared":true,"jetpack_social_options":{"image_generator_settings":{"template":"highway","default_image_id":0,"font":"","enabled":false},"version":2}},"product_brand":[],"product_cat":[71,364,66],"product_tag":[76,1327,1391,1394,1390,1393,1395,1392,1415,1414],"class_list":{"0":"post-9507","1":"product","2":"type-product","3":"status-publish","4":"has-post-thumbnail","6":"product_cat-cursos-em-video-de-astrologia","7":"product_cat-curso-online","8":"product_cat-cursos-em-video","9":"product_tag-astrologia","10":"product_tag-astrologos","11":"product_tag-cura","12":"product_tag-doencas","13":"product_tag-ervas-medicinais","14":"product_tag-hermes","15":"product_tag-plantas","16":"product_tag-segredo","17":"product_tag-supervisao","18":"product_tag-supervisao-de-astrologos","19":"post","21":"first","22":"instock","23":"virtual","24":"taxable","25":"purchasable","26":"product-type-simple"},"composite_virtual":false,"composite_layout":"","composite_add_to_cart_form_location":"","composite_editable_in_cart":false,"composite_sold_individually_context":"","composite_shop_price_calc":"","composite_components":[],"composite_scenarios":[],"yoast_head":"<!-- This site is optimized with the Yoast SEO Premium plugin v22.9 (Yoast SEO v27.3) - https:\/\/yoast.com\/product\/yoast-seo-premium-wordpress\/ -->\n<title>Torne-se um Mestre! Supervis\u00e3o de Astr\u00f3logos de Antonio Facciollo Neto<\/title>\n<meta name=\"description\" content=\"O melhor e mais completo programa de supervis\u00e3o de astr\u00f3logos com o gr\u00e3o mestre. Torne-se um Mestre! Supervis\u00e3o de Astr\u00f3logos de Antonio Facciollo Neto\" \/>\n<meta name=\"robots\" content=\"index, follow, max-snippet:-1, max-image-preview:large, max-video-preview:-1\" \/>\n<link rel=\"canonical\" href=\"https:\/\/www.dmastro.com.br\/dmastroblog\/produto\/torne-se-um-mestre-supervisao-de-astrologos-de-antonio-facciollo-neto\/\" \/>\n<meta property=\"og:locale\" content=\"pt_BR\" \/>\n<meta property=\"og:type\" content=\"article\" \/>\n<meta property=\"og:title\" content=\"Torne-se um Mestre! Supervis\u00e3o de Astr\u00f3logos de Antonio Facciollo Neto\" \/>\n<meta property=\"og:description\" content=\"O melhor e mais completo programa de supervis\u00e3o de astr\u00f3logos com o gr\u00e3o mestre. Torne-se um Mestre! Supervis\u00e3o de Astr\u00f3logos de Antonio Facciollo Neto\" \/>\n<meta property=\"og:url\" content=\"https:\/\/www.dmastro.com.br\/dmastroblog\/produto\/torne-se-um-mestre-supervisao-de-astrologos-de-antonio-facciollo-neto\/\" \/>\n<meta property=\"og:site_name\" content=\"Escola de Astrologia DMAstro\" \/>\n<meta property=\"article:publisher\" content=\"https:\/\/www.facebook.com\/dmastrobr\" \/>\n<meta property=\"article:modified_time\" content=\"2022-10-16T21:14:46+00:00\" \/>\n<meta property=\"og:image\" content=\"https:\/\/www.dmastro.com.br\/dmastroblog\/wp-content\/uploads\/2022\/09\/antonio-facciollo-neto.jpg\" \/>\n\t<meta property=\"og:image:width\" content=\"330\" \/>\n\t<meta property=\"og:image:height\" content=\"441\" \/>\n\t<meta property=\"og:image:type\" content=\"image\/jpeg\" \/>\n<meta name=\"twitter:card\" content=\"summary_large_image\" \/>\n<meta name=\"twitter:site\" content=\"@dmastrobrasil\" \/>\n<meta name=\"twitter:label1\" content=\"Pre\u00e7o\" \/>\n\t<meta name=\"twitter:data1\" content=\"&#082;&#036;299,00\" \/>\n\t<meta name=\"twitter:label2\" content=\"Disponibilidade\" \/>\n\t<meta name=\"twitter:data2\" content=\"Em Estoque\" \/>\n<script type=\"application\/ld+json\" class=\"yoast-schema-graph\">{\"@context\":\"https:\\\/\\\/schema.org\",\"@graph\":[{\"@type\":\"WebPage\",\"@id\":\"https:\\\/\\\/www.dmastro.com.br\\\/dmastroblog\\\/produto\\\/torne-se-um-mestre-supervisao-de-astrologos-de-antonio-facciollo-neto\\\/\",\"url\":\"https:\\\/\\\/www.dmastro.com.br\\\/dmastroblog\\\/produto\\\/torne-se-um-mestre-supervisao-de-astrologos-de-antonio-facciollo-neto\\\/\",\"name\":\"Torne-se um Mestre! Supervis\u00e3o de Astr\u00f3logos de Antonio Facciollo Neto\",\"isPartOf\":{\"@id\":\"https:\\\/\\\/www.dmastro.com.br\\\/dmastroblog\\\/#website\"},\"primaryImageOfPage\":{\"@id\":\"https:\\\/\\\/www.dmastro.com.br\\\/dmastroblog\\\/produto\\\/torne-se-um-mestre-supervisao-de-astrologos-de-antonio-facciollo-neto\\\/#primaryimage\"},\"image\":{\"@id\":\"https:\\\/\\\/www.dmastro.com.br\\\/dmastroblog\\\/produto\\\/torne-se-um-mestre-supervisao-de-astrologos-de-antonio-facciollo-neto\\\/#primaryimage\"},\"thumbnailUrl\":\"https:\\\/\\\/i0.wp.com\\\/www.dmastro.com.br\\\/dmastroblog\\\/wp-content\\\/uploads\\\/2022\\\/09\\\/antonio-facciollo-neto.jpg?fit=330%2C441&ssl=1\",\"datePublished\":\"2022-09-22T02:26:40+00:00\",\"dateModified\":\"2022-10-16T21:14:46+00:00\",\"description\":\"O melhor e mais completo programa de supervis\u00e3o de astr\u00f3logos com o gr\u00e3o mestre. Torne-se um Mestre! Supervis\u00e3o de Astr\u00f3logos de Antonio Facciollo Neto\",\"breadcrumb\":{\"@id\":\"https:\\\/\\\/www.dmastro.com.br\\\/dmastroblog\\\/produto\\\/torne-se-um-mestre-supervisao-de-astrologos-de-antonio-facciollo-neto\\\/#breadcrumb\"},\"inLanguage\":\"pt-BR\",\"potentialAction\":[{\"@type\":\"ReadAction\",\"target\":[\"https:\\\/\\\/www.dmastro.com.br\\\/dmastroblog\\\/produto\\\/torne-se-um-mestre-supervisao-de-astrologos-de-antonio-facciollo-neto\\\/\"]}]},{\"@type\":\"ImageObject\",\"inLanguage\":\"pt-BR\",\"@id\":\"https:\\\/\\\/www.dmastro.com.br\\\/dmastroblog\\\/produto\\\/torne-se-um-mestre-supervisao-de-astrologos-de-antonio-facciollo-neto\\\/#primaryimage\",\"url\":\"https:\\\/\\\/i0.wp.com\\\/www.dmastro.com.br\\\/dmastroblog\\\/wp-content\\\/uploads\\\/2022\\\/09\\\/antonio-facciollo-neto.jpg?fit=330%2C441&ssl=1\",\"contentUrl\":\"https:\\\/\\\/i0.wp.com\\\/www.dmastro.com.br\\\/dmastroblog\\\/wp-content\\\/uploads\\\/2022\\\/09\\\/antonio-facciollo-neto.jpg?fit=330%2C441&ssl=1\",\"width\":330,\"height\":441},{\"@type\":\"BreadcrumbList\",\"@id\":\"https:\\\/\\\/www.dmastro.com.br\\\/dmastroblog\\\/produto\\\/torne-se-um-mestre-supervisao-de-astrologos-de-antonio-facciollo-neto\\\/#breadcrumb\",\"itemListElement\":[{\"@type\":\"ListItem\",\"position\":1,\"name\":\"In\u00edcio\",\"item\":\"https:\\\/\\\/www.dmastro.com.br\\\/dmastroblog\\\/\"},{\"@type\":\"ListItem\",\"position\":2,\"name\":\"Loja\",\"item\":\"https:\\\/\\\/www.dmastro.com.br\\\/dmastroblog\\\/loja\\\/\"},{\"@type\":\"ListItem\",\"position\":3,\"name\":\"Torne-se um Mestre! Supervis\u00e3o de Astr\u00f3logos de Antonio Facciollo Neto\"}]},{\"@type\":\"WebSite\",\"@id\":\"https:\\\/\\\/www.dmastro.com.br\\\/dmastroblog\\\/#website\",\"url\":\"https:\\\/\\\/www.dmastro.com.br\\\/dmastroblog\\\/\",\"name\":\"DMAstro Brasil\",\"description\":\"Curso Completo de Forma\u00e7\u00e3o\",\"publisher\":{\"@id\":\"https:\\\/\\\/www.dmastro.com.br\\\/dmastroblog\\\/#organization\"},\"potentialAction\":[{\"@type\":\"SearchAction\",\"target\":{\"@type\":\"EntryPoint\",\"urlTemplate\":\"https:\\\/\\\/www.dmastro.com.br\\\/dmastroblog\\\/?s={search_term_string}\"},\"query-input\":{\"@type\":\"PropertyValueSpecification\",\"valueRequired\":true,\"valueName\":\"search_term_string\"}}],\"inLanguage\":\"pt-BR\"},{\"@type\":\"Organization\",\"@id\":\"https:\\\/\\\/www.dmastro.com.br\\\/dmastroblog\\\/#organization\",\"name\":\"DMAstro Brasil\",\"url\":\"https:\\\/\\\/www.dmastro.com.br\\\/dmastroblog\\\/\",\"logo\":{\"@type\":\"ImageObject\",\"inLanguage\":\"pt-BR\",\"@id\":\"https:\\\/\\\/www.dmastro.com.br\\\/dmastroblog\\\/#\\\/schema\\\/logo\\\/image\\\/\",\"url\":\"https:\\\/\\\/www.dmastro.com.br\\\/dmastroblog\\\/wp-content\\\/uploads\\\/2018\\\/12\\\/logotipo-dmastro-brasil.png\",\"contentUrl\":\"https:\\\/\\\/www.dmastro.com.br\\\/dmastroblog\\\/wp-content\\\/uploads\\\/2018\\\/12\\\/logotipo-dmastro-brasil.png\",\"width\":180,\"height\":180,\"caption\":\"DMAstro Brasil\"},\"image\":{\"@id\":\"https:\\\/\\\/www.dmastro.com.br\\\/dmastroblog\\\/#\\\/schema\\\/logo\\\/image\\\/\"},\"sameAs\":[\"https:\\\/\\\/www.facebook.com\\\/dmastrobr\",\"https:\\\/\\\/x.com\\\/dmastrobrasil\",\"https:\\\/\\\/www.instagram.com\\\/dmastrobrasil\\\/\"]}]}<\/script>\n<meta property=\"product:price:amount\" content=\"299.00\" \/>\n<meta property=\"product:price:currency\" content=\"BRL\" \/>\n<meta property=\"og:availability\" content=\"instock\" \/>\n<meta property=\"product:availability\" content=\"instock\" \/>\n<meta property=\"product:condition\" content=\"new\" \/>\n<!-- \/ Yoast SEO Premium plugin. -->","yoast_head_json":{"title":"Torne-se um Mestre! Supervis\u00e3o de Astr\u00f3logos de Antonio Facciollo Neto","description":"O melhor e mais completo programa de supervis\u00e3o de astr\u00f3logos com o gr\u00e3o mestre. Torne-se um Mestre! Supervis\u00e3o de Astr\u00f3logos de Antonio Facciollo Neto","robots":{"index":"index","follow":"follow","max-snippet":"max-snippet:-1","max-image-preview":"max-image-preview:large","max-video-preview":"max-video-preview:-1"},"canonical":"https:\/\/www.dmastro.com.br\/dmastroblog\/produto\/torne-se-um-mestre-supervisao-de-astrologos-de-antonio-facciollo-neto\/","og_locale":"pt_BR","og_type":"article","og_title":"Torne-se um Mestre! Supervis\u00e3o de Astr\u00f3logos de Antonio Facciollo Neto","og_description":"O melhor e mais completo programa de supervis\u00e3o de astr\u00f3logos com o gr\u00e3o mestre. Torne-se um Mestre! Supervis\u00e3o de Astr\u00f3logos de Antonio Facciollo Neto","og_url":"https:\/\/www.dmastro.com.br\/dmastroblog\/produto\/torne-se-um-mestre-supervisao-de-astrologos-de-antonio-facciollo-neto\/","og_site_name":"Escola de Astrologia DMAstro","article_publisher":"https:\/\/www.facebook.com\/dmastrobr","article_modified_time":"2022-10-16T21:14:46+00:00","og_image":[{"width":330,"height":441,"url":"https:\/\/www.dmastro.com.br\/dmastroblog\/wp-content\/uploads\/2022\/09\/antonio-facciollo-neto.jpg","type":"image\/jpeg"}],"twitter_card":"summary_large_image","twitter_site":"@dmastrobrasil","twitter_misc":{"Pre\u00e7o":"&#82;&#36;299,00","Disponibilidade":"Em Estoque"},"schema":{"@context":"https:\/\/schema.org","@graph":[{"@type":"WebPage","@id":"https:\/\/www.dmastro.com.br\/dmastroblog\/produto\/torne-se-um-mestre-supervisao-de-astrologos-de-antonio-facciollo-neto\/","url":"https:\/\/www.dmastro.com.br\/dmastroblog\/produto\/torne-se-um-mestre-supervisao-de-astrologos-de-antonio-facciollo-neto\/","name":"Torne-se um Mestre! Supervis\u00e3o de Astr\u00f3logos de Antonio Facciollo Neto","isPartOf":{"@id":"https:\/\/www.dmastro.com.br\/dmastroblog\/#website"},"primaryImageOfPage":{"@id":"https:\/\/www.dmastro.com.br\/dmastroblog\/produto\/torne-se-um-mestre-supervisao-de-astrologos-de-antonio-facciollo-neto\/#primaryimage"},"image":{"@id":"https:\/\/www.dmastro.com.br\/dmastroblog\/produto\/torne-se-um-mestre-supervisao-de-astrologos-de-antonio-facciollo-neto\/#primaryimage"},"thumbnailUrl":"https:\/\/i0.wp.com\/www.dmastro.com.br\/dmastroblog\/wp-content\/uploads\/2022\/09\/antonio-facciollo-neto.jpg?fit=330%2C441&ssl=1","datePublished":"2022-09-22T02:26:40+00:00","dateModified":"2022-10-16T21:14:46+00:00","description":"O melhor e mais completo programa de supervis\u00e3o de astr\u00f3logos com o gr\u00e3o mestre. Torne-se um Mestre! Supervis\u00e3o de Astr\u00f3logos de Antonio Facciollo Neto","breadcrumb":{"@id":"https:\/\/www.dmastro.com.br\/dmastroblog\/produto\/torne-se-um-mestre-supervisao-de-astrologos-de-antonio-facciollo-neto\/#breadcrumb"},"inLanguage":"pt-BR","potentialAction":[{"@type":"ReadAction","target":["https:\/\/www.dmastro.com.br\/dmastroblog\/produto\/torne-se-um-mestre-supervisao-de-astrologos-de-antonio-facciollo-neto\/"]}]},{"@type":"ImageObject","inLanguage":"pt-BR","@id":"https:\/\/www.dmastro.com.br\/dmastroblog\/produto\/torne-se-um-mestre-supervisao-de-astrologos-de-antonio-facciollo-neto\/#primaryimage","url":"https:\/\/i0.wp.com\/www.dmastro.com.br\/dmastroblog\/wp-content\/uploads\/2022\/09\/antonio-facciollo-neto.jpg?fit=330%2C441&ssl=1","contentUrl":"https:\/\/i0.wp.com\/www.dmastro.com.br\/dmastroblog\/wp-content\/uploads\/2022\/09\/antonio-facciollo-neto.jpg?fit=330%2C441&ssl=1","width":330,"height":441},{"@type":"BreadcrumbList","@id":"https:\/\/www.dmastro.com.br\/dmastroblog\/produto\/torne-se-um-mestre-supervisao-de-astrologos-de-antonio-facciollo-neto\/#breadcrumb","itemListElement":[{"@type":"ListItem","position":1,"name":"In\u00edcio","item":"https:\/\/www.dmastro.com.br\/dmastroblog\/"},{"@type":"ListItem","position":2,"name":"Loja","item":"https:\/\/www.dmastro.com.br\/dmastroblog\/loja\/"},{"@type":"ListItem","position":3,"name":"Torne-se um Mestre! Supervis\u00e3o de Astr\u00f3logos de Antonio Facciollo Neto"}]},{"@type":"WebSite","@id":"https:\/\/www.dmastro.com.br\/dmastroblog\/#website","url":"https:\/\/www.dmastro.com.br\/dmastroblog\/","name":"DMAstro Brasil","description":"Curso Completo de Forma\u00e7\u00e3o","publisher":{"@id":"https:\/\/www.dmastro.com.br\/dmastroblog\/#organization"},"potentialAction":[{"@type":"SearchAction","target":{"@type":"EntryPoint","urlTemplate":"https:\/\/www.dmastro.com.br\/dmastroblog\/?s={search_term_string}"},"query-input":{"@type":"PropertyValueSpecification","valueRequired":true,"valueName":"search_term_string"}}],"inLanguage":"pt-BR"},{"@type":"Organization","@id":"https:\/\/www.dmastro.com.br\/dmastroblog\/#organization","name":"DMAstro Brasil","url":"https:\/\/www.dmastro.com.br\/dmastroblog\/","logo":{"@type":"ImageObject","inLanguage":"pt-BR","@id":"https:\/\/www.dmastro.com.br\/dmastroblog\/#\/schema\/logo\/image\/","url":"https:\/\/www.dmastro.com.br\/dmastroblog\/wp-content\/uploads\/2018\/12\/logotipo-dmastro-brasil.png","contentUrl":"https:\/\/www.dmastro.com.br\/dmastroblog\/wp-content\/uploads\/2018\/12\/logotipo-dmastro-brasil.png","width":180,"height":180,"caption":"DMAstro Brasil"},"image":{"@id":"https:\/\/www.dmastro.com.br\/dmastroblog\/#\/schema\/logo\/image\/"},"sameAs":["https:\/\/www.facebook.com\/dmastrobr","https:\/\/x.com\/dmastrobrasil","https:\/\/www.instagram.com\/dmastrobrasil\/"]}]},"product_price_amount":"299.00","product_price_currency":"BRL","og_availability":"instock","product_availability":"instock","product_condition":"new"},"jetpack_publicize_connections":[],"jetpack_sharing_enabled":true,"jetpack_likes_enabled":false,"publishpress_future_workflow_manual_trigger":{"enabledWorkflows":[]},"_links":{"self":[{"href":"https:\/\/www.dmastro.com.br\/dmastroblog\/wp-json\/wp\/v2\/product\/9507","targetHints":{"allow":["GET"]}}],"collection":[{"href":"https:\/\/www.dmastro.com.br\/dmastroblog\/wp-json\/wp\/v2\/product"}],"about":[{"href":"https:\/\/www.dmastro.com.br\/dmastroblog\/wp-json\/wp\/v2\/types\/product"}],"replies":[{"embeddable":true,"href":"https:\/\/www.dmastro.com.br\/dmastroblog\/wp-json\/wp\/v2\/comments?post=9507"}],"wp:featuredmedia":[{"embeddable":true,"href":"https:\/\/www.dmastro.com.br\/dmastroblog\/wp-json\/wp\/v2\/media\/9513"}],"wp:attachment":[{"href":"https:\/\/www.dmastro.com.br\/dmastroblog\/wp-json\/wp\/v2\/media?parent=9507"}],"wp:term":[{"taxonomy":"product_brand","embeddable":true,"href":"https:\/\/www.dmastro.com.br\/dmastroblog\/wp-json\/wp\/v2\/product_brand?post=9507"},{"taxonomy":"product_cat","embeddable":true,"href":"https:\/\/www.dmastro.com.br\/dmastroblog\/wp-json\/wp\/v2\/product_cat?post=9507"},{"taxonomy":"product_tag","embeddable":true,"href":"https:\/\/www.dmastro.com.br\/dmastroblog\/wp-json\/wp\/v2\/product_tag?post=9507"}],"curies":[{"name":"wp","href":"https:\/\/api.w.org\/{rel}","templated":true}]}}