{"id":8985,"date":"2022-05-07T12:59:57","date_gmt":"2022-05-07T15:59:57","guid":{"rendered":"https:\/\/www.dmastro.com.br\/dmastroblog\/?post_type=product&#038;p=8985"},"modified":"2022-06-23T15:07:09","modified_gmt":"2022-06-23T18:07:09","slug":"curso-de-astrologia-babilonica-de-rumen-kolev-na-escola-de-astrologia-dmastro","status":"publish","type":"product","link":"https:\/\/www.dmastro.com.br\/dmastroblog\/produto\/curso-de-astrologia-babilonica-de-rumen-kolev-na-escola-de-astrologia-dmastro\/","title":{"rendered":"Curso de Astrologia Babil\u00f4nica de Rumen Kolev"},"content":{"rendered":"<p style=\"text-align: center;\"><em><strong><span style=\"color: #ff0000; font-size: 18pt;\">Curso de Astrologia Babil\u00f4nica de Rumen Kolev na Escola de Astrologia DMAstro <\/span><\/strong><\/em><\/p>\n<p>A Escola de Astrologia e Esoterismo DMAstro tem a honra de apresentar Rumen Kolev \u2013 Matem\u00e1tico e Mestre de Astrologia Babil\u00f4nica \u00e9 reconhecido por todos os astr\u00f3logos s\u00e9rios do mundo! Grandes nomes da astrologia de todo o mundo viajam milhares de quil\u00f4metros para assistir \u00e0s palestras de Rumen ou encomendar seus livros sobre astrologia antiga. Rumen reviveu e trouxe de volta \u00e0 exist\u00eancia o conhecimento esquecido da antiga astrologia sum\u00e9ria, eg\u00edpcia e babil\u00f4nica atrav\u00e9s de suas tradu\u00e7\u00f5es de manuscritos perdidos do latim, grego antigo e acadiano. Rumen vai ensinar a astrologia babil\u00f4nica \u2013 observando as estrelas a olho nu, em vez de apenas atrav\u00e9s de software, interpretar os press\u00e1gios das estrelas da maneira que os videntes antigos faziam, observando o brilho das estrelas, a cor dos planetas e nuvens em momentos espec\u00edficos, lendo a simbologia das constela\u00e7\u00f5es. Rumen usa o zod\u00edaco sideral babil\u00f4nico e conta a hist\u00f3ria da vida atrav\u00e9s das imagens dos c\u00e9us.<\/p>\n<p>Rumen \u00e9 o professor de muitos professores &#8211; Tzvetemira Borisova, Trifon Nikolov, Krasi Attasia e tem alunos pelo mundo todo. Ele gentilmente concordou em criar um curso exclusivo de astrologia babil\u00f4nica para os alunos da DMAstro!<\/p>\n<p>Rumen vai ensinar a astrologia observacional &#8211; observando as estrelas a olho nu, em vez de apenas atrav\u00e9s de software, interpretar os press\u00e1gios das estrelas da maneira que os videntes antigos faziam, observando o brilho das estrelas, a cor dos planetas e nuvens em momentos espec\u00edficos, lendo a simbologia das constela\u00e7\u00f5es. Rumen usa o zod\u00edaco sideral babil\u00f4nico e conta a hist\u00f3ria da vida atrav\u00e9s das imagens dos c\u00e9us. Por exemplo, ter seu Sol ou Ascendente nos chifres de um dos animais das constela\u00e7\u00f5es de \u00c1ries, Touro ou Capric\u00f3rnio o deixar\u00e1 literalmente excit\u00e1vel! Ter um planeta proeminente no cora\u00e7\u00e3o do Le\u00e3o, far\u00e1 de voc\u00ea um l\u00edder nesta vida, ter um fator importante do hor\u00f3scopo na constela\u00e7\u00e3o de Lira, lhe dar\u00e1 um talento musical extraordin\u00e1rio. Insights incr\u00edveis de um pesquisador de ponta e astrologia LEND\u00c1RIA Rumen Kolev!<\/p>\n<p>Rumen Kolev tamb\u00e9m criou um software \u00fanico: Placidus que \u00e9 o \u00fanico no mundo programado com antigos m\u00e9todos de astrologia, fases helicoidais, constela\u00e7\u00f5es do zod\u00edaco babil\u00f4nico, profec\u00e7\u00f5es, dire\u00e7\u00f5es prim\u00e1rias e muito mais.<\/p>\n<p>Rumen tamb\u00e9m \u00e9 autor de v\u00e1rios livros, incluindo o reconhecido mundialmente &#8220;The Babylonian Astrolabe &#8211;\u00a0 The Calendar of Creation&#8221;<\/p>\n<p>A grava\u00e7\u00e3o da aula tamb\u00e9m \u00e9 disponibilizada ao aluno para ver quantas vezes quiser.<\/p>\n<p>Certificado de Conclus\u00e3o da DMAstro.<\/p>\n<p>O curso tem dura\u00e7\u00e3o de 4 semanas. O Valor \u00e9 de R$ 600. S\u00e3o 2 horas de aula por semana.<\/p>\n<p>Para mais informa\u00e7\u00f5es e inscri\u00e7\u00f5es, ligue para: (11) 96624-8446 ou envie mensagem no Whatsapp<\/p>\n<p>&nbsp;<\/p>\n<p style=\"text-align: center;\"><em><strong><span style=\"color: #ff0000; font-size: 18pt;\">Curso de Astrologia Babil\u00f4nica de Rumen Kolev na Escola de Astrologia DMAstro<\/span><\/strong><\/em><\/p>\n<p style=\"text-align: center;\"><span style=\"color: #ff0000; font-size: 14pt;\"><strong>Conte\u00fado Program\u00e1tico Detalhado<\/strong><\/span><\/p>\n<p><em><strong>INTRODU\u00c7\u00c3O<\/strong><\/em><\/p>\n<p><em><strong>PRINC\u00cdPIOS DA ASTROLOGIA BABIL\u00d4NICA<\/strong><\/em><\/p>\n<p>Observa\u00e7\u00e3o.<br \/>\nA Metaf\u00edsica do C\u00e9u.<br \/>\nAs Divindades como Princ\u00edpios do Cosmos.<\/p>\n<p>Mesopot\u00e2mia: Per\u00edodos Hist\u00f3ricos, Geografia, L\u00ednguas, Escrita, Religi\u00e3o, Cosmologia.<br \/>\nFontes e Textos.<br \/>\nO Primeiro, Segundo e Terceiro Hermes. Suas \u00e9pocas e legado. As lendas e os fatos.<br \/>\nO objetivo do antigo astr\u00f3logo. O \u201cSegredo do C\u00e9u e da Terra\u201d.<br \/>\nAs Divindades da Mesopot\u00e2mia. Como reconhec\u00ea-los nos relevos, selos e est\u00e1tuas.<br \/>\nIconografia da Sum\u00e9ria e Babil\u00f4nia.<br \/>\nOs sete deuses e deusas que \u201cdecidem os destinos\u201d de tudo e de todos.<br \/>\nAnu, Enlil, Enki, Ninmah, Nana, Utu, Inanna<br \/>\nO resto das divindades.<br \/>\nAs Divindades que se revelam nos Planetas:<br \/>\nSin, Shamash, Ishtar, Marduk, Ninurta, Nergal, Nabu.<br \/>\nAs Divindades se revelando nas Constela\u00e7\u00f5es.<br \/>\nOs deuses-protetores e os dem\u00f4nios. Sebittu as Pl\u00eaiades.<br \/>\nIlu ameli e Ishtar ameli. Os \u2018deuses e deusas pessoais\u2019 (os anjos gardianos).<br \/>\nOs n\u00fameros, s\u00edmbolos e bestas das divindades.<br \/>\nOs mitos.<br \/>\nAs divindades dos planetas, estrelas e constela\u00e7\u00f5es.<br \/>\nO Zod\u00edaco Babil\u00f4nico.<br \/>\nAs divindades do zod\u00edaco. O sonho do rei-sacerdote Gudea (2100 aC) e sua interpreta\u00e7\u00e3o.<br \/>\nO Calend\u00e1rio da Mesopot\u00e2mia em diferentes \u00e9pocas.<br \/>\nO Culto e o Ritual.<br \/>\nOs dias lunares das divindades.<br \/>\nMagia Astral e Astrologia Lunar na Mesopot\u00e2mia.<\/p>\n<p>Divis\u00e3o do Tempo e do Espa\u00e7o.<br \/>\nDivis\u00e3o do ano, do m\u00eas, dos dias e dos rel\u00f3gios.<br \/>\nO calend\u00e1rio.<br \/>\nAs divindades das divis\u00f5es do tempo.<br \/>\nO Ciclo da Vida.<br \/>\nA Estrutura do Ciclo.<br \/>\nO desenvolvimento do Ciclo.<br \/>\nAs Fases do Ciclo.<br \/>\nAs cinco \u00e9pocas. Ouro, Prata, Bronze, Ferro, Lama<\/p>\n<p>Os pan-babil\u00f4nicos.<br \/>\nA Filosofia e a Astro-Sofia da Mesopot\u00e2mia. Princ\u00edpios:<br \/>\nA Doutrina do Ciclo. O ciclo perfeito e sua divis\u00e3o.<br \/>\nA doutrina das Eras.<br \/>\nN\u00famero, Nome e Destino.<br \/>\nC\u00e9u e Terra. Sua Unidade.<br \/>\nOs signos no c\u00e9u e os signos na terra. Interpreta\u00e7\u00e3o dos sinais.<br \/>\nO pressagio. Estrutura e significado. Cole\u00e7\u00f5es de press\u00e1gios.<br \/>\nEnuma Anu Enlil &#8211; descri\u00e7\u00e3o.<\/p>\n<p><em><strong><span style=\"color: #ff0000; font-size: 18pt;\">Curso de Astrologia Babil\u00f4nica de Rumen Kolev na Escola de Astrologia DMAstro<\/span><\/strong><\/em><\/p>\n","protected":false},"excerpt":{"rendered":"<p style=\"text-align: center;\"><em><strong><span style=\"color: #ff0000; font-size: 18pt;\">Curso de Astrologia Babil\u00f4nica de Rumen Kolev na Escola de Astrologia DMAstro<\/span><\/strong><\/em><\/p>\n<p>A Escola de Astrologia e Esoterismo DMAstro tem a honra de apresentar Rumen Kolev &#8211; Matem\u00e1tico e Mestre da Astrologia \u00e9 um dos estudiosos de astrologia mais conhecidos por todos os astr\u00f3logos s\u00e9rios do mundo! Grandes nomes da astrologia de todo o mundo viajam milhares de quil\u00f4metros para assistir \u00e0s palestras de Rumen ou encomendar seus livros sobre astrologia antiga. Rumen reviveu e trouxe de volta \u00e0 exist\u00eancia o conhecimento esquecido da antiga astrologia sum\u00e9ria, eg\u00edpcia e babil\u00f4nica atrav\u00e9s de suas tradu\u00e7\u00f5es de manuscritos perdidos do latim, grego antigo e acadiano.<\/p>\n<p>Rumen vai ensinar a astrologia babil\u00f4nica &#8211; observando as estrelas a olho nu, em vez de apenas atrav\u00e9s de software, interpretar os press\u00e1gios das estrelas da maneira que os videntes antigos faziam, observando o brilho das estrelas, a cor dos planetas e nuvens em momentos espec\u00edficos, lendo a simbologia das constela\u00e7\u00f5es. Rumen usa o zod\u00edaco sideral babil\u00f4nico e conta a hist\u00f3ria da vida atrav\u00e9s das imagens dos c\u00e9us.<\/p>\n<p>O curso tem dura\u00e7\u00e3o de 4 semanas. O Valor \u00e9 de R$ 600. S\u00e3o 2 horas de aula por semana.<\/p>\n<p>Para mais informa\u00e7\u00f5es e \/ ou inscri\u00e7\u00f5es, ligue para: (11) 96624-8446 ou envie mensagem no Whatsapp<\/p>\n","protected":false},"featured_media":8989,"comment_status":"open","ping_status":"closed","template":"","meta":{"_themeisle_gutenberg_block_has_review":false,"jetpack_post_was_ever_published":false,"jetpack_publicize_message":"","jetpack_publicize_feature_enabled":true,"jetpack_social_post_already_shared":true,"jetpack_social_options":{"image_generator_settings":{"template":"highway","default_image_id":0,"font":"","enabled":false},"version":2}},"product_brand":[],"product_cat":[71,1274,1275,364,66,1273],"product_tag":[1276,1277],"class_list":{"0":"post-8985","1":"product","2":"type-product","3":"status-publish","4":"has-post-thumbnail","6":"product_cat-cursos-em-video-de-astrologia","7":"product_cat-astrologia-babilonica","8":"product_cat-astrologia-babilonica-cursos-em-video","9":"product_cat-curso-online","10":"product_cat-cursos-em-video","11":"product_cat-rumen-kolev","12":"product_tag-astrologia-babilonica","13":"product_tag-rumen-kolev","14":"post","16":"first","17":"instock","18":"virtual","19":"taxable","20":"purchasable","21":"product-type-simple"},"composite_virtual":false,"composite_layout":"","composite_add_to_cart_form_location":"","composite_editable_in_cart":false,"composite_sold_individually_context":"","composite_shop_price_calc":"","composite_components":[],"composite_scenarios":[],"yoast_head":"<!-- This site is optimized with the Yoast SEO Premium plugin v22.9 (Yoast SEO v27.3) - https:\/\/yoast.com\/product\/yoast-seo-premium-wordpress\/ -->\n<title>Curso de Astrologia Babil\u00f4nica de Rumen Kolev<\/title>\n<meta name=\"description\" content=\"Curso de Astrologia Babil\u00f4nica de Rumen Kolev o mais completo do Mundo. Fa\u00e7a parte da Elite da Astrologia na Escola de Astrologia DMAstro.\" \/>\n<meta name=\"robots\" content=\"index, follow, max-snippet:-1, max-image-preview:large, max-video-preview:-1\" \/>\n<link rel=\"canonical\" href=\"https:\/\/www.dmastro.com.br\/dmastroblog\/produto\/curso-de-astrologia-babilonica-de-rumen-kolev-na-escola-de-astrologia-dmastro\/\" \/>\n<meta property=\"og:locale\" content=\"pt_BR\" \/>\n<meta property=\"og:type\" content=\"article\" \/>\n<meta property=\"og:title\" content=\"Curso de Astrologia Babil\u00f4nica de Rumen Kolev\" \/>\n<meta property=\"og:description\" content=\"Curso de Astrologia Babil\u00f4nica de Rumen Kolev o mais completo do Mundo. Fa\u00e7a parte da Elite da Astrologia na Escola de Astrologia DMAstro.\" \/>\n<meta property=\"og:url\" content=\"https:\/\/www.dmastro.com.br\/dmastroblog\/produto\/curso-de-astrologia-babilonica-de-rumen-kolev-na-escola-de-astrologia-dmastro\/\" \/>\n<meta property=\"og:site_name\" content=\"Escola de Astrologia DMAstro\" \/>\n<meta property=\"article:publisher\" content=\"https:\/\/www.facebook.com\/dmastrobr\" \/>\n<meta property=\"article:modified_time\" content=\"2022-06-23T18:07:09+00:00\" \/>\n<meta property=\"og:image\" content=\"https:\/\/www.dmastro.com.br\/dmastroblog\/wp-content\/uploads\/2022\/05\/Curso-de-Astrologia-Babilonica-Rumen-Kolev-DMAstro.jpg\" \/>\n\t<meta property=\"og:image:width\" content=\"1000\" \/>\n\t<meta property=\"og:image:height\" content=\"1000\" \/>\n\t<meta property=\"og:image:type\" content=\"image\/jpeg\" \/>\n<meta name=\"twitter:card\" content=\"summary_large_image\" \/>\n<meta name=\"twitter:site\" content=\"@dmastrobrasil\" \/>\n<meta name=\"twitter:label1\" content=\"Pre\u00e7o\" \/>\n\t<meta name=\"twitter:data1\" content=\"&#082;&#036;600,00\" \/>\n\t<meta name=\"twitter:label2\" content=\"Disponibilidade\" \/>\n\t<meta name=\"twitter:data2\" content=\"Em Estoque\" \/>\n<script type=\"application\/ld+json\" class=\"yoast-schema-graph\">{\"@context\":\"https:\\\/\\\/schema.org\",\"@graph\":[{\"@type\":\"WebPage\",\"@id\":\"https:\\\/\\\/www.dmastro.com.br\\\/dmastroblog\\\/produto\\\/curso-de-astrologia-babilonica-de-rumen-kolev-na-escola-de-astrologia-dmastro\\\/\",\"url\":\"https:\\\/\\\/www.dmastro.com.br\\\/dmastroblog\\\/produto\\\/curso-de-astrologia-babilonica-de-rumen-kolev-na-escola-de-astrologia-dmastro\\\/\",\"name\":\"Curso de Astrologia Babil\u00f4nica de Rumen Kolev\",\"isPartOf\":{\"@id\":\"https:\\\/\\\/www.dmastro.com.br\\\/dmastroblog\\\/#website\"},\"primaryImageOfPage\":{\"@id\":\"https:\\\/\\\/www.dmastro.com.br\\\/dmastroblog\\\/produto\\\/curso-de-astrologia-babilonica-de-rumen-kolev-na-escola-de-astrologia-dmastro\\\/#primaryimage\"},\"image\":{\"@id\":\"https:\\\/\\\/www.dmastro.com.br\\\/dmastroblog\\\/produto\\\/curso-de-astrologia-babilonica-de-rumen-kolev-na-escola-de-astrologia-dmastro\\\/#primaryimage\"},\"thumbnailUrl\":\"https:\\\/\\\/i0.wp.com\\\/www.dmastro.com.br\\\/dmastroblog\\\/wp-content\\\/uploads\\\/2022\\\/05\\\/Curso-de-Astrologia-Babilonica-Rumen-Kolev-DMAstro.jpg?fit=1000%2C1000&ssl=1\",\"datePublished\":\"2022-05-07T15:59:57+00:00\",\"dateModified\":\"2022-06-23T18:07:09+00:00\",\"description\":\"Curso de Astrologia Babil\u00f4nica de Rumen Kolev o mais completo do Mundo. Fa\u00e7a parte da Elite da Astrologia na Escola de Astrologia DMAstro.\",\"breadcrumb\":{\"@id\":\"https:\\\/\\\/www.dmastro.com.br\\\/dmastroblog\\\/produto\\\/curso-de-astrologia-babilonica-de-rumen-kolev-na-escola-de-astrologia-dmastro\\\/#breadcrumb\"},\"inLanguage\":\"pt-BR\",\"potentialAction\":[{\"@type\":\"ReadAction\",\"target\":[\"https:\\\/\\\/www.dmastro.com.br\\\/dmastroblog\\\/produto\\\/curso-de-astrologia-babilonica-de-rumen-kolev-na-escola-de-astrologia-dmastro\\\/\"]}]},{\"@type\":\"ImageObject\",\"inLanguage\":\"pt-BR\",\"@id\":\"https:\\\/\\\/www.dmastro.com.br\\\/dmastroblog\\\/produto\\\/curso-de-astrologia-babilonica-de-rumen-kolev-na-escola-de-astrologia-dmastro\\\/#primaryimage\",\"url\":\"https:\\\/\\\/i0.wp.com\\\/www.dmastro.com.br\\\/dmastroblog\\\/wp-content\\\/uploads\\\/2022\\\/05\\\/Curso-de-Astrologia-Babilonica-Rumen-Kolev-DMAstro.jpg?fit=1000%2C1000&ssl=1\",\"contentUrl\":\"https:\\\/\\\/i0.wp.com\\\/www.dmastro.com.br\\\/dmastroblog\\\/wp-content\\\/uploads\\\/2022\\\/05\\\/Curso-de-Astrologia-Babilonica-Rumen-Kolev-DMAstro.jpg?fit=1000%2C1000&ssl=1\",\"width\":1000,\"height\":1000,\"caption\":\"Curso de Astrologia Babil\u00f4nica Rumen Kolev DMAstro\"},{\"@type\":\"BreadcrumbList\",\"@id\":\"https:\\\/\\\/www.dmastro.com.br\\\/dmastroblog\\\/produto\\\/curso-de-astrologia-babilonica-de-rumen-kolev-na-escola-de-astrologia-dmastro\\\/#breadcrumb\",\"itemListElement\":[{\"@type\":\"ListItem\",\"position\":1,\"name\":\"In\u00edcio\",\"item\":\"https:\\\/\\\/www.dmastro.com.br\\\/dmastroblog\\\/\"},{\"@type\":\"ListItem\",\"position\":2,\"name\":\"Loja\",\"item\":\"https:\\\/\\\/www.dmastro.com.br\\\/dmastroblog\\\/loja\\\/\"},{\"@type\":\"ListItem\",\"position\":3,\"name\":\"Curso de Astrologia Babil\u00f4nica de Rumen Kolev\"}]},{\"@type\":\"WebSite\",\"@id\":\"https:\\\/\\\/www.dmastro.com.br\\\/dmastroblog\\\/#website\",\"url\":\"https:\\\/\\\/www.dmastro.com.br\\\/dmastroblog\\\/\",\"name\":\"DMAstro Brasil\",\"description\":\"Curso Completo de Forma\u00e7\u00e3o\",\"publisher\":{\"@id\":\"https:\\\/\\\/www.dmastro.com.br\\\/dmastroblog\\\/#organization\"},\"potentialAction\":[{\"@type\":\"SearchAction\",\"target\":{\"@type\":\"EntryPoint\",\"urlTemplate\":\"https:\\\/\\\/www.dmastro.com.br\\\/dmastroblog\\\/?s={search_term_string}\"},\"query-input\":{\"@type\":\"PropertyValueSpecification\",\"valueRequired\":true,\"valueName\":\"search_term_string\"}}],\"inLanguage\":\"pt-BR\"},{\"@type\":\"Organization\",\"@id\":\"https:\\\/\\\/www.dmastro.com.br\\\/dmastroblog\\\/#organization\",\"name\":\"DMAstro Brasil\",\"url\":\"https:\\\/\\\/www.dmastro.com.br\\\/dmastroblog\\\/\",\"logo\":{\"@type\":\"ImageObject\",\"inLanguage\":\"pt-BR\",\"@id\":\"https:\\\/\\\/www.dmastro.com.br\\\/dmastroblog\\\/#\\\/schema\\\/logo\\\/image\\\/\",\"url\":\"https:\\\/\\\/www.dmastro.com.br\\\/dmastroblog\\\/wp-content\\\/uploads\\\/2018\\\/12\\\/logotipo-dmastro-brasil.png\",\"contentUrl\":\"https:\\\/\\\/www.dmastro.com.br\\\/dmastroblog\\\/wp-content\\\/uploads\\\/2018\\\/12\\\/logotipo-dmastro-brasil.png\",\"width\":180,\"height\":180,\"caption\":\"DMAstro Brasil\"},\"image\":{\"@id\":\"https:\\\/\\\/www.dmastro.com.br\\\/dmastroblog\\\/#\\\/schema\\\/logo\\\/image\\\/\"},\"sameAs\":[\"https:\\\/\\\/www.facebook.com\\\/dmastrobr\",\"https:\\\/\\\/x.com\\\/dmastrobrasil\",\"https:\\\/\\\/www.instagram.com\\\/dmastrobrasil\\\/\"]}]}<\/script>\n<meta property=\"product:price:amount\" content=\"600.00\" \/>\n<meta property=\"product:price:currency\" content=\"BRL\" \/>\n<meta property=\"og:availability\" content=\"instock\" \/>\n<meta property=\"product:availability\" content=\"instock\" \/>\n<meta property=\"product:condition\" content=\"new\" \/>\n<!-- \/ Yoast SEO Premium plugin. -->","yoast_head_json":{"title":"Curso de Astrologia Babil\u00f4nica de Rumen Kolev","description":"Curso de Astrologia Babil\u00f4nica de Rumen Kolev o mais completo do Mundo. Fa\u00e7a parte da Elite da Astrologia na Escola de Astrologia DMAstro.","robots":{"index":"index","follow":"follow","max-snippet":"max-snippet:-1","max-image-preview":"max-image-preview:large","max-video-preview":"max-video-preview:-1"},"canonical":"https:\/\/www.dmastro.com.br\/dmastroblog\/produto\/curso-de-astrologia-babilonica-de-rumen-kolev-na-escola-de-astrologia-dmastro\/","og_locale":"pt_BR","og_type":"article","og_title":"Curso de Astrologia Babil\u00f4nica de Rumen Kolev","og_description":"Curso de Astrologia Babil\u00f4nica de Rumen Kolev o mais completo do Mundo. Fa\u00e7a parte da Elite da Astrologia na Escola de Astrologia DMAstro.","og_url":"https:\/\/www.dmastro.com.br\/dmastroblog\/produto\/curso-de-astrologia-babilonica-de-rumen-kolev-na-escola-de-astrologia-dmastro\/","og_site_name":"Escola de Astrologia DMAstro","article_publisher":"https:\/\/www.facebook.com\/dmastrobr","article_modified_time":"2022-06-23T18:07:09+00:00","og_image":[{"width":1000,"height":1000,"url":"https:\/\/www.dmastro.com.br\/dmastroblog\/wp-content\/uploads\/2022\/05\/Curso-de-Astrologia-Babilonica-Rumen-Kolev-DMAstro.jpg","type":"image\/jpeg"}],"twitter_card":"summary_large_image","twitter_site":"@dmastrobrasil","twitter_misc":{"Pre\u00e7o":"&#82;&#36;600,00","Disponibilidade":"Em Estoque"},"schema":{"@context":"https:\/\/schema.org","@graph":[{"@type":"WebPage","@id":"https:\/\/www.dmastro.com.br\/dmastroblog\/produto\/curso-de-astrologia-babilonica-de-rumen-kolev-na-escola-de-astrologia-dmastro\/","url":"https:\/\/www.dmastro.com.br\/dmastroblog\/produto\/curso-de-astrologia-babilonica-de-rumen-kolev-na-escola-de-astrologia-dmastro\/","name":"Curso de Astrologia Babil\u00f4nica de Rumen Kolev","isPartOf":{"@id":"https:\/\/www.dmastro.com.br\/dmastroblog\/#website"},"primaryImageOfPage":{"@id":"https:\/\/www.dmastro.com.br\/dmastroblog\/produto\/curso-de-astrologia-babilonica-de-rumen-kolev-na-escola-de-astrologia-dmastro\/#primaryimage"},"image":{"@id":"https:\/\/www.dmastro.com.br\/dmastroblog\/produto\/curso-de-astrologia-babilonica-de-rumen-kolev-na-escola-de-astrologia-dmastro\/#primaryimage"},"thumbnailUrl":"https:\/\/i0.wp.com\/www.dmastro.com.br\/dmastroblog\/wp-content\/uploads\/2022\/05\/Curso-de-Astrologia-Babilonica-Rumen-Kolev-DMAstro.jpg?fit=1000%2C1000&ssl=1","datePublished":"2022-05-07T15:59:57+00:00","dateModified":"2022-06-23T18:07:09+00:00","description":"Curso de Astrologia Babil\u00f4nica de Rumen Kolev o mais completo do Mundo. Fa\u00e7a parte da Elite da Astrologia na Escola de Astrologia DMAstro.","breadcrumb":{"@id":"https:\/\/www.dmastro.com.br\/dmastroblog\/produto\/curso-de-astrologia-babilonica-de-rumen-kolev-na-escola-de-astrologia-dmastro\/#breadcrumb"},"inLanguage":"pt-BR","potentialAction":[{"@type":"ReadAction","target":["https:\/\/www.dmastro.com.br\/dmastroblog\/produto\/curso-de-astrologia-babilonica-de-rumen-kolev-na-escola-de-astrologia-dmastro\/"]}]},{"@type":"ImageObject","inLanguage":"pt-BR","@id":"https:\/\/www.dmastro.com.br\/dmastroblog\/produto\/curso-de-astrologia-babilonica-de-rumen-kolev-na-escola-de-astrologia-dmastro\/#primaryimage","url":"https:\/\/i0.wp.com\/www.dmastro.com.br\/dmastroblog\/wp-content\/uploads\/2022\/05\/Curso-de-Astrologia-Babilonica-Rumen-Kolev-DMAstro.jpg?fit=1000%2C1000&ssl=1","contentUrl":"https:\/\/i0.wp.com\/www.dmastro.com.br\/dmastroblog\/wp-content\/uploads\/2022\/05\/Curso-de-Astrologia-Babilonica-Rumen-Kolev-DMAstro.jpg?fit=1000%2C1000&ssl=1","width":1000,"height":1000,"caption":"Curso de Astrologia Babil\u00f4nica Rumen Kolev DMAstro"},{"@type":"BreadcrumbList","@id":"https:\/\/www.dmastro.com.br\/dmastroblog\/produto\/curso-de-astrologia-babilonica-de-rumen-kolev-na-escola-de-astrologia-dmastro\/#breadcrumb","itemListElement":[{"@type":"ListItem","position":1,"name":"In\u00edcio","item":"https:\/\/www.dmastro.com.br\/dmastroblog\/"},{"@type":"ListItem","position":2,"name":"Loja","item":"https:\/\/www.dmastro.com.br\/dmastroblog\/loja\/"},{"@type":"ListItem","position":3,"name":"Curso de Astrologia Babil\u00f4nica de Rumen Kolev"}]},{"@type":"WebSite","@id":"https:\/\/www.dmastro.com.br\/dmastroblog\/#website","url":"https:\/\/www.dmastro.com.br\/dmastroblog\/","name":"DMAstro Brasil","description":"Curso Completo de Forma\u00e7\u00e3o","publisher":{"@id":"https:\/\/www.dmastro.com.br\/dmastroblog\/#organization"},"potentialAction":[{"@type":"SearchAction","target":{"@type":"EntryPoint","urlTemplate":"https:\/\/www.dmastro.com.br\/dmastroblog\/?s={search_term_string}"},"query-input":{"@type":"PropertyValueSpecification","valueRequired":true,"valueName":"search_term_string"}}],"inLanguage":"pt-BR"},{"@type":"Organization","@id":"https:\/\/www.dmastro.com.br\/dmastroblog\/#organization","name":"DMAstro Brasil","url":"https:\/\/www.dmastro.com.br\/dmastroblog\/","logo":{"@type":"ImageObject","inLanguage":"pt-BR","@id":"https:\/\/www.dmastro.com.br\/dmastroblog\/#\/schema\/logo\/image\/","url":"https:\/\/www.dmastro.com.br\/dmastroblog\/wp-content\/uploads\/2018\/12\/logotipo-dmastro-brasil.png","contentUrl":"https:\/\/www.dmastro.com.br\/dmastroblog\/wp-content\/uploads\/2018\/12\/logotipo-dmastro-brasil.png","width":180,"height":180,"caption":"DMAstro Brasil"},"image":{"@id":"https:\/\/www.dmastro.com.br\/dmastroblog\/#\/schema\/logo\/image\/"},"sameAs":["https:\/\/www.facebook.com\/dmastrobr","https:\/\/x.com\/dmastrobrasil","https:\/\/www.instagram.com\/dmastrobrasil\/"]}]},"product_price_amount":"600.00","product_price_currency":"BRL","og_availability":"instock","product_availability":"instock","product_condition":"new"},"jetpack_publicize_connections":[],"jetpack_sharing_enabled":true,"jetpack_likes_enabled":false,"publishpress_future_workflow_manual_trigger":{"enabledWorkflows":[]},"_links":{"self":[{"href":"https:\/\/www.dmastro.com.br\/dmastroblog\/wp-json\/wp\/v2\/product\/8985","targetHints":{"allow":["GET"]}}],"collection":[{"href":"https:\/\/www.dmastro.com.br\/dmastroblog\/wp-json\/wp\/v2\/product"}],"about":[{"href":"https:\/\/www.dmastro.com.br\/dmastroblog\/wp-json\/wp\/v2\/types\/product"}],"replies":[{"embeddable":true,"href":"https:\/\/www.dmastro.com.br\/dmastroblog\/wp-json\/wp\/v2\/comments?post=8985"}],"wp:featuredmedia":[{"embeddable":true,"href":"https:\/\/www.dmastro.com.br\/dmastroblog\/wp-json\/wp\/v2\/media\/8989"}],"wp:attachment":[{"href":"https:\/\/www.dmastro.com.br\/dmastroblog\/wp-json\/wp\/v2\/media?parent=8985"}],"wp:term":[{"taxonomy":"product_brand","embeddable":true,"href":"https:\/\/www.dmastro.com.br\/dmastroblog\/wp-json\/wp\/v2\/product_brand?post=8985"},{"taxonomy":"product_cat","embeddable":true,"href":"https:\/\/www.dmastro.com.br\/dmastroblog\/wp-json\/wp\/v2\/product_cat?post=8985"},{"taxonomy":"product_tag","embeddable":true,"href":"https:\/\/www.dmastro.com.br\/dmastroblog\/wp-json\/wp\/v2\/product_tag?post=8985"}],"curies":[{"name":"wp","href":"https:\/\/api.w.org\/{rel}","templated":true}]}}