{"id":8944,"date":"2026-01-16T17:17:23","date_gmt":"2026-01-16T20:17:23","guid":{"rendered":"https:\/\/www.dmastro.com.br\/dmastroblog\/?post_type=product&#038;p=8944"},"modified":"2026-01-20T14:38:16","modified_gmt":"2026-01-20T17:38:16","slug":"curso-de-quiromancia-de-regis-caanabarro","status":"publish","type":"product","link":"https:\/\/www.dmastro.com.br\/dmastroblog\/produto\/curso-de-quiromancia-de-regis-caanabarro\/","title":{"rendered":"Curso de Quiromancia de R\u00e9gis Caanabarro"},"content":{"rendered":"<p style=\"text-align: center;\"><em><strong><span style=\"color: #ff0000; font-size: 18pt;\">Curso de Quiromancia de R\u00e9gis Caanabarro<\/span><\/strong><\/em><\/p>\n<p><span style=\"color: #ff6600;\"><em><strong><span style=\"font-size: 18pt;\">A Nova Turma de Quiromancia da DMAstro com o Mestre multidisciplinar em ci\u00eancias esot\u00e9ricas e escritor Regis Caanabarro<\/span><\/strong><\/em><\/span><\/p>\n<p>O curso tem por objetivo dar uma forma\u00e7\u00e3o que permita a pessoa sem conhecimento anterior consiga fazer a leitura da m\u00e3o de forma f\u00e1cil e precisa. Unindo o melhor da tradi\u00e7\u00e3o e da modernidade em um curso atualizado e acess\u00edvel<\/p>\n<p>O curso \u00e9 dividido em 4 n\u00edveis:<\/p>\n<p>B\u00e1sico, intermedi\u00e1rio e avan\u00e7ado e pr\u00e1tica<\/p>\n<p>No n\u00edvel b\u00e1sico s\u00e3o ensinado os conceitos fundamentais da quiromancia.<\/p>\n<p>No n\u00edvel intermedi\u00e1rio esses conceitos s\u00e3o aprofundados e s\u00e3o ensinadas ferramentas para determina\u00e7\u00e3o de datas nas linhas da m\u00e3o.<\/p>\n<p>No n\u00edvel avan\u00e7ado os temas s\u00e3o aprofundados com \u00eanfase na pr\u00e1tica. \u00c9 ensino uma metodologia para a leitura da m\u00e3o e um roteiro para uma leitura que explore todas as facetas da quiromancia.<\/p>\n<p>No final teremos 1 m\u00eas de aulas pr\u00e1ticas para o aluno junto com professor aplicar todos os conhecimentos.<\/p>\n<p>O curso \u00e9 ao vivo via zoom com material de apoio em pdf, suporte para d\u00favidas e certificado de conclus\u00e3o da DMAstro<\/p>\n<p>Aulas semanais de 80 minutos, curso completo em 4 meses. Mensalidade R$ 250<\/p>\n<p>Para mais informa\u00e7\u00f5es e inscri\u00e7\u00f5es, ligue para: (11) 96624-8446 ou envie mensagem no Whatsapp<\/p>\n<p>Os pagamentos podem ser feitos via transfer\u00eancia banc\u00e1ria ou pix mensalmente.<\/p>\n<p>O aluno pode optar pelo pagamento do curso completo antecipado com desconto de 10%.<\/p>\n<p>&nbsp;<\/p>\n<p><span style=\"color: #ff0000; font-size: 18pt;\"><em><strong>CONTE\u00daDO DO M\u00d3DULO B\u00c1SICO<\/strong><\/em><\/span><\/p>\n<p><strong>1 &#8211; Fundamentos \u2013 Conceitos Vis\u00e3o Hist\u00f3rica<\/strong><\/p>\n<p>O Que \u00c9 Quiromancia, Quirologia, Quirosofia, Quirognomia E Dermatoglifia<\/p>\n<p>Destino Ou Livre Arb\u00edtrio?<\/p>\n<p>Vis\u00e3o Hol\u00edstica<\/p>\n<p>Um Fator S\u00f3 Pode Ser Avaliado Dentro Do Conjunto<\/p>\n<p>As Linhas E Marcas Da M\u00e3o Mudam<\/p>\n<p>O Futuro N\u00e3o \u00c9 Imut\u00e1vel<\/p>\n<p>Pesquisas Sobre As Linhas Da M\u00e3o<\/p>\n<p>Anatomia Da M\u00e3o<\/p>\n<p>Montes<\/p>\n<p>Linhas<\/p>\n<p>M\u00e3o Dominante<\/p>\n<p>M\u00e3o Passiva<\/p>\n<p>&nbsp;<\/p>\n<p><strong>2 &#8211; Aspectos B\u00e1sicos Da M\u00e3o<\/strong><\/p>\n<p>Tamanho, Umidade, Flexibilidade, Temperatura, Consist\u00eancia, Colora\u00e7\u00e3o, Largura, Comprimento<\/p>\n<p>Os Montes E Os Dedos, Os N\u00f3s<\/p>\n<p>Regras para A Leitura Das M\u00e3os<\/p>\n<p>Os Montes<\/p>\n<p>Interpretando Os Montes<\/p>\n<p>J\u00fapiter<\/p>\n<p>Saturno<\/p>\n<p>Apolo<\/p>\n<p>Merc\u00fario<\/p>\n<p>Lua<\/p>\n<p>Marte Positivo<\/p>\n<p>Marte Negativo<\/p>\n<p>Vale De Netuno<\/p>\n<p>Plan\u00edcie de Plut\u00e3o<\/p>\n<p>Os Dedos<\/p>\n<p>Os Arcos<\/p>\n<p>Falange, Falanginha, Falangeta<\/p>\n<p>Tamanho<\/p>\n<p>Formato<\/p>\n<p>O Polegar<\/p>\n<p>As Unhas<\/p>\n<p>Uso De An\u00e9is<\/p>\n<p>&nbsp;<\/p>\n<p><strong>3 &#8211; Formatos Da M\u00e3o<\/strong><\/p>\n<p>Principais Sistemas De Classifica\u00e7\u00e3o Da M\u00e3o<\/p>\n<p>Sistema De Sete Tipos<\/p>\n<p>Elementar<\/p>\n<p>Quadrada<\/p>\n<p>Filos\u00f3fica<\/p>\n<p>Espatulada<\/p>\n<p>C\u00f4nica Ou Art\u00edstica<\/p>\n<p>Ps\u00edquica<\/p>\n<p>Mista<\/p>\n<p>Outros Sistemas De Classifica\u00e7\u00e3o<\/p>\n<p>A M\u00e3o Primitiva<\/p>\n<p>&nbsp;<\/p>\n<p><strong>4 &#8211; Sinais E Acidentes Na M\u00e3o<\/strong><\/p>\n<p>Cruz, Estrela, Grades Etc E Seus Significado Nas Diversas Partes Da M\u00e3o<\/p>\n<p>As Linhas Da M\u00e3o<\/p>\n<p>Principais<\/p>\n<p>Secund\u00e1rias<\/p>\n<p>Linhas Definidas E Indefinidas<\/p>\n<p>Linhas Fortes E Fracas<\/p>\n<p>&nbsp;<\/p>\n<p><span style=\"color: #ff0000; font-size: 18pt;\"><em><strong>CONTE\u00daDO DO M\u00d3DULO INTERMEDI\u00c1RIO<\/strong><\/em><\/span><\/p>\n<p>&nbsp;<\/p>\n<p><strong>5 &#8211; A Linha Da Vida<\/strong><\/p>\n<p>A Linha Da Cabe\u00e7a<\/p>\n<p>&nbsp;<\/p>\n<p><strong>6 &#8211; A Linha Do Cora\u00e7\u00e3o<\/strong><\/p>\n<p>A Linha Simiesca Ou Simiana<\/p>\n<p>Quando A Linha Da Cabe\u00e7a E Cora\u00e7\u00e3o Se Fundem<\/p>\n<p>A Linha Do Destino<\/p>\n<p>A Linha De Apolo<\/p>\n<p>&nbsp;<\/p>\n<p><strong>7 &#8211; Linha De Merc\u00fario<\/strong><\/p>\n<p>Linha Do Casamento, Filhos E Celibato<\/p>\n<p>Outras Linhas<\/p>\n<p>&nbsp;<\/p>\n<p><strong>8 &#8211; M\u00e9todos De Data\u00e7\u00e3o De Eventos<\/strong><\/p>\n<p>&nbsp;<\/p>\n<p><span style=\"color: #ff0000; font-size: 18pt;\"><em><strong>CONTE\u00daDO DO M\u00d3DULO AVAN\u00c7ADO<\/strong><\/em><\/span><\/p>\n<p>&nbsp;<\/p>\n<p><strong>9 &#8211; A Pr\u00e1tica E Metodologia Da Leitura Da M\u00e3o<\/strong><\/p>\n<p>Destino Ou Livre Arb\u00edtrio<\/p>\n<p>A Responsabilidade Ao Ler A M\u00e3o<\/p>\n<p>Quest\u00f5es Legais E \u00c9ticas<\/p>\n<p>As Impress\u00f5es Da M\u00e3o, Como Fazer<\/p>\n<p>Fazendo A Leitura Por Foto<\/p>\n<p>&nbsp;<\/p>\n<p><strong>10 &#8211; A Ficha De Avalia\u00e7\u00e3o Passo A Passo<\/strong><\/p>\n<p>Ouvindo O Cliente<\/p>\n<p>O Que Falar, O Que N\u00e3o Falar<\/p>\n<p>Quest\u00f5es Pol\u00eamicas (Morte, Acidentes, Separa\u00e7\u00e3o Etc&#8230;)<\/p>\n<p>&nbsp;<\/p>\n<p><strong>11 &#8211; Dinheiro, Sorte E Sucesso<\/strong><\/p>\n<p>Sorte Nas Linhas Da M\u00e3o<\/p>\n<p>Sucesso Nas Linhas Da M\u00e3o<\/p>\n<p>Finan\u00e7as Nas Linhas Da M\u00e3o<\/p>\n<p>Lideran\u00e7a Nas Linhas Da M\u00e3o<\/p>\n<p>Avaliando Riscos Futuros<\/p>\n<p>N\u00edvel De Motiva\u00e7\u00e3o<\/p>\n<p>Satisfa\u00e7\u00e3o com O Trabalho<\/p>\n<p>&nbsp;<\/p>\n<p><strong>12 &#8211; Amor Nas Linhas Da M\u00e3o<\/strong><\/p>\n<p>Rom\u00e2ntico Ou Realista<\/p>\n<p>Timidez E Inibi\u00e7\u00e3o<\/p>\n<p>Traumas Amorosos<\/p>\n<p>Agressividade<\/p>\n<p>Ci\u00fame e Inseguran\u00e7a Amorosa<\/p>\n<p>Generosidade Na Vida E No Amor<\/p>\n<p>Cora\u00e7\u00e3o Sens\u00edvel<\/p>\n<p>Dominante Ou Submisso<\/p>\n<p>Sublima\u00e7\u00e3o Amorosa \u2013\u00a0Amor\u00a0Plat\u00f4nico<\/p>\n","protected":false},"excerpt":{"rendered":"<p style=\"text-align: center;\"><em><strong><span style=\"color: #ff0000; font-size: 18pt;\">Curso de Quiromancia de R\u00e9gis Caanabarro<\/span><\/strong><\/em><\/p>\n<p><span style=\"color: #ff6600;\"><em><strong><span style=\"font-size: 18pt;\">A Nova Turma de Quiromancia da DMAstro com o Mestre multidisciplinar em ci\u00eancias esot\u00e9ricas e escritor Regis Caanabarro<\/span><\/strong><\/em><\/span><\/p>\n<p>O curso tem por objetivo dar uma forma\u00e7\u00e3o que permita a pessoa sem conhecimento anterior consiga fazer a leitura da m\u00e3o de forma f\u00e1cil e precisa. Unindo o melhor da tradi\u00e7\u00e3o e da modernidade em um curso atualizado e acess\u00edvel<\/p>\n<p>O curso \u00e9 dividido em 4 n\u00edveis:<\/p>\n<p>B\u00e1sico, intermedi\u00e1rio e avan\u00e7ado e pr\u00e1tica<\/p>\n<p>No n\u00edvel b\u00e1sico s\u00e3o ensinado os conceitos fundamentais da quiromancia.<\/p>\n<p>No n\u00edvel intermedi\u00e1rio esses conceitos s\u00e3o aprofundados e s\u00e3o ensinadas ferramentas para determina\u00e7\u00e3o de datas nas linhas da m\u00e3o.<\/p>\n<p>No n\u00edvel avan\u00e7ado os temas s\u00e3o aprofundados com \u00eanfase na pr\u00e1tica. \u00c9 ensino uma metodologia para a leitura da m\u00e3o e um roteiro para uma leitura que explore todas as facetas da quiromancia.<\/p>\n<p>No final teremos 1 m\u00eas de aulas pr\u00e1ticas para o aluno junto com professor aplicar todos os conhecimentos.<\/p>\n<p>O curso \u00e9 ao vivo via zoom com material de apoio em pdf, suporte para d\u00favidas e certificado de conclus\u00e3o da DMAstro<\/p>\n<p>Aulas semanais de 80 minutos, curso completo em 4 meses. Mensalidade R$ 250<\/p>\n<p>Para mais informa\u00e7\u00f5es e inscri\u00e7\u00f5es, ligue para: (11) 96624-8446 ou envie mensagem no Whatsapp<\/p>\n<p>Os pagamentos podem ser feitos via transfer\u00eancia banc\u00e1ria ou pix mensalmente.<\/p>\n<p>O aluno pode optar pelo pagamento do curso completo antecipado com desconto de 10%.<\/p>\n<p><img decoding=\"async\" class=\"emoji\" role=\"img\" draggable=\"false\" src=\"https:\/\/s.w.org\/images\/core\/emoji\/16.0.1\/svg\/1f4c5.svg\" alt=\"\ud83d\udcc5\" \/>\u00a0Formato do Curso<br \/>\n<img decoding=\"async\" class=\"emoji\" role=\"img\" draggable=\"false\" src=\"https:\/\/s.w.org\/images\/core\/emoji\/16.0.1\/svg\/2714.svg\" alt=\"\u2714\ufe0f\" \/> Dura\u00e7\u00e3o: 4 meses<br \/>\n<img decoding=\"async\" class=\"emoji\" role=\"img\" draggable=\"false\" src=\"https:\/\/s.w.org\/images\/core\/emoji\/16.0.1\/svg\/2714.svg\" alt=\"\u2714\ufe0f\" \/> Valor da mensalidade: 250 reais<br \/>\n<img decoding=\"async\" class=\"emoji\" role=\"img\" draggable=\"false\" src=\"https:\/\/s.w.org\/images\/core\/emoji\/16.0.1\/svg\/2714.svg\" alt=\"\u2714\ufe0f\" \/> In\u00edcio: 25 de mar\u00e7o de 2026 &#8211; Aulas semanais de quarta-feira \u00e0s 20:00<br \/>\n<img decoding=\"async\" class=\"emoji\" role=\"img\" draggable=\"false\" src=\"https:\/\/s.w.org\/images\/core\/emoji\/16.0.1\/svg\/2714.svg\" alt=\"\u2714\ufe0f\" \/>\u00a0Aulas ao vivo semanais via Zoom<br \/>\n<img decoding=\"async\" class=\"emoji\" role=\"img\" draggable=\"false\" src=\"https:\/\/s.w.org\/images\/core\/emoji\/16.0.1\/svg\/2714.svg\" alt=\"\u2714\ufe0f\" \/> Acesso \u00e0s grava\u00e7\u00f5es (voc\u00ea pode rever quantas vezes quiser por at\u00e9 2 anos depois do curso terminar)<br \/>\n<img decoding=\"async\" class=\"emoji\" role=\"img\" draggable=\"false\" src=\"https:\/\/s.w.org\/images\/core\/emoji\/16.0.1\/svg\/2714.svg\" alt=\"\u2714\ufe0f\" \/>\u00a0Grupo exclusivo no WhatsApp para suporte e trocas entre alunos<br \/>\n<img decoding=\"async\" class=\"emoji\" role=\"img\" draggable=\"false\" src=\"https:\/\/s.w.org\/images\/core\/emoji\/16.0.1\/svg\/2714.svg\" alt=\"\u2714\ufe0f\" \/>\u00a0Certificado de conclus\u00e3o incluso<\/p>\n","protected":false},"featured_media":8969,"comment_status":"open","ping_status":"closed","template":"","meta":{"_themeisle_gutenberg_block_has_review":false,"jetpack_post_was_ever_published":false,"jetpack_publicize_message":"","jetpack_publicize_feature_enabled":true,"jetpack_social_post_already_shared":true,"jetpack_social_options":{"image_generator_settings":{"template":"highway","default_image_id":0,"font":"","enabled":false},"version":2}},"product_brand":[],"product_cat":[364,66,1266,1267,909,1254],"product_tag":[1270,1269,1268,1255],"class_list":{"0":"post-8944","1":"product","2":"type-product","3":"status-publish","4":"has-post-thumbnail","6":"product_cat-curso-online","7":"product_cat-cursos-em-video","8":"product_cat-quiromancia","9":"product_cat-quiromancia-cursos-em-video","10":"product_cat-regis-caanabarro","11":"product_cat-regis-caanabarro-2","12":"product_tag-mao","13":"product_tag-quirologia","14":"product_tag-quiromancia","15":"product_tag-regis-caanabarro","16":"post","18":"first","19":"instock","20":"virtual","21":"taxable","22":"purchasable","23":"product-type-simple"},"composite_virtual":false,"composite_layout":"","composite_add_to_cart_form_location":"","composite_editable_in_cart":false,"composite_sold_individually_context":"","composite_shop_price_calc":"","composite_components":[],"composite_scenarios":[],"yoast_head":"<!-- This site is optimized with the Yoast SEO Premium plugin v22.9 (Yoast SEO v27.3) - https:\/\/yoast.com\/product\/yoast-seo-premium-wordpress\/ -->\n<title>Curso de Quiromancia de R\u00e9gis Caanabarro<\/title>\n<meta name=\"description\" content=\"Curso de Quiromancia de R\u00e9gis Caanabarro o mestre multidisciplinar em ci\u00eancias esot\u00e9ricas e escritor.\" \/>\n<meta name=\"robots\" content=\"index, follow, max-snippet:-1, max-image-preview:large, max-video-preview:-1\" \/>\n<link rel=\"canonical\" href=\"https:\/\/www.dmastro.com.br\/dmastroblog\/produto\/curso-de-quiromancia-de-regis-caanabarro\/\" \/>\n<meta property=\"og:locale\" content=\"pt_BR\" \/>\n<meta property=\"og:type\" content=\"article\" \/>\n<meta property=\"og:title\" content=\"Curso de Quiromancia de R\u00e9gis Caanabarro\" \/>\n<meta property=\"og:description\" content=\"Curso de Quiromancia de R\u00e9gis Caanabarro o mestre multidisciplinar em ci\u00eancias esot\u00e9ricas e escritor.\" \/>\n<meta property=\"og:url\" content=\"https:\/\/www.dmastro.com.br\/dmastroblog\/produto\/curso-de-quiromancia-de-regis-caanabarro\/\" \/>\n<meta property=\"og:site_name\" content=\"Escola de Astrologia DMAstro\" \/>\n<meta property=\"article:publisher\" content=\"https:\/\/www.facebook.com\/dmastrobr\" \/>\n<meta property=\"article:modified_time\" content=\"2026-01-20T17:38:16+00:00\" \/>\n<meta property=\"og:image\" content=\"https:\/\/www.dmastro.com.br\/dmastroblog\/wp-content\/uploads\/2022\/04\/Curso-de-Quiromancia-de-Regis-Caanabarro-2022-DMAstro.jpg\" \/>\n\t<meta property=\"og:image:width\" content=\"1000\" \/>\n\t<meta property=\"og:image:height\" content=\"1000\" \/>\n\t<meta property=\"og:image:type\" content=\"image\/jpeg\" \/>\n<meta name=\"twitter:card\" content=\"summary_large_image\" \/>\n<meta name=\"twitter:site\" content=\"@dmastrobrasil\" \/>\n<meta name=\"twitter:label1\" content=\"Pre\u00e7o\" \/>\n\t<meta name=\"twitter:data1\" content=\"&#082;&#036;250,00\" \/>\n\t<meta name=\"twitter:label2\" content=\"Disponibilidade\" \/>\n\t<meta name=\"twitter:data2\" content=\"Em Estoque\" \/>\n<script type=\"application\/ld+json\" class=\"yoast-schema-graph\">{\"@context\":\"https:\\\/\\\/schema.org\",\"@graph\":[{\"@type\":\"WebPage\",\"@id\":\"https:\\\/\\\/www.dmastro.com.br\\\/dmastroblog\\\/produto\\\/curso-de-quiromancia-de-regis-caanabarro\\\/\",\"url\":\"https:\\\/\\\/www.dmastro.com.br\\\/dmastroblog\\\/produto\\\/curso-de-quiromancia-de-regis-caanabarro\\\/\",\"name\":\"Curso de Quiromancia de R\u00e9gis Caanabarro\",\"isPartOf\":{\"@id\":\"https:\\\/\\\/www.dmastro.com.br\\\/dmastroblog\\\/#website\"},\"primaryImageOfPage\":{\"@id\":\"https:\\\/\\\/www.dmastro.com.br\\\/dmastroblog\\\/produto\\\/curso-de-quiromancia-de-regis-caanabarro\\\/#primaryimage\"},\"image\":{\"@id\":\"https:\\\/\\\/www.dmastro.com.br\\\/dmastroblog\\\/produto\\\/curso-de-quiromancia-de-regis-caanabarro\\\/#primaryimage\"},\"thumbnailUrl\":\"https:\\\/\\\/i0.wp.com\\\/www.dmastro.com.br\\\/dmastroblog\\\/wp-content\\\/uploads\\\/2022\\\/04\\\/Curso-de-Quiromancia-de-Regis-Caanabarro-2022-DMAstro.jpg?fit=1000%2C1000&ssl=1\",\"datePublished\":\"2026-01-16T20:17:23+00:00\",\"dateModified\":\"2026-01-20T17:38:16+00:00\",\"description\":\"Curso de Quiromancia de R\u00e9gis Caanabarro o mestre multidisciplinar em ci\u00eancias esot\u00e9ricas e escritor.\",\"breadcrumb\":{\"@id\":\"https:\\\/\\\/www.dmastro.com.br\\\/dmastroblog\\\/produto\\\/curso-de-quiromancia-de-regis-caanabarro\\\/#breadcrumb\"},\"inLanguage\":\"pt-BR\",\"potentialAction\":[{\"@type\":\"ReadAction\",\"target\":[\"https:\\\/\\\/www.dmastro.com.br\\\/dmastroblog\\\/produto\\\/curso-de-quiromancia-de-regis-caanabarro\\\/\"]}]},{\"@type\":\"ImageObject\",\"inLanguage\":\"pt-BR\",\"@id\":\"https:\\\/\\\/www.dmastro.com.br\\\/dmastroblog\\\/produto\\\/curso-de-quiromancia-de-regis-caanabarro\\\/#primaryimage\",\"url\":\"https:\\\/\\\/i0.wp.com\\\/www.dmastro.com.br\\\/dmastroblog\\\/wp-content\\\/uploads\\\/2022\\\/04\\\/Curso-de-Quiromancia-de-Regis-Caanabarro-2022-DMAstro.jpg?fit=1000%2C1000&ssl=1\",\"contentUrl\":\"https:\\\/\\\/i0.wp.com\\\/www.dmastro.com.br\\\/dmastroblog\\\/wp-content\\\/uploads\\\/2022\\\/04\\\/Curso-de-Quiromancia-de-Regis-Caanabarro-2022-DMAstro.jpg?fit=1000%2C1000&ssl=1\",\"width\":1000,\"height\":1000,\"caption\":\"Curso de Quiromancia de R\u00e9gis Caanabarro 2022 DMAstro\"},{\"@type\":\"BreadcrumbList\",\"@id\":\"https:\\\/\\\/www.dmastro.com.br\\\/dmastroblog\\\/produto\\\/curso-de-quiromancia-de-regis-caanabarro\\\/#breadcrumb\",\"itemListElement\":[{\"@type\":\"ListItem\",\"position\":1,\"name\":\"In\u00edcio\",\"item\":\"https:\\\/\\\/www.dmastro.com.br\\\/dmastroblog\\\/\"},{\"@type\":\"ListItem\",\"position\":2,\"name\":\"Loja\",\"item\":\"https:\\\/\\\/www.dmastro.com.br\\\/dmastroblog\\\/loja\\\/\"},{\"@type\":\"ListItem\",\"position\":3,\"name\":\"Curso de Quiromancia de R\u00e9gis Caanabarro\"}]},{\"@type\":\"WebSite\",\"@id\":\"https:\\\/\\\/www.dmastro.com.br\\\/dmastroblog\\\/#website\",\"url\":\"https:\\\/\\\/www.dmastro.com.br\\\/dmastroblog\\\/\",\"name\":\"DMAstro Brasil\",\"description\":\"Curso Completo de Forma\u00e7\u00e3o\",\"publisher\":{\"@id\":\"https:\\\/\\\/www.dmastro.com.br\\\/dmastroblog\\\/#organization\"},\"potentialAction\":[{\"@type\":\"SearchAction\",\"target\":{\"@type\":\"EntryPoint\",\"urlTemplate\":\"https:\\\/\\\/www.dmastro.com.br\\\/dmastroblog\\\/?s={search_term_string}\"},\"query-input\":{\"@type\":\"PropertyValueSpecification\",\"valueRequired\":true,\"valueName\":\"search_term_string\"}}],\"inLanguage\":\"pt-BR\"},{\"@type\":\"Organization\",\"@id\":\"https:\\\/\\\/www.dmastro.com.br\\\/dmastroblog\\\/#organization\",\"name\":\"DMAstro Brasil\",\"url\":\"https:\\\/\\\/www.dmastro.com.br\\\/dmastroblog\\\/\",\"logo\":{\"@type\":\"ImageObject\",\"inLanguage\":\"pt-BR\",\"@id\":\"https:\\\/\\\/www.dmastro.com.br\\\/dmastroblog\\\/#\\\/schema\\\/logo\\\/image\\\/\",\"url\":\"https:\\\/\\\/www.dmastro.com.br\\\/dmastroblog\\\/wp-content\\\/uploads\\\/2018\\\/12\\\/logotipo-dmastro-brasil.png\",\"contentUrl\":\"https:\\\/\\\/www.dmastro.com.br\\\/dmastroblog\\\/wp-content\\\/uploads\\\/2018\\\/12\\\/logotipo-dmastro-brasil.png\",\"width\":180,\"height\":180,\"caption\":\"DMAstro Brasil\"},\"image\":{\"@id\":\"https:\\\/\\\/www.dmastro.com.br\\\/dmastroblog\\\/#\\\/schema\\\/logo\\\/image\\\/\"},\"sameAs\":[\"https:\\\/\\\/www.facebook.com\\\/dmastrobr\",\"https:\\\/\\\/x.com\\\/dmastrobrasil\",\"https:\\\/\\\/www.instagram.com\\\/dmastrobrasil\\\/\"]}]}<\/script>\n<meta property=\"product:price:amount\" content=\"250.00\" \/>\n<meta property=\"product:price:currency\" content=\"BRL\" \/>\n<meta property=\"og:availability\" content=\"instock\" \/>\n<meta property=\"product:availability\" content=\"instock\" \/>\n<meta property=\"product:condition\" content=\"new\" \/>\n<!-- \/ Yoast SEO Premium plugin. -->","yoast_head_json":{"title":"Curso de Quiromancia de R\u00e9gis Caanabarro","description":"Curso de Quiromancia de R\u00e9gis Caanabarro o mestre multidisciplinar em ci\u00eancias esot\u00e9ricas e escritor.","robots":{"index":"index","follow":"follow","max-snippet":"max-snippet:-1","max-image-preview":"max-image-preview:large","max-video-preview":"max-video-preview:-1"},"canonical":"https:\/\/www.dmastro.com.br\/dmastroblog\/produto\/curso-de-quiromancia-de-regis-caanabarro\/","og_locale":"pt_BR","og_type":"article","og_title":"Curso de Quiromancia de R\u00e9gis Caanabarro","og_description":"Curso de Quiromancia de R\u00e9gis Caanabarro o mestre multidisciplinar em ci\u00eancias esot\u00e9ricas e escritor.","og_url":"https:\/\/www.dmastro.com.br\/dmastroblog\/produto\/curso-de-quiromancia-de-regis-caanabarro\/","og_site_name":"Escola de Astrologia DMAstro","article_publisher":"https:\/\/www.facebook.com\/dmastrobr","article_modified_time":"2026-01-20T17:38:16+00:00","og_image":[{"width":1000,"height":1000,"url":"https:\/\/www.dmastro.com.br\/dmastroblog\/wp-content\/uploads\/2022\/04\/Curso-de-Quiromancia-de-Regis-Caanabarro-2022-DMAstro.jpg","type":"image\/jpeg"}],"twitter_card":"summary_large_image","twitter_site":"@dmastrobrasil","twitter_misc":{"Pre\u00e7o":"&#82;&#36;250,00","Disponibilidade":"Em Estoque"},"schema":{"@context":"https:\/\/schema.org","@graph":[{"@type":"WebPage","@id":"https:\/\/www.dmastro.com.br\/dmastroblog\/produto\/curso-de-quiromancia-de-regis-caanabarro\/","url":"https:\/\/www.dmastro.com.br\/dmastroblog\/produto\/curso-de-quiromancia-de-regis-caanabarro\/","name":"Curso de Quiromancia de R\u00e9gis Caanabarro","isPartOf":{"@id":"https:\/\/www.dmastro.com.br\/dmastroblog\/#website"},"primaryImageOfPage":{"@id":"https:\/\/www.dmastro.com.br\/dmastroblog\/produto\/curso-de-quiromancia-de-regis-caanabarro\/#primaryimage"},"image":{"@id":"https:\/\/www.dmastro.com.br\/dmastroblog\/produto\/curso-de-quiromancia-de-regis-caanabarro\/#primaryimage"},"thumbnailUrl":"https:\/\/i0.wp.com\/www.dmastro.com.br\/dmastroblog\/wp-content\/uploads\/2022\/04\/Curso-de-Quiromancia-de-Regis-Caanabarro-2022-DMAstro.jpg?fit=1000%2C1000&ssl=1","datePublished":"2026-01-16T20:17:23+00:00","dateModified":"2026-01-20T17:38:16+00:00","description":"Curso de Quiromancia de R\u00e9gis Caanabarro o mestre multidisciplinar em ci\u00eancias esot\u00e9ricas e escritor.","breadcrumb":{"@id":"https:\/\/www.dmastro.com.br\/dmastroblog\/produto\/curso-de-quiromancia-de-regis-caanabarro\/#breadcrumb"},"inLanguage":"pt-BR","potentialAction":[{"@type":"ReadAction","target":["https:\/\/www.dmastro.com.br\/dmastroblog\/produto\/curso-de-quiromancia-de-regis-caanabarro\/"]}]},{"@type":"ImageObject","inLanguage":"pt-BR","@id":"https:\/\/www.dmastro.com.br\/dmastroblog\/produto\/curso-de-quiromancia-de-regis-caanabarro\/#primaryimage","url":"https:\/\/i0.wp.com\/www.dmastro.com.br\/dmastroblog\/wp-content\/uploads\/2022\/04\/Curso-de-Quiromancia-de-Regis-Caanabarro-2022-DMAstro.jpg?fit=1000%2C1000&ssl=1","contentUrl":"https:\/\/i0.wp.com\/www.dmastro.com.br\/dmastroblog\/wp-content\/uploads\/2022\/04\/Curso-de-Quiromancia-de-Regis-Caanabarro-2022-DMAstro.jpg?fit=1000%2C1000&ssl=1","width":1000,"height":1000,"caption":"Curso de Quiromancia de R\u00e9gis Caanabarro 2022 DMAstro"},{"@type":"BreadcrumbList","@id":"https:\/\/www.dmastro.com.br\/dmastroblog\/produto\/curso-de-quiromancia-de-regis-caanabarro\/#breadcrumb","itemListElement":[{"@type":"ListItem","position":1,"name":"In\u00edcio","item":"https:\/\/www.dmastro.com.br\/dmastroblog\/"},{"@type":"ListItem","position":2,"name":"Loja","item":"https:\/\/www.dmastro.com.br\/dmastroblog\/loja\/"},{"@type":"ListItem","position":3,"name":"Curso de Quiromancia de R\u00e9gis Caanabarro"}]},{"@type":"WebSite","@id":"https:\/\/www.dmastro.com.br\/dmastroblog\/#website","url":"https:\/\/www.dmastro.com.br\/dmastroblog\/","name":"DMAstro Brasil","description":"Curso Completo de Forma\u00e7\u00e3o","publisher":{"@id":"https:\/\/www.dmastro.com.br\/dmastroblog\/#organization"},"potentialAction":[{"@type":"SearchAction","target":{"@type":"EntryPoint","urlTemplate":"https:\/\/www.dmastro.com.br\/dmastroblog\/?s={search_term_string}"},"query-input":{"@type":"PropertyValueSpecification","valueRequired":true,"valueName":"search_term_string"}}],"inLanguage":"pt-BR"},{"@type":"Organization","@id":"https:\/\/www.dmastro.com.br\/dmastroblog\/#organization","name":"DMAstro Brasil","url":"https:\/\/www.dmastro.com.br\/dmastroblog\/","logo":{"@type":"ImageObject","inLanguage":"pt-BR","@id":"https:\/\/www.dmastro.com.br\/dmastroblog\/#\/schema\/logo\/image\/","url":"https:\/\/www.dmastro.com.br\/dmastroblog\/wp-content\/uploads\/2018\/12\/logotipo-dmastro-brasil.png","contentUrl":"https:\/\/www.dmastro.com.br\/dmastroblog\/wp-content\/uploads\/2018\/12\/logotipo-dmastro-brasil.png","width":180,"height":180,"caption":"DMAstro Brasil"},"image":{"@id":"https:\/\/www.dmastro.com.br\/dmastroblog\/#\/schema\/logo\/image\/"},"sameAs":["https:\/\/www.facebook.com\/dmastrobr","https:\/\/x.com\/dmastrobrasil","https:\/\/www.instagram.com\/dmastrobrasil\/"]}]},"product_price_amount":"250.00","product_price_currency":"BRL","og_availability":"instock","product_availability":"instock","product_condition":"new"},"jetpack_publicize_connections":[],"jetpack_sharing_enabled":true,"jetpack_likes_enabled":false,"publishpress_future_workflow_manual_trigger":{"enabledWorkflows":[]},"_links":{"self":[{"href":"https:\/\/www.dmastro.com.br\/dmastroblog\/wp-json\/wp\/v2\/product\/8944","targetHints":{"allow":["GET"]}}],"collection":[{"href":"https:\/\/www.dmastro.com.br\/dmastroblog\/wp-json\/wp\/v2\/product"}],"about":[{"href":"https:\/\/www.dmastro.com.br\/dmastroblog\/wp-json\/wp\/v2\/types\/product"}],"replies":[{"embeddable":true,"href":"https:\/\/www.dmastro.com.br\/dmastroblog\/wp-json\/wp\/v2\/comments?post=8944"}],"wp:featuredmedia":[{"embeddable":true,"href":"https:\/\/www.dmastro.com.br\/dmastroblog\/wp-json\/wp\/v2\/media\/8969"}],"wp:attachment":[{"href":"https:\/\/www.dmastro.com.br\/dmastroblog\/wp-json\/wp\/v2\/media?parent=8944"}],"wp:term":[{"taxonomy":"product_brand","embeddable":true,"href":"https:\/\/www.dmastro.com.br\/dmastroblog\/wp-json\/wp\/v2\/product_brand?post=8944"},{"taxonomy":"product_cat","embeddable":true,"href":"https:\/\/www.dmastro.com.br\/dmastroblog\/wp-json\/wp\/v2\/product_cat?post=8944"},{"taxonomy":"product_tag","embeddable":true,"href":"https:\/\/www.dmastro.com.br\/dmastroblog\/wp-json\/wp\/v2\/product_tag?post=8944"}],"curies":[{"name":"wp","href":"https:\/\/api.w.org\/{rel}","templated":true}]}}