{"id":8771,"date":"2022-01-07T14:34:15","date_gmt":"2022-01-07T17:34:15","guid":{"rendered":"https:\/\/www.dmastro.com.br\/dmastroblog\/?post_type=product&#038;p=8771"},"modified":"2023-07-24T19:52:19","modified_gmt":"2023-07-24T22:52:19","slug":"consulta-astrologica-com-mazal","status":"publish","type":"product","link":"https:\/\/www.dmastro.com.br\/dmastroblog\/produto\/consulta-astrologica-com-mazal\/","title":{"rendered":"Consulta Astrol\u00f3gica com Mazal"},"content":{"rendered":"<p><span style=\"color: #00ccff; font-size: 18pt;\"><em><strong>Consulta Astrol\u00f3gica com Mazal<\/strong><\/em><\/span><\/p>\n<p>Mazal al\u00e9m de empres\u00e1ria \u00e9 astr\u00f3loga profissional desde 2011. Em sua carreira Mazal, j\u00e1 atendeu milhares de clientes com Mapas Astrais, fazendo previs\u00f5es precisas de acontecimentos importantes. Buscando conhecimento, viajou o mundo para conhecer diferentes culturas e pessoas e tem a meta de atender e melhorar a vida dos seus consultes, trazendo entendimento, para todos a quem atende. Al\u00e9m de ser a for\u00e7a presente, criativa e motora na DMAstro Brasil.<\/p>\n<p>Adentrou ao conhecimento astrol\u00f3gico, atrav\u00e9s do seu pai que j\u00e1 era um iniciado na arte da interpreta\u00e7\u00e3o dos astros.<\/p>\n<p>Formada em Astrologia e Kaballah, na escola m\u00edstica e kabalista de Safed em Israel em 2008.<\/p>\n<p>Ministra cursos de astrologia desde 2019.<\/p>\n<p>Ao compreender o movimento dos planetas no c\u00e9u, voc\u00ea se iluminar\u00e1 sobre as energias que operam ao longo do ano e as influ\u00eancias em sua vida dom\u00e9stica, sa\u00fade, carreira, amigos e destino.<\/p>\n<p>Em \u00faltima an\u00e1lise, o objetivo \u00e9 \u201cseguir o fluxo\u201d das energias e us\u00e1-las da maneira mais positiva.<\/p>\n<p>A vida \u00e9 sobre o tempo. Pode haver muitas oportunidades dispon\u00edveis para voc\u00ea durante um ano, mas se voc\u00ea n\u00e3o souber onde procurar, vai perd\u00ea-las. Da mesma forma com os desafios. Em qualquer ano, haver\u00e1 certos per\u00edodos que ser\u00e3o mais desafiadores do que outros. Por que reservar um evento importante durante um desses tempos desafiadores? Por que n\u00e3o se dar a melhor oportunidade poss\u00edvel a qualquer momento? Esta sess\u00e3o se concentra no seu pr\u00f3ximo ano usando t\u00e9cnicas preditivas, incluindo seu retorno solar, tr\u00e2nsitos, progress\u00f5es, dire\u00e7\u00f5es prim\u00e1rias e arcos solares.<\/p>\n<p>Aqui est\u00e3o mais algumas informa\u00e7\u00f5es sobre retornos e tr\u00e2nsitos planet\u00e1rios:<\/p>\n<p><em><strong>Retorno Solar:<\/strong><\/em><br \/>\nUm retorno solar \u00e9 um mapa que \u00e9 configurado para o momento exato em que o Sol retorna \u00e0 sua posi\u00e7\u00e3o natal em seu mapa natal. Por esta raz\u00e3o, um gr\u00e1fico de retorno solar vai do seu anivers\u00e1rio de um ano ao seu anivers\u00e1rio do ano seguinte \u2013 em ess\u00eancia, o ano solar. O retorno solar mostra temas espec\u00edficos que voc\u00ea encontrar\u00e1 durante seu ano solar.<\/p>\n<p><em><strong>Tr\u00e2nsitos:<\/strong><\/em><br \/>\n\u00c0 medida que os planetas se movem em nosso sistema solar, eles passam \u2013 ou transitam \u2013 por diferentes signos e partes de seu mapa natal, e fazem aspectos com as posi\u00e7\u00f5es dos planetas em seu mapa natal. Esses planetas em tr\u00e2nsito energizam os potenciais latentes prometidos pelo seu mapa natal e desencadeiam o comportamento e os eventos que se tornam parte de sua experi\u00eancia di\u00e1ria. Algumas dessas libera\u00e7\u00f5es de energia s\u00e3o ben\u00e9ficas, enquanto outras podem ser muito desafiadoras.<\/p>\n<p style=\"text-align: center;\"><span style=\"color: #00ccff; font-size: 18pt;\"><em><strong>Consulta Astrol\u00f3gica com Mazal<\/strong><\/em><\/span><\/p>\n<p><em><strong>RS 399,00 | 1 hora de dura\u00e7\u00e3o<\/strong><\/em><\/p>\n<p>Uma vis\u00e3o geral do seu pr\u00f3ximo ano usando o retorno solar e tr\u00e2nsitos. Ciclos, temas e datas-chave para o ano s\u00e3o discutidos.<br \/>\nS\u00e3o necess\u00e1rios dados de nascimento precisos. Hora de nascimento, data, ano, local de nascimento e onde voc\u00ea estava &#8211; ou estar\u00e1 &#8211; no anivers\u00e1rio deste ano.<\/p>\n<p>A consulta com a astr\u00f3loga Mazal \u00e9 uma sess\u00e3o interativa realizada via Zoom, com acesso para grav\u00e1-la do seu lado. O gr\u00e1fico (mapa) ser\u00e1 enviado com anteced\u00eancia para dar uma ideia do que vamos falar.<\/p>\n<p>A astr\u00f3loga Mazal tem vasta experi\u00eancia na arte preditiva. Al\u00e9m de astr\u00f3loga e consultora, Mazal tamb\u00e9m ministra cursos de astrologia e escreve hor\u00f3scopos mensalmente para a revista &#8220;Circuito&#8221; de S\u00e3o Paulo.<\/p>\n","protected":false},"excerpt":{"rendered":"<p style=\"text-align: center;\"><span style=\"color: #00ccff; font-size: 18pt;\"><em><strong>Consulta Astrol\u00f3gica com Mazal<\/strong><\/em><\/span><\/p>\n<p><em><strong>RS 399,00 | 1 hora de dura\u00e7\u00e3o<\/strong><\/em><\/p>\n<p>Uma vis\u00e3o geral do seu pr\u00f3ximo ano usando o retorno solar e tr\u00e2nsitos. Ciclos, temas e datas-chave para o ano s\u00e3o discutidos.<br \/>\nS\u00e3o necess\u00e1rios dados de nascimento precisos. Hora de nascimento, data, ano, local de nascimento e onde voc\u00ea estava &#8211; ou estar\u00e1 &#8211; no anivers\u00e1rio deste ano.<\/p>\n<p>A consulta com a astr\u00f3loga Mazal \u00e9 uma sess\u00e3o interativa realizada via Zoom, com acesso para grav\u00e1-la do seu lado. O gr\u00e1fico (mapa) ser\u00e1 enviado com anteced\u00eancia para dar uma ideia do que vamos falar.<\/p>\n","protected":false},"featured_media":8772,"comment_status":"closed","ping_status":"closed","template":"","meta":{"_themeisle_gutenberg_block_has_review":false,"jetpack_post_was_ever_published":false,"jetpack_publicize_message":"Consulta Astrol\u00f3gica com Anna Maria Costa Ribeiro","jetpack_publicize_feature_enabled":true,"jetpack_social_post_already_shared":true,"jetpack_social_options":{"image_generator_settings":{"template":"highway","default_image_id":0,"font":"","enabled":false},"version":2}},"product_brand":[],"product_cat":[52,1278,814,96,86,89,95,93,88,90,92,97,94,87,91],"product_tag":[76,164,165,1590],"class_list":{"0":"post-8771","1":"product","2":"type-product","3":"status-publish","4":"has-post-thumbnail","6":"product_cat-astrologia","7":"product_cat-astrologia-consulta","8":"product_cat-consulta","9":"product_cat-signo-aquario","10":"product_cat-signo-aries","11":"product_cat-signo-cancer","12":"product_cat-signo-capricornio","13":"product_cat-signo-escorpiao","14":"product_cat-signo-gemeos","15":"product_cat-signo-leao","16":"product_cat-signo-libra","17":"product_cat-signo-peixes","18":"product_cat-signo-sagitario","19":"product_cat-signo-touro","20":"product_cat-signo-virgem","21":"product_tag-astrologia","22":"product_tag-consulta-astrologica","23":"product_tag-mapa-astral","24":"product_tag-mazal","25":"post","27":"first","28":"instock","29":"sale","30":"virtual","31":"taxable","32":"purchasable","33":"product-type-simple"},"composite_virtual":false,"composite_layout":"","composite_add_to_cart_form_location":"","composite_editable_in_cart":false,"composite_sold_individually_context":"","composite_shop_price_calc":"","composite_components":[],"composite_scenarios":[],"yoast_head":"<!-- This site is optimized with the Yoast SEO Premium plugin v22.9 (Yoast SEO v27.3) - https:\/\/yoast.com\/product\/yoast-seo-premium-wordpress\/ -->\n<title>Consulta Astrol\u00f3gica com Mazal<\/title>\n<meta name=\"description\" content=\"Consulta Astrol\u00f3gica com Mazal\" \/>\n<meta name=\"robots\" content=\"index, follow, max-snippet:-1, max-image-preview:large, max-video-preview:-1\" \/>\n<link rel=\"canonical\" href=\"https:\/\/www.dmastro.com.br\/dmastroblog\/produto\/consulta-astrologica-com-mazal\/\" \/>\n<meta property=\"og:locale\" content=\"pt_BR\" \/>\n<meta property=\"og:type\" content=\"article\" \/>\n<meta property=\"og:title\" content=\"Consulta Astrol\u00f3gica com Mazal\" \/>\n<meta property=\"og:description\" content=\"Consulta Astrol\u00f3gica com Mazal\" \/>\n<meta property=\"og:url\" content=\"https:\/\/www.dmastro.com.br\/dmastroblog\/produto\/consulta-astrologica-com-mazal\/\" \/>\n<meta property=\"og:site_name\" content=\"Escola de Astrologia DMAstro\" \/>\n<meta property=\"article:publisher\" content=\"https:\/\/www.facebook.com\/dmastrobr\" \/>\n<meta property=\"article:modified_time\" content=\"2023-07-24T22:52:19+00:00\" \/>\n<meta property=\"og:image\" content=\"https:\/\/www.dmastro.com.br\/dmastroblog\/wp-content\/uploads\/2022\/01\/Tais-Sandor-astrologa-DMAstro.jpg\" \/>\n\t<meta property=\"og:image:width\" content=\"672\" \/>\n\t<meta property=\"og:image:height\" content=\"596\" \/>\n\t<meta property=\"og:image:type\" content=\"image\/jpeg\" \/>\n<meta name=\"twitter:card\" content=\"summary_large_image\" \/>\n<meta name=\"twitter:site\" content=\"@dmastrobrasil\" \/>\n<meta name=\"twitter:label1\" content=\"Pre\u00e7o\" \/>\n\t<meta name=\"twitter:data1\" content=\"&#082;&#036;399,00\" \/>\n\t<meta name=\"twitter:label2\" content=\"Disponibilidade\" \/>\n\t<meta name=\"twitter:data2\" content=\"Em Estoque\" \/>\n<script type=\"application\/ld+json\" class=\"yoast-schema-graph\">{\"@context\":\"https:\\\/\\\/schema.org\",\"@graph\":[{\"@type\":\"WebPage\",\"@id\":\"https:\\\/\\\/www.dmastro.com.br\\\/dmastroblog\\\/produto\\\/consulta-astrologica-com-mazal\\\/\",\"url\":\"https:\\\/\\\/www.dmastro.com.br\\\/dmastroblog\\\/produto\\\/consulta-astrologica-com-mazal\\\/\",\"name\":\"Consulta Astrol\u00f3gica com Mazal\",\"isPartOf\":{\"@id\":\"https:\\\/\\\/www.dmastro.com.br\\\/dmastroblog\\\/#website\"},\"primaryImageOfPage\":{\"@id\":\"https:\\\/\\\/www.dmastro.com.br\\\/dmastroblog\\\/produto\\\/consulta-astrologica-com-mazal\\\/#primaryimage\"},\"image\":{\"@id\":\"https:\\\/\\\/www.dmastro.com.br\\\/dmastroblog\\\/produto\\\/consulta-astrologica-com-mazal\\\/#primaryimage\"},\"thumbnailUrl\":\"https:\\\/\\\/i0.wp.com\\\/www.dmastro.com.br\\\/dmastroblog\\\/wp-content\\\/uploads\\\/2022\\\/01\\\/Tais-Sandor-astrologa-DMAstro.jpg?fit=672%2C596&ssl=1\",\"datePublished\":\"2022-01-07T17:34:15+00:00\",\"dateModified\":\"2023-07-24T22:52:19+00:00\",\"description\":\"Consulta Astrol\u00f3gica com Mazal\",\"breadcrumb\":{\"@id\":\"https:\\\/\\\/www.dmastro.com.br\\\/dmastroblog\\\/produto\\\/consulta-astrologica-com-mazal\\\/#breadcrumb\"},\"inLanguage\":\"pt-BR\",\"potentialAction\":[{\"@type\":\"ReadAction\",\"target\":[\"https:\\\/\\\/www.dmastro.com.br\\\/dmastroblog\\\/produto\\\/consulta-astrologica-com-mazal\\\/\"]}]},{\"@type\":\"ImageObject\",\"inLanguage\":\"pt-BR\",\"@id\":\"https:\\\/\\\/www.dmastro.com.br\\\/dmastroblog\\\/produto\\\/consulta-astrologica-com-mazal\\\/#primaryimage\",\"url\":\"https:\\\/\\\/i0.wp.com\\\/www.dmastro.com.br\\\/dmastroblog\\\/wp-content\\\/uploads\\\/2022\\\/01\\\/Tais-Sandor-astrologa-DMAstro.jpg?fit=672%2C596&ssl=1\",\"contentUrl\":\"https:\\\/\\\/i0.wp.com\\\/www.dmastro.com.br\\\/dmastroblog\\\/wp-content\\\/uploads\\\/2022\\\/01\\\/Tais-Sandor-astrologa-DMAstro.jpg?fit=672%2C596&ssl=1\",\"width\":672,\"height\":596,\"caption\":\"Tais Sandor astrologa consultas transitos sinastria empresarial revolu\u00e7\u00e3o solar sinastria DMAstro\"},{\"@type\":\"BreadcrumbList\",\"@id\":\"https:\\\/\\\/www.dmastro.com.br\\\/dmastroblog\\\/produto\\\/consulta-astrologica-com-mazal\\\/#breadcrumb\",\"itemListElement\":[{\"@type\":\"ListItem\",\"position\":1,\"name\":\"In\u00edcio\",\"item\":\"https:\\\/\\\/www.dmastro.com.br\\\/dmastroblog\\\/\"},{\"@type\":\"ListItem\",\"position\":2,\"name\":\"Loja\",\"item\":\"https:\\\/\\\/www.dmastro.com.br\\\/dmastroblog\\\/loja\\\/\"},{\"@type\":\"ListItem\",\"position\":3,\"name\":\"Consulta Astrol\u00f3gica com Mazal\"}]},{\"@type\":\"WebSite\",\"@id\":\"https:\\\/\\\/www.dmastro.com.br\\\/dmastroblog\\\/#website\",\"url\":\"https:\\\/\\\/www.dmastro.com.br\\\/dmastroblog\\\/\",\"name\":\"DMAstro Brasil\",\"description\":\"Curso Completo de Forma\u00e7\u00e3o\",\"publisher\":{\"@id\":\"https:\\\/\\\/www.dmastro.com.br\\\/dmastroblog\\\/#organization\"},\"potentialAction\":[{\"@type\":\"SearchAction\",\"target\":{\"@type\":\"EntryPoint\",\"urlTemplate\":\"https:\\\/\\\/www.dmastro.com.br\\\/dmastroblog\\\/?s={search_term_string}\"},\"query-input\":{\"@type\":\"PropertyValueSpecification\",\"valueRequired\":true,\"valueName\":\"search_term_string\"}}],\"inLanguage\":\"pt-BR\"},{\"@type\":\"Organization\",\"@id\":\"https:\\\/\\\/www.dmastro.com.br\\\/dmastroblog\\\/#organization\",\"name\":\"DMAstro Brasil\",\"url\":\"https:\\\/\\\/www.dmastro.com.br\\\/dmastroblog\\\/\",\"logo\":{\"@type\":\"ImageObject\",\"inLanguage\":\"pt-BR\",\"@id\":\"https:\\\/\\\/www.dmastro.com.br\\\/dmastroblog\\\/#\\\/schema\\\/logo\\\/image\\\/\",\"url\":\"https:\\\/\\\/www.dmastro.com.br\\\/dmastroblog\\\/wp-content\\\/uploads\\\/2018\\\/12\\\/logotipo-dmastro-brasil.png\",\"contentUrl\":\"https:\\\/\\\/www.dmastro.com.br\\\/dmastroblog\\\/wp-content\\\/uploads\\\/2018\\\/12\\\/logotipo-dmastro-brasil.png\",\"width\":180,\"height\":180,\"caption\":\"DMAstro Brasil\"},\"image\":{\"@id\":\"https:\\\/\\\/www.dmastro.com.br\\\/dmastroblog\\\/#\\\/schema\\\/logo\\\/image\\\/\"},\"sameAs\":[\"https:\\\/\\\/www.facebook.com\\\/dmastrobr\",\"https:\\\/\\\/x.com\\\/dmastrobrasil\",\"https:\\\/\\\/www.instagram.com\\\/dmastrobrasil\\\/\"]}]}<\/script>\n<meta property=\"product:price:amount\" content=\"399.00\" \/>\n<meta property=\"product:price:currency\" content=\"BRL\" \/>\n<meta property=\"og:availability\" content=\"instock\" \/>\n<meta property=\"product:availability\" content=\"instock\" \/>\n<meta property=\"product:condition\" content=\"new\" \/>\n<!-- \/ Yoast SEO Premium plugin. -->","yoast_head_json":{"title":"Consulta Astrol\u00f3gica com Mazal","description":"Consulta Astrol\u00f3gica com Mazal","robots":{"index":"index","follow":"follow","max-snippet":"max-snippet:-1","max-image-preview":"max-image-preview:large","max-video-preview":"max-video-preview:-1"},"canonical":"https:\/\/www.dmastro.com.br\/dmastroblog\/produto\/consulta-astrologica-com-mazal\/","og_locale":"pt_BR","og_type":"article","og_title":"Consulta Astrol\u00f3gica com Mazal","og_description":"Consulta Astrol\u00f3gica com Mazal","og_url":"https:\/\/www.dmastro.com.br\/dmastroblog\/produto\/consulta-astrologica-com-mazal\/","og_site_name":"Escola de Astrologia DMAstro","article_publisher":"https:\/\/www.facebook.com\/dmastrobr","article_modified_time":"2023-07-24T22:52:19+00:00","og_image":[{"width":672,"height":596,"url":"https:\/\/www.dmastro.com.br\/dmastroblog\/wp-content\/uploads\/2022\/01\/Tais-Sandor-astrologa-DMAstro.jpg","type":"image\/jpeg"}],"twitter_card":"summary_large_image","twitter_site":"@dmastrobrasil","twitter_misc":{"Pre\u00e7o":"&#82;&#36;399,00","Disponibilidade":"Em Estoque"},"schema":{"@context":"https:\/\/schema.org","@graph":[{"@type":"WebPage","@id":"https:\/\/www.dmastro.com.br\/dmastroblog\/produto\/consulta-astrologica-com-mazal\/","url":"https:\/\/www.dmastro.com.br\/dmastroblog\/produto\/consulta-astrologica-com-mazal\/","name":"Consulta Astrol\u00f3gica com Mazal","isPartOf":{"@id":"https:\/\/www.dmastro.com.br\/dmastroblog\/#website"},"primaryImageOfPage":{"@id":"https:\/\/www.dmastro.com.br\/dmastroblog\/produto\/consulta-astrologica-com-mazal\/#primaryimage"},"image":{"@id":"https:\/\/www.dmastro.com.br\/dmastroblog\/produto\/consulta-astrologica-com-mazal\/#primaryimage"},"thumbnailUrl":"https:\/\/i0.wp.com\/www.dmastro.com.br\/dmastroblog\/wp-content\/uploads\/2022\/01\/Tais-Sandor-astrologa-DMAstro.jpg?fit=672%2C596&ssl=1","datePublished":"2022-01-07T17:34:15+00:00","dateModified":"2023-07-24T22:52:19+00:00","description":"Consulta Astrol\u00f3gica com Mazal","breadcrumb":{"@id":"https:\/\/www.dmastro.com.br\/dmastroblog\/produto\/consulta-astrologica-com-mazal\/#breadcrumb"},"inLanguage":"pt-BR","potentialAction":[{"@type":"ReadAction","target":["https:\/\/www.dmastro.com.br\/dmastroblog\/produto\/consulta-astrologica-com-mazal\/"]}]},{"@type":"ImageObject","inLanguage":"pt-BR","@id":"https:\/\/www.dmastro.com.br\/dmastroblog\/produto\/consulta-astrologica-com-mazal\/#primaryimage","url":"https:\/\/i0.wp.com\/www.dmastro.com.br\/dmastroblog\/wp-content\/uploads\/2022\/01\/Tais-Sandor-astrologa-DMAstro.jpg?fit=672%2C596&ssl=1","contentUrl":"https:\/\/i0.wp.com\/www.dmastro.com.br\/dmastroblog\/wp-content\/uploads\/2022\/01\/Tais-Sandor-astrologa-DMAstro.jpg?fit=672%2C596&ssl=1","width":672,"height":596,"caption":"Tais Sandor astrologa consultas transitos sinastria empresarial revolu\u00e7\u00e3o solar sinastria DMAstro"},{"@type":"BreadcrumbList","@id":"https:\/\/www.dmastro.com.br\/dmastroblog\/produto\/consulta-astrologica-com-mazal\/#breadcrumb","itemListElement":[{"@type":"ListItem","position":1,"name":"In\u00edcio","item":"https:\/\/www.dmastro.com.br\/dmastroblog\/"},{"@type":"ListItem","position":2,"name":"Loja","item":"https:\/\/www.dmastro.com.br\/dmastroblog\/loja\/"},{"@type":"ListItem","position":3,"name":"Consulta Astrol\u00f3gica com Mazal"}]},{"@type":"WebSite","@id":"https:\/\/www.dmastro.com.br\/dmastroblog\/#website","url":"https:\/\/www.dmastro.com.br\/dmastroblog\/","name":"DMAstro Brasil","description":"Curso Completo de Forma\u00e7\u00e3o","publisher":{"@id":"https:\/\/www.dmastro.com.br\/dmastroblog\/#organization"},"potentialAction":[{"@type":"SearchAction","target":{"@type":"EntryPoint","urlTemplate":"https:\/\/www.dmastro.com.br\/dmastroblog\/?s={search_term_string}"},"query-input":{"@type":"PropertyValueSpecification","valueRequired":true,"valueName":"search_term_string"}}],"inLanguage":"pt-BR"},{"@type":"Organization","@id":"https:\/\/www.dmastro.com.br\/dmastroblog\/#organization","name":"DMAstro Brasil","url":"https:\/\/www.dmastro.com.br\/dmastroblog\/","logo":{"@type":"ImageObject","inLanguage":"pt-BR","@id":"https:\/\/www.dmastro.com.br\/dmastroblog\/#\/schema\/logo\/image\/","url":"https:\/\/www.dmastro.com.br\/dmastroblog\/wp-content\/uploads\/2018\/12\/logotipo-dmastro-brasil.png","contentUrl":"https:\/\/www.dmastro.com.br\/dmastroblog\/wp-content\/uploads\/2018\/12\/logotipo-dmastro-brasil.png","width":180,"height":180,"caption":"DMAstro Brasil"},"image":{"@id":"https:\/\/www.dmastro.com.br\/dmastroblog\/#\/schema\/logo\/image\/"},"sameAs":["https:\/\/www.facebook.com\/dmastrobr","https:\/\/x.com\/dmastrobrasil","https:\/\/www.instagram.com\/dmastrobrasil\/"]}]},"product_price_amount":"399.00","product_price_currency":"BRL","og_availability":"instock","product_availability":"instock","product_condition":"new"},"jetpack_publicize_connections":[],"jetpack_sharing_enabled":true,"jetpack_likes_enabled":false,"publishpress_future_workflow_manual_trigger":{"enabledWorkflows":[]},"_links":{"self":[{"href":"https:\/\/www.dmastro.com.br\/dmastroblog\/wp-json\/wp\/v2\/product\/8771","targetHints":{"allow":["GET"]}}],"collection":[{"href":"https:\/\/www.dmastro.com.br\/dmastroblog\/wp-json\/wp\/v2\/product"}],"about":[{"href":"https:\/\/www.dmastro.com.br\/dmastroblog\/wp-json\/wp\/v2\/types\/product"}],"replies":[{"embeddable":true,"href":"https:\/\/www.dmastro.com.br\/dmastroblog\/wp-json\/wp\/v2\/comments?post=8771"}],"wp:featuredmedia":[{"embeddable":true,"href":"https:\/\/www.dmastro.com.br\/dmastroblog\/wp-json\/wp\/v2\/media\/8772"}],"wp:attachment":[{"href":"https:\/\/www.dmastro.com.br\/dmastroblog\/wp-json\/wp\/v2\/media?parent=8771"}],"wp:term":[{"taxonomy":"product_brand","embeddable":true,"href":"https:\/\/www.dmastro.com.br\/dmastroblog\/wp-json\/wp\/v2\/product_brand?post=8771"},{"taxonomy":"product_cat","embeddable":true,"href":"https:\/\/www.dmastro.com.br\/dmastroblog\/wp-json\/wp\/v2\/product_cat?post=8771"},{"taxonomy":"product_tag","embeddable":true,"href":"https:\/\/www.dmastro.com.br\/dmastroblog\/wp-json\/wp\/v2\/product_tag?post=8771"}],"curies":[{"name":"wp","href":"https:\/\/api.w.org\/{rel}","templated":true}]}}