{"id":8617,"date":"2021-12-06T20:01:05","date_gmt":"2021-12-06T23:01:05","guid":{"rendered":"https:\/\/www.dmastro.com.br\/dmastroblog\/?post_type=product&#038;p=8617"},"modified":"2021-12-08T13:20:34","modified_gmt":"2021-12-08T16:20:34","slug":"calendario-de-previsoes-e-transitos-2022-anuais","status":"publish","type":"product","link":"https:\/\/www.dmastro.com.br\/dmastroblog\/produto\/calendario-de-previsoes-e-transitos-2022-anuais\/","title":{"rendered":"Calend\u00e1rio de previs\u00f5es e tr\u00e2nsitos 2022 anuais"},"content":{"rendered":"<p>O Calend\u00e1rio de previs\u00f5es di\u00e1rias da DMAstro, personalizado para voc\u00ea, pode ser colocado na agenda do seu telefone Android e iPhone, disparando alarmes, quando os tr\u00e2nsitos est\u00e3o para acontecer. Voc\u00ea pode ter acesso as seguintes informa\u00e7\u00f5es no seu calend\u00e1rio: Tr\u00e2nsitos do seu Mapa Astral Natal, Tr\u00e2nsitos para Tr\u00e2nsitos, Progress\u00f5es do seu Mapa Natal, Entradas de Planetas nas Casas, Entradas de Planetas nos Signos, Paralelos de Declina\u00e7\u00e3o, Per\u00edodos de Paradas de Planetas.<\/p>\n","protected":false},"excerpt":{"rendered":"<p>O Calend\u00e1rio de previs\u00f5es di\u00e1rias da DMAstro, personalizado para voc\u00ea, pode ser colocado na agenda do seu telefone Android e iPhone, disparando alarmes, quando os tr\u00e2nsitos est\u00e3o para acontecer. Voc\u00ea pode ter acesso as seguintes informa\u00e7\u00f5es no seu calend\u00e1rio: Tr\u00e2nsitos do seu Mapa Astral Natal, Tr\u00e2nsitos para Tr\u00e2nsitos, Progress\u00f5es do seu Mapa Natal, Entradas de Planetas nas Casas, Entradas de Planetas nos Signos, Paralelos de Declina\u00e7\u00e3o, Per\u00edodos de Paradas de Planetas.<\/p>\n","protected":false},"featured_media":8623,"comment_status":"open","ping_status":"closed","template":"","meta":{"_themeisle_gutenberg_block_has_review":false,"jetpack_post_was_ever_published":false,"jetpack_publicize_message":"","jetpack_publicize_feature_enabled":true,"jetpack_social_post_already_shared":true,"jetpack_social_options":{"image_generator_settings":{"template":"highway","default_image_id":0,"font":"","enabled":false},"version":2}},"product_brand":[],"product_cat":[52],"product_tag":[],"class_list":{"0":"post-8617","1":"product","2":"type-product","3":"status-publish","4":"has-post-thumbnail","6":"product_cat-astrologia","7":"post","9":"first","10":"instock","11":"sale","12":"virtual","13":"taxable","14":"purchasable","15":"product-type-simple"},"composite_virtual":false,"composite_layout":"","composite_add_to_cart_form_location":"","composite_editable_in_cart":false,"composite_sold_individually_context":"","composite_shop_price_calc":"","composite_components":[],"composite_scenarios":[],"yoast_head":"<!-- This site is optimized with the Yoast SEO Premium plugin v22.9 (Yoast SEO v27.3) - https:\/\/yoast.com\/product\/yoast-seo-premium-wordpress\/ -->\n<title>Calend\u00e1rio de previs\u00f5es e tr\u00e2nsitos 2022 anuais - Escola de Astrologia DMAstro<\/title>\n<meta name=\"robots\" content=\"index, follow, max-snippet:-1, max-image-preview:large, max-video-preview:-1\" \/>\n<link rel=\"canonical\" href=\"https:\/\/www.dmastro.com.br\/dmastroblog\/produto\/calendario-de-previsoes-e-transitos-2022-anuais\/\" \/>\n<meta property=\"og:locale\" content=\"pt_BR\" \/>\n<meta property=\"og:type\" content=\"article\" \/>\n<meta property=\"og:title\" content=\"Calend\u00e1rio de previs\u00f5es e tr\u00e2nsitos 2022 anuais\" \/>\n<meta property=\"og:description\" content=\"O Calend\u00e1rio de previs\u00f5es di\u00e1rias da DMAstro, personalizado para voc\u00ea, pode ser colocado na agenda do seu telefone Android e iPhone, disparando alarmes, quando os tr\u00e2nsitos est\u00e3o para acontecer. Voc\u00ea pode ter acesso as seguintes informa\u00e7\u00f5es no seu calend\u00e1rio: Tr\u00e2nsitos do seu Mapa Astral Natal, Tr\u00e2nsitos para Tr\u00e2nsitos, Progress\u00f5es do seu Mapa Natal, Entradas de Planetas nas Casas, Entradas de Planetas nos Signos, Paralelos de Declina\u00e7\u00e3o, Per\u00edodos de Paradas de Planetas.\" \/>\n<meta property=\"og:url\" content=\"https:\/\/www.dmastro.com.br\/dmastroblog\/produto\/calendario-de-previsoes-e-transitos-2022-anuais\/\" \/>\n<meta property=\"og:site_name\" content=\"Escola de Astrologia DMAstro\" \/>\n<meta property=\"article:publisher\" content=\"https:\/\/www.facebook.com\/dmastrobr\" \/>\n<meta property=\"article:modified_time\" content=\"2021-12-08T16:20:34+00:00\" \/>\n<meta property=\"og:image\" content=\"https:\/\/www.dmastro.com.br\/dmastroblog\/wp-content\/uploads\/2021\/12\/WhatsApp-Image-2021-12-04-at-16.00.39.jpeg\" \/>\n\t<meta property=\"og:image:width\" content=\"720\" \/>\n\t<meta property=\"og:image:height\" content=\"1560\" \/>\n\t<meta property=\"og:image:type\" content=\"image\/jpeg\" \/>\n<meta name=\"twitter:card\" content=\"summary_large_image\" \/>\n<meta name=\"twitter:site\" content=\"@dmastrobrasil\" \/>\n<meta name=\"twitter:label1\" content=\"Pre\u00e7o\" \/>\n\t<meta name=\"twitter:data1\" content=\"&#082;&#036;139,00\" \/>\n\t<meta name=\"twitter:label2\" content=\"Disponibilidade\" \/>\n\t<meta name=\"twitter:data2\" content=\"Em Estoque\" \/>\n<script type=\"application\/ld+json\" class=\"yoast-schema-graph\">{\"@context\":\"https:\\\/\\\/schema.org\",\"@graph\":[{\"@type\":\"WebPage\",\"@id\":\"https:\\\/\\\/www.dmastro.com.br\\\/dmastroblog\\\/produto\\\/calendario-de-previsoes-e-transitos-2022-anuais\\\/\",\"url\":\"https:\\\/\\\/www.dmastro.com.br\\\/dmastroblog\\\/produto\\\/calendario-de-previsoes-e-transitos-2022-anuais\\\/\",\"name\":\"Calend\u00e1rio de previs\u00f5es e tr\u00e2nsitos 2022 anuais - Escola de Astrologia DMAstro\",\"isPartOf\":{\"@id\":\"https:\\\/\\\/www.dmastro.com.br\\\/dmastroblog\\\/#website\"},\"primaryImageOfPage\":{\"@id\":\"https:\\\/\\\/www.dmastro.com.br\\\/dmastroblog\\\/produto\\\/calendario-de-previsoes-e-transitos-2022-anuais\\\/#primaryimage\"},\"image\":{\"@id\":\"https:\\\/\\\/www.dmastro.com.br\\\/dmastroblog\\\/produto\\\/calendario-de-previsoes-e-transitos-2022-anuais\\\/#primaryimage\"},\"thumbnailUrl\":\"https:\\\/\\\/i0.wp.com\\\/www.dmastro.com.br\\\/dmastroblog\\\/wp-content\\\/uploads\\\/2021\\\/12\\\/WhatsApp-Image-2021-12-04-at-16.00.39.jpeg?fit=720%2C1560&ssl=1\",\"datePublished\":\"2021-12-06T23:01:05+00:00\",\"dateModified\":\"2021-12-08T16:20:34+00:00\",\"breadcrumb\":{\"@id\":\"https:\\\/\\\/www.dmastro.com.br\\\/dmastroblog\\\/produto\\\/calendario-de-previsoes-e-transitos-2022-anuais\\\/#breadcrumb\"},\"inLanguage\":\"pt-BR\",\"potentialAction\":[{\"@type\":\"ReadAction\",\"target\":[\"https:\\\/\\\/www.dmastro.com.br\\\/dmastroblog\\\/produto\\\/calendario-de-previsoes-e-transitos-2022-anuais\\\/\"]}]},{\"@type\":\"ImageObject\",\"inLanguage\":\"pt-BR\",\"@id\":\"https:\\\/\\\/www.dmastro.com.br\\\/dmastroblog\\\/produto\\\/calendario-de-previsoes-e-transitos-2022-anuais\\\/#primaryimage\",\"url\":\"https:\\\/\\\/i0.wp.com\\\/www.dmastro.com.br\\\/dmastroblog\\\/wp-content\\\/uploads\\\/2021\\\/12\\\/WhatsApp-Image-2021-12-04-at-16.00.39.jpeg?fit=720%2C1560&ssl=1\",\"contentUrl\":\"https:\\\/\\\/i0.wp.com\\\/www.dmastro.com.br\\\/dmastroblog\\\/wp-content\\\/uploads\\\/2021\\\/12\\\/WhatsApp-Image-2021-12-04-at-16.00.39.jpeg?fit=720%2C1560&ssl=1\",\"width\":720,\"height\":1560},{\"@type\":\"BreadcrumbList\",\"@id\":\"https:\\\/\\\/www.dmastro.com.br\\\/dmastroblog\\\/produto\\\/calendario-de-previsoes-e-transitos-2022-anuais\\\/#breadcrumb\",\"itemListElement\":[{\"@type\":\"ListItem\",\"position\":1,\"name\":\"In\u00edcio\",\"item\":\"https:\\\/\\\/www.dmastro.com.br\\\/dmastroblog\\\/\"},{\"@type\":\"ListItem\",\"position\":2,\"name\":\"Loja\",\"item\":\"https:\\\/\\\/www.dmastro.com.br\\\/dmastroblog\\\/loja\\\/\"},{\"@type\":\"ListItem\",\"position\":3,\"name\":\"Calend\u00e1rio de previs\u00f5es e tr\u00e2nsitos 2022 anuais\"}]},{\"@type\":\"WebSite\",\"@id\":\"https:\\\/\\\/www.dmastro.com.br\\\/dmastroblog\\\/#website\",\"url\":\"https:\\\/\\\/www.dmastro.com.br\\\/dmastroblog\\\/\",\"name\":\"DMAstro Brasil\",\"description\":\"Curso Completo de Forma\u00e7\u00e3o\",\"publisher\":{\"@id\":\"https:\\\/\\\/www.dmastro.com.br\\\/dmastroblog\\\/#organization\"},\"potentialAction\":[{\"@type\":\"SearchAction\",\"target\":{\"@type\":\"EntryPoint\",\"urlTemplate\":\"https:\\\/\\\/www.dmastro.com.br\\\/dmastroblog\\\/?s={search_term_string}\"},\"query-input\":{\"@type\":\"PropertyValueSpecification\",\"valueRequired\":true,\"valueName\":\"search_term_string\"}}],\"inLanguage\":\"pt-BR\"},{\"@type\":\"Organization\",\"@id\":\"https:\\\/\\\/www.dmastro.com.br\\\/dmastroblog\\\/#organization\",\"name\":\"DMAstro Brasil\",\"url\":\"https:\\\/\\\/www.dmastro.com.br\\\/dmastroblog\\\/\",\"logo\":{\"@type\":\"ImageObject\",\"inLanguage\":\"pt-BR\",\"@id\":\"https:\\\/\\\/www.dmastro.com.br\\\/dmastroblog\\\/#\\\/schema\\\/logo\\\/image\\\/\",\"url\":\"https:\\\/\\\/www.dmastro.com.br\\\/dmastroblog\\\/wp-content\\\/uploads\\\/2018\\\/12\\\/logotipo-dmastro-brasil.png\",\"contentUrl\":\"https:\\\/\\\/www.dmastro.com.br\\\/dmastroblog\\\/wp-content\\\/uploads\\\/2018\\\/12\\\/logotipo-dmastro-brasil.png\",\"width\":180,\"height\":180,\"caption\":\"DMAstro Brasil\"},\"image\":{\"@id\":\"https:\\\/\\\/www.dmastro.com.br\\\/dmastroblog\\\/#\\\/schema\\\/logo\\\/image\\\/\"},\"sameAs\":[\"https:\\\/\\\/www.facebook.com\\\/dmastrobr\",\"https:\\\/\\\/x.com\\\/dmastrobrasil\",\"https:\\\/\\\/www.instagram.com\\\/dmastrobrasil\\\/\"]}]}<\/script>\n<meta property=\"product:price:amount\" content=\"139.00\" \/>\n<meta property=\"product:price:currency\" content=\"BRL\" \/>\n<meta property=\"og:availability\" content=\"instock\" \/>\n<meta property=\"product:availability\" content=\"instock\" \/>\n<meta property=\"product:condition\" content=\"new\" \/>\n<!-- \/ Yoast SEO Premium plugin. -->","yoast_head_json":{"title":"Calend\u00e1rio de previs\u00f5es e tr\u00e2nsitos 2022 anuais - Escola de Astrologia DMAstro","robots":{"index":"index","follow":"follow","max-snippet":"max-snippet:-1","max-image-preview":"max-image-preview:large","max-video-preview":"max-video-preview:-1"},"canonical":"https:\/\/www.dmastro.com.br\/dmastroblog\/produto\/calendario-de-previsoes-e-transitos-2022-anuais\/","og_locale":"pt_BR","og_type":"article","og_title":"Calend\u00e1rio de previs\u00f5es e tr\u00e2nsitos 2022 anuais","og_description":"O Calend\u00e1rio de previs\u00f5es di\u00e1rias da DMAstro, personalizado para voc\u00ea, pode ser colocado na agenda do seu telefone Android e iPhone, disparando alarmes, quando os tr\u00e2nsitos est\u00e3o para acontecer. Voc\u00ea pode ter acesso as seguintes informa\u00e7\u00f5es no seu calend\u00e1rio: Tr\u00e2nsitos do seu Mapa Astral Natal, Tr\u00e2nsitos para Tr\u00e2nsitos, Progress\u00f5es do seu Mapa Natal, Entradas de Planetas nas Casas, Entradas de Planetas nos Signos, Paralelos de Declina\u00e7\u00e3o, Per\u00edodos de Paradas de Planetas.","og_url":"https:\/\/www.dmastro.com.br\/dmastroblog\/produto\/calendario-de-previsoes-e-transitos-2022-anuais\/","og_site_name":"Escola de Astrologia DMAstro","article_publisher":"https:\/\/www.facebook.com\/dmastrobr","article_modified_time":"2021-12-08T16:20:34+00:00","og_image":[{"width":720,"height":1560,"url":"https:\/\/www.dmastro.com.br\/dmastroblog\/wp-content\/uploads\/2021\/12\/WhatsApp-Image-2021-12-04-at-16.00.39.jpeg","type":"image\/jpeg"}],"twitter_card":"summary_large_image","twitter_site":"@dmastrobrasil","twitter_misc":{"Pre\u00e7o":"&#82;&#36;139,00","Disponibilidade":"Em Estoque"},"schema":{"@context":"https:\/\/schema.org","@graph":[{"@type":"WebPage","@id":"https:\/\/www.dmastro.com.br\/dmastroblog\/produto\/calendario-de-previsoes-e-transitos-2022-anuais\/","url":"https:\/\/www.dmastro.com.br\/dmastroblog\/produto\/calendario-de-previsoes-e-transitos-2022-anuais\/","name":"Calend\u00e1rio de previs\u00f5es e tr\u00e2nsitos 2022 anuais - Escola de Astrologia DMAstro","isPartOf":{"@id":"https:\/\/www.dmastro.com.br\/dmastroblog\/#website"},"primaryImageOfPage":{"@id":"https:\/\/www.dmastro.com.br\/dmastroblog\/produto\/calendario-de-previsoes-e-transitos-2022-anuais\/#primaryimage"},"image":{"@id":"https:\/\/www.dmastro.com.br\/dmastroblog\/produto\/calendario-de-previsoes-e-transitos-2022-anuais\/#primaryimage"},"thumbnailUrl":"https:\/\/i0.wp.com\/www.dmastro.com.br\/dmastroblog\/wp-content\/uploads\/2021\/12\/WhatsApp-Image-2021-12-04-at-16.00.39.jpeg?fit=720%2C1560&ssl=1","datePublished":"2021-12-06T23:01:05+00:00","dateModified":"2021-12-08T16:20:34+00:00","breadcrumb":{"@id":"https:\/\/www.dmastro.com.br\/dmastroblog\/produto\/calendario-de-previsoes-e-transitos-2022-anuais\/#breadcrumb"},"inLanguage":"pt-BR","potentialAction":[{"@type":"ReadAction","target":["https:\/\/www.dmastro.com.br\/dmastroblog\/produto\/calendario-de-previsoes-e-transitos-2022-anuais\/"]}]},{"@type":"ImageObject","inLanguage":"pt-BR","@id":"https:\/\/www.dmastro.com.br\/dmastroblog\/produto\/calendario-de-previsoes-e-transitos-2022-anuais\/#primaryimage","url":"https:\/\/i0.wp.com\/www.dmastro.com.br\/dmastroblog\/wp-content\/uploads\/2021\/12\/WhatsApp-Image-2021-12-04-at-16.00.39.jpeg?fit=720%2C1560&ssl=1","contentUrl":"https:\/\/i0.wp.com\/www.dmastro.com.br\/dmastroblog\/wp-content\/uploads\/2021\/12\/WhatsApp-Image-2021-12-04-at-16.00.39.jpeg?fit=720%2C1560&ssl=1","width":720,"height":1560},{"@type":"BreadcrumbList","@id":"https:\/\/www.dmastro.com.br\/dmastroblog\/produto\/calendario-de-previsoes-e-transitos-2022-anuais\/#breadcrumb","itemListElement":[{"@type":"ListItem","position":1,"name":"In\u00edcio","item":"https:\/\/www.dmastro.com.br\/dmastroblog\/"},{"@type":"ListItem","position":2,"name":"Loja","item":"https:\/\/www.dmastro.com.br\/dmastroblog\/loja\/"},{"@type":"ListItem","position":3,"name":"Calend\u00e1rio de previs\u00f5es e tr\u00e2nsitos 2022 anuais"}]},{"@type":"WebSite","@id":"https:\/\/www.dmastro.com.br\/dmastroblog\/#website","url":"https:\/\/www.dmastro.com.br\/dmastroblog\/","name":"DMAstro Brasil","description":"Curso Completo de Forma\u00e7\u00e3o","publisher":{"@id":"https:\/\/www.dmastro.com.br\/dmastroblog\/#organization"},"potentialAction":[{"@type":"SearchAction","target":{"@type":"EntryPoint","urlTemplate":"https:\/\/www.dmastro.com.br\/dmastroblog\/?s={search_term_string}"},"query-input":{"@type":"PropertyValueSpecification","valueRequired":true,"valueName":"search_term_string"}}],"inLanguage":"pt-BR"},{"@type":"Organization","@id":"https:\/\/www.dmastro.com.br\/dmastroblog\/#organization","name":"DMAstro Brasil","url":"https:\/\/www.dmastro.com.br\/dmastroblog\/","logo":{"@type":"ImageObject","inLanguage":"pt-BR","@id":"https:\/\/www.dmastro.com.br\/dmastroblog\/#\/schema\/logo\/image\/","url":"https:\/\/www.dmastro.com.br\/dmastroblog\/wp-content\/uploads\/2018\/12\/logotipo-dmastro-brasil.png","contentUrl":"https:\/\/www.dmastro.com.br\/dmastroblog\/wp-content\/uploads\/2018\/12\/logotipo-dmastro-brasil.png","width":180,"height":180,"caption":"DMAstro Brasil"},"image":{"@id":"https:\/\/www.dmastro.com.br\/dmastroblog\/#\/schema\/logo\/image\/"},"sameAs":["https:\/\/www.facebook.com\/dmastrobr","https:\/\/x.com\/dmastrobrasil","https:\/\/www.instagram.com\/dmastrobrasil\/"]}]},"product_price_amount":"139.00","product_price_currency":"BRL","og_availability":"instock","product_availability":"instock","product_condition":"new"},"jetpack_publicize_connections":[],"jetpack_sharing_enabled":true,"jetpack_likes_enabled":false,"publishpress_future_workflow_manual_trigger":{"enabledWorkflows":[]},"_links":{"self":[{"href":"https:\/\/www.dmastro.com.br\/dmastroblog\/wp-json\/wp\/v2\/product\/8617","targetHints":{"allow":["GET"]}}],"collection":[{"href":"https:\/\/www.dmastro.com.br\/dmastroblog\/wp-json\/wp\/v2\/product"}],"about":[{"href":"https:\/\/www.dmastro.com.br\/dmastroblog\/wp-json\/wp\/v2\/types\/product"}],"replies":[{"embeddable":true,"href":"https:\/\/www.dmastro.com.br\/dmastroblog\/wp-json\/wp\/v2\/comments?post=8617"}],"wp:featuredmedia":[{"embeddable":true,"href":"https:\/\/www.dmastro.com.br\/dmastroblog\/wp-json\/wp\/v2\/media\/8623"}],"wp:attachment":[{"href":"https:\/\/www.dmastro.com.br\/dmastroblog\/wp-json\/wp\/v2\/media?parent=8617"}],"wp:term":[{"taxonomy":"product_brand","embeddable":true,"href":"https:\/\/www.dmastro.com.br\/dmastroblog\/wp-json\/wp\/v2\/product_brand?post=8617"},{"taxonomy":"product_cat","embeddable":true,"href":"https:\/\/www.dmastro.com.br\/dmastroblog\/wp-json\/wp\/v2\/product_cat?post=8617"},{"taxonomy":"product_tag","embeddable":true,"href":"https:\/\/www.dmastro.com.br\/dmastroblog\/wp-json\/wp\/v2\/product_tag?post=8617"}],"curies":[{"name":"wp","href":"https:\/\/api.w.org\/{rel}","templated":true}]}}