{"id":676,"date":"2018-09-02T14:21:05","date_gmt":"2018-09-02T17:21:05","guid":{"rendered":"http:\/\/www.dmastro.com.br\/dmastroblog\/?post_type=product&#038;p=676"},"modified":"2018-09-02T14:27:24","modified_gmt":"2018-09-02T17:27:24","slug":"blu-ray-curso-de-taro-de-anna-maria-costa-ribeiro","status":"publish","type":"product","link":"https:\/\/www.dmastro.com.br\/dmastroblog\/produto\/blu-ray-curso-de-taro-de-anna-maria-costa-ribeiro\/","title":{"rendered":"Blu-Ray Curso de Tar\u00f4 de Anna Maria Costa Ribeiro"},"content":{"rendered":"<p>CURSO INTENSIVO DE TAR\u00d4 DE ANNA MARIA COSTA RIBEIRO &#8211; 4 DVDs ou BLU-RAYs com mais de 10 horas de aula.<\/p>\n<p>CONTE\u00daDO DO CURSO<\/p>\n<div class=\"text_exposed_show\">\n<p>A teoria.<br \/>\nA pr\u00e1tica.<\/p>\n<p>Conhecer Tarot \u00e9 conhecer a Vida.<br \/>\nJogar Tarot \u00e9 desenvolver a intui\u00e7\u00e3o e o racioc\u00ednio.<\/p>\n<p>\u00c9 encontrar, rapidamente, uma solu\u00e7\u00e3o.<br \/>\n\u00c9 ter um amigo ao seu lado e nunca mais sentir a solid\u00e3o.<\/p>\n<p>22 arcanos maiores.<br \/>\n56 arcanos menores.<\/p>\n<p>Aprender a ver.<br \/>\nEntender.<br \/>\nN\u00e3o decorar.<br \/>\nProcedimento dos Jogos<br \/>\nPares, frases, conversas<br \/>\nA posi\u00e7\u00e3o.<\/p>\n<p>Prever \u00e9 criar o futuro.<br \/>\nQuem n\u00e3o se interessa pelo futuro, n\u00e3o tem futuro.<\/p>\n<p>Base: Tarot Rider Waite ou similares<\/p>\n<p>Tarot como:<\/p>\n<p>Amigo e aliado<br \/>\nJogos<br \/>\nAconselhamento<br \/>\nF\u00f3rmulas m\u00e1gicas<br \/>\nDesenvolvimento da vis\u00e3o, aprender a ver<br \/>\nDesenvolvimento da intui\u00e7\u00e3o<br \/>\nCombina\u00e7\u00f5es<br \/>\nA voz de outras dimens\u00f5es<br \/>\nUso em Constela\u00e7\u00f5es<br \/>\nDramatiza\u00e7\u00e3o<br \/>\nDiferen\u00e7as entre Arcanos Maiores e Menores<br \/>\nNaipes<\/p>\n<p>O que voc\u00ea diz, influi no futuro.<\/p>\n<\/div>\n","protected":false},"excerpt":{"rendered":"<p>CURSO INTENSIVO DE TAR\u00d4 DE ANNA MARIA COSTA RIBEIRO &#8211; 4 DVDs ou BLU-RAYs com mais de 10 horas de aula. CONTE\u00daDO DO CURSO A teoria. A pr\u00e1tica. Conhecer Tarot \u00e9 conhecer a Vida. Jogar Tarot \u00e9 desenvolver a intui\u00e7\u00e3o e o racioc\u00ednio. \u00c9 encontrar, rapidamente, uma solu\u00e7\u00e3o. \u00c9 ter um amigo ao seu lado [&hellip;]<\/p>\n","protected":false},"featured_media":678,"comment_status":"closed","ping_status":"closed","template":"","meta":{"_themeisle_gutenberg_block_has_review":false,"jetpack_post_was_ever_published":false,"jetpack_publicize_message":"Blu-Ray Curso de Tar\u00f4 de Anna Maria Costa Ribeiro","jetpack_publicize_feature_enabled":true,"jetpack_social_post_already_shared":true,"jetpack_social_options":{"image_generator_settings":{"template":"highway","default_image_id":0,"font":"","enabled":false},"version":2}},"product_brand":[],"product_cat":[27,66,72],"product_tag":[33,167,170,169,46,168],"class_list":{"0":"post-676","1":"product","2":"type-product","3":"status-publish","4":"has-post-thumbnail","6":"product_cat-anna-maria-costa-ribeiro","7":"product_cat-cursos-em-video","8":"product_cat-cursos-em-video-de-taro-cursos-em-video","9":"product_tag-anna-maria-costa-ribeiro","10":"product_tag-blu-ray","11":"product_tag-curso","12":"product_tag-rider-waite","13":"product_tag-taro","14":"product_tag-tarot","15":"post","17":"first","18":"instock","19":"taxable","20":"shipping-taxable","21":"purchasable","22":"product-type-simple"},"composite_virtual":false,"composite_layout":"","composite_add_to_cart_form_location":"","composite_editable_in_cart":false,"composite_sold_individually_context":"","composite_shop_price_calc":"","composite_components":[],"composite_scenarios":[],"yoast_head":"<!-- This site is optimized with the Yoast SEO Premium plugin v22.9 (Yoast SEO v27.3) - https:\/\/yoast.com\/product\/yoast-seo-premium-wordpress\/ -->\n<title>Blu-Ray Curso de Tar\u00f4 de Anna Maria Costa Ribeiro - Escola de Astrologia DMAstro<\/title>\n<meta name=\"robots\" content=\"index, follow, max-snippet:-1, max-image-preview:large, max-video-preview:-1\" \/>\n<link rel=\"canonical\" href=\"https:\/\/www.dmastro.com.br\/dmastroblog\/produto\/blu-ray-curso-de-taro-de-anna-maria-costa-ribeiro\/\" \/>\n<meta property=\"og:locale\" content=\"pt_BR\" \/>\n<meta property=\"og:type\" content=\"article\" \/>\n<meta property=\"og:title\" content=\"Blu-Ray Curso de Tar\u00f4 de Anna Maria Costa Ribeiro\" \/>\n<meta property=\"og:description\" content=\"CURSO INTENSIVO DE TAR\u00d4 DE ANNA MARIA COSTA RIBEIRO &#8211; 4 DVDs ou BLU-RAYs com mais de 10 horas de aula. CONTE\u00daDO DO CURSO A teoria. A pr\u00e1tica. Conhecer Tarot \u00e9 conhecer a Vida. Jogar Tarot \u00e9 desenvolver a intui\u00e7\u00e3o e o racioc\u00ednio. \u00c9 encontrar, rapidamente, uma solu\u00e7\u00e3o. \u00c9 ter um amigo ao seu lado [&hellip;]\" \/>\n<meta property=\"og:url\" content=\"https:\/\/www.dmastro.com.br\/dmastroblog\/produto\/blu-ray-curso-de-taro-de-anna-maria-costa-ribeiro\/\" \/>\n<meta property=\"og:site_name\" content=\"Escola de Astrologia DMAstro\" \/>\n<meta property=\"article:publisher\" content=\"https:\/\/www.facebook.com\/dmastrobr\" \/>\n<meta property=\"article:modified_time\" content=\"2018-09-02T17:27:24+00:00\" \/>\n<meta property=\"og:image\" content=\"https:\/\/www.dmastro.com.br\/dmastroblog\/wp-content\/uploads\/2018\/09\/blu-ray-anna-maria-costa-ribeiro-curso-de-taro-parte-1-e-2.jpg\" \/>\n\t<meta property=\"og:image:width\" content=\"1000\" \/>\n\t<meta property=\"og:image:height\" content=\"1000\" \/>\n\t<meta property=\"og:image:type\" content=\"image\/jpeg\" \/>\n<meta name=\"twitter:card\" content=\"summary_large_image\" \/>\n<meta name=\"twitter:site\" content=\"@dmastrobrasil\" \/>\n<meta name=\"twitter:label1\" content=\"Pre\u00e7o\" \/>\n\t<meta name=\"twitter:data1\" content=\"&#082;&#036;650,00\" \/>\n\t<meta name=\"twitter:label2\" content=\"Disponibilidade\" \/>\n\t<meta name=\"twitter:data2\" content=\"Em Estoque\" \/>\n<script type=\"application\/ld+json\" class=\"yoast-schema-graph\">{\"@context\":\"https:\\\/\\\/schema.org\",\"@graph\":[{\"@type\":\"WebPage\",\"@id\":\"https:\\\/\\\/www.dmastro.com.br\\\/dmastroblog\\\/produto\\\/blu-ray-curso-de-taro-de-anna-maria-costa-ribeiro\\\/\",\"url\":\"https:\\\/\\\/www.dmastro.com.br\\\/dmastroblog\\\/produto\\\/blu-ray-curso-de-taro-de-anna-maria-costa-ribeiro\\\/\",\"name\":\"Blu-Ray Curso de Tar\u00f4 de Anna Maria Costa Ribeiro - Escola de Astrologia DMAstro\",\"isPartOf\":{\"@id\":\"https:\\\/\\\/www.dmastro.com.br\\\/dmastroblog\\\/#website\"},\"primaryImageOfPage\":{\"@id\":\"https:\\\/\\\/www.dmastro.com.br\\\/dmastroblog\\\/produto\\\/blu-ray-curso-de-taro-de-anna-maria-costa-ribeiro\\\/#primaryimage\"},\"image\":{\"@id\":\"https:\\\/\\\/www.dmastro.com.br\\\/dmastroblog\\\/produto\\\/blu-ray-curso-de-taro-de-anna-maria-costa-ribeiro\\\/#primaryimage\"},\"thumbnailUrl\":\"https:\\\/\\\/i0.wp.com\\\/www.dmastro.com.br\\\/dmastroblog\\\/wp-content\\\/uploads\\\/2018\\\/09\\\/blu-ray-anna-maria-costa-ribeiro-curso-de-taro-parte-1-e-2.jpg?fit=1000%2C1000&ssl=1\",\"datePublished\":\"2018-09-02T17:21:05+00:00\",\"dateModified\":\"2018-09-02T17:27:24+00:00\",\"breadcrumb\":{\"@id\":\"https:\\\/\\\/www.dmastro.com.br\\\/dmastroblog\\\/produto\\\/blu-ray-curso-de-taro-de-anna-maria-costa-ribeiro\\\/#breadcrumb\"},\"inLanguage\":\"pt-BR\",\"potentialAction\":[{\"@type\":\"ReadAction\",\"target\":[\"https:\\\/\\\/www.dmastro.com.br\\\/dmastroblog\\\/produto\\\/blu-ray-curso-de-taro-de-anna-maria-costa-ribeiro\\\/\"]}]},{\"@type\":\"ImageObject\",\"inLanguage\":\"pt-BR\",\"@id\":\"https:\\\/\\\/www.dmastro.com.br\\\/dmastroblog\\\/produto\\\/blu-ray-curso-de-taro-de-anna-maria-costa-ribeiro\\\/#primaryimage\",\"url\":\"https:\\\/\\\/i0.wp.com\\\/www.dmastro.com.br\\\/dmastroblog\\\/wp-content\\\/uploads\\\/2018\\\/09\\\/blu-ray-anna-maria-costa-ribeiro-curso-de-taro-parte-1-e-2.jpg?fit=1000%2C1000&ssl=1\",\"contentUrl\":\"https:\\\/\\\/i0.wp.com\\\/www.dmastro.com.br\\\/dmastroblog\\\/wp-content\\\/uploads\\\/2018\\\/09\\\/blu-ray-anna-maria-costa-ribeiro-curso-de-taro-parte-1-e-2.jpg?fit=1000%2C1000&ssl=1\",\"width\":1000,\"height\":1000},{\"@type\":\"BreadcrumbList\",\"@id\":\"https:\\\/\\\/www.dmastro.com.br\\\/dmastroblog\\\/produto\\\/blu-ray-curso-de-taro-de-anna-maria-costa-ribeiro\\\/#breadcrumb\",\"itemListElement\":[{\"@type\":\"ListItem\",\"position\":1,\"name\":\"In\u00edcio\",\"item\":\"https:\\\/\\\/www.dmastro.com.br\\\/dmastroblog\\\/\"},{\"@type\":\"ListItem\",\"position\":2,\"name\":\"Loja\",\"item\":\"https:\\\/\\\/www.dmastro.com.br\\\/dmastroblog\\\/loja\\\/\"},{\"@type\":\"ListItem\",\"position\":3,\"name\":\"Blu-Ray Curso de Tar\u00f4 de Anna Maria Costa Ribeiro\"}]},{\"@type\":\"WebSite\",\"@id\":\"https:\\\/\\\/www.dmastro.com.br\\\/dmastroblog\\\/#website\",\"url\":\"https:\\\/\\\/www.dmastro.com.br\\\/dmastroblog\\\/\",\"name\":\"DMAstro Brasil\",\"description\":\"Curso Completo de Forma\u00e7\u00e3o\",\"publisher\":{\"@id\":\"https:\\\/\\\/www.dmastro.com.br\\\/dmastroblog\\\/#organization\"},\"potentialAction\":[{\"@type\":\"SearchAction\",\"target\":{\"@type\":\"EntryPoint\",\"urlTemplate\":\"https:\\\/\\\/www.dmastro.com.br\\\/dmastroblog\\\/?s={search_term_string}\"},\"query-input\":{\"@type\":\"PropertyValueSpecification\",\"valueRequired\":true,\"valueName\":\"search_term_string\"}}],\"inLanguage\":\"pt-BR\"},{\"@type\":\"Organization\",\"@id\":\"https:\\\/\\\/www.dmastro.com.br\\\/dmastroblog\\\/#organization\",\"name\":\"DMAstro Brasil\",\"url\":\"https:\\\/\\\/www.dmastro.com.br\\\/dmastroblog\\\/\",\"logo\":{\"@type\":\"ImageObject\",\"inLanguage\":\"pt-BR\",\"@id\":\"https:\\\/\\\/www.dmastro.com.br\\\/dmastroblog\\\/#\\\/schema\\\/logo\\\/image\\\/\",\"url\":\"https:\\\/\\\/www.dmastro.com.br\\\/dmastroblog\\\/wp-content\\\/uploads\\\/2018\\\/12\\\/logotipo-dmastro-brasil.png\",\"contentUrl\":\"https:\\\/\\\/www.dmastro.com.br\\\/dmastroblog\\\/wp-content\\\/uploads\\\/2018\\\/12\\\/logotipo-dmastro-brasil.png\",\"width\":180,\"height\":180,\"caption\":\"DMAstro Brasil\"},\"image\":{\"@id\":\"https:\\\/\\\/www.dmastro.com.br\\\/dmastroblog\\\/#\\\/schema\\\/logo\\\/image\\\/\"},\"sameAs\":[\"https:\\\/\\\/www.facebook.com\\\/dmastrobr\",\"https:\\\/\\\/x.com\\\/dmastrobrasil\",\"https:\\\/\\\/www.instagram.com\\\/dmastrobrasil\\\/\"]}]}<\/script>\n<meta property=\"product:price:amount\" content=\"650.00\" \/>\n<meta property=\"product:price:currency\" content=\"BRL\" \/>\n<meta property=\"og:availability\" content=\"instock\" \/>\n<meta property=\"product:availability\" content=\"instock\" \/>\n<meta property=\"product:retailer_item_id\" content=\"500-10\" \/>\n<meta property=\"product:condition\" content=\"new\" \/>\n<!-- \/ Yoast SEO Premium plugin. -->","yoast_head_json":{"title":"Blu-Ray Curso de Tar\u00f4 de Anna Maria Costa Ribeiro - Escola de Astrologia DMAstro","robots":{"index":"index","follow":"follow","max-snippet":"max-snippet:-1","max-image-preview":"max-image-preview:large","max-video-preview":"max-video-preview:-1"},"canonical":"https:\/\/www.dmastro.com.br\/dmastroblog\/produto\/blu-ray-curso-de-taro-de-anna-maria-costa-ribeiro\/","og_locale":"pt_BR","og_type":"article","og_title":"Blu-Ray Curso de Tar\u00f4 de Anna Maria Costa Ribeiro","og_description":"CURSO INTENSIVO DE TAR\u00d4 DE ANNA MARIA COSTA RIBEIRO &#8211; 4 DVDs ou BLU-RAYs com mais de 10 horas de aula. CONTE\u00daDO DO CURSO A teoria. A pr\u00e1tica. Conhecer Tarot \u00e9 conhecer a Vida. Jogar Tarot \u00e9 desenvolver a intui\u00e7\u00e3o e o racioc\u00ednio. \u00c9 encontrar, rapidamente, uma solu\u00e7\u00e3o. \u00c9 ter um amigo ao seu lado [&hellip;]","og_url":"https:\/\/www.dmastro.com.br\/dmastroblog\/produto\/blu-ray-curso-de-taro-de-anna-maria-costa-ribeiro\/","og_site_name":"Escola de Astrologia DMAstro","article_publisher":"https:\/\/www.facebook.com\/dmastrobr","article_modified_time":"2018-09-02T17:27:24+00:00","og_image":[{"width":1000,"height":1000,"url":"https:\/\/www.dmastro.com.br\/dmastroblog\/wp-content\/uploads\/2018\/09\/blu-ray-anna-maria-costa-ribeiro-curso-de-taro-parte-1-e-2.jpg","type":"image\/jpeg"}],"twitter_card":"summary_large_image","twitter_site":"@dmastrobrasil","twitter_misc":{"Pre\u00e7o":"&#82;&#36;650,00","Disponibilidade":"Em Estoque"},"schema":{"@context":"https:\/\/schema.org","@graph":[{"@type":"WebPage","@id":"https:\/\/www.dmastro.com.br\/dmastroblog\/produto\/blu-ray-curso-de-taro-de-anna-maria-costa-ribeiro\/","url":"https:\/\/www.dmastro.com.br\/dmastroblog\/produto\/blu-ray-curso-de-taro-de-anna-maria-costa-ribeiro\/","name":"Blu-Ray Curso de Tar\u00f4 de Anna Maria Costa Ribeiro - Escola de Astrologia DMAstro","isPartOf":{"@id":"https:\/\/www.dmastro.com.br\/dmastroblog\/#website"},"primaryImageOfPage":{"@id":"https:\/\/www.dmastro.com.br\/dmastroblog\/produto\/blu-ray-curso-de-taro-de-anna-maria-costa-ribeiro\/#primaryimage"},"image":{"@id":"https:\/\/www.dmastro.com.br\/dmastroblog\/produto\/blu-ray-curso-de-taro-de-anna-maria-costa-ribeiro\/#primaryimage"},"thumbnailUrl":"https:\/\/i0.wp.com\/www.dmastro.com.br\/dmastroblog\/wp-content\/uploads\/2018\/09\/blu-ray-anna-maria-costa-ribeiro-curso-de-taro-parte-1-e-2.jpg?fit=1000%2C1000&ssl=1","datePublished":"2018-09-02T17:21:05+00:00","dateModified":"2018-09-02T17:27:24+00:00","breadcrumb":{"@id":"https:\/\/www.dmastro.com.br\/dmastroblog\/produto\/blu-ray-curso-de-taro-de-anna-maria-costa-ribeiro\/#breadcrumb"},"inLanguage":"pt-BR","potentialAction":[{"@type":"ReadAction","target":["https:\/\/www.dmastro.com.br\/dmastroblog\/produto\/blu-ray-curso-de-taro-de-anna-maria-costa-ribeiro\/"]}]},{"@type":"ImageObject","inLanguage":"pt-BR","@id":"https:\/\/www.dmastro.com.br\/dmastroblog\/produto\/blu-ray-curso-de-taro-de-anna-maria-costa-ribeiro\/#primaryimage","url":"https:\/\/i0.wp.com\/www.dmastro.com.br\/dmastroblog\/wp-content\/uploads\/2018\/09\/blu-ray-anna-maria-costa-ribeiro-curso-de-taro-parte-1-e-2.jpg?fit=1000%2C1000&ssl=1","contentUrl":"https:\/\/i0.wp.com\/www.dmastro.com.br\/dmastroblog\/wp-content\/uploads\/2018\/09\/blu-ray-anna-maria-costa-ribeiro-curso-de-taro-parte-1-e-2.jpg?fit=1000%2C1000&ssl=1","width":1000,"height":1000},{"@type":"BreadcrumbList","@id":"https:\/\/www.dmastro.com.br\/dmastroblog\/produto\/blu-ray-curso-de-taro-de-anna-maria-costa-ribeiro\/#breadcrumb","itemListElement":[{"@type":"ListItem","position":1,"name":"In\u00edcio","item":"https:\/\/www.dmastro.com.br\/dmastroblog\/"},{"@type":"ListItem","position":2,"name":"Loja","item":"https:\/\/www.dmastro.com.br\/dmastroblog\/loja\/"},{"@type":"ListItem","position":3,"name":"Blu-Ray Curso de Tar\u00f4 de Anna Maria Costa Ribeiro"}]},{"@type":"WebSite","@id":"https:\/\/www.dmastro.com.br\/dmastroblog\/#website","url":"https:\/\/www.dmastro.com.br\/dmastroblog\/","name":"DMAstro Brasil","description":"Curso Completo de Forma\u00e7\u00e3o","publisher":{"@id":"https:\/\/www.dmastro.com.br\/dmastroblog\/#organization"},"potentialAction":[{"@type":"SearchAction","target":{"@type":"EntryPoint","urlTemplate":"https:\/\/www.dmastro.com.br\/dmastroblog\/?s={search_term_string}"},"query-input":{"@type":"PropertyValueSpecification","valueRequired":true,"valueName":"search_term_string"}}],"inLanguage":"pt-BR"},{"@type":"Organization","@id":"https:\/\/www.dmastro.com.br\/dmastroblog\/#organization","name":"DMAstro Brasil","url":"https:\/\/www.dmastro.com.br\/dmastroblog\/","logo":{"@type":"ImageObject","inLanguage":"pt-BR","@id":"https:\/\/www.dmastro.com.br\/dmastroblog\/#\/schema\/logo\/image\/","url":"https:\/\/www.dmastro.com.br\/dmastroblog\/wp-content\/uploads\/2018\/12\/logotipo-dmastro-brasil.png","contentUrl":"https:\/\/www.dmastro.com.br\/dmastroblog\/wp-content\/uploads\/2018\/12\/logotipo-dmastro-brasil.png","width":180,"height":180,"caption":"DMAstro Brasil"},"image":{"@id":"https:\/\/www.dmastro.com.br\/dmastroblog\/#\/schema\/logo\/image\/"},"sameAs":["https:\/\/www.facebook.com\/dmastrobr","https:\/\/x.com\/dmastrobrasil","https:\/\/www.instagram.com\/dmastrobrasil\/"]}]},"product_price_amount":"650.00","product_price_currency":"BRL","og_availability":"instock","product_availability":"instock","product_retailer_item_id":"500-10","product_condition":"new"},"jetpack_publicize_connections":[],"jetpack_sharing_enabled":true,"jetpack_likes_enabled":false,"publishpress_future_workflow_manual_trigger":{"enabledWorkflows":[]},"_links":{"self":[{"href":"https:\/\/www.dmastro.com.br\/dmastroblog\/wp-json\/wp\/v2\/product\/676","targetHints":{"allow":["GET"]}}],"collection":[{"href":"https:\/\/www.dmastro.com.br\/dmastroblog\/wp-json\/wp\/v2\/product"}],"about":[{"href":"https:\/\/www.dmastro.com.br\/dmastroblog\/wp-json\/wp\/v2\/types\/product"}],"replies":[{"embeddable":true,"href":"https:\/\/www.dmastro.com.br\/dmastroblog\/wp-json\/wp\/v2\/comments?post=676"}],"wp:featuredmedia":[{"embeddable":true,"href":"https:\/\/www.dmastro.com.br\/dmastroblog\/wp-json\/wp\/v2\/media\/678"}],"wp:attachment":[{"href":"https:\/\/www.dmastro.com.br\/dmastroblog\/wp-json\/wp\/v2\/media?parent=676"}],"wp:term":[{"taxonomy":"product_brand","embeddable":true,"href":"https:\/\/www.dmastro.com.br\/dmastroblog\/wp-json\/wp\/v2\/product_brand?post=676"},{"taxonomy":"product_cat","embeddable":true,"href":"https:\/\/www.dmastro.com.br\/dmastroblog\/wp-json\/wp\/v2\/product_cat?post=676"},{"taxonomy":"product_tag","embeddable":true,"href":"https:\/\/www.dmastro.com.br\/dmastroblog\/wp-json\/wp\/v2\/product_tag?post=676"}],"curies":[{"name":"wp","href":"https:\/\/api.w.org\/{rel}","templated":true}]}}