{"id":580,"date":"2018-04-05T05:10:01","date_gmt":"2018-04-05T08:10:01","guid":{"rendered":"http:\/\/www.dmastro.com.br\/dmastroblog\/?post_type=product&#038;p=580"},"modified":"2018-04-08T08:06:18","modified_gmt":"2018-04-08T11:06:18","slug":"hel-hela","status":"publish","type":"product","link":"https:\/\/www.dmastro.com.br\/dmastroblog\/produto\/hel-hela\/","title":{"rendered":"Hel"},"content":{"rendered":"<p>Composi\u00e7\u00e3o da Embalagem: Uma Est\u00e1tua em Resina.<\/p>\n<p>Dimens\u00f5es do Produto:<br \/>\nAltura:\u00a0 cm<\/p>\n<p>Cor: dourado<br \/>\nFoto ilustrativa. Pode ocorrer pequenas varia\u00e7\u00f5es de cores, devido \u00e0 pintura ser artesanal.<\/p>\n","protected":false},"excerpt":{"rendered":"<p>Na mitologia n\u00f3rdica, Hela (Hel ou Hell) \u00e9 a deusa do Reino dos Mortos, igualmente designado por Hel. \u00c9 filha de Loki e da gigante Angurboda, irm\u00e3 mais nova de Fenrir e da serpente J\u00f6rmungandr, do oceano que circunda Midgard.<\/p>\n<p>Hel foi banida por Odin para o mundo inferior que recebeu seu nome, Helheim, que fica nas profundezas de Niflheim. Helheim fica \u00e0s margens do Rio Nastronol, que equivale ao Rio Aqueronte da mitologia grega. L\u00e1, recebeu o poder de dominar nove mundos ou regi\u00f5es, onde distribui aqueles que lhe s\u00e3o enviados, isto \u00e9, aqueles que morrem por velhice ou doen\u00e7a.<\/p>\n<p>Como agradecimento por faz\u00ea-la governante do mundo inferior, Hela deu a Odin os seus dois corvos Hugin e Munin, que s\u00e3o os mensageiros entre Asgard e os outros reinos.<\/p>\n<p>Seu pal\u00e1cio chama-se Elvidner, sua mesa era a Fome, sua faca, a Inani\u00e7\u00e3o, o Atraso, seu criado, a Vagareza, sua criada, o Precip\u00edcio, sua porta, a Preocupa\u00e7\u00e3o, sua cama, e os Sofrimentos formavam as paredes de seus aposentos. O reino de Hela era guardado pelo c\u00e3o Garm.<\/p>\n<p>Hela podia ser facilmente reconhecida, uma metade de seu corpo era de uma linda mulher, a outra parte de um corpo terr\u00edvel em decomposi\u00e7\u00e3o.<\/p>\n<p>A personalidade da deusa Hel difere das dos deuses do mundo inferior das demais mitologias: Ela n\u00e3o \u00e9 boa e nem m\u00e1, simplesmente justa. Quando os esp\u00edritos dos bondosos, dos doentes e dos idosos eram trazidos \u00e0 sua presen\u00e7a, ela cuidava deles e lhes dava conforto. Mas \u00e0queles a quem ela julgava como maus, impiedosamente os arremessava nas profundezas geladas de Niflheim.<\/p>\n<p>De acordo com as lendas, Hela n\u00e3o podia ser derrotada em seu mundo e nenhum deus se dispunha a enfrent\u00e1-la em seus dom\u00ednios, nem mesmo Odin ou Thor.<\/p>\n<p>N\u00e3o h\u00e1 nenhuma passagem ou relato que diz que a deusa, alguma vez, deixou os seus dom\u00ednios mesmo que por um instante (como Hades, por exemplo, que saiu do submundo para sequestrar Pers\u00e9fone).<\/p>\n<p>De acordo com as lendas, Hela tamb\u00e9m n\u00e3o teve participa\u00e7\u00e3o no Ragnar\u00f6k &#8211; fim do mundo da mitologia n\u00f3rdica, preferindo ficar em seus dom\u00ednios e n\u00e3o tomar partido nenhum.<\/p>\n<p>O termo ingl\u00eas Hell (Inferno em portugu\u00eas) origina-se do nome desta deusa.<\/p>\n","protected":false},"featured_media":581,"comment_status":"closed","ping_status":"closed","template":"","meta":{"_themeisle_gutenberg_block_has_review":false,"jetpack_post_was_ever_published":false,"jetpack_publicize_message":"","jetpack_publicize_feature_enabled":true,"jetpack_social_post_already_shared":true,"jetpack_social_options":{"image_generator_settings":{"template":"highway","default_image_id":0,"font":"","enabled":false},"version":2}},"product_brand":[],"product_cat":[130,129,39,106],"product_tag":[148,149,132],"class_list":{"0":"post-580","1":"product","2":"type-product","3":"status-publish","4":"has-post-thumbnail","6":"product_cat-decoracao","7":"product_cat-estatuas","8":"product_cat-mitologia","9":"product_cat-mitologia-nordica","10":"product_tag-hel","11":"product_tag-hela","12":"product_tag-mitologia-nordica","13":"post","15":"first","16":"instock","17":"taxable","18":"shipping-taxable","19":"purchasable","20":"product-type-simple"},"composite_virtual":false,"composite_layout":"","composite_add_to_cart_form_location":"","composite_editable_in_cart":false,"composite_sold_individually_context":"","composite_shop_price_calc":"","composite_components":[],"composite_scenarios":[],"yoast_head":"<!-- This site is optimized with the Yoast SEO Premium plugin v22.9 (Yoast SEO v27.3) - https:\/\/yoast.com\/product\/yoast-seo-premium-wordpress\/ -->\n<title>Hel - Escola de Astrologia DMAstro<\/title>\n<meta name=\"robots\" content=\"index, follow, max-snippet:-1, max-image-preview:large, max-video-preview:-1\" \/>\n<link rel=\"canonical\" href=\"https:\/\/www.dmastro.com.br\/dmastroblog\/produto\/hel-hela\/\" \/>\n<meta property=\"og:locale\" content=\"pt_BR\" \/>\n<meta property=\"og:type\" content=\"article\" \/>\n<meta property=\"og:title\" content=\"Hel\" \/>\n<meta property=\"og:description\" content=\"Na mitologia n\u00f3rdica, Hela (Hel ou Hell) \u00e9 a deusa do Reino dos Mortos, igualmente designado por Hel. \u00c9 filha de Loki e da gigante Angurboda, irm\u00e3 mais nova de Fenrir e da serpente J\u00f6rmungandr, do oceano que circunda Midgard.  Hel foi banida por Odin para o mundo inferior que recebeu seu nome, Helheim, que fica nas profundezas de Niflheim. Helheim fica \u00e0s margens do Rio Nastronol, que equivale ao Rio Aqueronte da mitologia grega. L\u00e1, recebeu o poder de dominar nove mundos ou regi\u00f5es, onde distribui aqueles que lhe s\u00e3o enviados, isto \u00e9, aqueles que morrem por velhice ou doen\u00e7a.  Como agradecimento por faz\u00ea-la governante do mundo inferior, Hela deu a Odin os seus dois corvos Hugin e Munin, que s\u00e3o os mensageiros entre Asgard e os outros reinos.  Seu pal\u00e1cio chama-se Elvidner, sua mesa era a Fome, sua faca, a Inani\u00e7\u00e3o, o Atraso, seu criado, a Vagareza, sua criada, o Precip\u00edcio, sua porta, a Preocupa\u00e7\u00e3o, sua cama, e os Sofrimentos formavam as paredes de seus aposentos. O reino de Hela era guardado pelo c\u00e3o Garm.  Hela podia ser facilmente reconhecida, uma metade de seu corpo era de uma linda mulher, a outra parte de um corpo terr\u00edvel em decomposi\u00e7\u00e3o.  A personalidade da deusa Hel difere das dos deuses do mundo inferior das demais mitologias: Ela n\u00e3o \u00e9 boa e nem m\u00e1, simplesmente justa. Quando os esp\u00edritos dos bondosos, dos doentes e dos idosos eram trazidos \u00e0 sua presen\u00e7a, ela cuidava deles e lhes dava conforto. Mas \u00e0queles a quem ela julgava como maus, impiedosamente os arremessava nas profundezas geladas de Niflheim.  De acordo com as lendas, Hela n\u00e3o podia ser derrotada em seu mundo e nenhum deus se dispunha a enfrent\u00e1-la em seus dom\u00ednios, nem mesmo Odin ou Thor.  N\u00e3o h\u00e1 nenhuma passagem ou relato que diz que a deusa, alguma vez, deixou os seus dom\u00ednios mesmo que por um instante (como Hades, por exemplo, que saiu do submundo para sequestrar Pers\u00e9fone).  De acordo com as lendas, Hela tamb\u00e9m n\u00e3o teve participa\u00e7\u00e3o no Ragnar\u00f6k - fim do mundo da mitologia n\u00f3rdica, preferindo ficar em seus dom\u00ednios e n\u00e3o tomar partido nenhum.  O termo ingl\u00eas Hell (Inferno em portugu\u00eas) origina-se do nome desta deusa.\" \/>\n<meta property=\"og:url\" content=\"https:\/\/www.dmastro.com.br\/dmastroblog\/produto\/hel-hela\/\" \/>\n<meta property=\"og:site_name\" content=\"Escola de Astrologia DMAstro\" \/>\n<meta property=\"article:publisher\" content=\"https:\/\/www.facebook.com\/dmastrobr\" \/>\n<meta property=\"article:modified_time\" content=\"2018-04-08T11:06:18+00:00\" \/>\n<meta property=\"og:image\" content=\"https:\/\/www.dmastro.com.br\/dmastroblog\/wp-content\/uploads\/2018\/04\/Hel-Hela01.jpg\" \/>\n\t<meta property=\"og:image:width\" content=\"900\" \/>\n\t<meta property=\"og:image:height\" content=\"1200\" \/>\n\t<meta property=\"og:image:type\" content=\"image\/jpeg\" \/>\n<meta name=\"twitter:card\" content=\"summary_large_image\" \/>\n<meta name=\"twitter:site\" content=\"@dmastrobrasil\" \/>\n<meta name=\"twitter:label1\" content=\"Pre\u00e7o\" \/>\n\t<meta name=\"twitter:data1\" content=\"&#082;&#036;120,00\" \/>\n\t<meta name=\"twitter:label2\" content=\"Disponibilidade\" \/>\n\t<meta name=\"twitter:data2\" content=\"Em Estoque\" \/>\n<script type=\"application\/ld+json\" class=\"yoast-schema-graph\">{\"@context\":\"https:\\\/\\\/schema.org\",\"@graph\":[{\"@type\":\"WebPage\",\"@id\":\"https:\\\/\\\/www.dmastro.com.br\\\/dmastroblog\\\/produto\\\/hel-hela\\\/\",\"url\":\"https:\\\/\\\/www.dmastro.com.br\\\/dmastroblog\\\/produto\\\/hel-hela\\\/\",\"name\":\"Hel - Escola de Astrologia DMAstro\",\"isPartOf\":{\"@id\":\"https:\\\/\\\/www.dmastro.com.br\\\/dmastroblog\\\/#website\"},\"primaryImageOfPage\":{\"@id\":\"https:\\\/\\\/www.dmastro.com.br\\\/dmastroblog\\\/produto\\\/hel-hela\\\/#primaryimage\"},\"image\":{\"@id\":\"https:\\\/\\\/www.dmastro.com.br\\\/dmastroblog\\\/produto\\\/hel-hela\\\/#primaryimage\"},\"thumbnailUrl\":\"https:\\\/\\\/i0.wp.com\\\/www.dmastro.com.br\\\/dmastroblog\\\/wp-content\\\/uploads\\\/2018\\\/04\\\/Hel-Hela01.jpg?fit=900%2C1200&ssl=1\",\"datePublished\":\"2018-04-05T08:10:01+00:00\",\"dateModified\":\"2018-04-08T11:06:18+00:00\",\"breadcrumb\":{\"@id\":\"https:\\\/\\\/www.dmastro.com.br\\\/dmastroblog\\\/produto\\\/hel-hela\\\/#breadcrumb\"},\"inLanguage\":\"pt-BR\",\"potentialAction\":[{\"@type\":\"ReadAction\",\"target\":[\"https:\\\/\\\/www.dmastro.com.br\\\/dmastroblog\\\/produto\\\/hel-hela\\\/\"]}]},{\"@type\":\"ImageObject\",\"inLanguage\":\"pt-BR\",\"@id\":\"https:\\\/\\\/www.dmastro.com.br\\\/dmastroblog\\\/produto\\\/hel-hela\\\/#primaryimage\",\"url\":\"https:\\\/\\\/i0.wp.com\\\/www.dmastro.com.br\\\/dmastroblog\\\/wp-content\\\/uploads\\\/2018\\\/04\\\/Hel-Hela01.jpg?fit=900%2C1200&ssl=1\",\"contentUrl\":\"https:\\\/\\\/i0.wp.com\\\/www.dmastro.com.br\\\/dmastroblog\\\/wp-content\\\/uploads\\\/2018\\\/04\\\/Hel-Hela01.jpg?fit=900%2C1200&ssl=1\",\"width\":900,\"height\":1200},{\"@type\":\"BreadcrumbList\",\"@id\":\"https:\\\/\\\/www.dmastro.com.br\\\/dmastroblog\\\/produto\\\/hel-hela\\\/#breadcrumb\",\"itemListElement\":[{\"@type\":\"ListItem\",\"position\":1,\"name\":\"In\u00edcio\",\"item\":\"https:\\\/\\\/www.dmastro.com.br\\\/dmastroblog\\\/\"},{\"@type\":\"ListItem\",\"position\":2,\"name\":\"Loja\",\"item\":\"https:\\\/\\\/www.dmastro.com.br\\\/dmastroblog\\\/loja\\\/\"},{\"@type\":\"ListItem\",\"position\":3,\"name\":\"Hel\"}]},{\"@type\":\"WebSite\",\"@id\":\"https:\\\/\\\/www.dmastro.com.br\\\/dmastroblog\\\/#website\",\"url\":\"https:\\\/\\\/www.dmastro.com.br\\\/dmastroblog\\\/\",\"name\":\"DMAstro Brasil\",\"description\":\"Curso Completo de Forma\u00e7\u00e3o\",\"publisher\":{\"@id\":\"https:\\\/\\\/www.dmastro.com.br\\\/dmastroblog\\\/#organization\"},\"potentialAction\":[{\"@type\":\"SearchAction\",\"target\":{\"@type\":\"EntryPoint\",\"urlTemplate\":\"https:\\\/\\\/www.dmastro.com.br\\\/dmastroblog\\\/?s={search_term_string}\"},\"query-input\":{\"@type\":\"PropertyValueSpecification\",\"valueRequired\":true,\"valueName\":\"search_term_string\"}}],\"inLanguage\":\"pt-BR\"},{\"@type\":\"Organization\",\"@id\":\"https:\\\/\\\/www.dmastro.com.br\\\/dmastroblog\\\/#organization\",\"name\":\"DMAstro Brasil\",\"url\":\"https:\\\/\\\/www.dmastro.com.br\\\/dmastroblog\\\/\",\"logo\":{\"@type\":\"ImageObject\",\"inLanguage\":\"pt-BR\",\"@id\":\"https:\\\/\\\/www.dmastro.com.br\\\/dmastroblog\\\/#\\\/schema\\\/logo\\\/image\\\/\",\"url\":\"https:\\\/\\\/www.dmastro.com.br\\\/dmastroblog\\\/wp-content\\\/uploads\\\/2018\\\/12\\\/logotipo-dmastro-brasil.png\",\"contentUrl\":\"https:\\\/\\\/www.dmastro.com.br\\\/dmastroblog\\\/wp-content\\\/uploads\\\/2018\\\/12\\\/logotipo-dmastro-brasil.png\",\"width\":180,\"height\":180,\"caption\":\"DMAstro Brasil\"},\"image\":{\"@id\":\"https:\\\/\\\/www.dmastro.com.br\\\/dmastroblog\\\/#\\\/schema\\\/logo\\\/image\\\/\"},\"sameAs\":[\"https:\\\/\\\/www.facebook.com\\\/dmastrobr\",\"https:\\\/\\\/x.com\\\/dmastrobrasil\",\"https:\\\/\\\/www.instagram.com\\\/dmastrobrasil\\\/\"]}]}<\/script>\n<meta property=\"product:price:amount\" content=\"120.00\" \/>\n<meta property=\"product:price:currency\" content=\"BRL\" \/>\n<meta property=\"og:availability\" content=\"instock\" \/>\n<meta property=\"product:availability\" content=\"instock\" \/>\n<meta property=\"product:condition\" content=\"new\" \/>\n<!-- \/ Yoast SEO Premium plugin. -->","yoast_head_json":{"title":"Hel - Escola de Astrologia DMAstro","robots":{"index":"index","follow":"follow","max-snippet":"max-snippet:-1","max-image-preview":"max-image-preview:large","max-video-preview":"max-video-preview:-1"},"canonical":"https:\/\/www.dmastro.com.br\/dmastroblog\/produto\/hel-hela\/","og_locale":"pt_BR","og_type":"article","og_title":"Hel","og_description":"Na mitologia n\u00f3rdica, Hela (Hel ou Hell) \u00e9 a deusa do Reino dos Mortos, igualmente designado por Hel. \u00c9 filha de Loki e da gigante Angurboda, irm\u00e3 mais nova de Fenrir e da serpente J\u00f6rmungandr, do oceano que circunda Midgard.  Hel foi banida por Odin para o mundo inferior que recebeu seu nome, Helheim, que fica nas profundezas de Niflheim. Helheim fica \u00e0s margens do Rio Nastronol, que equivale ao Rio Aqueronte da mitologia grega. L\u00e1, recebeu o poder de dominar nove mundos ou regi\u00f5es, onde distribui aqueles que lhe s\u00e3o enviados, isto \u00e9, aqueles que morrem por velhice ou doen\u00e7a.  Como agradecimento por faz\u00ea-la governante do mundo inferior, Hela deu a Odin os seus dois corvos Hugin e Munin, que s\u00e3o os mensageiros entre Asgard e os outros reinos.  Seu pal\u00e1cio chama-se Elvidner, sua mesa era a Fome, sua faca, a Inani\u00e7\u00e3o, o Atraso, seu criado, a Vagareza, sua criada, o Precip\u00edcio, sua porta, a Preocupa\u00e7\u00e3o, sua cama, e os Sofrimentos formavam as paredes de seus aposentos. O reino de Hela era guardado pelo c\u00e3o Garm.  Hela podia ser facilmente reconhecida, uma metade de seu corpo era de uma linda mulher, a outra parte de um corpo terr\u00edvel em decomposi\u00e7\u00e3o.  A personalidade da deusa Hel difere das dos deuses do mundo inferior das demais mitologias: Ela n\u00e3o \u00e9 boa e nem m\u00e1, simplesmente justa. Quando os esp\u00edritos dos bondosos, dos doentes e dos idosos eram trazidos \u00e0 sua presen\u00e7a, ela cuidava deles e lhes dava conforto. Mas \u00e0queles a quem ela julgava como maus, impiedosamente os arremessava nas profundezas geladas de Niflheim.  De acordo com as lendas, Hela n\u00e3o podia ser derrotada em seu mundo e nenhum deus se dispunha a enfrent\u00e1-la em seus dom\u00ednios, nem mesmo Odin ou Thor.  N\u00e3o h\u00e1 nenhuma passagem ou relato que diz que a deusa, alguma vez, deixou os seus dom\u00ednios mesmo que por um instante (como Hades, por exemplo, que saiu do submundo para sequestrar Pers\u00e9fone).  De acordo com as lendas, Hela tamb\u00e9m n\u00e3o teve participa\u00e7\u00e3o no Ragnar\u00f6k - fim do mundo da mitologia n\u00f3rdica, preferindo ficar em seus dom\u00ednios e n\u00e3o tomar partido nenhum.  O termo ingl\u00eas Hell (Inferno em portugu\u00eas) origina-se do nome desta deusa.","og_url":"https:\/\/www.dmastro.com.br\/dmastroblog\/produto\/hel-hela\/","og_site_name":"Escola de Astrologia DMAstro","article_publisher":"https:\/\/www.facebook.com\/dmastrobr","article_modified_time":"2018-04-08T11:06:18+00:00","og_image":[{"width":900,"height":1200,"url":"https:\/\/www.dmastro.com.br\/dmastroblog\/wp-content\/uploads\/2018\/04\/Hel-Hela01.jpg","type":"image\/jpeg"}],"twitter_card":"summary_large_image","twitter_site":"@dmastrobrasil","twitter_misc":{"Pre\u00e7o":"&#82;&#36;120,00","Disponibilidade":"Em Estoque"},"schema":{"@context":"https:\/\/schema.org","@graph":[{"@type":"WebPage","@id":"https:\/\/www.dmastro.com.br\/dmastroblog\/produto\/hel-hela\/","url":"https:\/\/www.dmastro.com.br\/dmastroblog\/produto\/hel-hela\/","name":"Hel - Escola de Astrologia DMAstro","isPartOf":{"@id":"https:\/\/www.dmastro.com.br\/dmastroblog\/#website"},"primaryImageOfPage":{"@id":"https:\/\/www.dmastro.com.br\/dmastroblog\/produto\/hel-hela\/#primaryimage"},"image":{"@id":"https:\/\/www.dmastro.com.br\/dmastroblog\/produto\/hel-hela\/#primaryimage"},"thumbnailUrl":"https:\/\/i0.wp.com\/www.dmastro.com.br\/dmastroblog\/wp-content\/uploads\/2018\/04\/Hel-Hela01.jpg?fit=900%2C1200&ssl=1","datePublished":"2018-04-05T08:10:01+00:00","dateModified":"2018-04-08T11:06:18+00:00","breadcrumb":{"@id":"https:\/\/www.dmastro.com.br\/dmastroblog\/produto\/hel-hela\/#breadcrumb"},"inLanguage":"pt-BR","potentialAction":[{"@type":"ReadAction","target":["https:\/\/www.dmastro.com.br\/dmastroblog\/produto\/hel-hela\/"]}]},{"@type":"ImageObject","inLanguage":"pt-BR","@id":"https:\/\/www.dmastro.com.br\/dmastroblog\/produto\/hel-hela\/#primaryimage","url":"https:\/\/i0.wp.com\/www.dmastro.com.br\/dmastroblog\/wp-content\/uploads\/2018\/04\/Hel-Hela01.jpg?fit=900%2C1200&ssl=1","contentUrl":"https:\/\/i0.wp.com\/www.dmastro.com.br\/dmastroblog\/wp-content\/uploads\/2018\/04\/Hel-Hela01.jpg?fit=900%2C1200&ssl=1","width":900,"height":1200},{"@type":"BreadcrumbList","@id":"https:\/\/www.dmastro.com.br\/dmastroblog\/produto\/hel-hela\/#breadcrumb","itemListElement":[{"@type":"ListItem","position":1,"name":"In\u00edcio","item":"https:\/\/www.dmastro.com.br\/dmastroblog\/"},{"@type":"ListItem","position":2,"name":"Loja","item":"https:\/\/www.dmastro.com.br\/dmastroblog\/loja\/"},{"@type":"ListItem","position":3,"name":"Hel"}]},{"@type":"WebSite","@id":"https:\/\/www.dmastro.com.br\/dmastroblog\/#website","url":"https:\/\/www.dmastro.com.br\/dmastroblog\/","name":"DMAstro Brasil","description":"Curso Completo de Forma\u00e7\u00e3o","publisher":{"@id":"https:\/\/www.dmastro.com.br\/dmastroblog\/#organization"},"potentialAction":[{"@type":"SearchAction","target":{"@type":"EntryPoint","urlTemplate":"https:\/\/www.dmastro.com.br\/dmastroblog\/?s={search_term_string}"},"query-input":{"@type":"PropertyValueSpecification","valueRequired":true,"valueName":"search_term_string"}}],"inLanguage":"pt-BR"},{"@type":"Organization","@id":"https:\/\/www.dmastro.com.br\/dmastroblog\/#organization","name":"DMAstro Brasil","url":"https:\/\/www.dmastro.com.br\/dmastroblog\/","logo":{"@type":"ImageObject","inLanguage":"pt-BR","@id":"https:\/\/www.dmastro.com.br\/dmastroblog\/#\/schema\/logo\/image\/","url":"https:\/\/www.dmastro.com.br\/dmastroblog\/wp-content\/uploads\/2018\/12\/logotipo-dmastro-brasil.png","contentUrl":"https:\/\/www.dmastro.com.br\/dmastroblog\/wp-content\/uploads\/2018\/12\/logotipo-dmastro-brasil.png","width":180,"height":180,"caption":"DMAstro Brasil"},"image":{"@id":"https:\/\/www.dmastro.com.br\/dmastroblog\/#\/schema\/logo\/image\/"},"sameAs":["https:\/\/www.facebook.com\/dmastrobr","https:\/\/x.com\/dmastrobrasil","https:\/\/www.instagram.com\/dmastrobrasil\/"]}]},"product_price_amount":"120.00","product_price_currency":"BRL","og_availability":"instock","product_availability":"instock","product_condition":"new"},"jetpack_publicize_connections":[],"jetpack_sharing_enabled":true,"jetpack_likes_enabled":false,"publishpress_future_workflow_manual_trigger":{"enabledWorkflows":[]},"_links":{"self":[{"href":"https:\/\/www.dmastro.com.br\/dmastroblog\/wp-json\/wp\/v2\/product\/580","targetHints":{"allow":["GET"]}}],"collection":[{"href":"https:\/\/www.dmastro.com.br\/dmastroblog\/wp-json\/wp\/v2\/product"}],"about":[{"href":"https:\/\/www.dmastro.com.br\/dmastroblog\/wp-json\/wp\/v2\/types\/product"}],"replies":[{"embeddable":true,"href":"https:\/\/www.dmastro.com.br\/dmastroblog\/wp-json\/wp\/v2\/comments?post=580"}],"wp:featuredmedia":[{"embeddable":true,"href":"https:\/\/www.dmastro.com.br\/dmastroblog\/wp-json\/wp\/v2\/media\/581"}],"wp:attachment":[{"href":"https:\/\/www.dmastro.com.br\/dmastroblog\/wp-json\/wp\/v2\/media?parent=580"}],"wp:term":[{"taxonomy":"product_brand","embeddable":true,"href":"https:\/\/www.dmastro.com.br\/dmastroblog\/wp-json\/wp\/v2\/product_brand?post=580"},{"taxonomy":"product_cat","embeddable":true,"href":"https:\/\/www.dmastro.com.br\/dmastroblog\/wp-json\/wp\/v2\/product_cat?post=580"},{"taxonomy":"product_tag","embeddable":true,"href":"https:\/\/www.dmastro.com.br\/dmastroblog\/wp-json\/wp\/v2\/product_tag?post=580"}],"curies":[{"name":"wp","href":"https:\/\/api.w.org\/{rel}","templated":true}]}}