{"id":577,"date":"2018-04-05T04:54:02","date_gmt":"2018-04-05T07:54:02","guid":{"rendered":"http:\/\/www.dmastro.com.br\/dmastroblog\/?post_type=product&#038;p=577"},"modified":"2018-08-16T04:33:00","modified_gmt":"2018-08-16T07:33:00","slug":"morrigan","status":"publish","type":"product","link":"https:\/\/www.dmastro.com.br\/dmastroblog\/produto\/morrigan\/","title":{"rendered":"Morr\u00edgan"},"content":{"rendered":"<p>Composi\u00e7\u00e3o da Embalagem: Uma Est\u00e1tua em Resina.<\/p>\n<p>Dimens\u00f5es do Produto:<\/p>\n<p>Cor: dourado<br \/>\nFoto ilustrativa. Pode ocorrer pequenas varia\u00e7\u00f5es de cores, devido \u00e0 pintura ser artesanal.<\/p>\n<p>&nbsp;<\/p>\n","protected":false},"excerpt":{"rendered":"<p>Est\u00e1tua de Morr\u00edgan (&#8220;Terror&#8221; ou &#8220;Rainha Fantasma&#8221;), tamb\u00e9m escrita M\u00f3rr\u00edgan (&#8220;Grande Rainha&#8221;) ou ainda como Morr\u00edgu, M\u00f3rr\u00edghean, M\u00f3r-R\u00edogain, \u00e9 uma figura divina da mitologia irlandesa (c\u00e9ltica), embora n\u00e3o seja referida como &#8220;deusa&#8221; em alguns textos antigos.<\/p>\n<p>Representada comumente como uma figura terr\u00edvel, nas glosas dos manuscritos medievais irlandeses como uma equivalente a Alecto &#8211; uma das F\u00farias na mitologia grega &#8211; de fato, um dos textos refere-se a Lamia como &#8220;um monstro de formas femininas, i. e., uma Morrigan&#8221; &#8211; ou ainda como o dem\u00f4nio hebreu Lilith, a primeira esposa de Ad\u00e3o (Na mitologia crist\u00e3, Lilith n\u00e3o aceita ficar debaixo do homem durante o ato sexual, e questiona sua import\u00e2ncia perante Deus. Ela abandona Ad\u00e3o e o para\u00edso, vagando solit\u00e1ria e indo se envolver com os dem\u00f4nios e L\u00facifer no inferno).<\/p>\n<p>Associada com a vingan\u00e7a, a guerra e a morte no campo de batalha, algumas vezes \u00e9 anunciada com a vis\u00e3o de um corvo sobre carca\u00e7as, premoni\u00e7\u00e3o de destrui\u00e7\u00e3o ou mesmo com vacas. Considerada uma divindade da guerra, compar\u00e1vel \u00e0s Valqu\u00edrias da mitologia germ\u00e2nica, embora sua associa\u00e7\u00e3o com o gado bovino permita tamb\u00e9m uma liga\u00e7\u00e3o com a fertilidade e o campo. Possui, tamb\u00e9m, associa\u00e7\u00f5es com os rios, pois em suas premoni\u00e7\u00f5es \u00e9 encontrada lavando a roupa dos mortos na beira de um riacho.<\/p>\n<p>&#8220;Para os celtas, a morte n\u00e3o era um fim, mas um recome\u00e7o em um Outro Mundo, o in\u00edcio de um novo ciclo&#8221;.<\/p>\n<p>A deusa, portanto, possui um vasto dom\u00ednio na mitologia celta, sendo deusa da guerra, da vingan\u00e7a, da fertilidade, das premoni\u00e7\u00f5es, da destrui\u00e7\u00e3o, da morte em batalha, e da magia. Dom\u00ednios que tem certa conex\u00e3o. A guerra destr\u00f3i, abrindo caminho para algo novo renascer. A figura da mulher, aquela bruxa que ficava em casa curando os feridos, preocupando-se com os filhos e dando-lhes a vida, e trazendo a comida \u00e0 mesa&#8230; e \u00e9 justamente isso que significa a sua &#8220;fertilidade&#8221;, no sentido de um novo ciclo livre para florescer. O uso de magia frequentemente est\u00e1 associado ao conhecimentos de ervas (hoje conhecida como pharm\u00e1cia).<\/p>\n<p>\u00c9 tamb\u00e9m vista nas vis\u00f5es como uma metamorfa que assume ora a forma de um corvo, ora a forma de um lobo. Dois dos animais sagrados da deusa. Com frequ\u00eancia vista como uma divindade trinit\u00e1ria, embora as associa\u00e7\u00f5es desta tr\u00edade variem: a mais frequente d\u00e1-se de Morr\u00edgan com Badb e com Macha &#8211; embora algumas vezes incluem-se Nemain, Fea, Anann e outras.<\/p>\n<p>Sabemos que na mitologia Celta a Deusa possui 3 aspectos &#8211; o da Jovem, da M\u00e3e e da Anci\u00e3, representando os 3 est\u00e1gios de sabedoria pelos quais passa a mulher: a virgem que dar\u00e1 filhos, a respons\u00e1vel pela colheita, e a velha, que sabe tudo. Na mitologia grega encontramos as tecedeiras, chamadas Moiras. Tamb\u00e9m elas representam conhecimento e poder sobre o destino da vida dos homens.<\/p>\n","protected":false},"featured_media":579,"comment_status":"closed","ping_status":"closed","template":"","meta":{"_themeisle_gutenberg_block_has_review":false,"jetpack_post_was_ever_published":false,"jetpack_publicize_message":"","jetpack_publicize_feature_enabled":true,"jetpack_social_post_already_shared":true,"jetpack_social_options":{"image_generator_settings":{"template":"highway","default_image_id":0,"font":"","enabled":false},"version":2}},"product_brand":[],"product_cat":[130,129,39,109],"product_tag":[147,146],"class_list":{"0":"post-577","1":"product","2":"type-product","3":"status-publish","4":"has-post-thumbnail","6":"product_cat-decoracao","7":"product_cat-estatuas","8":"product_cat-mitologia","9":"product_cat-mitologia-celta","10":"product_tag-mitologia-celta","11":"product_tag-morrigan","12":"post","14":"first","15":"instock","16":"taxable","17":"shipping-taxable","18":"purchasable","19":"product-type-simple"},"composite_virtual":false,"composite_layout":"","composite_add_to_cart_form_location":"","composite_editable_in_cart":false,"composite_sold_individually_context":"","composite_shop_price_calc":"","composite_components":[],"composite_scenarios":[],"yoast_head":"<!-- This site is optimized with the Yoast SEO Premium plugin v22.9 (Yoast SEO v27.3) - https:\/\/yoast.com\/product\/yoast-seo-premium-wordpress\/ -->\n<title>Morr\u00edgan - Escola de Astrologia DMAstro<\/title>\n<meta name=\"robots\" content=\"index, follow, max-snippet:-1, max-image-preview:large, max-video-preview:-1\" \/>\n<link rel=\"canonical\" href=\"https:\/\/www.dmastro.com.br\/dmastroblog\/produto\/morrigan\/\" \/>\n<meta property=\"og:locale\" content=\"pt_BR\" \/>\n<meta property=\"og:type\" content=\"article\" \/>\n<meta property=\"og:title\" content=\"Morr\u00edgan\" \/>\n<meta property=\"og:description\" content=\"Est\u00e1tua de Morr\u00edgan (&quot;Terror&quot; ou &quot;Rainha Fantasma&quot;), tamb\u00e9m escrita M\u00f3rr\u00edgan (&quot;Grande Rainha&quot;) ou ainda como Morr\u00edgu, M\u00f3rr\u00edghean, M\u00f3r-R\u00edogain, \u00e9 uma figura divina da mitologia irlandesa (c\u00e9ltica), embora n\u00e3o seja referida como &quot;deusa&quot; em alguns textos antigos.  Representada comumente como uma figura terr\u00edvel, nas glosas dos manuscritos medievais irlandeses como uma equivalente a Alecto - uma das F\u00farias na mitologia grega - de fato, um dos textos refere-se a Lamia como &quot;um monstro de formas femininas, i. e., uma Morrigan&quot; - ou ainda como o dem\u00f4nio hebreu Lilith, a primeira esposa de Ad\u00e3o (Na mitologia crist\u00e3, Lilith n\u00e3o aceita ficar debaixo do homem durante o ato sexual, e questiona sua import\u00e2ncia perante Deus. Ela abandona Ad\u00e3o e o para\u00edso, vagando solit\u00e1ria e indo se envolver com os dem\u00f4nios e L\u00facifer no inferno).  Associada com a vingan\u00e7a, a guerra e a morte no campo de batalha, algumas vezes \u00e9 anunciada com a vis\u00e3o de um corvo sobre carca\u00e7as, premoni\u00e7\u00e3o de destrui\u00e7\u00e3o ou mesmo com vacas. Considerada uma divindade da guerra, compar\u00e1vel \u00e0s Valqu\u00edrias da mitologia germ\u00e2nica, embora sua associa\u00e7\u00e3o com o gado bovino permita tamb\u00e9m uma liga\u00e7\u00e3o com a fertilidade e o campo. Possui, tamb\u00e9m, associa\u00e7\u00f5es com os rios, pois em suas premoni\u00e7\u00f5es \u00e9 encontrada lavando a roupa dos mortos na beira de um riacho.  &quot;Para os celtas, a morte n\u00e3o era um fim, mas um recome\u00e7o em um Outro Mundo, o in\u00edcio de um novo ciclo&quot;.  A deusa, portanto, possui um vasto dom\u00ednio na mitologia celta, sendo deusa da guerra, da vingan\u00e7a, da fertilidade, das premoni\u00e7\u00f5es, da destrui\u00e7\u00e3o, da morte em batalha, e da magia. Dom\u00ednios que tem certa conex\u00e3o. A guerra destr\u00f3i, abrindo caminho para algo novo renascer. A figura da mulher, aquela bruxa que ficava em casa curando os feridos, preocupando-se com os filhos e dando-lhes a vida, e trazendo a comida \u00e0 mesa... e \u00e9 justamente isso que significa a sua &quot;fertilidade&quot;, no sentido de um novo ciclo livre para florescer. O uso de magia frequentemente est\u00e1 associado ao conhecimentos de ervas (hoje conhecida como pharm\u00e1cia).  \u00c9 tamb\u00e9m vista nas vis\u00f5es como uma metamorfa que assume ora a forma de um corvo, ora a forma de um lobo. Dois dos animais sagrados da deusa. Com frequ\u00eancia vista como uma divindade trinit\u00e1ria, embora as associa\u00e7\u00f5es desta tr\u00edade variem: a mais frequente d\u00e1-se de Morr\u00edgan com Badb e com Macha - embora algumas vezes incluem-se Nemain, Fea, Anann e outras.  Sabemos que na mitologia Celta a Deusa possui 3 aspectos - o da Jovem, da M\u00e3e e da Anci\u00e3, representando os 3 est\u00e1gios de sabedoria pelos quais passa a mulher: a virgem que dar\u00e1 filhos, a respons\u00e1vel pela colheita, e a velha, que sabe tudo. Na mitologia grega encontramos as tecedeiras, chamadas Moiras. Tamb\u00e9m elas representam conhecimento e poder sobre o destino da vida dos homens.\" \/>\n<meta property=\"og:url\" content=\"https:\/\/www.dmastro.com.br\/dmastroblog\/produto\/morrigan\/\" \/>\n<meta property=\"og:site_name\" content=\"Escola de Astrologia DMAstro\" \/>\n<meta property=\"article:publisher\" content=\"https:\/\/www.facebook.com\/dmastrobr\" \/>\n<meta property=\"article:modified_time\" content=\"2018-08-16T07:33:00+00:00\" \/>\n<meta property=\"og:image\" content=\"https:\/\/www.dmastro.com.br\/dmastroblog\/wp-content\/uploads\/2018\/04\/morri\u00edgan.jpg\" \/>\n\t<meta property=\"og:image:width\" content=\"720\" \/>\n\t<meta property=\"og:image:height\" content=\"960\" \/>\n\t<meta property=\"og:image:type\" content=\"image\/jpeg\" \/>\n<meta name=\"twitter:card\" content=\"summary_large_image\" \/>\n<meta name=\"twitter:site\" content=\"@dmastrobrasil\" \/>\n<meta name=\"twitter:label1\" content=\"Pre\u00e7o\" \/>\n\t<meta name=\"twitter:data1\" content=\"&#082;&#036;120,00\" \/>\n\t<meta name=\"twitter:label2\" content=\"Disponibilidade\" \/>\n\t<meta name=\"twitter:data2\" content=\"Em Estoque\" \/>\n<script type=\"application\/ld+json\" class=\"yoast-schema-graph\">{\"@context\":\"https:\\\/\\\/schema.org\",\"@graph\":[{\"@type\":\"WebPage\",\"@id\":\"https:\\\/\\\/www.dmastro.com.br\\\/dmastroblog\\\/produto\\\/morrigan\\\/\",\"url\":\"https:\\\/\\\/www.dmastro.com.br\\\/dmastroblog\\\/produto\\\/morrigan\\\/\",\"name\":\"Morr\u00edgan - Escola de Astrologia DMAstro\",\"isPartOf\":{\"@id\":\"https:\\\/\\\/www.dmastro.com.br\\\/dmastroblog\\\/#website\"},\"primaryImageOfPage\":{\"@id\":\"https:\\\/\\\/www.dmastro.com.br\\\/dmastroblog\\\/produto\\\/morrigan\\\/#primaryimage\"},\"image\":{\"@id\":\"https:\\\/\\\/www.dmastro.com.br\\\/dmastroblog\\\/produto\\\/morrigan\\\/#primaryimage\"},\"thumbnailUrl\":\"https:\\\/\\\/i0.wp.com\\\/www.dmastro.com.br\\\/dmastroblog\\\/wp-content\\\/uploads\\\/2018\\\/04\\\/morri%C3%ADgan.jpg?fit=720%2C960&ssl=1\",\"datePublished\":\"2018-04-05T07:54:02+00:00\",\"dateModified\":\"2018-08-16T07:33:00+00:00\",\"breadcrumb\":{\"@id\":\"https:\\\/\\\/www.dmastro.com.br\\\/dmastroblog\\\/produto\\\/morrigan\\\/#breadcrumb\"},\"inLanguage\":\"pt-BR\",\"potentialAction\":[{\"@type\":\"ReadAction\",\"target\":[\"https:\\\/\\\/www.dmastro.com.br\\\/dmastroblog\\\/produto\\\/morrigan\\\/\"]}]},{\"@type\":\"ImageObject\",\"inLanguage\":\"pt-BR\",\"@id\":\"https:\\\/\\\/www.dmastro.com.br\\\/dmastroblog\\\/produto\\\/morrigan\\\/#primaryimage\",\"url\":\"https:\\\/\\\/i0.wp.com\\\/www.dmastro.com.br\\\/dmastroblog\\\/wp-content\\\/uploads\\\/2018\\\/04\\\/morri%C3%ADgan.jpg?fit=720%2C960&ssl=1\",\"contentUrl\":\"https:\\\/\\\/i0.wp.com\\\/www.dmastro.com.br\\\/dmastroblog\\\/wp-content\\\/uploads\\\/2018\\\/04\\\/morri%C3%ADgan.jpg?fit=720%2C960&ssl=1\",\"width\":720,\"height\":960},{\"@type\":\"BreadcrumbList\",\"@id\":\"https:\\\/\\\/www.dmastro.com.br\\\/dmastroblog\\\/produto\\\/morrigan\\\/#breadcrumb\",\"itemListElement\":[{\"@type\":\"ListItem\",\"position\":1,\"name\":\"In\u00edcio\",\"item\":\"https:\\\/\\\/www.dmastro.com.br\\\/dmastroblog\\\/\"},{\"@type\":\"ListItem\",\"position\":2,\"name\":\"Loja\",\"item\":\"https:\\\/\\\/www.dmastro.com.br\\\/dmastroblog\\\/loja\\\/\"},{\"@type\":\"ListItem\",\"position\":3,\"name\":\"Morr\u00edgan\"}]},{\"@type\":\"WebSite\",\"@id\":\"https:\\\/\\\/www.dmastro.com.br\\\/dmastroblog\\\/#website\",\"url\":\"https:\\\/\\\/www.dmastro.com.br\\\/dmastroblog\\\/\",\"name\":\"DMAstro Brasil\",\"description\":\"Curso Completo de Forma\u00e7\u00e3o\",\"publisher\":{\"@id\":\"https:\\\/\\\/www.dmastro.com.br\\\/dmastroblog\\\/#organization\"},\"potentialAction\":[{\"@type\":\"SearchAction\",\"target\":{\"@type\":\"EntryPoint\",\"urlTemplate\":\"https:\\\/\\\/www.dmastro.com.br\\\/dmastroblog\\\/?s={search_term_string}\"},\"query-input\":{\"@type\":\"PropertyValueSpecification\",\"valueRequired\":true,\"valueName\":\"search_term_string\"}}],\"inLanguage\":\"pt-BR\"},{\"@type\":\"Organization\",\"@id\":\"https:\\\/\\\/www.dmastro.com.br\\\/dmastroblog\\\/#organization\",\"name\":\"DMAstro Brasil\",\"url\":\"https:\\\/\\\/www.dmastro.com.br\\\/dmastroblog\\\/\",\"logo\":{\"@type\":\"ImageObject\",\"inLanguage\":\"pt-BR\",\"@id\":\"https:\\\/\\\/www.dmastro.com.br\\\/dmastroblog\\\/#\\\/schema\\\/logo\\\/image\\\/\",\"url\":\"https:\\\/\\\/www.dmastro.com.br\\\/dmastroblog\\\/wp-content\\\/uploads\\\/2018\\\/12\\\/logotipo-dmastro-brasil.png\",\"contentUrl\":\"https:\\\/\\\/www.dmastro.com.br\\\/dmastroblog\\\/wp-content\\\/uploads\\\/2018\\\/12\\\/logotipo-dmastro-brasil.png\",\"width\":180,\"height\":180,\"caption\":\"DMAstro Brasil\"},\"image\":{\"@id\":\"https:\\\/\\\/www.dmastro.com.br\\\/dmastroblog\\\/#\\\/schema\\\/logo\\\/image\\\/\"},\"sameAs\":[\"https:\\\/\\\/www.facebook.com\\\/dmastrobr\",\"https:\\\/\\\/x.com\\\/dmastrobrasil\",\"https:\\\/\\\/www.instagram.com\\\/dmastrobrasil\\\/\"]}]}<\/script>\n<meta property=\"product:price:amount\" content=\"120.00\" \/>\n<meta property=\"product:price:currency\" content=\"BRL\" \/>\n<meta property=\"og:availability\" content=\"instock\" \/>\n<meta property=\"product:availability\" content=\"instock\" \/>\n<meta property=\"product:condition\" content=\"new\" \/>\n<!-- \/ Yoast SEO Premium plugin. -->","yoast_head_json":{"title":"Morr\u00edgan - Escola de Astrologia DMAstro","robots":{"index":"index","follow":"follow","max-snippet":"max-snippet:-1","max-image-preview":"max-image-preview:large","max-video-preview":"max-video-preview:-1"},"canonical":"https:\/\/www.dmastro.com.br\/dmastroblog\/produto\/morrigan\/","og_locale":"pt_BR","og_type":"article","og_title":"Morr\u00edgan","og_description":"Est\u00e1tua de Morr\u00edgan (\"Terror\" ou \"Rainha Fantasma\"), tamb\u00e9m escrita M\u00f3rr\u00edgan (\"Grande Rainha\") ou ainda como Morr\u00edgu, M\u00f3rr\u00edghean, M\u00f3r-R\u00edogain, \u00e9 uma figura divina da mitologia irlandesa (c\u00e9ltica), embora n\u00e3o seja referida como \"deusa\" em alguns textos antigos.  Representada comumente como uma figura terr\u00edvel, nas glosas dos manuscritos medievais irlandeses como uma equivalente a Alecto - uma das F\u00farias na mitologia grega - de fato, um dos textos refere-se a Lamia como \"um monstro de formas femininas, i. e., uma Morrigan\" - ou ainda como o dem\u00f4nio hebreu Lilith, a primeira esposa de Ad\u00e3o (Na mitologia crist\u00e3, Lilith n\u00e3o aceita ficar debaixo do homem durante o ato sexual, e questiona sua import\u00e2ncia perante Deus. Ela abandona Ad\u00e3o e o para\u00edso, vagando solit\u00e1ria e indo se envolver com os dem\u00f4nios e L\u00facifer no inferno).  Associada com a vingan\u00e7a, a guerra e a morte no campo de batalha, algumas vezes \u00e9 anunciada com a vis\u00e3o de um corvo sobre carca\u00e7as, premoni\u00e7\u00e3o de destrui\u00e7\u00e3o ou mesmo com vacas. Considerada uma divindade da guerra, compar\u00e1vel \u00e0s Valqu\u00edrias da mitologia germ\u00e2nica, embora sua associa\u00e7\u00e3o com o gado bovino permita tamb\u00e9m uma liga\u00e7\u00e3o com a fertilidade e o campo. Possui, tamb\u00e9m, associa\u00e7\u00f5es com os rios, pois em suas premoni\u00e7\u00f5es \u00e9 encontrada lavando a roupa dos mortos na beira de um riacho.  \"Para os celtas, a morte n\u00e3o era um fim, mas um recome\u00e7o em um Outro Mundo, o in\u00edcio de um novo ciclo\".  A deusa, portanto, possui um vasto dom\u00ednio na mitologia celta, sendo deusa da guerra, da vingan\u00e7a, da fertilidade, das premoni\u00e7\u00f5es, da destrui\u00e7\u00e3o, da morte em batalha, e da magia. Dom\u00ednios que tem certa conex\u00e3o. A guerra destr\u00f3i, abrindo caminho para algo novo renascer. A figura da mulher, aquela bruxa que ficava em casa curando os feridos, preocupando-se com os filhos e dando-lhes a vida, e trazendo a comida \u00e0 mesa... e \u00e9 justamente isso que significa a sua \"fertilidade\", no sentido de um novo ciclo livre para florescer. O uso de magia frequentemente est\u00e1 associado ao conhecimentos de ervas (hoje conhecida como pharm\u00e1cia).  \u00c9 tamb\u00e9m vista nas vis\u00f5es como uma metamorfa que assume ora a forma de um corvo, ora a forma de um lobo. Dois dos animais sagrados da deusa. Com frequ\u00eancia vista como uma divindade trinit\u00e1ria, embora as associa\u00e7\u00f5es desta tr\u00edade variem: a mais frequente d\u00e1-se de Morr\u00edgan com Badb e com Macha - embora algumas vezes incluem-se Nemain, Fea, Anann e outras.  Sabemos que na mitologia Celta a Deusa possui 3 aspectos - o da Jovem, da M\u00e3e e da Anci\u00e3, representando os 3 est\u00e1gios de sabedoria pelos quais passa a mulher: a virgem que dar\u00e1 filhos, a respons\u00e1vel pela colheita, e a velha, que sabe tudo. Na mitologia grega encontramos as tecedeiras, chamadas Moiras. Tamb\u00e9m elas representam conhecimento e poder sobre o destino da vida dos homens.","og_url":"https:\/\/www.dmastro.com.br\/dmastroblog\/produto\/morrigan\/","og_site_name":"Escola de Astrologia DMAstro","article_publisher":"https:\/\/www.facebook.com\/dmastrobr","article_modified_time":"2018-08-16T07:33:00+00:00","og_image":[{"width":720,"height":960,"url":"https:\/\/www.dmastro.com.br\/dmastroblog\/wp-content\/uploads\/2018\/04\/morri\u00edgan.jpg","type":"image\/jpeg"}],"twitter_card":"summary_large_image","twitter_site":"@dmastrobrasil","twitter_misc":{"Pre\u00e7o":"&#82;&#36;120,00","Disponibilidade":"Em Estoque"},"schema":{"@context":"https:\/\/schema.org","@graph":[{"@type":"WebPage","@id":"https:\/\/www.dmastro.com.br\/dmastroblog\/produto\/morrigan\/","url":"https:\/\/www.dmastro.com.br\/dmastroblog\/produto\/morrigan\/","name":"Morr\u00edgan - Escola de Astrologia DMAstro","isPartOf":{"@id":"https:\/\/www.dmastro.com.br\/dmastroblog\/#website"},"primaryImageOfPage":{"@id":"https:\/\/www.dmastro.com.br\/dmastroblog\/produto\/morrigan\/#primaryimage"},"image":{"@id":"https:\/\/www.dmastro.com.br\/dmastroblog\/produto\/morrigan\/#primaryimage"},"thumbnailUrl":"https:\/\/i0.wp.com\/www.dmastro.com.br\/dmastroblog\/wp-content\/uploads\/2018\/04\/morri%C3%ADgan.jpg?fit=720%2C960&ssl=1","datePublished":"2018-04-05T07:54:02+00:00","dateModified":"2018-08-16T07:33:00+00:00","breadcrumb":{"@id":"https:\/\/www.dmastro.com.br\/dmastroblog\/produto\/morrigan\/#breadcrumb"},"inLanguage":"pt-BR","potentialAction":[{"@type":"ReadAction","target":["https:\/\/www.dmastro.com.br\/dmastroblog\/produto\/morrigan\/"]}]},{"@type":"ImageObject","inLanguage":"pt-BR","@id":"https:\/\/www.dmastro.com.br\/dmastroblog\/produto\/morrigan\/#primaryimage","url":"https:\/\/i0.wp.com\/www.dmastro.com.br\/dmastroblog\/wp-content\/uploads\/2018\/04\/morri%C3%ADgan.jpg?fit=720%2C960&ssl=1","contentUrl":"https:\/\/i0.wp.com\/www.dmastro.com.br\/dmastroblog\/wp-content\/uploads\/2018\/04\/morri%C3%ADgan.jpg?fit=720%2C960&ssl=1","width":720,"height":960},{"@type":"BreadcrumbList","@id":"https:\/\/www.dmastro.com.br\/dmastroblog\/produto\/morrigan\/#breadcrumb","itemListElement":[{"@type":"ListItem","position":1,"name":"In\u00edcio","item":"https:\/\/www.dmastro.com.br\/dmastroblog\/"},{"@type":"ListItem","position":2,"name":"Loja","item":"https:\/\/www.dmastro.com.br\/dmastroblog\/loja\/"},{"@type":"ListItem","position":3,"name":"Morr\u00edgan"}]},{"@type":"WebSite","@id":"https:\/\/www.dmastro.com.br\/dmastroblog\/#website","url":"https:\/\/www.dmastro.com.br\/dmastroblog\/","name":"DMAstro Brasil","description":"Curso Completo de Forma\u00e7\u00e3o","publisher":{"@id":"https:\/\/www.dmastro.com.br\/dmastroblog\/#organization"},"potentialAction":[{"@type":"SearchAction","target":{"@type":"EntryPoint","urlTemplate":"https:\/\/www.dmastro.com.br\/dmastroblog\/?s={search_term_string}"},"query-input":{"@type":"PropertyValueSpecification","valueRequired":true,"valueName":"search_term_string"}}],"inLanguage":"pt-BR"},{"@type":"Organization","@id":"https:\/\/www.dmastro.com.br\/dmastroblog\/#organization","name":"DMAstro Brasil","url":"https:\/\/www.dmastro.com.br\/dmastroblog\/","logo":{"@type":"ImageObject","inLanguage":"pt-BR","@id":"https:\/\/www.dmastro.com.br\/dmastroblog\/#\/schema\/logo\/image\/","url":"https:\/\/www.dmastro.com.br\/dmastroblog\/wp-content\/uploads\/2018\/12\/logotipo-dmastro-brasil.png","contentUrl":"https:\/\/www.dmastro.com.br\/dmastroblog\/wp-content\/uploads\/2018\/12\/logotipo-dmastro-brasil.png","width":180,"height":180,"caption":"DMAstro Brasil"},"image":{"@id":"https:\/\/www.dmastro.com.br\/dmastroblog\/#\/schema\/logo\/image\/"},"sameAs":["https:\/\/www.facebook.com\/dmastrobr","https:\/\/x.com\/dmastrobrasil","https:\/\/www.instagram.com\/dmastrobrasil\/"]}]},"product_price_amount":"120.00","product_price_currency":"BRL","og_availability":"instock","product_availability":"instock","product_condition":"new"},"jetpack_publicize_connections":[],"jetpack_sharing_enabled":true,"jetpack_likes_enabled":false,"publishpress_future_workflow_manual_trigger":{"enabledWorkflows":[]},"_links":{"self":[{"href":"https:\/\/www.dmastro.com.br\/dmastroblog\/wp-json\/wp\/v2\/product\/577","targetHints":{"allow":["GET"]}}],"collection":[{"href":"https:\/\/www.dmastro.com.br\/dmastroblog\/wp-json\/wp\/v2\/product"}],"about":[{"href":"https:\/\/www.dmastro.com.br\/dmastroblog\/wp-json\/wp\/v2\/types\/product"}],"replies":[{"embeddable":true,"href":"https:\/\/www.dmastro.com.br\/dmastroblog\/wp-json\/wp\/v2\/comments?post=577"}],"wp:featuredmedia":[{"embeddable":true,"href":"https:\/\/www.dmastro.com.br\/dmastroblog\/wp-json\/wp\/v2\/media\/579"}],"wp:attachment":[{"href":"https:\/\/www.dmastro.com.br\/dmastroblog\/wp-json\/wp\/v2\/media?parent=577"}],"wp:term":[{"taxonomy":"product_brand","embeddable":true,"href":"https:\/\/www.dmastro.com.br\/dmastroblog\/wp-json\/wp\/v2\/product_brand?post=577"},{"taxonomy":"product_cat","embeddable":true,"href":"https:\/\/www.dmastro.com.br\/dmastroblog\/wp-json\/wp\/v2\/product_cat?post=577"},{"taxonomy":"product_tag","embeddable":true,"href":"https:\/\/www.dmastro.com.br\/dmastroblog\/wp-json\/wp\/v2\/product_tag?post=577"}],"curies":[{"name":"wp","href":"https:\/\/api.w.org\/{rel}","templated":true}]}}