{"id":544,"date":"2018-04-03T05:15:53","date_gmt":"2018-04-03T08:15:53","guid":{"rendered":"http:\/\/www.dmastro.com.br\/dmastroblog\/?post_type=product&#038;p=544"},"modified":"2019-02-12T22:54:22","modified_gmt":"2019-02-13T00:54:22","slug":"orixa-iemanja","status":"publish","type":"product","link":"https:\/\/www.dmastro.com.br\/dmastroblog\/produto\/orixa-iemanja\/","title":{"rendered":"Iemanj\u00e1"},"content":{"rendered":"<p>Composi\u00e7\u00e3o da Embalagem: Uma Est\u00e1tua em Resina.<\/p>\n<p>Dimens\u00f5es do Produto:<br \/>\nAltura: 26 cm<br \/>\nLargura: 19 cm<br \/>\nProfundidade: 8.5 cm<\/p>\n<p>Cor: azul<br \/>\nFoto ilustrativa. Pode ocorrer pequenas varia\u00e7\u00f5es de cores, devido \u00e0 pintura ser artesanal.<\/p>\n","protected":false},"excerpt":{"rendered":"<p>Est\u00e1tua de Iemanj\u00e1 (Yem\u1ecdj\u00e1 na Nig\u00e9ria, Yemay\u00e1 em Cuba ou ainda Dona Jana\u00edna no Brasil) \u00e9 o orix\u00e1 do povo Egba, divindade da fertilidade originalmente associada aos rios e desembocaduras. Seu culto principal estabeleceu-se em Abeokuta ap\u00f3s migra\u00e7\u00f5es for\u00e7adas, tomando como suporte o rio \u00d2g\u00f9n de onde manifesta-se em qualquer outro corpo de \u00e1gua. Tamb\u00e9m \u00e9 reverenciada em partes da Am\u00e9rica do Sul, Caribe e Estados Unidos. Sendo identificada no merindilogun pelos Odus Irosun, Oss\u00e1 e Ogunda, \u00e9 representada materialmente pelo assentamento sagrado denominado Igba Iemanj\u00e1. Manifesta-se em iniciados em seus mist\u00e9rios (eleguns) atrav\u00e9s de possess\u00e3o ou transe.<\/p>\n<p>Celebrada em If\u00e9 como filha de Olokun a divindade dos mares, essa simbiose lend\u00e1ria foi enaltecida no processo da di\u00e1spora africana resultando na assimila\u00e7\u00e3o de Iemanj\u00e1 dos atributos da \u00e1gua salgada, sendo o motivo para a sua associa\u00e7\u00e3o aos mares no Novo Mundo. Com o sincretismo de outras divindades e de influ\u00eancias europ\u00e9ias, foi imbu\u00edda de in\u00fameros atributos e poderes em uma grande variedade de cultos. O seu arqu\u00e9tipo maternal consolidou-se sobretudo como M\u00e3e de todos os Orix\u00e1s. Iemanj\u00e1 nas palavras de D. M. Zenicola, &#8220;representa o poder progenitor feminino; \u00e9 ela que nos faz nascer, divindade que \u00e9 maternidade universal, a M\u00e3e do Mundo&#8221;.<\/p>\n<p>No Brasil considerado o orix\u00e1 mais popular festejado com festas p\u00fablicas, desenvolveu profunda influ\u00eancia na cultura popular, m\u00fasica, literatura e na religi\u00e3o, adquirindo progressivamente uma identidade consolidada pelo Novo Mundo conforme pode ser observado em suas representa\u00e7\u00f5es nos mais diversos \u00e2mbitos que em sua imagem reuniram as &#8220;tr\u00eas ra\u00e7as&#8221;. Figura na Dona Jana\u00edna uma personalidade \u00e0 parte, sedutora, sereia dos mares nordestinos, com cultos populares simb\u00f3licos e acess\u00edveis que muitas vezes n\u00e3o expressam necessariamente uma liturgia. Nessa vis\u00e3o, segundo T. Bernardo Iemanj\u00e1 &#8220;(&#8230;)\u00e9 m\u00e3e e esposa. Ela ama os homens do mar e os protege. Mas quando os deseja, ela os mata e torna-os seus esposos no fundo do mar&#8221;.<\/p>\n","protected":false},"featured_media":545,"comment_status":"closed","ping_status":"closed","template":"","meta":{"_themeisle_gutenberg_block_has_review":false,"jetpack_post_was_ever_published":false,"jetpack_publicize_message":"","jetpack_publicize_feature_enabled":true,"jetpack_social_post_already_shared":true,"jetpack_social_options":{"image_generator_settings":{"template":"highway","default_image_id":0,"font":"","enabled":false},"version":2}},"product_brand":[],"product_cat":[130,129,39,107],"product_tag":[139,141,140,138],"class_list":{"0":"post-544","1":"product","2":"type-product","3":"status-publish","4":"has-post-thumbnail","6":"product_cat-decoracao","7":"product_cat-estatuas","8":"product_cat-mitologia","9":"product_cat-mitologia-ioruba-candomble","10":"product_tag-candomble","11":"product_tag-iemanja","12":"product_tag-mitologia-africana","13":"product_tag-mitologia-ioruba","14":"post","16":"first","17":"instock","18":"taxable","19":"shipping-taxable","20":"purchasable","21":"product-type-simple"},"composite_virtual":false,"composite_layout":"","composite_add_to_cart_form_location":"","composite_editable_in_cart":false,"composite_sold_individually_context":"","composite_shop_price_calc":"","composite_components":[],"composite_scenarios":[],"yoast_head":"<!-- This site is optimized with the Yoast SEO Premium plugin v22.9 (Yoast SEO v27.3) - https:\/\/yoast.com\/product\/yoast-seo-premium-wordpress\/ -->\n<title>Iemanj\u00e1 - Escola de Astrologia DMAstro<\/title>\n<meta name=\"robots\" content=\"index, follow, max-snippet:-1, max-image-preview:large, max-video-preview:-1\" \/>\n<link rel=\"canonical\" href=\"https:\/\/www.dmastro.com.br\/dmastroblog\/produto\/orixa-iemanja\/\" \/>\n<meta property=\"og:locale\" content=\"pt_BR\" \/>\n<meta property=\"og:type\" content=\"article\" \/>\n<meta property=\"og:title\" content=\"Iemanj\u00e1\" \/>\n<meta property=\"og:description\" content=\"Est\u00e1tua de Iemanj\u00e1 (Yem\u1ecdj\u00e1 na Nig\u00e9ria, Yemay\u00e1 em Cuba ou ainda Dona Jana\u00edna no Brasil) \u00e9 o orix\u00e1 do povo Egba, divindade da fertilidade originalmente associada aos rios e desembocaduras. Seu culto principal estabeleceu-se em Abeokuta ap\u00f3s migra\u00e7\u00f5es for\u00e7adas, tomando como suporte o rio \u00d2g\u00f9n de onde manifesta-se em qualquer outro corpo de \u00e1gua. Tamb\u00e9m \u00e9 reverenciada em partes da Am\u00e9rica do Sul, Caribe e Estados Unidos. Sendo identificada no merindilogun pelos Odus Irosun, Oss\u00e1 e Ogunda, \u00e9 representada materialmente pelo assentamento sagrado denominado Igba Iemanj\u00e1. Manifesta-se em iniciados em seus mist\u00e9rios (eleguns) atrav\u00e9s de possess\u00e3o ou transe.  Celebrada em If\u00e9 como filha de Olokun a divindade dos mares, essa simbiose lend\u00e1ria foi enaltecida no processo da di\u00e1spora africana resultando na assimila\u00e7\u00e3o de Iemanj\u00e1 dos atributos da \u00e1gua salgada, sendo o motivo para a sua associa\u00e7\u00e3o aos mares no Novo Mundo. Com o sincretismo de outras divindades e de influ\u00eancias europ\u00e9ias, foi imbu\u00edda de in\u00fameros atributos e poderes em uma grande variedade de cultos. O seu arqu\u00e9tipo maternal consolidou-se sobretudo como M\u00e3e de todos os Orix\u00e1s. Iemanj\u00e1 nas palavras de D. M. Zenicola, &quot;representa o poder progenitor feminino; \u00e9 ela que nos faz nascer, divindade que \u00e9 maternidade universal, a M\u00e3e do Mundo&quot;.  No Brasil considerado o orix\u00e1 mais popular festejado com festas p\u00fablicas, desenvolveu profunda influ\u00eancia na cultura popular, m\u00fasica, literatura e na religi\u00e3o, adquirindo progressivamente uma identidade consolidada pelo Novo Mundo conforme pode ser observado em suas representa\u00e7\u00f5es nos mais diversos \u00e2mbitos que em sua imagem reuniram as &quot;tr\u00eas ra\u00e7as&quot;. Figura na Dona Jana\u00edna uma personalidade \u00e0 parte, sedutora, sereia dos mares nordestinos, com cultos populares simb\u00f3licos e acess\u00edveis que muitas vezes n\u00e3o expressam necessariamente uma liturgia. Nessa vis\u00e3o, segundo T. Bernardo Iemanj\u00e1 &quot;(...)\u00e9 m\u00e3e e esposa. Ela ama os homens do mar e os protege. Mas quando os deseja, ela os mata e torna-os seus esposos no fundo do mar&quot;.\" \/>\n<meta property=\"og:url\" content=\"https:\/\/www.dmastro.com.br\/dmastroblog\/produto\/orixa-iemanja\/\" \/>\n<meta property=\"og:site_name\" content=\"Escola de Astrologia DMAstro\" \/>\n<meta property=\"article:publisher\" content=\"https:\/\/www.facebook.com\/dmastrobr\" \/>\n<meta property=\"article:modified_time\" content=\"2019-02-13T00:54:22+00:00\" \/>\n<meta property=\"og:image\" content=\"https:\/\/www.dmastro.com.br\/dmastroblog\/wp-content\/uploads\/2018\/04\/iemanja1.jpg\" \/>\n\t<meta property=\"og:image:width\" content=\"873\" \/>\n\t<meta property=\"og:image:height\" content=\"1200\" \/>\n\t<meta property=\"og:image:type\" content=\"image\/jpeg\" \/>\n<meta name=\"twitter:card\" content=\"summary_large_image\" \/>\n<meta name=\"twitter:site\" content=\"@dmastrobrasil\" \/>\n<meta name=\"twitter:label1\" content=\"Pre\u00e7o\" \/>\n\t<meta name=\"twitter:data1\" content=\"&#082;&#036;168,00\" \/>\n\t<meta name=\"twitter:label2\" content=\"Disponibilidade\" \/>\n\t<meta name=\"twitter:data2\" content=\"Em Estoque\" \/>\n<script type=\"application\/ld+json\" class=\"yoast-schema-graph\">{\"@context\":\"https:\\\/\\\/schema.org\",\"@graph\":[{\"@type\":\"WebPage\",\"@id\":\"https:\\\/\\\/www.dmastro.com.br\\\/dmastroblog\\\/produto\\\/orixa-iemanja\\\/\",\"url\":\"https:\\\/\\\/www.dmastro.com.br\\\/dmastroblog\\\/produto\\\/orixa-iemanja\\\/\",\"name\":\"Iemanj\u00e1 - Escola de Astrologia DMAstro\",\"isPartOf\":{\"@id\":\"https:\\\/\\\/www.dmastro.com.br\\\/dmastroblog\\\/#website\"},\"primaryImageOfPage\":{\"@id\":\"https:\\\/\\\/www.dmastro.com.br\\\/dmastroblog\\\/produto\\\/orixa-iemanja\\\/#primaryimage\"},\"image\":{\"@id\":\"https:\\\/\\\/www.dmastro.com.br\\\/dmastroblog\\\/produto\\\/orixa-iemanja\\\/#primaryimage\"},\"thumbnailUrl\":\"https:\\\/\\\/i0.wp.com\\\/www.dmastro.com.br\\\/dmastroblog\\\/wp-content\\\/uploads\\\/2018\\\/04\\\/iemanja1.jpg?fit=873%2C1200&ssl=1\",\"datePublished\":\"2018-04-03T08:15:53+00:00\",\"dateModified\":\"2019-02-13T00:54:22+00:00\",\"breadcrumb\":{\"@id\":\"https:\\\/\\\/www.dmastro.com.br\\\/dmastroblog\\\/produto\\\/orixa-iemanja\\\/#breadcrumb\"},\"inLanguage\":\"pt-BR\",\"potentialAction\":[{\"@type\":\"ReadAction\",\"target\":[\"https:\\\/\\\/www.dmastro.com.br\\\/dmastroblog\\\/produto\\\/orixa-iemanja\\\/\"]}]},{\"@type\":\"ImageObject\",\"inLanguage\":\"pt-BR\",\"@id\":\"https:\\\/\\\/www.dmastro.com.br\\\/dmastroblog\\\/produto\\\/orixa-iemanja\\\/#primaryimage\",\"url\":\"https:\\\/\\\/i0.wp.com\\\/www.dmastro.com.br\\\/dmastroblog\\\/wp-content\\\/uploads\\\/2018\\\/04\\\/iemanja1.jpg?fit=873%2C1200&ssl=1\",\"contentUrl\":\"https:\\\/\\\/i0.wp.com\\\/www.dmastro.com.br\\\/dmastroblog\\\/wp-content\\\/uploads\\\/2018\\\/04\\\/iemanja1.jpg?fit=873%2C1200&ssl=1\",\"width\":873,\"height\":1200},{\"@type\":\"BreadcrumbList\",\"@id\":\"https:\\\/\\\/www.dmastro.com.br\\\/dmastroblog\\\/produto\\\/orixa-iemanja\\\/#breadcrumb\",\"itemListElement\":[{\"@type\":\"ListItem\",\"position\":1,\"name\":\"In\u00edcio\",\"item\":\"https:\\\/\\\/www.dmastro.com.br\\\/dmastroblog\\\/\"},{\"@type\":\"ListItem\",\"position\":2,\"name\":\"Loja\",\"item\":\"https:\\\/\\\/www.dmastro.com.br\\\/dmastroblog\\\/loja\\\/\"},{\"@type\":\"ListItem\",\"position\":3,\"name\":\"Iemanj\u00e1\"}]},{\"@type\":\"WebSite\",\"@id\":\"https:\\\/\\\/www.dmastro.com.br\\\/dmastroblog\\\/#website\",\"url\":\"https:\\\/\\\/www.dmastro.com.br\\\/dmastroblog\\\/\",\"name\":\"DMAstro Brasil\",\"description\":\"Curso Completo de Forma\u00e7\u00e3o\",\"publisher\":{\"@id\":\"https:\\\/\\\/www.dmastro.com.br\\\/dmastroblog\\\/#organization\"},\"potentialAction\":[{\"@type\":\"SearchAction\",\"target\":{\"@type\":\"EntryPoint\",\"urlTemplate\":\"https:\\\/\\\/www.dmastro.com.br\\\/dmastroblog\\\/?s={search_term_string}\"},\"query-input\":{\"@type\":\"PropertyValueSpecification\",\"valueRequired\":true,\"valueName\":\"search_term_string\"}}],\"inLanguage\":\"pt-BR\"},{\"@type\":\"Organization\",\"@id\":\"https:\\\/\\\/www.dmastro.com.br\\\/dmastroblog\\\/#organization\",\"name\":\"DMAstro Brasil\",\"url\":\"https:\\\/\\\/www.dmastro.com.br\\\/dmastroblog\\\/\",\"logo\":{\"@type\":\"ImageObject\",\"inLanguage\":\"pt-BR\",\"@id\":\"https:\\\/\\\/www.dmastro.com.br\\\/dmastroblog\\\/#\\\/schema\\\/logo\\\/image\\\/\",\"url\":\"https:\\\/\\\/www.dmastro.com.br\\\/dmastroblog\\\/wp-content\\\/uploads\\\/2018\\\/12\\\/logotipo-dmastro-brasil.png\",\"contentUrl\":\"https:\\\/\\\/www.dmastro.com.br\\\/dmastroblog\\\/wp-content\\\/uploads\\\/2018\\\/12\\\/logotipo-dmastro-brasil.png\",\"width\":180,\"height\":180,\"caption\":\"DMAstro Brasil\"},\"image\":{\"@id\":\"https:\\\/\\\/www.dmastro.com.br\\\/dmastroblog\\\/#\\\/schema\\\/logo\\\/image\\\/\"},\"sameAs\":[\"https:\\\/\\\/www.facebook.com\\\/dmastrobr\",\"https:\\\/\\\/x.com\\\/dmastrobrasil\",\"https:\\\/\\\/www.instagram.com\\\/dmastrobrasil\\\/\"]}]}<\/script>\n<meta property=\"product:price:amount\" content=\"168.00\" \/>\n<meta property=\"product:price:currency\" content=\"BRL\" \/>\n<meta property=\"og:availability\" content=\"instock\" \/>\n<meta property=\"product:availability\" content=\"instock\" \/>\n<meta property=\"product:condition\" content=\"new\" \/>\n<!-- \/ Yoast SEO Premium plugin. -->","yoast_head_json":{"title":"Iemanj\u00e1 - Escola de Astrologia DMAstro","robots":{"index":"index","follow":"follow","max-snippet":"max-snippet:-1","max-image-preview":"max-image-preview:large","max-video-preview":"max-video-preview:-1"},"canonical":"https:\/\/www.dmastro.com.br\/dmastroblog\/produto\/orixa-iemanja\/","og_locale":"pt_BR","og_type":"article","og_title":"Iemanj\u00e1","og_description":"Est\u00e1tua de Iemanj\u00e1 (Yem\u1ecdj\u00e1 na Nig\u00e9ria, Yemay\u00e1 em Cuba ou ainda Dona Jana\u00edna no Brasil) \u00e9 o orix\u00e1 do povo Egba, divindade da fertilidade originalmente associada aos rios e desembocaduras. Seu culto principal estabeleceu-se em Abeokuta ap\u00f3s migra\u00e7\u00f5es for\u00e7adas, tomando como suporte o rio \u00d2g\u00f9n de onde manifesta-se em qualquer outro corpo de \u00e1gua. Tamb\u00e9m \u00e9 reverenciada em partes da Am\u00e9rica do Sul, Caribe e Estados Unidos. Sendo identificada no merindilogun pelos Odus Irosun, Oss\u00e1 e Ogunda, \u00e9 representada materialmente pelo assentamento sagrado denominado Igba Iemanj\u00e1. Manifesta-se em iniciados em seus mist\u00e9rios (eleguns) atrav\u00e9s de possess\u00e3o ou transe.  Celebrada em If\u00e9 como filha de Olokun a divindade dos mares, essa simbiose lend\u00e1ria foi enaltecida no processo da di\u00e1spora africana resultando na assimila\u00e7\u00e3o de Iemanj\u00e1 dos atributos da \u00e1gua salgada, sendo o motivo para a sua associa\u00e7\u00e3o aos mares no Novo Mundo. Com o sincretismo de outras divindades e de influ\u00eancias europ\u00e9ias, foi imbu\u00edda de in\u00fameros atributos e poderes em uma grande variedade de cultos. O seu arqu\u00e9tipo maternal consolidou-se sobretudo como M\u00e3e de todos os Orix\u00e1s. Iemanj\u00e1 nas palavras de D. M. Zenicola, \"representa o poder progenitor feminino; \u00e9 ela que nos faz nascer, divindade que \u00e9 maternidade universal, a M\u00e3e do Mundo\".  No Brasil considerado o orix\u00e1 mais popular festejado com festas p\u00fablicas, desenvolveu profunda influ\u00eancia na cultura popular, m\u00fasica, literatura e na religi\u00e3o, adquirindo progressivamente uma identidade consolidada pelo Novo Mundo conforme pode ser observado em suas representa\u00e7\u00f5es nos mais diversos \u00e2mbitos que em sua imagem reuniram as \"tr\u00eas ra\u00e7as\". Figura na Dona Jana\u00edna uma personalidade \u00e0 parte, sedutora, sereia dos mares nordestinos, com cultos populares simb\u00f3licos e acess\u00edveis que muitas vezes n\u00e3o expressam necessariamente uma liturgia. Nessa vis\u00e3o, segundo T. Bernardo Iemanj\u00e1 \"(...)\u00e9 m\u00e3e e esposa. Ela ama os homens do mar e os protege. Mas quando os deseja, ela os mata e torna-os seus esposos no fundo do mar\".","og_url":"https:\/\/www.dmastro.com.br\/dmastroblog\/produto\/orixa-iemanja\/","og_site_name":"Escola de Astrologia DMAstro","article_publisher":"https:\/\/www.facebook.com\/dmastrobr","article_modified_time":"2019-02-13T00:54:22+00:00","og_image":[{"width":873,"height":1200,"url":"https:\/\/www.dmastro.com.br\/dmastroblog\/wp-content\/uploads\/2018\/04\/iemanja1.jpg","type":"image\/jpeg"}],"twitter_card":"summary_large_image","twitter_site":"@dmastrobrasil","twitter_misc":{"Pre\u00e7o":"&#82;&#36;168,00","Disponibilidade":"Em Estoque"},"schema":{"@context":"https:\/\/schema.org","@graph":[{"@type":"WebPage","@id":"https:\/\/www.dmastro.com.br\/dmastroblog\/produto\/orixa-iemanja\/","url":"https:\/\/www.dmastro.com.br\/dmastroblog\/produto\/orixa-iemanja\/","name":"Iemanj\u00e1 - Escola de Astrologia DMAstro","isPartOf":{"@id":"https:\/\/www.dmastro.com.br\/dmastroblog\/#website"},"primaryImageOfPage":{"@id":"https:\/\/www.dmastro.com.br\/dmastroblog\/produto\/orixa-iemanja\/#primaryimage"},"image":{"@id":"https:\/\/www.dmastro.com.br\/dmastroblog\/produto\/orixa-iemanja\/#primaryimage"},"thumbnailUrl":"https:\/\/i0.wp.com\/www.dmastro.com.br\/dmastroblog\/wp-content\/uploads\/2018\/04\/iemanja1.jpg?fit=873%2C1200&ssl=1","datePublished":"2018-04-03T08:15:53+00:00","dateModified":"2019-02-13T00:54:22+00:00","breadcrumb":{"@id":"https:\/\/www.dmastro.com.br\/dmastroblog\/produto\/orixa-iemanja\/#breadcrumb"},"inLanguage":"pt-BR","potentialAction":[{"@type":"ReadAction","target":["https:\/\/www.dmastro.com.br\/dmastroblog\/produto\/orixa-iemanja\/"]}]},{"@type":"ImageObject","inLanguage":"pt-BR","@id":"https:\/\/www.dmastro.com.br\/dmastroblog\/produto\/orixa-iemanja\/#primaryimage","url":"https:\/\/i0.wp.com\/www.dmastro.com.br\/dmastroblog\/wp-content\/uploads\/2018\/04\/iemanja1.jpg?fit=873%2C1200&ssl=1","contentUrl":"https:\/\/i0.wp.com\/www.dmastro.com.br\/dmastroblog\/wp-content\/uploads\/2018\/04\/iemanja1.jpg?fit=873%2C1200&ssl=1","width":873,"height":1200},{"@type":"BreadcrumbList","@id":"https:\/\/www.dmastro.com.br\/dmastroblog\/produto\/orixa-iemanja\/#breadcrumb","itemListElement":[{"@type":"ListItem","position":1,"name":"In\u00edcio","item":"https:\/\/www.dmastro.com.br\/dmastroblog\/"},{"@type":"ListItem","position":2,"name":"Loja","item":"https:\/\/www.dmastro.com.br\/dmastroblog\/loja\/"},{"@type":"ListItem","position":3,"name":"Iemanj\u00e1"}]},{"@type":"WebSite","@id":"https:\/\/www.dmastro.com.br\/dmastroblog\/#website","url":"https:\/\/www.dmastro.com.br\/dmastroblog\/","name":"DMAstro Brasil","description":"Curso Completo de Forma\u00e7\u00e3o","publisher":{"@id":"https:\/\/www.dmastro.com.br\/dmastroblog\/#organization"},"potentialAction":[{"@type":"SearchAction","target":{"@type":"EntryPoint","urlTemplate":"https:\/\/www.dmastro.com.br\/dmastroblog\/?s={search_term_string}"},"query-input":{"@type":"PropertyValueSpecification","valueRequired":true,"valueName":"search_term_string"}}],"inLanguage":"pt-BR"},{"@type":"Organization","@id":"https:\/\/www.dmastro.com.br\/dmastroblog\/#organization","name":"DMAstro Brasil","url":"https:\/\/www.dmastro.com.br\/dmastroblog\/","logo":{"@type":"ImageObject","inLanguage":"pt-BR","@id":"https:\/\/www.dmastro.com.br\/dmastroblog\/#\/schema\/logo\/image\/","url":"https:\/\/www.dmastro.com.br\/dmastroblog\/wp-content\/uploads\/2018\/12\/logotipo-dmastro-brasil.png","contentUrl":"https:\/\/www.dmastro.com.br\/dmastroblog\/wp-content\/uploads\/2018\/12\/logotipo-dmastro-brasil.png","width":180,"height":180,"caption":"DMAstro Brasil"},"image":{"@id":"https:\/\/www.dmastro.com.br\/dmastroblog\/#\/schema\/logo\/image\/"},"sameAs":["https:\/\/www.facebook.com\/dmastrobr","https:\/\/x.com\/dmastrobrasil","https:\/\/www.instagram.com\/dmastrobrasil\/"]}]},"product_price_amount":"168.00","product_price_currency":"BRL","og_availability":"instock","product_availability":"instock","product_condition":"new"},"jetpack_publicize_connections":[],"jetpack_sharing_enabled":true,"jetpack_likes_enabled":false,"publishpress_future_workflow_manual_trigger":{"enabledWorkflows":[]},"_links":{"self":[{"href":"https:\/\/www.dmastro.com.br\/dmastroblog\/wp-json\/wp\/v2\/product\/544","targetHints":{"allow":["GET"]}}],"collection":[{"href":"https:\/\/www.dmastro.com.br\/dmastroblog\/wp-json\/wp\/v2\/product"}],"about":[{"href":"https:\/\/www.dmastro.com.br\/dmastroblog\/wp-json\/wp\/v2\/types\/product"}],"replies":[{"embeddable":true,"href":"https:\/\/www.dmastro.com.br\/dmastroblog\/wp-json\/wp\/v2\/comments?post=544"}],"wp:featuredmedia":[{"embeddable":true,"href":"https:\/\/www.dmastro.com.br\/dmastroblog\/wp-json\/wp\/v2\/media\/545"}],"wp:attachment":[{"href":"https:\/\/www.dmastro.com.br\/dmastroblog\/wp-json\/wp\/v2\/media?parent=544"}],"wp:term":[{"taxonomy":"product_brand","embeddable":true,"href":"https:\/\/www.dmastro.com.br\/dmastroblog\/wp-json\/wp\/v2\/product_brand?post=544"},{"taxonomy":"product_cat","embeddable":true,"href":"https:\/\/www.dmastro.com.br\/dmastroblog\/wp-json\/wp\/v2\/product_cat?post=544"},{"taxonomy":"product_tag","embeddable":true,"href":"https:\/\/www.dmastro.com.br\/dmastroblog\/wp-json\/wp\/v2\/product_tag?post=544"}],"curies":[{"name":"wp","href":"https:\/\/api.w.org\/{rel}","templated":true}]}}