{"id":521,"date":"2018-04-02T23:22:35","date_gmt":"2018-04-03T02:22:35","guid":{"rendered":"http:\/\/www.dmastro.com.br\/dmastroblog\/?post_type=product&#038;p=521"},"modified":"2021-01-13T21:03:13","modified_gmt":"2021-01-14T00:03:13","slug":"estatua-odin-pai-de-todos-em-resina","status":"publish","type":"product","link":"https:\/\/www.dmastro.com.br\/dmastroblog\/produto\/estatua-odin-pai-de-todos-em-resina\/","title":{"rendered":"Odin Pai de Todos"},"content":{"rendered":"<div>Composi\u00e7\u00e3o da Embalagem: Uma Est\u00e1tua em Resina.<\/div>\n<div><\/div>\n<div>Medidas Aproximada do Produto:<\/div>\n<div>\n<div>Altura Total: 33cm<\/div>\n<div>Largura: \u00a018cm<\/div>\n<div>Peso Aproximado: 1,5 Kl<\/div>\n<\/div>\n<div><\/div>\n<div>Fabrica\u00e7\u00e3o Artesanal em Resina \u2013 Brasil.<\/div>\n<div>Foto ilustrativa. Pode ocorrer pequenas varia\u00e7\u00f5es de cores, devido \u00e0 pintura ser artesanal.<\/div>\n","protected":false},"excerpt":{"rendered":"<p>Est\u00e1tua de Odin ou \u00d3din (em n\u00f3rdico antigo: \u00d3\u00f0inn) \u00e9 considerado o deus principal do cl\u00e3 dos deuses Asses (\u00c6sir), o cl\u00e3 mais importante de deuses da mitologia n\u00f3rdica e nas cren\u00e7as das religi\u00f5es neopag\u00e3s n\u00f3rdicas, como a \u00c1satr\u00fa. Tamb\u00e9m \u00e9 conhecido como &#8220;Pai de Todos&#8221; e &#8220;O enviado do Senhor da Guerra&#8221;.<\/p>\n<p>Seu papel, como o de muitos deuses n\u00f3rdicos, era complexo; era o deus da sabedoria, da guerra e da morte, embora tamb\u00e9m, em menor escala, da magia, da poesia, da profecia, da vit\u00f3ria e da ca\u00e7a. Era sobretudo adorado pelas classes sociais superiores.<\/p>\n<p>Odin morava em Asgard, no pal\u00e1cio de Valaskj\u00e1lf, que ele construiu para si, e onde se encontra seu trono, o Hli\u00f0skj\u00e1lf, onde podia observar o que acontecia em cada um dos nove mundos, gra\u00e7as aos seus dois corvos Hugin e Munin. Durante o combate brandia sua lan\u00e7a, chamada Gungnir, e montava seu cavalo de oito patas, chamado Sleipnir.<\/p>\n<p>Era filho de Borr e da jotun (&#8220;gigante&#8221;) Bestla, irm\u00e3o de Vili e V\u00e9, esposo de Frigg e pai de v\u00e1rios dos deuses asses (\u00c6sir), tais como Thor, Baldr, Vidar e V\u00e1li. Na poesia esc\u00e1ldica faz-se refer\u00eancia a ele com diversos kenningar, e um dos que s\u00e3o utilizados para mencion\u00e1-lo \u00e9 Allf\u00f6\u00f0r (&#8220;pai de todos&#8221;).<\/p>\n<p>Como deus da guerra, era encarregado de enviar suas &#8220;filhas&#8221;, as valqu\u00edrias, para recolher os corpos dos her\u00f3is mortos em combate, os einherjar, que se sentam a seu lado no Valhalla de onde preside os banquetes. No fim dos tempos Odin conduzir\u00e1 os deuses e os homens contra as for\u00e7as do caos na batalha do fim do mundo, o Ragnar\u00f6k. Nesta batalha o deus ser\u00e1 morto e devorado pelo feroz lobo Fenrir, que ser\u00e1 imediatamente morto por Vidar, que, com um p\u00e9 sobre sua garganta, lhe arrancar\u00e1 a mand\u00edbula.<\/p>\n","protected":false},"featured_media":522,"comment_status":"closed","ping_status":"closed","template":"","meta":{"_themeisle_gutenberg_block_has_review":false,"jetpack_post_was_ever_published":false,"jetpack_publicize_message":"","jetpack_publicize_feature_enabled":true,"jetpack_social_post_already_shared":true,"jetpack_social_options":{"image_generator_settings":{"template":"highway","default_image_id":0,"font":"","enabled":false},"version":2}},"product_brand":[],"product_cat":[130,129,39,106],"product_tag":[133,132,134,135],"class_list":{"0":"post-521","1":"product","2":"type-product","3":"status-publish","4":"has-post-thumbnail","6":"product_cat-decoracao","7":"product_cat-estatuas","8":"product_cat-mitologia","9":"product_cat-mitologia-nordica","10":"product_tag-estatua","11":"product_tag-mitologia-nordica","12":"product_tag-odin","13":"product_tag-pai-de-todos","14":"post","16":"first","17":"onbackorder","18":"taxable","19":"shipping-taxable","20":"purchasable","21":"product-type-simple"},"composite_virtual":false,"composite_layout":"","composite_add_to_cart_form_location":"","composite_editable_in_cart":false,"composite_sold_individually_context":"","composite_shop_price_calc":"","composite_components":[],"composite_scenarios":[],"yoast_head":"<!-- This site is optimized with the Yoast SEO Premium plugin v22.9 (Yoast SEO v27.3) - https:\/\/yoast.com\/product\/yoast-seo-premium-wordpress\/ -->\n<title>Odin Pai de Todos - Escola de Astrologia DMAstro<\/title>\n<meta name=\"robots\" content=\"index, follow, max-snippet:-1, max-image-preview:large, max-video-preview:-1\" \/>\n<link rel=\"canonical\" href=\"https:\/\/www.dmastro.com.br\/dmastroblog\/produto\/estatua-odin-pai-de-todos-em-resina\/\" \/>\n<meta property=\"og:locale\" content=\"pt_BR\" \/>\n<meta property=\"og:type\" content=\"article\" \/>\n<meta property=\"og:title\" content=\"Odin Pai de Todos\" \/>\n<meta property=\"og:description\" content=\"Est\u00e1tua de Odin ou \u00d3din (em n\u00f3rdico antigo: \u00d3\u00f0inn) \u00e9 considerado o deus principal do cl\u00e3 dos deuses Asses (\u00c6sir), o cl\u00e3 mais importante de deuses da mitologia n\u00f3rdica e nas cren\u00e7as das religi\u00f5es neopag\u00e3s n\u00f3rdicas, como a \u00c1satr\u00fa. Tamb\u00e9m \u00e9 conhecido como &quot;Pai de Todos&quot; e &quot;O enviado do Senhor da Guerra&quot;.  Seu papel, como o de muitos deuses n\u00f3rdicos, era complexo; era o deus da sabedoria, da guerra e da morte, embora tamb\u00e9m, em menor escala, da magia, da poesia, da profecia, da vit\u00f3ria e da ca\u00e7a. Era sobretudo adorado pelas classes sociais superiores.  Odin morava em Asgard, no pal\u00e1cio de Valaskj\u00e1lf, que ele construiu para si, e onde se encontra seu trono, o Hli\u00f0skj\u00e1lf, onde podia observar o que acontecia em cada um dos nove mundos, gra\u00e7as aos seus dois corvos Hugin e Munin. Durante o combate brandia sua lan\u00e7a, chamada Gungnir, e montava seu cavalo de oito patas, chamado Sleipnir.  Era filho de Borr e da jotun (&quot;gigante&quot;) Bestla, irm\u00e3o de Vili e V\u00e9, esposo de Frigg e pai de v\u00e1rios dos deuses asses (\u00c6sir), tais como Thor, Baldr, Vidar e V\u00e1li. Na poesia esc\u00e1ldica faz-se refer\u00eancia a ele com diversos kenningar, e um dos que s\u00e3o utilizados para mencion\u00e1-lo \u00e9 Allf\u00f6\u00f0r (&quot;pai de todos&quot;).  Como deus da guerra, era encarregado de enviar suas &quot;filhas&quot;, as valqu\u00edrias, para recolher os corpos dos her\u00f3is mortos em combate, os einherjar, que se sentam a seu lado no Valhalla de onde preside os banquetes. No fim dos tempos Odin conduzir\u00e1 os deuses e os homens contra as for\u00e7as do caos na batalha do fim do mundo, o Ragnar\u00f6k. Nesta batalha o deus ser\u00e1 morto e devorado pelo feroz lobo Fenrir, que ser\u00e1 imediatamente morto por Vidar, que, com um p\u00e9 sobre sua garganta, lhe arrancar\u00e1 a mand\u00edbula.\" \/>\n<meta property=\"og:url\" content=\"https:\/\/www.dmastro.com.br\/dmastroblog\/produto\/estatua-odin-pai-de-todos-em-resina\/\" \/>\n<meta property=\"og:site_name\" content=\"Escola de Astrologia DMAstro\" \/>\n<meta property=\"article:publisher\" content=\"https:\/\/www.facebook.com\/dmastrobr\" \/>\n<meta property=\"article:modified_time\" content=\"2021-01-14T00:03:13+00:00\" \/>\n<meta property=\"og:image\" content=\"https:\/\/www.dmastro.com.br\/dmastroblog\/wp-content\/uploads\/2018\/04\/estatua-deus-do-olimpo-odin-33cm1.jpg\" \/>\n\t<meta property=\"og:image:width\" content=\"750\" \/>\n\t<meta property=\"og:image:height\" content=\"750\" \/>\n\t<meta property=\"og:image:type\" content=\"image\/jpeg\" \/>\n<meta name=\"twitter:card\" content=\"summary_large_image\" \/>\n<meta name=\"twitter:site\" content=\"@dmastrobrasil\" \/>\n<meta name=\"twitter:label1\" content=\"Pre\u00e7o\" \/>\n\t<meta name=\"twitter:data1\" content=\"&#082;&#036;180,00\" \/>\n\t<meta name=\"twitter:label2\" content=\"Disponibilidade\" \/>\n\t<meta name=\"twitter:data2\" content=\"Em espera\" \/>\n<script type=\"application\/ld+json\" class=\"yoast-schema-graph\">{\"@context\":\"https:\\\/\\\/schema.org\",\"@graph\":[{\"@type\":\"WebPage\",\"@id\":\"https:\\\/\\\/www.dmastro.com.br\\\/dmastroblog\\\/produto\\\/estatua-odin-pai-de-todos-em-resina\\\/\",\"url\":\"https:\\\/\\\/www.dmastro.com.br\\\/dmastroblog\\\/produto\\\/estatua-odin-pai-de-todos-em-resina\\\/\",\"name\":\"Odin Pai de Todos - Escola de Astrologia DMAstro\",\"isPartOf\":{\"@id\":\"https:\\\/\\\/www.dmastro.com.br\\\/dmastroblog\\\/#website\"},\"primaryImageOfPage\":{\"@id\":\"https:\\\/\\\/www.dmastro.com.br\\\/dmastroblog\\\/produto\\\/estatua-odin-pai-de-todos-em-resina\\\/#primaryimage\"},\"image\":{\"@id\":\"https:\\\/\\\/www.dmastro.com.br\\\/dmastroblog\\\/produto\\\/estatua-odin-pai-de-todos-em-resina\\\/#primaryimage\"},\"thumbnailUrl\":\"https:\\\/\\\/i0.wp.com\\\/www.dmastro.com.br\\\/dmastroblog\\\/wp-content\\\/uploads\\\/2018\\\/04\\\/estatua-deus-do-olimpo-odin-33cm1.jpg?fit=750%2C750&ssl=1\",\"datePublished\":\"2018-04-03T02:22:35+00:00\",\"dateModified\":\"2021-01-14T00:03:13+00:00\",\"breadcrumb\":{\"@id\":\"https:\\\/\\\/www.dmastro.com.br\\\/dmastroblog\\\/produto\\\/estatua-odin-pai-de-todos-em-resina\\\/#breadcrumb\"},\"inLanguage\":\"pt-BR\",\"potentialAction\":[{\"@type\":\"ReadAction\",\"target\":[\"https:\\\/\\\/www.dmastro.com.br\\\/dmastroblog\\\/produto\\\/estatua-odin-pai-de-todos-em-resina\\\/\"]}]},{\"@type\":\"ImageObject\",\"inLanguage\":\"pt-BR\",\"@id\":\"https:\\\/\\\/www.dmastro.com.br\\\/dmastroblog\\\/produto\\\/estatua-odin-pai-de-todos-em-resina\\\/#primaryimage\",\"url\":\"https:\\\/\\\/i0.wp.com\\\/www.dmastro.com.br\\\/dmastroblog\\\/wp-content\\\/uploads\\\/2018\\\/04\\\/estatua-deus-do-olimpo-odin-33cm1.jpg?fit=750%2C750&ssl=1\",\"contentUrl\":\"https:\\\/\\\/i0.wp.com\\\/www.dmastro.com.br\\\/dmastroblog\\\/wp-content\\\/uploads\\\/2018\\\/04\\\/estatua-deus-do-olimpo-odin-33cm1.jpg?fit=750%2C750&ssl=1\",\"width\":750,\"height\":750},{\"@type\":\"BreadcrumbList\",\"@id\":\"https:\\\/\\\/www.dmastro.com.br\\\/dmastroblog\\\/produto\\\/estatua-odin-pai-de-todos-em-resina\\\/#breadcrumb\",\"itemListElement\":[{\"@type\":\"ListItem\",\"position\":1,\"name\":\"In\u00edcio\",\"item\":\"https:\\\/\\\/www.dmastro.com.br\\\/dmastroblog\\\/\"},{\"@type\":\"ListItem\",\"position\":2,\"name\":\"Loja\",\"item\":\"https:\\\/\\\/www.dmastro.com.br\\\/dmastroblog\\\/loja\\\/\"},{\"@type\":\"ListItem\",\"position\":3,\"name\":\"Odin Pai de Todos\"}]},{\"@type\":\"WebSite\",\"@id\":\"https:\\\/\\\/www.dmastro.com.br\\\/dmastroblog\\\/#website\",\"url\":\"https:\\\/\\\/www.dmastro.com.br\\\/dmastroblog\\\/\",\"name\":\"DMAstro Brasil\",\"description\":\"Curso Completo de Forma\u00e7\u00e3o\",\"publisher\":{\"@id\":\"https:\\\/\\\/www.dmastro.com.br\\\/dmastroblog\\\/#organization\"},\"potentialAction\":[{\"@type\":\"SearchAction\",\"target\":{\"@type\":\"EntryPoint\",\"urlTemplate\":\"https:\\\/\\\/www.dmastro.com.br\\\/dmastroblog\\\/?s={search_term_string}\"},\"query-input\":{\"@type\":\"PropertyValueSpecification\",\"valueRequired\":true,\"valueName\":\"search_term_string\"}}],\"inLanguage\":\"pt-BR\"},{\"@type\":\"Organization\",\"@id\":\"https:\\\/\\\/www.dmastro.com.br\\\/dmastroblog\\\/#organization\",\"name\":\"DMAstro Brasil\",\"url\":\"https:\\\/\\\/www.dmastro.com.br\\\/dmastroblog\\\/\",\"logo\":{\"@type\":\"ImageObject\",\"inLanguage\":\"pt-BR\",\"@id\":\"https:\\\/\\\/www.dmastro.com.br\\\/dmastroblog\\\/#\\\/schema\\\/logo\\\/image\\\/\",\"url\":\"https:\\\/\\\/www.dmastro.com.br\\\/dmastroblog\\\/wp-content\\\/uploads\\\/2018\\\/12\\\/logotipo-dmastro-brasil.png\",\"contentUrl\":\"https:\\\/\\\/www.dmastro.com.br\\\/dmastroblog\\\/wp-content\\\/uploads\\\/2018\\\/12\\\/logotipo-dmastro-brasil.png\",\"width\":180,\"height\":180,\"caption\":\"DMAstro Brasil\"},\"image\":{\"@id\":\"https:\\\/\\\/www.dmastro.com.br\\\/dmastroblog\\\/#\\\/schema\\\/logo\\\/image\\\/\"},\"sameAs\":[\"https:\\\/\\\/www.facebook.com\\\/dmastrobr\",\"https:\\\/\\\/x.com\\\/dmastrobrasil\",\"https:\\\/\\\/www.instagram.com\\\/dmastrobrasil\\\/\"]}]}<\/script>\n<meta property=\"product:price:amount\" content=\"180.00\" \/>\n<meta property=\"product:price:currency\" content=\"BRL\" \/>\n<meta property=\"og:availability\" content=\"backorder\" \/>\n<meta property=\"product:availability\" content=\"available for order\" \/>\n<meta property=\"product:condition\" content=\"new\" \/>\n<!-- \/ Yoast SEO Premium plugin. -->","yoast_head_json":{"title":"Odin Pai de Todos - Escola de Astrologia DMAstro","robots":{"index":"index","follow":"follow","max-snippet":"max-snippet:-1","max-image-preview":"max-image-preview:large","max-video-preview":"max-video-preview:-1"},"canonical":"https:\/\/www.dmastro.com.br\/dmastroblog\/produto\/estatua-odin-pai-de-todos-em-resina\/","og_locale":"pt_BR","og_type":"article","og_title":"Odin Pai de Todos","og_description":"Est\u00e1tua de Odin ou \u00d3din (em n\u00f3rdico antigo: \u00d3\u00f0inn) \u00e9 considerado o deus principal do cl\u00e3 dos deuses Asses (\u00c6sir), o cl\u00e3 mais importante de deuses da mitologia n\u00f3rdica e nas cren\u00e7as das religi\u00f5es neopag\u00e3s n\u00f3rdicas, como a \u00c1satr\u00fa. Tamb\u00e9m \u00e9 conhecido como \"Pai de Todos\" e \"O enviado do Senhor da Guerra\".  Seu papel, como o de muitos deuses n\u00f3rdicos, era complexo; era o deus da sabedoria, da guerra e da morte, embora tamb\u00e9m, em menor escala, da magia, da poesia, da profecia, da vit\u00f3ria e da ca\u00e7a. Era sobretudo adorado pelas classes sociais superiores.  Odin morava em Asgard, no pal\u00e1cio de Valaskj\u00e1lf, que ele construiu para si, e onde se encontra seu trono, o Hli\u00f0skj\u00e1lf, onde podia observar o que acontecia em cada um dos nove mundos, gra\u00e7as aos seus dois corvos Hugin e Munin. Durante o combate brandia sua lan\u00e7a, chamada Gungnir, e montava seu cavalo de oito patas, chamado Sleipnir.  Era filho de Borr e da jotun (\"gigante\") Bestla, irm\u00e3o de Vili e V\u00e9, esposo de Frigg e pai de v\u00e1rios dos deuses asses (\u00c6sir), tais como Thor, Baldr, Vidar e V\u00e1li. Na poesia esc\u00e1ldica faz-se refer\u00eancia a ele com diversos kenningar, e um dos que s\u00e3o utilizados para mencion\u00e1-lo \u00e9 Allf\u00f6\u00f0r (\"pai de todos\").  Como deus da guerra, era encarregado de enviar suas \"filhas\", as valqu\u00edrias, para recolher os corpos dos her\u00f3is mortos em combate, os einherjar, que se sentam a seu lado no Valhalla de onde preside os banquetes. No fim dos tempos Odin conduzir\u00e1 os deuses e os homens contra as for\u00e7as do caos na batalha do fim do mundo, o Ragnar\u00f6k. Nesta batalha o deus ser\u00e1 morto e devorado pelo feroz lobo Fenrir, que ser\u00e1 imediatamente morto por Vidar, que, com um p\u00e9 sobre sua garganta, lhe arrancar\u00e1 a mand\u00edbula.","og_url":"https:\/\/www.dmastro.com.br\/dmastroblog\/produto\/estatua-odin-pai-de-todos-em-resina\/","og_site_name":"Escola de Astrologia DMAstro","article_publisher":"https:\/\/www.facebook.com\/dmastrobr","article_modified_time":"2021-01-14T00:03:13+00:00","og_image":[{"width":750,"height":750,"url":"https:\/\/www.dmastro.com.br\/dmastroblog\/wp-content\/uploads\/2018\/04\/estatua-deus-do-olimpo-odin-33cm1.jpg","type":"image\/jpeg"}],"twitter_card":"summary_large_image","twitter_site":"@dmastrobrasil","twitter_misc":{"Pre\u00e7o":"&#82;&#36;180,00","Disponibilidade":"Em espera"},"schema":{"@context":"https:\/\/schema.org","@graph":[{"@type":"WebPage","@id":"https:\/\/www.dmastro.com.br\/dmastroblog\/produto\/estatua-odin-pai-de-todos-em-resina\/","url":"https:\/\/www.dmastro.com.br\/dmastroblog\/produto\/estatua-odin-pai-de-todos-em-resina\/","name":"Odin Pai de Todos - Escola de Astrologia DMAstro","isPartOf":{"@id":"https:\/\/www.dmastro.com.br\/dmastroblog\/#website"},"primaryImageOfPage":{"@id":"https:\/\/www.dmastro.com.br\/dmastroblog\/produto\/estatua-odin-pai-de-todos-em-resina\/#primaryimage"},"image":{"@id":"https:\/\/www.dmastro.com.br\/dmastroblog\/produto\/estatua-odin-pai-de-todos-em-resina\/#primaryimage"},"thumbnailUrl":"https:\/\/i0.wp.com\/www.dmastro.com.br\/dmastroblog\/wp-content\/uploads\/2018\/04\/estatua-deus-do-olimpo-odin-33cm1.jpg?fit=750%2C750&ssl=1","datePublished":"2018-04-03T02:22:35+00:00","dateModified":"2021-01-14T00:03:13+00:00","breadcrumb":{"@id":"https:\/\/www.dmastro.com.br\/dmastroblog\/produto\/estatua-odin-pai-de-todos-em-resina\/#breadcrumb"},"inLanguage":"pt-BR","potentialAction":[{"@type":"ReadAction","target":["https:\/\/www.dmastro.com.br\/dmastroblog\/produto\/estatua-odin-pai-de-todos-em-resina\/"]}]},{"@type":"ImageObject","inLanguage":"pt-BR","@id":"https:\/\/www.dmastro.com.br\/dmastroblog\/produto\/estatua-odin-pai-de-todos-em-resina\/#primaryimage","url":"https:\/\/i0.wp.com\/www.dmastro.com.br\/dmastroblog\/wp-content\/uploads\/2018\/04\/estatua-deus-do-olimpo-odin-33cm1.jpg?fit=750%2C750&ssl=1","contentUrl":"https:\/\/i0.wp.com\/www.dmastro.com.br\/dmastroblog\/wp-content\/uploads\/2018\/04\/estatua-deus-do-olimpo-odin-33cm1.jpg?fit=750%2C750&ssl=1","width":750,"height":750},{"@type":"BreadcrumbList","@id":"https:\/\/www.dmastro.com.br\/dmastroblog\/produto\/estatua-odin-pai-de-todos-em-resina\/#breadcrumb","itemListElement":[{"@type":"ListItem","position":1,"name":"In\u00edcio","item":"https:\/\/www.dmastro.com.br\/dmastroblog\/"},{"@type":"ListItem","position":2,"name":"Loja","item":"https:\/\/www.dmastro.com.br\/dmastroblog\/loja\/"},{"@type":"ListItem","position":3,"name":"Odin Pai de Todos"}]},{"@type":"WebSite","@id":"https:\/\/www.dmastro.com.br\/dmastroblog\/#website","url":"https:\/\/www.dmastro.com.br\/dmastroblog\/","name":"DMAstro Brasil","description":"Curso Completo de Forma\u00e7\u00e3o","publisher":{"@id":"https:\/\/www.dmastro.com.br\/dmastroblog\/#organization"},"potentialAction":[{"@type":"SearchAction","target":{"@type":"EntryPoint","urlTemplate":"https:\/\/www.dmastro.com.br\/dmastroblog\/?s={search_term_string}"},"query-input":{"@type":"PropertyValueSpecification","valueRequired":true,"valueName":"search_term_string"}}],"inLanguage":"pt-BR"},{"@type":"Organization","@id":"https:\/\/www.dmastro.com.br\/dmastroblog\/#organization","name":"DMAstro Brasil","url":"https:\/\/www.dmastro.com.br\/dmastroblog\/","logo":{"@type":"ImageObject","inLanguage":"pt-BR","@id":"https:\/\/www.dmastro.com.br\/dmastroblog\/#\/schema\/logo\/image\/","url":"https:\/\/www.dmastro.com.br\/dmastroblog\/wp-content\/uploads\/2018\/12\/logotipo-dmastro-brasil.png","contentUrl":"https:\/\/www.dmastro.com.br\/dmastroblog\/wp-content\/uploads\/2018\/12\/logotipo-dmastro-brasil.png","width":180,"height":180,"caption":"DMAstro Brasil"},"image":{"@id":"https:\/\/www.dmastro.com.br\/dmastroblog\/#\/schema\/logo\/image\/"},"sameAs":["https:\/\/www.facebook.com\/dmastrobr","https:\/\/x.com\/dmastrobrasil","https:\/\/www.instagram.com\/dmastrobrasil\/"]}]},"product_price_amount":"180.00","product_price_currency":"BRL","og_availability":"backorder","product_availability":"available for order","product_condition":"new"},"jetpack_publicize_connections":[],"jetpack_sharing_enabled":true,"jetpack_likes_enabled":false,"publishpress_future_workflow_manual_trigger":{"enabledWorkflows":[]},"_links":{"self":[{"href":"https:\/\/www.dmastro.com.br\/dmastroblog\/wp-json\/wp\/v2\/product\/521","targetHints":{"allow":["GET"]}}],"collection":[{"href":"https:\/\/www.dmastro.com.br\/dmastroblog\/wp-json\/wp\/v2\/product"}],"about":[{"href":"https:\/\/www.dmastro.com.br\/dmastroblog\/wp-json\/wp\/v2\/types\/product"}],"replies":[{"embeddable":true,"href":"https:\/\/www.dmastro.com.br\/dmastroblog\/wp-json\/wp\/v2\/comments?post=521"}],"wp:featuredmedia":[{"embeddable":true,"href":"https:\/\/www.dmastro.com.br\/dmastroblog\/wp-json\/wp\/v2\/media\/522"}],"wp:attachment":[{"href":"https:\/\/www.dmastro.com.br\/dmastroblog\/wp-json\/wp\/v2\/media?parent=521"}],"wp:term":[{"taxonomy":"product_brand","embeddable":true,"href":"https:\/\/www.dmastro.com.br\/dmastroblog\/wp-json\/wp\/v2\/product_brand?post=521"},{"taxonomy":"product_cat","embeddable":true,"href":"https:\/\/www.dmastro.com.br\/dmastroblog\/wp-json\/wp\/v2\/product_cat?post=521"},{"taxonomy":"product_tag","embeddable":true,"href":"https:\/\/www.dmastro.com.br\/dmastroblog\/wp-json\/wp\/v2\/product_tag?post=521"}],"curies":[{"name":"wp","href":"https:\/\/api.w.org\/{rel}","templated":true}]}}