{"id":5073,"date":"2021-01-18T02:51:34","date_gmt":"2021-01-18T05:51:34","guid":{"rendered":"https:\/\/www.dmastro.com.br\/dmastroblog\/?post_type=product&#038;p=5073"},"modified":"2022-01-01T00:03:57","modified_gmt":"2022-01-01T03:03:57","slug":"ead-curso-de-numerologia-anna-maria-costa-ribeiro","status":"publish","type":"product","link":"https:\/\/www.dmastro.com.br\/dmastroblog\/produto\/ead-curso-de-numerologia-anna-maria-costa-ribeiro\/","title":{"rendered":"EAD Curso de Numerologia &#8211; Anna Maria Costa Ribeiro"},"content":{"rendered":"<p>Assinatura EAD Curso de Numerologia &#8211; Anna Maria Costa Ribeiro<\/p>\n<p>Prof.: ANNA MARIA COSTA RIBEIRO \u00e9 diretora da URANTIAM, autora de 48 livros, mais de 43 000 consultas, forma\u00e7\u00e3o de 160 turmas presenciais at\u00e9 dez 2018, cursos intensivos em SP desde 2015<\/p>\n<p>Aprender fazendo e se apaixonando. Compreender o mapa e a alma da pessoa. Decorar \u00e9 para computadores. Meta: ultrapassar os Robots<\/p>\n<p>Experi\u00eancia em quest\u00f5es de sa\u00fade durante 15 anos em institui\u00e7\u00f5es. No s\u00e9culo 21 a Astrologia ser\u00e1 de grande aux\u00edlio, inclusive nas quest\u00f5es de sa\u00fade.<\/p>\n<p><em><strong><br \/>\nCONTE\u00daDO DO CURSO<br \/>\n<\/strong><\/em><\/p>\n<ul>\n<li>\n<div dir=\"auto\">N\u00fameros simples e compostos (suas diferen\u00e7as)<\/div>\n<\/li>\n<li>\n<div dir=\"auto\">Tabelas de:<\/div>\n<\/li>\n<li>\n<div dir=\"auto\">Pit\u00e1goras e Letras Hebraicas (Cabala)<\/div>\n<ul>\n<li>\n<div dir=\"auto\">Quais diferen\u00e7as entre elas<\/div>\n<\/li>\n<\/ul>\n<\/li>\n<li>\n<div dir=\"auto\">Apelidos e t\u00edtulos<\/div>\n<\/li>\n<li>\n<div dir=\"auto\">Notarikon (siglas)<\/div>\n<\/li>\n<li>\n<div dir=\"auto\">Temurah (anagramas, permuta\u00e7\u00e3o, criptografia)<\/div>\n<\/li>\n<li>\n<div dir=\"auto\">Montagem de Mapa Numerol\u00f3gico (MNu)<\/div>\n<\/li>\n<li>\n<div dir=\"auto\">Decomposi\u00e7\u00e3o<\/div>\n<\/li>\n<li>\n<div dir=\"auto\">Diferen\u00e7as e prop\u00f3sitos entre:<\/div>\n<div dir=\"auto\">Data nascimento , nome completo, prenome, sobrenome\/ hereditariedade, nome profissional e de casamento, maturidade, intensidade\/over, desafios<\/div>\n<\/li>\n<li>\n<div dir=\"auto\">Sinastria<\/div>\n<\/li>\n<li>\n<div dir=\"auto\">Empresa<\/div>\n<\/li>\n<li>\n<div dir=\"auto\">Profiss\u00e3o<\/div>\n<\/li>\n<li>\n<div dir=\"auto\">Beb\u00eas<\/div>\n<\/li>\n<li>\n<div dir=\"auto\">Sa\u00fade<\/div>\n<\/li>\n<li>\n<div dir=\"auto\">Previs\u00f5es, diversas t\u00e9cnicas, ciclos longos\/m\u00e9dios\/curtos\/epiciclo<\/div>\n<\/li>\n<li>\n<div dir=\"auto\">Treinamento<\/div>\n<\/li>\n<li>\n<div dir=\"auto\">Apresenta\u00e7\u00e3o de trabalho opcional<\/div>\n<\/li>\n<li>\n<div dir=\"auto\">Uso de cores, inclusive nas empresas<\/div>\n<\/li>\n<\/ul>\n","protected":false},"excerpt":{"rendered":"<ul>\n<li>Assinatura EAD Curso de Numerologia &#8211; Anna Maria Costa RibeiroProf.: ANNA MARIA COSTA RIBEIRO \u00e9 diretora da URANTIAM, autora de 48 livros, mais de 43 000 consultas, forma\u00e7\u00e3o de 160 turmas presenciais at\u00e9 dez 2018, cursos intensivos em SP desde 2015\n<p>Aprender fazendo e se apaixonando. Compreender o mapa e a alma da pessoa. Decorar \u00e9 para computadores. Meta: ultrapassar os Robots<\/p>\n<p>Experi\u00eancia em quest\u00f5es de sa\u00fade durante 15 anos em institui\u00e7\u00f5es. No s\u00e9culo 21 a Astrologia ser\u00e1 de grande aux\u00edlio, inclusive nas quest\u00f5es de sa\u00fade.<\/p>\n<p><em><strong><br \/>\nCONTE\u00daDO DO CURSO<br \/>\n<\/strong><\/em><\/p>\n<ul>\n<li>\n<div dir=\"auto\">N\u00fameros simples e compostos (suas diferen\u00e7as)<\/div>\n<\/li>\n<li>\n<div dir=\"auto\">Tabelas de:<\/div>\n<\/li>\n<li>\n<div dir=\"auto\">Pit\u00e1goras e Letras Hebraicas (Cabala)<\/div>\n<ul>\n<li>\n<div dir=\"auto\">Quais diferen\u00e7as entre elas<\/div>\n<\/li>\n<\/ul>\n<\/li>\n<li>\n<div dir=\"auto\">Apelidos e t\u00edtulos<\/div>\n<\/li>\n<li>\n<div dir=\"auto\">Notarikon (siglas)<\/div>\n<\/li>\n<li>\n<div dir=\"auto\">Temurah (anagramas, permuta\u00e7\u00e3o, criptografia)<\/div>\n<\/li>\n<li>\n<div dir=\"auto\">Montagem de Mapa Numerol\u00f3gico (MNu)<\/div>\n<\/li>\n<li>\n<div dir=\"auto\">Decomposi\u00e7\u00e3o<\/div>\n<\/li>\n<li>\n<div dir=\"auto\">Diferen\u00e7as e prop\u00f3sitos entre:<\/div>\n<div dir=\"auto\">Data nascimento , nome completo, prenome, sobrenome\/ hereditariedade, nome profissional e de casamento, maturidade, intensidade\/over, desafios<\/div>\n<\/li>\n<li>\n<div dir=\"auto\">Sinastria<\/div>\n<\/li>\n<li>\n<div dir=\"auto\">Empresa<\/div>\n<\/li>\n<li>\n<div dir=\"auto\">Profiss\u00e3o<\/div>\n<\/li>\n<li>\n<div dir=\"auto\">Beb\u00eas<\/div>\n<\/li>\n<li>\n<div dir=\"auto\">Sa\u00fade<\/div>\n<\/li>\n<li>\n<div dir=\"auto\">Previs\u00f5es, diversas t\u00e9cnicas, ciclos longos\/m\u00e9dios\/curtos\/epiciclo<\/div>\n<\/li>\n<li>\n<div dir=\"auto\">Treinamento<\/div>\n<\/li>\n<li>\n<div dir=\"auto\">Apresenta\u00e7\u00e3o de trabalho opcional<\/div>\n<\/li>\n<li>\n<div dir=\"auto\">Uso de cores, inclusive nas empresas<\/div>\n<\/li>\n<\/ul>\n<\/li>\n<\/ul>\n","protected":false},"featured_media":5074,"comment_status":"open","ping_status":"closed","template":"","meta":{"_themeisle_gutenberg_block_has_review":false,"jetpack_post_was_ever_published":false,"jetpack_publicize_message":"","jetpack_publicize_feature_enabled":true,"jetpack_social_post_already_shared":true,"jetpack_social_options":{"image_generator_settings":{"template":"highway","default_image_id":0,"font":"","enabled":false},"version":2}},"product_brand":[],"product_cat":[27,364,66,1232,911],"product_tag":[],"class_list":{"0":"post-5073","1":"product","2":"type-product","3":"status-publish","4":"has-post-thumbnail","6":"product_cat-anna-maria-costa-ribeiro","7":"product_cat-curso-online","8":"product_cat-cursos-em-video","9":"product_cat-natal-2021","10":"product_cat-numerologia","11":"post","13":"first","14":"instock","15":"virtual","16":"taxable","17":"purchasable","18":"product-type-simple"},"composite_virtual":false,"composite_layout":"","composite_add_to_cart_form_location":"","composite_editable_in_cart":false,"composite_sold_individually_context":"","composite_shop_price_calc":"","composite_components":[],"composite_scenarios":[],"yoast_head":"<!-- This site is optimized with the Yoast SEO Premium plugin v22.9 (Yoast SEO v27.3) - https:\/\/yoast.com\/product\/yoast-seo-premium-wordpress\/ -->\n<title>EAD Curso de Numerologia - Anna Maria Costa Ribeiro - Escola de Astrologia DMAstro<\/title>\n<meta name=\"robots\" content=\"index, follow, max-snippet:-1, max-image-preview:large, max-video-preview:-1\" \/>\n<link rel=\"canonical\" href=\"https:\/\/www.dmastro.com.br\/dmastroblog\/produto\/ead-curso-de-numerologia-anna-maria-costa-ribeiro\/\" \/>\n<meta property=\"og:locale\" content=\"pt_BR\" \/>\n<meta property=\"og:type\" content=\"article\" \/>\n<meta property=\"og:title\" content=\"EAD Curso de Numerologia - Anna Maria Costa Ribeiro\" \/>\n<meta property=\"og:description\" content=\"Assinatura EAD Curso de Numerologia - Anna Maria Costa RibeiroProf.: ANNA MARIA COSTA RIBEIRO \u00e9 diretora da URANTIAM, autora de 48 livros, mais de 43 000 consultas, forma\u00e7\u00e3o de 160 turmas presenciais at\u00e9 dez 2018, cursos intensivos em SP desde 2015  Aprender fazendo e se apaixonando. Compreender o mapa e a alma da pessoa. Decorar \u00e9 para computadores. Meta: ultrapassar os Robots  Experi\u00eancia em quest\u00f5es de sa\u00fade durante 15 anos em institui\u00e7\u00f5es. No s\u00e9culo 21 a Astrologia ser\u00e1 de grande aux\u00edlio, inclusive nas quest\u00f5es de sa\u00fade.   CONTE\u00daDO DO CURSO     N\u00fameros simples e compostos (suas diferen\u00e7as)   Tabelas de:   Pit\u00e1goras e Letras Hebraicas (Cabala)    Quais diferen\u00e7as entre elas     Apelidos e t\u00edtulos   Notarikon (siglas)   Temurah (anagramas, permuta\u00e7\u00e3o, criptografia)   Montagem de Mapa Numerol\u00f3gico (MNu)   Decomposi\u00e7\u00e3o   Diferen\u00e7as e prop\u00f3sitos entre: Data nascimento , nome completo, prenome, sobrenome\/ hereditariedade, nome profissional e de casamento, maturidade, intensidade\/over, desafios   Sinastria   Empresa   Profiss\u00e3o   Beb\u00eas   Sa\u00fade   Previs\u00f5es, diversas t\u00e9cnicas, ciclos longos\/m\u00e9dios\/curtos\/epiciclo   Treinamento   Apresenta\u00e7\u00e3o de trabalho opcional   Uso de cores, inclusive nas empresas\" \/>\n<meta property=\"og:url\" content=\"https:\/\/www.dmastro.com.br\/dmastroblog\/produto\/ead-curso-de-numerologia-anna-maria-costa-ribeiro\/\" \/>\n<meta property=\"og:site_name\" content=\"Escola de Astrologia DMAstro\" \/>\n<meta property=\"article:publisher\" content=\"https:\/\/www.facebook.com\/dmastrobr\" \/>\n<meta property=\"article:modified_time\" content=\"2022-01-01T03:03:57+00:00\" \/>\n<meta property=\"og:image\" content=\"https:\/\/www.dmastro.com.br\/dmastroblog\/wp-content\/uploads\/2021\/01\/Curso-Online-EAD-Numeralogia-Anna-Maria-Costa-Ribeiro-DMAstro-Brasil.jpg\" \/>\n\t<meta property=\"og:image:width\" content=\"1000\" \/>\n\t<meta property=\"og:image:height\" content=\"1000\" \/>\n\t<meta property=\"og:image:type\" content=\"image\/jpeg\" \/>\n<meta name=\"twitter:card\" content=\"summary_large_image\" \/>\n<meta name=\"twitter:site\" content=\"@dmastrobrasil\" \/>\n<meta name=\"twitter:label1\" content=\"Pre\u00e7o\" \/>\n\t<meta name=\"twitter:data1\" content=\"&#082;&#036;1.700,00\" \/>\n\t<meta name=\"twitter:label2\" content=\"Disponibilidade\" \/>\n\t<meta name=\"twitter:data2\" content=\"Em Estoque\" \/>\n<script type=\"application\/ld+json\" class=\"yoast-schema-graph\">{\"@context\":\"https:\\\/\\\/schema.org\",\"@graph\":[{\"@type\":\"WebPage\",\"@id\":\"https:\\\/\\\/www.dmastro.com.br\\\/dmastroblog\\\/produto\\\/ead-curso-de-numerologia-anna-maria-costa-ribeiro\\\/\",\"url\":\"https:\\\/\\\/www.dmastro.com.br\\\/dmastroblog\\\/produto\\\/ead-curso-de-numerologia-anna-maria-costa-ribeiro\\\/\",\"name\":\"EAD Curso de Numerologia - Anna Maria Costa Ribeiro - Escola de Astrologia DMAstro\",\"isPartOf\":{\"@id\":\"https:\\\/\\\/www.dmastro.com.br\\\/dmastroblog\\\/#website\"},\"primaryImageOfPage\":{\"@id\":\"https:\\\/\\\/www.dmastro.com.br\\\/dmastroblog\\\/produto\\\/ead-curso-de-numerologia-anna-maria-costa-ribeiro\\\/#primaryimage\"},\"image\":{\"@id\":\"https:\\\/\\\/www.dmastro.com.br\\\/dmastroblog\\\/produto\\\/ead-curso-de-numerologia-anna-maria-costa-ribeiro\\\/#primaryimage\"},\"thumbnailUrl\":\"https:\\\/\\\/i0.wp.com\\\/www.dmastro.com.br\\\/dmastroblog\\\/wp-content\\\/uploads\\\/2021\\\/01\\\/Curso-Online-EAD-Numeralogia-Anna-Maria-Costa-Ribeiro-DMAstro-Brasil.jpg?fit=1000%2C1000&ssl=1\",\"datePublished\":\"2021-01-18T05:51:34+00:00\",\"dateModified\":\"2022-01-01T03:03:57+00:00\",\"breadcrumb\":{\"@id\":\"https:\\\/\\\/www.dmastro.com.br\\\/dmastroblog\\\/produto\\\/ead-curso-de-numerologia-anna-maria-costa-ribeiro\\\/#breadcrumb\"},\"inLanguage\":\"pt-BR\",\"potentialAction\":[{\"@type\":\"ReadAction\",\"target\":[\"https:\\\/\\\/www.dmastro.com.br\\\/dmastroblog\\\/produto\\\/ead-curso-de-numerologia-anna-maria-costa-ribeiro\\\/\"]}]},{\"@type\":\"ImageObject\",\"inLanguage\":\"pt-BR\",\"@id\":\"https:\\\/\\\/www.dmastro.com.br\\\/dmastroblog\\\/produto\\\/ead-curso-de-numerologia-anna-maria-costa-ribeiro\\\/#primaryimage\",\"url\":\"https:\\\/\\\/i0.wp.com\\\/www.dmastro.com.br\\\/dmastroblog\\\/wp-content\\\/uploads\\\/2021\\\/01\\\/Curso-Online-EAD-Numeralogia-Anna-Maria-Costa-Ribeiro-DMAstro-Brasil.jpg?fit=1000%2C1000&ssl=1\",\"contentUrl\":\"https:\\\/\\\/i0.wp.com\\\/www.dmastro.com.br\\\/dmastroblog\\\/wp-content\\\/uploads\\\/2021\\\/01\\\/Curso-Online-EAD-Numeralogia-Anna-Maria-Costa-Ribeiro-DMAstro-Brasil.jpg?fit=1000%2C1000&ssl=1\",\"width\":1000,\"height\":1000,\"caption\":\"Curso Online EAD Numeralogia Anna Maria Costa Ribeiro DMAstro Brasil\"},{\"@type\":\"BreadcrumbList\",\"@id\":\"https:\\\/\\\/www.dmastro.com.br\\\/dmastroblog\\\/produto\\\/ead-curso-de-numerologia-anna-maria-costa-ribeiro\\\/#breadcrumb\",\"itemListElement\":[{\"@type\":\"ListItem\",\"position\":1,\"name\":\"In\u00edcio\",\"item\":\"https:\\\/\\\/www.dmastro.com.br\\\/dmastroblog\\\/\"},{\"@type\":\"ListItem\",\"position\":2,\"name\":\"Loja\",\"item\":\"https:\\\/\\\/www.dmastro.com.br\\\/dmastroblog\\\/loja\\\/\"},{\"@type\":\"ListItem\",\"position\":3,\"name\":\"EAD Curso de Numerologia &#8211; Anna Maria Costa Ribeiro\"}]},{\"@type\":\"WebSite\",\"@id\":\"https:\\\/\\\/www.dmastro.com.br\\\/dmastroblog\\\/#website\",\"url\":\"https:\\\/\\\/www.dmastro.com.br\\\/dmastroblog\\\/\",\"name\":\"DMAstro Brasil\",\"description\":\"Curso Completo de Forma\u00e7\u00e3o\",\"publisher\":{\"@id\":\"https:\\\/\\\/www.dmastro.com.br\\\/dmastroblog\\\/#organization\"},\"potentialAction\":[{\"@type\":\"SearchAction\",\"target\":{\"@type\":\"EntryPoint\",\"urlTemplate\":\"https:\\\/\\\/www.dmastro.com.br\\\/dmastroblog\\\/?s={search_term_string}\"},\"query-input\":{\"@type\":\"PropertyValueSpecification\",\"valueRequired\":true,\"valueName\":\"search_term_string\"}}],\"inLanguage\":\"pt-BR\"},{\"@type\":\"Organization\",\"@id\":\"https:\\\/\\\/www.dmastro.com.br\\\/dmastroblog\\\/#organization\",\"name\":\"DMAstro Brasil\",\"url\":\"https:\\\/\\\/www.dmastro.com.br\\\/dmastroblog\\\/\",\"logo\":{\"@type\":\"ImageObject\",\"inLanguage\":\"pt-BR\",\"@id\":\"https:\\\/\\\/www.dmastro.com.br\\\/dmastroblog\\\/#\\\/schema\\\/logo\\\/image\\\/\",\"url\":\"https:\\\/\\\/www.dmastro.com.br\\\/dmastroblog\\\/wp-content\\\/uploads\\\/2018\\\/12\\\/logotipo-dmastro-brasil.png\",\"contentUrl\":\"https:\\\/\\\/www.dmastro.com.br\\\/dmastroblog\\\/wp-content\\\/uploads\\\/2018\\\/12\\\/logotipo-dmastro-brasil.png\",\"width\":180,\"height\":180,\"caption\":\"DMAstro Brasil\"},\"image\":{\"@id\":\"https:\\\/\\\/www.dmastro.com.br\\\/dmastroblog\\\/#\\\/schema\\\/logo\\\/image\\\/\"},\"sameAs\":[\"https:\\\/\\\/www.facebook.com\\\/dmastrobr\",\"https:\\\/\\\/x.com\\\/dmastrobrasil\",\"https:\\\/\\\/www.instagram.com\\\/dmastrobrasil\\\/\"]}]}<\/script>\n<meta property=\"product:price:amount\" content=\"1700.00\" \/>\n<meta property=\"product:price:currency\" content=\"BRL\" \/>\n<meta property=\"og:availability\" content=\"instock\" \/>\n<meta property=\"product:availability\" content=\"instock\" \/>\n<meta property=\"product:condition\" content=\"new\" \/>\n<!-- \/ Yoast SEO Premium plugin. -->","yoast_head_json":{"title":"EAD Curso de Numerologia - Anna Maria Costa Ribeiro - Escola de Astrologia DMAstro","robots":{"index":"index","follow":"follow","max-snippet":"max-snippet:-1","max-image-preview":"max-image-preview:large","max-video-preview":"max-video-preview:-1"},"canonical":"https:\/\/www.dmastro.com.br\/dmastroblog\/produto\/ead-curso-de-numerologia-anna-maria-costa-ribeiro\/","og_locale":"pt_BR","og_type":"article","og_title":"EAD Curso de Numerologia - Anna Maria Costa Ribeiro","og_description":"Assinatura EAD Curso de Numerologia - Anna Maria Costa RibeiroProf.: ANNA MARIA COSTA RIBEIRO \u00e9 diretora da URANTIAM, autora de 48 livros, mais de 43 000 consultas, forma\u00e7\u00e3o de 160 turmas presenciais at\u00e9 dez 2018, cursos intensivos em SP desde 2015  Aprender fazendo e se apaixonando. Compreender o mapa e a alma da pessoa. Decorar \u00e9 para computadores. Meta: ultrapassar os Robots  Experi\u00eancia em quest\u00f5es de sa\u00fade durante 15 anos em institui\u00e7\u00f5es. No s\u00e9culo 21 a Astrologia ser\u00e1 de grande aux\u00edlio, inclusive nas quest\u00f5es de sa\u00fade.   CONTE\u00daDO DO CURSO     N\u00fameros simples e compostos (suas diferen\u00e7as)   Tabelas de:   Pit\u00e1goras e Letras Hebraicas (Cabala)    Quais diferen\u00e7as entre elas     Apelidos e t\u00edtulos   Notarikon (siglas)   Temurah (anagramas, permuta\u00e7\u00e3o, criptografia)   Montagem de Mapa Numerol\u00f3gico (MNu)   Decomposi\u00e7\u00e3o   Diferen\u00e7as e prop\u00f3sitos entre: Data nascimento , nome completo, prenome, sobrenome\/ hereditariedade, nome profissional e de casamento, maturidade, intensidade\/over, desafios   Sinastria   Empresa   Profiss\u00e3o   Beb\u00eas   Sa\u00fade   Previs\u00f5es, diversas t\u00e9cnicas, ciclos longos\/m\u00e9dios\/curtos\/epiciclo   Treinamento   Apresenta\u00e7\u00e3o de trabalho opcional   Uso de cores, inclusive nas empresas","og_url":"https:\/\/www.dmastro.com.br\/dmastroblog\/produto\/ead-curso-de-numerologia-anna-maria-costa-ribeiro\/","og_site_name":"Escola de Astrologia DMAstro","article_publisher":"https:\/\/www.facebook.com\/dmastrobr","article_modified_time":"2022-01-01T03:03:57+00:00","og_image":[{"width":1000,"height":1000,"url":"https:\/\/www.dmastro.com.br\/dmastroblog\/wp-content\/uploads\/2021\/01\/Curso-Online-EAD-Numeralogia-Anna-Maria-Costa-Ribeiro-DMAstro-Brasil.jpg","type":"image\/jpeg"}],"twitter_card":"summary_large_image","twitter_site":"@dmastrobrasil","twitter_misc":{"Pre\u00e7o":"&#82;&#36;1.700,00","Disponibilidade":"Em Estoque"},"schema":{"@context":"https:\/\/schema.org","@graph":[{"@type":"WebPage","@id":"https:\/\/www.dmastro.com.br\/dmastroblog\/produto\/ead-curso-de-numerologia-anna-maria-costa-ribeiro\/","url":"https:\/\/www.dmastro.com.br\/dmastroblog\/produto\/ead-curso-de-numerologia-anna-maria-costa-ribeiro\/","name":"EAD Curso de Numerologia - Anna Maria Costa Ribeiro - Escola de Astrologia DMAstro","isPartOf":{"@id":"https:\/\/www.dmastro.com.br\/dmastroblog\/#website"},"primaryImageOfPage":{"@id":"https:\/\/www.dmastro.com.br\/dmastroblog\/produto\/ead-curso-de-numerologia-anna-maria-costa-ribeiro\/#primaryimage"},"image":{"@id":"https:\/\/www.dmastro.com.br\/dmastroblog\/produto\/ead-curso-de-numerologia-anna-maria-costa-ribeiro\/#primaryimage"},"thumbnailUrl":"https:\/\/i0.wp.com\/www.dmastro.com.br\/dmastroblog\/wp-content\/uploads\/2021\/01\/Curso-Online-EAD-Numeralogia-Anna-Maria-Costa-Ribeiro-DMAstro-Brasil.jpg?fit=1000%2C1000&ssl=1","datePublished":"2021-01-18T05:51:34+00:00","dateModified":"2022-01-01T03:03:57+00:00","breadcrumb":{"@id":"https:\/\/www.dmastro.com.br\/dmastroblog\/produto\/ead-curso-de-numerologia-anna-maria-costa-ribeiro\/#breadcrumb"},"inLanguage":"pt-BR","potentialAction":[{"@type":"ReadAction","target":["https:\/\/www.dmastro.com.br\/dmastroblog\/produto\/ead-curso-de-numerologia-anna-maria-costa-ribeiro\/"]}]},{"@type":"ImageObject","inLanguage":"pt-BR","@id":"https:\/\/www.dmastro.com.br\/dmastroblog\/produto\/ead-curso-de-numerologia-anna-maria-costa-ribeiro\/#primaryimage","url":"https:\/\/i0.wp.com\/www.dmastro.com.br\/dmastroblog\/wp-content\/uploads\/2021\/01\/Curso-Online-EAD-Numeralogia-Anna-Maria-Costa-Ribeiro-DMAstro-Brasil.jpg?fit=1000%2C1000&ssl=1","contentUrl":"https:\/\/i0.wp.com\/www.dmastro.com.br\/dmastroblog\/wp-content\/uploads\/2021\/01\/Curso-Online-EAD-Numeralogia-Anna-Maria-Costa-Ribeiro-DMAstro-Brasil.jpg?fit=1000%2C1000&ssl=1","width":1000,"height":1000,"caption":"Curso Online EAD Numeralogia Anna Maria Costa Ribeiro DMAstro Brasil"},{"@type":"BreadcrumbList","@id":"https:\/\/www.dmastro.com.br\/dmastroblog\/produto\/ead-curso-de-numerologia-anna-maria-costa-ribeiro\/#breadcrumb","itemListElement":[{"@type":"ListItem","position":1,"name":"In\u00edcio","item":"https:\/\/www.dmastro.com.br\/dmastroblog\/"},{"@type":"ListItem","position":2,"name":"Loja","item":"https:\/\/www.dmastro.com.br\/dmastroblog\/loja\/"},{"@type":"ListItem","position":3,"name":"EAD Curso de Numerologia &#8211; Anna Maria Costa Ribeiro"}]},{"@type":"WebSite","@id":"https:\/\/www.dmastro.com.br\/dmastroblog\/#website","url":"https:\/\/www.dmastro.com.br\/dmastroblog\/","name":"DMAstro Brasil","description":"Curso Completo de Forma\u00e7\u00e3o","publisher":{"@id":"https:\/\/www.dmastro.com.br\/dmastroblog\/#organization"},"potentialAction":[{"@type":"SearchAction","target":{"@type":"EntryPoint","urlTemplate":"https:\/\/www.dmastro.com.br\/dmastroblog\/?s={search_term_string}"},"query-input":{"@type":"PropertyValueSpecification","valueRequired":true,"valueName":"search_term_string"}}],"inLanguage":"pt-BR"},{"@type":"Organization","@id":"https:\/\/www.dmastro.com.br\/dmastroblog\/#organization","name":"DMAstro Brasil","url":"https:\/\/www.dmastro.com.br\/dmastroblog\/","logo":{"@type":"ImageObject","inLanguage":"pt-BR","@id":"https:\/\/www.dmastro.com.br\/dmastroblog\/#\/schema\/logo\/image\/","url":"https:\/\/www.dmastro.com.br\/dmastroblog\/wp-content\/uploads\/2018\/12\/logotipo-dmastro-brasil.png","contentUrl":"https:\/\/www.dmastro.com.br\/dmastroblog\/wp-content\/uploads\/2018\/12\/logotipo-dmastro-brasil.png","width":180,"height":180,"caption":"DMAstro Brasil"},"image":{"@id":"https:\/\/www.dmastro.com.br\/dmastroblog\/#\/schema\/logo\/image\/"},"sameAs":["https:\/\/www.facebook.com\/dmastrobr","https:\/\/x.com\/dmastrobrasil","https:\/\/www.instagram.com\/dmastrobrasil\/"]}]},"product_price_amount":"1700.00","product_price_currency":"BRL","og_availability":"instock","product_availability":"instock","product_condition":"new"},"jetpack_publicize_connections":[],"jetpack_sharing_enabled":true,"jetpack_likes_enabled":false,"publishpress_future_workflow_manual_trigger":{"enabledWorkflows":[]},"_links":{"self":[{"href":"https:\/\/www.dmastro.com.br\/dmastroblog\/wp-json\/wp\/v2\/product\/5073","targetHints":{"allow":["GET"]}}],"collection":[{"href":"https:\/\/www.dmastro.com.br\/dmastroblog\/wp-json\/wp\/v2\/product"}],"about":[{"href":"https:\/\/www.dmastro.com.br\/dmastroblog\/wp-json\/wp\/v2\/types\/product"}],"replies":[{"embeddable":true,"href":"https:\/\/www.dmastro.com.br\/dmastroblog\/wp-json\/wp\/v2\/comments?post=5073"}],"wp:featuredmedia":[{"embeddable":true,"href":"https:\/\/www.dmastro.com.br\/dmastroblog\/wp-json\/wp\/v2\/media\/5074"}],"wp:attachment":[{"href":"https:\/\/www.dmastro.com.br\/dmastroblog\/wp-json\/wp\/v2\/media?parent=5073"}],"wp:term":[{"taxonomy":"product_brand","embeddable":true,"href":"https:\/\/www.dmastro.com.br\/dmastroblog\/wp-json\/wp\/v2\/product_brand?post=5073"},{"taxonomy":"product_cat","embeddable":true,"href":"https:\/\/www.dmastro.com.br\/dmastroblog\/wp-json\/wp\/v2\/product_cat?post=5073"},{"taxonomy":"product_tag","embeddable":true,"href":"https:\/\/www.dmastro.com.br\/dmastroblog\/wp-json\/wp\/v2\/product_tag?post=5073"}],"curies":[{"name":"wp","href":"https:\/\/api.w.org\/{rel}","templated":true}]}}