{"id":4346,"date":"2020-12-24T04:36:36","date_gmt":"2020-12-24T07:36:36","guid":{"rendered":"http:\/\/www.dmastro.com.br\/dmastroblog\/?post_type=product&#038;p=4346"},"modified":"2022-09-03T14:38:17","modified_gmt":"2022-09-03T17:38:17","slug":"ead-curso-de-astrologia-vocacional-empresarial-e-mundial-anna-maria-costa-ribeiro","status":"publish","type":"product","link":"https:\/\/www.dmastro.com.br\/dmastroblog\/produto\/ead-curso-de-astrologia-vocacional-empresarial-e-mundial-anna-maria-costa-ribeiro\/","title":{"rendered":"EAD Curso de Astrologia Vocacional, Empresarial e Mundial &#8211; Anna Maria Costa Ribeiro"},"content":{"rendered":"<p>Assinatura EAD Curso de Astrologia Vocacional, Empresarial e Mundial &#8211; Anna Maria Costa Ribeiro<\/p>\n<p>Prof.: ANNA MARIA COSTA RIBEIRO \u00e9 diretora da URANTIAM, autora de 48 livros, mais de 43 000 consultas, forma\u00e7\u00e3o de 160 turmas presenciais at\u00e9 dez 2018, cursos intensivos em SP desde 2015<\/p>\n<p>Aprender fazendo e se apaixonando. Compreender o mapa e a alma da pessoa. Decorar \u00e9 para computadores. Meta: ultrapassar os rob\u00f4s<\/p>\n<p>Experi\u00eancia em quest\u00f5es de sa\u00fade durante 15 anos em institui\u00e7\u00f5es. No s\u00e9culo 21 a Astrologia ser\u00e1 de grande aux\u00edlio, inclusive nas quest\u00f5es de sa\u00fade.<\/p>\n<p><em><strong>CONTE\u00daDO DO CURSO<br \/>\n<\/strong><\/em><\/p>\n<ul>\n<li>Interpreta\u00e7\u00e3o e orienta\u00e7\u00e3o nas profiss\u00f5es, aut\u00f4nomos, funcion\u00e1rios, empregados diversos; objetivos nas novas profiss\u00f5es, com a revolu\u00e7\u00e3o tecnol\u00f3gica<\/li>\n<li>Mapas de empresas, s\u00f3cios, quest\u00f5es empresariais, proje\u00e7\u00f5es, interpreta\u00e7\u00e3o. Como avaliar empresas quando n\u00e3o se tem hora de &#8220;nascimento&#8221;<\/li>\n<li>Finan\u00e7as e seguran\u00e7a profissional<\/li>\n<li>Causas de fracasso ou sucesso<\/li>\n<li>Astrologia Mundial, a import\u00e2ncia para as situa\u00e7\u00f5es das profiss\u00f5es, momentos mundiais, como avaliar.<\/li>\n<li>Mapa do Brasil<\/li>\n<li>Ciclos<\/li>\n<li>Economia e cultura. Tecnologia e rob\u00f4s<\/li>\n<li>Treinamento e pr\u00e1tica<\/li>\n<\/ul>\n","protected":false},"excerpt":{"rendered":"<p>Assinatura EAD Curso de Astrologia Vocacional, Empresarial e Mundial &#8211; Anna Maria Costa Ribeiro<\/p>\n<p>Prof.: ANNA MARIA COSTA RIBEIRO \u00e9 diretora da URANTIAM, autora de 48 livros, mais de 43 000 consultas, forma\u00e7\u00e3o de 160 turmas presenciais at\u00e9 dez 2018, cursos intensivos em SP desde 2015<\/p>\n<p>Aprender fazendo e se apaixonando. Compreender o mapa e a alma da pessoa. Decorar \u00e9 para computadores. Meta: ultrapassar os rob\u00f4s<\/p>\n<p>Experi\u00eancia em quest\u00f5es de sa\u00fade durante 15 anos em institui\u00e7\u00f5es. No s\u00e9culo 21 a Astrologia ser\u00e1 de grande aux\u00edlio, inclusive nas quest\u00f5es de sa\u00fade.<\/p>\n<p><em><strong>CONTE\u00daDO DO CURSO<br \/>\n<\/strong><\/em><\/p>\n<ul>\n<li>Interpreta\u00e7\u00e3o e orienta\u00e7\u00e3o nas profiss\u00f5es, aut\u00f4nomos, funcion\u00e1rios, empregados diversos; objetivos nas novas profiss\u00f5es, com a revolu\u00e7\u00e3o tecnol\u00f3gica<\/li>\n<li>Mapas de empresas, s\u00f3cios, quest\u00f5es empresariais, proje\u00e7\u00f5es, interpreta\u00e7\u00e3o. Como avaliar empresas quando n\u00e3o se tem hora de &#8220;nascimento&#8221;<\/li>\n<li>Finan\u00e7as e seguran\u00e7a profissional<\/li>\n<li>Causas de fracasso ou sucesso<\/li>\n<li>Astrologia Mundial, a import\u00e2ncia para as situa\u00e7\u00f5es das profiss\u00f5es, momentos mundiais, como avaliar.<\/li>\n<li>Mapa do Brasil<\/li>\n<li>Ciclos<\/li>\n<li>Economia e cultura. Tecnologia e rob\u00f4s<\/li>\n<li>Treinamento e pr\u00e1tica<\/li>\n<\/ul>\n","protected":false},"featured_media":5067,"comment_status":"open","ping_status":"closed","template":"","meta":{"_themeisle_gutenberg_block_has_review":false,"jetpack_post_was_ever_published":false,"jetpack_publicize_message":"","jetpack_publicize_feature_enabled":true,"jetpack_social_post_already_shared":true,"jetpack_social_options":{"image_generator_settings":{"template":"highway","default_image_id":0,"font":"","enabled":false},"version":2}},"product_brand":[],"product_cat":[27,71,364,66,1232],"product_tag":[],"class_list":{"0":"post-4346","1":"product","2":"type-product","3":"status-publish","4":"has-post-thumbnail","6":"product_cat-anna-maria-costa-ribeiro","7":"product_cat-cursos-em-video-de-astrologia","8":"product_cat-curso-online","9":"product_cat-cursos-em-video","10":"product_cat-natal-2021","11":"post","13":"first","14":"instock","15":"virtual","16":"taxable","17":"purchasable","18":"product-type-simple"},"composite_virtual":false,"composite_layout":"","composite_add_to_cart_form_location":"","composite_editable_in_cart":false,"composite_sold_individually_context":"","composite_shop_price_calc":"","composite_components":[],"composite_scenarios":[],"yoast_head":"<!-- This site is optimized with the Yoast SEO Premium plugin v22.9 (Yoast SEO v27.3) - https:\/\/yoast.com\/product\/yoast-seo-premium-wordpress\/ -->\n<title>EAD Curso de Astrologia Vocacional, Empresarial e Mundial - Anna Maria Costa Ribeiro - Escola de Astrologia DMAstro<\/title>\n<meta name=\"robots\" content=\"index, follow, max-snippet:-1, max-image-preview:large, max-video-preview:-1\" \/>\n<link rel=\"canonical\" href=\"https:\/\/www.dmastro.com.br\/dmastroblog\/produto\/ead-curso-de-astrologia-vocacional-empresarial-e-mundial-anna-maria-costa-ribeiro\/\" \/>\n<meta property=\"og:locale\" content=\"pt_BR\" \/>\n<meta property=\"og:type\" content=\"article\" \/>\n<meta property=\"og:title\" content=\"EAD Curso de Astrologia Vocacional, Empresarial e Mundial - Anna Maria Costa Ribeiro\" \/>\n<meta property=\"og:description\" content=\"Assinatura EAD Curso de Astrologia Vocacional, Empresarial e Mundial - Anna Maria Costa Ribeiro  Prof.: ANNA MARIA COSTA RIBEIRO \u00e9 diretora da URANTIAM, autora de 48 livros, mais de 43 000 consultas, forma\u00e7\u00e3o de 160 turmas presenciais at\u00e9 dez 2018, cursos intensivos em SP desde 2015  Aprender fazendo e se apaixonando. Compreender o mapa e a alma da pessoa. Decorar \u00e9 para computadores. Meta: ultrapassar os rob\u00f4s  Experi\u00eancia em quest\u00f5es de sa\u00fade durante 15 anos em institui\u00e7\u00f5es. No s\u00e9culo 21 a Astrologia ser\u00e1 de grande aux\u00edlio, inclusive nas quest\u00f5es de sa\u00fade.  CONTE\u00daDO DO CURSO    Interpreta\u00e7\u00e3o e orienta\u00e7\u00e3o nas profiss\u00f5es, aut\u00f4nomos, funcion\u00e1rios, empregados diversos; objetivos nas novas profiss\u00f5es, com a revolu\u00e7\u00e3o tecnol\u00f3gica  Mapas de empresas, s\u00f3cios, quest\u00f5es empresariais, proje\u00e7\u00f5es, interpreta\u00e7\u00e3o. Como avaliar empresas quando n\u00e3o se tem hora de &quot;nascimento&quot;  Finan\u00e7as e seguran\u00e7a profissional  Causas de fracasso ou sucesso  Astrologia Mundial, a import\u00e2ncia para as situa\u00e7\u00f5es das profiss\u00f5es, momentos mundiais, como avaliar.  Mapa do Brasil  Ciclos  Economia e cultura. Tecnologia e rob\u00f4s  Treinamento e pr\u00e1tica\" \/>\n<meta property=\"og:url\" content=\"https:\/\/www.dmastro.com.br\/dmastroblog\/produto\/ead-curso-de-astrologia-vocacional-empresarial-e-mundial-anna-maria-costa-ribeiro\/\" \/>\n<meta property=\"og:site_name\" content=\"Escola de Astrologia DMAstro\" \/>\n<meta property=\"article:publisher\" content=\"https:\/\/www.facebook.com\/dmastrobr\" \/>\n<meta property=\"article:modified_time\" content=\"2022-09-03T17:38:17+00:00\" \/>\n<meta property=\"og:image\" content=\"https:\/\/www.dmastro.com.br\/dmastroblog\/wp-content\/uploads\/2020\/12\/Curso-Online-EAD-Astrologia-Vocacional-Empresarial-e-Mundial-Anna-Maria-Costa-Ribeiro-DMAstro-Brasil.jpg\" \/>\n\t<meta property=\"og:image:width\" content=\"1000\" \/>\n\t<meta property=\"og:image:height\" content=\"1000\" \/>\n\t<meta property=\"og:image:type\" content=\"image\/jpeg\" \/>\n<meta name=\"twitter:card\" content=\"summary_large_image\" \/>\n<meta name=\"twitter:site\" content=\"@dmastrobrasil\" \/>\n<meta name=\"twitter:label1\" content=\"Pre\u00e7o\" \/>\n\t<meta name=\"twitter:data1\" content=\"&#082;&#036;650,00\" \/>\n\t<meta name=\"twitter:label2\" content=\"Disponibilidade\" \/>\n\t<meta name=\"twitter:data2\" content=\"Em Estoque\" \/>\n<script type=\"application\/ld+json\" class=\"yoast-schema-graph\">{\"@context\":\"https:\\\/\\\/schema.org\",\"@graph\":[{\"@type\":\"WebPage\",\"@id\":\"https:\\\/\\\/www.dmastro.com.br\\\/dmastroblog\\\/produto\\\/ead-curso-de-astrologia-vocacional-empresarial-e-mundial-anna-maria-costa-ribeiro\\\/\",\"url\":\"https:\\\/\\\/www.dmastro.com.br\\\/dmastroblog\\\/produto\\\/ead-curso-de-astrologia-vocacional-empresarial-e-mundial-anna-maria-costa-ribeiro\\\/\",\"name\":\"EAD Curso de Astrologia Vocacional, Empresarial e Mundial - Anna Maria Costa Ribeiro - Escola de Astrologia DMAstro\",\"isPartOf\":{\"@id\":\"https:\\\/\\\/www.dmastro.com.br\\\/dmastroblog\\\/#website\"},\"primaryImageOfPage\":{\"@id\":\"https:\\\/\\\/www.dmastro.com.br\\\/dmastroblog\\\/produto\\\/ead-curso-de-astrologia-vocacional-empresarial-e-mundial-anna-maria-costa-ribeiro\\\/#primaryimage\"},\"image\":{\"@id\":\"https:\\\/\\\/www.dmastro.com.br\\\/dmastroblog\\\/produto\\\/ead-curso-de-astrologia-vocacional-empresarial-e-mundial-anna-maria-costa-ribeiro\\\/#primaryimage\"},\"thumbnailUrl\":\"https:\\\/\\\/i0.wp.com\\\/www.dmastro.com.br\\\/dmastroblog\\\/wp-content\\\/uploads\\\/2020\\\/12\\\/Curso-Online-EAD-Astrologia-Vocacional-Empresarial-e-Mundial-Anna-Maria-Costa-Ribeiro-DMAstro-Brasil.jpg?fit=1000%2C1000&ssl=1\",\"datePublished\":\"2020-12-24T07:36:36+00:00\",\"dateModified\":\"2022-09-03T17:38:17+00:00\",\"breadcrumb\":{\"@id\":\"https:\\\/\\\/www.dmastro.com.br\\\/dmastroblog\\\/produto\\\/ead-curso-de-astrologia-vocacional-empresarial-e-mundial-anna-maria-costa-ribeiro\\\/#breadcrumb\"},\"inLanguage\":\"pt-BR\",\"potentialAction\":[{\"@type\":\"ReadAction\",\"target\":[\"https:\\\/\\\/www.dmastro.com.br\\\/dmastroblog\\\/produto\\\/ead-curso-de-astrologia-vocacional-empresarial-e-mundial-anna-maria-costa-ribeiro\\\/\"]}]},{\"@type\":\"ImageObject\",\"inLanguage\":\"pt-BR\",\"@id\":\"https:\\\/\\\/www.dmastro.com.br\\\/dmastroblog\\\/produto\\\/ead-curso-de-astrologia-vocacional-empresarial-e-mundial-anna-maria-costa-ribeiro\\\/#primaryimage\",\"url\":\"https:\\\/\\\/i0.wp.com\\\/www.dmastro.com.br\\\/dmastroblog\\\/wp-content\\\/uploads\\\/2020\\\/12\\\/Curso-Online-EAD-Astrologia-Vocacional-Empresarial-e-Mundial-Anna-Maria-Costa-Ribeiro-DMAstro-Brasil.jpg?fit=1000%2C1000&ssl=1\",\"contentUrl\":\"https:\\\/\\\/i0.wp.com\\\/www.dmastro.com.br\\\/dmastroblog\\\/wp-content\\\/uploads\\\/2020\\\/12\\\/Curso-Online-EAD-Astrologia-Vocacional-Empresarial-e-Mundial-Anna-Maria-Costa-Ribeiro-DMAstro-Brasil.jpg?fit=1000%2C1000&ssl=1\",\"width\":1000,\"height\":1000,\"caption\":\"Curso Online EAD Astrologia Vocacional Empresarial e Mundial Anna Maria Costa Ribeiro DMAstro Brasil\"},{\"@type\":\"BreadcrumbList\",\"@id\":\"https:\\\/\\\/www.dmastro.com.br\\\/dmastroblog\\\/produto\\\/ead-curso-de-astrologia-vocacional-empresarial-e-mundial-anna-maria-costa-ribeiro\\\/#breadcrumb\",\"itemListElement\":[{\"@type\":\"ListItem\",\"position\":1,\"name\":\"In\u00edcio\",\"item\":\"https:\\\/\\\/www.dmastro.com.br\\\/dmastroblog\\\/\"},{\"@type\":\"ListItem\",\"position\":2,\"name\":\"Loja\",\"item\":\"https:\\\/\\\/www.dmastro.com.br\\\/dmastroblog\\\/loja\\\/\"},{\"@type\":\"ListItem\",\"position\":3,\"name\":\"EAD Curso de Astrologia Vocacional, Empresarial e Mundial &#8211; Anna Maria Costa Ribeiro\"}]},{\"@type\":\"WebSite\",\"@id\":\"https:\\\/\\\/www.dmastro.com.br\\\/dmastroblog\\\/#website\",\"url\":\"https:\\\/\\\/www.dmastro.com.br\\\/dmastroblog\\\/\",\"name\":\"DMAstro Brasil\",\"description\":\"Curso Completo de Forma\u00e7\u00e3o\",\"publisher\":{\"@id\":\"https:\\\/\\\/www.dmastro.com.br\\\/dmastroblog\\\/#organization\"},\"potentialAction\":[{\"@type\":\"SearchAction\",\"target\":{\"@type\":\"EntryPoint\",\"urlTemplate\":\"https:\\\/\\\/www.dmastro.com.br\\\/dmastroblog\\\/?s={search_term_string}\"},\"query-input\":{\"@type\":\"PropertyValueSpecification\",\"valueRequired\":true,\"valueName\":\"search_term_string\"}}],\"inLanguage\":\"pt-BR\"},{\"@type\":\"Organization\",\"@id\":\"https:\\\/\\\/www.dmastro.com.br\\\/dmastroblog\\\/#organization\",\"name\":\"DMAstro Brasil\",\"url\":\"https:\\\/\\\/www.dmastro.com.br\\\/dmastroblog\\\/\",\"logo\":{\"@type\":\"ImageObject\",\"inLanguage\":\"pt-BR\",\"@id\":\"https:\\\/\\\/www.dmastro.com.br\\\/dmastroblog\\\/#\\\/schema\\\/logo\\\/image\\\/\",\"url\":\"https:\\\/\\\/www.dmastro.com.br\\\/dmastroblog\\\/wp-content\\\/uploads\\\/2018\\\/12\\\/logotipo-dmastro-brasil.png\",\"contentUrl\":\"https:\\\/\\\/www.dmastro.com.br\\\/dmastroblog\\\/wp-content\\\/uploads\\\/2018\\\/12\\\/logotipo-dmastro-brasil.png\",\"width\":180,\"height\":180,\"caption\":\"DMAstro Brasil\"},\"image\":{\"@id\":\"https:\\\/\\\/www.dmastro.com.br\\\/dmastroblog\\\/#\\\/schema\\\/logo\\\/image\\\/\"},\"sameAs\":[\"https:\\\/\\\/www.facebook.com\\\/dmastrobr\",\"https:\\\/\\\/x.com\\\/dmastrobrasil\",\"https:\\\/\\\/www.instagram.com\\\/dmastrobrasil\\\/\"]}]}<\/script>\n<meta property=\"product:price:amount\" content=\"650.00\" \/>\n<meta property=\"product:price:currency\" content=\"BRL\" \/>\n<meta property=\"og:availability\" content=\"instock\" \/>\n<meta property=\"product:availability\" content=\"instock\" \/>\n<meta property=\"product:condition\" content=\"new\" \/>\n<!-- \/ Yoast SEO Premium plugin. -->","yoast_head_json":{"title":"EAD Curso de Astrologia Vocacional, Empresarial e Mundial - Anna Maria Costa Ribeiro - Escola de Astrologia DMAstro","robots":{"index":"index","follow":"follow","max-snippet":"max-snippet:-1","max-image-preview":"max-image-preview:large","max-video-preview":"max-video-preview:-1"},"canonical":"https:\/\/www.dmastro.com.br\/dmastroblog\/produto\/ead-curso-de-astrologia-vocacional-empresarial-e-mundial-anna-maria-costa-ribeiro\/","og_locale":"pt_BR","og_type":"article","og_title":"EAD Curso de Astrologia Vocacional, Empresarial e Mundial - Anna Maria Costa Ribeiro","og_description":"Assinatura EAD Curso de Astrologia Vocacional, Empresarial e Mundial - Anna Maria Costa Ribeiro  Prof.: ANNA MARIA COSTA RIBEIRO \u00e9 diretora da URANTIAM, autora de 48 livros, mais de 43 000 consultas, forma\u00e7\u00e3o de 160 turmas presenciais at\u00e9 dez 2018, cursos intensivos em SP desde 2015  Aprender fazendo e se apaixonando. Compreender o mapa e a alma da pessoa. Decorar \u00e9 para computadores. Meta: ultrapassar os rob\u00f4s  Experi\u00eancia em quest\u00f5es de sa\u00fade durante 15 anos em institui\u00e7\u00f5es. No s\u00e9culo 21 a Astrologia ser\u00e1 de grande aux\u00edlio, inclusive nas quest\u00f5es de sa\u00fade.  CONTE\u00daDO DO CURSO    Interpreta\u00e7\u00e3o e orienta\u00e7\u00e3o nas profiss\u00f5es, aut\u00f4nomos, funcion\u00e1rios, empregados diversos; objetivos nas novas profiss\u00f5es, com a revolu\u00e7\u00e3o tecnol\u00f3gica  Mapas de empresas, s\u00f3cios, quest\u00f5es empresariais, proje\u00e7\u00f5es, interpreta\u00e7\u00e3o. Como avaliar empresas quando n\u00e3o se tem hora de \"nascimento\"  Finan\u00e7as e seguran\u00e7a profissional  Causas de fracasso ou sucesso  Astrologia Mundial, a import\u00e2ncia para as situa\u00e7\u00f5es das profiss\u00f5es, momentos mundiais, como avaliar.  Mapa do Brasil  Ciclos  Economia e cultura. Tecnologia e rob\u00f4s  Treinamento e pr\u00e1tica","og_url":"https:\/\/www.dmastro.com.br\/dmastroblog\/produto\/ead-curso-de-astrologia-vocacional-empresarial-e-mundial-anna-maria-costa-ribeiro\/","og_site_name":"Escola de Astrologia DMAstro","article_publisher":"https:\/\/www.facebook.com\/dmastrobr","article_modified_time":"2022-09-03T17:38:17+00:00","og_image":[{"width":1000,"height":1000,"url":"https:\/\/www.dmastro.com.br\/dmastroblog\/wp-content\/uploads\/2020\/12\/Curso-Online-EAD-Astrologia-Vocacional-Empresarial-e-Mundial-Anna-Maria-Costa-Ribeiro-DMAstro-Brasil.jpg","type":"image\/jpeg"}],"twitter_card":"summary_large_image","twitter_site":"@dmastrobrasil","twitter_misc":{"Pre\u00e7o":"&#82;&#36;650,00","Disponibilidade":"Em Estoque"},"schema":{"@context":"https:\/\/schema.org","@graph":[{"@type":"WebPage","@id":"https:\/\/www.dmastro.com.br\/dmastroblog\/produto\/ead-curso-de-astrologia-vocacional-empresarial-e-mundial-anna-maria-costa-ribeiro\/","url":"https:\/\/www.dmastro.com.br\/dmastroblog\/produto\/ead-curso-de-astrologia-vocacional-empresarial-e-mundial-anna-maria-costa-ribeiro\/","name":"EAD Curso de Astrologia Vocacional, Empresarial e Mundial - Anna Maria Costa Ribeiro - Escola de Astrologia DMAstro","isPartOf":{"@id":"https:\/\/www.dmastro.com.br\/dmastroblog\/#website"},"primaryImageOfPage":{"@id":"https:\/\/www.dmastro.com.br\/dmastroblog\/produto\/ead-curso-de-astrologia-vocacional-empresarial-e-mundial-anna-maria-costa-ribeiro\/#primaryimage"},"image":{"@id":"https:\/\/www.dmastro.com.br\/dmastroblog\/produto\/ead-curso-de-astrologia-vocacional-empresarial-e-mundial-anna-maria-costa-ribeiro\/#primaryimage"},"thumbnailUrl":"https:\/\/i0.wp.com\/www.dmastro.com.br\/dmastroblog\/wp-content\/uploads\/2020\/12\/Curso-Online-EAD-Astrologia-Vocacional-Empresarial-e-Mundial-Anna-Maria-Costa-Ribeiro-DMAstro-Brasil.jpg?fit=1000%2C1000&ssl=1","datePublished":"2020-12-24T07:36:36+00:00","dateModified":"2022-09-03T17:38:17+00:00","breadcrumb":{"@id":"https:\/\/www.dmastro.com.br\/dmastroblog\/produto\/ead-curso-de-astrologia-vocacional-empresarial-e-mundial-anna-maria-costa-ribeiro\/#breadcrumb"},"inLanguage":"pt-BR","potentialAction":[{"@type":"ReadAction","target":["https:\/\/www.dmastro.com.br\/dmastroblog\/produto\/ead-curso-de-astrologia-vocacional-empresarial-e-mundial-anna-maria-costa-ribeiro\/"]}]},{"@type":"ImageObject","inLanguage":"pt-BR","@id":"https:\/\/www.dmastro.com.br\/dmastroblog\/produto\/ead-curso-de-astrologia-vocacional-empresarial-e-mundial-anna-maria-costa-ribeiro\/#primaryimage","url":"https:\/\/i0.wp.com\/www.dmastro.com.br\/dmastroblog\/wp-content\/uploads\/2020\/12\/Curso-Online-EAD-Astrologia-Vocacional-Empresarial-e-Mundial-Anna-Maria-Costa-Ribeiro-DMAstro-Brasil.jpg?fit=1000%2C1000&ssl=1","contentUrl":"https:\/\/i0.wp.com\/www.dmastro.com.br\/dmastroblog\/wp-content\/uploads\/2020\/12\/Curso-Online-EAD-Astrologia-Vocacional-Empresarial-e-Mundial-Anna-Maria-Costa-Ribeiro-DMAstro-Brasil.jpg?fit=1000%2C1000&ssl=1","width":1000,"height":1000,"caption":"Curso Online EAD Astrologia Vocacional Empresarial e Mundial Anna Maria Costa Ribeiro DMAstro Brasil"},{"@type":"BreadcrumbList","@id":"https:\/\/www.dmastro.com.br\/dmastroblog\/produto\/ead-curso-de-astrologia-vocacional-empresarial-e-mundial-anna-maria-costa-ribeiro\/#breadcrumb","itemListElement":[{"@type":"ListItem","position":1,"name":"In\u00edcio","item":"https:\/\/www.dmastro.com.br\/dmastroblog\/"},{"@type":"ListItem","position":2,"name":"Loja","item":"https:\/\/www.dmastro.com.br\/dmastroblog\/loja\/"},{"@type":"ListItem","position":3,"name":"EAD Curso de Astrologia Vocacional, Empresarial e Mundial &#8211; Anna Maria Costa Ribeiro"}]},{"@type":"WebSite","@id":"https:\/\/www.dmastro.com.br\/dmastroblog\/#website","url":"https:\/\/www.dmastro.com.br\/dmastroblog\/","name":"DMAstro Brasil","description":"Curso Completo de Forma\u00e7\u00e3o","publisher":{"@id":"https:\/\/www.dmastro.com.br\/dmastroblog\/#organization"},"potentialAction":[{"@type":"SearchAction","target":{"@type":"EntryPoint","urlTemplate":"https:\/\/www.dmastro.com.br\/dmastroblog\/?s={search_term_string}"},"query-input":{"@type":"PropertyValueSpecification","valueRequired":true,"valueName":"search_term_string"}}],"inLanguage":"pt-BR"},{"@type":"Organization","@id":"https:\/\/www.dmastro.com.br\/dmastroblog\/#organization","name":"DMAstro Brasil","url":"https:\/\/www.dmastro.com.br\/dmastroblog\/","logo":{"@type":"ImageObject","inLanguage":"pt-BR","@id":"https:\/\/www.dmastro.com.br\/dmastroblog\/#\/schema\/logo\/image\/","url":"https:\/\/www.dmastro.com.br\/dmastroblog\/wp-content\/uploads\/2018\/12\/logotipo-dmastro-brasil.png","contentUrl":"https:\/\/www.dmastro.com.br\/dmastroblog\/wp-content\/uploads\/2018\/12\/logotipo-dmastro-brasil.png","width":180,"height":180,"caption":"DMAstro Brasil"},"image":{"@id":"https:\/\/www.dmastro.com.br\/dmastroblog\/#\/schema\/logo\/image\/"},"sameAs":["https:\/\/www.facebook.com\/dmastrobr","https:\/\/x.com\/dmastrobrasil","https:\/\/www.instagram.com\/dmastrobrasil\/"]}]},"product_price_amount":"650.00","product_price_currency":"BRL","og_availability":"instock","product_availability":"instock","product_condition":"new"},"jetpack_publicize_connections":[],"jetpack_sharing_enabled":true,"jetpack_likes_enabled":false,"publishpress_future_workflow_manual_trigger":{"enabledWorkflows":[]},"_links":{"self":[{"href":"https:\/\/www.dmastro.com.br\/dmastroblog\/wp-json\/wp\/v2\/product\/4346","targetHints":{"allow":["GET"]}}],"collection":[{"href":"https:\/\/www.dmastro.com.br\/dmastroblog\/wp-json\/wp\/v2\/product"}],"about":[{"href":"https:\/\/www.dmastro.com.br\/dmastroblog\/wp-json\/wp\/v2\/types\/product"}],"replies":[{"embeddable":true,"href":"https:\/\/www.dmastro.com.br\/dmastroblog\/wp-json\/wp\/v2\/comments?post=4346"}],"wp:featuredmedia":[{"embeddable":true,"href":"https:\/\/www.dmastro.com.br\/dmastroblog\/wp-json\/wp\/v2\/media\/5067"}],"wp:attachment":[{"href":"https:\/\/www.dmastro.com.br\/dmastroblog\/wp-json\/wp\/v2\/media?parent=4346"}],"wp:term":[{"taxonomy":"product_brand","embeddable":true,"href":"https:\/\/www.dmastro.com.br\/dmastroblog\/wp-json\/wp\/v2\/product_brand?post=4346"},{"taxonomy":"product_cat","embeddable":true,"href":"https:\/\/www.dmastro.com.br\/dmastroblog\/wp-json\/wp\/v2\/product_cat?post=4346"},{"taxonomy":"product_tag","embeddable":true,"href":"https:\/\/www.dmastro.com.br\/dmastroblog\/wp-json\/wp\/v2\/product_tag?post=4346"}],"curies":[{"name":"wp","href":"https:\/\/api.w.org\/{rel}","templated":true}]}}