{"id":3871,"date":"2020-11-24T01:39:46","date_gmt":"2020-11-24T04:39:46","guid":{"rendered":"http:\/\/www.dmastro.com.br\/dmastroblog\/?post_type=product&#038;p=3871"},"modified":"2022-01-01T00:03:54","modified_gmt":"2022-01-01T03:03:54","slug":"ead-curso-de-astrologia-basica-anna-maria-costa-ribeiro","status":"publish","type":"product","link":"https:\/\/www.dmastro.com.br\/dmastroblog\/produto\/ead-curso-de-astrologia-basica-anna-maria-costa-ribeiro\/","title":{"rendered":"EAD Curso de Astrologia B\u00e1sica &#8211; Anna Maria Costa Ribeiro"},"content":{"rendered":"<p>Grava\u00e7\u00f5es de 48 incr\u00edveis horas do curso b\u00e1sico de Astrologia com Anna Maria Costa Ribeiro, acesso por at\u00e9 1 ano.<\/p>\n<p><em><strong>Conte\u00fado<\/strong><\/em><\/p>\n<ol>\n<li>Signos\n<ol>\n<li>Elementos<\/li>\n<li>Quadruplicidades<\/li>\n<li>Polaridades<\/li>\n<li>Signos<\/li>\n<\/ol>\n<\/li>\n<li>Planetas\n<ol>\n<li>Pessoais<\/li>\n<li>Sociais<\/li>\n<li>Transpessoais<\/li>\n<li>Dignidades<\/li>\n<li>Nodos Lunares<\/li>\n<li>Planetas Retr\u00f3grados<\/li>\n<li>Roda da Fortuna<\/li>\n<li>O que s\u00e3o Lilith, Qu\u00edron e Aster\u00f3ides<\/li>\n<\/ol>\n<\/li>\n<li>Casas\n<ol>\n<li>Classifica\u00e7\u00e3o de casas<\/li>\n<li>Elementos<\/li>\n<li>Quadruplicidades<\/li>\n<li>Polaridades<\/li>\n<li>Casas pessoais e sociais<\/li>\n<li>Hemisf\u00e9rios<\/li>\n<li>Quadrantes<\/li>\n<li>Eixos<\/li>\n<li>Casas derivadas<\/li>\n<\/ol>\n<\/li>\n<li>Aspectos\n<ol>\n<li>F\u00e1ceis e dif\u00edceis<\/li>\n<li>Maiores e Menores<\/li>\n<li>Grandes Aspectos em grupos<\/li>\n<li>Tipos de mapas, conforme disposi\u00e7\u00f5es<\/li>\n<li>Significados de cada aspecto<\/li>\n<\/ol>\n<\/li>\n<\/ol>\n<p>&nbsp;<\/p>\n","protected":false},"excerpt":{"rendered":"<p>Grava\u00e7\u00f5es de 48 incr\u00edveis horas do curso b\u00e1sico de Astrologia com Anna Maria Costa Ribeiro, acesso por at\u00e9 1 ano.<\/p>\n<p><em><strong>Conte\u00fado<\/strong><\/em><\/p>\n<ol>\n<li>Signos\n<ol>\n<li>Elementos<\/li>\n<li>Quadruplicidades<\/li>\n<li>Polaridades<\/li>\n<li>Signos<\/li>\n<\/ol>\n<\/li>\n<li>Planetas\n<ol>\n<li>Pessoais<\/li>\n<li>Sociais<\/li>\n<li>Transpessoais<\/li>\n<li>Dignidades<\/li>\n<li>Nodos Lunares<\/li>\n<li>Planetas Retr\u00f3grados<\/li>\n<li>Roda da Fortuna<\/li>\n<li>O que s\u00e3o Lilith, Qu\u00edron e Aster\u00f3ides<\/li>\n<\/ol>\n<\/li>\n<li>Casas\n<ol>\n<li>Classifica\u00e7\u00e3o de casas<\/li>\n<li>Elementos<\/li>\n<li>Quadruplicidades<\/li>\n<li>Polaridades<\/li>\n<li>Casas pessoais e sociais<\/li>\n<li>Hemisf\u00e9rios<\/li>\n<li>Quadrantes<\/li>\n<li>Eixos<\/li>\n<li>Casas derivadas<\/li>\n<\/ol>\n<\/li>\n<li>Aspectos\n<ol>\n<li>F\u00e1ceis e dif\u00edceis<\/li>\n<li>Maiores e Menores<\/li>\n<li>Grandes Aspectos em grupos<\/li>\n<li>Tipos de mapas, conforme disposi\u00e7\u00f5es<\/li>\n<li>Significados de cada aspecto<\/li>\n<\/ol>\n<\/li>\n<\/ol>\n<p>&nbsp;<\/p>\n","protected":false},"featured_media":5042,"comment_status":"open","ping_status":"closed","template":"","meta":{"_themeisle_gutenberg_block_has_review":false,"jetpack_post_was_ever_published":false,"jetpack_publicize_message":"","jetpack_publicize_feature_enabled":true,"jetpack_social_post_already_shared":true,"jetpack_social_options":{"image_generator_settings":{"template":"highway","default_image_id":0,"font":"","enabled":false},"version":2}},"product_brand":[],"product_cat":[27,52,364,66,1232],"product_tag":[],"class_list":{"0":"post-3871","1":"product","2":"type-product","3":"status-publish","4":"has-post-thumbnail","6":"product_cat-anna-maria-costa-ribeiro","7":"product_cat-astrologia","8":"product_cat-curso-online","9":"product_cat-cursos-em-video","10":"product_cat-natal-2021","11":"post","13":"first","14":"instock","15":"virtual","16":"taxable","17":"purchasable","18":"product-type-simple"},"composite_virtual":false,"composite_layout":"","composite_add_to_cart_form_location":"","composite_editable_in_cart":false,"composite_sold_individually_context":"","composite_shop_price_calc":"","composite_components":[],"composite_scenarios":[],"yoast_head":"<!-- This site is optimized with the Yoast SEO Premium plugin v22.9 (Yoast SEO v27.3) - https:\/\/yoast.com\/product\/yoast-seo-premium-wordpress\/ -->\n<title>EAD Curso de Astrologia B\u00e1sica - Anna Maria Costa Ribeiro - Escola de Astrologia DMAstro<\/title>\n<meta name=\"robots\" content=\"index, follow, max-snippet:-1, max-image-preview:large, max-video-preview:-1\" \/>\n<link rel=\"canonical\" href=\"https:\/\/www.dmastro.com.br\/dmastroblog\/produto\/ead-curso-de-astrologia-basica-anna-maria-costa-ribeiro\/\" \/>\n<meta property=\"og:locale\" content=\"pt_BR\" \/>\n<meta property=\"og:type\" content=\"article\" \/>\n<meta property=\"og:title\" content=\"EAD Curso de Astrologia B\u00e1sica - Anna Maria Costa Ribeiro\" \/>\n<meta property=\"og:description\" content=\"Grava\u00e7\u00f5es de 48 incr\u00edveis horas do curso b\u00e1sico de Astrologia com Anna Maria Costa Ribeiro, acesso por at\u00e9 1 ano.  Conte\u00fado   Signos   Elementos  Quadruplicidades  Polaridades  Signos    Planetas   Pessoais  Sociais  Transpessoais  Dignidades  Nodos Lunares  Planetas Retr\u00f3grados  Roda da Fortuna  O que s\u00e3o Lilith, Qu\u00edron e Aster\u00f3ides    Casas   Classifica\u00e7\u00e3o de casas  Elementos  Quadruplicidades  Polaridades  Casas pessoais e sociais  Hemisf\u00e9rios  Quadrantes  Eixos  Casas derivadas    Aspectos   F\u00e1ceis e dif\u00edceis  Maiores e Menores  Grandes Aspectos em grupos  Tipos de mapas, conforme disposi\u00e7\u00f5es  Significados de cada aspecto    &nbsp;\" \/>\n<meta property=\"og:url\" content=\"https:\/\/www.dmastro.com.br\/dmastroblog\/produto\/ead-curso-de-astrologia-basica-anna-maria-costa-ribeiro\/\" \/>\n<meta property=\"og:site_name\" content=\"Escola de Astrologia DMAstro\" \/>\n<meta property=\"article:publisher\" content=\"https:\/\/www.facebook.com\/dmastrobr\" \/>\n<meta property=\"article:modified_time\" content=\"2022-01-01T03:03:54+00:00\" \/>\n<meta property=\"og:image\" content=\"https:\/\/www.dmastro.com.br\/dmastroblog\/wp-content\/uploads\/2020\/11\/Curso-Online-EAD-Astrologia-Fundamental-Anna-Maria-Costa-Ribeiro-DMAstro-Brasil.jpg\" \/>\n\t<meta property=\"og:image:width\" content=\"1000\" \/>\n\t<meta property=\"og:image:height\" content=\"1000\" \/>\n\t<meta property=\"og:image:type\" content=\"image\/jpeg\" \/>\n<meta name=\"twitter:card\" content=\"summary_large_image\" \/>\n<meta name=\"twitter:site\" content=\"@dmastrobrasil\" \/>\n<meta name=\"twitter:label1\" content=\"Pre\u00e7o\" \/>\n\t<meta name=\"twitter:data1\" content=\"&#082;&#036;1.800,00\" \/>\n\t<meta name=\"twitter:label2\" content=\"Disponibilidade\" \/>\n\t<meta name=\"twitter:data2\" content=\"Em Estoque\" \/>\n<script type=\"application\/ld+json\" class=\"yoast-schema-graph\">{\"@context\":\"https:\\\/\\\/schema.org\",\"@graph\":[{\"@type\":\"WebPage\",\"@id\":\"https:\\\/\\\/www.dmastro.com.br\\\/dmastroblog\\\/produto\\\/ead-curso-de-astrologia-basica-anna-maria-costa-ribeiro\\\/\",\"url\":\"https:\\\/\\\/www.dmastro.com.br\\\/dmastroblog\\\/produto\\\/ead-curso-de-astrologia-basica-anna-maria-costa-ribeiro\\\/\",\"name\":\"EAD Curso de Astrologia B\u00e1sica - Anna Maria Costa Ribeiro - Escola de Astrologia DMAstro\",\"isPartOf\":{\"@id\":\"https:\\\/\\\/www.dmastro.com.br\\\/dmastroblog\\\/#website\"},\"primaryImageOfPage\":{\"@id\":\"https:\\\/\\\/www.dmastro.com.br\\\/dmastroblog\\\/produto\\\/ead-curso-de-astrologia-basica-anna-maria-costa-ribeiro\\\/#primaryimage\"},\"image\":{\"@id\":\"https:\\\/\\\/www.dmastro.com.br\\\/dmastroblog\\\/produto\\\/ead-curso-de-astrologia-basica-anna-maria-costa-ribeiro\\\/#primaryimage\"},\"thumbnailUrl\":\"https:\\\/\\\/i0.wp.com\\\/www.dmastro.com.br\\\/dmastroblog\\\/wp-content\\\/uploads\\\/2020\\\/11\\\/Curso-Online-EAD-Astrologia-Fundamental-Anna-Maria-Costa-Ribeiro-DMAstro-Brasil.jpg?fit=1000%2C1000&ssl=1\",\"datePublished\":\"2020-11-24T04:39:46+00:00\",\"dateModified\":\"2022-01-01T03:03:54+00:00\",\"breadcrumb\":{\"@id\":\"https:\\\/\\\/www.dmastro.com.br\\\/dmastroblog\\\/produto\\\/ead-curso-de-astrologia-basica-anna-maria-costa-ribeiro\\\/#breadcrumb\"},\"inLanguage\":\"pt-BR\",\"potentialAction\":[{\"@type\":\"ReadAction\",\"target\":[\"https:\\\/\\\/www.dmastro.com.br\\\/dmastroblog\\\/produto\\\/ead-curso-de-astrologia-basica-anna-maria-costa-ribeiro\\\/\"]}]},{\"@type\":\"ImageObject\",\"inLanguage\":\"pt-BR\",\"@id\":\"https:\\\/\\\/www.dmastro.com.br\\\/dmastroblog\\\/produto\\\/ead-curso-de-astrologia-basica-anna-maria-costa-ribeiro\\\/#primaryimage\",\"url\":\"https:\\\/\\\/i0.wp.com\\\/www.dmastro.com.br\\\/dmastroblog\\\/wp-content\\\/uploads\\\/2020\\\/11\\\/Curso-Online-EAD-Astrologia-Fundamental-Anna-Maria-Costa-Ribeiro-DMAstro-Brasil.jpg?fit=1000%2C1000&ssl=1\",\"contentUrl\":\"https:\\\/\\\/i0.wp.com\\\/www.dmastro.com.br\\\/dmastroblog\\\/wp-content\\\/uploads\\\/2020\\\/11\\\/Curso-Online-EAD-Astrologia-Fundamental-Anna-Maria-Costa-Ribeiro-DMAstro-Brasil.jpg?fit=1000%2C1000&ssl=1\",\"width\":1000,\"height\":1000,\"caption\":\"Curso Online EAD Astrologia Fundamental Anna Maria Costa Ribeiro DMAstro Brasil\"},{\"@type\":\"BreadcrumbList\",\"@id\":\"https:\\\/\\\/www.dmastro.com.br\\\/dmastroblog\\\/produto\\\/ead-curso-de-astrologia-basica-anna-maria-costa-ribeiro\\\/#breadcrumb\",\"itemListElement\":[{\"@type\":\"ListItem\",\"position\":1,\"name\":\"In\u00edcio\",\"item\":\"https:\\\/\\\/www.dmastro.com.br\\\/dmastroblog\\\/\"},{\"@type\":\"ListItem\",\"position\":2,\"name\":\"Loja\",\"item\":\"https:\\\/\\\/www.dmastro.com.br\\\/dmastroblog\\\/loja\\\/\"},{\"@type\":\"ListItem\",\"position\":3,\"name\":\"EAD Curso de Astrologia B\u00e1sica &#8211; Anna Maria Costa Ribeiro\"}]},{\"@type\":\"WebSite\",\"@id\":\"https:\\\/\\\/www.dmastro.com.br\\\/dmastroblog\\\/#website\",\"url\":\"https:\\\/\\\/www.dmastro.com.br\\\/dmastroblog\\\/\",\"name\":\"DMAstro Brasil\",\"description\":\"Curso Completo de Forma\u00e7\u00e3o\",\"publisher\":{\"@id\":\"https:\\\/\\\/www.dmastro.com.br\\\/dmastroblog\\\/#organization\"},\"potentialAction\":[{\"@type\":\"SearchAction\",\"target\":{\"@type\":\"EntryPoint\",\"urlTemplate\":\"https:\\\/\\\/www.dmastro.com.br\\\/dmastroblog\\\/?s={search_term_string}\"},\"query-input\":{\"@type\":\"PropertyValueSpecification\",\"valueRequired\":true,\"valueName\":\"search_term_string\"}}],\"inLanguage\":\"pt-BR\"},{\"@type\":\"Organization\",\"@id\":\"https:\\\/\\\/www.dmastro.com.br\\\/dmastroblog\\\/#organization\",\"name\":\"DMAstro Brasil\",\"url\":\"https:\\\/\\\/www.dmastro.com.br\\\/dmastroblog\\\/\",\"logo\":{\"@type\":\"ImageObject\",\"inLanguage\":\"pt-BR\",\"@id\":\"https:\\\/\\\/www.dmastro.com.br\\\/dmastroblog\\\/#\\\/schema\\\/logo\\\/image\\\/\",\"url\":\"https:\\\/\\\/www.dmastro.com.br\\\/dmastroblog\\\/wp-content\\\/uploads\\\/2018\\\/12\\\/logotipo-dmastro-brasil.png\",\"contentUrl\":\"https:\\\/\\\/www.dmastro.com.br\\\/dmastroblog\\\/wp-content\\\/uploads\\\/2018\\\/12\\\/logotipo-dmastro-brasil.png\",\"width\":180,\"height\":180,\"caption\":\"DMAstro Brasil\"},\"image\":{\"@id\":\"https:\\\/\\\/www.dmastro.com.br\\\/dmastroblog\\\/#\\\/schema\\\/logo\\\/image\\\/\"},\"sameAs\":[\"https:\\\/\\\/www.facebook.com\\\/dmastrobr\",\"https:\\\/\\\/x.com\\\/dmastrobrasil\",\"https:\\\/\\\/www.instagram.com\\\/dmastrobrasil\\\/\"]}]}<\/script>\n<meta property=\"product:price:amount\" content=\"1800.00\" \/>\n<meta property=\"product:price:currency\" content=\"BRL\" \/>\n<meta property=\"og:availability\" content=\"instock\" \/>\n<meta property=\"product:availability\" content=\"instock\" \/>\n<meta property=\"product:condition\" content=\"new\" \/>\n<!-- \/ Yoast SEO Premium plugin. -->","yoast_head_json":{"title":"EAD Curso de Astrologia B\u00e1sica - Anna Maria Costa Ribeiro - Escola de Astrologia DMAstro","robots":{"index":"index","follow":"follow","max-snippet":"max-snippet:-1","max-image-preview":"max-image-preview:large","max-video-preview":"max-video-preview:-1"},"canonical":"https:\/\/www.dmastro.com.br\/dmastroblog\/produto\/ead-curso-de-astrologia-basica-anna-maria-costa-ribeiro\/","og_locale":"pt_BR","og_type":"article","og_title":"EAD Curso de Astrologia B\u00e1sica - Anna Maria Costa Ribeiro","og_description":"Grava\u00e7\u00f5es de 48 incr\u00edveis horas do curso b\u00e1sico de Astrologia com Anna Maria Costa Ribeiro, acesso por at\u00e9 1 ano.  Conte\u00fado   Signos   Elementos  Quadruplicidades  Polaridades  Signos    Planetas   Pessoais  Sociais  Transpessoais  Dignidades  Nodos Lunares  Planetas Retr\u00f3grados  Roda da Fortuna  O que s\u00e3o Lilith, Qu\u00edron e Aster\u00f3ides    Casas   Classifica\u00e7\u00e3o de casas  Elementos  Quadruplicidades  Polaridades  Casas pessoais e sociais  Hemisf\u00e9rios  Quadrantes  Eixos  Casas derivadas    Aspectos   F\u00e1ceis e dif\u00edceis  Maiores e Menores  Grandes Aspectos em grupos  Tipos de mapas, conforme disposi\u00e7\u00f5es  Significados de cada aspecto    &nbsp;","og_url":"https:\/\/www.dmastro.com.br\/dmastroblog\/produto\/ead-curso-de-astrologia-basica-anna-maria-costa-ribeiro\/","og_site_name":"Escola de Astrologia DMAstro","article_publisher":"https:\/\/www.facebook.com\/dmastrobr","article_modified_time":"2022-01-01T03:03:54+00:00","og_image":[{"width":1000,"height":1000,"url":"https:\/\/www.dmastro.com.br\/dmastroblog\/wp-content\/uploads\/2020\/11\/Curso-Online-EAD-Astrologia-Fundamental-Anna-Maria-Costa-Ribeiro-DMAstro-Brasil.jpg","type":"image\/jpeg"}],"twitter_card":"summary_large_image","twitter_site":"@dmastrobrasil","twitter_misc":{"Pre\u00e7o":"&#82;&#36;1.800,00","Disponibilidade":"Em Estoque"},"schema":{"@context":"https:\/\/schema.org","@graph":[{"@type":"WebPage","@id":"https:\/\/www.dmastro.com.br\/dmastroblog\/produto\/ead-curso-de-astrologia-basica-anna-maria-costa-ribeiro\/","url":"https:\/\/www.dmastro.com.br\/dmastroblog\/produto\/ead-curso-de-astrologia-basica-anna-maria-costa-ribeiro\/","name":"EAD Curso de Astrologia B\u00e1sica - Anna Maria Costa Ribeiro - Escola de Astrologia DMAstro","isPartOf":{"@id":"https:\/\/www.dmastro.com.br\/dmastroblog\/#website"},"primaryImageOfPage":{"@id":"https:\/\/www.dmastro.com.br\/dmastroblog\/produto\/ead-curso-de-astrologia-basica-anna-maria-costa-ribeiro\/#primaryimage"},"image":{"@id":"https:\/\/www.dmastro.com.br\/dmastroblog\/produto\/ead-curso-de-astrologia-basica-anna-maria-costa-ribeiro\/#primaryimage"},"thumbnailUrl":"https:\/\/i0.wp.com\/www.dmastro.com.br\/dmastroblog\/wp-content\/uploads\/2020\/11\/Curso-Online-EAD-Astrologia-Fundamental-Anna-Maria-Costa-Ribeiro-DMAstro-Brasil.jpg?fit=1000%2C1000&ssl=1","datePublished":"2020-11-24T04:39:46+00:00","dateModified":"2022-01-01T03:03:54+00:00","breadcrumb":{"@id":"https:\/\/www.dmastro.com.br\/dmastroblog\/produto\/ead-curso-de-astrologia-basica-anna-maria-costa-ribeiro\/#breadcrumb"},"inLanguage":"pt-BR","potentialAction":[{"@type":"ReadAction","target":["https:\/\/www.dmastro.com.br\/dmastroblog\/produto\/ead-curso-de-astrologia-basica-anna-maria-costa-ribeiro\/"]}]},{"@type":"ImageObject","inLanguage":"pt-BR","@id":"https:\/\/www.dmastro.com.br\/dmastroblog\/produto\/ead-curso-de-astrologia-basica-anna-maria-costa-ribeiro\/#primaryimage","url":"https:\/\/i0.wp.com\/www.dmastro.com.br\/dmastroblog\/wp-content\/uploads\/2020\/11\/Curso-Online-EAD-Astrologia-Fundamental-Anna-Maria-Costa-Ribeiro-DMAstro-Brasil.jpg?fit=1000%2C1000&ssl=1","contentUrl":"https:\/\/i0.wp.com\/www.dmastro.com.br\/dmastroblog\/wp-content\/uploads\/2020\/11\/Curso-Online-EAD-Astrologia-Fundamental-Anna-Maria-Costa-Ribeiro-DMAstro-Brasil.jpg?fit=1000%2C1000&ssl=1","width":1000,"height":1000,"caption":"Curso Online EAD Astrologia Fundamental Anna Maria Costa Ribeiro DMAstro Brasil"},{"@type":"BreadcrumbList","@id":"https:\/\/www.dmastro.com.br\/dmastroblog\/produto\/ead-curso-de-astrologia-basica-anna-maria-costa-ribeiro\/#breadcrumb","itemListElement":[{"@type":"ListItem","position":1,"name":"In\u00edcio","item":"https:\/\/www.dmastro.com.br\/dmastroblog\/"},{"@type":"ListItem","position":2,"name":"Loja","item":"https:\/\/www.dmastro.com.br\/dmastroblog\/loja\/"},{"@type":"ListItem","position":3,"name":"EAD Curso de Astrologia B\u00e1sica &#8211; Anna Maria Costa Ribeiro"}]},{"@type":"WebSite","@id":"https:\/\/www.dmastro.com.br\/dmastroblog\/#website","url":"https:\/\/www.dmastro.com.br\/dmastroblog\/","name":"DMAstro Brasil","description":"Curso Completo de Forma\u00e7\u00e3o","publisher":{"@id":"https:\/\/www.dmastro.com.br\/dmastroblog\/#organization"},"potentialAction":[{"@type":"SearchAction","target":{"@type":"EntryPoint","urlTemplate":"https:\/\/www.dmastro.com.br\/dmastroblog\/?s={search_term_string}"},"query-input":{"@type":"PropertyValueSpecification","valueRequired":true,"valueName":"search_term_string"}}],"inLanguage":"pt-BR"},{"@type":"Organization","@id":"https:\/\/www.dmastro.com.br\/dmastroblog\/#organization","name":"DMAstro Brasil","url":"https:\/\/www.dmastro.com.br\/dmastroblog\/","logo":{"@type":"ImageObject","inLanguage":"pt-BR","@id":"https:\/\/www.dmastro.com.br\/dmastroblog\/#\/schema\/logo\/image\/","url":"https:\/\/www.dmastro.com.br\/dmastroblog\/wp-content\/uploads\/2018\/12\/logotipo-dmastro-brasil.png","contentUrl":"https:\/\/www.dmastro.com.br\/dmastroblog\/wp-content\/uploads\/2018\/12\/logotipo-dmastro-brasil.png","width":180,"height":180,"caption":"DMAstro Brasil"},"image":{"@id":"https:\/\/www.dmastro.com.br\/dmastroblog\/#\/schema\/logo\/image\/"},"sameAs":["https:\/\/www.facebook.com\/dmastrobr","https:\/\/x.com\/dmastrobrasil","https:\/\/www.instagram.com\/dmastrobrasil\/"]}]},"product_price_amount":"1800.00","product_price_currency":"BRL","og_availability":"instock","product_availability":"instock","product_condition":"new"},"jetpack_publicize_connections":[],"jetpack_sharing_enabled":true,"jetpack_likes_enabled":false,"publishpress_future_workflow_manual_trigger":{"enabledWorkflows":[]},"_links":{"self":[{"href":"https:\/\/www.dmastro.com.br\/dmastroblog\/wp-json\/wp\/v2\/product\/3871","targetHints":{"allow":["GET"]}}],"collection":[{"href":"https:\/\/www.dmastro.com.br\/dmastroblog\/wp-json\/wp\/v2\/product"}],"about":[{"href":"https:\/\/www.dmastro.com.br\/dmastroblog\/wp-json\/wp\/v2\/types\/product"}],"replies":[{"embeddable":true,"href":"https:\/\/www.dmastro.com.br\/dmastroblog\/wp-json\/wp\/v2\/comments?post=3871"}],"wp:featuredmedia":[{"embeddable":true,"href":"https:\/\/www.dmastro.com.br\/dmastroblog\/wp-json\/wp\/v2\/media\/5042"}],"wp:attachment":[{"href":"https:\/\/www.dmastro.com.br\/dmastroblog\/wp-json\/wp\/v2\/media?parent=3871"}],"wp:term":[{"taxonomy":"product_brand","embeddable":true,"href":"https:\/\/www.dmastro.com.br\/dmastroblog\/wp-json\/wp\/v2\/product_brand?post=3871"},{"taxonomy":"product_cat","embeddable":true,"href":"https:\/\/www.dmastro.com.br\/dmastroblog\/wp-json\/wp\/v2\/product_cat?post=3871"},{"taxonomy":"product_tag","embeddable":true,"href":"https:\/\/www.dmastro.com.br\/dmastroblog\/wp-json\/wp\/v2\/product_tag?post=3871"}],"curies":[{"name":"wp","href":"https:\/\/api.w.org\/{rel}","templated":true}]}}