{"id":2475,"date":"2020-01-31T21:52:11","date_gmt":"2020-02-01T00:52:11","guid":{"rendered":"http:\/\/www.dmastro.com.br\/dmastroblog\/?post_type=product&#038;p=2475"},"modified":"2020-02-03T21:21:23","modified_gmt":"2020-02-04T00:21:23","slug":"curso-de-baralho-lenormand-com-rana-george-no-brasil","status":"publish","type":"product","link":"https:\/\/www.dmastro.com.br\/dmastroblog\/produto\/curso-de-baralho-lenormand-com-rana-george-no-brasil\/","title":{"rendered":"Curso de Baralho Lenormand com Rana George no Brasil"},"content":{"rendered":"<p><strong>Curso Lenormand com Rana George<\/strong><\/p>\n<p>Lenormand \u00e9 uma ferramenta preditiva muito afiada, f\u00e1cil, mas complicada.<br \/>\nNeste workshop, o aluno ter\u00e1 a chance de usar o Lenormand como uma poderosa ferramenta ps\u00edquica para praticar, treinar e expandir seus pr\u00f3prios dons ps\u00edquicos.<\/p>\n<p>Noite de aut\u00f3grafos na feira DMAstro XP no Anhembi em 31 de Julho de 2020<br \/>\nCursos na feira DMAstro XP no Anhembi em 01 e 02 de Agosto de 2020 10:00 \/ 17:00<\/p>\n<p>Valor at\u00e9 29\/02 &#8211; R$ 400<br \/>\nValor at\u00e9 31\/03 &#8211; R$ 500<br \/>\nValor at\u00e9 30\/04 &#8211; R$ 600<br \/>\nValor at\u00e9 31\/05 &#8211; R$ 700<br \/>\nValor at\u00e9 30\/06 &#8211; R$ 800<br \/>\nValor at\u00e9 31\/07 &#8211; R$ 900<\/p>\n<p><strong><em>O curso consiste:<\/em><\/strong><\/p>\n<p><strong><em>Sexta-feira<br \/>\n<\/em><\/strong><br \/>\nDe 19:00 &#8211; 21:00<br \/>\nBaralho e Assinatura de Livros (comprados a parte na DMAstro XP, se o aluno n\u00e3o os tiver)<\/p>\n<p><em><strong>S\u00e1bado<br \/>\n<\/strong><\/em><br \/>\n<strong>Manh\u00e3<\/strong><br \/>\nBase<br \/>\nNo\u00e7\u00f5es b\u00e1sicas de Lenormand<br \/>\nTrabalhando com combina\u00e7\u00f5es<\/p>\n<p><em><strong>Tarde<\/strong><\/em><br \/>\nLenormand<br \/>\nComo fazer a melhor pergunta.<br \/>\nRespondendo perguntas com tiradas simples e depois passando para a tirada de bloco.<\/p>\n<p><em><strong>Domingo<\/strong><\/em><\/p>\n<p>Manh\u00e3 e tarde<\/p>\n<p>Foco na Mesa Real<br \/>\nA Mesa Real \u00e9 a joia da coroa de uma leitura de Lenormand. Esta propaga\u00e7\u00e3o misteriosa \u00e9 intimidante para muitos leitores. Nesta aula com Rana, vamos retirar todas as camadas enquanto descobrimos e quebrando em detalhes e mais detalhes da Mesa Real, tornando-a acess\u00edvel e f\u00e1cil de interpretar. Todos os v\u00e9us ser\u00e3o levantados.<br \/>\nRana ensinar\u00e1 sua t\u00e9cnica sobre como transformar a Mesa Real em uma flecha afiada e direta, indo direto ao cerne da quest\u00e3o.<\/p>\n<p><em><strong>Local do Curso: Anhembi em S\u00e3o Paulo na DMAstro XP<\/strong><\/em><\/p>\n<p><strong><em>Biografia<\/em><\/strong><\/p>\n<p>Rana George \u00e9 a autora do best-seller e o aclamado \u201cThe Essential Lenormand: Your Guide to Precise &amp; Practical Fortunetelling\u201d, bem como o fabuloso novo baralho &#8220;Rana George Lenormand&#8221;.<\/p>\n<p>Uma presen\u00e7a respeitada na moderna comunidade de adivinha\u00e7\u00e3o, Rana lidera workshops regulares, grupos de estudo, apresenta\u00e7\u00f5es e cursos intensivos prolongados em muitas confer\u00eancias aclamadas nos Estados Unidos, Canad\u00e1 e em alguns pa\u00edses estrangeiros, como China, Egito e L\u00edbano.<\/p>\n<p>Por mais de 30 anos, Rana \u00e9 conselheira, mentora, professora, m\u00e9dium e sempre \u00e9 uma estudante ao longo da vida. Ela \u00e9 consultora de design de v\u00e1rios baralhos de Lenormand e publicou v\u00e1rios artigos sobre cartomancia.<\/p>\n<p>Encontre Rana no: Instagram, Facebook, SnapChat e YouTube<br \/>\nwww.ranageorge.com<br \/>\nInstagram: @ranageorge1<br \/>\nSnapchat: ranageorge1<\/p>\n<p>&nbsp;<\/p>\n","protected":false},"excerpt":{"rendered":"<p><strong>Curso Lenormand com Rana George<\/strong><\/p>\n<p>Lenormand \u00e9 uma ferramenta preditiva muito afiada, f\u00e1cil, mas complicada.<br \/>\nNeste workshop, o aluno ter\u00e1 a chance de usar o Lenormand como uma poderosa ferramenta ps\u00edquica para praticar, treinar e expandir seus pr\u00f3prios dons ps\u00edquicos.<\/p>\n<p>Noite de aut\u00f3grafos na feira DMAstro XP no Anhembi em 31 de Julho de 2020<br \/>\nCursos na feira DMAstro XP no Anhembi em 01 e 02 de Agosto de 2020 10:00 \/ 17:00<\/p>\n<p>Valor at\u00e9 29\/02 &#8211; R$ 400<br \/>\nValor at\u00e9 31\/03 &#8211; R$ 500<br \/>\nValor at\u00e9 30\/04 &#8211; R$ 600<br \/>\nValor at\u00e9 31\/05 &#8211; R$ 700<br \/>\nValor at\u00e9 30\/06 &#8211; R$ 800<br \/>\nValor at\u00e9 31\/07 &#8211; R$ 900<\/p>\n<p><strong><em>O curso consiste:<\/em><\/strong><\/p>\n<p><strong><em>Sexta-feira<br \/>\n<\/em><\/strong><br \/>\nDe 19:00 &#8211; 21:00<br \/>\nBaralho e Assinatura de Livros (comprados a parte na DMAstro XP, se o aluno n\u00e3o os tiver)<\/p>\n<p><em><strong>S\u00e1bado<br \/>\n<\/strong><\/em><br \/>\n<strong>Manh\u00e3<\/strong><br \/>\nBase<br \/>\nNo\u00e7\u00f5es b\u00e1sicas de Lenormand<br \/>\nTrabalhando com combina\u00e7\u00f5es<\/p>\n<p><em><strong>Tarde<\/strong><\/em><br \/>\nLenormand<br \/>\nComo fazer a melhor pergunta.<br \/>\nRespondendo perguntas com tiradas simples e depois passando para a tirada de bloco.<\/p>\n<p><em><strong>Domingo<\/strong><\/em><\/p>\n<p>Manh\u00e3 e tarde<\/p>\n<p>Foco na Mesa Real<br \/>\nA Mesa Real \u00e9 a joia da coroa de uma leitura de Lenormand. Esta propaga\u00e7\u00e3o misteriosa \u00e9 intimidante para muitos leitores. Nesta aula com Rana, vamos retirar todas as camadas enquanto descobrimos e quebrando em detalhes e mais detalhes da Mesa Real, tornando-a acess\u00edvel e f\u00e1cil de interpretar. Todos os v\u00e9us ser\u00e3o levantados.<br \/>\nRana ensinar\u00e1 sua t\u00e9cnica sobre como transformar a Mesa Real em uma flecha afiada e direta, indo direto ao cerne da quest\u00e3o.<\/p>\n<p><em><strong>Local do Curso: Anhembi em S\u00e3o Paulo na DMAstro XP<\/strong><\/em><\/p>\n<p><strong><em>Biografia<\/em><\/strong><\/p>\n<p>Rana George \u00e9 a autora do best-seller e o aclamado \u201cThe Essential Lenormand: Your Guide to Precise &amp; Practical Fortunetelling\u201d, bem como o fabuloso novo baralho &#8220;Rana George Lenormand&#8221;.<\/p>\n<p>Uma presen\u00e7a respeitada na moderna comunidade de adivinha\u00e7\u00e3o, Rana lidera workshops regulares, grupos de estudo, apresenta\u00e7\u00f5es e cursos intensivos prolongados em muitas confer\u00eancias aclamadas nos Estados Unidos, Canad\u00e1 e em alguns pa\u00edses estrangeiros, como China, Egito e L\u00edbano.<\/p>\n<p>Por mais de 30 anos, Rana \u00e9 conselheira, mentora, professora, m\u00e9dium e sempre \u00e9 uma estudante ao longo da vida. Ela \u00e9 consultora de design de v\u00e1rios baralhos de Lenormand e publicou v\u00e1rios artigos sobre cartomancia.<\/p>\n<p>Encontre Rana no: Instagram, Facebook, SnapChat e YouTube<br \/>\nwww.ranageorge.com<br \/>\nInstagram: @ranageorge1<br \/>\nSnapchat: ranageorge1<\/p>\n<p>&nbsp;<\/p>\n","protected":false},"featured_media":2476,"comment_status":"closed","ping_status":"closed","template":"","meta":{"_themeisle_gutenberg_block_has_review":false,"jetpack_post_was_ever_published":false,"jetpack_publicize_message":"","jetpack_publicize_feature_enabled":true,"jetpack_social_post_already_shared":true,"jetpack_social_options":{"image_generator_settings":{"template":"highway","default_image_id":0,"font":"","enabled":false},"version":2}},"product_brand":[],"product_cat":[364,66],"product_tag":[170,475,474,473],"class_list":{"0":"post-2475","1":"product","2":"type-product","3":"status-publish","4":"has-post-thumbnail","6":"product_cat-curso-online","7":"product_cat-cursos-em-video","8":"product_tag-curso","9":"product_tag-curso-presencial","10":"product_tag-lenormand","11":"product_tag-rana-george","12":"post","14":"first","15":"instock","16":"virtual","17":"taxable","18":"purchasable","19":"product-type-simple"},"composite_virtual":false,"composite_layout":"","composite_add_to_cart_form_location":"","composite_editable_in_cart":false,"composite_sold_individually_context":"","composite_shop_price_calc":"","composite_components":[],"composite_scenarios":[],"yoast_head":"<!-- This site is optimized with the Yoast SEO Premium plugin v22.9 (Yoast SEO v27.3) - https:\/\/yoast.com\/product\/yoast-seo-premium-wordpress\/ -->\n<title>Curso de Baralho Lenormand com Rana George no Brasil - Escola de Astrologia DMAstro<\/title>\n<meta name=\"robots\" content=\"index, follow, max-snippet:-1, max-image-preview:large, max-video-preview:-1\" \/>\n<link rel=\"canonical\" href=\"https:\/\/www.dmastro.com.br\/dmastroblog\/produto\/curso-de-baralho-lenormand-com-rana-george-no-brasil\/\" \/>\n<meta property=\"og:locale\" content=\"pt_BR\" \/>\n<meta property=\"og:type\" content=\"article\" \/>\n<meta property=\"og:title\" content=\"Curso de Baralho Lenormand com Rana George no Brasil\" \/>\n<meta property=\"og:description\" content=\"Curso Lenormand com Rana George  Lenormand \u00e9 uma ferramenta preditiva muito afiada, f\u00e1cil, mas complicada. Neste workshop, o aluno ter\u00e1 a chance de usar o Lenormand como uma poderosa ferramenta ps\u00edquica para praticar, treinar e expandir seus pr\u00f3prios dons ps\u00edquicos.  Noite de aut\u00f3grafos na feira DMAstro XP no Anhembi em 31 de Julho de 2020 Cursos na feira DMAstro XP no Anhembi em 01 e 02 de Agosto de 2020 10:00 \/ 17:00  Valor at\u00e9 29\/02 - R$ 400 Valor at\u00e9 31\/03 - R$ 500 Valor at\u00e9 30\/04 - R$ 600 Valor at\u00e9 31\/05 - R$ 700 Valor at\u00e9 30\/06 - R$ 800 Valor at\u00e9 31\/07 - R$ 900  O curso consiste:  Sexta-feira  De 19:00 - 21:00 Baralho e Assinatura de Livros (comprados a parte na DMAstro XP, se o aluno n\u00e3o os tiver)  S\u00e1bado  Manh\u00e3 Base No\u00e7\u00f5es b\u00e1sicas de Lenormand Trabalhando com combina\u00e7\u00f5es  Tarde Lenormand Como fazer a melhor pergunta. Respondendo perguntas com tiradas simples e depois passando para a tirada de bloco.  Domingo  Manh\u00e3 e tarde  Foco na Mesa Real A Mesa Real \u00e9 a joia da coroa de uma leitura de Lenormand. Esta propaga\u00e7\u00e3o misteriosa \u00e9 intimidante para muitos leitores. Nesta aula com Rana, vamos retirar todas as camadas enquanto descobrimos e quebrando em detalhes e mais detalhes da Mesa Real, tornando-a acess\u00edvel e f\u00e1cil de interpretar. Todos os v\u00e9us ser\u00e3o levantados. Rana ensinar\u00e1 sua t\u00e9cnica sobre como transformar a Mesa Real em uma flecha afiada e direta, indo direto ao cerne da quest\u00e3o.  Local do Curso: Anhembi em S\u00e3o Paulo na DMAstro XP  Biografia  Rana George \u00e9 a autora do best-seller e o aclamado \u201cThe Essential Lenormand: Your Guide to Precise &amp; Practical Fortunetelling\u201d, bem como o fabuloso novo baralho &quot;Rana George Lenormand&quot;.  Uma presen\u00e7a respeitada na moderna comunidade de adivinha\u00e7\u00e3o, Rana lidera workshops regulares, grupos de estudo, apresenta\u00e7\u00f5es e cursos intensivos prolongados em muitas confer\u00eancias aclamadas nos Estados Unidos, Canad\u00e1 e em alguns pa\u00edses estrangeiros, como China, Egito e L\u00edbano.  Por mais de 30 anos, Rana \u00e9 conselheira, mentora, professora, m\u00e9dium e sempre \u00e9 uma estudante ao longo da vida. Ela \u00e9 consultora de design de v\u00e1rios baralhos de Lenormand e publicou v\u00e1rios artigos sobre cartomancia.  Encontre Rana no: Instagram, Facebook, SnapChat e YouTube www.ranageorge.com Instagram: @ranageorge1 Snapchat: ranageorge1  &nbsp;\" \/>\n<meta property=\"og:url\" content=\"https:\/\/www.dmastro.com.br\/dmastroblog\/produto\/curso-de-baralho-lenormand-com-rana-george-no-brasil\/\" \/>\n<meta property=\"og:site_name\" content=\"Escola de Astrologia DMAstro\" \/>\n<meta property=\"article:publisher\" content=\"https:\/\/www.facebook.com\/dmastrobr\" \/>\n<meta property=\"article:modified_time\" content=\"2020-02-04T00:21:23+00:00\" \/>\n<meta property=\"og:image\" content=\"https:\/\/www.dmastro.com.br\/dmastroblog\/wp-content\/uploads\/2020\/01\/Curso-Rana-George-na-DMAstro-XP-no-Brasil-2.jpg\" \/>\n\t<meta property=\"og:image:width\" content=\"1000\" \/>\n\t<meta property=\"og:image:height\" content=\"1009\" \/>\n\t<meta property=\"og:image:type\" content=\"image\/jpeg\" \/>\n<meta name=\"twitter:card\" content=\"summary_large_image\" \/>\n<meta name=\"twitter:site\" content=\"@dmastrobrasil\" \/>\n<meta name=\"twitter:label1\" content=\"Pre\u00e7o\" \/>\n\t<meta name=\"twitter:data1\" content=\"&#082;&#036;400,00\" \/>\n\t<meta name=\"twitter:label2\" content=\"Disponibilidade\" \/>\n\t<meta name=\"twitter:data2\" content=\"Em Estoque\" \/>\n<script type=\"application\/ld+json\" class=\"yoast-schema-graph\">{\"@context\":\"https:\\\/\\\/schema.org\",\"@graph\":[{\"@type\":\"WebPage\",\"@id\":\"https:\\\/\\\/www.dmastro.com.br\\\/dmastroblog\\\/produto\\\/curso-de-baralho-lenormand-com-rana-george-no-brasil\\\/\",\"url\":\"https:\\\/\\\/www.dmastro.com.br\\\/dmastroblog\\\/produto\\\/curso-de-baralho-lenormand-com-rana-george-no-brasil\\\/\",\"name\":\"Curso de Baralho Lenormand com Rana George no Brasil - Escola de Astrologia DMAstro\",\"isPartOf\":{\"@id\":\"https:\\\/\\\/www.dmastro.com.br\\\/dmastroblog\\\/#website\"},\"primaryImageOfPage\":{\"@id\":\"https:\\\/\\\/www.dmastro.com.br\\\/dmastroblog\\\/produto\\\/curso-de-baralho-lenormand-com-rana-george-no-brasil\\\/#primaryimage\"},\"image\":{\"@id\":\"https:\\\/\\\/www.dmastro.com.br\\\/dmastroblog\\\/produto\\\/curso-de-baralho-lenormand-com-rana-george-no-brasil\\\/#primaryimage\"},\"thumbnailUrl\":\"https:\\\/\\\/i0.wp.com\\\/www.dmastro.com.br\\\/dmastroblog\\\/wp-content\\\/uploads\\\/2020\\\/01\\\/Curso-Rana-George-na-DMAstro-XP-no-Brasil-2.jpg?fit=1000%2C1009&ssl=1\",\"datePublished\":\"2020-02-01T00:52:11+00:00\",\"dateModified\":\"2020-02-04T00:21:23+00:00\",\"breadcrumb\":{\"@id\":\"https:\\\/\\\/www.dmastro.com.br\\\/dmastroblog\\\/produto\\\/curso-de-baralho-lenormand-com-rana-george-no-brasil\\\/#breadcrumb\"},\"inLanguage\":\"pt-BR\",\"potentialAction\":[{\"@type\":\"ReadAction\",\"target\":[\"https:\\\/\\\/www.dmastro.com.br\\\/dmastroblog\\\/produto\\\/curso-de-baralho-lenormand-com-rana-george-no-brasil\\\/\"]}]},{\"@type\":\"ImageObject\",\"inLanguage\":\"pt-BR\",\"@id\":\"https:\\\/\\\/www.dmastro.com.br\\\/dmastroblog\\\/produto\\\/curso-de-baralho-lenormand-com-rana-george-no-brasil\\\/#primaryimage\",\"url\":\"https:\\\/\\\/i0.wp.com\\\/www.dmastro.com.br\\\/dmastroblog\\\/wp-content\\\/uploads\\\/2020\\\/01\\\/Curso-Rana-George-na-DMAstro-XP-no-Brasil-2.jpg?fit=1000%2C1009&ssl=1\",\"contentUrl\":\"https:\\\/\\\/i0.wp.com\\\/www.dmastro.com.br\\\/dmastroblog\\\/wp-content\\\/uploads\\\/2020\\\/01\\\/Curso-Rana-George-na-DMAstro-XP-no-Brasil-2.jpg?fit=1000%2C1009&ssl=1\",\"width\":1000,\"height\":1009},{\"@type\":\"BreadcrumbList\",\"@id\":\"https:\\\/\\\/www.dmastro.com.br\\\/dmastroblog\\\/produto\\\/curso-de-baralho-lenormand-com-rana-george-no-brasil\\\/#breadcrumb\",\"itemListElement\":[{\"@type\":\"ListItem\",\"position\":1,\"name\":\"In\u00edcio\",\"item\":\"https:\\\/\\\/www.dmastro.com.br\\\/dmastroblog\\\/\"},{\"@type\":\"ListItem\",\"position\":2,\"name\":\"Loja\",\"item\":\"https:\\\/\\\/www.dmastro.com.br\\\/dmastroblog\\\/loja\\\/\"},{\"@type\":\"ListItem\",\"position\":3,\"name\":\"Curso de Baralho Lenormand com Rana George no Brasil\"}]},{\"@type\":\"WebSite\",\"@id\":\"https:\\\/\\\/www.dmastro.com.br\\\/dmastroblog\\\/#website\",\"url\":\"https:\\\/\\\/www.dmastro.com.br\\\/dmastroblog\\\/\",\"name\":\"DMAstro Brasil\",\"description\":\"Curso Completo de Forma\u00e7\u00e3o\",\"publisher\":{\"@id\":\"https:\\\/\\\/www.dmastro.com.br\\\/dmastroblog\\\/#organization\"},\"potentialAction\":[{\"@type\":\"SearchAction\",\"target\":{\"@type\":\"EntryPoint\",\"urlTemplate\":\"https:\\\/\\\/www.dmastro.com.br\\\/dmastroblog\\\/?s={search_term_string}\"},\"query-input\":{\"@type\":\"PropertyValueSpecification\",\"valueRequired\":true,\"valueName\":\"search_term_string\"}}],\"inLanguage\":\"pt-BR\"},{\"@type\":\"Organization\",\"@id\":\"https:\\\/\\\/www.dmastro.com.br\\\/dmastroblog\\\/#organization\",\"name\":\"DMAstro Brasil\",\"url\":\"https:\\\/\\\/www.dmastro.com.br\\\/dmastroblog\\\/\",\"logo\":{\"@type\":\"ImageObject\",\"inLanguage\":\"pt-BR\",\"@id\":\"https:\\\/\\\/www.dmastro.com.br\\\/dmastroblog\\\/#\\\/schema\\\/logo\\\/image\\\/\",\"url\":\"https:\\\/\\\/www.dmastro.com.br\\\/dmastroblog\\\/wp-content\\\/uploads\\\/2018\\\/12\\\/logotipo-dmastro-brasil.png\",\"contentUrl\":\"https:\\\/\\\/www.dmastro.com.br\\\/dmastroblog\\\/wp-content\\\/uploads\\\/2018\\\/12\\\/logotipo-dmastro-brasil.png\",\"width\":180,\"height\":180,\"caption\":\"DMAstro Brasil\"},\"image\":{\"@id\":\"https:\\\/\\\/www.dmastro.com.br\\\/dmastroblog\\\/#\\\/schema\\\/logo\\\/image\\\/\"},\"sameAs\":[\"https:\\\/\\\/www.facebook.com\\\/dmastrobr\",\"https:\\\/\\\/x.com\\\/dmastrobrasil\",\"https:\\\/\\\/www.instagram.com\\\/dmastrobrasil\\\/\"]}]}<\/script>\n<meta property=\"product:price:amount\" content=\"400.00\" \/>\n<meta property=\"product:price:currency\" content=\"BRL\" \/>\n<meta property=\"og:availability\" content=\"instock\" \/>\n<meta property=\"product:availability\" content=\"instock\" \/>\n<meta property=\"product:condition\" content=\"new\" \/>\n<!-- \/ Yoast SEO Premium plugin. -->","yoast_head_json":{"title":"Curso de Baralho Lenormand com Rana George no Brasil - Escola de Astrologia DMAstro","robots":{"index":"index","follow":"follow","max-snippet":"max-snippet:-1","max-image-preview":"max-image-preview:large","max-video-preview":"max-video-preview:-1"},"canonical":"https:\/\/www.dmastro.com.br\/dmastroblog\/produto\/curso-de-baralho-lenormand-com-rana-george-no-brasil\/","og_locale":"pt_BR","og_type":"article","og_title":"Curso de Baralho Lenormand com Rana George no Brasil","og_description":"Curso Lenormand com Rana George  Lenormand \u00e9 uma ferramenta preditiva muito afiada, f\u00e1cil, mas complicada. Neste workshop, o aluno ter\u00e1 a chance de usar o Lenormand como uma poderosa ferramenta ps\u00edquica para praticar, treinar e expandir seus pr\u00f3prios dons ps\u00edquicos.  Noite de aut\u00f3grafos na feira DMAstro XP no Anhembi em 31 de Julho de 2020 Cursos na feira DMAstro XP no Anhembi em 01 e 02 de Agosto de 2020 10:00 \/ 17:00  Valor at\u00e9 29\/02 - R$ 400 Valor at\u00e9 31\/03 - R$ 500 Valor at\u00e9 30\/04 - R$ 600 Valor at\u00e9 31\/05 - R$ 700 Valor at\u00e9 30\/06 - R$ 800 Valor at\u00e9 31\/07 - R$ 900  O curso consiste:  Sexta-feira  De 19:00 - 21:00 Baralho e Assinatura de Livros (comprados a parte na DMAstro XP, se o aluno n\u00e3o os tiver)  S\u00e1bado  Manh\u00e3 Base No\u00e7\u00f5es b\u00e1sicas de Lenormand Trabalhando com combina\u00e7\u00f5es  Tarde Lenormand Como fazer a melhor pergunta. Respondendo perguntas com tiradas simples e depois passando para a tirada de bloco.  Domingo  Manh\u00e3 e tarde  Foco na Mesa Real A Mesa Real \u00e9 a joia da coroa de uma leitura de Lenormand. Esta propaga\u00e7\u00e3o misteriosa \u00e9 intimidante para muitos leitores. Nesta aula com Rana, vamos retirar todas as camadas enquanto descobrimos e quebrando em detalhes e mais detalhes da Mesa Real, tornando-a acess\u00edvel e f\u00e1cil de interpretar. Todos os v\u00e9us ser\u00e3o levantados. Rana ensinar\u00e1 sua t\u00e9cnica sobre como transformar a Mesa Real em uma flecha afiada e direta, indo direto ao cerne da quest\u00e3o.  Local do Curso: Anhembi em S\u00e3o Paulo na DMAstro XP  Biografia  Rana George \u00e9 a autora do best-seller e o aclamado \u201cThe Essential Lenormand: Your Guide to Precise &amp; Practical Fortunetelling\u201d, bem como o fabuloso novo baralho \"Rana George Lenormand\".  Uma presen\u00e7a respeitada na moderna comunidade de adivinha\u00e7\u00e3o, Rana lidera workshops regulares, grupos de estudo, apresenta\u00e7\u00f5es e cursos intensivos prolongados em muitas confer\u00eancias aclamadas nos Estados Unidos, Canad\u00e1 e em alguns pa\u00edses estrangeiros, como China, Egito e L\u00edbano.  Por mais de 30 anos, Rana \u00e9 conselheira, mentora, professora, m\u00e9dium e sempre \u00e9 uma estudante ao longo da vida. Ela \u00e9 consultora de design de v\u00e1rios baralhos de Lenormand e publicou v\u00e1rios artigos sobre cartomancia.  Encontre Rana no: Instagram, Facebook, SnapChat e YouTube www.ranageorge.com Instagram: @ranageorge1 Snapchat: ranageorge1  &nbsp;","og_url":"https:\/\/www.dmastro.com.br\/dmastroblog\/produto\/curso-de-baralho-lenormand-com-rana-george-no-brasil\/","og_site_name":"Escola de Astrologia DMAstro","article_publisher":"https:\/\/www.facebook.com\/dmastrobr","article_modified_time":"2020-02-04T00:21:23+00:00","og_image":[{"width":1000,"height":1009,"url":"https:\/\/www.dmastro.com.br\/dmastroblog\/wp-content\/uploads\/2020\/01\/Curso-Rana-George-na-DMAstro-XP-no-Brasil-2.jpg","type":"image\/jpeg"}],"twitter_card":"summary_large_image","twitter_site":"@dmastrobrasil","twitter_misc":{"Pre\u00e7o":"&#82;&#36;400,00","Disponibilidade":"Em Estoque"},"schema":{"@context":"https:\/\/schema.org","@graph":[{"@type":"WebPage","@id":"https:\/\/www.dmastro.com.br\/dmastroblog\/produto\/curso-de-baralho-lenormand-com-rana-george-no-brasil\/","url":"https:\/\/www.dmastro.com.br\/dmastroblog\/produto\/curso-de-baralho-lenormand-com-rana-george-no-brasil\/","name":"Curso de Baralho Lenormand com Rana George no Brasil - Escola de Astrologia DMAstro","isPartOf":{"@id":"https:\/\/www.dmastro.com.br\/dmastroblog\/#website"},"primaryImageOfPage":{"@id":"https:\/\/www.dmastro.com.br\/dmastroblog\/produto\/curso-de-baralho-lenormand-com-rana-george-no-brasil\/#primaryimage"},"image":{"@id":"https:\/\/www.dmastro.com.br\/dmastroblog\/produto\/curso-de-baralho-lenormand-com-rana-george-no-brasil\/#primaryimage"},"thumbnailUrl":"https:\/\/i0.wp.com\/www.dmastro.com.br\/dmastroblog\/wp-content\/uploads\/2020\/01\/Curso-Rana-George-na-DMAstro-XP-no-Brasil-2.jpg?fit=1000%2C1009&ssl=1","datePublished":"2020-02-01T00:52:11+00:00","dateModified":"2020-02-04T00:21:23+00:00","breadcrumb":{"@id":"https:\/\/www.dmastro.com.br\/dmastroblog\/produto\/curso-de-baralho-lenormand-com-rana-george-no-brasil\/#breadcrumb"},"inLanguage":"pt-BR","potentialAction":[{"@type":"ReadAction","target":["https:\/\/www.dmastro.com.br\/dmastroblog\/produto\/curso-de-baralho-lenormand-com-rana-george-no-brasil\/"]}]},{"@type":"ImageObject","inLanguage":"pt-BR","@id":"https:\/\/www.dmastro.com.br\/dmastroblog\/produto\/curso-de-baralho-lenormand-com-rana-george-no-brasil\/#primaryimage","url":"https:\/\/i0.wp.com\/www.dmastro.com.br\/dmastroblog\/wp-content\/uploads\/2020\/01\/Curso-Rana-George-na-DMAstro-XP-no-Brasil-2.jpg?fit=1000%2C1009&ssl=1","contentUrl":"https:\/\/i0.wp.com\/www.dmastro.com.br\/dmastroblog\/wp-content\/uploads\/2020\/01\/Curso-Rana-George-na-DMAstro-XP-no-Brasil-2.jpg?fit=1000%2C1009&ssl=1","width":1000,"height":1009},{"@type":"BreadcrumbList","@id":"https:\/\/www.dmastro.com.br\/dmastroblog\/produto\/curso-de-baralho-lenormand-com-rana-george-no-brasil\/#breadcrumb","itemListElement":[{"@type":"ListItem","position":1,"name":"In\u00edcio","item":"https:\/\/www.dmastro.com.br\/dmastroblog\/"},{"@type":"ListItem","position":2,"name":"Loja","item":"https:\/\/www.dmastro.com.br\/dmastroblog\/loja\/"},{"@type":"ListItem","position":3,"name":"Curso de Baralho Lenormand com Rana George no Brasil"}]},{"@type":"WebSite","@id":"https:\/\/www.dmastro.com.br\/dmastroblog\/#website","url":"https:\/\/www.dmastro.com.br\/dmastroblog\/","name":"DMAstro Brasil","description":"Curso Completo de Forma\u00e7\u00e3o","publisher":{"@id":"https:\/\/www.dmastro.com.br\/dmastroblog\/#organization"},"potentialAction":[{"@type":"SearchAction","target":{"@type":"EntryPoint","urlTemplate":"https:\/\/www.dmastro.com.br\/dmastroblog\/?s={search_term_string}"},"query-input":{"@type":"PropertyValueSpecification","valueRequired":true,"valueName":"search_term_string"}}],"inLanguage":"pt-BR"},{"@type":"Organization","@id":"https:\/\/www.dmastro.com.br\/dmastroblog\/#organization","name":"DMAstro Brasil","url":"https:\/\/www.dmastro.com.br\/dmastroblog\/","logo":{"@type":"ImageObject","inLanguage":"pt-BR","@id":"https:\/\/www.dmastro.com.br\/dmastroblog\/#\/schema\/logo\/image\/","url":"https:\/\/www.dmastro.com.br\/dmastroblog\/wp-content\/uploads\/2018\/12\/logotipo-dmastro-brasil.png","contentUrl":"https:\/\/www.dmastro.com.br\/dmastroblog\/wp-content\/uploads\/2018\/12\/logotipo-dmastro-brasil.png","width":180,"height":180,"caption":"DMAstro Brasil"},"image":{"@id":"https:\/\/www.dmastro.com.br\/dmastroblog\/#\/schema\/logo\/image\/"},"sameAs":["https:\/\/www.facebook.com\/dmastrobr","https:\/\/x.com\/dmastrobrasil","https:\/\/www.instagram.com\/dmastrobrasil\/"]}]},"product_price_amount":"400.00","product_price_currency":"BRL","og_availability":"instock","product_availability":"instock","product_condition":"new"},"jetpack_publicize_connections":[],"jetpack_sharing_enabled":true,"jetpack_likes_enabled":true,"publishpress_future_workflow_manual_trigger":{"enabledWorkflows":[]},"_links":{"self":[{"href":"https:\/\/www.dmastro.com.br\/dmastroblog\/wp-json\/wp\/v2\/product\/2475","targetHints":{"allow":["GET"]}}],"collection":[{"href":"https:\/\/www.dmastro.com.br\/dmastroblog\/wp-json\/wp\/v2\/product"}],"about":[{"href":"https:\/\/www.dmastro.com.br\/dmastroblog\/wp-json\/wp\/v2\/types\/product"}],"replies":[{"embeddable":true,"href":"https:\/\/www.dmastro.com.br\/dmastroblog\/wp-json\/wp\/v2\/comments?post=2475"}],"wp:featuredmedia":[{"embeddable":true,"href":"https:\/\/www.dmastro.com.br\/dmastroblog\/wp-json\/wp\/v2\/media\/2476"}],"wp:attachment":[{"href":"https:\/\/www.dmastro.com.br\/dmastroblog\/wp-json\/wp\/v2\/media?parent=2475"}],"wp:term":[{"taxonomy":"product_brand","embeddable":true,"href":"https:\/\/www.dmastro.com.br\/dmastroblog\/wp-json\/wp\/v2\/product_brand?post=2475"},{"taxonomy":"product_cat","embeddable":true,"href":"https:\/\/www.dmastro.com.br\/dmastroblog\/wp-json\/wp\/v2\/product_cat?post=2475"},{"taxonomy":"product_tag","embeddable":true,"href":"https:\/\/www.dmastro.com.br\/dmastroblog\/wp-json\/wp\/v2\/product_tag?post=2475"}],"curies":[{"name":"wp","href":"https:\/\/api.w.org\/{rel}","templated":true}]}}