{"id":1605,"date":"2025-10-25T19:07:26","date_gmt":"2025-10-25T22:07:26","guid":{"rendered":"http:\/\/www.dmastro.com.br\/dmastroblog\/?post_type=product&#038;p=1605"},"modified":"2025-10-28T20:00:27","modified_gmt":"2025-10-28T23:00:27","slug":"curso-online-de-solar-fire-por-ricardo-quartier","status":"publish","type":"product","link":"https:\/\/www.dmastro.com.br\/dmastroblog\/produto\/curso-online-de-solar-fire-por-ricardo-quartier\/","title":{"rendered":"Curso Online de Solar Fire por Ricardo Quartier"},"content":{"rendered":"<p style=\"text-align: center;\"><em><strong><span style=\"color: #ff0000; font-size: 18pt;\">Curso Online de Solar Fire por Ricardo Quartier<\/span><\/strong><\/em><\/p>\n<p>O melhor curso do software Solar Fire do B\u00e1sico ao Avan\u00e7ado, com o professor Ricardo Quartier. Venha fazer parte da Elite do Conhecimento Astrol\u00f3gico no Brasil!<\/p>\n<p>Voc\u00ea que estuda astrologia ou ja \u00e9 um astr\u00f3logo profissional, pode\u00a0 ainda mais ser completo. Vai aprender como interpretar mapas astrais com o aux\u00edlio do melhor software de astrologia do mundo.<\/p>\n<p><strong>Conhe\u00e7a seu professor:<\/strong><\/p>\n<p>Quem sou?<\/p>\n<p>Meu nome \u00e9 Ricardo Quartiwe e sou fundador da Escola DMAstro de Astrologia, j\u00e1 trabalhei com diversos softwares de astrologia e criei alguns e gostaria de ensinar a voc\u00ea, como trabalhar de forma mais f\u00e1cil e produtiva com o software DMAstro.<\/p>\n<p style=\"text-align: center;\"><span style=\"font-size: 18pt;\"><em><strong><span style=\"color: #99ccff;\">O QUE VOC\u00ca VAI APRENDER COM ESTE CURSO ?<\/span><\/strong><\/em><\/span><\/p>\n<p>1. Introdu\u00e7\u00e3o ao Solar Fire<br \/>\n2. Cria\u00e7\u00e3o e Personaliza\u00e7\u00e3o de Mapas<br \/>\n3. Busca e Localiza\u00e7\u00e3o de Mapas<br \/>\n4. Mapas Din\u00e2micos: Interpreta\u00e7\u00f5es Avan\u00e7adas<br \/>\n5. Sinastria: Compatibilidade Entre Mapas<br \/>\n6. Busca de Eclipses<br \/>\n7. Aspectos Planet\u00e1rios: Ajustes<br \/>\n8. Ajuste de Par\u00e2metros Personalizados<br \/>\n9. Busca Eletiva: Escolha do Melhor Momento<br \/>\n10. Efem\u00e9rides Gr\u00e1ficas e Gera\u00e7\u00e3o de Efem\u00e9rides<br \/>\n11. Planetarium: Visualiza\u00e7\u00e3o Avan\u00e7ada<br \/>\n12. Stellarium: Mapeamento Estelar<br \/>\n13. An\u00e1lise da bolsa de valores<br \/>\n14. Solar Maps: Mapas de Influ\u00eancia Solar com astro cartografia e relat\u00f3rio e reloca\u00e7\u00e3o<br \/>\n15. Agenda Celeste Personalizada: Planejamento Astrol\u00f3gico no seu telefone<br \/>\n16. Mapa Composto de Relacionamentos Davidson<br \/>\n17. Firdaria: Ciclos da Vida<br \/>\n18. Backup e Seguran\u00e7a de Dados<br \/>\n19. Relat\u00f3rio de Mapa Natal Astrol\u00f3gico<br \/>\n21. Relat\u00f3rio de Previs\u00f5es Astrol\u00f3gicas.<\/p>\n<p style=\"text-align: center;\"><em><strong><span style=\"color: #99ccff; font-size: 18pt;\">O CURSO QUE VAI TRANSFORMAR TODA A SUA REALIDADE!<\/span><\/strong><\/em><\/p>\n<p>&#8211; Capacita\u00e7\u00e3o Completa: Aprenda a dominar todas as funcionalidades do Solar Fire e aplique o conhecimento em consultas e previs\u00f5es astrol\u00f3gicas de forma profissional.<br \/>\n&#8211; Acesso ao Melhor Conte\u00fado: O curso abrange desde o b\u00e1sico at\u00e9 as t\u00e9cnicas mais avan\u00e7adas para que voc\u00ea possa utilizar o Solar Fire ao m\u00e1ximo.<br \/>\n&#8211; Certifica\u00e7\u00e3o Exclusiva: Ao concluir o curso, voc\u00ea receber\u00e1 um Certificado de Conclus\u00e3o, validando seu aprendizado e sua capacita\u00e7\u00e3o.<br \/>\n&#8211; Apoio Cont\u00ednuo: Participa\u00e7\u00e3o em um grupo de estudos exclusivo no WhatsApp, para d\u00favidas e trocas de conhecimentos. Al\u00e9m disso, as aulas ao vivo e gravadas garantem que voc\u00ea possa estudar no seu ritmo.<\/p>\n<p style=\"text-align: left;\"><em><strong>Certifica\u00e7\u00e3o:<\/strong><\/em><br \/>\nSer\u00e1 emitido certificado de conclus\u00e3o no final do curso.<\/p>\n<p><em><strong>Dura\u00e7\u00e3o do acesso:<\/strong><\/em><br \/>\nAcesso a todo o conte\u00fado virtual na plataforma de estudos por at\u00e9 2 anos ap\u00f3s o t\u00e9rmino do curso<\/p>\n<p>O aluno vai participar do grupo de estudos do Solar Fire para esclarecer suas d\u00favidas. O participante que n\u00e3o puder estar presente nas aulas, deve elaborar suas d\u00favidas e perguntas e enviar no grupo do WhatsApp antecipadamente. Tais questionamentos ser\u00e3o respondidos durante o workshop. As aulas ficar\u00e3o dispon\u00edveis na plataforma de ensino. Voc\u00ea poder\u00e1 acessar os v\u00eddeos integralmente de qualquer lugar!<\/p>\n<p>O curso tem 1 m\u00eas, ao vivo com os alunos usando o aplicativo Zoom. A aula fica gravada e pronta para o aluno poder ver quantas vezes quiser ou no caso dele faltar. Tamb\u00e9m existe um grupo de alunos no WhatsApp para apoio as aulas e suporte para d\u00favidas. Os alunos recebem um certificado ao fim do workshop.<\/p>\n<p>Para mais informa\u00e7\u00f5es e inscri\u00e7\u00f5es, ligue para: (11) 96624-8446 ou envie mensagem no WhatsApp. O curso come\u00e7a em 01\/12\/2025.<\/p>\n<p style=\"text-align: center;\"><em><strong><span style=\"color: #ff0000; font-size: 18pt;\">Curso Online de Solar Fire por Ricardo Quartier<\/span><\/strong><\/em><\/p>\n<p>&nbsp;<\/p>\n","protected":false},"excerpt":{"rendered":"<p style=\"text-align: center;\"><em><strong><span style=\"color: #ff0000; font-size: 18pt;\">Curso Online de Solar Fire por Ricardo Quartier<\/span><\/strong><\/em><\/p>\n<p>O melhor curso do software Solar Fire do B\u00e1sico ao Avan\u00e7ado, com o professor Ricardo Quartier. Venha fazer parte da Elite do Conhecimento Astrol\u00f3gico no Brasil!<\/p>\n<p>Voc\u00ea que estuda astrologia ou ja \u00e9 um astr\u00f3logo profissional, pode\u00a0 ainda mais ser completo. Vai aprender como interpretar mapas astrais com o aux\u00edlio do melhor software de astrologia do mundo.<\/p>\n<p>Formato do Curso<br \/>\nDura\u00e7\u00e3o: 4 aulas<br \/>\nValor: 250 reais<br \/>\nIn\u00edcio: Dezembro de 2025<br \/>\nAulas ao vivo semanais via Zoom<br \/>\nAcesso \u00e0s grava\u00e7\u00f5es (voc\u00ea pode rever quantas vezes quiser)<br \/>\nGrupo exclusivo no WhatsApp para suporte e trocas entre alunos<br \/>\nCertificado de conclus\u00e3o incluso<\/p>\n","protected":false},"featured_media":12945,"comment_status":"open","ping_status":"closed","template":"","meta":{"_themeisle_gutenberg_block_has_review":false,"jetpack_post_was_ever_published":false,"jetpack_publicize_message":"EAD Astrologia M\u00f3dulo 1 - Anna Maria Costa Ribeiro","jetpack_publicize_feature_enabled":true,"jetpack_social_post_already_shared":true,"jetpack_social_options":{"image_generator_settings":{"template":"highway","default_image_id":0,"font":"","enabled":false},"version":2}},"product_brand":[],"product_cat":[364],"product_tag":[76,365,1774,376],"class_list":{"0":"post-1605","1":"product","2":"type-product","3":"status-publish","4":"has-post-thumbnail","6":"product_cat-curso-online","7":"product_tag-astrologia","8":"product_tag-ead","9":"product_tag-ricardo-quartier","10":"product_tag-solar-fire","11":"post","13":"first","14":"instock","15":"virtual","16":"taxable","17":"purchasable","18":"product-type-simple"},"composite_virtual":false,"composite_layout":"","composite_add_to_cart_form_location":"","composite_editable_in_cart":false,"composite_sold_individually_context":"","composite_shop_price_calc":"","composite_components":[],"composite_scenarios":[],"yoast_head":"<!-- This site is optimized with the Yoast SEO Premium plugin v22.9 (Yoast SEO v27.3) - https:\/\/yoast.com\/product\/yoast-seo-premium-wordpress\/ -->\n<title>Curso Online de Solar Fire por Ricardo Quartier - Escola de Astrologia DMAstro<\/title>\n<meta name=\"description\" content=\"Curso Online de Solar Fire por Ricardo Quartier\" \/>\n<meta name=\"robots\" content=\"index, follow, max-snippet:-1, max-image-preview:large, max-video-preview:-1\" \/>\n<link rel=\"canonical\" href=\"https:\/\/www.dmastro.com.br\/dmastroblog\/produto\/curso-online-de-solar-fire-por-ricardo-quartier\/\" \/>\n<meta property=\"og:locale\" content=\"pt_BR\" \/>\n<meta property=\"og:type\" content=\"article\" \/>\n<meta property=\"og:title\" content=\"Curso Online de Solar Fire por Ricardo Quartier\" \/>\n<meta property=\"og:description\" content=\"Curso Online de Solar Fire por Ricardo Quartier\" \/>\n<meta property=\"og:url\" content=\"https:\/\/www.dmastro.com.br\/dmastroblog\/produto\/curso-online-de-solar-fire-por-ricardo-quartier\/\" \/>\n<meta property=\"og:site_name\" content=\"Escola de Astrologia DMAstro\" \/>\n<meta property=\"article:publisher\" content=\"https:\/\/www.facebook.com\/dmastrobr\" \/>\n<meta property=\"article:modified_time\" content=\"2025-10-28T23:00:27+00:00\" \/>\n<meta property=\"og:image\" content=\"https:\/\/www.dmastro.com.br\/dmastroblog\/wp-content\/uploads\/2019\/06\/Solar-Fire.jpg\" \/>\n\t<meta property=\"og:image:width\" content=\"1402\" \/>\n\t<meta property=\"og:image:height\" content=\"2000\" \/>\n\t<meta property=\"og:image:type\" content=\"image\/jpeg\" \/>\n<meta name=\"twitter:card\" content=\"summary_large_image\" \/>\n<meta name=\"twitter:site\" content=\"@dmastrobrasil\" \/>\n<meta name=\"twitter:label1\" content=\"Pre\u00e7o\" \/>\n\t<meta name=\"twitter:data1\" content=\"&#082;&#036;250,00\" \/>\n\t<meta name=\"twitter:label2\" content=\"Disponibilidade\" \/>\n\t<meta name=\"twitter:data2\" content=\"Em Estoque\" \/>\n<script type=\"application\/ld+json\" class=\"yoast-schema-graph\">{\"@context\":\"https:\\\/\\\/schema.org\",\"@graph\":[{\"@type\":\"WebPage\",\"@id\":\"https:\\\/\\\/www.dmastro.com.br\\\/dmastroblog\\\/produto\\\/curso-online-de-solar-fire-por-ricardo-quartier\\\/\",\"url\":\"https:\\\/\\\/www.dmastro.com.br\\\/dmastroblog\\\/produto\\\/curso-online-de-solar-fire-por-ricardo-quartier\\\/\",\"name\":\"Curso Online de Solar Fire por Ricardo Quartier - Escola de Astrologia DMAstro\",\"isPartOf\":{\"@id\":\"https:\\\/\\\/www.dmastro.com.br\\\/dmastroblog\\\/#website\"},\"primaryImageOfPage\":{\"@id\":\"https:\\\/\\\/www.dmastro.com.br\\\/dmastroblog\\\/produto\\\/curso-online-de-solar-fire-por-ricardo-quartier\\\/#primaryimage\"},\"image\":{\"@id\":\"https:\\\/\\\/www.dmastro.com.br\\\/dmastroblog\\\/produto\\\/curso-online-de-solar-fire-por-ricardo-quartier\\\/#primaryimage\"},\"thumbnailUrl\":\"https:\\\/\\\/i0.wp.com\\\/www.dmastro.com.br\\\/dmastroblog\\\/wp-content\\\/uploads\\\/2019\\\/06\\\/Solar-Fire.jpg?fit=1402%2C2000&ssl=1\",\"datePublished\":\"2025-10-25T22:07:26+00:00\",\"dateModified\":\"2025-10-28T23:00:27+00:00\",\"description\":\"Curso Online de Solar Fire por Ricardo Quartier\",\"breadcrumb\":{\"@id\":\"https:\\\/\\\/www.dmastro.com.br\\\/dmastroblog\\\/produto\\\/curso-online-de-solar-fire-por-ricardo-quartier\\\/#breadcrumb\"},\"inLanguage\":\"pt-BR\",\"potentialAction\":[{\"@type\":\"ReadAction\",\"target\":[\"https:\\\/\\\/www.dmastro.com.br\\\/dmastroblog\\\/produto\\\/curso-online-de-solar-fire-por-ricardo-quartier\\\/\"]}]},{\"@type\":\"ImageObject\",\"inLanguage\":\"pt-BR\",\"@id\":\"https:\\\/\\\/www.dmastro.com.br\\\/dmastroblog\\\/produto\\\/curso-online-de-solar-fire-por-ricardo-quartier\\\/#primaryimage\",\"url\":\"https:\\\/\\\/i0.wp.com\\\/www.dmastro.com.br\\\/dmastroblog\\\/wp-content\\\/uploads\\\/2019\\\/06\\\/Solar-Fire.jpg?fit=1402%2C2000&ssl=1\",\"contentUrl\":\"https:\\\/\\\/i0.wp.com\\\/www.dmastro.com.br\\\/dmastroblog\\\/wp-content\\\/uploads\\\/2019\\\/06\\\/Solar-Fire.jpg?fit=1402%2C2000&ssl=1\",\"width\":1402,\"height\":2000,\"caption\":\"Curso de Solar Fire\"},{\"@type\":\"BreadcrumbList\",\"@id\":\"https:\\\/\\\/www.dmastro.com.br\\\/dmastroblog\\\/produto\\\/curso-online-de-solar-fire-por-ricardo-quartier\\\/#breadcrumb\",\"itemListElement\":[{\"@type\":\"ListItem\",\"position\":1,\"name\":\"In\u00edcio\",\"item\":\"https:\\\/\\\/www.dmastro.com.br\\\/dmastroblog\\\/\"},{\"@type\":\"ListItem\",\"position\":2,\"name\":\"Loja\",\"item\":\"https:\\\/\\\/www.dmastro.com.br\\\/dmastroblog\\\/loja\\\/\"},{\"@type\":\"ListItem\",\"position\":3,\"name\":\"Curso Online de Solar Fire por Ricardo Quartier\"}]},{\"@type\":\"WebSite\",\"@id\":\"https:\\\/\\\/www.dmastro.com.br\\\/dmastroblog\\\/#website\",\"url\":\"https:\\\/\\\/www.dmastro.com.br\\\/dmastroblog\\\/\",\"name\":\"DMAstro Brasil\",\"description\":\"Curso Completo de Forma\u00e7\u00e3o\",\"publisher\":{\"@id\":\"https:\\\/\\\/www.dmastro.com.br\\\/dmastroblog\\\/#organization\"},\"potentialAction\":[{\"@type\":\"SearchAction\",\"target\":{\"@type\":\"EntryPoint\",\"urlTemplate\":\"https:\\\/\\\/www.dmastro.com.br\\\/dmastroblog\\\/?s={search_term_string}\"},\"query-input\":{\"@type\":\"PropertyValueSpecification\",\"valueRequired\":true,\"valueName\":\"search_term_string\"}}],\"inLanguage\":\"pt-BR\"},{\"@type\":\"Organization\",\"@id\":\"https:\\\/\\\/www.dmastro.com.br\\\/dmastroblog\\\/#organization\",\"name\":\"DMAstro Brasil\",\"url\":\"https:\\\/\\\/www.dmastro.com.br\\\/dmastroblog\\\/\",\"logo\":{\"@type\":\"ImageObject\",\"inLanguage\":\"pt-BR\",\"@id\":\"https:\\\/\\\/www.dmastro.com.br\\\/dmastroblog\\\/#\\\/schema\\\/logo\\\/image\\\/\",\"url\":\"https:\\\/\\\/www.dmastro.com.br\\\/dmastroblog\\\/wp-content\\\/uploads\\\/2018\\\/12\\\/logotipo-dmastro-brasil.png\",\"contentUrl\":\"https:\\\/\\\/www.dmastro.com.br\\\/dmastroblog\\\/wp-content\\\/uploads\\\/2018\\\/12\\\/logotipo-dmastro-brasil.png\",\"width\":180,\"height\":180,\"caption\":\"DMAstro Brasil\"},\"image\":{\"@id\":\"https:\\\/\\\/www.dmastro.com.br\\\/dmastroblog\\\/#\\\/schema\\\/logo\\\/image\\\/\"},\"sameAs\":[\"https:\\\/\\\/www.facebook.com\\\/dmastrobr\",\"https:\\\/\\\/x.com\\\/dmastrobrasil\",\"https:\\\/\\\/www.instagram.com\\\/dmastrobrasil\\\/\"]}]}<\/script>\n<meta property=\"product:price:amount\" content=\"250.00\" \/>\n<meta property=\"product:price:currency\" content=\"BRL\" \/>\n<meta property=\"og:availability\" content=\"instock\" \/>\n<meta property=\"product:availability\" content=\"instock\" \/>\n<meta property=\"product:condition\" content=\"new\" \/>\n<!-- \/ Yoast SEO Premium plugin. -->","yoast_head_json":{"title":"Curso Online de Solar Fire por Ricardo Quartier - Escola de Astrologia DMAstro","description":"Curso Online de Solar Fire por Ricardo Quartier","robots":{"index":"index","follow":"follow","max-snippet":"max-snippet:-1","max-image-preview":"max-image-preview:large","max-video-preview":"max-video-preview:-1"},"canonical":"https:\/\/www.dmastro.com.br\/dmastroblog\/produto\/curso-online-de-solar-fire-por-ricardo-quartier\/","og_locale":"pt_BR","og_type":"article","og_title":"Curso Online de Solar Fire por Ricardo Quartier","og_description":"Curso Online de Solar Fire por Ricardo Quartier","og_url":"https:\/\/www.dmastro.com.br\/dmastroblog\/produto\/curso-online-de-solar-fire-por-ricardo-quartier\/","og_site_name":"Escola de Astrologia DMAstro","article_publisher":"https:\/\/www.facebook.com\/dmastrobr","article_modified_time":"2025-10-28T23:00:27+00:00","og_image":[{"width":1402,"height":2000,"url":"https:\/\/www.dmastro.com.br\/dmastroblog\/wp-content\/uploads\/2019\/06\/Solar-Fire.jpg","type":"image\/jpeg"}],"twitter_card":"summary_large_image","twitter_site":"@dmastrobrasil","twitter_misc":{"Pre\u00e7o":"&#82;&#36;250,00","Disponibilidade":"Em Estoque"},"schema":{"@context":"https:\/\/schema.org","@graph":[{"@type":"WebPage","@id":"https:\/\/www.dmastro.com.br\/dmastroblog\/produto\/curso-online-de-solar-fire-por-ricardo-quartier\/","url":"https:\/\/www.dmastro.com.br\/dmastroblog\/produto\/curso-online-de-solar-fire-por-ricardo-quartier\/","name":"Curso Online de Solar Fire por Ricardo Quartier - Escola de Astrologia DMAstro","isPartOf":{"@id":"https:\/\/www.dmastro.com.br\/dmastroblog\/#website"},"primaryImageOfPage":{"@id":"https:\/\/www.dmastro.com.br\/dmastroblog\/produto\/curso-online-de-solar-fire-por-ricardo-quartier\/#primaryimage"},"image":{"@id":"https:\/\/www.dmastro.com.br\/dmastroblog\/produto\/curso-online-de-solar-fire-por-ricardo-quartier\/#primaryimage"},"thumbnailUrl":"https:\/\/i0.wp.com\/www.dmastro.com.br\/dmastroblog\/wp-content\/uploads\/2019\/06\/Solar-Fire.jpg?fit=1402%2C2000&ssl=1","datePublished":"2025-10-25T22:07:26+00:00","dateModified":"2025-10-28T23:00:27+00:00","description":"Curso Online de Solar Fire por Ricardo Quartier","breadcrumb":{"@id":"https:\/\/www.dmastro.com.br\/dmastroblog\/produto\/curso-online-de-solar-fire-por-ricardo-quartier\/#breadcrumb"},"inLanguage":"pt-BR","potentialAction":[{"@type":"ReadAction","target":["https:\/\/www.dmastro.com.br\/dmastroblog\/produto\/curso-online-de-solar-fire-por-ricardo-quartier\/"]}]},{"@type":"ImageObject","inLanguage":"pt-BR","@id":"https:\/\/www.dmastro.com.br\/dmastroblog\/produto\/curso-online-de-solar-fire-por-ricardo-quartier\/#primaryimage","url":"https:\/\/i0.wp.com\/www.dmastro.com.br\/dmastroblog\/wp-content\/uploads\/2019\/06\/Solar-Fire.jpg?fit=1402%2C2000&ssl=1","contentUrl":"https:\/\/i0.wp.com\/www.dmastro.com.br\/dmastroblog\/wp-content\/uploads\/2019\/06\/Solar-Fire.jpg?fit=1402%2C2000&ssl=1","width":1402,"height":2000,"caption":"Curso de Solar Fire"},{"@type":"BreadcrumbList","@id":"https:\/\/www.dmastro.com.br\/dmastroblog\/produto\/curso-online-de-solar-fire-por-ricardo-quartier\/#breadcrumb","itemListElement":[{"@type":"ListItem","position":1,"name":"In\u00edcio","item":"https:\/\/www.dmastro.com.br\/dmastroblog\/"},{"@type":"ListItem","position":2,"name":"Loja","item":"https:\/\/www.dmastro.com.br\/dmastroblog\/loja\/"},{"@type":"ListItem","position":3,"name":"Curso Online de Solar Fire por Ricardo Quartier"}]},{"@type":"WebSite","@id":"https:\/\/www.dmastro.com.br\/dmastroblog\/#website","url":"https:\/\/www.dmastro.com.br\/dmastroblog\/","name":"DMAstro Brasil","description":"Curso Completo de Forma\u00e7\u00e3o","publisher":{"@id":"https:\/\/www.dmastro.com.br\/dmastroblog\/#organization"},"potentialAction":[{"@type":"SearchAction","target":{"@type":"EntryPoint","urlTemplate":"https:\/\/www.dmastro.com.br\/dmastroblog\/?s={search_term_string}"},"query-input":{"@type":"PropertyValueSpecification","valueRequired":true,"valueName":"search_term_string"}}],"inLanguage":"pt-BR"},{"@type":"Organization","@id":"https:\/\/www.dmastro.com.br\/dmastroblog\/#organization","name":"DMAstro Brasil","url":"https:\/\/www.dmastro.com.br\/dmastroblog\/","logo":{"@type":"ImageObject","inLanguage":"pt-BR","@id":"https:\/\/www.dmastro.com.br\/dmastroblog\/#\/schema\/logo\/image\/","url":"https:\/\/www.dmastro.com.br\/dmastroblog\/wp-content\/uploads\/2018\/12\/logotipo-dmastro-brasil.png","contentUrl":"https:\/\/www.dmastro.com.br\/dmastroblog\/wp-content\/uploads\/2018\/12\/logotipo-dmastro-brasil.png","width":180,"height":180,"caption":"DMAstro Brasil"},"image":{"@id":"https:\/\/www.dmastro.com.br\/dmastroblog\/#\/schema\/logo\/image\/"},"sameAs":["https:\/\/www.facebook.com\/dmastrobr","https:\/\/x.com\/dmastrobrasil","https:\/\/www.instagram.com\/dmastrobrasil\/"]}]},"product_price_amount":"250.00","product_price_currency":"BRL","og_availability":"instock","product_availability":"instock","product_condition":"new"},"jetpack_publicize_connections":[],"jetpack_sharing_enabled":true,"jetpack_likes_enabled":true,"publishpress_future_workflow_manual_trigger":{"enabledWorkflows":[]},"_links":{"self":[{"href":"https:\/\/www.dmastro.com.br\/dmastroblog\/wp-json\/wp\/v2\/product\/1605","targetHints":{"allow":["GET"]}}],"collection":[{"href":"https:\/\/www.dmastro.com.br\/dmastroblog\/wp-json\/wp\/v2\/product"}],"about":[{"href":"https:\/\/www.dmastro.com.br\/dmastroblog\/wp-json\/wp\/v2\/types\/product"}],"replies":[{"embeddable":true,"href":"https:\/\/www.dmastro.com.br\/dmastroblog\/wp-json\/wp\/v2\/comments?post=1605"}],"wp:featuredmedia":[{"embeddable":true,"href":"https:\/\/www.dmastro.com.br\/dmastroblog\/wp-json\/wp\/v2\/media\/12945"}],"wp:attachment":[{"href":"https:\/\/www.dmastro.com.br\/dmastroblog\/wp-json\/wp\/v2\/media?parent=1605"}],"wp:term":[{"taxonomy":"product_brand","embeddable":true,"href":"https:\/\/www.dmastro.com.br\/dmastroblog\/wp-json\/wp\/v2\/product_brand?post=1605"},{"taxonomy":"product_cat","embeddable":true,"href":"https:\/\/www.dmastro.com.br\/dmastroblog\/wp-json\/wp\/v2\/product_cat?post=1605"},{"taxonomy":"product_tag","embeddable":true,"href":"https:\/\/www.dmastro.com.br\/dmastroblog\/wp-json\/wp\/v2\/product_tag?post=1605"}],"curies":[{"name":"wp","href":"https:\/\/api.w.org\/{rel}","templated":true}]}}