{"id":15376,"date":"2026-01-21T14:01:25","date_gmt":"2026-01-21T17:01:25","guid":{"rendered":"https:\/\/www.dmastro.com.br\/dmastroblog\/?post_type=product&#038;p=15376"},"modified":"2026-01-21T14:25:00","modified_gmt":"2026-01-21T17:25:00","slug":"curso-a-lingua-da-astrologia-com-paulo-henrique-deptuesqui","status":"publish","type":"product","link":"https:\/\/www.dmastro.com.br\/dmastroblog\/produto\/curso-a-lingua-da-astrologia-com-paulo-henrique-deptuesqui\/","title":{"rendered":"Curso A L\u00edngua da Astrologia com Paulo Henrique Deptuesqui"},"content":{"rendered":"<p style=\"text-align: center;\"><em><strong><span style=\"color: #ff0000; font-size: 18pt;\">Curso A L\u00edngua da Astrologia com Paulo Henrique Deptuesqui<\/span><\/strong><\/em><\/p>\n<p>Aprenda a ler totalmente um mapa astral, do zero a leitura completa.\u00a0 O melhor e mais completo curso introdut\u00f3rio sobre Astrologia com o mestre Paulo Henrique Deptuesqui. Venha fazer parte da Elite do Conhecimento dos Astr\u00f3logos do Brasil!<\/p>\n<p style=\"text-align: center;\"><em><strong><span style=\"color: #99ccff; font-size: 18pt;\">OBJETIVOS PESSOAIS DO CURSO<\/span><\/strong><\/em><\/p>\n<p>No Curso de Baralho Cigano Inici\u00e1tico, o aluno \u00e9 conduzido por uma jornada de inicia\u00e7\u00e3o oracular, onde o baralho deixa de ser apenas um conjunto de cartas e passa a ser um instrumento de vis\u00e3o, leitura da realidade e orienta\u00e7\u00e3o consciente.<\/p>\n<p>Este curso \u00e9 desenvolvido para quem deseja n\u00e3o apenas decorar significados da Astrologia, mas alfabetizar-se na gram\u00e1tica do c\u00e9u, tendo ferramentas para uma compreens\u00e3o verdadeira de um mapa astral. Voc\u00ea aprender\u00e1 a unir todas as palavras astrol\u00f3gicas e interpretar de forma consistente a narrativa \u00fanica de cada carta natal.<\/p>\n<p>Seu professor ser\u00e1 Paulo Henrique Deptuesqui que tem uma trajet\u00f3ria de tr\u00eas d\u00e9cadas dedicadas ao estudo dos Astros, atrav\u00e9s das ferramentas astrol\u00f3gicas se aprofunda em entender o comportamento humano e a personalidade. \u00c9 um astr\u00f3logo expoente da Astrologia Moderna que busca as ferramentas mais atuais para a interpreta\u00e7\u00e3o astrol\u00f3gica. Sua forma\u00e7\u00e3o multidisciplinar une a Astrologia, Mitologia, Simbolismo, Lingu\u00edstica e Psicologia Anal\u00edtica.<br \/>\nAtrav\u00e9s dos princ\u00edpios de Carl Jung, Paulo desenvolve a Astrologia Anal\u00edtica com conceitos de opostos complementares, mandala, totalidade da personalidade e o di\u00e1logo entre o consciente e o inconsciente. Usa seu conhecimento como uma ferramenta de previs\u00f5es e vai al\u00e9m com uma abordagem que busca a individua\u00e7\u00e3o e a compreens\u00e3o total da personalidade de cada indiv\u00edduo. Atualmente, dedica-se a pesquisas que integram a Astrologia \u00e0 Numerologia, sendo especialista em Carta Natal, Tr\u00e2nsitos e Revolu\u00e7\u00f5es Solares.<\/p>\n<p>O curso funciona no seguinte formato, com 1 aula por semana, ao vivo com os alunos usando o aplicativo Zoom. A aula fica gravada e pronta para o aluno poder ver quantas vezes quiser ou no caso dele faltar. Tamb\u00e9m existe um grupo de alunos no WhatsApp para apoio as aulas e suporte para d\u00favidas. Os alunos recebem um certificado a cada m\u00f3dulo completo do curso e depois um diploma na conclus\u00e3o de todos os m\u00f3dulos da DMAstro.<\/p>\n<p><strong><span style=\"color: #ff0000;\">As aulas s\u00e3o ao vivo, online e semanais com dura\u00e7\u00e3o de 60 minutos, as mensalidade s\u00e3o de R$ 250 e o curso tem 8 meses de dura\u00e7\u00e3o.<\/span><\/strong><\/p>\n<p>Para mais informa\u00e7\u00f5es e inscri\u00e7\u00f5es, ligue para: (11) 96624-8446 ou envie mensagem no WhatsApp. A forma\u00e7\u00e3o se inicia em 24\/03\/2026 \u00e0s 20:00 no aplicativo Zoom.<\/p>\n<p>&nbsp;<\/p>\n<p style=\"text-align: center;\"><em><strong><span style=\"color: #99ccff; font-size: 18pt;\">OBJETIVOS PESSOAIS DO CURSO<\/span><\/strong><\/em><\/p>\n<p>Capacitar o aluno para ler as cartas de forma intuitiva e profunda, muito al\u00e9m dos significados.<\/p>\n<p style=\"text-align: center;\"><em><strong><span style=\"color: #99ccff; font-size: 18pt;\">CONTE\u00daDO PROGRAM\u00c1TICO<\/span><\/strong><\/em><\/p>\n<p><em><strong>M\u00f3dulo 1: O Alfabeto e a Sintaxe (As Estruturas)<\/strong><\/em><br \/>\nAntes das palavras, entendemos a mat\u00e9ria-prima do universo.<br \/>\n* A Matriz dos 4 Elementos: Fogo, Terra, Ar e \u00c1gua (O temperamento).<br \/>\n* As 3 Qualidades (Ritmos): Cardinal, Fixo e Mut\u00e1vel (Como a energia se move).<br \/>\n* Combina\u00e7\u00f5es Elementares: Identificando excessos e faltas no mapa.<\/p>\n<p><em><strong>M\u00f3dulo 2: Os Personagens (Os Signos)<\/strong><\/em><br \/>\nOs 12 arqu\u00e9tipos do zod\u00edaco como modos de express\u00e3o.<br \/>\n* Simbolismo e Mitologia: A jornada de \u00c1ries a Peixes.<br \/>\n* Luz e Sombra: As pot\u00eancias e os desafios de cada signo.<br \/>\n* Eixos Opostos Complementares: Entendendo as polaridades.<\/p>\n<p><em><strong>M\u00f3dulo 3: O Cen\u00e1rio (As Casas Astrol\u00f3gicas)<\/strong><\/em><br \/>\nOnde a vida acontece. Os 12 setores da experi\u00eancia humana.<br \/>\n* Casas Angulares, Sucedentes e Cadentes.<br \/>\n* Os Setores da Vida: Identidade, finan\u00e7as, comunica\u00e7\u00e3o, fam\u00edlia, amor, trabalho e espiritualidade.<br \/>\n* A Rela\u00e7\u00e3o Signo-Casa: O que acontece quando um signo &#8220;visita&#8221; uma casa diferente.<\/p>\n<p><em><strong>M\u00f3dulo 4: A Trindade da Personalidade<\/strong><\/em><br \/>\nO alicerce da identidade no mapa natal.<br \/>\n* O Sol: O prop\u00f3sito, a consci\u00eancia e a vitalidade.<br \/>\n* A Lua: O mundo emocional, as ra\u00edzes e a nutri\u00e7\u00e3o, como reagimos.<br \/>\n* O Ascendente: O in\u00edcio do ser, corpo f\u00edsico e individualidade.<\/p>\n<p><em><strong>M\u00f3dulo 5: Os Atores (Planetas e Influ\u00eancias)<\/strong><\/em><br \/>\nAs fun\u00e7\u00f5es ps\u00edquicas em a\u00e7\u00e3o.<br \/>\n* Planetas Pessoais: Merc\u00fario (mente), V\u00eanus (afeto) e Marte (a\u00e7\u00e3o).<br \/>\n* Planetas Sociais: J\u00fapiter (expans\u00e3o) e Saturno (limites).<br \/>\n* Planetas Geracionais: Urano, Netuno e Plut\u00e3o (as for\u00e7as coletivas).<\/p>\n<p><em><strong>M\u00f3dulo 6: O Di\u00e1logo (Aspectos Astrol\u00f3gicos)<\/strong><\/em><br \/>\nAs rela\u00e7\u00f5es de for\u00e7a e a conversa entre os planetas.<br \/>\n* Aspectos Fluentes: Tr\u00edgonos e S\u00eaxteis (os talentos naturais).<br \/>\n* Aspectos Tensos: Quadraturas e Oposi\u00e7\u00f5es (os motores de crescimento).<br \/>\n* Conjun\u00e7\u00f5es: Onde as energias se fundem.<\/p>\n<p><em><strong>M\u00f3dulo 7: Design e Configura\u00e7\u00f5es (Estilos de Cartas)<\/strong><\/em><br \/>\nA anatomia visual do mapa.<br \/>\n* Stelliuns: Grandes concentra\u00e7\u00f5es de energia em um s\u00f3 ponto.<br \/>\n* Dignidades Essenciais: Planetas em domic\u00edlio, ex\u00edlio, exalta\u00e7\u00e3o e queda.<\/p>\n<p><em><strong>M\u00f3dulo 8: A Grande Narrativa (Leitura Geral)<\/strong><\/em><br \/>\nA s\u00edntese final e a pr\u00e1tica da interpreta\u00e7\u00e3o.<br \/>\n*Como come\u00e7ar uma leitura sem se perder.<br \/>\n* Hierarquia de Import\u00e2ncia: O que priorizar em um mapa astral.<br \/>\n* Postura do Astr\u00f3logo<\/p>\n<p style=\"text-align: center;\"><em><strong><span style=\"color: #ff0000; font-size: 18pt;\">Forma\u00e7\u00e3o de Baralho Cigano Inici\u00e1tico com Aparecida Sauer<\/span><\/strong><\/em><\/p>\n","protected":false},"excerpt":{"rendered":"<p style=\"text-align: center;\"><em><strong><span style=\"color: #ff0000; font-size: 18pt;\">Curso A L\u00edngua da Astrologia com Paulo Henrique Deptuesqui<\/span><\/strong><\/em><\/p>\n<p>Aprenda a ler totalmente um mapa astral, do zero a leitura completa.\u00a0 O melhor e mais completo curso introdut\u00f3rio sobre Astrologia com o mestre Paulo Henrique Deptuesqui. Venha fazer parte da Elite do Conhecimento dos Astr\u00f3logos do Brasil!<\/p>\n<p style=\"text-align: center;\"><em><strong><span style=\"color: #99ccff; font-size: 18pt;\">OBJETIVOS PESSOAIS DO CURSO<\/span><\/strong><\/em><\/p>\n<p>No Curso de Baralho Cigano Inici\u00e1tico, o aluno \u00e9 conduzido por uma jornada de inicia\u00e7\u00e3o oracular, onde o baralho deixa de ser apenas um conjunto de cartas e passa a ser um instrumento de vis\u00e3o, leitura da realidade e orienta\u00e7\u00e3o consciente.<\/p>\n<p>Este curso \u00e9 desenvolvido para quem deseja n\u00e3o apenas decorar significados da Astrologia, mas alfabetizar-se na gram\u00e1tica do c\u00e9u, tendo ferramentas para uma compreens\u00e3o verdadeira de um mapa astral. Voc\u00ea aprender\u00e1 a unir todas as palavras astrol\u00f3gicas e interpretar de forma consistente a narrativa \u00fanica de cada carta natal.<\/p>\n<p><img decoding=\"async\" class=\"emoji\" role=\"img\" draggable=\"false\" src=\"https:\/\/s.w.org\/images\/core\/emoji\/16.0.1\/svg\/1f4c5.svg\" alt=\"\ud83d\udcc5\" \/>\u00a0Formato do Curso<br \/>\n<img decoding=\"async\" class=\"emoji\" role=\"img\" draggable=\"false\" src=\"https:\/\/s.w.org\/images\/core\/emoji\/16.0.1\/svg\/2714.svg\" alt=\"\u2714\ufe0f\" \/> Dura\u00e7\u00e3o: 8 meses<br \/>\n<img decoding=\"async\" class=\"emoji\" role=\"img\" draggable=\"false\" src=\"https:\/\/s.w.org\/images\/core\/emoji\/16.0.1\/svg\/2714.svg\" alt=\"\u2714\ufe0f\" \/> Valor da mensalidade: 250 reais<br \/>\n<img decoding=\"async\" class=\"emoji\" role=\"img\" draggable=\"false\" src=\"https:\/\/s.w.org\/images\/core\/emoji\/16.0.1\/svg\/2714.svg\" alt=\"\u2714\ufe0f\" \/> In\u00edcio: 24 de mar\u00e7o de 2026 &#8211; Aulas semanais de quarta-feira \u00e0s 20:00<br \/>\n<img decoding=\"async\" class=\"emoji\" role=\"img\" draggable=\"false\" src=\"https:\/\/s.w.org\/images\/core\/emoji\/16.0.1\/svg\/2714.svg\" alt=\"\u2714\ufe0f\" \/>\u00a0Aulas ao vivo semanais via Zoom<br \/>\n<img decoding=\"async\" class=\"emoji\" role=\"img\" draggable=\"false\" src=\"https:\/\/s.w.org\/images\/core\/emoji\/16.0.1\/svg\/2714.svg\" alt=\"\u2714\ufe0f\" \/> Acesso \u00e0s grava\u00e7\u00f5es (voc\u00ea pode rever quantas vezes quiser por at\u00e9 2 anos depois do curso terminar)<br \/>\n<img decoding=\"async\" class=\"emoji\" role=\"img\" draggable=\"false\" src=\"https:\/\/s.w.org\/images\/core\/emoji\/16.0.1\/svg\/2714.svg\" alt=\"\u2714\ufe0f\" \/>\u00a0Grupo exclusivo no WhatsApp para suporte e trocas entre alunos<br \/>\n<img decoding=\"async\" class=\"emoji\" role=\"img\" draggable=\"false\" src=\"https:\/\/s.w.org\/images\/core\/emoji\/16.0.1\/svg\/2714.svg\" alt=\"\u2714\ufe0f\" \/>\u00a0Certificado de conclus\u00e3o incluso<\/p>\n","protected":false},"featured_media":15377,"comment_status":"open","ping_status":"closed","template":"","meta":{"_themeisle_gutenberg_block_has_review":false,"jetpack_post_was_ever_published":false,"jetpack_publicize_message":"","jetpack_publicize_feature_enabled":true,"jetpack_social_post_already_shared":true,"jetpack_social_options":{"image_generator_settings":{"template":"highway","default_image_id":0,"font":"","enabled":false},"version":2}},"product_brand":[],"product_cat":[71,364,66],"product_tag":[76,1779,2130,1780,1415],"class_list":{"0":"post-15376","1":"product","2":"type-product","3":"status-publish","4":"has-post-thumbnail","6":"product_cat-cursos-em-video-de-astrologia","7":"product_cat-curso-online","8":"product_cat-cursos-em-video","9":"product_tag-astrologia","10":"product_tag-formacao","11":"product_tag-paulo-henrique-deptuesqui","12":"product_tag-profissional","13":"product_tag-supervisao","14":"post","16":"first","17":"instock","18":"virtual","19":"taxable","20":"purchasable","21":"product-type-simple"},"composite_virtual":false,"composite_layout":"","composite_add_to_cart_form_location":"","composite_editable_in_cart":false,"composite_sold_individually_context":"","composite_shop_price_calc":"","composite_components":[],"composite_scenarios":[],"yoast_head":"<!-- This site is optimized with the Yoast SEO Premium plugin v22.9 (Yoast SEO v27.3) - https:\/\/yoast.com\/product\/yoast-seo-premium-wordpress\/ -->\n<title>Curso A L\u00edngua da Astrologia com Paulo Henrique Deptuesqui<\/title>\n<meta name=\"description\" content=\"Curso A L\u00edngua da Astrologia com Paulo Henrique Deptuesqui\" \/>\n<meta name=\"robots\" content=\"index, follow, max-snippet:-1, max-image-preview:large, max-video-preview:-1\" \/>\n<link rel=\"canonical\" href=\"https:\/\/www.dmastro.com.br\/dmastroblog\/produto\/curso-a-lingua-da-astrologia-com-paulo-henrique-deptuesqui\/\" \/>\n<meta property=\"og:locale\" content=\"pt_BR\" \/>\n<meta property=\"og:type\" content=\"article\" \/>\n<meta property=\"og:title\" content=\"Curso A L\u00edngua da Astrologia com Paulo Henrique Deptuesqui\" \/>\n<meta property=\"og:description\" content=\"Curso A L\u00edngua da Astrologia com Paulo Henrique Deptuesqui\" \/>\n<meta property=\"og:url\" content=\"https:\/\/www.dmastro.com.br\/dmastroblog\/produto\/curso-a-lingua-da-astrologia-com-paulo-henrique-deptuesqui\/\" \/>\n<meta property=\"og:site_name\" content=\"Escola de Astrologia DMAstro\" \/>\n<meta property=\"article:publisher\" content=\"https:\/\/www.facebook.com\/dmastrobr\" \/>\n<meta property=\"article:modified_time\" content=\"2026-01-21T17:25:00+00:00\" \/>\n<meta property=\"og:image\" content=\"https:\/\/www.dmastro.com.br\/dmastroblog\/wp-content\/uploads\/2026\/01\/Curso-astrologia-dmastro-a-lingua-da-astrologia-Paulo-Henrique-Deptuesqui.jpg\" \/>\n\t<meta property=\"og:image:width\" content=\"1402\" \/>\n\t<meta property=\"og:image:height\" content=\"2000\" \/>\n\t<meta property=\"og:image:type\" content=\"image\/jpeg\" \/>\n<meta name=\"twitter:card\" content=\"summary_large_image\" \/>\n<meta name=\"twitter:site\" content=\"@dmastrobrasil\" \/>\n<meta name=\"twitter:label1\" content=\"Pre\u00e7o\" \/>\n\t<meta name=\"twitter:data1\" content=\"&#082;&#036;250,00\" \/>\n\t<meta name=\"twitter:label2\" content=\"Disponibilidade\" \/>\n\t<meta name=\"twitter:data2\" content=\"Em Estoque\" \/>\n<script type=\"application\/ld+json\" class=\"yoast-schema-graph\">{\"@context\":\"https:\\\/\\\/schema.org\",\"@graph\":[{\"@type\":\"WebPage\",\"@id\":\"https:\\\/\\\/www.dmastro.com.br\\\/dmastroblog\\\/produto\\\/curso-a-lingua-da-astrologia-com-paulo-henrique-deptuesqui\\\/\",\"url\":\"https:\\\/\\\/www.dmastro.com.br\\\/dmastroblog\\\/produto\\\/curso-a-lingua-da-astrologia-com-paulo-henrique-deptuesqui\\\/\",\"name\":\"Curso A L\u00edngua da Astrologia com Paulo Henrique Deptuesqui\",\"isPartOf\":{\"@id\":\"https:\\\/\\\/www.dmastro.com.br\\\/dmastroblog\\\/#website\"},\"primaryImageOfPage\":{\"@id\":\"https:\\\/\\\/www.dmastro.com.br\\\/dmastroblog\\\/produto\\\/curso-a-lingua-da-astrologia-com-paulo-henrique-deptuesqui\\\/#primaryimage\"},\"image\":{\"@id\":\"https:\\\/\\\/www.dmastro.com.br\\\/dmastroblog\\\/produto\\\/curso-a-lingua-da-astrologia-com-paulo-henrique-deptuesqui\\\/#primaryimage\"},\"thumbnailUrl\":\"https:\\\/\\\/i0.wp.com\\\/www.dmastro.com.br\\\/dmastroblog\\\/wp-content\\\/uploads\\\/2026\\\/01\\\/Curso-astrologia-dmastro-a-lingua-da-astrologia-Paulo-Henrique-Deptuesqui.jpg?fit=1402%2C2000&ssl=1\",\"datePublished\":\"2026-01-21T17:01:25+00:00\",\"dateModified\":\"2026-01-21T17:25:00+00:00\",\"description\":\"Curso A L\u00edngua da Astrologia com Paulo Henrique Deptuesqui\",\"breadcrumb\":{\"@id\":\"https:\\\/\\\/www.dmastro.com.br\\\/dmastroblog\\\/produto\\\/curso-a-lingua-da-astrologia-com-paulo-henrique-deptuesqui\\\/#breadcrumb\"},\"inLanguage\":\"pt-BR\",\"potentialAction\":[{\"@type\":\"ReadAction\",\"target\":[\"https:\\\/\\\/www.dmastro.com.br\\\/dmastroblog\\\/produto\\\/curso-a-lingua-da-astrologia-com-paulo-henrique-deptuesqui\\\/\"]}]},{\"@type\":\"ImageObject\",\"inLanguage\":\"pt-BR\",\"@id\":\"https:\\\/\\\/www.dmastro.com.br\\\/dmastroblog\\\/produto\\\/curso-a-lingua-da-astrologia-com-paulo-henrique-deptuesqui\\\/#primaryimage\",\"url\":\"https:\\\/\\\/i0.wp.com\\\/www.dmastro.com.br\\\/dmastroblog\\\/wp-content\\\/uploads\\\/2026\\\/01\\\/Curso-astrologia-dmastro-a-lingua-da-astrologia-Paulo-Henrique-Deptuesqui.jpg?fit=1402%2C2000&ssl=1\",\"contentUrl\":\"https:\\\/\\\/i0.wp.com\\\/www.dmastro.com.br\\\/dmastroblog\\\/wp-content\\\/uploads\\\/2026\\\/01\\\/Curso-astrologia-dmastro-a-lingua-da-astrologia-Paulo-Henrique-Deptuesqui.jpg?fit=1402%2C2000&ssl=1\",\"width\":1402,\"height\":2000},{\"@type\":\"BreadcrumbList\",\"@id\":\"https:\\\/\\\/www.dmastro.com.br\\\/dmastroblog\\\/produto\\\/curso-a-lingua-da-astrologia-com-paulo-henrique-deptuesqui\\\/#breadcrumb\",\"itemListElement\":[{\"@type\":\"ListItem\",\"position\":1,\"name\":\"In\u00edcio\",\"item\":\"https:\\\/\\\/www.dmastro.com.br\\\/dmastroblog\\\/\"},{\"@type\":\"ListItem\",\"position\":2,\"name\":\"Loja\",\"item\":\"https:\\\/\\\/www.dmastro.com.br\\\/dmastroblog\\\/loja\\\/\"},{\"@type\":\"ListItem\",\"position\":3,\"name\":\"Curso A L\u00edngua da Astrologia com Paulo Henrique Deptuesqui\"}]},{\"@type\":\"WebSite\",\"@id\":\"https:\\\/\\\/www.dmastro.com.br\\\/dmastroblog\\\/#website\",\"url\":\"https:\\\/\\\/www.dmastro.com.br\\\/dmastroblog\\\/\",\"name\":\"DMAstro Brasil\",\"description\":\"Curso Completo de Forma\u00e7\u00e3o\",\"publisher\":{\"@id\":\"https:\\\/\\\/www.dmastro.com.br\\\/dmastroblog\\\/#organization\"},\"potentialAction\":[{\"@type\":\"SearchAction\",\"target\":{\"@type\":\"EntryPoint\",\"urlTemplate\":\"https:\\\/\\\/www.dmastro.com.br\\\/dmastroblog\\\/?s={search_term_string}\"},\"query-input\":{\"@type\":\"PropertyValueSpecification\",\"valueRequired\":true,\"valueName\":\"search_term_string\"}}],\"inLanguage\":\"pt-BR\"},{\"@type\":\"Organization\",\"@id\":\"https:\\\/\\\/www.dmastro.com.br\\\/dmastroblog\\\/#organization\",\"name\":\"DMAstro Brasil\",\"url\":\"https:\\\/\\\/www.dmastro.com.br\\\/dmastroblog\\\/\",\"logo\":{\"@type\":\"ImageObject\",\"inLanguage\":\"pt-BR\",\"@id\":\"https:\\\/\\\/www.dmastro.com.br\\\/dmastroblog\\\/#\\\/schema\\\/logo\\\/image\\\/\",\"url\":\"https:\\\/\\\/www.dmastro.com.br\\\/dmastroblog\\\/wp-content\\\/uploads\\\/2018\\\/12\\\/logotipo-dmastro-brasil.png\",\"contentUrl\":\"https:\\\/\\\/www.dmastro.com.br\\\/dmastroblog\\\/wp-content\\\/uploads\\\/2018\\\/12\\\/logotipo-dmastro-brasil.png\",\"width\":180,\"height\":180,\"caption\":\"DMAstro Brasil\"},\"image\":{\"@id\":\"https:\\\/\\\/www.dmastro.com.br\\\/dmastroblog\\\/#\\\/schema\\\/logo\\\/image\\\/\"},\"sameAs\":[\"https:\\\/\\\/www.facebook.com\\\/dmastrobr\",\"https:\\\/\\\/x.com\\\/dmastrobrasil\",\"https:\\\/\\\/www.instagram.com\\\/dmastrobrasil\\\/\"]}]}<\/script>\n<meta property=\"product:price:amount\" content=\"250.00\" \/>\n<meta property=\"product:price:currency\" content=\"BRL\" \/>\n<meta property=\"og:availability\" content=\"instock\" \/>\n<meta property=\"product:availability\" content=\"instock\" \/>\n<meta property=\"product:condition\" content=\"new\" \/>\n<!-- \/ Yoast SEO Premium plugin. -->","yoast_head_json":{"title":"Curso A L\u00edngua da Astrologia com Paulo Henrique Deptuesqui","description":"Curso A L\u00edngua da Astrologia com Paulo Henrique Deptuesqui","robots":{"index":"index","follow":"follow","max-snippet":"max-snippet:-1","max-image-preview":"max-image-preview:large","max-video-preview":"max-video-preview:-1"},"canonical":"https:\/\/www.dmastro.com.br\/dmastroblog\/produto\/curso-a-lingua-da-astrologia-com-paulo-henrique-deptuesqui\/","og_locale":"pt_BR","og_type":"article","og_title":"Curso A L\u00edngua da Astrologia com Paulo Henrique Deptuesqui","og_description":"Curso A L\u00edngua da Astrologia com Paulo Henrique Deptuesqui","og_url":"https:\/\/www.dmastro.com.br\/dmastroblog\/produto\/curso-a-lingua-da-astrologia-com-paulo-henrique-deptuesqui\/","og_site_name":"Escola de Astrologia DMAstro","article_publisher":"https:\/\/www.facebook.com\/dmastrobr","article_modified_time":"2026-01-21T17:25:00+00:00","og_image":[{"width":1402,"height":2000,"url":"https:\/\/www.dmastro.com.br\/dmastroblog\/wp-content\/uploads\/2026\/01\/Curso-astrologia-dmastro-a-lingua-da-astrologia-Paulo-Henrique-Deptuesqui.jpg","type":"image\/jpeg"}],"twitter_card":"summary_large_image","twitter_site":"@dmastrobrasil","twitter_misc":{"Pre\u00e7o":"&#82;&#36;250,00","Disponibilidade":"Em Estoque"},"schema":{"@context":"https:\/\/schema.org","@graph":[{"@type":"WebPage","@id":"https:\/\/www.dmastro.com.br\/dmastroblog\/produto\/curso-a-lingua-da-astrologia-com-paulo-henrique-deptuesqui\/","url":"https:\/\/www.dmastro.com.br\/dmastroblog\/produto\/curso-a-lingua-da-astrologia-com-paulo-henrique-deptuesqui\/","name":"Curso A L\u00edngua da Astrologia com Paulo Henrique Deptuesqui","isPartOf":{"@id":"https:\/\/www.dmastro.com.br\/dmastroblog\/#website"},"primaryImageOfPage":{"@id":"https:\/\/www.dmastro.com.br\/dmastroblog\/produto\/curso-a-lingua-da-astrologia-com-paulo-henrique-deptuesqui\/#primaryimage"},"image":{"@id":"https:\/\/www.dmastro.com.br\/dmastroblog\/produto\/curso-a-lingua-da-astrologia-com-paulo-henrique-deptuesqui\/#primaryimage"},"thumbnailUrl":"https:\/\/i0.wp.com\/www.dmastro.com.br\/dmastroblog\/wp-content\/uploads\/2026\/01\/Curso-astrologia-dmastro-a-lingua-da-astrologia-Paulo-Henrique-Deptuesqui.jpg?fit=1402%2C2000&ssl=1","datePublished":"2026-01-21T17:01:25+00:00","dateModified":"2026-01-21T17:25:00+00:00","description":"Curso A L\u00edngua da Astrologia com Paulo Henrique Deptuesqui","breadcrumb":{"@id":"https:\/\/www.dmastro.com.br\/dmastroblog\/produto\/curso-a-lingua-da-astrologia-com-paulo-henrique-deptuesqui\/#breadcrumb"},"inLanguage":"pt-BR","potentialAction":[{"@type":"ReadAction","target":["https:\/\/www.dmastro.com.br\/dmastroblog\/produto\/curso-a-lingua-da-astrologia-com-paulo-henrique-deptuesqui\/"]}]},{"@type":"ImageObject","inLanguage":"pt-BR","@id":"https:\/\/www.dmastro.com.br\/dmastroblog\/produto\/curso-a-lingua-da-astrologia-com-paulo-henrique-deptuesqui\/#primaryimage","url":"https:\/\/i0.wp.com\/www.dmastro.com.br\/dmastroblog\/wp-content\/uploads\/2026\/01\/Curso-astrologia-dmastro-a-lingua-da-astrologia-Paulo-Henrique-Deptuesqui.jpg?fit=1402%2C2000&ssl=1","contentUrl":"https:\/\/i0.wp.com\/www.dmastro.com.br\/dmastroblog\/wp-content\/uploads\/2026\/01\/Curso-astrologia-dmastro-a-lingua-da-astrologia-Paulo-Henrique-Deptuesqui.jpg?fit=1402%2C2000&ssl=1","width":1402,"height":2000},{"@type":"BreadcrumbList","@id":"https:\/\/www.dmastro.com.br\/dmastroblog\/produto\/curso-a-lingua-da-astrologia-com-paulo-henrique-deptuesqui\/#breadcrumb","itemListElement":[{"@type":"ListItem","position":1,"name":"In\u00edcio","item":"https:\/\/www.dmastro.com.br\/dmastroblog\/"},{"@type":"ListItem","position":2,"name":"Loja","item":"https:\/\/www.dmastro.com.br\/dmastroblog\/loja\/"},{"@type":"ListItem","position":3,"name":"Curso A L\u00edngua da Astrologia com Paulo Henrique Deptuesqui"}]},{"@type":"WebSite","@id":"https:\/\/www.dmastro.com.br\/dmastroblog\/#website","url":"https:\/\/www.dmastro.com.br\/dmastroblog\/","name":"DMAstro Brasil","description":"Curso Completo de Forma\u00e7\u00e3o","publisher":{"@id":"https:\/\/www.dmastro.com.br\/dmastroblog\/#organization"},"potentialAction":[{"@type":"SearchAction","target":{"@type":"EntryPoint","urlTemplate":"https:\/\/www.dmastro.com.br\/dmastroblog\/?s={search_term_string}"},"query-input":{"@type":"PropertyValueSpecification","valueRequired":true,"valueName":"search_term_string"}}],"inLanguage":"pt-BR"},{"@type":"Organization","@id":"https:\/\/www.dmastro.com.br\/dmastroblog\/#organization","name":"DMAstro Brasil","url":"https:\/\/www.dmastro.com.br\/dmastroblog\/","logo":{"@type":"ImageObject","inLanguage":"pt-BR","@id":"https:\/\/www.dmastro.com.br\/dmastroblog\/#\/schema\/logo\/image\/","url":"https:\/\/www.dmastro.com.br\/dmastroblog\/wp-content\/uploads\/2018\/12\/logotipo-dmastro-brasil.png","contentUrl":"https:\/\/www.dmastro.com.br\/dmastroblog\/wp-content\/uploads\/2018\/12\/logotipo-dmastro-brasil.png","width":180,"height":180,"caption":"DMAstro Brasil"},"image":{"@id":"https:\/\/www.dmastro.com.br\/dmastroblog\/#\/schema\/logo\/image\/"},"sameAs":["https:\/\/www.facebook.com\/dmastrobr","https:\/\/x.com\/dmastrobrasil","https:\/\/www.instagram.com\/dmastrobrasil\/"]}]},"product_price_amount":"250.00","product_price_currency":"BRL","og_availability":"instock","product_availability":"instock","product_condition":"new"},"jetpack_publicize_connections":[],"jetpack_sharing_enabled":true,"jetpack_likes_enabled":false,"publishpress_future_workflow_manual_trigger":{"enabledWorkflows":[]},"_links":{"self":[{"href":"https:\/\/www.dmastro.com.br\/dmastroblog\/wp-json\/wp\/v2\/product\/15376","targetHints":{"allow":["GET"]}}],"collection":[{"href":"https:\/\/www.dmastro.com.br\/dmastroblog\/wp-json\/wp\/v2\/product"}],"about":[{"href":"https:\/\/www.dmastro.com.br\/dmastroblog\/wp-json\/wp\/v2\/types\/product"}],"replies":[{"embeddable":true,"href":"https:\/\/www.dmastro.com.br\/dmastroblog\/wp-json\/wp\/v2\/comments?post=15376"}],"wp:featuredmedia":[{"embeddable":true,"href":"https:\/\/www.dmastro.com.br\/dmastroblog\/wp-json\/wp\/v2\/media\/15377"}],"wp:attachment":[{"href":"https:\/\/www.dmastro.com.br\/dmastroblog\/wp-json\/wp\/v2\/media?parent=15376"}],"wp:term":[{"taxonomy":"product_brand","embeddable":true,"href":"https:\/\/www.dmastro.com.br\/dmastroblog\/wp-json\/wp\/v2\/product_brand?post=15376"},{"taxonomy":"product_cat","embeddable":true,"href":"https:\/\/www.dmastro.com.br\/dmastroblog\/wp-json\/wp\/v2\/product_cat?post=15376"},{"taxonomy":"product_tag","embeddable":true,"href":"https:\/\/www.dmastro.com.br\/dmastroblog\/wp-json\/wp\/v2\/product_tag?post=15376"}],"curies":[{"name":"wp","href":"https:\/\/api.w.org\/{rel}","templated":true}]}}