{"id":15163,"date":"2025-12-28T19:30:06","date_gmt":"2025-12-28T22:30:06","guid":{"rendered":"https:\/\/www.dmastro.com.br\/dmastroblog\/?post_type=product&#038;p=15163"},"modified":"2025-12-29T21:48:13","modified_gmt":"2025-12-30T00:48:13","slug":"formacao-de-astrologia-taoista-chinesa-na-dmastro-com-erica-poonam","status":"publish","type":"product","link":"https:\/\/www.dmastro.com.br\/dmastroblog\/produto\/formacao-de-astrologia-taoista-chinesa-na-dmastro-com-erica-poonam\/","title":{"rendered":"Forma\u00e7\u00e3o de Astrologia Taoista Chinesa na DMAstro com Erica Poonam"},"content":{"rendered":"<p style=\"text-align: center;\"><em><strong><span style=\"color: #ff0000; font-size: 18pt;\">Forma\u00e7\u00e3o de Astrologia Taoista Chinesa na DMAstro com Erica Poonam<\/span><\/strong><\/em><\/p>\n<p>O melhor e mais completa forma\u00e7\u00e3o sobre Astrologia Chinesa com a mestra Erica Poonam. Venha fazer parte da Elite do Conhecimento essencial para Astr\u00f3logos no Brasil!<\/p>\n<p>Sua professora ser\u00e1 \u00c9rica Poonam nasceu no Brasil, na cidade do Rio de Janeiro. Desde cedo Teve contato com a espiritualidade quando, aos sete anos, foi \u201cmilagrosamente\u201d curada de uma doen\u00e7a grave no sangue. A partir de ent\u00e3 o trilha um caminho m\u00edstico, espiritual e de busca pelo entendimento da mente humana. Mergulhou nos mais variados temas, especializando-se em Psicologia e Astrologia Ocidental (1994 a 1997). A partir da\u00ed, sob forte influ\u00eancia de grandes nomes da psicologia mundial &#8211; Jung; Eva Pierrakos, Luise Ray etc.. atuosas profissionalmente com atividades relacionadas \u00e0 Astro-Psicologia e nunca mais parou de estudar e pesquisando sobre o tema.<\/p>\n<p>Em 1997 recebeu da Osho Internacional o nome m\u00edstico \u201cDeva Poonam\u201d. Neste per\u00edodo, fez uma pausa nas atividades de Astro-Psicologia e ingressou na Casa das Artes das Laranjeiras (Cal) para estudar Teatro. L\u00e1, foi \u201cbatizada\u201d com o nome: Erica Poonam.<\/p>\n<p>No fim do curso, em 2000 (coincidentemente) Erica Poonam foi visitar um Sociedade Tao\u00edsta do Rio de Janeiro. L\u00e1 conheci aquele que iria mudar o \u201crumo da sua hist\u00f3ria:&#8221; o Mestre Wu Chy Cherng. A Astrologia voltou a fazer parte de suas atividades profissionais, s\u00f3 que agora pela Escola \u201cZi Wei Dou Sh\u00fa\u201d. Sua nova forma\u00e7\u00e3o ou foi ministrada pelo pr\u00f3 prio Mestre Cherng que, naquele momento, lhe disse para deixar o teatro e seguir sua miss\u00e3o, seu verdadeiro caminho profissional, na Astrologia Polar (como \u00e9 chamado na China).<\/p>\n<p>Seguindo a orienta\u00e7\u00e3o de seu Mestre, em 2002, Poonan especializou-se como Astro loga Tao\u00edsta. Por\u00e9 m s\u00f3 ap\u00f3 s a morte de Chern, em 2004, come\u00e7ou a difundir \u00e9 raro conhecimento mundo a fora. Erica Poonam foge por v\u00e1rios estados brasileiros se difundindo na Astrologia Tao\u00edsta, at\u00e9 que \u201csentiu\u201d a necessidade de integra-la \u00e0 Psicologia e \u201calgo\u201d relacionado \u00e0 sa\u00fade f\u00edsica.<\/p>\n<p>Foi quando, em 2005, ingressou no Somatic Experieng Trauma Institute, orientando seus estudos para o tratamento de doen\u00e7as oriundas de experi\u00eancias traum\u00e1ticas. Este foi um momento crucial de sua carreira: finalmente conseguir que Espiritualidade, Ci\u00eancia e Arte podem se integrar e andar de \u201cm\u00e3e os dados\u201d.<br \/>\nA partir da\u00ed, um novo cap\u00edtulo se iniciou: a neurofisiologia do trauma tornou-se seu principal foco de pesquisa. A integra\u00e7\u00e3o desses diferentes conhecimentos propiciara uma grande guinada profissional e pessoal para Erica, que obteve a cura para muitos de seus pr\u00f3s prios traumas. O ano de 2007, marcou oficialmente o in\u00edcio de sua carreira internacional, participando especialmente na Inglaterra e em Portugal, onde lan\u00e7ou o livro intitulado: \u201cZi Wei Astrologia das Estrelas\u201d. Em 2009, quando \u00c9 rica Poonam j\u00e1 dividia sua vida entre Brasil e Portugal, foi agraciada com outro \u201cgrande encontro\u201d. Dessa vez com aquele que at\u00e9 hoje continua a seguir: Mestre Mooji.<\/p>\n<p>Seu primeiro encontro com foi inesquec\u00edvel, pois \u201cMooji silenciou sua mente\u201d. Erica sentiu-se agraciada por uma inexplic\u00e1 vel sensa\u00e7\u00e3 o de paz &#8211; uma paz at\u00e9 ent\u00e3o por ela desconhecida. Mooji \u00e9 mestre Advaita Vedanta. Conhecida como ci\u00ea ncia da \u201cn\u00e3 o dualidade,\u201d Advaita Vedana nasceu na \u00cdndia h\u00e1 muitos s\u00e9 culos. Advaita significa \u201c n\u00e3 o dualidade\u201d e Vedanta, \u201ca parte final\u201d ou \u201cconclus\u00e3o\u201d dos Vedas.<\/p>\n<p>Logo ap\u00f3 s este encontro, Erica foi convidada para assumir a coordena\u00e7\u00e3 o da Forma\u00e7\u00e3 o da Somatic Experiencing Trauma Institute em Portugal. Em 2010, muda-se para as terras lusitanas e d\u00e1 in\u00edcio \u00e0 primeira turma de formandos da Somatic Experiencing, em Lisboa.<\/p>\n<p>A crise Financeira Europeia trouxe s\u00e9 rios problemas ao projeto e culminou na sua decis\u00e3 o de deixar a coordena\u00e7\u00e3 o da SE Lisboa. Mas, as reflex\u00f5 es geradas a partir desta decis\u00e3 o de seguir um novo caminho, todo aprendizado, experi\u00eancia e anos de pesquisa representaram tamb\u00e9 m a \u201cgesta\u00e7\u00e3o\u201d de uma nova abordagem terap\u00eautica, a Cura Arquet\u00edpica.<\/p>\n<p>Erica concluiu sua miss\u00e3 o na SE ao formar sua primeira turma em 2013 e passou a se dedicar integralmente ao desenvolvimento dessa nova abordagem. Al\u00e9m da pr\u00e1tica terap\u00eautica individual com a abordagem \u201cCura Arquet\u00edpica\u201d, Erica promoveu treinamentos, Workshops e outros eventos realizados em Portugal e no Brasil (Fortaleza, Rio de Janeiro, Rio Grande do Sul).<\/p>\n<p>Em 2015, junto com um grupo de terapeutas, fundou a Europian Association For Emotional Health (E.A.E.H) na cidade do Porto. A associa\u00e7\u00e3 o teve, como foco inicial, a \u201ccura\u201d ou \u201clibera\u00e7\u00e3o\u201d de arqu\u00e9 tipos que causavam traumas e sofrimentos de suas pr\u00f3 prias associadas. Essas atividades foram se expandido para os alunos da forma\u00e7\u00e3 o Cura Arquet\u00edpica e, posteriormente, em atividades de cl\u00ednica.<\/p>\n<p>O curso funciona no seguinte formato, com 1 aula por semana, ao vivo com os alunos usando o aplicativo Zoom. A aula fica gravada e pronta para o aluno poder ver quantas vezes quiser ou no caso dele faltar. Tamb\u00e9m existe um grupo de alunos no WhatsApp para apoio as aulas e suporte para d\u00favidas. Os alunos recebem um certificado a cada m\u00f3dulo completo do curso e depois um diploma na conclus\u00e3o de todos os m\u00f3dulos da DMAstro.<\/p>\n<p><strong><span style=\"color: #ff0000;\">As aulas s\u00e3o ao vivo, online e semanais com dura\u00e7\u00e3o de 70 minutos, as mensalidade s\u00e3o de R$ 299 e o curso tem 2 anos de dura\u00e7\u00e3o.<\/span><\/strong><\/p>\n<p>Para mais informa\u00e7\u00f5es e inscri\u00e7\u00f5es, ligue para: (11) 96624-8446 ou envie mensagem no WhatsApp. A forma\u00e7\u00e3o se inicia em 24\/03\/2026 \u00e0s 20:00 no aplicativo Zoom.<\/p>\n<p>&nbsp;<\/p>\n<p style=\"text-align: center;\"><em><strong><span style=\"color: #99ccff; font-size: 18pt;\">OBJETIVOS PESSOAIS DO CURSO<\/span><\/strong><\/em><\/p>\n<p>1. Conhecer nossas origens, passado, ancestralidade e tend\u00eancias a repetirmos situa\u00e7\u00f5es herdadas. Por que nasci nesta fam\u00edlia?<br \/>\n2. Nossa personalidade, potencialidades, talentos e os meios de alcan\u00e7armos nossos objectivos. Quais s\u00e3o minhas reais capacidades e como coloc\u00e1-las em pr\u00e1tica?<br \/>\n3. Nossa miss\u00e3o e caminho de vida. O que eu vim fazer no mundo?<br \/>\n4. Como realizar nossas metas profissionais. Estou na profiss\u00e3o certa? Quais as minhas potencialidades e tend\u00eancias profissionais?<br \/>\n5. Como obter satisfa\u00e7\u00e3o emocional. Qual \u00e9 o meu padr\u00e3o afectivo?<\/p>\n<p style=\"text-align: center;\"><em><strong><span style=\"color: #99ccff; font-size: 18pt;\">CURSO DE FUNDAMENTOS ZI WEI DOU SH\u00da<\/span><\/strong><\/em><\/p>\n<p><em><strong>CONTE\u00daDO PROGRAM\u00c1TICO \u2013 I ANO<\/strong><\/em><\/p>\n<p>Introdu\u00e7\u00e3o aos Princ\u00edpios do Taoismo<br \/>\nFundamentos e Hist\u00f3ria do Zi Wei Dou Sh\u00fa<br \/>\nOs 12 Ramos Terrestres<br \/>\nOs 10 Troncos do C\u00e9u<br \/>\nTermos Espec\u00edficos<br \/>\nEstudos dos 13 pal\u00e1cios<br \/>\nEstudo das Rela\u00e7\u00f5es entre Pal\u00e1cios<br \/>\nOs 14 Luminares Principais<br \/>\nOs 18 Luminares Secund\u00e1rios<br \/>\nAulas Pr\u00e1ticas<\/p>\n<p><em>(35 AULAS &#8211; 9 MESES)<\/em><\/p>\n<p><em><strong>CONTE\u00daDO PROGRAM\u00c1TICO \u2013 II ANO<\/strong><\/em><\/p>\n<p>As 64 Combina\u00e7\u00f5es entre Estrelas<br \/>\nEstudo das Estrelas em cada Pal\u00e1cio<br \/>\nCasas Derivadas<br \/>\nGrande Limite<br \/>\nSignificado das Estrelas com os Transformadores<br \/>\nAn\u00e1lise do Mapa por Estrelas Pares e por Elementos<br \/>\nAulas Pr\u00e1ticas<\/p>\n<div><em><strong>CONTE\u00daDO PROGRAM\u00c1TICO \u2013 III ANO<\/strong><\/em><\/div>\n<div><\/div>\n<div>As Estrelas Terci\u00e1rias<\/div>\n<div><\/div>\n<div>T\u00e9cnicas de Interpreta\u00e7\u00e3o:<br \/>\nTr\u00e2nsito Di\u00e1rio<\/div>\n<div>Tr\u00e2nsito Anual<\/div>\n<div>Tr\u00e2nsito Mensal<\/div>\n<div>Sinastria<br \/>\nAulas Pr\u00e1ticas<\/div>\n<p style=\"text-align: center;\"><em><strong><span style=\"color: #ff0000; font-size: 18pt;\">Forma\u00e7\u00e3o de Astrologia Taoista Chinesa na DMAstro com Erica Poonam<\/span><\/strong><\/em><\/p>\n","protected":false},"excerpt":{"rendered":"<p style=\"text-align: center;\"><em><strong><span style=\"color: #ff0000; font-size: 18pt;\">Forma\u00e7\u00e3o de Astrologia Taoista Chinesa na DMAstro com Erica Poonam<\/span><\/strong><\/em><\/p>\n<p>O melhor e mais completa forma\u00e7\u00e3o sobre Astrologia Chinesa com a mestra Erica Poonam. Venha fazer parte da Elite do Conhecimento essencial para Astr\u00f3logos no Brasil!<\/p>\n<p>Sua professora ser\u00e1 \u00c9rica Poonam nasceu no Brasil, na cidade do Rio de Janeiro. Desde cedo Teve contato com a espiritualidade quando, aos sete anos, foi \u201cmilagrosamente\u201d curada de uma doen\u00e7a grave no sangue. A partir de ent\u00e3 o trilha um caminho m\u00edstico, espiritual e de busca pelo entendimento da mente humana.<\/p>\n<p><img decoding=\"async\" class=\"emoji\" role=\"img\" draggable=\"false\" src=\"https:\/\/s.w.org\/images\/core\/emoji\/16.0.1\/svg\/1f4c5.svg\" alt=\"\ud83d\udcc5\" \/>\u00a0Formato do Curso<br \/>\n<img decoding=\"async\" class=\"emoji\" role=\"img\" draggable=\"false\" src=\"https:\/\/s.w.org\/images\/core\/emoji\/16.0.1\/svg\/2714.svg\" alt=\"\u2714\ufe0f\" \/> Dura\u00e7\u00e3o: 3 anos<br \/>\n<img decoding=\"async\" class=\"emoji\" role=\"img\" draggable=\"false\" src=\"https:\/\/s.w.org\/images\/core\/emoji\/16.0.1\/svg\/2714.svg\" alt=\"\u2714\ufe0f\" \/> Valor da mensalidade: 299 reais<br \/>\n<img decoding=\"async\" class=\"emoji\" role=\"img\" draggable=\"false\" src=\"https:\/\/s.w.org\/images\/core\/emoji\/16.0.1\/svg\/2714.svg\" alt=\"\u2714\ufe0f\" \/> In\u00edcio: 24 de mar\u00e7o de 2026 &#8211; Aulas semanais de ter\u00e7a-feira \u00e0s 20:00<br \/>\n<img decoding=\"async\" class=\"emoji\" role=\"img\" draggable=\"false\" src=\"https:\/\/s.w.org\/images\/core\/emoji\/16.0.1\/svg\/2714.svg\" alt=\"\u2714\ufe0f\" \/>\u00a0Aulas ao vivo semanais via Zoom<br \/>\n<img decoding=\"async\" class=\"emoji\" role=\"img\" draggable=\"false\" src=\"https:\/\/s.w.org\/images\/core\/emoji\/16.0.1\/svg\/2714.svg\" alt=\"\u2714\ufe0f\" \/> Acesso \u00e0s grava\u00e7\u00f5es (voc\u00ea pode rever quantas vezes quiser por at\u00e9 2 anos depois do curso terminar)<br \/>\n<img decoding=\"async\" class=\"emoji\" role=\"img\" draggable=\"false\" src=\"https:\/\/s.w.org\/images\/core\/emoji\/16.0.1\/svg\/2714.svg\" alt=\"\u2714\ufe0f\" \/>\u00a0Grupo exclusivo no WhatsApp para suporte e trocas entre alunos<br \/>\n<img decoding=\"async\" class=\"emoji\" role=\"img\" draggable=\"false\" src=\"https:\/\/s.w.org\/images\/core\/emoji\/16.0.1\/svg\/2714.svg\" alt=\"\u2714\ufe0f\" \/>\u00a0Certificado de conclus\u00e3o incluso<\/p>\n","protected":false},"featured_media":15180,"comment_status":"open","ping_status":"closed","template":"","meta":{"_themeisle_gutenberg_block_has_review":false,"jetpack_post_was_ever_published":false,"jetpack_publicize_message":"","jetpack_publicize_feature_enabled":true,"jetpack_social_post_already_shared":true,"jetpack_social_options":{"image_generator_settings":{"template":"highway","default_image_id":0,"font":"","enabled":false},"version":2}},"product_brand":[],"product_cat":[71,364,66],"product_tag":[76,1327,1908,1779,1780,1415,1909,1910],"class_list":{"0":"post-15163","1":"product","2":"type-product","3":"status-publish","4":"has-post-thumbnail","6":"product_cat-cursos-em-video-de-astrologia","7":"product_cat-curso-online","8":"product_cat-cursos-em-video","9":"product_tag-astrologia","10":"product_tag-astrologos","11":"product_tag-chinesa","12":"product_tag-formacao","13":"product_tag-profissional","14":"product_tag-supervisao","15":"product_tag-taoismo","16":"product_tag-zi-wei-dou-shu","17":"post","19":"first","20":"instock","21":"virtual","22":"taxable","23":"purchasable","24":"product-type-simple"},"composite_virtual":false,"composite_layout":"","composite_add_to_cart_form_location":"","composite_editable_in_cart":false,"composite_sold_individually_context":"","composite_shop_price_calc":"","composite_components":[],"composite_scenarios":[],"yoast_head":"<!-- This site is optimized with the Yoast SEO Premium plugin v22.9 (Yoast SEO v27.3) - https:\/\/yoast.com\/product\/yoast-seo-premium-wordpress\/ -->\n<title>Forma\u00e7\u00e3o de Astrologia Taoista Chinesa na DMAstro com Erica Poonam<\/title>\n<meta name=\"description\" content=\"Forma\u00e7\u00e3o de Astrologia Taoista Chinesa na DMAstro com Erica Poonam\" \/>\n<meta name=\"robots\" content=\"index, follow, max-snippet:-1, max-image-preview:large, max-video-preview:-1\" \/>\n<link rel=\"canonical\" href=\"https:\/\/www.dmastro.com.br\/dmastroblog\/produto\/formacao-de-astrologia-taoista-chinesa-na-dmastro-com-erica-poonam\/\" \/>\n<meta property=\"og:locale\" content=\"pt_BR\" \/>\n<meta property=\"og:type\" content=\"article\" \/>\n<meta property=\"og:title\" content=\"Forma\u00e7\u00e3o de Astrologia Taoista Chinesa na DMAstro com Erica Poonam\" \/>\n<meta property=\"og:description\" content=\"Forma\u00e7\u00e3o de Astrologia Taoista Chinesa na DMAstro com Erica Poonam\" \/>\n<meta property=\"og:url\" content=\"https:\/\/www.dmastro.com.br\/dmastroblog\/produto\/formacao-de-astrologia-taoista-chinesa-na-dmastro-com-erica-poonam\/\" \/>\n<meta property=\"og:site_name\" content=\"Escola de Astrologia DMAstro\" \/>\n<meta property=\"article:publisher\" content=\"https:\/\/www.facebook.com\/dmastrobr\" \/>\n<meta property=\"article:modified_time\" content=\"2025-12-30T00:48:13+00:00\" \/>\n<meta property=\"og:image\" content=\"https:\/\/www.dmastro.com.br\/dmastroblog\/wp-content\/uploads\/2025\/12\/Formacao-de-Astrologia-Taoista-Erica.jpg\" \/>\n\t<meta property=\"og:image:width\" content=\"1402\" \/>\n\t<meta property=\"og:image:height\" content=\"2000\" \/>\n\t<meta property=\"og:image:type\" content=\"image\/jpeg\" \/>\n<meta name=\"twitter:card\" content=\"summary_large_image\" \/>\n<meta name=\"twitter:site\" content=\"@dmastrobrasil\" \/>\n<meta name=\"twitter:label1\" content=\"Pre\u00e7o\" \/>\n\t<meta name=\"twitter:data1\" content=\"&#082;&#036;299,00\" \/>\n\t<meta name=\"twitter:label2\" content=\"Disponibilidade\" \/>\n\t<meta name=\"twitter:data2\" content=\"Em Estoque\" \/>\n<script type=\"application\/ld+json\" class=\"yoast-schema-graph\">{\"@context\":\"https:\\\/\\\/schema.org\",\"@graph\":[{\"@type\":\"WebPage\",\"@id\":\"https:\\\/\\\/www.dmastro.com.br\\\/dmastroblog\\\/produto\\\/formacao-de-astrologia-taoista-chinesa-na-dmastro-com-erica-poonam\\\/\",\"url\":\"https:\\\/\\\/www.dmastro.com.br\\\/dmastroblog\\\/produto\\\/formacao-de-astrologia-taoista-chinesa-na-dmastro-com-erica-poonam\\\/\",\"name\":\"Forma\u00e7\u00e3o de Astrologia Taoista Chinesa na DMAstro com Erica Poonam\",\"isPartOf\":{\"@id\":\"https:\\\/\\\/www.dmastro.com.br\\\/dmastroblog\\\/#website\"},\"primaryImageOfPage\":{\"@id\":\"https:\\\/\\\/www.dmastro.com.br\\\/dmastroblog\\\/produto\\\/formacao-de-astrologia-taoista-chinesa-na-dmastro-com-erica-poonam\\\/#primaryimage\"},\"image\":{\"@id\":\"https:\\\/\\\/www.dmastro.com.br\\\/dmastroblog\\\/produto\\\/formacao-de-astrologia-taoista-chinesa-na-dmastro-com-erica-poonam\\\/#primaryimage\"},\"thumbnailUrl\":\"https:\\\/\\\/i0.wp.com\\\/www.dmastro.com.br\\\/dmastroblog\\\/wp-content\\\/uploads\\\/2025\\\/12\\\/Formacao-de-Astrologia-Taoista-Erica.jpg?fit=1402%2C2000&ssl=1\",\"datePublished\":\"2025-12-28T22:30:06+00:00\",\"dateModified\":\"2025-12-30T00:48:13+00:00\",\"description\":\"Forma\u00e7\u00e3o de Astrologia Taoista Chinesa na DMAstro com Erica Poonam\",\"breadcrumb\":{\"@id\":\"https:\\\/\\\/www.dmastro.com.br\\\/dmastroblog\\\/produto\\\/formacao-de-astrologia-taoista-chinesa-na-dmastro-com-erica-poonam\\\/#breadcrumb\"},\"inLanguage\":\"pt-BR\",\"potentialAction\":[{\"@type\":\"ReadAction\",\"target\":[\"https:\\\/\\\/www.dmastro.com.br\\\/dmastroblog\\\/produto\\\/formacao-de-astrologia-taoista-chinesa-na-dmastro-com-erica-poonam\\\/\"]}]},{\"@type\":\"ImageObject\",\"inLanguage\":\"pt-BR\",\"@id\":\"https:\\\/\\\/www.dmastro.com.br\\\/dmastroblog\\\/produto\\\/formacao-de-astrologia-taoista-chinesa-na-dmastro-com-erica-poonam\\\/#primaryimage\",\"url\":\"https:\\\/\\\/i0.wp.com\\\/www.dmastro.com.br\\\/dmastroblog\\\/wp-content\\\/uploads\\\/2025\\\/12\\\/Formacao-de-Astrologia-Taoista-Erica.jpg?fit=1402%2C2000&ssl=1\",\"contentUrl\":\"https:\\\/\\\/i0.wp.com\\\/www.dmastro.com.br\\\/dmastroblog\\\/wp-content\\\/uploads\\\/2025\\\/12\\\/Formacao-de-Astrologia-Taoista-Erica.jpg?fit=1402%2C2000&ssl=1\",\"width\":1402,\"height\":2000,\"caption\":\"Forma\u00e7\u00e3o de Astrologia Taoista Erica Poonam\"},{\"@type\":\"BreadcrumbList\",\"@id\":\"https:\\\/\\\/www.dmastro.com.br\\\/dmastroblog\\\/produto\\\/formacao-de-astrologia-taoista-chinesa-na-dmastro-com-erica-poonam\\\/#breadcrumb\",\"itemListElement\":[{\"@type\":\"ListItem\",\"position\":1,\"name\":\"In\u00edcio\",\"item\":\"https:\\\/\\\/www.dmastro.com.br\\\/dmastroblog\\\/\"},{\"@type\":\"ListItem\",\"position\":2,\"name\":\"Loja\",\"item\":\"https:\\\/\\\/www.dmastro.com.br\\\/dmastroblog\\\/loja\\\/\"},{\"@type\":\"ListItem\",\"position\":3,\"name\":\"Forma\u00e7\u00e3o de Astrologia Taoista Chinesa na DMAstro com Erica Poonam\"}]},{\"@type\":\"WebSite\",\"@id\":\"https:\\\/\\\/www.dmastro.com.br\\\/dmastroblog\\\/#website\",\"url\":\"https:\\\/\\\/www.dmastro.com.br\\\/dmastroblog\\\/\",\"name\":\"DMAstro Brasil\",\"description\":\"Curso Completo de Forma\u00e7\u00e3o\",\"publisher\":{\"@id\":\"https:\\\/\\\/www.dmastro.com.br\\\/dmastroblog\\\/#organization\"},\"potentialAction\":[{\"@type\":\"SearchAction\",\"target\":{\"@type\":\"EntryPoint\",\"urlTemplate\":\"https:\\\/\\\/www.dmastro.com.br\\\/dmastroblog\\\/?s={search_term_string}\"},\"query-input\":{\"@type\":\"PropertyValueSpecification\",\"valueRequired\":true,\"valueName\":\"search_term_string\"}}],\"inLanguage\":\"pt-BR\"},{\"@type\":\"Organization\",\"@id\":\"https:\\\/\\\/www.dmastro.com.br\\\/dmastroblog\\\/#organization\",\"name\":\"DMAstro Brasil\",\"url\":\"https:\\\/\\\/www.dmastro.com.br\\\/dmastroblog\\\/\",\"logo\":{\"@type\":\"ImageObject\",\"inLanguage\":\"pt-BR\",\"@id\":\"https:\\\/\\\/www.dmastro.com.br\\\/dmastroblog\\\/#\\\/schema\\\/logo\\\/image\\\/\",\"url\":\"https:\\\/\\\/www.dmastro.com.br\\\/dmastroblog\\\/wp-content\\\/uploads\\\/2018\\\/12\\\/logotipo-dmastro-brasil.png\",\"contentUrl\":\"https:\\\/\\\/www.dmastro.com.br\\\/dmastroblog\\\/wp-content\\\/uploads\\\/2018\\\/12\\\/logotipo-dmastro-brasil.png\",\"width\":180,\"height\":180,\"caption\":\"DMAstro Brasil\"},\"image\":{\"@id\":\"https:\\\/\\\/www.dmastro.com.br\\\/dmastroblog\\\/#\\\/schema\\\/logo\\\/image\\\/\"},\"sameAs\":[\"https:\\\/\\\/www.facebook.com\\\/dmastrobr\",\"https:\\\/\\\/x.com\\\/dmastrobrasil\",\"https:\\\/\\\/www.instagram.com\\\/dmastrobrasil\\\/\"]}]}<\/script>\n<meta property=\"product:price:amount\" content=\"299.00\" \/>\n<meta property=\"product:price:currency\" content=\"BRL\" \/>\n<meta property=\"og:availability\" content=\"instock\" \/>\n<meta property=\"product:availability\" content=\"instock\" \/>\n<meta property=\"product:condition\" content=\"new\" \/>\n<!-- \/ Yoast SEO Premium plugin. -->","yoast_head_json":{"title":"Forma\u00e7\u00e3o de Astrologia Taoista Chinesa na DMAstro com Erica Poonam","description":"Forma\u00e7\u00e3o de Astrologia Taoista Chinesa na DMAstro com Erica Poonam","robots":{"index":"index","follow":"follow","max-snippet":"max-snippet:-1","max-image-preview":"max-image-preview:large","max-video-preview":"max-video-preview:-1"},"canonical":"https:\/\/www.dmastro.com.br\/dmastroblog\/produto\/formacao-de-astrologia-taoista-chinesa-na-dmastro-com-erica-poonam\/","og_locale":"pt_BR","og_type":"article","og_title":"Forma\u00e7\u00e3o de Astrologia Taoista Chinesa na DMAstro com Erica Poonam","og_description":"Forma\u00e7\u00e3o de Astrologia Taoista Chinesa na DMAstro com Erica Poonam","og_url":"https:\/\/www.dmastro.com.br\/dmastroblog\/produto\/formacao-de-astrologia-taoista-chinesa-na-dmastro-com-erica-poonam\/","og_site_name":"Escola de Astrologia DMAstro","article_publisher":"https:\/\/www.facebook.com\/dmastrobr","article_modified_time":"2025-12-30T00:48:13+00:00","og_image":[{"width":1402,"height":2000,"url":"https:\/\/www.dmastro.com.br\/dmastroblog\/wp-content\/uploads\/2025\/12\/Formacao-de-Astrologia-Taoista-Erica.jpg","type":"image\/jpeg"}],"twitter_card":"summary_large_image","twitter_site":"@dmastrobrasil","twitter_misc":{"Pre\u00e7o":"&#82;&#36;299,00","Disponibilidade":"Em Estoque"},"schema":{"@context":"https:\/\/schema.org","@graph":[{"@type":"WebPage","@id":"https:\/\/www.dmastro.com.br\/dmastroblog\/produto\/formacao-de-astrologia-taoista-chinesa-na-dmastro-com-erica-poonam\/","url":"https:\/\/www.dmastro.com.br\/dmastroblog\/produto\/formacao-de-astrologia-taoista-chinesa-na-dmastro-com-erica-poonam\/","name":"Forma\u00e7\u00e3o de Astrologia Taoista Chinesa na DMAstro com Erica Poonam","isPartOf":{"@id":"https:\/\/www.dmastro.com.br\/dmastroblog\/#website"},"primaryImageOfPage":{"@id":"https:\/\/www.dmastro.com.br\/dmastroblog\/produto\/formacao-de-astrologia-taoista-chinesa-na-dmastro-com-erica-poonam\/#primaryimage"},"image":{"@id":"https:\/\/www.dmastro.com.br\/dmastroblog\/produto\/formacao-de-astrologia-taoista-chinesa-na-dmastro-com-erica-poonam\/#primaryimage"},"thumbnailUrl":"https:\/\/i0.wp.com\/www.dmastro.com.br\/dmastroblog\/wp-content\/uploads\/2025\/12\/Formacao-de-Astrologia-Taoista-Erica.jpg?fit=1402%2C2000&ssl=1","datePublished":"2025-12-28T22:30:06+00:00","dateModified":"2025-12-30T00:48:13+00:00","description":"Forma\u00e7\u00e3o de Astrologia Taoista Chinesa na DMAstro com Erica Poonam","breadcrumb":{"@id":"https:\/\/www.dmastro.com.br\/dmastroblog\/produto\/formacao-de-astrologia-taoista-chinesa-na-dmastro-com-erica-poonam\/#breadcrumb"},"inLanguage":"pt-BR","potentialAction":[{"@type":"ReadAction","target":["https:\/\/www.dmastro.com.br\/dmastroblog\/produto\/formacao-de-astrologia-taoista-chinesa-na-dmastro-com-erica-poonam\/"]}]},{"@type":"ImageObject","inLanguage":"pt-BR","@id":"https:\/\/www.dmastro.com.br\/dmastroblog\/produto\/formacao-de-astrologia-taoista-chinesa-na-dmastro-com-erica-poonam\/#primaryimage","url":"https:\/\/i0.wp.com\/www.dmastro.com.br\/dmastroblog\/wp-content\/uploads\/2025\/12\/Formacao-de-Astrologia-Taoista-Erica.jpg?fit=1402%2C2000&ssl=1","contentUrl":"https:\/\/i0.wp.com\/www.dmastro.com.br\/dmastroblog\/wp-content\/uploads\/2025\/12\/Formacao-de-Astrologia-Taoista-Erica.jpg?fit=1402%2C2000&ssl=1","width":1402,"height":2000,"caption":"Forma\u00e7\u00e3o de Astrologia Taoista Erica Poonam"},{"@type":"BreadcrumbList","@id":"https:\/\/www.dmastro.com.br\/dmastroblog\/produto\/formacao-de-astrologia-taoista-chinesa-na-dmastro-com-erica-poonam\/#breadcrumb","itemListElement":[{"@type":"ListItem","position":1,"name":"In\u00edcio","item":"https:\/\/www.dmastro.com.br\/dmastroblog\/"},{"@type":"ListItem","position":2,"name":"Loja","item":"https:\/\/www.dmastro.com.br\/dmastroblog\/loja\/"},{"@type":"ListItem","position":3,"name":"Forma\u00e7\u00e3o de Astrologia Taoista Chinesa na DMAstro com Erica Poonam"}]},{"@type":"WebSite","@id":"https:\/\/www.dmastro.com.br\/dmastroblog\/#website","url":"https:\/\/www.dmastro.com.br\/dmastroblog\/","name":"DMAstro Brasil","description":"Curso Completo de Forma\u00e7\u00e3o","publisher":{"@id":"https:\/\/www.dmastro.com.br\/dmastroblog\/#organization"},"potentialAction":[{"@type":"SearchAction","target":{"@type":"EntryPoint","urlTemplate":"https:\/\/www.dmastro.com.br\/dmastroblog\/?s={search_term_string}"},"query-input":{"@type":"PropertyValueSpecification","valueRequired":true,"valueName":"search_term_string"}}],"inLanguage":"pt-BR"},{"@type":"Organization","@id":"https:\/\/www.dmastro.com.br\/dmastroblog\/#organization","name":"DMAstro Brasil","url":"https:\/\/www.dmastro.com.br\/dmastroblog\/","logo":{"@type":"ImageObject","inLanguage":"pt-BR","@id":"https:\/\/www.dmastro.com.br\/dmastroblog\/#\/schema\/logo\/image\/","url":"https:\/\/www.dmastro.com.br\/dmastroblog\/wp-content\/uploads\/2018\/12\/logotipo-dmastro-brasil.png","contentUrl":"https:\/\/www.dmastro.com.br\/dmastroblog\/wp-content\/uploads\/2018\/12\/logotipo-dmastro-brasil.png","width":180,"height":180,"caption":"DMAstro Brasil"},"image":{"@id":"https:\/\/www.dmastro.com.br\/dmastroblog\/#\/schema\/logo\/image\/"},"sameAs":["https:\/\/www.facebook.com\/dmastrobr","https:\/\/x.com\/dmastrobrasil","https:\/\/www.instagram.com\/dmastrobrasil\/"]}]},"product_price_amount":"299.00","product_price_currency":"BRL","og_availability":"instock","product_availability":"instock","product_condition":"new"},"jetpack_publicize_connections":[],"jetpack_sharing_enabled":true,"jetpack_likes_enabled":false,"publishpress_future_workflow_manual_trigger":{"enabledWorkflows":[]},"_links":{"self":[{"href":"https:\/\/www.dmastro.com.br\/dmastroblog\/wp-json\/wp\/v2\/product\/15163","targetHints":{"allow":["GET"]}}],"collection":[{"href":"https:\/\/www.dmastro.com.br\/dmastroblog\/wp-json\/wp\/v2\/product"}],"about":[{"href":"https:\/\/www.dmastro.com.br\/dmastroblog\/wp-json\/wp\/v2\/types\/product"}],"replies":[{"embeddable":true,"href":"https:\/\/www.dmastro.com.br\/dmastroblog\/wp-json\/wp\/v2\/comments?post=15163"}],"wp:featuredmedia":[{"embeddable":true,"href":"https:\/\/www.dmastro.com.br\/dmastroblog\/wp-json\/wp\/v2\/media\/15180"}],"wp:attachment":[{"href":"https:\/\/www.dmastro.com.br\/dmastroblog\/wp-json\/wp\/v2\/media?parent=15163"}],"wp:term":[{"taxonomy":"product_brand","embeddable":true,"href":"https:\/\/www.dmastro.com.br\/dmastroblog\/wp-json\/wp\/v2\/product_brand?post=15163"},{"taxonomy":"product_cat","embeddable":true,"href":"https:\/\/www.dmastro.com.br\/dmastroblog\/wp-json\/wp\/v2\/product_cat?post=15163"},{"taxonomy":"product_tag","embeddable":true,"href":"https:\/\/www.dmastro.com.br\/dmastroblog\/wp-json\/wp\/v2\/product_tag?post=15163"}],"curies":[{"name":"wp","href":"https:\/\/api.w.org\/{rel}","templated":true}]}}