{"id":13506,"date":"2024-12-27T21:48:17","date_gmt":"2024-12-28T00:48:17","guid":{"rendered":"https:\/\/www.dmastro.com.br\/dmastroblog\/?post_type=product&#038;p=13506"},"modified":"2024-12-27T23:53:23","modified_gmt":"2024-12-28T02:53:23","slug":"numerologia-quantica-e-pitagorica-com-sueli-lucchi-di-leo","status":"publish","type":"product","link":"https:\/\/www.dmastro.com.br\/dmastroblog\/produto\/numerologia-quantica-e-pitagorica-com-sueli-lucchi-di-leo\/","title":{"rendered":"Numerologia Qu\u00e2ntica e Pitag\u00f3rica com Sueli Lucchi di Leo"},"content":{"rendered":"<p style=\"text-align: center;\"><em><strong><span style=\"color: #ff0000; font-size: 18pt;\">Numerologia Qu\u00e2ntica e Pitag\u00f3rica com Sueli Lucchi di Leo<\/span><\/strong><\/em><\/p>\n<p>O melhor curso de Numerologia Qu\u00e2ntica do Brasil, com a professora Sueli Lucchi di Leo. Venha fazer parte da Elite do Conhecimento Numerol\u00f3gico no Brasil!<\/p>\n<p>Voc\u00ea vai se tornar um numer\u00f3logo profissional, mesmo que n\u00e3o saiba nada de numerologia. Vai aprender a base corretamente at\u00e9 interpretar mapas numerol\u00f3gicos, com o curso de Numerologia Qu\u00e2ntica e Pitag\u00f3rica.<\/p>\n<p>Conhe\u00e7a sua professora:<\/p>\n<p>&#8211; Curr\u00edculo \u2013 Bacharel em Ci\u00eancias cont\u00e1beis turma de 1981 Faculdade S\u00e3o Judas Tadeu,<br \/>\n&#8211; Mestre instrutora e facilitadora de Reiki e numerologia profissional<br \/>\n&#8211; Sensei dos m\u00e9todos; Reiki Usui e Karuna Ki<br \/>\n&#8211; Bushido Reiki Samurai Sueli<br \/>\n&#8211; Numerologia Pitag\u00f3rica \u2013 C\u00e1rmica e qu\u00e2ntica<br \/>\n&#8211; Escritora de livros sobre Reiki e numerologia<br \/>\n&#8211; Casada \u2013 esposa m\u00e3e av\u00f3.<\/p>\n<p>O curso funciona no seguinte formato, com 1 aula por semana, ao vivo com os alunos usando o aplicativo Zoom. A aula fica gravada e pronta para o aluno poder ver quantas vezes quiser ou no caso dele faltar. Tamb\u00e9m existe um grupo de alunos no WhatsApp para apoio as aulas e suporte para d\u00favidas. Os alunos recebem um certificado a cada m\u00f3dulo completo do curso e depois um diploma na conclus\u00e3o de todos os m\u00f3dulos da DMAstro.<\/p>\n<p><span style=\"font-size: 18pt;\"><strong><span style=\"color: #ff0000;\">As aulas ao vivo semanais s\u00e3o de 90 minutos, as mensalidades s\u00e3o de R$ 260. O curso tem 4 meses.<\/span><\/strong><\/span><\/p>\n<p>Para mais informa\u00e7\u00f5es e inscri\u00e7\u00f5es, ligue para: (11) 96624-8446 ou envie mensagem no WhatsApp.<\/p>\n<p>O objetivo do curso \u00e9 a expans\u00e3o de consci\u00eancia e autotransforma\u00e7\u00e3o do aluno atrav\u00e9s da astrologia. O caminho de autodesenvolvimento \u00e9 o verdadeiro poder de mudar a vida.<\/p>\n<p>&nbsp;<\/p>\n<p style=\"text-align: center;\"><span style=\"font-size: 18pt;\"><em><strong><span style=\"color: #99ccff;\">O QUE VOC\u00ca VAI APRENDER COM ESTE CURSO ?<\/span><\/strong><\/em><\/span><\/p>\n<p>&nbsp;<\/p>\n<p><span style=\"font-size: 18pt;\"><em><strong><span style=\"color: #99ccff;\">DIN\u00c2MICA DE ESTUDO<\/span><\/strong><\/em><\/span><\/p>\n<p>Din\u00e2mica do estudo. A cada aula haver\u00e3o interpreta\u00e7\u00f5es e pr\u00e1ticas.<br \/>\nAluno recebe um Ebook na aula 6 &#8211; Pitag\u00f3rico pr\u00e1tico do b\u00e1sico ao avan\u00e7ado<br \/>\nNa aula 8 &#8211; O aluno recebe uma matriz para confec\u00e7\u00e3o dos estudos de mapas qu\u00e2nticos e indica\u00e7\u00e3o de elabora\u00e7\u00e3o do relat\u00f3rio ao cliente. Arquivos acess\u00f3rios conforme o desenvolvimento das aulas.<\/p>\n<p><span style=\"font-size: 18pt;\"><em><strong><span style=\"color: #99ccff;\">NUMEROLOGIA PITAG\u00d3RICA<\/span><\/strong><\/em><\/span><\/p>\n<p><b>Aula 01<br \/>\n<\/b>Introdu\u00e7\u00e3o ao mundo mental e emocional<\/p>\n<p><strong>Aula 02<\/strong><br \/>\nRitmo dos ciclos na natureza<\/p>\n<p><strong>Aula 03<\/strong><br \/>\nRitmo natural da vida MVA. Miss\u00e3o desta vida. Racioc\u00ednios l\u00f3gicos. A 3 grandes etapas vivenciais. Quantidade de letras da chave e do sobrenome. Interpreta\u00e7\u00f5es da Miss\u00e3o e dos obst\u00e1culos vivenciais nos caminhos da miss\u00e3o desta vida. Interpreta\u00e7\u00f5es da quantidade de letras da chave e do sobrenome e a influ\u00eancia psicol\u00f3gica sobre o egocarma. Pr\u00e1tica.<\/p>\n<p><strong>Aula 04<\/strong><br \/>\nOs 4 N\u00fameros principais do m\u00e9todo pitag\u00f3rico para se aprofundar no autorreconhecimento; Motiva\u00e7\u00e3o. Apar\u00eancia. Express\u00e3o. Dia de nascimento e a decodifica\u00e7\u00e3o para encontrar os talentos necess\u00e1rios para a autossupera\u00e7\u00e3o do ciclo sazonal e o temperamento na tomada das decis\u00f5es. Interpreta\u00e7\u00f5es dos n\u00fameros principais, aus\u00eancias e excessos de letras do nome completo de batismo. Pr\u00e1tica<\/p>\n<p><strong>Aula 05<\/strong><br \/>\nO Dever. A conduta. O Subconsciente. O 6\u00ba n\u00famero principal \u201cPODER \u201cde matura\u00e7\u00e3o. Acordo de nascimento. Carreira. Voca\u00e7\u00e3o. Orienta\u00e7\u00e3o vocacional. Interpreta\u00e7\u00f5es. Pratica<\/p>\n<p><strong>Aula 06<\/strong><br \/>\nPin\u00e1culos. Desafios. Vibra\u00e7\u00e3o da idade O Ano c\u00f3smico. Ano pessoal O m\u00eas pessoal e o Dia pessoal. Interpreta\u00e7\u00f5es. Dicas. Praticas Ebook pratico Pitag\u00f3rico, b\u00e1sico e avan\u00e7ado 1<\/p>\n<p><span style=\"font-size: 18pt;\"><em><strong><span style=\"color: #99ccff;\">NUMEROLOGIA QU\u00c2NTICA<br \/>\n<\/span><\/strong><\/em><\/span><br \/>\n<strong>Aula 07<\/strong><br \/>\nA din\u00e2mica desse estudo \u00e9 um leque de possibilidades para o numer\u00f3logo, pitag\u00f3rico, c\u00e1rmico, cabal\u00edstico. &#8211; O ritmo influenciador, sazonalidade com preceitos do carma para o dharmas. Leis morais \u00e9ticas e espirituais na Lei do Ritmo. &#8211; O prop\u00f3sito da reencarna\u00e7\u00e3o no plano de vida. Set\u00eanios &#8211; Influencia do sol da Lua das esta\u00e7\u00f5es c\u00f3smicas &#8211; Controle emocional no ciclo sazonal.<br \/>\n&#8211; O carma em fragmentos a Dor e o ritmo circadiano no ciclo. Roda da vida, eixo a ajustar. Os ritmos da natureza, da qual n\u00f3s humanos fazemos parte.<br \/>\n&#8211; 4 passos para o fundamento rumo a fonte, c\u00e1lculo. Demonstrativo<br \/>\n&#8211; Subesta\u00e7\u00f5es &#8211; Interpreta\u00e7\u00f5es do ritmo do ciclo -Fonte e raiz<\/p>\n<p><strong>Aula 08<\/strong><br \/>\nExerc\u00edcios pr\u00e1ticos com a numerologia qu\u00e2ntica. Demonstrativos e Interpreta\u00e7\u00f5es.<\/p>\n<p style=\"text-align: center;\"><em><strong><span style=\"color: #99ccff; font-size: 18pt;\">O CURSO QUE VAI TRANSFORMAR TODA A SUA REALIDADE!<\/span><\/strong><\/em><\/p>\n<p style=\"text-align: left;\"><em><strong>Certifica\u00e7\u00e3o:<\/strong><\/em><br \/>\nSer\u00e1 emitido certificado de conclus\u00e3o no final do curso.<\/p>\n<p><em><strong>Dura\u00e7\u00e3o do acesso:<\/strong><\/em><br \/>\nAcesso a todo o conte\u00fado virtual na plataforma de estudos por at\u00e9 2 anos ap\u00f3s o t\u00e9rmino do curso<\/p>\n<p>O aluno vai participar do grupo de estudos de Numerologia para esclarecer suas d\u00favidas. O participante que n\u00e3o puder estar presente nas aulas, deve elaborar suas d\u00favidas e perguntas e enviar no grupo do WhatsApp antecipadamente. Tais questionamentos ser\u00e3o respondidos durante o workshop. As aulas ficar\u00e3o dispon\u00edveis na plataforma de ensino. Voc\u00ea poder\u00e1 acessar os v\u00eddeos integralmente de qualquer lugar!<\/p>\n<p>O curso tem tem 4 meses, ao vivo com os alunos usando o aplicativo Zoom. A aula fica gravada e pronta para o aluno poder ver quantas vezes quiser ou no caso dele faltar. Tamb\u00e9m existe um grupo de alunos no WhatsApp para apoio as aulas e suporte para d\u00favidas. Os alunos recebem um certificado ao fim do workshop.<\/p>\n<p>Para mais informa\u00e7\u00f5es e inscri\u00e7\u00f5es, ligue para: (11) 96624-8446 ou envie mensagem no WhatsApp. O curso come\u00e7a em 26\/02\/2025.<\/p>\n<p style=\"text-align: center;\"><em><strong><span style=\"color: #ff0000; font-size: 18pt;\">Numerologia Qu\u00e2ntica e Pitag\u00f3rica com Sueli Lucchi di Leo<\/span><\/strong><\/em><\/p>\n","protected":false},"excerpt":{"rendered":"<p style=\"text-align: center;\"><em><strong><span style=\"color: #ff0000; font-size: 18pt;\">Numerologia Qu\u00e2ntica e Pitag\u00f3rica com Sueli Lucchi di Leo<\/span><\/strong><\/em><\/p>\n<p>O melhor curso de Numerologia Qu\u00e2ntica do Brasil, com a professora Sueli Lucchi di Leo. Venha fazer parte da Elite do Conhecimento Numerol\u00f3gico no Brasil!<\/p>\n<p>Voc\u00ea vai se tornar um numer\u00f3logo profissional, mesmo que n\u00e3o saiba nada de numerologia. Vai aprender a base corretamente at\u00e9 interpretar mapas numerol\u00f3gicos, com o curso de Numerologia Qu\u00e2ntica e Pitag\u00f3rica.<\/p>\n<p><span style=\"font-size: 18pt;\"><strong><span style=\"color: #ff0000;\">As aulas ao vivo semanais s\u00e3o de 90 minutos, as mensalidades s\u00e3o de R$ 260. O curso tem 4 meses.<\/span><\/strong><\/span><\/p>\n","protected":false},"featured_media":13508,"comment_status":"open","ping_status":"closed","template":"","meta":{"_themeisle_gutenberg_block_has_review":false,"jetpack_post_was_ever_published":false,"jetpack_publicize_message":"","jetpack_publicize_feature_enabled":true,"jetpack_social_post_already_shared":true,"jetpack_social_options":{"image_generator_settings":{"template":"highway","default_image_id":0,"font":"","enabled":false},"version":2}},"product_brand":[],"product_cat":[364,66,911],"product_tag":[],"class_list":{"0":"post-13506","1":"product","2":"type-product","3":"status-publish","4":"has-post-thumbnail","6":"product_cat-curso-online","7":"product_cat-cursos-em-video","8":"product_cat-numerologia","9":"post","11":"first","12":"instock","13":"virtual","14":"taxable","15":"purchasable","16":"product-type-simple"},"composite_virtual":false,"composite_layout":"","composite_add_to_cart_form_location":"","composite_editable_in_cart":false,"composite_sold_individually_context":"","composite_shop_price_calc":"","composite_components":[],"composite_scenarios":[],"yoast_head":"<!-- This site is optimized with the Yoast SEO Premium plugin v22.9 (Yoast SEO v27.3) - https:\/\/yoast.com\/product\/yoast-seo-premium-wordpress\/ -->\n<title>Numerologia Qu\u00e2ntica e Pitag\u00f3rica com Sueli Lucchi di Leo<\/title>\n<meta name=\"description\" content=\"Numerologia Qu\u00e2ntica e Pitag\u00f3rica com Sueli Lucchi di Leo\" \/>\n<meta name=\"robots\" content=\"index, follow, max-snippet:-1, max-image-preview:large, max-video-preview:-1\" \/>\n<link rel=\"canonical\" href=\"https:\/\/www.dmastro.com.br\/dmastroblog\/produto\/numerologia-quantica-e-pitagorica-com-sueli-lucchi-di-leo\/\" \/>\n<meta property=\"og:locale\" content=\"pt_BR\" \/>\n<meta property=\"og:type\" content=\"article\" \/>\n<meta property=\"og:title\" content=\"Numerologia Qu\u00e2ntica e Pitag\u00f3rica com Sueli Lucchi di Leo\" \/>\n<meta property=\"og:description\" content=\"Numerologia Qu\u00e2ntica e Pitag\u00f3rica com Sueli Lucchi di Leo\" \/>\n<meta property=\"og:url\" content=\"https:\/\/www.dmastro.com.br\/dmastroblog\/produto\/numerologia-quantica-e-pitagorica-com-sueli-lucchi-di-leo\/\" \/>\n<meta property=\"og:site_name\" content=\"Escola de Astrologia DMAstro\" \/>\n<meta property=\"article:publisher\" content=\"https:\/\/www.facebook.com\/dmastrobr\" \/>\n<meta property=\"article:modified_time\" content=\"2024-12-28T02:53:23+00:00\" \/>\n<meta property=\"og:image\" content=\"https:\/\/www.dmastro.com.br\/dmastroblog\/wp-content\/uploads\/2024\/12\/Numeralogia-Quantica.jpg\" \/>\n\t<meta property=\"og:image:width\" content=\"1402\" \/>\n\t<meta property=\"og:image:height\" content=\"2000\" \/>\n\t<meta property=\"og:image:type\" content=\"image\/jpeg\" \/>\n<meta name=\"twitter:card\" content=\"summary_large_image\" \/>\n<meta name=\"twitter:site\" content=\"@dmastrobrasil\" \/>\n<meta name=\"twitter:label1\" content=\"Pre\u00e7o\" \/>\n\t<meta name=\"twitter:data1\" content=\"&#082;&#036;260,00\" \/>\n\t<meta name=\"twitter:label2\" content=\"Disponibilidade\" \/>\n\t<meta name=\"twitter:data2\" content=\"Em Estoque\" \/>\n<script type=\"application\/ld+json\" class=\"yoast-schema-graph\">{\"@context\":\"https:\\\/\\\/schema.org\",\"@graph\":[{\"@type\":\"WebPage\",\"@id\":\"https:\\\/\\\/www.dmastro.com.br\\\/dmastroblog\\\/produto\\\/numerologia-quantica-e-pitagorica-com-sueli-lucchi-di-leo\\\/\",\"url\":\"https:\\\/\\\/www.dmastro.com.br\\\/dmastroblog\\\/produto\\\/numerologia-quantica-e-pitagorica-com-sueli-lucchi-di-leo\\\/\",\"name\":\"Numerologia Qu\u00e2ntica e Pitag\u00f3rica com Sueli Lucchi di Leo\",\"isPartOf\":{\"@id\":\"https:\\\/\\\/www.dmastro.com.br\\\/dmastroblog\\\/#website\"},\"primaryImageOfPage\":{\"@id\":\"https:\\\/\\\/www.dmastro.com.br\\\/dmastroblog\\\/produto\\\/numerologia-quantica-e-pitagorica-com-sueli-lucchi-di-leo\\\/#primaryimage\"},\"image\":{\"@id\":\"https:\\\/\\\/www.dmastro.com.br\\\/dmastroblog\\\/produto\\\/numerologia-quantica-e-pitagorica-com-sueli-lucchi-di-leo\\\/#primaryimage\"},\"thumbnailUrl\":\"https:\\\/\\\/i0.wp.com\\\/www.dmastro.com.br\\\/dmastroblog\\\/wp-content\\\/uploads\\\/2024\\\/12\\\/Numeralogia-Quantica.jpg?fit=1402%2C2000&ssl=1\",\"datePublished\":\"2024-12-28T00:48:17+00:00\",\"dateModified\":\"2024-12-28T02:53:23+00:00\",\"description\":\"Numerologia Qu\u00e2ntica e Pitag\u00f3rica com Sueli Lucchi di Leo\",\"breadcrumb\":{\"@id\":\"https:\\\/\\\/www.dmastro.com.br\\\/dmastroblog\\\/produto\\\/numerologia-quantica-e-pitagorica-com-sueli-lucchi-di-leo\\\/#breadcrumb\"},\"inLanguage\":\"pt-BR\",\"potentialAction\":[{\"@type\":\"ReadAction\",\"target\":[\"https:\\\/\\\/www.dmastro.com.br\\\/dmastroblog\\\/produto\\\/numerologia-quantica-e-pitagorica-com-sueli-lucchi-di-leo\\\/\"]}]},{\"@type\":\"ImageObject\",\"inLanguage\":\"pt-BR\",\"@id\":\"https:\\\/\\\/www.dmastro.com.br\\\/dmastroblog\\\/produto\\\/numerologia-quantica-e-pitagorica-com-sueli-lucchi-di-leo\\\/#primaryimage\",\"url\":\"https:\\\/\\\/i0.wp.com\\\/www.dmastro.com.br\\\/dmastroblog\\\/wp-content\\\/uploads\\\/2024\\\/12\\\/Numeralogia-Quantica.jpg?fit=1402%2C2000&ssl=1\",\"contentUrl\":\"https:\\\/\\\/i0.wp.com\\\/www.dmastro.com.br\\\/dmastroblog\\\/wp-content\\\/uploads\\\/2024\\\/12\\\/Numeralogia-Quantica.jpg?fit=1402%2C2000&ssl=1\",\"width\":1402,\"height\":2000},{\"@type\":\"BreadcrumbList\",\"@id\":\"https:\\\/\\\/www.dmastro.com.br\\\/dmastroblog\\\/produto\\\/numerologia-quantica-e-pitagorica-com-sueli-lucchi-di-leo\\\/#breadcrumb\",\"itemListElement\":[{\"@type\":\"ListItem\",\"position\":1,\"name\":\"In\u00edcio\",\"item\":\"https:\\\/\\\/www.dmastro.com.br\\\/dmastroblog\\\/\"},{\"@type\":\"ListItem\",\"position\":2,\"name\":\"Loja\",\"item\":\"https:\\\/\\\/www.dmastro.com.br\\\/dmastroblog\\\/loja\\\/\"},{\"@type\":\"ListItem\",\"position\":3,\"name\":\"Numerologia Qu\u00e2ntica e Pitag\u00f3rica com Sueli Lucchi di Leo\"}]},{\"@type\":\"WebSite\",\"@id\":\"https:\\\/\\\/www.dmastro.com.br\\\/dmastroblog\\\/#website\",\"url\":\"https:\\\/\\\/www.dmastro.com.br\\\/dmastroblog\\\/\",\"name\":\"DMAstro Brasil\",\"description\":\"Curso Completo de Forma\u00e7\u00e3o\",\"publisher\":{\"@id\":\"https:\\\/\\\/www.dmastro.com.br\\\/dmastroblog\\\/#organization\"},\"potentialAction\":[{\"@type\":\"SearchAction\",\"target\":{\"@type\":\"EntryPoint\",\"urlTemplate\":\"https:\\\/\\\/www.dmastro.com.br\\\/dmastroblog\\\/?s={search_term_string}\"},\"query-input\":{\"@type\":\"PropertyValueSpecification\",\"valueRequired\":true,\"valueName\":\"search_term_string\"}}],\"inLanguage\":\"pt-BR\"},{\"@type\":\"Organization\",\"@id\":\"https:\\\/\\\/www.dmastro.com.br\\\/dmastroblog\\\/#organization\",\"name\":\"DMAstro Brasil\",\"url\":\"https:\\\/\\\/www.dmastro.com.br\\\/dmastroblog\\\/\",\"logo\":{\"@type\":\"ImageObject\",\"inLanguage\":\"pt-BR\",\"@id\":\"https:\\\/\\\/www.dmastro.com.br\\\/dmastroblog\\\/#\\\/schema\\\/logo\\\/image\\\/\",\"url\":\"https:\\\/\\\/www.dmastro.com.br\\\/dmastroblog\\\/wp-content\\\/uploads\\\/2018\\\/12\\\/logotipo-dmastro-brasil.png\",\"contentUrl\":\"https:\\\/\\\/www.dmastro.com.br\\\/dmastroblog\\\/wp-content\\\/uploads\\\/2018\\\/12\\\/logotipo-dmastro-brasil.png\",\"width\":180,\"height\":180,\"caption\":\"DMAstro Brasil\"},\"image\":{\"@id\":\"https:\\\/\\\/www.dmastro.com.br\\\/dmastroblog\\\/#\\\/schema\\\/logo\\\/image\\\/\"},\"sameAs\":[\"https:\\\/\\\/www.facebook.com\\\/dmastrobr\",\"https:\\\/\\\/x.com\\\/dmastrobrasil\",\"https:\\\/\\\/www.instagram.com\\\/dmastrobrasil\\\/\"]}]}<\/script>\n<meta property=\"product:price:amount\" content=\"260.00\" \/>\n<meta property=\"product:price:currency\" content=\"BRL\" \/>\n<meta property=\"og:availability\" content=\"instock\" \/>\n<meta property=\"product:availability\" content=\"instock\" \/>\n<meta property=\"product:condition\" content=\"new\" \/>\n<!-- \/ Yoast SEO Premium plugin. -->","yoast_head_json":{"title":"Numerologia Qu\u00e2ntica e Pitag\u00f3rica com Sueli Lucchi di Leo","description":"Numerologia Qu\u00e2ntica e Pitag\u00f3rica com Sueli Lucchi di Leo","robots":{"index":"index","follow":"follow","max-snippet":"max-snippet:-1","max-image-preview":"max-image-preview:large","max-video-preview":"max-video-preview:-1"},"canonical":"https:\/\/www.dmastro.com.br\/dmastroblog\/produto\/numerologia-quantica-e-pitagorica-com-sueli-lucchi-di-leo\/","og_locale":"pt_BR","og_type":"article","og_title":"Numerologia Qu\u00e2ntica e Pitag\u00f3rica com Sueli Lucchi di Leo","og_description":"Numerologia Qu\u00e2ntica e Pitag\u00f3rica com Sueli Lucchi di Leo","og_url":"https:\/\/www.dmastro.com.br\/dmastroblog\/produto\/numerologia-quantica-e-pitagorica-com-sueli-lucchi-di-leo\/","og_site_name":"Escola de Astrologia DMAstro","article_publisher":"https:\/\/www.facebook.com\/dmastrobr","article_modified_time":"2024-12-28T02:53:23+00:00","og_image":[{"width":1402,"height":2000,"url":"https:\/\/www.dmastro.com.br\/dmastroblog\/wp-content\/uploads\/2024\/12\/Numeralogia-Quantica.jpg","type":"image\/jpeg"}],"twitter_card":"summary_large_image","twitter_site":"@dmastrobrasil","twitter_misc":{"Pre\u00e7o":"&#82;&#36;260,00","Disponibilidade":"Em Estoque"},"schema":{"@context":"https:\/\/schema.org","@graph":[{"@type":"WebPage","@id":"https:\/\/www.dmastro.com.br\/dmastroblog\/produto\/numerologia-quantica-e-pitagorica-com-sueli-lucchi-di-leo\/","url":"https:\/\/www.dmastro.com.br\/dmastroblog\/produto\/numerologia-quantica-e-pitagorica-com-sueli-lucchi-di-leo\/","name":"Numerologia Qu\u00e2ntica e Pitag\u00f3rica com Sueli Lucchi di Leo","isPartOf":{"@id":"https:\/\/www.dmastro.com.br\/dmastroblog\/#website"},"primaryImageOfPage":{"@id":"https:\/\/www.dmastro.com.br\/dmastroblog\/produto\/numerologia-quantica-e-pitagorica-com-sueli-lucchi-di-leo\/#primaryimage"},"image":{"@id":"https:\/\/www.dmastro.com.br\/dmastroblog\/produto\/numerologia-quantica-e-pitagorica-com-sueli-lucchi-di-leo\/#primaryimage"},"thumbnailUrl":"https:\/\/i0.wp.com\/www.dmastro.com.br\/dmastroblog\/wp-content\/uploads\/2024\/12\/Numeralogia-Quantica.jpg?fit=1402%2C2000&ssl=1","datePublished":"2024-12-28T00:48:17+00:00","dateModified":"2024-12-28T02:53:23+00:00","description":"Numerologia Qu\u00e2ntica e Pitag\u00f3rica com Sueli Lucchi di Leo","breadcrumb":{"@id":"https:\/\/www.dmastro.com.br\/dmastroblog\/produto\/numerologia-quantica-e-pitagorica-com-sueli-lucchi-di-leo\/#breadcrumb"},"inLanguage":"pt-BR","potentialAction":[{"@type":"ReadAction","target":["https:\/\/www.dmastro.com.br\/dmastroblog\/produto\/numerologia-quantica-e-pitagorica-com-sueli-lucchi-di-leo\/"]}]},{"@type":"ImageObject","inLanguage":"pt-BR","@id":"https:\/\/www.dmastro.com.br\/dmastroblog\/produto\/numerologia-quantica-e-pitagorica-com-sueli-lucchi-di-leo\/#primaryimage","url":"https:\/\/i0.wp.com\/www.dmastro.com.br\/dmastroblog\/wp-content\/uploads\/2024\/12\/Numeralogia-Quantica.jpg?fit=1402%2C2000&ssl=1","contentUrl":"https:\/\/i0.wp.com\/www.dmastro.com.br\/dmastroblog\/wp-content\/uploads\/2024\/12\/Numeralogia-Quantica.jpg?fit=1402%2C2000&ssl=1","width":1402,"height":2000},{"@type":"BreadcrumbList","@id":"https:\/\/www.dmastro.com.br\/dmastroblog\/produto\/numerologia-quantica-e-pitagorica-com-sueli-lucchi-di-leo\/#breadcrumb","itemListElement":[{"@type":"ListItem","position":1,"name":"In\u00edcio","item":"https:\/\/www.dmastro.com.br\/dmastroblog\/"},{"@type":"ListItem","position":2,"name":"Loja","item":"https:\/\/www.dmastro.com.br\/dmastroblog\/loja\/"},{"@type":"ListItem","position":3,"name":"Numerologia Qu\u00e2ntica e Pitag\u00f3rica com Sueli Lucchi di Leo"}]},{"@type":"WebSite","@id":"https:\/\/www.dmastro.com.br\/dmastroblog\/#website","url":"https:\/\/www.dmastro.com.br\/dmastroblog\/","name":"DMAstro Brasil","description":"Curso Completo de Forma\u00e7\u00e3o","publisher":{"@id":"https:\/\/www.dmastro.com.br\/dmastroblog\/#organization"},"potentialAction":[{"@type":"SearchAction","target":{"@type":"EntryPoint","urlTemplate":"https:\/\/www.dmastro.com.br\/dmastroblog\/?s={search_term_string}"},"query-input":{"@type":"PropertyValueSpecification","valueRequired":true,"valueName":"search_term_string"}}],"inLanguage":"pt-BR"},{"@type":"Organization","@id":"https:\/\/www.dmastro.com.br\/dmastroblog\/#organization","name":"DMAstro Brasil","url":"https:\/\/www.dmastro.com.br\/dmastroblog\/","logo":{"@type":"ImageObject","inLanguage":"pt-BR","@id":"https:\/\/www.dmastro.com.br\/dmastroblog\/#\/schema\/logo\/image\/","url":"https:\/\/www.dmastro.com.br\/dmastroblog\/wp-content\/uploads\/2018\/12\/logotipo-dmastro-brasil.png","contentUrl":"https:\/\/www.dmastro.com.br\/dmastroblog\/wp-content\/uploads\/2018\/12\/logotipo-dmastro-brasil.png","width":180,"height":180,"caption":"DMAstro Brasil"},"image":{"@id":"https:\/\/www.dmastro.com.br\/dmastroblog\/#\/schema\/logo\/image\/"},"sameAs":["https:\/\/www.facebook.com\/dmastrobr","https:\/\/x.com\/dmastrobrasil","https:\/\/www.instagram.com\/dmastrobrasil\/"]}]},"product_price_amount":"260.00","product_price_currency":"BRL","og_availability":"instock","product_availability":"instock","product_condition":"new"},"jetpack_publicize_connections":[],"jetpack_sharing_enabled":true,"jetpack_likes_enabled":false,"publishpress_future_workflow_manual_trigger":{"enabledWorkflows":[]},"_links":{"self":[{"href":"https:\/\/www.dmastro.com.br\/dmastroblog\/wp-json\/wp\/v2\/product\/13506","targetHints":{"allow":["GET"]}}],"collection":[{"href":"https:\/\/www.dmastro.com.br\/dmastroblog\/wp-json\/wp\/v2\/product"}],"about":[{"href":"https:\/\/www.dmastro.com.br\/dmastroblog\/wp-json\/wp\/v2\/types\/product"}],"replies":[{"embeddable":true,"href":"https:\/\/www.dmastro.com.br\/dmastroblog\/wp-json\/wp\/v2\/comments?post=13506"}],"wp:featuredmedia":[{"embeddable":true,"href":"https:\/\/www.dmastro.com.br\/dmastroblog\/wp-json\/wp\/v2\/media\/13508"}],"wp:attachment":[{"href":"https:\/\/www.dmastro.com.br\/dmastroblog\/wp-json\/wp\/v2\/media?parent=13506"}],"wp:term":[{"taxonomy":"product_brand","embeddable":true,"href":"https:\/\/www.dmastro.com.br\/dmastroblog\/wp-json\/wp\/v2\/product_brand?post=13506"},{"taxonomy":"product_cat","embeddable":true,"href":"https:\/\/www.dmastro.com.br\/dmastroblog\/wp-json\/wp\/v2\/product_cat?post=13506"},{"taxonomy":"product_tag","embeddable":true,"href":"https:\/\/www.dmastro.com.br\/dmastroblog\/wp-json\/wp\/v2\/product_tag?post=13506"}],"curies":[{"name":"wp","href":"https:\/\/api.w.org\/{rel}","templated":true}]}}