{"id":13353,"date":"2024-12-16T14:22:30","date_gmt":"2024-12-16T17:22:30","guid":{"rendered":"https:\/\/www.dmastro.com.br\/dmastroblog\/?post_type=product&#038;p=13353"},"modified":"2024-12-16T20:34:57","modified_gmt":"2024-12-16T23:34:57","slug":"curso-de-mitologia-com-astrologia-o-poder-do-seu-mito-com-junia-caetano","status":"publish","type":"product","link":"https:\/\/www.dmastro.com.br\/dmastroblog\/produto\/curso-de-mitologia-com-astrologia-o-poder-do-seu-mito-com-junia-caetano\/","title":{"rendered":"Curso de Mitologia com Astrologia &#8211; O Poder do Seu Mito com Junia Caetano"},"content":{"rendered":"<p style=\"text-align: center;\"><em><strong><span style=\"color: #ff0000; font-size: 18pt;\">Curso de Mitologia com Astrologia &#8211; O Poder do Seu Mito<\/span><\/strong><\/em><\/p>\n<p>O melhor e mais completo curso sobre Mitologia com Astrologia para descrever o poder so seu Mito com a mestra Junia Caetano. Venha fazer parte da Elite do Conhecimento essencial para Astr\u00f3logos no Brasil!<\/p>\n<p>Sua professora ser\u00e1 J\u00fania Caetano astr\u00f3loga brasileira reconhecida por seu trabalho como palestrante, pesquisadora e produtora de conte\u00fado sobre astrologia. Ela mant\u00e9m o canal &#8220;Rota do C\u00e9u&#8221; no YouTube, onde compartilha an\u00e1lises astrol\u00f3gicas, interpreta\u00e7\u00f5es de eventos celestes e discuss\u00f5es sobre temas relacionados.<\/p>\n<p>Al\u00e9m disso, J\u00fania participa de entrevistas e debates sobre astrologia e suas implica\u00e7\u00f5es na sociedade contempor\u00e2nea. Participou de uma discuss\u00e3o sobre transumanismo e a Era de Aqu\u00e1rio, explorando as interse\u00e7\u00f5es entre avan\u00e7os tecnol\u00f3gicos e previs\u00f5es astrol\u00f3gicas.\u00a0J\u00fania tamb\u00e9m mant\u00e9m um blog onde publica artigos sobre astrologia, astronomia, mitologia e temas correlatos, oferecendo uma perspectiva ampla e informada sobre essas \u00e1reas. Sua abordagem combina conhecimento t\u00e9cnico com uma vis\u00e3o acess\u00edvel, tornando a astrologia compreens\u00edvel para um p\u00fablico amplo.<\/p>\n<p>Aprenda os Mitos Astrol\u00f3gicos em combina\u00e7\u00e3o com seu Mapa Astral\u00a0 com Junia Caetano<\/p>\n<p>O curso funciona no seguinte formato, com 1 aula por semana, ao vivo com os alunos usando o aplicativo Zoom. A aula fica gravada e pronta para o aluno poder ver quantas vezes quiser ou no caso dele faltar. Tamb\u00e9m existe um grupo de alunos no WhatsApp para apoio as aulas e suporte para d\u00favidas. Os alunos recebem um certificado a cada m\u00f3dulo completo do curso e depois um diploma na conclus\u00e3o de todos os m\u00f3dulos da DMAstro.<\/p>\n<p><strong><span style=\"color: #ff0000;\">As aulas s\u00e3o ao vivo, online e semanais com dura\u00e7\u00e3o de 60 minutos, as mensalidade s\u00e3o de R$ 250 e o curso tem 6 meses de dura\u00e7\u00e3o.<\/span><\/strong><\/p>\n<p>Para mais informa\u00e7\u00f5es e inscri\u00e7\u00f5es, ligue para: (11) 96624-8446 ou envie mensagem no WhatsApp. A forma\u00e7\u00e3o se inicia em 02\/2025 e as aulas ser\u00e3o \u00e0s 20:00<\/p>\n<p>&nbsp;<\/p>\n<p style=\"text-align: center;\"><em><strong><span style=\"color: #99ccff; font-size: 18pt;\">O CURSO QUE VAI TRANSFORMAR TODA A SUA VIDA!<\/span><\/strong><\/em><\/p>\n<p style=\"text-align: left;\"><em><strong>Certifica\u00e7\u00e3o:<\/strong><\/em><br \/>\nSer\u00e1 emitido certificado de conclus\u00e3o ao final do curso.<\/p>\n<p><em><strong>Dura\u00e7\u00e3o do acesso:<\/strong><\/em><br \/>\nAcesso a todo o conte\u00fado virtual na plataforma de estudos por at\u00e9 2 anos ap\u00f3s o t\u00e9rmino do curso<\/p>\n<p>O aluno vai participar do grupo de estudos da Astrologia para esclarecer suas d\u00favidas. O participante que n\u00e3o puder estar presente nas aulas, deve elaborar suas d\u00favidas e perguntas e enviar no grupo do WhatsApp antecipadamente. Tais questionamentos ser\u00e3o respondidos durante a aula semanal. As aulas ficar\u00e3o dispon\u00edveis na plataforma de ensino. Voc\u00ea poder\u00e1 acessar os v\u00eddeos integralmente de qualquer lugar!<\/p>\n<p>&nbsp;<\/p>\n<p style=\"text-align: center;\"><em><strong><span style=\"color: #ff0000; font-size: 18pt;\">Curso de Mitologia com Astrologia &#8211; O Poder do Seu Mito<\/span><\/strong><\/em><\/p>\n<p><span style=\"color: #ff0000;\"><em><strong>Conte\u00fado Program\u00e1tico<\/strong><\/em><\/span><\/p>\n<p><em><strong>O QUE VOC\u00ca VAI APRENDER COM ESTE CURSO ?<\/strong><\/em><\/p>\n<p><em><strong>\u2013 Auto conhecimento<\/strong><\/em><br \/>\n. aprendendo sobre si mesmo<br \/>\n. mudan\u00e7a de paradigmas<br \/>\n. explorando novas possibilidades<\/p>\n<p><em><strong>\u2013 Astronomia<\/strong><\/em><br \/>\n. \u00faltimas descobertas da Ci\u00eancia<br \/>\n. mapeando o cosmo<\/p>\n<p><em><strong>\u2013 Astrologia<\/strong><\/em><br \/>\n. um conhecimento milenar<br \/>\n. uma nova tecnologia<\/p>\n<p><em><strong>\u2013 Mapa Astral \u2013 Capacidades<\/strong><\/em><br \/>\n. ver os mitos no seu mapa<\/p>\n<p><em><strong>O CURSO QUE VAI TRANSFORMAR TODA A SUA REALIDADE!<\/strong><\/em><\/p>\n<p><em><strong>Certifica\u00e7\u00e3o:<\/strong><\/em><br \/>\nSer\u00e1 emitido certificado de conclus\u00e3o em cada passagem de m\u00f3dulo.<\/p>\n<p><em><strong>Dura\u00e7\u00e3o do acesso:<\/strong><\/em><br \/>\nAcesso a todo o conte\u00fado virtual na plataforma de estudos por at\u00e9 2 anos ap\u00f3s o t\u00e9rmino do curso<\/p>\n<p>O aluno vai participar do grupo de estudos da Astrologia para esclarecer suas d\u00favidas. O participante que n\u00e3o puder estar presente nas aulas, deve elaborar suas d\u00favidas e perguntas e enviar no grupo do WhatsApp antecipadamente. Tais questionamentos ser\u00e3o respondidos durante a aula semanal. As aulas ficar\u00e3o dispon\u00edveis na plataforma de ensino. Voc\u00ea poder\u00e1 acessar os v\u00eddeos integralmente de qualquer lugar!<\/p>\n<p style=\"text-align: center;\"><em><strong><span style=\"color: #ff0000; font-size: 18pt;\">Curso de Mitologia com Astrologia &#8211; O Poder do Seu Mito<\/span><\/strong><\/em><\/p>\n<p><strong>Aula 1: \u00c1ries: Regente Marte \/ Ares<\/strong><\/p>\n<p>&#8211; Jas\u00e3o e o Velocino de Ouro<br \/>\n&#8211; A aventura da vida em \u00c1ries no mapa natal<\/p>\n<p><strong>Aula 2: Os 12 Trabalhos de H\u00e9rcules<\/strong><\/p>\n<p>\u00c1ries :AS \u00c9GUAS DEVORADORAS DE HOMENS<br \/>\n&#8220;Aprender a pensar, controlar a mente e transcender o ego\u00edsmo&#8221;<br \/>\n-A casa I e as \u00e9guas que nos devoram<\/p>\n<p><strong>Aula 3: \u00c1ries: Touro: Regente V\u00eanus<\/strong><\/p>\n<p>Hefa\u00edstos o ferreiro dos deuses<br \/>\n-A oficina de Hefa\u00edstos em Touro no mapa natal<\/p>\n<p><strong>Aula 4: Os 12 Trabalhos de H\u00e9rcules<\/strong><\/p>\n<p>Touro: O TOURO DA ILHA SAGRADA<br \/>\n&#8220;Controlar os desejos instintivos e conduzi-los para objetivos elevados&#8221;<br \/>\n-A casa II e a ilha sagrada dos valores<\/p>\n<p><strong>Aula 5: \u00c1ries: G\u00eameos: Regente Merc\u00fario<\/strong><\/p>\n<p>Hermes o patrono dos ladr\u00f5es, do com\u00e9rcio e dos magos<br \/>\n-As encruzilhadas e m\u00faltiplos caminhos de G\u00eameos no mapa natal<\/p>\n<p><strong>Aula 6: \u00c1ries: Os 12 Trabalhos de H\u00e9rcules<\/strong><\/p>\n<p>G\u00eameos: COLHENDO AS MA\u00c7AS DE OURO<br \/>\n&#8220;Aprender a perceber, coordenando os corpos f\u00edsico, emocional e mental entre si&#8221;<br \/>\n-A casa III e o pomar das ma\u00e7\u00e3s de ouro<\/p>\n<p><strong>Aula 7: Caranguejo: Regente Lua<\/strong><\/p>\n<p>Dem\u00e9ter e a filha Pers\u00e9fone<br \/>\n-Os v\u00ednculos familiares de Caranguejo no mapa natal<\/p>\n<p><strong>Aula 8: Os 12 Trabalhos de H\u00e9rcules<\/strong><\/p>\n<p>Caranguejo: A CAPTURA DA COR\u00c7A<br \/>\n&#8220;Reconhecer o reino espiritual&#8221;<br \/>\n-A casa IV e a captura da cor\u00e7a em nossas funda\u00e7\u00f5es<\/p>\n<p><strong>Aula 9: Le\u00e3o: Regente Sol<\/strong><\/p>\n<p>-Apolo, a arte da cura (com Ascl\u00e9pio), e da m\u00fasica<br \/>\nO her\u00f3i solar<br \/>\n-A jornada heroica do ser em Le\u00e3o no mapa natal<\/p>\n<p><strong>Aula 10: Os 12 Trabalhos de H\u00e9rcules<\/strong><\/p>\n<p>Le\u00e3o: A MORTE DO LE\u00c3O DE NEM\u00c9IA<br \/>\n&#8220;Purificar a personalidade amando desinteressadamente&#8221;<br \/>\n-A Casa V e a ca\u00e7ada ao Le\u00e3o interno<\/p>\n<p><strong>Aula 11: Virgem: Regente Merc\u00fario<\/strong><\/p>\n<p>Hermes Psicopompo<br \/>\n-O processo de purifica\u00e7\u00e3o de Virgem no mapa natal<\/p>\n<p><strong>Aula 12: Os 12 Trabalhos de H\u00e9rcules<\/strong><\/p>\n<p>Virgem: APODERANDO-SE DO CINTO DA UNI\u00c3O<br \/>\n&#8220;Encontrar a unidade, superando a oposi\u00e7\u00e3o entre os opostos&#8221;<br \/>\n-A casa VI e a consci\u00eancia corporal-morada da alma<\/p>\n<p><strong>Aula 13: Libra:\u00a0Regente V\u00eanus<\/strong><\/p>\n<p>Afrodite e o Julgamento de P\u00e1ris<br \/>\n-As escolhas de Libra no mapa natal<\/p>\n<p><strong>Aula 14: Os 12 Trabalhos de H\u00e9rcules<\/strong><\/p>\n<p>Libra: A CAPTURA DO JAVALI<br \/>\n\u201cAo tratar com for\u00e7as contr\u00e1rias, achar o equil\u00edbrio sem usar for\u00e7a bruta&#8221;<br \/>\n-A casa VII transcendendo as rela\u00e7\u00f5es que nos capturam<\/p>\n<p><strong>Aula 15: Escorpi\u00e3o: Regente Plut\u00e3o<\/strong><\/p>\n<p>O reino de Hades o Deus dos mortos<br \/>\nMedeia<br \/>\n-Paix\u00f5es e poderes de Escorpi\u00e3o no mapa natal<\/p>\n<p><strong>Aula 16: Os 12 Trabalhos de H\u00e9rcules<\/strong><\/p>\n<p>Escorpi\u00e3o: ERGUENDO A HIDRA DE LERNA<br \/>\n&#8220;Quem se ajoelha eleva-se. \u00c9 renunciando que se ganha&#8221;<br \/>\nA casa VIII nos processos de mortes e renascimentos<\/p>\n<p><strong>Aula 17: Sagit\u00e1rio: Regente J\u00fapiter<\/strong><\/p>\n<p>-Zeus o deus do Olimpo e Qu\u00edron<br \/>\nA soberania e o curador ferido em Sagit\u00e1rio no mapa natal<\/p>\n<p><strong>Aula 18: Os 12 Trabalhos de H\u00e9rcules<\/strong><\/p>\n<p>Sagit\u00e1rio: P\u00c1SSAROS DEVASTADORES<br \/>\n&#8220;Transformar e elevar a nossa palavra, para que possamos ouvir os sons que existem dentro de n\u00f3s&#8221;<br \/>\n-A casa IX e o ca\u00e7ador de si<\/p>\n<p><strong>Aula 19: \u00c1ries: Capric\u00f3rnio: Regente Saturno<\/strong><\/p>\n<p>O devorador dos filhos<br \/>\nA cabra P\u00e3<br \/>\n-O paterno e o p\u00e2nico de Capric\u00f3rnio no mapa natal<\/p>\n<p><strong>Aula 20: \u00c1ries: Os 12 Trabalhos de H\u00e9rcules<\/strong><\/p>\n<p>Capric\u00f3rnio: C\u00c9RBERO MORRE<br \/>\nEm contato com n\u00edveis superiores, usar os pr\u00f3prios dons em aux\u00edlio \u00e0 humanidade&#8221;<br \/>\n-A casa X e a responsabilidade social<\/p>\n<p><strong>Aula 21: Aqu\u00e1rio: Regente Urano<br \/>\n<\/strong><\/p>\n<p>A castra\u00e7\u00e3o de Urano, o deus do c\u00e9u estrelado<br \/>\n-O potencial criativo e destrutivo de Aqu\u00e1rio no mapa natal<\/p>\n<p><strong>Aula 22: Os 12 Trabalhos de H\u00e9rcules<br \/>\n<\/strong><br \/>\nAqu\u00e1rio: LIMPANDO EST\u00c1BULOS DE \u00c1UGIAS<br \/>\n&#8220;Doar energia de vida aos que dela necessitam&#8221;<br \/>\n-A casa XI entre o altru\u00edsmo e sectarismo<\/p>\n<p><strong>Aula 23: Peixes: Regente Netuno<\/strong><\/p>\n<p>Dion\u00edsio \/ Baco<br \/>\n-A loucura e a santidade de Peixes no mapa natal<\/p>\n<p><strong>Aula 24: Os 12 Trabalhos de H\u00e9rcules<\/strong><\/p>\n<p>Peixes: CONDUZINDO O GADO VERMELHO<br \/>\n&#8220;Empenhar-se para ajudar os demais a alcan\u00e7ar o alinhamento superior&#8221;<br \/>\n-A casa XII e a consci\u00eancia espiritual<\/p>\n<p>Conclus\u00e3o e Certifica\u00e7\u00e3o<br \/>\nRevis\u00e3o dos conceitos abordados ao longo do curso.<\/p>\n<p>Entrega de certificados de participa\u00e7\u00e3o e conclus\u00e3o.<\/p>\n","protected":false},"excerpt":{"rendered":"<p style=\"text-align: center;\"><em><strong><span style=\"color: #ff0000; font-size: 18pt;\">Curso de Mitologia com Astrologia &#8211; O Poder do Seu Mito<\/span><\/strong><\/em><\/p>\n<p>O melhor e mais completo curso sobre Mitologia com Astrologia para descrever o poder so seu Mito com a mestra Junia Caetano. Venha fazer parte da Elite do Conhecimento essencial para Astr\u00f3logos no Brasil!<\/p>\n","protected":false},"featured_media":13363,"comment_status":"open","ping_status":"closed","template":"","meta":{"_themeisle_gutenberg_block_has_review":false,"jetpack_post_was_ever_published":false,"jetpack_publicize_message":"","jetpack_publicize_feature_enabled":true,"jetpack_social_post_already_shared":true,"jetpack_social_options":{"image_generator_settings":{"template":"highway","default_image_id":0,"font":"","enabled":false},"version":2}},"product_brand":[],"product_cat":[71,364,66],"product_tag":[76,1327,1779,1792,42,1780,1415],"class_list":{"0":"post-13353","1":"product","2":"type-product","3":"status-publish","4":"has-post-thumbnail","6":"product_cat-cursos-em-video-de-astrologia","7":"product_cat-curso-online","8":"product_cat-cursos-em-video","9":"product_tag-astrologia","10":"product_tag-astrologos","11":"product_tag-formacao","12":"product_tag-hercules","13":"product_tag-mitologia","14":"product_tag-profissional","15":"product_tag-supervisao","16":"post","18":"first","19":"instock","20":"virtual","21":"taxable","22":"purchasable","23":"product-type-simple"},"composite_virtual":false,"composite_layout":"","composite_add_to_cart_form_location":"","composite_editable_in_cart":false,"composite_sold_individually_context":"","composite_shop_price_calc":"","composite_components":[],"composite_scenarios":[],"yoast_head":"<!-- This site is optimized with the Yoast SEO Premium plugin v22.9 (Yoast SEO v27.3) - https:\/\/yoast.com\/product\/yoast-seo-premium-wordpress\/ -->\n<title>Curso de Mitologia com Astrologia - O Poder do Seu Mito com Junia Caetano<\/title>\n<meta name=\"description\" content=\"Curso de Mitologia com Astrologia - O Poder do Seu Mito\" \/>\n<meta name=\"robots\" content=\"index, follow, max-snippet:-1, max-image-preview:large, max-video-preview:-1\" \/>\n<link rel=\"canonical\" href=\"https:\/\/www.dmastro.com.br\/dmastroblog\/produto\/curso-de-mitologia-com-astrologia-o-poder-do-seu-mito-com-junia-caetano\/\" \/>\n<meta property=\"og:locale\" content=\"pt_BR\" \/>\n<meta property=\"og:type\" content=\"article\" \/>\n<meta property=\"og:title\" content=\"Curso de Mitologia com Astrologia - O Poder do Seu Mito com Junia Caetano\" \/>\n<meta property=\"og:description\" content=\"Curso de Mitologia com Astrologia - O Poder do Seu Mito\" \/>\n<meta property=\"og:url\" content=\"https:\/\/www.dmastro.com.br\/dmastroblog\/produto\/curso-de-mitologia-com-astrologia-o-poder-do-seu-mito-com-junia-caetano\/\" \/>\n<meta property=\"og:site_name\" content=\"Escola de Astrologia DMAstro\" \/>\n<meta property=\"article:publisher\" content=\"https:\/\/www.facebook.com\/dmastrobr\" \/>\n<meta property=\"article:modified_time\" content=\"2024-12-16T23:34:57+00:00\" \/>\n<meta property=\"og:image\" content=\"https:\/\/www.dmastro.com.br\/dmastroblog\/wp-content\/uploads\/2024\/12\/junia-caetano-curso-mitologia-e-astrologia-dmastro-correto-peq.png\" \/>\n\t<meta property=\"og:image:width\" content=\"351\" \/>\n\t<meta property=\"og:image:height\" content=\"501\" \/>\n\t<meta property=\"og:image:type\" content=\"image\/png\" \/>\n<meta name=\"twitter:card\" content=\"summary_large_image\" \/>\n<meta name=\"twitter:site\" content=\"@dmastrobrasil\" \/>\n<meta name=\"twitter:label1\" content=\"Pre\u00e7o\" \/>\n\t<meta name=\"twitter:data1\" content=\"&#082;&#036;250,00\" \/>\n\t<meta name=\"twitter:label2\" content=\"Disponibilidade\" \/>\n\t<meta name=\"twitter:data2\" content=\"Em Estoque\" \/>\n<script type=\"application\/ld+json\" class=\"yoast-schema-graph\">{\"@context\":\"https:\\\/\\\/schema.org\",\"@graph\":[{\"@type\":\"WebPage\",\"@id\":\"https:\\\/\\\/www.dmastro.com.br\\\/dmastroblog\\\/produto\\\/curso-de-mitologia-com-astrologia-o-poder-do-seu-mito-com-junia-caetano\\\/\",\"url\":\"https:\\\/\\\/www.dmastro.com.br\\\/dmastroblog\\\/produto\\\/curso-de-mitologia-com-astrologia-o-poder-do-seu-mito-com-junia-caetano\\\/\",\"name\":\"Curso de Mitologia com Astrologia - O Poder do Seu Mito com Junia Caetano\",\"isPartOf\":{\"@id\":\"https:\\\/\\\/www.dmastro.com.br\\\/dmastroblog\\\/#website\"},\"primaryImageOfPage\":{\"@id\":\"https:\\\/\\\/www.dmastro.com.br\\\/dmastroblog\\\/produto\\\/curso-de-mitologia-com-astrologia-o-poder-do-seu-mito-com-junia-caetano\\\/#primaryimage\"},\"image\":{\"@id\":\"https:\\\/\\\/www.dmastro.com.br\\\/dmastroblog\\\/produto\\\/curso-de-mitologia-com-astrologia-o-poder-do-seu-mito-com-junia-caetano\\\/#primaryimage\"},\"thumbnailUrl\":\"https:\\\/\\\/i0.wp.com\\\/www.dmastro.com.br\\\/dmastroblog\\\/wp-content\\\/uploads\\\/2024\\\/12\\\/junia-caetano-curso-mitologia-e-astrologia-dmastro-correto-peq.png?fit=351%2C501&ssl=1\",\"datePublished\":\"2024-12-16T17:22:30+00:00\",\"dateModified\":\"2024-12-16T23:34:57+00:00\",\"description\":\"Curso de Mitologia com Astrologia - O Poder do Seu Mito\",\"breadcrumb\":{\"@id\":\"https:\\\/\\\/www.dmastro.com.br\\\/dmastroblog\\\/produto\\\/curso-de-mitologia-com-astrologia-o-poder-do-seu-mito-com-junia-caetano\\\/#breadcrumb\"},\"inLanguage\":\"pt-BR\",\"potentialAction\":[{\"@type\":\"ReadAction\",\"target\":[\"https:\\\/\\\/www.dmastro.com.br\\\/dmastroblog\\\/produto\\\/curso-de-mitologia-com-astrologia-o-poder-do-seu-mito-com-junia-caetano\\\/\"]}]},{\"@type\":\"ImageObject\",\"inLanguage\":\"pt-BR\",\"@id\":\"https:\\\/\\\/www.dmastro.com.br\\\/dmastroblog\\\/produto\\\/curso-de-mitologia-com-astrologia-o-poder-do-seu-mito-com-junia-caetano\\\/#primaryimage\",\"url\":\"https:\\\/\\\/i0.wp.com\\\/www.dmastro.com.br\\\/dmastroblog\\\/wp-content\\\/uploads\\\/2024\\\/12\\\/junia-caetano-curso-mitologia-e-astrologia-dmastro-correto-peq.png?fit=351%2C501&ssl=1\",\"contentUrl\":\"https:\\\/\\\/i0.wp.com\\\/www.dmastro.com.br\\\/dmastroblog\\\/wp-content\\\/uploads\\\/2024\\\/12\\\/junia-caetano-curso-mitologia-e-astrologia-dmastro-correto-peq.png?fit=351%2C501&ssl=1\",\"width\":351,\"height\":501},{\"@type\":\"BreadcrumbList\",\"@id\":\"https:\\\/\\\/www.dmastro.com.br\\\/dmastroblog\\\/produto\\\/curso-de-mitologia-com-astrologia-o-poder-do-seu-mito-com-junia-caetano\\\/#breadcrumb\",\"itemListElement\":[{\"@type\":\"ListItem\",\"position\":1,\"name\":\"In\u00edcio\",\"item\":\"https:\\\/\\\/www.dmastro.com.br\\\/dmastroblog\\\/\"},{\"@type\":\"ListItem\",\"position\":2,\"name\":\"Loja\",\"item\":\"https:\\\/\\\/www.dmastro.com.br\\\/dmastroblog\\\/loja\\\/\"},{\"@type\":\"ListItem\",\"position\":3,\"name\":\"Curso de Mitologia com Astrologia &#8211; O Poder do Seu Mito com Junia Caetano\"}]},{\"@type\":\"WebSite\",\"@id\":\"https:\\\/\\\/www.dmastro.com.br\\\/dmastroblog\\\/#website\",\"url\":\"https:\\\/\\\/www.dmastro.com.br\\\/dmastroblog\\\/\",\"name\":\"DMAstro Brasil\",\"description\":\"Curso Completo de Forma\u00e7\u00e3o\",\"publisher\":{\"@id\":\"https:\\\/\\\/www.dmastro.com.br\\\/dmastroblog\\\/#organization\"},\"potentialAction\":[{\"@type\":\"SearchAction\",\"target\":{\"@type\":\"EntryPoint\",\"urlTemplate\":\"https:\\\/\\\/www.dmastro.com.br\\\/dmastroblog\\\/?s={search_term_string}\"},\"query-input\":{\"@type\":\"PropertyValueSpecification\",\"valueRequired\":true,\"valueName\":\"search_term_string\"}}],\"inLanguage\":\"pt-BR\"},{\"@type\":\"Organization\",\"@id\":\"https:\\\/\\\/www.dmastro.com.br\\\/dmastroblog\\\/#organization\",\"name\":\"DMAstro Brasil\",\"url\":\"https:\\\/\\\/www.dmastro.com.br\\\/dmastroblog\\\/\",\"logo\":{\"@type\":\"ImageObject\",\"inLanguage\":\"pt-BR\",\"@id\":\"https:\\\/\\\/www.dmastro.com.br\\\/dmastroblog\\\/#\\\/schema\\\/logo\\\/image\\\/\",\"url\":\"https:\\\/\\\/www.dmastro.com.br\\\/dmastroblog\\\/wp-content\\\/uploads\\\/2018\\\/12\\\/logotipo-dmastro-brasil.png\",\"contentUrl\":\"https:\\\/\\\/www.dmastro.com.br\\\/dmastroblog\\\/wp-content\\\/uploads\\\/2018\\\/12\\\/logotipo-dmastro-brasil.png\",\"width\":180,\"height\":180,\"caption\":\"DMAstro Brasil\"},\"image\":{\"@id\":\"https:\\\/\\\/www.dmastro.com.br\\\/dmastroblog\\\/#\\\/schema\\\/logo\\\/image\\\/\"},\"sameAs\":[\"https:\\\/\\\/www.facebook.com\\\/dmastrobr\",\"https:\\\/\\\/x.com\\\/dmastrobrasil\",\"https:\\\/\\\/www.instagram.com\\\/dmastrobrasil\\\/\"]}]}<\/script>\n<meta property=\"product:price:amount\" content=\"250.00\" \/>\n<meta property=\"product:price:currency\" content=\"BRL\" \/>\n<meta property=\"og:availability\" content=\"instock\" \/>\n<meta property=\"product:availability\" content=\"instock\" \/>\n<meta property=\"product:condition\" content=\"new\" \/>\n<!-- \/ Yoast SEO Premium plugin. -->","yoast_head_json":{"title":"Curso de Mitologia com Astrologia - O Poder do Seu Mito com Junia Caetano","description":"Curso de Mitologia com Astrologia - O Poder do Seu Mito","robots":{"index":"index","follow":"follow","max-snippet":"max-snippet:-1","max-image-preview":"max-image-preview:large","max-video-preview":"max-video-preview:-1"},"canonical":"https:\/\/www.dmastro.com.br\/dmastroblog\/produto\/curso-de-mitologia-com-astrologia-o-poder-do-seu-mito-com-junia-caetano\/","og_locale":"pt_BR","og_type":"article","og_title":"Curso de Mitologia com Astrologia - O Poder do Seu Mito com Junia Caetano","og_description":"Curso de Mitologia com Astrologia - O Poder do Seu Mito","og_url":"https:\/\/www.dmastro.com.br\/dmastroblog\/produto\/curso-de-mitologia-com-astrologia-o-poder-do-seu-mito-com-junia-caetano\/","og_site_name":"Escola de Astrologia DMAstro","article_publisher":"https:\/\/www.facebook.com\/dmastrobr","article_modified_time":"2024-12-16T23:34:57+00:00","og_image":[{"width":351,"height":501,"url":"https:\/\/www.dmastro.com.br\/dmastroblog\/wp-content\/uploads\/2024\/12\/junia-caetano-curso-mitologia-e-astrologia-dmastro-correto-peq.png","type":"image\/png"}],"twitter_card":"summary_large_image","twitter_site":"@dmastrobrasil","twitter_misc":{"Pre\u00e7o":"&#82;&#36;250,00","Disponibilidade":"Em Estoque"},"schema":{"@context":"https:\/\/schema.org","@graph":[{"@type":"WebPage","@id":"https:\/\/www.dmastro.com.br\/dmastroblog\/produto\/curso-de-mitologia-com-astrologia-o-poder-do-seu-mito-com-junia-caetano\/","url":"https:\/\/www.dmastro.com.br\/dmastroblog\/produto\/curso-de-mitologia-com-astrologia-o-poder-do-seu-mito-com-junia-caetano\/","name":"Curso de Mitologia com Astrologia - O Poder do Seu Mito com Junia Caetano","isPartOf":{"@id":"https:\/\/www.dmastro.com.br\/dmastroblog\/#website"},"primaryImageOfPage":{"@id":"https:\/\/www.dmastro.com.br\/dmastroblog\/produto\/curso-de-mitologia-com-astrologia-o-poder-do-seu-mito-com-junia-caetano\/#primaryimage"},"image":{"@id":"https:\/\/www.dmastro.com.br\/dmastroblog\/produto\/curso-de-mitologia-com-astrologia-o-poder-do-seu-mito-com-junia-caetano\/#primaryimage"},"thumbnailUrl":"https:\/\/i0.wp.com\/www.dmastro.com.br\/dmastroblog\/wp-content\/uploads\/2024\/12\/junia-caetano-curso-mitologia-e-astrologia-dmastro-correto-peq.png?fit=351%2C501&ssl=1","datePublished":"2024-12-16T17:22:30+00:00","dateModified":"2024-12-16T23:34:57+00:00","description":"Curso de Mitologia com Astrologia - O Poder do Seu Mito","breadcrumb":{"@id":"https:\/\/www.dmastro.com.br\/dmastroblog\/produto\/curso-de-mitologia-com-astrologia-o-poder-do-seu-mito-com-junia-caetano\/#breadcrumb"},"inLanguage":"pt-BR","potentialAction":[{"@type":"ReadAction","target":["https:\/\/www.dmastro.com.br\/dmastroblog\/produto\/curso-de-mitologia-com-astrologia-o-poder-do-seu-mito-com-junia-caetano\/"]}]},{"@type":"ImageObject","inLanguage":"pt-BR","@id":"https:\/\/www.dmastro.com.br\/dmastroblog\/produto\/curso-de-mitologia-com-astrologia-o-poder-do-seu-mito-com-junia-caetano\/#primaryimage","url":"https:\/\/i0.wp.com\/www.dmastro.com.br\/dmastroblog\/wp-content\/uploads\/2024\/12\/junia-caetano-curso-mitologia-e-astrologia-dmastro-correto-peq.png?fit=351%2C501&ssl=1","contentUrl":"https:\/\/i0.wp.com\/www.dmastro.com.br\/dmastroblog\/wp-content\/uploads\/2024\/12\/junia-caetano-curso-mitologia-e-astrologia-dmastro-correto-peq.png?fit=351%2C501&ssl=1","width":351,"height":501},{"@type":"BreadcrumbList","@id":"https:\/\/www.dmastro.com.br\/dmastroblog\/produto\/curso-de-mitologia-com-astrologia-o-poder-do-seu-mito-com-junia-caetano\/#breadcrumb","itemListElement":[{"@type":"ListItem","position":1,"name":"In\u00edcio","item":"https:\/\/www.dmastro.com.br\/dmastroblog\/"},{"@type":"ListItem","position":2,"name":"Loja","item":"https:\/\/www.dmastro.com.br\/dmastroblog\/loja\/"},{"@type":"ListItem","position":3,"name":"Curso de Mitologia com Astrologia &#8211; O Poder do Seu Mito com Junia Caetano"}]},{"@type":"WebSite","@id":"https:\/\/www.dmastro.com.br\/dmastroblog\/#website","url":"https:\/\/www.dmastro.com.br\/dmastroblog\/","name":"DMAstro Brasil","description":"Curso Completo de Forma\u00e7\u00e3o","publisher":{"@id":"https:\/\/www.dmastro.com.br\/dmastroblog\/#organization"},"potentialAction":[{"@type":"SearchAction","target":{"@type":"EntryPoint","urlTemplate":"https:\/\/www.dmastro.com.br\/dmastroblog\/?s={search_term_string}"},"query-input":{"@type":"PropertyValueSpecification","valueRequired":true,"valueName":"search_term_string"}}],"inLanguage":"pt-BR"},{"@type":"Organization","@id":"https:\/\/www.dmastro.com.br\/dmastroblog\/#organization","name":"DMAstro Brasil","url":"https:\/\/www.dmastro.com.br\/dmastroblog\/","logo":{"@type":"ImageObject","inLanguage":"pt-BR","@id":"https:\/\/www.dmastro.com.br\/dmastroblog\/#\/schema\/logo\/image\/","url":"https:\/\/www.dmastro.com.br\/dmastroblog\/wp-content\/uploads\/2018\/12\/logotipo-dmastro-brasil.png","contentUrl":"https:\/\/www.dmastro.com.br\/dmastroblog\/wp-content\/uploads\/2018\/12\/logotipo-dmastro-brasil.png","width":180,"height":180,"caption":"DMAstro Brasil"},"image":{"@id":"https:\/\/www.dmastro.com.br\/dmastroblog\/#\/schema\/logo\/image\/"},"sameAs":["https:\/\/www.facebook.com\/dmastrobr","https:\/\/x.com\/dmastrobrasil","https:\/\/www.instagram.com\/dmastrobrasil\/"]}]},"product_price_amount":"250.00","product_price_currency":"BRL","og_availability":"instock","product_availability":"instock","product_condition":"new"},"jetpack_publicize_connections":[],"jetpack_sharing_enabled":true,"jetpack_likes_enabled":false,"publishpress_future_workflow_manual_trigger":{"enabledWorkflows":[]},"_links":{"self":[{"href":"https:\/\/www.dmastro.com.br\/dmastroblog\/wp-json\/wp\/v2\/product\/13353","targetHints":{"allow":["GET"]}}],"collection":[{"href":"https:\/\/www.dmastro.com.br\/dmastroblog\/wp-json\/wp\/v2\/product"}],"about":[{"href":"https:\/\/www.dmastro.com.br\/dmastroblog\/wp-json\/wp\/v2\/types\/product"}],"replies":[{"embeddable":true,"href":"https:\/\/www.dmastro.com.br\/dmastroblog\/wp-json\/wp\/v2\/comments?post=13353"}],"wp:featuredmedia":[{"embeddable":true,"href":"https:\/\/www.dmastro.com.br\/dmastroblog\/wp-json\/wp\/v2\/media\/13363"}],"wp:attachment":[{"href":"https:\/\/www.dmastro.com.br\/dmastroblog\/wp-json\/wp\/v2\/media?parent=13353"}],"wp:term":[{"taxonomy":"product_brand","embeddable":true,"href":"https:\/\/www.dmastro.com.br\/dmastroblog\/wp-json\/wp\/v2\/product_brand?post=13353"},{"taxonomy":"product_cat","embeddable":true,"href":"https:\/\/www.dmastro.com.br\/dmastroblog\/wp-json\/wp\/v2\/product_cat?post=13353"},{"taxonomy":"product_tag","embeddable":true,"href":"https:\/\/www.dmastro.com.br\/dmastroblog\/wp-json\/wp\/v2\/product_tag?post=13353"}],"curies":[{"name":"wp","href":"https:\/\/api.w.org\/{rel}","templated":true}]}}