{"id":12081,"date":"2024-04-23T18:46:40","date_gmt":"2024-04-23T21:46:40","guid":{"rendered":"https:\/\/www.dmastro.com.br\/dmastroblog\/?post_type=product&#038;p=12081"},"modified":"2024-04-24T00:49:13","modified_gmt":"2024-04-24T03:49:13","slug":"numerologia-carmica-e-pitagorica-com-sueli-lucchi-di-leo","status":"publish","type":"product","link":"https:\/\/www.dmastro.com.br\/dmastroblog\/produto\/numerologia-carmica-e-pitagorica-com-sueli-lucchi-di-leo\/","title":{"rendered":"Numerologia C\u00e1rmica e Pitag\u00f3rica com Sueli Lucchi di Leo"},"content":{"rendered":"<p style=\"text-align: center;\"><em><strong><span style=\"color: #ff0000; font-size: 18pt;\">Numerologia C\u00e1rmica e Pitag\u00f3rica com Sueli Lucchi di Leo<\/span><\/strong><\/em><\/p>\n<p>O melhor curso de Numerologia C\u00e1rmica do Brasil, com a professora Sueli Lucchi di Leo. Venha fazer parte da Elite do Conhecimento Numerol\u00f3gico no Brasil!<\/p>\n<p>Voc\u00ea vai se tornar um numer\u00f3logo profissional, mesmo que n\u00e3o saiba nada de numerologia. Vai aprender a base corretamente at\u00e9 interpretar mapas numerol\u00f3gicos, com o curso de Numerologia Carmica e Pitag\u00f3rica.<\/p>\n<p>Conhe\u00e7a sua professora:<\/p>\n<p>&#8211; Curr\u00edculo \u2013 Bacharel em Ci\u00eancias cont\u00e1beis turma de 1981 Faculdade S\u00e3o Judas Tadeu,<br \/>\n&#8211; Mestre instrutora e facilitadora de Reiki e numerologia profissional<br \/>\n&#8211; Sensei dos m\u00e9todos; Reiki Usui e Karuna Ki<br \/>\n&#8211; Bushido Reiki Samurai Sueli<br \/>\n&#8211; Numerologia Pitag\u00f3rica \u2013 C\u00e1rmica e qu\u00e2ntica<br \/>\n&#8211; Escritora de livros sobre Reiki e numerologia<br \/>\n&#8211; Casada \u2013 esposa m\u00e3e av\u00f3.<\/p>\n<p>O curso funciona no seguinte formato, com 1 aula por semana, ao vivo com os alunos usando o aplicativo Zoom. A aula fica gravada e pronta para o aluno poder ver quantas vezes quiser ou no caso dele faltar. Tamb\u00e9m existe um grupo de alunos no WhatsApp para apoio as aulas e suporte para d\u00favidas. Os alunos recebem um certificado a cada m\u00f3dulo completo do curso e depois um diploma na conclus\u00e3o de todos os m\u00f3dulos da DMAstro.<\/p>\n<p>As aulas ao vivo de tira d\u00favidas semanais s\u00e3o de 60 minutos, as mensalidades s\u00e3o de R$ 260. O curso tem 6 meses.<\/p>\n<p>Para mais informa\u00e7\u00f5es e inscri\u00e7\u00f5es, ligue para: (11) 96624-8446 ou envie mensagem no WhatsApp.<\/p>\n<p>O objetivo do curso \u00e9 a expans\u00e3o de consci\u00eancia e autotransforma\u00e7\u00e3o do aluno atrav\u00e9s da astrologia. O caminho de autodesenvolvimento \u00e9 o verdadeiro poder de mudar a vida.<\/p>\n<p>&nbsp;<\/p>\n<p style=\"text-align: center;\"><span style=\"font-size: 18pt;\"><em><strong><span style=\"color: #99ccff;\">O QUE VOC\u00ca VAI APRENDER COM ESTE CURSO ?<\/span><\/strong><\/em><\/span><\/p>\n<p>&nbsp;<\/p>\n<p><span style=\"font-size: 18pt;\"><em><strong><span style=\"color: #99ccff;\">NUMEROLOGIA C\u00c1RMICA E PITAG\u00d3RICA<\/span><\/strong><\/em><\/span><\/p>\n<p>1 e 2 aulas especiais \u2013 Os astros em concord\u00e2ncia com os n\u00fameros e as l\u00e2minas da taromancia<br \/>\n3\u00aa aula &#8211; Os alunos devem j\u00e1 estarem cadastrados no programa \u201cQuintess\u00eancia\u201d gratuitamente, para a pratica, equivalente a laborat\u00f3rio e\/ou estagio<br \/>\nAs aulas giram em torno dos 6 n\u00fameros principais mais analises acess\u00f3rias de complementos aos aconselhamentos conforme conte\u00fado de forma\u00e7\u00e3o profissional.<br \/>\nMentoria aos alunos cadastrados<\/p>\n<p><span style=\"font-size: 18pt;\"><em><strong><span style=\"color: #99ccff;\">PIT\u00c1GORAS E A EVOLU\u00c7\u00c3O HUMANA<br \/>\n<\/span><\/strong><\/em><\/span><br \/>\nA profiss\u00e3o de numer\u00f3logo \u2013 \u00c9tica e as Leis<br \/>\nForma\u00e7\u00e3o de um coaching da numerologia<br \/>\nNumerologia \u00e9 Pseudoci\u00eancia<br \/>\nVibra\u00e7\u00f5es num\u00e9ricas do sistema pitag\u00f3rico<br \/>\n&#8211; N\u00fameros principais para a decodifica\u00e7\u00e3o do estudo Natal. Pitag\u00f3rica e C\u00e1rmica<br \/>\nCaracter\u00edsticas de cada vibra\u00e7\u00e3o energ\u00e9tica<br \/>\nO homem a metaf\u00edsica e a numerologia<\/p>\n<p><span style=\"font-size: 18pt;\"><em><strong><span style=\"color: #99ccff;\">NUMEROLOGIA C\u00c1RMICA<br \/>\n<\/span><\/strong><\/em><\/span><br \/>\n&#8211; O carma e a evolu\u00e7\u00e3o da Alma<br \/>\n&#8211; Numerologia C\u00e1rmica e os n\u00fameros sincr\u00f4nicos<\/p>\n<p><strong>Regra b\u00e1sica para o estudo da numerologia.<\/strong><br \/>\n&#8211; Letras Sons e cores W e Y<br \/>\n&#8211; Tabela de convers\u00e3o e racioc\u00ednio matem\u00e1tico<br \/>\nAs 3 etapas de cada an\u00e1lise.<\/p>\n<p><strong>O 1\u00ba n\u00famero principal \u201cmotiva\u00e7\u00e3o\u201d. Personalidade interior<\/strong><br \/>\n&#8211; A soma das vogais do nome de batismo<br \/>\n&#8211; 1\u00ba c\u00e1lculo dos obst\u00e1culos da motiva\u00e7\u00e3o dos ideais<br \/>\n&#8211; 2\u00ba c\u00e1lculo dos obst\u00e1culos da motiva\u00e7\u00e3o dos ideais<br \/>\n&#8211; A confec\u00e7\u00e3o da pir\u00e2mide invertida das vogais \u201ccarma e os n\u00fameros sincr\u00f4nicos\u201d<\/p>\n<p><strong>O 2\u00ba n\u00famero principal \u201cApar\u00eancia ou Auto imagem\u201d \u2013 Personalidade exterior<\/strong><br \/>\n&#8211; A soma das consoantes do nome de batismo &#8211; Impacto no social<br \/>\n&#8211; 1\u00ba c\u00e1lculo dos obst\u00e1culos da apar\u00eancia<br \/>\n&#8211; 2\u00ba c\u00e1lculo dos obst\u00e1culos da apar\u00eancia<br \/>\n&#8211; A confec\u00e7\u00e3o da pir\u00e2mide invertida das consoantes<\/p>\n<p><strong>O 3\u00ba n\u00famero principal \u201cexpress\u00e3o do destino do livre arb\u00edtrio &#8211; talentos e habilidades\u201d<\/strong><br \/>\n&#8211; A soma das convers\u00f5es do nome completo<br \/>\n&#8211; 1\u00ba c\u00e1lculo dos obst\u00e1culos da express\u00e3o<br \/>\n&#8211; 2\u00ba c\u00e1lculo dos obst\u00e1culos da express\u00e3o<br \/>\nA confec\u00e7\u00e3o da pir\u00e2mide invertida da express\u00e3o<\/p>\n<p><strong>Primeira vogal<\/strong> \u2013 Desejo instintivo. Forma pensamento no comportamento do que pensa e emite, age e reage<br \/>\n<strong>Alicerce<\/strong> \u2013 Pedra angular 1\u00ba letra do nome ou Comportamento do car\u00e1ter<br \/>\n<strong>Chave simples ou composta<\/strong> &#8211; Decodifica como Chave simples e composta<br \/>\n<strong>O Sobrenome e os dogmas carm\u00e1tico<\/strong> \u2013 Miasmas de fam\u00edlia<br \/>\n<strong>DECODIFICA\u00c7\u00c3O<\/strong> &#8211; Os pontos fracos, aus\u00eancias e os excessos de talentos na Grade das ocorr\u00eancias<br \/>\n&#8211; Cores dos excessos e das aus\u00eancias na aura, inclui metafisica<br \/>\n&#8211; Tend\u00eancia Dominante \u2013 Talentos ou excessos de uma mesma vibra\u00e7\u00e3o<br \/>\n<strong>Subconsciente<\/strong> \u2013 Feeling intuitivo para coaching<br \/>\n<strong>Equil\u00edbrio<\/strong> \u2013 Iniciais do nome \u2013 Tend\u00eancias para rubrica eletr\u00f4nica<br \/>\n&#8211; Apelidos e as an\u00e1lises<\/p>\n<p><strong>O 4\u00ba n\u00famero principal &#8211; Dia de Nascimento \u2013 Dom precioso<\/strong><br \/>\n&#8211; Voca\u00e7\u00e3o e Carreira &#8211; Acordo de nascimento<br \/>\n&#8211; Conduta \u2013 Atitudes na rotina di\u00e1ria<br \/>\nPlano de vida &#8211; 3 grandes ciclos; Formativo \u2013 Poder e colheita<\/p>\n<p><strong>O 5\u00ba n\u00famero principal \u201cMVA\u201d Miss\u00e3o da vida atual ou Li\u00e7\u00e3o de vida<\/strong><br \/>\n&#8211; Analise da data completa de nascimento<br \/>\n&#8211; Obst\u00e1culo do caminho da miss\u00e3o<br \/>\n&#8211; Pir\u00e2mide da MVA para detec\u00e7\u00e3o a s amarras no caminho de vida<br \/>\n&#8211; Caminho do Destino da miss\u00e3o divinamente destinada<\/p>\n<p><strong>O 6\u00ba n\u00famero principal &#8211; Numero poderoso \u2013 Caminho<\/strong><br \/>\n\u2013 Farol no caminho da maturidade<br \/>\n<strong>Desafios \u2013 Obst\u00e1culos vivenciais &#8211; Epiciclos<\/strong><br \/>\n<strong>Pin\u00e1culos \u2013 Aprendizados para superar os obst\u00e1culos -Epiciclos<\/strong><br \/>\n<strong>Plano de temperamento \u2013 F\u00edsico, mental, emocional e intuitivo.<\/strong> Inclui o estudo dos quatro temperamentos \u2014 Col\u00e9rico, Sangu\u00edneo, Melanc\u00f3lico e Fleum\u00e1tico<br \/>\n<strong>Equil\u00edbrio da assinatura \u2013 Nomeosofia<\/strong><\/p>\n<p><span style=\"font-size: 18pt;\"><em><strong><span style=\"color: #99ccff;\">PROGRESS\u00d5ES &#8211; TEND\u00caNCIAS E PROBABILIDADES<\/span><\/strong><\/em><\/span><\/p>\n<p>Ano c\u00f3smico \u2013 M\u00eas c\u00f3smico \u2013 Dia c\u00f3smico<br \/>\nVibra\u00e7\u00e3o da idade amarrado com ano pessoal ess\u00eancia e o tr\u00e2nsito da letra<br \/>\nLetra em tr\u00e2nsito \u2013 Per\u00edodo do obst\u00e1culo da letra<br \/>\nEss\u00eancia \u2013 Ciclo da motiva\u00e7\u00e3o em evidencia<br \/>\nAno pessoal Quadrimestre pessoal M\u00eas pessoal Dia pessoal<br \/>\nAno da sorte<br \/>\nO tr\u00edgono de marte e a revela\u00e7\u00e3o das idades<br \/>\nTriangulo divino e a intercorr\u00eancias por ciclos<br \/>\nResultados das pr\u00e1ticas das an\u00e1lises;<br \/>\nEsqueleto dos resultados do estudo personalizado<br \/>\nCaracter\u00edsticas dos resultados dos estudos com amarra\u00e7\u00e3o do Mapa Natal<br \/>\n\u201cO livro da vida\u201d<br \/>\nAnalise do nome do bebe Em ebook<br \/>\nAnalise da placa do carro. Em ebook<br \/>\nAnalise do n\u00famero da casa e do comercio em ebook<br \/>\nData, dia e hora de casamentos<br \/>\nSinastria das compatibilidades. Em ebook<br \/>\nNumerologia empresarial. Em ebook<\/p>\n<p style=\"text-align: center;\"><em><strong><span style=\"color: #99ccff; font-size: 18pt;\">O CURSO QUE VAI TRANSFORMAR TODA A SUA REALIDADE!<\/span><\/strong><\/em><\/p>\n<p style=\"text-align: left;\"><em><strong>Certifica\u00e7\u00e3o:<\/strong><\/em><br \/>\nSer\u00e1 emitido certificado de conclus\u00e3o no final do curso.<\/p>\n<p><em><strong>Dura\u00e7\u00e3o do acesso:<\/strong><\/em><br \/>\nAcesso a todo o conte\u00fado virtual na plataforma de estudos por at\u00e9 1 ano ap\u00f3s o t\u00e9rmino do curso<\/p>\n<p>O aluno vai participar do grupo de estudos de Numerologia para esclarecer suas d\u00favidas. O participante que n\u00e3o puder estar presente nas aulas, deve elaborar suas d\u00favidas e perguntas e enviar no grupo do WhatsApp antecipadamente. Tais questionamentos ser\u00e3o respondidos durante o workshop. As aulas ficar\u00e3o dispon\u00edveis na plataforma de ensino. Voc\u00ea poder\u00e1 acessar os v\u00eddeos integralmente de qualquer lugar!<\/p>\n<p>O curso tem tem 6 meses, ao vivo com os alunos usando o aplicativo Zoom. A aula fica gravada e pronta para o aluno poder ver quantas vezes quiser ou no caso dele faltar. Tamb\u00e9m existe um grupo de alunos no WhatsApp para apoio as aulas e suporte para d\u00favidas. Os alunos recebem um certificado ao fim do workshop.<\/p>\n<p>Para mais informa\u00e7\u00f5es e inscri\u00e7\u00f5es, ligue para: (11) 96624-8446 ou envie mensagem no WhatsApp. O curso come\u00e7a em 29\/05\/2024.<\/p>\n<p style=\"text-align: center;\"><em><strong><span style=\"color: #ff0000; font-size: 18pt;\">Numerologia C\u00e1rmica e Pitag\u00f3rica com Sueli Lucchi di Leo<\/span><\/strong><\/em><\/p>\n","protected":false},"excerpt":{"rendered":"<p style=\"text-align: center;\"><em><strong><span style=\"color: #ff0000; font-size: 18pt;\">Numerologia C\u00e1rmica e Pitag\u00f3rica com Sueli Lucchi di Leo<\/span><\/strong><\/em><\/p>\n<p>O melhor curso de Numerologia C\u00e1rmica do Brasil, com a professora Sueli Lucchi di Leo. Venha fazer parte da Elite do Conhecimento Numerol\u00f3gico no Brasil!<\/p>\n<p>Voc\u00ea vai se tornar um numer\u00f3logo profissional, mesmo que n\u00e3o saiba nada de numerologia. Vai aprender a base corretamente at\u00e9 interpretar mapas numerol\u00f3gicos, com o curso de Numerologia Carmica e Pitag\u00f3rica.<\/p>\n","protected":false},"featured_media":12082,"comment_status":"open","ping_status":"closed","template":"","meta":{"_themeisle_gutenberg_block_has_review":false,"jetpack_post_was_ever_published":false,"jetpack_publicize_message":"","jetpack_publicize_feature_enabled":true,"jetpack_social_post_already_shared":true,"jetpack_social_options":{"image_generator_settings":{"template":"highway","default_image_id":0,"font":"","enabled":false},"version":2}},"product_brand":[],"product_cat":[364,66,911],"product_tag":[],"class_list":{"0":"post-12081","1":"product","2":"type-product","3":"status-publish","4":"has-post-thumbnail","6":"product_cat-curso-online","7":"product_cat-cursos-em-video","8":"product_cat-numerologia","9":"post","11":"first","12":"instock","13":"virtual","14":"taxable","15":"purchasable","16":"product-type-simple"},"composite_virtual":false,"composite_layout":"","composite_add_to_cart_form_location":"","composite_editable_in_cart":false,"composite_sold_individually_context":"","composite_shop_price_calc":"","composite_components":[],"composite_scenarios":[],"yoast_head":"<!-- This site is optimized with the Yoast SEO Premium plugin v22.9 (Yoast SEO v27.3) - https:\/\/yoast.com\/product\/yoast-seo-premium-wordpress\/ -->\n<title>Numerologia C\u00e1rmica e Pitag\u00f3rica com Sueli Lucchi di Leo<\/title>\n<meta name=\"description\" content=\"Numerologia C\u00e1rmica e Pitag\u00f3rica com Sueli Lucchi di Leo\" \/>\n<meta name=\"robots\" content=\"index, follow, max-snippet:-1, max-image-preview:large, max-video-preview:-1\" \/>\n<link rel=\"canonical\" href=\"https:\/\/www.dmastro.com.br\/dmastroblog\/produto\/numerologia-carmica-e-pitagorica-com-sueli-lucchi-di-leo\/\" \/>\n<meta property=\"og:locale\" content=\"pt_BR\" \/>\n<meta property=\"og:type\" content=\"article\" \/>\n<meta property=\"og:title\" content=\"Numerologia C\u00e1rmica e Pitag\u00f3rica com Sueli Lucchi di Leo\" \/>\n<meta property=\"og:description\" content=\"Numerologia C\u00e1rmica e Pitag\u00f3rica com Sueli Lucchi di Leo\" \/>\n<meta property=\"og:url\" content=\"https:\/\/www.dmastro.com.br\/dmastroblog\/produto\/numerologia-carmica-e-pitagorica-com-sueli-lucchi-di-leo\/\" \/>\n<meta property=\"og:site_name\" content=\"Escola de Astrologia DMAstro\" \/>\n<meta property=\"article:publisher\" content=\"https:\/\/www.facebook.com\/dmastrobr\" \/>\n<meta property=\"article:modified_time\" content=\"2024-04-24T03:49:13+00:00\" \/>\n<meta property=\"og:image\" content=\"https:\/\/www.dmastro.com.br\/dmastroblog\/wp-content\/uploads\/2024\/04\/curso-numerologia-carmica-e-pitagorica-sueli-lucchi-di-leo.jpg\" \/>\n\t<meta property=\"og:image:width\" content=\"1402\" \/>\n\t<meta property=\"og:image:height\" content=\"2000\" \/>\n\t<meta property=\"og:image:type\" content=\"image\/jpeg\" \/>\n<meta name=\"twitter:card\" content=\"summary_large_image\" \/>\n<meta name=\"twitter:site\" content=\"@dmastrobrasil\" \/>\n<meta name=\"twitter:label1\" content=\"Pre\u00e7o\" \/>\n\t<meta name=\"twitter:data1\" content=\"&#082;&#036;260,00\" \/>\n\t<meta name=\"twitter:label2\" content=\"Disponibilidade\" \/>\n\t<meta name=\"twitter:data2\" content=\"Em Estoque\" \/>\n<script type=\"application\/ld+json\" class=\"yoast-schema-graph\">{\"@context\":\"https:\\\/\\\/schema.org\",\"@graph\":[{\"@type\":\"WebPage\",\"@id\":\"https:\\\/\\\/www.dmastro.com.br\\\/dmastroblog\\\/produto\\\/numerologia-carmica-e-pitagorica-com-sueli-lucchi-di-leo\\\/\",\"url\":\"https:\\\/\\\/www.dmastro.com.br\\\/dmastroblog\\\/produto\\\/numerologia-carmica-e-pitagorica-com-sueli-lucchi-di-leo\\\/\",\"name\":\"Numerologia C\u00e1rmica e Pitag\u00f3rica com Sueli Lucchi di Leo\",\"isPartOf\":{\"@id\":\"https:\\\/\\\/www.dmastro.com.br\\\/dmastroblog\\\/#website\"},\"primaryImageOfPage\":{\"@id\":\"https:\\\/\\\/www.dmastro.com.br\\\/dmastroblog\\\/produto\\\/numerologia-carmica-e-pitagorica-com-sueli-lucchi-di-leo\\\/#primaryimage\"},\"image\":{\"@id\":\"https:\\\/\\\/www.dmastro.com.br\\\/dmastroblog\\\/produto\\\/numerologia-carmica-e-pitagorica-com-sueli-lucchi-di-leo\\\/#primaryimage\"},\"thumbnailUrl\":\"https:\\\/\\\/i0.wp.com\\\/www.dmastro.com.br\\\/dmastroblog\\\/wp-content\\\/uploads\\\/2024\\\/04\\\/curso-numerologia-carmica-e-pitagorica-sueli-lucchi-di-leo.jpg?fit=1402%2C2000&ssl=1\",\"datePublished\":\"2024-04-23T21:46:40+00:00\",\"dateModified\":\"2024-04-24T03:49:13+00:00\",\"description\":\"Numerologia C\u00e1rmica e Pitag\u00f3rica com Sueli Lucchi di Leo\",\"breadcrumb\":{\"@id\":\"https:\\\/\\\/www.dmastro.com.br\\\/dmastroblog\\\/produto\\\/numerologia-carmica-e-pitagorica-com-sueli-lucchi-di-leo\\\/#breadcrumb\"},\"inLanguage\":\"pt-BR\",\"potentialAction\":[{\"@type\":\"ReadAction\",\"target\":[\"https:\\\/\\\/www.dmastro.com.br\\\/dmastroblog\\\/produto\\\/numerologia-carmica-e-pitagorica-com-sueli-lucchi-di-leo\\\/\"]}]},{\"@type\":\"ImageObject\",\"inLanguage\":\"pt-BR\",\"@id\":\"https:\\\/\\\/www.dmastro.com.br\\\/dmastroblog\\\/produto\\\/numerologia-carmica-e-pitagorica-com-sueli-lucchi-di-leo\\\/#primaryimage\",\"url\":\"https:\\\/\\\/i0.wp.com\\\/www.dmastro.com.br\\\/dmastroblog\\\/wp-content\\\/uploads\\\/2024\\\/04\\\/curso-numerologia-carmica-e-pitagorica-sueli-lucchi-di-leo.jpg?fit=1402%2C2000&ssl=1\",\"contentUrl\":\"https:\\\/\\\/i0.wp.com\\\/www.dmastro.com.br\\\/dmastroblog\\\/wp-content\\\/uploads\\\/2024\\\/04\\\/curso-numerologia-carmica-e-pitagorica-sueli-lucchi-di-leo.jpg?fit=1402%2C2000&ssl=1\",\"width\":1402,\"height\":2000},{\"@type\":\"BreadcrumbList\",\"@id\":\"https:\\\/\\\/www.dmastro.com.br\\\/dmastroblog\\\/produto\\\/numerologia-carmica-e-pitagorica-com-sueli-lucchi-di-leo\\\/#breadcrumb\",\"itemListElement\":[{\"@type\":\"ListItem\",\"position\":1,\"name\":\"In\u00edcio\",\"item\":\"https:\\\/\\\/www.dmastro.com.br\\\/dmastroblog\\\/\"},{\"@type\":\"ListItem\",\"position\":2,\"name\":\"Loja\",\"item\":\"https:\\\/\\\/www.dmastro.com.br\\\/dmastroblog\\\/loja\\\/\"},{\"@type\":\"ListItem\",\"position\":3,\"name\":\"Numerologia C\u00e1rmica e Pitag\u00f3rica com Sueli Lucchi di Leo\"}]},{\"@type\":\"WebSite\",\"@id\":\"https:\\\/\\\/www.dmastro.com.br\\\/dmastroblog\\\/#website\",\"url\":\"https:\\\/\\\/www.dmastro.com.br\\\/dmastroblog\\\/\",\"name\":\"DMAstro Brasil\",\"description\":\"Curso Completo de Forma\u00e7\u00e3o\",\"publisher\":{\"@id\":\"https:\\\/\\\/www.dmastro.com.br\\\/dmastroblog\\\/#organization\"},\"potentialAction\":[{\"@type\":\"SearchAction\",\"target\":{\"@type\":\"EntryPoint\",\"urlTemplate\":\"https:\\\/\\\/www.dmastro.com.br\\\/dmastroblog\\\/?s={search_term_string}\"},\"query-input\":{\"@type\":\"PropertyValueSpecification\",\"valueRequired\":true,\"valueName\":\"search_term_string\"}}],\"inLanguage\":\"pt-BR\"},{\"@type\":\"Organization\",\"@id\":\"https:\\\/\\\/www.dmastro.com.br\\\/dmastroblog\\\/#organization\",\"name\":\"DMAstro Brasil\",\"url\":\"https:\\\/\\\/www.dmastro.com.br\\\/dmastroblog\\\/\",\"logo\":{\"@type\":\"ImageObject\",\"inLanguage\":\"pt-BR\",\"@id\":\"https:\\\/\\\/www.dmastro.com.br\\\/dmastroblog\\\/#\\\/schema\\\/logo\\\/image\\\/\",\"url\":\"https:\\\/\\\/www.dmastro.com.br\\\/dmastroblog\\\/wp-content\\\/uploads\\\/2018\\\/12\\\/logotipo-dmastro-brasil.png\",\"contentUrl\":\"https:\\\/\\\/www.dmastro.com.br\\\/dmastroblog\\\/wp-content\\\/uploads\\\/2018\\\/12\\\/logotipo-dmastro-brasil.png\",\"width\":180,\"height\":180,\"caption\":\"DMAstro Brasil\"},\"image\":{\"@id\":\"https:\\\/\\\/www.dmastro.com.br\\\/dmastroblog\\\/#\\\/schema\\\/logo\\\/image\\\/\"},\"sameAs\":[\"https:\\\/\\\/www.facebook.com\\\/dmastrobr\",\"https:\\\/\\\/x.com\\\/dmastrobrasil\",\"https:\\\/\\\/www.instagram.com\\\/dmastrobrasil\\\/\"]}]}<\/script>\n<meta property=\"product:price:amount\" content=\"260.00\" \/>\n<meta property=\"product:price:currency\" content=\"BRL\" \/>\n<meta property=\"og:availability\" content=\"instock\" \/>\n<meta property=\"product:availability\" content=\"instock\" \/>\n<meta property=\"product:condition\" content=\"new\" \/>\n<!-- \/ Yoast SEO Premium plugin. -->","yoast_head_json":{"title":"Numerologia C\u00e1rmica e Pitag\u00f3rica com Sueli Lucchi di Leo","description":"Numerologia C\u00e1rmica e Pitag\u00f3rica com Sueli Lucchi di Leo","robots":{"index":"index","follow":"follow","max-snippet":"max-snippet:-1","max-image-preview":"max-image-preview:large","max-video-preview":"max-video-preview:-1"},"canonical":"https:\/\/www.dmastro.com.br\/dmastroblog\/produto\/numerologia-carmica-e-pitagorica-com-sueli-lucchi-di-leo\/","og_locale":"pt_BR","og_type":"article","og_title":"Numerologia C\u00e1rmica e Pitag\u00f3rica com Sueli Lucchi di Leo","og_description":"Numerologia C\u00e1rmica e Pitag\u00f3rica com Sueli Lucchi di Leo","og_url":"https:\/\/www.dmastro.com.br\/dmastroblog\/produto\/numerologia-carmica-e-pitagorica-com-sueli-lucchi-di-leo\/","og_site_name":"Escola de Astrologia DMAstro","article_publisher":"https:\/\/www.facebook.com\/dmastrobr","article_modified_time":"2024-04-24T03:49:13+00:00","og_image":[{"width":1402,"height":2000,"url":"https:\/\/www.dmastro.com.br\/dmastroblog\/wp-content\/uploads\/2024\/04\/curso-numerologia-carmica-e-pitagorica-sueli-lucchi-di-leo.jpg","type":"image\/jpeg"}],"twitter_card":"summary_large_image","twitter_site":"@dmastrobrasil","twitter_misc":{"Pre\u00e7o":"&#82;&#36;260,00","Disponibilidade":"Em Estoque"},"schema":{"@context":"https:\/\/schema.org","@graph":[{"@type":"WebPage","@id":"https:\/\/www.dmastro.com.br\/dmastroblog\/produto\/numerologia-carmica-e-pitagorica-com-sueli-lucchi-di-leo\/","url":"https:\/\/www.dmastro.com.br\/dmastroblog\/produto\/numerologia-carmica-e-pitagorica-com-sueli-lucchi-di-leo\/","name":"Numerologia C\u00e1rmica e Pitag\u00f3rica com Sueli Lucchi di Leo","isPartOf":{"@id":"https:\/\/www.dmastro.com.br\/dmastroblog\/#website"},"primaryImageOfPage":{"@id":"https:\/\/www.dmastro.com.br\/dmastroblog\/produto\/numerologia-carmica-e-pitagorica-com-sueli-lucchi-di-leo\/#primaryimage"},"image":{"@id":"https:\/\/www.dmastro.com.br\/dmastroblog\/produto\/numerologia-carmica-e-pitagorica-com-sueli-lucchi-di-leo\/#primaryimage"},"thumbnailUrl":"https:\/\/i0.wp.com\/www.dmastro.com.br\/dmastroblog\/wp-content\/uploads\/2024\/04\/curso-numerologia-carmica-e-pitagorica-sueli-lucchi-di-leo.jpg?fit=1402%2C2000&ssl=1","datePublished":"2024-04-23T21:46:40+00:00","dateModified":"2024-04-24T03:49:13+00:00","description":"Numerologia C\u00e1rmica e Pitag\u00f3rica com Sueli Lucchi di Leo","breadcrumb":{"@id":"https:\/\/www.dmastro.com.br\/dmastroblog\/produto\/numerologia-carmica-e-pitagorica-com-sueli-lucchi-di-leo\/#breadcrumb"},"inLanguage":"pt-BR","potentialAction":[{"@type":"ReadAction","target":["https:\/\/www.dmastro.com.br\/dmastroblog\/produto\/numerologia-carmica-e-pitagorica-com-sueli-lucchi-di-leo\/"]}]},{"@type":"ImageObject","inLanguage":"pt-BR","@id":"https:\/\/www.dmastro.com.br\/dmastroblog\/produto\/numerologia-carmica-e-pitagorica-com-sueli-lucchi-di-leo\/#primaryimage","url":"https:\/\/i0.wp.com\/www.dmastro.com.br\/dmastroblog\/wp-content\/uploads\/2024\/04\/curso-numerologia-carmica-e-pitagorica-sueli-lucchi-di-leo.jpg?fit=1402%2C2000&ssl=1","contentUrl":"https:\/\/i0.wp.com\/www.dmastro.com.br\/dmastroblog\/wp-content\/uploads\/2024\/04\/curso-numerologia-carmica-e-pitagorica-sueli-lucchi-di-leo.jpg?fit=1402%2C2000&ssl=1","width":1402,"height":2000},{"@type":"BreadcrumbList","@id":"https:\/\/www.dmastro.com.br\/dmastroblog\/produto\/numerologia-carmica-e-pitagorica-com-sueli-lucchi-di-leo\/#breadcrumb","itemListElement":[{"@type":"ListItem","position":1,"name":"In\u00edcio","item":"https:\/\/www.dmastro.com.br\/dmastroblog\/"},{"@type":"ListItem","position":2,"name":"Loja","item":"https:\/\/www.dmastro.com.br\/dmastroblog\/loja\/"},{"@type":"ListItem","position":3,"name":"Numerologia C\u00e1rmica e Pitag\u00f3rica com Sueli Lucchi di Leo"}]},{"@type":"WebSite","@id":"https:\/\/www.dmastro.com.br\/dmastroblog\/#website","url":"https:\/\/www.dmastro.com.br\/dmastroblog\/","name":"DMAstro Brasil","description":"Curso Completo de Forma\u00e7\u00e3o","publisher":{"@id":"https:\/\/www.dmastro.com.br\/dmastroblog\/#organization"},"potentialAction":[{"@type":"SearchAction","target":{"@type":"EntryPoint","urlTemplate":"https:\/\/www.dmastro.com.br\/dmastroblog\/?s={search_term_string}"},"query-input":{"@type":"PropertyValueSpecification","valueRequired":true,"valueName":"search_term_string"}}],"inLanguage":"pt-BR"},{"@type":"Organization","@id":"https:\/\/www.dmastro.com.br\/dmastroblog\/#organization","name":"DMAstro Brasil","url":"https:\/\/www.dmastro.com.br\/dmastroblog\/","logo":{"@type":"ImageObject","inLanguage":"pt-BR","@id":"https:\/\/www.dmastro.com.br\/dmastroblog\/#\/schema\/logo\/image\/","url":"https:\/\/www.dmastro.com.br\/dmastroblog\/wp-content\/uploads\/2018\/12\/logotipo-dmastro-brasil.png","contentUrl":"https:\/\/www.dmastro.com.br\/dmastroblog\/wp-content\/uploads\/2018\/12\/logotipo-dmastro-brasil.png","width":180,"height":180,"caption":"DMAstro Brasil"},"image":{"@id":"https:\/\/www.dmastro.com.br\/dmastroblog\/#\/schema\/logo\/image\/"},"sameAs":["https:\/\/www.facebook.com\/dmastrobr","https:\/\/x.com\/dmastrobrasil","https:\/\/www.instagram.com\/dmastrobrasil\/"]}]},"product_price_amount":"260.00","product_price_currency":"BRL","og_availability":"instock","product_availability":"instock","product_condition":"new"},"jetpack_publicize_connections":[],"jetpack_sharing_enabled":true,"jetpack_likes_enabled":false,"publishpress_future_workflow_manual_trigger":{"enabledWorkflows":[]},"_links":{"self":[{"href":"https:\/\/www.dmastro.com.br\/dmastroblog\/wp-json\/wp\/v2\/product\/12081","targetHints":{"allow":["GET"]}}],"collection":[{"href":"https:\/\/www.dmastro.com.br\/dmastroblog\/wp-json\/wp\/v2\/product"}],"about":[{"href":"https:\/\/www.dmastro.com.br\/dmastroblog\/wp-json\/wp\/v2\/types\/product"}],"replies":[{"embeddable":true,"href":"https:\/\/www.dmastro.com.br\/dmastroblog\/wp-json\/wp\/v2\/comments?post=12081"}],"wp:featuredmedia":[{"embeddable":true,"href":"https:\/\/www.dmastro.com.br\/dmastroblog\/wp-json\/wp\/v2\/media\/12082"}],"wp:attachment":[{"href":"https:\/\/www.dmastro.com.br\/dmastroblog\/wp-json\/wp\/v2\/media?parent=12081"}],"wp:term":[{"taxonomy":"product_brand","embeddable":true,"href":"https:\/\/www.dmastro.com.br\/dmastroblog\/wp-json\/wp\/v2\/product_brand?post=12081"},{"taxonomy":"product_cat","embeddable":true,"href":"https:\/\/www.dmastro.com.br\/dmastroblog\/wp-json\/wp\/v2\/product_cat?post=12081"},{"taxonomy":"product_tag","embeddable":true,"href":"https:\/\/www.dmastro.com.br\/dmastroblog\/wp-json\/wp\/v2\/product_tag?post=12081"}],"curies":[{"name":"wp","href":"https:\/\/api.w.org\/{rel}","templated":true}]}}