{"id":12016,"date":"2024-04-03T21:04:44","date_gmt":"2024-04-04T00:04:44","guid":{"rendered":"https:\/\/www.dmastro.com.br\/dmastroblog\/?post_type=product&#038;p=12016"},"modified":"2024-04-03T21:41:10","modified_gmt":"2024-04-04T00:41:10","slug":"curso-de-astrologia-cabalistica-com-graziella-marracinni","status":"publish","type":"product","link":"https:\/\/www.dmastro.com.br\/dmastroblog\/produto\/curso-de-astrologia-cabalistica-com-graziella-marracinni\/","title":{"rendered":"Curso de Astrologia Cabalistica com Graziella Marracinni"},"content":{"rendered":"<p style=\"text-align: center;\"><em><strong><span style=\"color: #ff0000; font-size: 18pt;\">Curso de Astrologia Cabalistica com Graziella Marracinni<\/span><\/strong><\/em><\/p>\n<p>O melhor e mais completo Curso de Astrologia Cabalistica do Brasil, com a professora Graziella Marraccini. Venha fazer parte da Elite do Conhecimento Astrol\u00f3gico no Brasil! \u2013 Com 18 aulas:<\/p>\n<p>Sua professora de astrologia ser\u00e1 Graziella Somaschini Marraccini,<\/p>\n<p>Graziella Somaschini Marraccini dirige a Sirius Astrology \u2013 empresa de servi\u00e7os que fornece consultoria astrol\u00f3gica. Graziella iniciou seus estudos b\u00e1sicos de astrologia no Instituto Paulista de Astrologia, e aperfei\u00e7oou-se no Centro de Pesquisas Astrol\u00f3gicas Hermes, ambos em S\u00e3o Paulo. Em seu caminho de conhecimento astrol\u00f3gico participou de Congressos e simp\u00f3sios onde ministrou palestras sobre v\u00e1rios assuntos.<\/p>\n<p>Foi Coordenadora da Regional de S\u00e3o Paulo da CNA \u2013 Central Nacional de Astrologia durante 12 anos e \u00e9 atualmente Vice-Presidente da CNA na gest\u00e3o 2021\/24. \u00c9 colunista do portal de autoconhecimento SomosTodosUm, onde, \u00e9 respons\u00e1vel pelo Hor\u00f3scopo semanal publicado desde o ano 2000 nesse portal e publicado tamb\u00e9m o seu pr\u00f3prio site, www.astrosirius.com.br. Ministra cursos, palestras, e workshops. Atende em seu consult\u00f3rio e presencialmente ou pela internet. Al\u00e9m de astr\u00f3loga, \u00e9 tar\u00f3loga, cabalista, EFT* Pratictioner e radiestesista. \u00c9 autora do livro: Os Signos na Cozinha.<\/p>\n<p>O curso funciona no seguinte formato, com 1 aula por semana, ao vivo com os alunos usando o aplicativo Zoom. A aula fica gravada e pronta para o aluno poder ver quantas vezes quiser ou no caso dele faltar. Tamb\u00e9m existe um grupo de alunos no WhatsApp para apoio as aulas e suporte para d\u00favidas. Os alunos recebem um certificado a cada m\u00f3dulo completo do curso e depois um diploma na conclus\u00e3o de todos os m\u00f3dulos da DMAstro.<\/p>\n<p>As aulas ao vivo de tira d\u00favidas semanais s\u00e3o de 75 minutos, as mensalidade s\u00e3o de R$ 250. O curso tem 4 meses. Total do curso R$ 1.000<\/p>\n<p>Para mais informa\u00e7\u00f5es e inscri\u00e7\u00f5es, ligue para: (11) 96624-8446 ou envie mensagem no WhatsApp.<\/p>\n<p>O objetivo do curso \u00e9 a expans\u00e3o de consci\u00eancia e autotransforma\u00e7\u00e3o do aluno. O caminho de autodesenvolvimento \u00e9 o verdadeiro poder de mudar a vida. O caminho da cabal\u00e1 \u00e9 um caminho poderoso que mexe com for\u00e7as f\u00edsicas e espirituais.<\/p>\n<p>&nbsp;<\/p>\n<p style=\"text-align: center;\"><span style=\"font-size: 18pt;\"><em><strong><span style=\"color: #99ccff;\">O QUE VOC\u00ca VAI APRENDER COM ESTE CURSO ?<\/span><\/strong><\/em><\/span><\/p>\n<p>&nbsp;<\/p>\n<p>Explorando as Leis de Hermes: Consci\u00eancia e Aplica\u00e7\u00e3o Pr\u00e1tica das Oitavas Energ\u00e9ticas<\/p>\n<p>A Profundidade da \u00c1rvore da Vida e seu Significado: O Homem Ad\u00e3o Kadmon<\/p>\n<p>Desvendando as 10 Sefirot e sua Manifesta\u00e7\u00e3o na Realidade<br \/>\nJornada pelas Sefirot 1, 2 e 3<\/p>\n<p>Jornada pelas Sefirot 4, 5 e 6<\/p>\n<p>Jornada pelas Sefirot 7, 8 e 9<\/p>\n<p>Jornada pela Sefirah 10 e sua Liga\u00e7\u00e3o com a Terra<\/p>\n<p>Segunda Parte: Ascens\u00e3o na \u00c1rvore da Vida: Os 22 Caminhos Totalizando os 32 Portais de Autodesenvolvimento<\/p>\n<p>Navegando pelos 22 Caminhos da \u00c1rvore da Vida<\/p>\n<p>Os Quatro Mundos: Os Quatro Est\u00e1gios de Consci\u00eancia ABYA<\/p>\n<p>Explorando Tri\u00e2ngulos e Colunas na \u00c1rvore da Vida<\/p>\n<p>Tarot, 22 Caminhos da \u00c1rvore e os 10 Planetas Astrol\u00f3gicos: 32 Portais de Evolu\u00e7\u00e3o<\/p>\n<p>Criando um Mapa Astrol\u00f3gico sobre a \u00c1rvore da Vida: Pr\u00e1ticas e Aplica\u00e7\u00f5es<\/p>\n<p>Tikun, Corrigindo o Karma<\/p>\n<p>Superando Obst\u00e1culos: T\u00e9cnicas de Desbloqueio, Medita\u00e7\u00f5es Cabal\u00edsticas e Rem\u00e9dios Espirituais.<\/p>\n<p>An\u00e1lise Individual dos Mapas: Identificando e Abordando Desafios<\/p>\n<p>Total de 18 Encontros<\/p>\n<p style=\"text-align: center;\"><em><strong><span style=\"color: #99ccff; font-size: 18pt;\">O CURSO QUE VAI TRANSFORMAR TODA A SUA REALIDADE!<\/span><\/strong><\/em><\/p>\n<p style=\"text-align: left;\"><em><strong>Certifica\u00e7\u00e3o:<\/strong><\/em><br \/>\nSer\u00e1 emitido certificado de conclus\u00e3o no final do curso.<\/p>\n<p><em><strong>Dura\u00e7\u00e3o do acesso:<\/strong><\/em><br \/>\nAcesso a todo o conte\u00fado virtual na plataforma de estudos por at\u00e9 1 ano ap\u00f3s o t\u00e9rmino do curso<\/p>\n<p>O aluno vai participar do grupo de estudos da Astrologia para esclarecer suas d\u00favidas. O participante que n\u00e3o puder estar presente nas aulas, deve elaborar suas d\u00favidas e perguntas e enviar no grupo do WhatsApp antecipadamente. Tais questionamentos ser\u00e3o respondidos durante o workshop. As aulas ficar\u00e3o dispon\u00edveis na plataforma de ensino. Voc\u00ea poder\u00e1 acessar os v\u00eddeos integralmente de qualquer lugar!<\/p>\n<p>O curso tem\u00a0 tem 21 horas, ao vivo com os alunos usando o aplicativo Zoom. A aula fica gravada e pronta para o aluno poder ver quantas vezes quiser ou no caso dele faltar. Tamb\u00e9m existe um grupo de alunos no WhatsApp para apoio as aulas e suporte para d\u00favidas. Os alunos recebem um certificado ao fim do workshop.<\/p>\n<p>Para mais informa\u00e7\u00f5es e inscri\u00e7\u00f5es, ligue para: (11) 96624-8446 ou envie mensagem no WhatsApp. O curso come\u00e7a em abril de 2024.<\/p>\n<p style=\"text-align: center;\"><em><strong><span style=\"color: #ff0000; font-size: 18pt;\">Curso de Astrologia Cabalistica com Graziella Marracinni<\/span><\/strong><\/em><\/p>\n","protected":false},"excerpt":{"rendered":"<p style=\"text-align: center;\"><em><strong><span style=\"color: #ff0000; font-size: 18pt;\">Curso de Astrologia Cabalistica com Graziella Marracinni<\/span><\/strong><\/em><\/p>\n<p>O melhor e mais completo Curso de Astrologia Cabalistica do Brasil, com a professora Graziella Marraccini. Venha fazer parte da Elite do Conhecimento Astrol\u00f3gico no Brasil! \u2013 Com 18 aulas:<\/p>\n<p>Sua professora de astrologia ser\u00e1 Graziella Somaschini Marraccini,<\/p>\n<p>Graziella Somaschini Marraccini dirige a Sirius Astrology \u2013 empresa de servi\u00e7os que fornece consultoria astrol\u00f3gica. Graziella iniciou seus estudos b\u00e1sicos de astrologia no Instituto Paulista de Astrologia, e aperfei\u00e7oou-se no Centro de Pesquisas Astrol\u00f3gicas Hermes, ambos em S\u00e3o Paulo. Em seu caminho de conhecimento astrol\u00f3gico participou de Congressos e simp\u00f3sios onde ministrou palestras sobre v\u00e1rios assuntos.<\/p>\n<p>Foi Coordenadora da Regional de S\u00e3o Paulo da CNA \u2013 Central Nacional de Astrologia durante 12 anos e \u00e9 atualmente Vice-Presidente da CNA na gest\u00e3o 2021\/24. \u00c9 colunista do portal de autoconhecimento SomosTodosUm, onde, \u00e9 respons\u00e1vel pelo Hor\u00f3scopo semanal publicado desde o ano 2000 nesse portal e publicado tamb\u00e9m o seu pr\u00f3prio site, www.astrosirius.com.br. Ministra cursos, palestras, e workshops. Atende em seu consult\u00f3rio e presencialmente ou pela internet. Al\u00e9m de astr\u00f3loga, \u00e9 tar\u00f3loga, cabalista, EFT* Pratictioner e radiestesista. \u00c9 autora do livro: Os Signos na Cozinha.<\/p>\n","protected":false},"featured_media":12020,"comment_status":"open","ping_status":"closed","template":"","meta":{"_themeisle_gutenberg_block_has_review":false,"jetpack_post_was_ever_published":false,"jetpack_publicize_message":"","jetpack_publicize_feature_enabled":true,"jetpack_social_post_already_shared":true,"jetpack_social_options":{"image_generator_settings":{"template":"highway","default_image_id":0,"font":"","enabled":false},"version":2}},"product_brand":[],"product_cat":[71,364,66],"product_tag":[],"class_list":{"0":"post-12016","1":"product","2":"type-product","3":"status-publish","4":"has-post-thumbnail","6":"product_cat-cursos-em-video-de-astrologia","7":"product_cat-curso-online","8":"product_cat-cursos-em-video","9":"post","11":"first","12":"instock","13":"virtual","14":"taxable","15":"purchasable","16":"product-type-simple"},"composite_virtual":false,"composite_layout":"","composite_add_to_cart_form_location":"","composite_editable_in_cart":false,"composite_sold_individually_context":"","composite_shop_price_calc":"","composite_components":[],"composite_scenarios":[],"yoast_head":"<!-- This site is optimized with the Yoast SEO Premium plugin v22.9 (Yoast SEO v27.3) - https:\/\/yoast.com\/product\/yoast-seo-premium-wordpress\/ -->\n<title>Curso de Astrologia Cabalistica com Graziella Marracinni<\/title>\n<meta name=\"description\" content=\"Curso de Astrologia Cabalistica com Graziella Marracinni\" \/>\n<meta name=\"robots\" content=\"index, follow, max-snippet:-1, max-image-preview:large, max-video-preview:-1\" \/>\n<link rel=\"canonical\" href=\"https:\/\/www.dmastro.com.br\/dmastroblog\/produto\/curso-de-astrologia-cabalistica-com-graziella-marracinni\/\" \/>\n<meta property=\"og:locale\" content=\"pt_BR\" \/>\n<meta property=\"og:type\" content=\"article\" \/>\n<meta property=\"og:title\" content=\"Curso de Astrologia Cabalistica com Graziella Marracinni\" \/>\n<meta property=\"og:description\" content=\"Curso de Astrologia Cabalistica com Graziella Marracinni\" \/>\n<meta property=\"og:url\" content=\"https:\/\/www.dmastro.com.br\/dmastroblog\/produto\/curso-de-astrologia-cabalistica-com-graziella-marracinni\/\" \/>\n<meta property=\"og:site_name\" content=\"Escola de Astrologia DMAstro\" \/>\n<meta property=\"article:publisher\" content=\"https:\/\/www.facebook.com\/dmastrobr\" \/>\n<meta property=\"article:modified_time\" content=\"2024-04-04T00:41:10+00:00\" \/>\n<meta property=\"og:image\" content=\"https:\/\/www.dmastro.com.br\/dmastroblog\/wp-content\/uploads\/2024\/04\/astro-cabalistica.jpg\" \/>\n\t<meta property=\"og:image:width\" content=\"1402\" \/>\n\t<meta property=\"og:image:height\" content=\"2000\" \/>\n\t<meta property=\"og:image:type\" content=\"image\/jpeg\" \/>\n<meta name=\"twitter:card\" content=\"summary_large_image\" \/>\n<meta name=\"twitter:site\" content=\"@dmastrobrasil\" \/>\n<meta name=\"twitter:label1\" content=\"Pre\u00e7o\" \/>\n\t<meta name=\"twitter:data1\" content=\"&#082;&#036;250,00\" \/>\n\t<meta name=\"twitter:label2\" content=\"Disponibilidade\" \/>\n\t<meta name=\"twitter:data2\" content=\"Em Estoque\" \/>\n<script type=\"application\/ld+json\" class=\"yoast-schema-graph\">{\"@context\":\"https:\\\/\\\/schema.org\",\"@graph\":[{\"@type\":\"WebPage\",\"@id\":\"https:\\\/\\\/www.dmastro.com.br\\\/dmastroblog\\\/produto\\\/curso-de-astrologia-cabalistica-com-graziella-marracinni\\\/\",\"url\":\"https:\\\/\\\/www.dmastro.com.br\\\/dmastroblog\\\/produto\\\/curso-de-astrologia-cabalistica-com-graziella-marracinni\\\/\",\"name\":\"Curso de Astrologia Cabalistica com Graziella Marracinni\",\"isPartOf\":{\"@id\":\"https:\\\/\\\/www.dmastro.com.br\\\/dmastroblog\\\/#website\"},\"primaryImageOfPage\":{\"@id\":\"https:\\\/\\\/www.dmastro.com.br\\\/dmastroblog\\\/produto\\\/curso-de-astrologia-cabalistica-com-graziella-marracinni\\\/#primaryimage\"},\"image\":{\"@id\":\"https:\\\/\\\/www.dmastro.com.br\\\/dmastroblog\\\/produto\\\/curso-de-astrologia-cabalistica-com-graziella-marracinni\\\/#primaryimage\"},\"thumbnailUrl\":\"https:\\\/\\\/i0.wp.com\\\/www.dmastro.com.br\\\/dmastroblog\\\/wp-content\\\/uploads\\\/2024\\\/04\\\/astro-cabalistica.jpg?fit=1402%2C2000&ssl=1\",\"datePublished\":\"2024-04-04T00:04:44+00:00\",\"dateModified\":\"2024-04-04T00:41:10+00:00\",\"description\":\"Curso de Astrologia Cabalistica com Graziella Marracinni\",\"breadcrumb\":{\"@id\":\"https:\\\/\\\/www.dmastro.com.br\\\/dmastroblog\\\/produto\\\/curso-de-astrologia-cabalistica-com-graziella-marracinni\\\/#breadcrumb\"},\"inLanguage\":\"pt-BR\",\"potentialAction\":[{\"@type\":\"ReadAction\",\"target\":[\"https:\\\/\\\/www.dmastro.com.br\\\/dmastroblog\\\/produto\\\/curso-de-astrologia-cabalistica-com-graziella-marracinni\\\/\"]}]},{\"@type\":\"ImageObject\",\"inLanguage\":\"pt-BR\",\"@id\":\"https:\\\/\\\/www.dmastro.com.br\\\/dmastroblog\\\/produto\\\/curso-de-astrologia-cabalistica-com-graziella-marracinni\\\/#primaryimage\",\"url\":\"https:\\\/\\\/i0.wp.com\\\/www.dmastro.com.br\\\/dmastroblog\\\/wp-content\\\/uploads\\\/2024\\\/04\\\/astro-cabalistica.jpg?fit=1402%2C2000&ssl=1\",\"contentUrl\":\"https:\\\/\\\/i0.wp.com\\\/www.dmastro.com.br\\\/dmastroblog\\\/wp-content\\\/uploads\\\/2024\\\/04\\\/astro-cabalistica.jpg?fit=1402%2C2000&ssl=1\",\"width\":1402,\"height\":2000,\"caption\":\"astrologia cabalistica graziella marraccini\"},{\"@type\":\"BreadcrumbList\",\"@id\":\"https:\\\/\\\/www.dmastro.com.br\\\/dmastroblog\\\/produto\\\/curso-de-astrologia-cabalistica-com-graziella-marracinni\\\/#breadcrumb\",\"itemListElement\":[{\"@type\":\"ListItem\",\"position\":1,\"name\":\"In\u00edcio\",\"item\":\"https:\\\/\\\/www.dmastro.com.br\\\/dmastroblog\\\/\"},{\"@type\":\"ListItem\",\"position\":2,\"name\":\"Loja\",\"item\":\"https:\\\/\\\/www.dmastro.com.br\\\/dmastroblog\\\/loja\\\/\"},{\"@type\":\"ListItem\",\"position\":3,\"name\":\"Curso de Astrologia Cabalistica com Graziella Marracinni\"}]},{\"@type\":\"WebSite\",\"@id\":\"https:\\\/\\\/www.dmastro.com.br\\\/dmastroblog\\\/#website\",\"url\":\"https:\\\/\\\/www.dmastro.com.br\\\/dmastroblog\\\/\",\"name\":\"DMAstro Brasil\",\"description\":\"Curso Completo de Forma\u00e7\u00e3o\",\"publisher\":{\"@id\":\"https:\\\/\\\/www.dmastro.com.br\\\/dmastroblog\\\/#organization\"},\"potentialAction\":[{\"@type\":\"SearchAction\",\"target\":{\"@type\":\"EntryPoint\",\"urlTemplate\":\"https:\\\/\\\/www.dmastro.com.br\\\/dmastroblog\\\/?s={search_term_string}\"},\"query-input\":{\"@type\":\"PropertyValueSpecification\",\"valueRequired\":true,\"valueName\":\"search_term_string\"}}],\"inLanguage\":\"pt-BR\"},{\"@type\":\"Organization\",\"@id\":\"https:\\\/\\\/www.dmastro.com.br\\\/dmastroblog\\\/#organization\",\"name\":\"DMAstro Brasil\",\"url\":\"https:\\\/\\\/www.dmastro.com.br\\\/dmastroblog\\\/\",\"logo\":{\"@type\":\"ImageObject\",\"inLanguage\":\"pt-BR\",\"@id\":\"https:\\\/\\\/www.dmastro.com.br\\\/dmastroblog\\\/#\\\/schema\\\/logo\\\/image\\\/\",\"url\":\"https:\\\/\\\/www.dmastro.com.br\\\/dmastroblog\\\/wp-content\\\/uploads\\\/2018\\\/12\\\/logotipo-dmastro-brasil.png\",\"contentUrl\":\"https:\\\/\\\/www.dmastro.com.br\\\/dmastroblog\\\/wp-content\\\/uploads\\\/2018\\\/12\\\/logotipo-dmastro-brasil.png\",\"width\":180,\"height\":180,\"caption\":\"DMAstro Brasil\"},\"image\":{\"@id\":\"https:\\\/\\\/www.dmastro.com.br\\\/dmastroblog\\\/#\\\/schema\\\/logo\\\/image\\\/\"},\"sameAs\":[\"https:\\\/\\\/www.facebook.com\\\/dmastrobr\",\"https:\\\/\\\/x.com\\\/dmastrobrasil\",\"https:\\\/\\\/www.instagram.com\\\/dmastrobrasil\\\/\"]}]}<\/script>\n<meta property=\"product:price:amount\" content=\"250.00\" \/>\n<meta property=\"product:price:currency\" content=\"BRL\" \/>\n<meta property=\"og:availability\" content=\"instock\" \/>\n<meta property=\"product:availability\" content=\"instock\" \/>\n<meta property=\"product:condition\" content=\"new\" \/>\n<!-- \/ Yoast SEO Premium plugin. -->","yoast_head_json":{"title":"Curso de Astrologia Cabalistica com Graziella Marracinni","description":"Curso de Astrologia Cabalistica com Graziella Marracinni","robots":{"index":"index","follow":"follow","max-snippet":"max-snippet:-1","max-image-preview":"max-image-preview:large","max-video-preview":"max-video-preview:-1"},"canonical":"https:\/\/www.dmastro.com.br\/dmastroblog\/produto\/curso-de-astrologia-cabalistica-com-graziella-marracinni\/","og_locale":"pt_BR","og_type":"article","og_title":"Curso de Astrologia Cabalistica com Graziella Marracinni","og_description":"Curso de Astrologia Cabalistica com Graziella Marracinni","og_url":"https:\/\/www.dmastro.com.br\/dmastroblog\/produto\/curso-de-astrologia-cabalistica-com-graziella-marracinni\/","og_site_name":"Escola de Astrologia DMAstro","article_publisher":"https:\/\/www.facebook.com\/dmastrobr","article_modified_time":"2024-04-04T00:41:10+00:00","og_image":[{"width":1402,"height":2000,"url":"https:\/\/www.dmastro.com.br\/dmastroblog\/wp-content\/uploads\/2024\/04\/astro-cabalistica.jpg","type":"image\/jpeg"}],"twitter_card":"summary_large_image","twitter_site":"@dmastrobrasil","twitter_misc":{"Pre\u00e7o":"&#82;&#36;250,00","Disponibilidade":"Em Estoque"},"schema":{"@context":"https:\/\/schema.org","@graph":[{"@type":"WebPage","@id":"https:\/\/www.dmastro.com.br\/dmastroblog\/produto\/curso-de-astrologia-cabalistica-com-graziella-marracinni\/","url":"https:\/\/www.dmastro.com.br\/dmastroblog\/produto\/curso-de-astrologia-cabalistica-com-graziella-marracinni\/","name":"Curso de Astrologia Cabalistica com Graziella Marracinni","isPartOf":{"@id":"https:\/\/www.dmastro.com.br\/dmastroblog\/#website"},"primaryImageOfPage":{"@id":"https:\/\/www.dmastro.com.br\/dmastroblog\/produto\/curso-de-astrologia-cabalistica-com-graziella-marracinni\/#primaryimage"},"image":{"@id":"https:\/\/www.dmastro.com.br\/dmastroblog\/produto\/curso-de-astrologia-cabalistica-com-graziella-marracinni\/#primaryimage"},"thumbnailUrl":"https:\/\/i0.wp.com\/www.dmastro.com.br\/dmastroblog\/wp-content\/uploads\/2024\/04\/astro-cabalistica.jpg?fit=1402%2C2000&ssl=1","datePublished":"2024-04-04T00:04:44+00:00","dateModified":"2024-04-04T00:41:10+00:00","description":"Curso de Astrologia Cabalistica com Graziella Marracinni","breadcrumb":{"@id":"https:\/\/www.dmastro.com.br\/dmastroblog\/produto\/curso-de-astrologia-cabalistica-com-graziella-marracinni\/#breadcrumb"},"inLanguage":"pt-BR","potentialAction":[{"@type":"ReadAction","target":["https:\/\/www.dmastro.com.br\/dmastroblog\/produto\/curso-de-astrologia-cabalistica-com-graziella-marracinni\/"]}]},{"@type":"ImageObject","inLanguage":"pt-BR","@id":"https:\/\/www.dmastro.com.br\/dmastroblog\/produto\/curso-de-astrologia-cabalistica-com-graziella-marracinni\/#primaryimage","url":"https:\/\/i0.wp.com\/www.dmastro.com.br\/dmastroblog\/wp-content\/uploads\/2024\/04\/astro-cabalistica.jpg?fit=1402%2C2000&ssl=1","contentUrl":"https:\/\/i0.wp.com\/www.dmastro.com.br\/dmastroblog\/wp-content\/uploads\/2024\/04\/astro-cabalistica.jpg?fit=1402%2C2000&ssl=1","width":1402,"height":2000,"caption":"astrologia cabalistica graziella marraccini"},{"@type":"BreadcrumbList","@id":"https:\/\/www.dmastro.com.br\/dmastroblog\/produto\/curso-de-astrologia-cabalistica-com-graziella-marracinni\/#breadcrumb","itemListElement":[{"@type":"ListItem","position":1,"name":"In\u00edcio","item":"https:\/\/www.dmastro.com.br\/dmastroblog\/"},{"@type":"ListItem","position":2,"name":"Loja","item":"https:\/\/www.dmastro.com.br\/dmastroblog\/loja\/"},{"@type":"ListItem","position":3,"name":"Curso de Astrologia Cabalistica com Graziella Marracinni"}]},{"@type":"WebSite","@id":"https:\/\/www.dmastro.com.br\/dmastroblog\/#website","url":"https:\/\/www.dmastro.com.br\/dmastroblog\/","name":"DMAstro Brasil","description":"Curso Completo de Forma\u00e7\u00e3o","publisher":{"@id":"https:\/\/www.dmastro.com.br\/dmastroblog\/#organization"},"potentialAction":[{"@type":"SearchAction","target":{"@type":"EntryPoint","urlTemplate":"https:\/\/www.dmastro.com.br\/dmastroblog\/?s={search_term_string}"},"query-input":{"@type":"PropertyValueSpecification","valueRequired":true,"valueName":"search_term_string"}}],"inLanguage":"pt-BR"},{"@type":"Organization","@id":"https:\/\/www.dmastro.com.br\/dmastroblog\/#organization","name":"DMAstro Brasil","url":"https:\/\/www.dmastro.com.br\/dmastroblog\/","logo":{"@type":"ImageObject","inLanguage":"pt-BR","@id":"https:\/\/www.dmastro.com.br\/dmastroblog\/#\/schema\/logo\/image\/","url":"https:\/\/www.dmastro.com.br\/dmastroblog\/wp-content\/uploads\/2018\/12\/logotipo-dmastro-brasil.png","contentUrl":"https:\/\/www.dmastro.com.br\/dmastroblog\/wp-content\/uploads\/2018\/12\/logotipo-dmastro-brasil.png","width":180,"height":180,"caption":"DMAstro Brasil"},"image":{"@id":"https:\/\/www.dmastro.com.br\/dmastroblog\/#\/schema\/logo\/image\/"},"sameAs":["https:\/\/www.facebook.com\/dmastrobr","https:\/\/x.com\/dmastrobrasil","https:\/\/www.instagram.com\/dmastrobrasil\/"]}]},"product_price_amount":"250.00","product_price_currency":"BRL","og_availability":"instock","product_availability":"instock","product_condition":"new"},"jetpack_publicize_connections":[],"jetpack_sharing_enabled":true,"jetpack_likes_enabled":false,"publishpress_future_workflow_manual_trigger":{"enabledWorkflows":[]},"_links":{"self":[{"href":"https:\/\/www.dmastro.com.br\/dmastroblog\/wp-json\/wp\/v2\/product\/12016","targetHints":{"allow":["GET"]}}],"collection":[{"href":"https:\/\/www.dmastro.com.br\/dmastroblog\/wp-json\/wp\/v2\/product"}],"about":[{"href":"https:\/\/www.dmastro.com.br\/dmastroblog\/wp-json\/wp\/v2\/types\/product"}],"replies":[{"embeddable":true,"href":"https:\/\/www.dmastro.com.br\/dmastroblog\/wp-json\/wp\/v2\/comments?post=12016"}],"wp:featuredmedia":[{"embeddable":true,"href":"https:\/\/www.dmastro.com.br\/dmastroblog\/wp-json\/wp\/v2\/media\/12020"}],"wp:attachment":[{"href":"https:\/\/www.dmastro.com.br\/dmastroblog\/wp-json\/wp\/v2\/media?parent=12016"}],"wp:term":[{"taxonomy":"product_brand","embeddable":true,"href":"https:\/\/www.dmastro.com.br\/dmastroblog\/wp-json\/wp\/v2\/product_brand?post=12016"},{"taxonomy":"product_cat","embeddable":true,"href":"https:\/\/www.dmastro.com.br\/dmastroblog\/wp-json\/wp\/v2\/product_cat?post=12016"},{"taxonomy":"product_tag","embeddable":true,"href":"https:\/\/www.dmastro.com.br\/dmastroblog\/wp-json\/wp\/v2\/product_tag?post=12016"}],"curies":[{"name":"wp","href":"https:\/\/api.w.org\/{rel}","templated":true}]}}