{"id":1192,"date":"2018-12-09T20:24:48","date_gmt":"2018-12-09T22:24:48","guid":{"rendered":"http:\/\/www.dmastro.com.br\/dmastroblog\/?post_type=product&#038;p=1192"},"modified":"2018-12-09T20:24:50","modified_gmt":"2018-12-09T22:24:50","slug":"quadro-emoldurado-taro-golden-klimt-arcano-maior-8-a-justica-de-gustave-klimt","status":"publish","type":"product","link":"https:\/\/www.dmastro.com.br\/dmastroblog\/produto\/quadro-emoldurado-taro-golden-klimt-arcano-maior-8-a-justica-de-gustave-klimt\/","title":{"rendered":"Quadro Emoldurado Tar\u00f4 Golden Klimt Arcano Maior 8 A Justi\u00e7a de Gustave Klimt"},"content":{"rendered":"<p>Quadro Emoldurado Tar\u00f4 Golden Klimt Arcano Maior 8 A Justi\u00e7a de Gustave Klimt.<br \/>\nO quadro tem moldura preta, paspatur preto e vidro.<\/p>\n<p>Medida 103 cm X 63 cm.<\/p>\n<p>Deixe os ambientes de sua casa lindos e sofisticados com a decora\u00e7\u00e3o exclusiva\u00a0do Tar\u00f4 Golden Klimt.<\/p>\n<p>A arte de Gustav Klimt ocupou uma posi\u00e7\u00e3o primordial na Viena do in\u00edcio do s\u00e9culo XX &#8211; uma cidade rica em movimentos intelectuais, est\u00e9ticos e psicol\u00f3gicos que contribu\u00edram para a forma\u00e7\u00e3o do homem moderno. Este Tar\u00f4, inspirado pelo Mestre, narra amor e morte, sensualidade e regenera\u00e7\u00e3o.\u00a0#Tarot #Tar\u00f4 #justi\u00e7a #DMAstroBrasil #Decora\u00e7\u00e3o #Casa #Quadro #Presente #Baralho #klimt #GustaveKlimt #Arte #astrologia<\/p>\n","protected":false},"excerpt":{"rendered":"<p>Quadro Emoldurado Tar\u00f4 Golden Klimt Arcano Maior 8 A Justi\u00e7a de Gustave Klimt.<br \/>\nO quadro tem moldura preta, paspatur preto e vidro.<\/p>\n<p>Medida 103 cm X 63 cm.<\/p>\n<p>Deixe os ambientes de sua casa lindos e sofisticados com a decora\u00e7\u00e3o exclusiva\u00a0do Tar\u00f4 Golden Klimt.<\/p>\n<p>A arte de Gustav Klimt ocupou uma posi\u00e7\u00e3o primordial na Viena do in\u00edcio do s\u00e9culo XX &#8211; uma cidade rica em movimentos intelectuais, est\u00e9ticos e psicol\u00f3gicos que contribu\u00edram para a forma\u00e7\u00e3o do homem moderno. Este Tar\u00f4, inspirado pelo Mestre, narra amor e morte, sensualidade e regenera\u00e7\u00e3o.\u00a0#Tarot #Tar\u00f4 #justi\u00e7a #DMAstroBrasil #Decora\u00e7\u00e3o #Casa #Quadro #Presente #Baralho #klimt #GustaveKlimt #Arte #astrologia<\/p>\n<p>VIII IVSTICE (A JUSTI\u00c7A) Ajuste a um plano supeior da exist\u00eancia, descoberta de si, reorganiza\u00e7\u00e3o e regenera\u00e7\u00e3o do ser,\u00a0VIII IVSTICE (A JUSTI\u00c7A) \u00e9 o arqu\u00e9tipo do rigor da Ordem c\u00f3smica, da harmoniza\u00e7\u00e3o dos antagonismos pela conforma\u00e7\u00e3o \u00e0s leis universais. Esta l\u00e2mina representa a avalia\u00e7\u00e3o do resultado dos atos e a adapata\u00e7\u00e3o \u00e0s necessidades, a estabilidade, a reserva vital essencial e a capacidade de decidir.<\/p>\n","protected":false},"featured_media":1162,"comment_status":"closed","ping_status":"closed","template":"","meta":{"_themeisle_gutenberg_block_has_review":false,"jetpack_post_was_ever_published":false,"jetpack_publicize_message":"Quadro Emoldurado Tar\u00f4 Golden Klimt Arcano Maior 8 A Justi\u00e7a de Gustave Klimt","jetpack_publicize_feature_enabled":true,"jetpack_social_post_already_shared":true,"jetpack_social_options":{"image_generator_settings":{"template":"highway","default_image_id":0,"font":"","enabled":false},"version":2}},"product_brand":[],"product_cat":[130,303,150,44,302],"product_tag":[275,154,304,187,308],"class_list":{"0":"post-1192","1":"product","2":"type-product","3":"status-publish","4":"has-post-thumbnail","6":"product_cat-decoracao","7":"product_cat-gustave-klimt","8":"product_cat-quadros","9":"product_cat-taro","10":"product_cat-tarot-golden-klimt","11":"product_tag-a-justica","12":"product_tag-arcano-maior","13":"product_tag-gustave-klimt","14":"product_tag-ivstice","15":"product_tag-tarot-golden-klimt","16":"post","18":"first","19":"instock","20":"taxable","21":"shipping-taxable","22":"purchasable","23":"product-type-simple"},"composite_virtual":false,"composite_layout":"","composite_add_to_cart_form_location":"","composite_editable_in_cart":false,"composite_sold_individually_context":"","composite_shop_price_calc":"","composite_components":[],"composite_scenarios":[],"yoast_head":"<!-- This site is optimized with the Yoast SEO Premium plugin v22.9 (Yoast SEO v27.3) - https:\/\/yoast.com\/product\/yoast-seo-premium-wordpress\/ -->\n<title>Quadro Emoldurado Tar\u00f4 Golden Klimt Arcano Maior 8 A Justi\u00e7a de Gustave Klimt - Escola de Astrologia DMAstro<\/title>\n<meta name=\"robots\" content=\"index, follow, max-snippet:-1, max-image-preview:large, max-video-preview:-1\" \/>\n<link rel=\"canonical\" href=\"https:\/\/www.dmastro.com.br\/dmastroblog\/produto\/quadro-emoldurado-taro-golden-klimt-arcano-maior-8-a-justica-de-gustave-klimt\/\" \/>\n<meta property=\"og:locale\" content=\"pt_BR\" \/>\n<meta property=\"og:type\" content=\"article\" \/>\n<meta property=\"og:title\" content=\"Quadro Emoldurado Tar\u00f4 Golden Klimt Arcano Maior 8 A Justi\u00e7a de Gustave Klimt\" \/>\n<meta property=\"og:description\" content=\"Quadro Emoldurado Tar\u00f4 Golden Klimt Arcano Maior 8 A Justi\u00e7a de Gustave Klimt. O quadro tem moldura preta, paspatur preto e vidro.  Medida 103 cm X 63 cm.  Deixe os ambientes de sua casa lindos e sofisticados com a decora\u00e7\u00e3o exclusiva\u00a0do Tar\u00f4 Golden Klimt.  A arte de Gustav Klimt ocupou uma posi\u00e7\u00e3o primordial na Viena do in\u00edcio do s\u00e9culo XX - uma cidade rica em movimentos intelectuais, est\u00e9ticos e psicol\u00f3gicos que contribu\u00edram para a forma\u00e7\u00e3o do homem moderno. Este Tar\u00f4, inspirado pelo Mestre, narra amor e morte, sensualidade e regenera\u00e7\u00e3o.\u00a0#Tarot #Tar\u00f4 #justi\u00e7a #DMAstroBrasil #Decora\u00e7\u00e3o #Casa #Quadro #Presente #Baralho #klimt #GustaveKlimt #Arte #astrologia  VIII IVSTICE (A JUSTI\u00c7A) Ajuste a um plano supeior da exist\u00eancia, descoberta de si, reorganiza\u00e7\u00e3o e regenera\u00e7\u00e3o do ser,\u00a0VIII IVSTICE (A JUSTI\u00c7A) \u00e9 o arqu\u00e9tipo do rigor da Ordem c\u00f3smica, da harmoniza\u00e7\u00e3o dos antagonismos pela conforma\u00e7\u00e3o \u00e0s leis universais. Esta l\u00e2mina representa a avalia\u00e7\u00e3o do resultado dos atos e a adapata\u00e7\u00e3o \u00e0s necessidades, a estabilidade, a reserva vital essencial e a capacidade de decidir.\" \/>\n<meta property=\"og:url\" content=\"https:\/\/www.dmastro.com.br\/dmastroblog\/produto\/quadro-emoldurado-taro-golden-klimt-arcano-maior-8-a-justica-de-gustave-klimt\/\" \/>\n<meta property=\"og:site_name\" content=\"Escola de Astrologia DMAstro\" \/>\n<meta property=\"article:publisher\" content=\"https:\/\/www.facebook.com\/dmastrobr\" \/>\n<meta property=\"article:modified_time\" content=\"2018-12-09T22:24:50+00:00\" \/>\n<meta property=\"og:image\" content=\"https:\/\/www.dmastro.com.br\/dmastroblog\/wp-content\/uploads\/2018\/12\/Quadro-Emoldurado-Taro-Golden-Gustave-Klimt-Arcano-Maior-8-A-Justi\u00e7a-DMAstro-Brasil-Loja-Holistica-Base.jpg\" \/>\n\t<meta property=\"og:image:width\" content=\"1000\" \/>\n\t<meta property=\"og:image:height\" content=\"1000\" \/>\n\t<meta property=\"og:image:type\" content=\"image\/jpeg\" \/>\n<meta name=\"twitter:card\" content=\"summary_large_image\" \/>\n<meta name=\"twitter:site\" content=\"@dmastrobrasil\" \/>\n<meta name=\"twitter:label1\" content=\"Pre\u00e7o\" \/>\n\t<meta name=\"twitter:data1\" content=\"&#082;&#036;325,00\" \/>\n\t<meta name=\"twitter:label2\" content=\"Disponibilidade\" \/>\n\t<meta name=\"twitter:data2\" content=\"Em Estoque\" \/>\n<script type=\"application\/ld+json\" class=\"yoast-schema-graph\">{\"@context\":\"https:\\\/\\\/schema.org\",\"@graph\":[{\"@type\":\"WebPage\",\"@id\":\"https:\\\/\\\/www.dmastro.com.br\\\/dmastroblog\\\/produto\\\/quadro-emoldurado-taro-golden-klimt-arcano-maior-8-a-justica-de-gustave-klimt\\\/\",\"url\":\"https:\\\/\\\/www.dmastro.com.br\\\/dmastroblog\\\/produto\\\/quadro-emoldurado-taro-golden-klimt-arcano-maior-8-a-justica-de-gustave-klimt\\\/\",\"name\":\"Quadro Emoldurado Tar\u00f4 Golden Klimt Arcano Maior 8 A Justi\u00e7a de Gustave Klimt - Escola de Astrologia DMAstro\",\"isPartOf\":{\"@id\":\"https:\\\/\\\/www.dmastro.com.br\\\/dmastroblog\\\/#website\"},\"primaryImageOfPage\":{\"@id\":\"https:\\\/\\\/www.dmastro.com.br\\\/dmastroblog\\\/produto\\\/quadro-emoldurado-taro-golden-klimt-arcano-maior-8-a-justica-de-gustave-klimt\\\/#primaryimage\"},\"image\":{\"@id\":\"https:\\\/\\\/www.dmastro.com.br\\\/dmastroblog\\\/produto\\\/quadro-emoldurado-taro-golden-klimt-arcano-maior-8-a-justica-de-gustave-klimt\\\/#primaryimage\"},\"thumbnailUrl\":\"https:\\\/\\\/i0.wp.com\\\/www.dmastro.com.br\\\/dmastroblog\\\/wp-content\\\/uploads\\\/2018\\\/12\\\/Quadro-Emoldurado-Taro-Golden-Gustave-Klimt-Arcano-Maior-8-A-Justi%C3%A7a-DMAstro-Brasil-Loja-Holistica-Base.jpg?fit=1000%2C1000&ssl=1\",\"datePublished\":\"2018-12-09T22:24:48+00:00\",\"dateModified\":\"2018-12-09T22:24:50+00:00\",\"breadcrumb\":{\"@id\":\"https:\\\/\\\/www.dmastro.com.br\\\/dmastroblog\\\/produto\\\/quadro-emoldurado-taro-golden-klimt-arcano-maior-8-a-justica-de-gustave-klimt\\\/#breadcrumb\"},\"inLanguage\":\"pt-BR\",\"potentialAction\":[{\"@type\":\"ReadAction\",\"target\":[\"https:\\\/\\\/www.dmastro.com.br\\\/dmastroblog\\\/produto\\\/quadro-emoldurado-taro-golden-klimt-arcano-maior-8-a-justica-de-gustave-klimt\\\/\"]}]},{\"@type\":\"ImageObject\",\"inLanguage\":\"pt-BR\",\"@id\":\"https:\\\/\\\/www.dmastro.com.br\\\/dmastroblog\\\/produto\\\/quadro-emoldurado-taro-golden-klimt-arcano-maior-8-a-justica-de-gustave-klimt\\\/#primaryimage\",\"url\":\"https:\\\/\\\/i0.wp.com\\\/www.dmastro.com.br\\\/dmastroblog\\\/wp-content\\\/uploads\\\/2018\\\/12\\\/Quadro-Emoldurado-Taro-Golden-Gustave-Klimt-Arcano-Maior-8-A-Justi%C3%A7a-DMAstro-Brasil-Loja-Holistica-Base.jpg?fit=1000%2C1000&ssl=1\",\"contentUrl\":\"https:\\\/\\\/i0.wp.com\\\/www.dmastro.com.br\\\/dmastroblog\\\/wp-content\\\/uploads\\\/2018\\\/12\\\/Quadro-Emoldurado-Taro-Golden-Gustave-Klimt-Arcano-Maior-8-A-Justi%C3%A7a-DMAstro-Brasil-Loja-Holistica-Base.jpg?fit=1000%2C1000&ssl=1\",\"width\":1000,\"height\":1000},{\"@type\":\"BreadcrumbList\",\"@id\":\"https:\\\/\\\/www.dmastro.com.br\\\/dmastroblog\\\/produto\\\/quadro-emoldurado-taro-golden-klimt-arcano-maior-8-a-justica-de-gustave-klimt\\\/#breadcrumb\",\"itemListElement\":[{\"@type\":\"ListItem\",\"position\":1,\"name\":\"In\u00edcio\",\"item\":\"https:\\\/\\\/www.dmastro.com.br\\\/dmastroblog\\\/\"},{\"@type\":\"ListItem\",\"position\":2,\"name\":\"Loja\",\"item\":\"https:\\\/\\\/www.dmastro.com.br\\\/dmastroblog\\\/loja\\\/\"},{\"@type\":\"ListItem\",\"position\":3,\"name\":\"Quadro Emoldurado Tar\u00f4 Golden Klimt Arcano Maior 8 A Justi\u00e7a de Gustave Klimt\"}]},{\"@type\":\"WebSite\",\"@id\":\"https:\\\/\\\/www.dmastro.com.br\\\/dmastroblog\\\/#website\",\"url\":\"https:\\\/\\\/www.dmastro.com.br\\\/dmastroblog\\\/\",\"name\":\"DMAstro Brasil\",\"description\":\"Curso Completo de Forma\u00e7\u00e3o\",\"publisher\":{\"@id\":\"https:\\\/\\\/www.dmastro.com.br\\\/dmastroblog\\\/#organization\"},\"potentialAction\":[{\"@type\":\"SearchAction\",\"target\":{\"@type\":\"EntryPoint\",\"urlTemplate\":\"https:\\\/\\\/www.dmastro.com.br\\\/dmastroblog\\\/?s={search_term_string}\"},\"query-input\":{\"@type\":\"PropertyValueSpecification\",\"valueRequired\":true,\"valueName\":\"search_term_string\"}}],\"inLanguage\":\"pt-BR\"},{\"@type\":\"Organization\",\"@id\":\"https:\\\/\\\/www.dmastro.com.br\\\/dmastroblog\\\/#organization\",\"name\":\"DMAstro Brasil\",\"url\":\"https:\\\/\\\/www.dmastro.com.br\\\/dmastroblog\\\/\",\"logo\":{\"@type\":\"ImageObject\",\"inLanguage\":\"pt-BR\",\"@id\":\"https:\\\/\\\/www.dmastro.com.br\\\/dmastroblog\\\/#\\\/schema\\\/logo\\\/image\\\/\",\"url\":\"https:\\\/\\\/www.dmastro.com.br\\\/dmastroblog\\\/wp-content\\\/uploads\\\/2018\\\/12\\\/logotipo-dmastro-brasil.png\",\"contentUrl\":\"https:\\\/\\\/www.dmastro.com.br\\\/dmastroblog\\\/wp-content\\\/uploads\\\/2018\\\/12\\\/logotipo-dmastro-brasil.png\",\"width\":180,\"height\":180,\"caption\":\"DMAstro Brasil\"},\"image\":{\"@id\":\"https:\\\/\\\/www.dmastro.com.br\\\/dmastroblog\\\/#\\\/schema\\\/logo\\\/image\\\/\"},\"sameAs\":[\"https:\\\/\\\/www.facebook.com\\\/dmastrobr\",\"https:\\\/\\\/x.com\\\/dmastrobrasil\",\"https:\\\/\\\/www.instagram.com\\\/dmastrobrasil\\\/\"]}]}<\/script>\n<meta property=\"product:price:amount\" content=\"325.00\" \/>\n<meta property=\"product:price:currency\" content=\"BRL\" \/>\n<meta property=\"og:availability\" content=\"instock\" \/>\n<meta property=\"product:availability\" content=\"instock\" \/>\n<meta property=\"product:condition\" content=\"new\" \/>\n<!-- \/ Yoast SEO Premium plugin. -->","yoast_head_json":{"title":"Quadro Emoldurado Tar\u00f4 Golden Klimt Arcano Maior 8 A Justi\u00e7a de Gustave Klimt - Escola de Astrologia DMAstro","robots":{"index":"index","follow":"follow","max-snippet":"max-snippet:-1","max-image-preview":"max-image-preview:large","max-video-preview":"max-video-preview:-1"},"canonical":"https:\/\/www.dmastro.com.br\/dmastroblog\/produto\/quadro-emoldurado-taro-golden-klimt-arcano-maior-8-a-justica-de-gustave-klimt\/","og_locale":"pt_BR","og_type":"article","og_title":"Quadro Emoldurado Tar\u00f4 Golden Klimt Arcano Maior 8 A Justi\u00e7a de Gustave Klimt","og_description":"Quadro Emoldurado Tar\u00f4 Golden Klimt Arcano Maior 8 A Justi\u00e7a de Gustave Klimt. O quadro tem moldura preta, paspatur preto e vidro.  Medida 103 cm X 63 cm.  Deixe os ambientes de sua casa lindos e sofisticados com a decora\u00e7\u00e3o exclusiva\u00a0do Tar\u00f4 Golden Klimt.  A arte de Gustav Klimt ocupou uma posi\u00e7\u00e3o primordial na Viena do in\u00edcio do s\u00e9culo XX - uma cidade rica em movimentos intelectuais, est\u00e9ticos e psicol\u00f3gicos que contribu\u00edram para a forma\u00e7\u00e3o do homem moderno. Este Tar\u00f4, inspirado pelo Mestre, narra amor e morte, sensualidade e regenera\u00e7\u00e3o.\u00a0#Tarot #Tar\u00f4 #justi\u00e7a #DMAstroBrasil #Decora\u00e7\u00e3o #Casa #Quadro #Presente #Baralho #klimt #GustaveKlimt #Arte #astrologia  VIII IVSTICE (A JUSTI\u00c7A) Ajuste a um plano supeior da exist\u00eancia, descoberta de si, reorganiza\u00e7\u00e3o e regenera\u00e7\u00e3o do ser,\u00a0VIII IVSTICE (A JUSTI\u00c7A) \u00e9 o arqu\u00e9tipo do rigor da Ordem c\u00f3smica, da harmoniza\u00e7\u00e3o dos antagonismos pela conforma\u00e7\u00e3o \u00e0s leis universais. Esta l\u00e2mina representa a avalia\u00e7\u00e3o do resultado dos atos e a adapata\u00e7\u00e3o \u00e0s necessidades, a estabilidade, a reserva vital essencial e a capacidade de decidir.","og_url":"https:\/\/www.dmastro.com.br\/dmastroblog\/produto\/quadro-emoldurado-taro-golden-klimt-arcano-maior-8-a-justica-de-gustave-klimt\/","og_site_name":"Escola de Astrologia DMAstro","article_publisher":"https:\/\/www.facebook.com\/dmastrobr","article_modified_time":"2018-12-09T22:24:50+00:00","og_image":[{"width":1000,"height":1000,"url":"https:\/\/www.dmastro.com.br\/dmastroblog\/wp-content\/uploads\/2018\/12\/Quadro-Emoldurado-Taro-Golden-Gustave-Klimt-Arcano-Maior-8-A-Justi\u00e7a-DMAstro-Brasil-Loja-Holistica-Base.jpg","type":"image\/jpeg"}],"twitter_card":"summary_large_image","twitter_site":"@dmastrobrasil","twitter_misc":{"Pre\u00e7o":"&#82;&#36;325,00","Disponibilidade":"Em Estoque"},"schema":{"@context":"https:\/\/schema.org","@graph":[{"@type":"WebPage","@id":"https:\/\/www.dmastro.com.br\/dmastroblog\/produto\/quadro-emoldurado-taro-golden-klimt-arcano-maior-8-a-justica-de-gustave-klimt\/","url":"https:\/\/www.dmastro.com.br\/dmastroblog\/produto\/quadro-emoldurado-taro-golden-klimt-arcano-maior-8-a-justica-de-gustave-klimt\/","name":"Quadro Emoldurado Tar\u00f4 Golden Klimt Arcano Maior 8 A Justi\u00e7a de Gustave Klimt - Escola de Astrologia DMAstro","isPartOf":{"@id":"https:\/\/www.dmastro.com.br\/dmastroblog\/#website"},"primaryImageOfPage":{"@id":"https:\/\/www.dmastro.com.br\/dmastroblog\/produto\/quadro-emoldurado-taro-golden-klimt-arcano-maior-8-a-justica-de-gustave-klimt\/#primaryimage"},"image":{"@id":"https:\/\/www.dmastro.com.br\/dmastroblog\/produto\/quadro-emoldurado-taro-golden-klimt-arcano-maior-8-a-justica-de-gustave-klimt\/#primaryimage"},"thumbnailUrl":"https:\/\/i0.wp.com\/www.dmastro.com.br\/dmastroblog\/wp-content\/uploads\/2018\/12\/Quadro-Emoldurado-Taro-Golden-Gustave-Klimt-Arcano-Maior-8-A-Justi%C3%A7a-DMAstro-Brasil-Loja-Holistica-Base.jpg?fit=1000%2C1000&ssl=1","datePublished":"2018-12-09T22:24:48+00:00","dateModified":"2018-12-09T22:24:50+00:00","breadcrumb":{"@id":"https:\/\/www.dmastro.com.br\/dmastroblog\/produto\/quadro-emoldurado-taro-golden-klimt-arcano-maior-8-a-justica-de-gustave-klimt\/#breadcrumb"},"inLanguage":"pt-BR","potentialAction":[{"@type":"ReadAction","target":["https:\/\/www.dmastro.com.br\/dmastroblog\/produto\/quadro-emoldurado-taro-golden-klimt-arcano-maior-8-a-justica-de-gustave-klimt\/"]}]},{"@type":"ImageObject","inLanguage":"pt-BR","@id":"https:\/\/www.dmastro.com.br\/dmastroblog\/produto\/quadro-emoldurado-taro-golden-klimt-arcano-maior-8-a-justica-de-gustave-klimt\/#primaryimage","url":"https:\/\/i0.wp.com\/www.dmastro.com.br\/dmastroblog\/wp-content\/uploads\/2018\/12\/Quadro-Emoldurado-Taro-Golden-Gustave-Klimt-Arcano-Maior-8-A-Justi%C3%A7a-DMAstro-Brasil-Loja-Holistica-Base.jpg?fit=1000%2C1000&ssl=1","contentUrl":"https:\/\/i0.wp.com\/www.dmastro.com.br\/dmastroblog\/wp-content\/uploads\/2018\/12\/Quadro-Emoldurado-Taro-Golden-Gustave-Klimt-Arcano-Maior-8-A-Justi%C3%A7a-DMAstro-Brasil-Loja-Holistica-Base.jpg?fit=1000%2C1000&ssl=1","width":1000,"height":1000},{"@type":"BreadcrumbList","@id":"https:\/\/www.dmastro.com.br\/dmastroblog\/produto\/quadro-emoldurado-taro-golden-klimt-arcano-maior-8-a-justica-de-gustave-klimt\/#breadcrumb","itemListElement":[{"@type":"ListItem","position":1,"name":"In\u00edcio","item":"https:\/\/www.dmastro.com.br\/dmastroblog\/"},{"@type":"ListItem","position":2,"name":"Loja","item":"https:\/\/www.dmastro.com.br\/dmastroblog\/loja\/"},{"@type":"ListItem","position":3,"name":"Quadro Emoldurado Tar\u00f4 Golden Klimt Arcano Maior 8 A Justi\u00e7a de Gustave Klimt"}]},{"@type":"WebSite","@id":"https:\/\/www.dmastro.com.br\/dmastroblog\/#website","url":"https:\/\/www.dmastro.com.br\/dmastroblog\/","name":"DMAstro Brasil","description":"Curso Completo de Forma\u00e7\u00e3o","publisher":{"@id":"https:\/\/www.dmastro.com.br\/dmastroblog\/#organization"},"potentialAction":[{"@type":"SearchAction","target":{"@type":"EntryPoint","urlTemplate":"https:\/\/www.dmastro.com.br\/dmastroblog\/?s={search_term_string}"},"query-input":{"@type":"PropertyValueSpecification","valueRequired":true,"valueName":"search_term_string"}}],"inLanguage":"pt-BR"},{"@type":"Organization","@id":"https:\/\/www.dmastro.com.br\/dmastroblog\/#organization","name":"DMAstro Brasil","url":"https:\/\/www.dmastro.com.br\/dmastroblog\/","logo":{"@type":"ImageObject","inLanguage":"pt-BR","@id":"https:\/\/www.dmastro.com.br\/dmastroblog\/#\/schema\/logo\/image\/","url":"https:\/\/www.dmastro.com.br\/dmastroblog\/wp-content\/uploads\/2018\/12\/logotipo-dmastro-brasil.png","contentUrl":"https:\/\/www.dmastro.com.br\/dmastroblog\/wp-content\/uploads\/2018\/12\/logotipo-dmastro-brasil.png","width":180,"height":180,"caption":"DMAstro Brasil"},"image":{"@id":"https:\/\/www.dmastro.com.br\/dmastroblog\/#\/schema\/logo\/image\/"},"sameAs":["https:\/\/www.facebook.com\/dmastrobr","https:\/\/x.com\/dmastrobrasil","https:\/\/www.instagram.com\/dmastrobrasil\/"]}]},"product_price_amount":"325.00","product_price_currency":"BRL","og_availability":"instock","product_availability":"instock","product_condition":"new"},"jetpack_publicize_connections":[],"jetpack_sharing_enabled":true,"jetpack_likes_enabled":true,"publishpress_future_workflow_manual_trigger":{"enabledWorkflows":[]},"_links":{"self":[{"href":"https:\/\/www.dmastro.com.br\/dmastroblog\/wp-json\/wp\/v2\/product\/1192","targetHints":{"allow":["GET"]}}],"collection":[{"href":"https:\/\/www.dmastro.com.br\/dmastroblog\/wp-json\/wp\/v2\/product"}],"about":[{"href":"https:\/\/www.dmastro.com.br\/dmastroblog\/wp-json\/wp\/v2\/types\/product"}],"replies":[{"embeddable":true,"href":"https:\/\/www.dmastro.com.br\/dmastroblog\/wp-json\/wp\/v2\/comments?post=1192"}],"wp:featuredmedia":[{"embeddable":true,"href":"https:\/\/www.dmastro.com.br\/dmastroblog\/wp-json\/wp\/v2\/media\/1162"}],"wp:attachment":[{"href":"https:\/\/www.dmastro.com.br\/dmastroblog\/wp-json\/wp\/v2\/media?parent=1192"}],"wp:term":[{"taxonomy":"product_brand","embeddable":true,"href":"https:\/\/www.dmastro.com.br\/dmastroblog\/wp-json\/wp\/v2\/product_brand?post=1192"},{"taxonomy":"product_cat","embeddable":true,"href":"https:\/\/www.dmastro.com.br\/dmastroblog\/wp-json\/wp\/v2\/product_cat?post=1192"},{"taxonomy":"product_tag","embeddable":true,"href":"https:\/\/www.dmastro.com.br\/dmastroblog\/wp-json\/wp\/v2\/product_tag?post=1192"}],"curies":[{"name":"wp","href":"https:\/\/api.w.org\/{rel}","templated":true}]}}