{"id":11417,"date":"2023-11-15T03:45:29","date_gmt":"2023-11-15T06:45:29","guid":{"rendered":"https:\/\/www.dmastro.com.br\/dmastroblog\/?post_type=product&#038;p=11417"},"modified":"2023-11-15T03:56:42","modified_gmt":"2023-11-15T06:56:42","slug":"curso-de-mesa-real-de-baralho-cigano-com-adriana-martins","status":"publish","type":"product","link":"https:\/\/www.dmastro.com.br\/dmastroblog\/produto\/curso-de-mesa-real-de-baralho-cigano-com-adriana-martins\/","title":{"rendered":"Curso de Mesa Real de Baralho Cigano com Adriana Martins"},"content":{"rendered":"<p><span style=\"color: #ff6600;\"><em><span style=\"font-size: 18pt;\"><span style=\"color: #ff6600; font-size: 18pt;\"><b>Curso de Mesa Real de Baralho Cigano com Adriana Martins<\/b><\/span><\/span><\/em><\/span><\/p>\n<p>O objetivo deste curso \u00e9 ensinar de forma objetiva e pr\u00e1tica como montar uma mesa real de baralho cigano, o est\u00e1gio mais formid\u00e1vel desse or\u00e1culo.<br \/>\nPara aprender a usar este oraculo \u00e9 preciso que a pessoa realmente queira se comprometer com os estudos, n\u00e3o \u00e9 s\u00f3 decorar os significados das cartas, mas sim compreend\u00ea-las de forma profunda. Todo estudo, f\u00e9 e pr\u00e1tica conseguir\u00e1 bons resultados. Neste curso, visa-se, tamb\u00e9m, o autoconhecimento, mas podemos trabalhar de forma profissional, pois a cartomancia \u00e9 uma profiss\u00e3o legalizada, al\u00e9m de ser uma das mais antigas.<\/p>\n<p>O baralho cigano, tamb\u00e9m conhecido como baralho Lenormand, \u00e9 um tipo de baralho utilizado para adivinha\u00e7\u00e3o e leitura de cartas. Ao contr\u00e1rio do baralho comum de 52 cartas, o baralho cigano possui um conjunto espec\u00edfico de cartas, geralmente composto por 36 ou 54 cartas, cada uma delas com um s\u00edmbolo ou imagem que representa um significado espec\u00edfico.<\/p>\n<p>Cada carta do baralho cigano tem um significado simb\u00f3lico que pode variar de acordo com o contexto e as combina\u00e7\u00f5es com outras cartas. Elas podem representar pessoas, eventos, situa\u00e7\u00f5es ou caracter\u00edsticas que est\u00e3o relacionadas \u00e0s quest\u00f5es do consulente. A leitura do baralho cigano \u00e9 feita pelo cartomante, que interpreta as cartas e fornece orienta\u00e7\u00f5es e insights sobre a vida do indiv\u00edduo.<\/p>\n<p>Conhe\u00e7a a professora Adriana Martins por ela mesmo:<\/p>\n<p>Adriana Martins, desde menina, faz tempo isso, estudo de maneira profunda algumas pr\u00e1ticas espirituais. Atualmente eu trabalho como cartomante, astr\u00f3loga e orientadora espiritual, tamb\u00e9m sou Master Reiki, Consteladora Sist\u00eamica, Terapeuta Floral e administradora. Amo meu trabalho e adoro a mesa cigana.<\/p>\n<p>Desde 2003 atuo na cartomancia, atendo com mesas espirituais de radiestesia. J\u00e1 fiz artigos para jornal de Cordeir\u00f3polis para fazer de previs\u00e3o astrol\u00f3gica e carta da semana.<br \/>\nAtualmente, administro pelas redes sociais o #t\u00e1noc\u00e9u com as cartas do dia e passo da lua.<br \/>\nEm 2018 escrevi um livro em parceria com Fabio Vieira, chamado Viva plenamente com atitudes positivas, essa jornada transformou minha vida, onde eu mudei meus h\u00e1bitos alimentares e de fato comprovei que podemos mudar se quisermos, eu emagreci 50 quilos.<br \/>\nAtualmente, estou numa casa espiritual de cunho esot\u00e9rico e umbandista, como zeladora espiritual chamada Instituto 7raios, onde atendemos semanalmente de 50 a 120 pessoas nos trabalhos espirituais.<br \/>\nEstou escrevendo um livro sobre as cartas da cigana e desenvolvendo o baralho para acompanhar o livro.<\/p>\n<p>Forma\u00e7\u00e3o<br \/>\nEscola de Astrologia \u2013 2015<br \/>\nMaster Reiki 2015<\/p>\n<p>2002 \u2013 Curso de magia das 7 velas<br \/>\n2007 \u2013 Reiki Nivel 1<br \/>\n2012 \u2013 Terapeuta Floral<br \/>\n2013 \u2013 Curso de Cromoterapia<br \/>\n2014 \u2013 Curso de forma\u00e7\u00e3o de Linguagem do Corpo<br \/>\n2015 \u2013 Ingresso na Tsara Andara para aprender a jogar baralho cigano com o povo cigano<br \/>\n2015 \u2013 Forma\u00e7\u00e3o de Master Reiki<br \/>\n2016 \u2013 Forma\u00e7\u00e3o Baralho Cigano<br \/>\n2018 \u2013 Forma\u00e7\u00e3o no curso de Metafisica da Sa\u00fade<br \/>\n2018 \u2013 Curso de forma\u00e7\u00e3o de cartomantes<br \/>\n2019 \u2013 Terapeuta da felicidade<br \/>\n2020 \u2013 Curso avan\u00e7ado de Baralho Cigano<br \/>\n2020 \u2013 Forma\u00e7\u00e3o em Constela\u00e7\u00e3o Familiar<br \/>\n2022 \u2013 Forma\u00e7\u00e3o em Constela\u00e7\u00e3o Gestacional<\/p>\n<p>Astrologia<br \/>\n2015-2017 \u2013 Forma\u00e7\u00e3o em Astrologia<br \/>\n2017 \u2013 Curso de Astrologia e Psicologia<br \/>\n2017 \u2013 Magia da Astrologia<br \/>\n2018\/2019 \u2013 Astrologia e Psican\u00e1lise<br \/>\n2019 \u2013 Hist\u00f3ria da Astrologia e Filosofia<br \/>\n2020 \u2013 Mitologia e hist\u00f3ria da Astrologia<br \/>\n2021 \u2013 Astrologia e Constela\u00e7\u00e3o Sist\u00eamica<br \/>\n2022 \u2013 Astrologia e Sa\u00fade 1 e 2<\/p>\n<p><span style=\"color: #ff0000; font-size: 18pt;\"><em><strong>OBJETIVOS<\/strong><\/em><\/span><\/p>\n<p>O objetivo deste curso \u00e9 ensinar de forma objetiva e pr\u00e1tica como montar uma mesa real de baralho cigano, o est\u00e1gio mais formid\u00e1vel desse or\u00e1culo.<\/p>\n<p><span style=\"color: #ff0000; font-size: 18pt;\"><em><strong>PROGRAMA<\/strong><\/em><\/span><\/p>\n<ul>\n<li>Mesa Real Teoria<\/li>\n<li>Mesa Real de forma pr\u00e1tica<\/li>\n<\/ul>\n<p>O curso \u00e9 ao vivo via zoom, grupo de WhatsApp de suporte para d\u00favidas e certificado de conclus\u00e3o da DMAstro<\/p>\n<p><span style=\"color: #ff0000; font-size: 18pt;\"><em><strong>PAPA QUEM \u00c9 ESTE CURSO<\/strong><\/em><\/span><\/p>\n<ul>\n<li>Todas as pessoas interessadas em aprender a usar este or\u00e1culo que \u00e9 pr\u00e1tico e objetivo.<\/li>\n<li>Pessoas que j\u00e1 tenham conhecimento, pois o curso vai ficar focado na mesa real.<\/li>\n<\/ul>\n<p>N\u00e3o h\u00e1 sectarismo religioso, voc\u00ea pode ser de qualquer religi\u00e3o ou filosofia de vida.<\/p>\n<p><span style=\"color: #ff0000; font-size: 14pt;\"><strong>Aulas semanais de 70 minutos, curso com dura\u00e7\u00e3o de 4 meses.\u00a0 Quatro mensalidades de R$ 220 &#8211; Total do curso R$ 880<\/strong><\/span><\/p>\n<p>Para mais informa\u00e7\u00f5es e inscri\u00e7\u00f5es, ligue para: (11) 96624-8446 ou envie mensagem no WhatsApp<\/p>\n<p>Os pagamentos podem ser feitos via transfer\u00eancia banc\u00e1ria ou pix mensalmente.<\/p>\n<p>O aluno pode optar pelo pagamento do curso completo antecipado com desconto de 10%.<\/p>\n<p style=\"text-align: center;\">\n","protected":false},"excerpt":{"rendered":"<p><span style=\"color: #ff6600;\"><em><span style=\"font-size: 18pt;\"><span style=\"color: #ff6600; font-size: 18pt;\"><b>Curso de Mesa Real de Baralho Cigano com Adriana Martins<\/b><\/span><\/span><\/em><\/span><\/p>\n<p>O objetivo deste curso \u00e9 ensinar de forma objetiva e pr\u00e1tica como montar uma mesa real de baralho cigano, o est\u00e1gio mais formid\u00e1vel desse or\u00e1culo.<br \/>\nPara aprender a usar este oraculo \u00e9 preciso que a pessoa realmente queira se comprometer com os estudos, n\u00e3o \u00e9 s\u00f3 decorar os significados das cartas, mas sim compreend\u00ea-las de forma profunda. Todo estudo, f\u00e9 e pr\u00e1tica conseguir\u00e1 bons resultados. Neste curso, visa-se, tamb\u00e9m, o autoconhecimento, mas podemos trabalhar de forma profissional, pois a cartomancia \u00e9 uma profiss\u00e3o legalizada, al\u00e9m de ser uma das mais antigas.<\/p>\n","protected":false},"featured_media":11418,"comment_status":"open","ping_status":"closed","template":"","meta":{"_themeisle_gutenberg_block_has_review":false,"jetpack_post_was_ever_published":false,"jetpack_publicize_message":"","jetpack_publicize_feature_enabled":true,"jetpack_social_post_already_shared":true,"jetpack_social_options":{"image_generator_settings":{"template":"highway","default_image_id":0,"font":"","enabled":false},"version":2}},"product_brand":[],"product_cat":[1539,364,66],"product_tag":[1540,1541,1627,1626],"class_list":{"0":"post-11417","1":"product","2":"type-product","3":"status-publish","4":"has-post-thumbnail","6":"product_cat-baralho-cigano-cursos-em-video","7":"product_cat-curso-online","8":"product_cat-cursos-em-video","9":"product_tag-adriana-martins","10":"product_tag-baralho-cigano","11":"product_tag-leanormand","12":"product_tag-mesa-real","13":"post","15":"first","16":"instock","17":"virtual","18":"taxable","19":"purchasable","20":"product-type-simple"},"composite_virtual":false,"composite_layout":"","composite_add_to_cart_form_location":"","composite_editable_in_cart":false,"composite_sold_individually_context":"","composite_shop_price_calc":"","composite_components":[],"composite_scenarios":[],"yoast_head":"<!-- This site is optimized with the Yoast SEO Premium plugin v22.9 (Yoast SEO v27.3) - https:\/\/yoast.com\/product\/yoast-seo-premium-wordpress\/ -->\n<title>Curso de Mesa Real de Baralho Cigano com Adriana Martins<\/title>\n<meta name=\"description\" content=\"Curso de Mesa Real de Baralho Cigano com Adriana Martins\" \/>\n<meta name=\"robots\" content=\"index, follow, max-snippet:-1, max-image-preview:large, max-video-preview:-1\" \/>\n<link rel=\"canonical\" href=\"https:\/\/www.dmastro.com.br\/dmastroblog\/produto\/curso-de-mesa-real-de-baralho-cigano-com-adriana-martins\/\" \/>\n<meta property=\"og:locale\" content=\"pt_BR\" \/>\n<meta property=\"og:type\" content=\"article\" \/>\n<meta property=\"og:title\" content=\"Curso de Mesa Real de Baralho Cigano com Adriana Martins\" \/>\n<meta property=\"og:description\" content=\"Curso de Mesa Real de Baralho Cigano com Adriana Martins\" \/>\n<meta property=\"og:url\" content=\"https:\/\/www.dmastro.com.br\/dmastroblog\/produto\/curso-de-mesa-real-de-baralho-cigano-com-adriana-martins\/\" \/>\n<meta property=\"og:site_name\" content=\"Escola de Astrologia DMAstro\" \/>\n<meta property=\"article:publisher\" content=\"https:\/\/www.facebook.com\/dmastrobr\" \/>\n<meta property=\"article:modified_time\" content=\"2023-11-15T06:56:42+00:00\" \/>\n<meta property=\"og:image\" content=\"https:\/\/www.dmastro.com.br\/dmastroblog\/wp-content\/uploads\/2023\/11\/curso-de-mesa-real-de-baralho-cigano-dmastro-adriana-martins.jpg\" \/>\n\t<meta property=\"og:image:width\" content=\"1402\" \/>\n\t<meta property=\"og:image:height\" content=\"2000\" \/>\n\t<meta property=\"og:image:type\" content=\"image\/jpeg\" \/>\n<meta name=\"twitter:card\" content=\"summary_large_image\" \/>\n<meta name=\"twitter:site\" content=\"@dmastrobrasil\" \/>\n<meta name=\"twitter:label1\" content=\"Pre\u00e7o\" \/>\n\t<meta name=\"twitter:data1\" content=\"&#082;&#036;220,00\" \/>\n\t<meta name=\"twitter:label2\" content=\"Disponibilidade\" \/>\n\t<meta name=\"twitter:data2\" content=\"Em Estoque\" \/>\n<script type=\"application\/ld+json\" class=\"yoast-schema-graph\">{\"@context\":\"https:\\\/\\\/schema.org\",\"@graph\":[{\"@type\":\"WebPage\",\"@id\":\"https:\\\/\\\/www.dmastro.com.br\\\/dmastroblog\\\/produto\\\/curso-de-mesa-real-de-baralho-cigano-com-adriana-martins\\\/\",\"url\":\"https:\\\/\\\/www.dmastro.com.br\\\/dmastroblog\\\/produto\\\/curso-de-mesa-real-de-baralho-cigano-com-adriana-martins\\\/\",\"name\":\"Curso de Mesa Real de Baralho Cigano com Adriana Martins\",\"isPartOf\":{\"@id\":\"https:\\\/\\\/www.dmastro.com.br\\\/dmastroblog\\\/#website\"},\"primaryImageOfPage\":{\"@id\":\"https:\\\/\\\/www.dmastro.com.br\\\/dmastroblog\\\/produto\\\/curso-de-mesa-real-de-baralho-cigano-com-adriana-martins\\\/#primaryimage\"},\"image\":{\"@id\":\"https:\\\/\\\/www.dmastro.com.br\\\/dmastroblog\\\/produto\\\/curso-de-mesa-real-de-baralho-cigano-com-adriana-martins\\\/#primaryimage\"},\"thumbnailUrl\":\"https:\\\/\\\/i0.wp.com\\\/www.dmastro.com.br\\\/dmastroblog\\\/wp-content\\\/uploads\\\/2023\\\/11\\\/curso-de-mesa-real-de-baralho-cigano-dmastro-adriana-martins.jpg?fit=1402%2C2000&ssl=1\",\"datePublished\":\"2023-11-15T06:45:29+00:00\",\"dateModified\":\"2023-11-15T06:56:42+00:00\",\"description\":\"Curso de Mesa Real de Baralho Cigano com Adriana Martins\",\"breadcrumb\":{\"@id\":\"https:\\\/\\\/www.dmastro.com.br\\\/dmastroblog\\\/produto\\\/curso-de-mesa-real-de-baralho-cigano-com-adriana-martins\\\/#breadcrumb\"},\"inLanguage\":\"pt-BR\",\"potentialAction\":[{\"@type\":\"ReadAction\",\"target\":[\"https:\\\/\\\/www.dmastro.com.br\\\/dmastroblog\\\/produto\\\/curso-de-mesa-real-de-baralho-cigano-com-adriana-martins\\\/\"]}]},{\"@type\":\"ImageObject\",\"inLanguage\":\"pt-BR\",\"@id\":\"https:\\\/\\\/www.dmastro.com.br\\\/dmastroblog\\\/produto\\\/curso-de-mesa-real-de-baralho-cigano-com-adriana-martins\\\/#primaryimage\",\"url\":\"https:\\\/\\\/i0.wp.com\\\/www.dmastro.com.br\\\/dmastroblog\\\/wp-content\\\/uploads\\\/2023\\\/11\\\/curso-de-mesa-real-de-baralho-cigano-dmastro-adriana-martins.jpg?fit=1402%2C2000&ssl=1\",\"contentUrl\":\"https:\\\/\\\/i0.wp.com\\\/www.dmastro.com.br\\\/dmastroblog\\\/wp-content\\\/uploads\\\/2023\\\/11\\\/curso-de-mesa-real-de-baralho-cigano-dmastro-adriana-martins.jpg?fit=1402%2C2000&ssl=1\",\"width\":1402,\"height\":2000},{\"@type\":\"BreadcrumbList\",\"@id\":\"https:\\\/\\\/www.dmastro.com.br\\\/dmastroblog\\\/produto\\\/curso-de-mesa-real-de-baralho-cigano-com-adriana-martins\\\/#breadcrumb\",\"itemListElement\":[{\"@type\":\"ListItem\",\"position\":1,\"name\":\"In\u00edcio\",\"item\":\"https:\\\/\\\/www.dmastro.com.br\\\/dmastroblog\\\/\"},{\"@type\":\"ListItem\",\"position\":2,\"name\":\"Loja\",\"item\":\"https:\\\/\\\/www.dmastro.com.br\\\/dmastroblog\\\/loja\\\/\"},{\"@type\":\"ListItem\",\"position\":3,\"name\":\"Curso de Mesa Real de Baralho Cigano com Adriana Martins\"}]},{\"@type\":\"WebSite\",\"@id\":\"https:\\\/\\\/www.dmastro.com.br\\\/dmastroblog\\\/#website\",\"url\":\"https:\\\/\\\/www.dmastro.com.br\\\/dmastroblog\\\/\",\"name\":\"DMAstro Brasil\",\"description\":\"Curso Completo de Forma\u00e7\u00e3o\",\"publisher\":{\"@id\":\"https:\\\/\\\/www.dmastro.com.br\\\/dmastroblog\\\/#organization\"},\"potentialAction\":[{\"@type\":\"SearchAction\",\"target\":{\"@type\":\"EntryPoint\",\"urlTemplate\":\"https:\\\/\\\/www.dmastro.com.br\\\/dmastroblog\\\/?s={search_term_string}\"},\"query-input\":{\"@type\":\"PropertyValueSpecification\",\"valueRequired\":true,\"valueName\":\"search_term_string\"}}],\"inLanguage\":\"pt-BR\"},{\"@type\":\"Organization\",\"@id\":\"https:\\\/\\\/www.dmastro.com.br\\\/dmastroblog\\\/#organization\",\"name\":\"DMAstro Brasil\",\"url\":\"https:\\\/\\\/www.dmastro.com.br\\\/dmastroblog\\\/\",\"logo\":{\"@type\":\"ImageObject\",\"inLanguage\":\"pt-BR\",\"@id\":\"https:\\\/\\\/www.dmastro.com.br\\\/dmastroblog\\\/#\\\/schema\\\/logo\\\/image\\\/\",\"url\":\"https:\\\/\\\/www.dmastro.com.br\\\/dmastroblog\\\/wp-content\\\/uploads\\\/2018\\\/12\\\/logotipo-dmastro-brasil.png\",\"contentUrl\":\"https:\\\/\\\/www.dmastro.com.br\\\/dmastroblog\\\/wp-content\\\/uploads\\\/2018\\\/12\\\/logotipo-dmastro-brasil.png\",\"width\":180,\"height\":180,\"caption\":\"DMAstro Brasil\"},\"image\":{\"@id\":\"https:\\\/\\\/www.dmastro.com.br\\\/dmastroblog\\\/#\\\/schema\\\/logo\\\/image\\\/\"},\"sameAs\":[\"https:\\\/\\\/www.facebook.com\\\/dmastrobr\",\"https:\\\/\\\/x.com\\\/dmastrobrasil\",\"https:\\\/\\\/www.instagram.com\\\/dmastrobrasil\\\/\"]}]}<\/script>\n<meta property=\"product:price:amount\" content=\"220.00\" \/>\n<meta property=\"product:price:currency\" content=\"BRL\" \/>\n<meta property=\"og:availability\" content=\"instock\" \/>\n<meta property=\"product:availability\" content=\"instock\" \/>\n<meta property=\"product:condition\" content=\"new\" \/>\n<!-- \/ Yoast SEO Premium plugin. -->","yoast_head_json":{"title":"Curso de Mesa Real de Baralho Cigano com Adriana Martins","description":"Curso de Mesa Real de Baralho Cigano com Adriana Martins","robots":{"index":"index","follow":"follow","max-snippet":"max-snippet:-1","max-image-preview":"max-image-preview:large","max-video-preview":"max-video-preview:-1"},"canonical":"https:\/\/www.dmastro.com.br\/dmastroblog\/produto\/curso-de-mesa-real-de-baralho-cigano-com-adriana-martins\/","og_locale":"pt_BR","og_type":"article","og_title":"Curso de Mesa Real de Baralho Cigano com Adriana Martins","og_description":"Curso de Mesa Real de Baralho Cigano com Adriana Martins","og_url":"https:\/\/www.dmastro.com.br\/dmastroblog\/produto\/curso-de-mesa-real-de-baralho-cigano-com-adriana-martins\/","og_site_name":"Escola de Astrologia DMAstro","article_publisher":"https:\/\/www.facebook.com\/dmastrobr","article_modified_time":"2023-11-15T06:56:42+00:00","og_image":[{"width":1402,"height":2000,"url":"https:\/\/www.dmastro.com.br\/dmastroblog\/wp-content\/uploads\/2023\/11\/curso-de-mesa-real-de-baralho-cigano-dmastro-adriana-martins.jpg","type":"image\/jpeg"}],"twitter_card":"summary_large_image","twitter_site":"@dmastrobrasil","twitter_misc":{"Pre\u00e7o":"&#82;&#36;220,00","Disponibilidade":"Em Estoque"},"schema":{"@context":"https:\/\/schema.org","@graph":[{"@type":"WebPage","@id":"https:\/\/www.dmastro.com.br\/dmastroblog\/produto\/curso-de-mesa-real-de-baralho-cigano-com-adriana-martins\/","url":"https:\/\/www.dmastro.com.br\/dmastroblog\/produto\/curso-de-mesa-real-de-baralho-cigano-com-adriana-martins\/","name":"Curso de Mesa Real de Baralho Cigano com Adriana Martins","isPartOf":{"@id":"https:\/\/www.dmastro.com.br\/dmastroblog\/#website"},"primaryImageOfPage":{"@id":"https:\/\/www.dmastro.com.br\/dmastroblog\/produto\/curso-de-mesa-real-de-baralho-cigano-com-adriana-martins\/#primaryimage"},"image":{"@id":"https:\/\/www.dmastro.com.br\/dmastroblog\/produto\/curso-de-mesa-real-de-baralho-cigano-com-adriana-martins\/#primaryimage"},"thumbnailUrl":"https:\/\/i0.wp.com\/www.dmastro.com.br\/dmastroblog\/wp-content\/uploads\/2023\/11\/curso-de-mesa-real-de-baralho-cigano-dmastro-adriana-martins.jpg?fit=1402%2C2000&ssl=1","datePublished":"2023-11-15T06:45:29+00:00","dateModified":"2023-11-15T06:56:42+00:00","description":"Curso de Mesa Real de Baralho Cigano com Adriana Martins","breadcrumb":{"@id":"https:\/\/www.dmastro.com.br\/dmastroblog\/produto\/curso-de-mesa-real-de-baralho-cigano-com-adriana-martins\/#breadcrumb"},"inLanguage":"pt-BR","potentialAction":[{"@type":"ReadAction","target":["https:\/\/www.dmastro.com.br\/dmastroblog\/produto\/curso-de-mesa-real-de-baralho-cigano-com-adriana-martins\/"]}]},{"@type":"ImageObject","inLanguage":"pt-BR","@id":"https:\/\/www.dmastro.com.br\/dmastroblog\/produto\/curso-de-mesa-real-de-baralho-cigano-com-adriana-martins\/#primaryimage","url":"https:\/\/i0.wp.com\/www.dmastro.com.br\/dmastroblog\/wp-content\/uploads\/2023\/11\/curso-de-mesa-real-de-baralho-cigano-dmastro-adriana-martins.jpg?fit=1402%2C2000&ssl=1","contentUrl":"https:\/\/i0.wp.com\/www.dmastro.com.br\/dmastroblog\/wp-content\/uploads\/2023\/11\/curso-de-mesa-real-de-baralho-cigano-dmastro-adriana-martins.jpg?fit=1402%2C2000&ssl=1","width":1402,"height":2000},{"@type":"BreadcrumbList","@id":"https:\/\/www.dmastro.com.br\/dmastroblog\/produto\/curso-de-mesa-real-de-baralho-cigano-com-adriana-martins\/#breadcrumb","itemListElement":[{"@type":"ListItem","position":1,"name":"In\u00edcio","item":"https:\/\/www.dmastro.com.br\/dmastroblog\/"},{"@type":"ListItem","position":2,"name":"Loja","item":"https:\/\/www.dmastro.com.br\/dmastroblog\/loja\/"},{"@type":"ListItem","position":3,"name":"Curso de Mesa Real de Baralho Cigano com Adriana Martins"}]},{"@type":"WebSite","@id":"https:\/\/www.dmastro.com.br\/dmastroblog\/#website","url":"https:\/\/www.dmastro.com.br\/dmastroblog\/","name":"DMAstro Brasil","description":"Curso Completo de Forma\u00e7\u00e3o","publisher":{"@id":"https:\/\/www.dmastro.com.br\/dmastroblog\/#organization"},"potentialAction":[{"@type":"SearchAction","target":{"@type":"EntryPoint","urlTemplate":"https:\/\/www.dmastro.com.br\/dmastroblog\/?s={search_term_string}"},"query-input":{"@type":"PropertyValueSpecification","valueRequired":true,"valueName":"search_term_string"}}],"inLanguage":"pt-BR"},{"@type":"Organization","@id":"https:\/\/www.dmastro.com.br\/dmastroblog\/#organization","name":"DMAstro Brasil","url":"https:\/\/www.dmastro.com.br\/dmastroblog\/","logo":{"@type":"ImageObject","inLanguage":"pt-BR","@id":"https:\/\/www.dmastro.com.br\/dmastroblog\/#\/schema\/logo\/image\/","url":"https:\/\/www.dmastro.com.br\/dmastroblog\/wp-content\/uploads\/2018\/12\/logotipo-dmastro-brasil.png","contentUrl":"https:\/\/www.dmastro.com.br\/dmastroblog\/wp-content\/uploads\/2018\/12\/logotipo-dmastro-brasil.png","width":180,"height":180,"caption":"DMAstro Brasil"},"image":{"@id":"https:\/\/www.dmastro.com.br\/dmastroblog\/#\/schema\/logo\/image\/"},"sameAs":["https:\/\/www.facebook.com\/dmastrobr","https:\/\/x.com\/dmastrobrasil","https:\/\/www.instagram.com\/dmastrobrasil\/"]}]},"product_price_amount":"220.00","product_price_currency":"BRL","og_availability":"instock","product_availability":"instock","product_condition":"new"},"jetpack_publicize_connections":[],"jetpack_sharing_enabled":true,"jetpack_likes_enabled":false,"publishpress_future_workflow_manual_trigger":{"enabledWorkflows":[]},"_links":{"self":[{"href":"https:\/\/www.dmastro.com.br\/dmastroblog\/wp-json\/wp\/v2\/product\/11417","targetHints":{"allow":["GET"]}}],"collection":[{"href":"https:\/\/www.dmastro.com.br\/dmastroblog\/wp-json\/wp\/v2\/product"}],"about":[{"href":"https:\/\/www.dmastro.com.br\/dmastroblog\/wp-json\/wp\/v2\/types\/product"}],"replies":[{"embeddable":true,"href":"https:\/\/www.dmastro.com.br\/dmastroblog\/wp-json\/wp\/v2\/comments?post=11417"}],"wp:featuredmedia":[{"embeddable":true,"href":"https:\/\/www.dmastro.com.br\/dmastroblog\/wp-json\/wp\/v2\/media\/11418"}],"wp:attachment":[{"href":"https:\/\/www.dmastro.com.br\/dmastroblog\/wp-json\/wp\/v2\/media?parent=11417"}],"wp:term":[{"taxonomy":"product_brand","embeddable":true,"href":"https:\/\/www.dmastro.com.br\/dmastroblog\/wp-json\/wp\/v2\/product_brand?post=11417"},{"taxonomy":"product_cat","embeddable":true,"href":"https:\/\/www.dmastro.com.br\/dmastroblog\/wp-json\/wp\/v2\/product_cat?post=11417"},{"taxonomy":"product_tag","embeddable":true,"href":"https:\/\/www.dmastro.com.br\/dmastroblog\/wp-json\/wp\/v2\/product_tag?post=11417"}],"curies":[{"name":"wp","href":"https:\/\/api.w.org\/{rel}","templated":true}]}}