{"id":11404,"date":"2023-11-12T21:06:00","date_gmt":"2023-11-13T00:06:00","guid":{"rendered":"https:\/\/www.dmastro.com.br\/dmastroblog\/?post_type=product&#038;p=11404"},"modified":"2023-12-01T18:50:09","modified_gmt":"2023-12-01T21:50:09","slug":"workshop-como-fazer-amuletos-astrologicos-com-antonio-facciollo","status":"publish","type":"product","link":"https:\/\/www.dmastro.com.br\/dmastroblog\/produto\/workshop-como-fazer-amuletos-astrologicos-com-antonio-facciollo\/","title":{"rendered":"Workshop Como Fazer Amuletos Astrol\u00f3gicos com Antonio Facciollo"},"content":{"rendered":"<p style=\"text-align: center;\"><em><strong><span style=\"color: #ff0000; font-size: 18pt;\">Workshop Como Fazer Amuletos Astrol\u00f3gicos com Antonio Facciollo<\/span><\/strong><\/em><\/p>\n<p>Aten\u00e7\u00e3o! Voc\u00ea est\u00e1 prestes a descobrir o poder dos amuletos astrol\u00f3gicos com o maior mestre da astrologia brasileira, Antonio Facciollo!<br \/>\nIsso mesmo, voc\u00ea n\u00e3o leu errado. No dia 20 de dezembro, das 16:00 \u00e0s 18:00, pelo zoom, voc\u00ea vai ter a chance \u00fanica de participar de um workshop in\u00e9dito que vai revelar os segredos da astrologia e da alquimia que o mestre Facciollo domina h\u00e1 6 d\u00e9cadas.<br \/>\nNesse workshop, voc\u00ea vai aprender a identificar os movimentos planet\u00e1rios e usar o metal regido pelo planeta para criar amuletos que podem mudar a sua vida. Voc\u00ea vai saber como corrigir aspectos planet\u00e1rios dif\u00edceis no seu mapa ou potencializar alguma influ\u00eancia positiva. Voc\u00ea vai se conectar com as energias c\u00f3smicas e transformar a sua realidade com os amuletos astrol\u00f3gicos.<br \/>\nMas aten\u00e7\u00e3o, as vagas s\u00e3o limitadas e esse workshop pode n\u00e3o se repetir. Ent\u00e3o, n\u00e3o perca tempo e fa\u00e7a j\u00e1 a sua inscri\u00e7\u00e3o. Garanta a sua vaga nesse workshop imperd\u00edvel e aprenda com o maior mestre da astrologia brasileira, Antonio Facciollo, que \u00e9 tamb\u00e9m gr\u00e3o mestre ma\u00e7om grau 33 da loja GLADA.<\/p>\n<p>Seu professor ser\u00e1, ANTONIO FACCIOLLO NETO, 84 anos, \u00e9 o mais destacado pioneiro da Astrologia Cient\u00edfica, com mais de 55 anos de trabalhos dedicados \u00e0 profiss\u00e3o, \u00e0 pesquisa e \u00e0 difus\u00e3o desse conhecimento milenar. Iniciou sua vida profissional aos 14 anos de idade e Astr\u00f3logo profissional desde 1959.<\/p>\n<p>Foi iniciado em Astrologia por seu pai, Mariano Facciollo, continuando seus estudos como autodidata; qualificou-se como profissional competente pelo Centro Astrol\u00f3gico de Buenos Aires, com importante trabalho sobre \u201cAs Influ\u00eancias C\u00f3smicas nos Acidentes A\u00e9reos\u201d, onde comprovou cientificamente que 70% dos acidentes a\u00e9reos s\u00e3o provocados por \u00e2ngulos planet\u00e1rios desarm\u00f4nicos, tese confirmada at\u00e9 hoje, inclusive com a crise a\u00e9rea e de aeroportos e os grandes acidentes a\u00e9reos em 2006 e 2007 no Brasil. A partir desse trabalho, o Centro Astrol\u00f3gico de Buenos Aires \u2013 na \u00e9poca o mais importante \u00f3rg\u00e3o astrol\u00f3gico da Am\u00e9rica Latina \u2013 reconheceu o Instituto Paulista de Astrologia como Escola de alto n\u00edvel t\u00e9cnico.<\/p>\n<p>Em 1969, fundou a Ur\u00e2nia-Instituto Paulista de Astrologia, a mais antiga e conceituada Escola de Astrologia do pa\u00eds, da qual \u00e9 at\u00e9 hoje diretor e professor.<\/p>\n<p>Na vanguarda pela moraliza\u00e7\u00e3o da Astrologia no Brasil, foi o principal redator dos Estatutos e do C\u00f3digo de \u00c9tica de seus profissionais.<\/p>\n<p>Fundador, em 1971, da ABA-Ordem Nacional dos Astr\u00f3logos e Cosmo-Analistas, o primeiro e principal \u00f3rg\u00e3o auto regulamentador da classe no Brasil e qualificador do bom profissional de Astrologia. Exerceu por v\u00e1rias gest\u00f5es os cargos de Diretor e Presidente, sendo seu atual Diretor Secret\u00e1rio (2008), e membro vital\u00edcio e remido de seu Conselho Superior.<\/p>\n<p>N\u00e3o deixe essa oportunidade passar. Inscreva-se agora e prepare-se para uma experi\u00eancia incr\u00edvel. Esperamos voc\u00ea! \ud83c\udf1f<br \/>\nMais informa\u00e7\u00f5es 011 966248446 ou no site da Escola DMAstro na Web. Realiza\u00e7\u00e3o: Escola de Astrologia DMAstro<br \/>\nSomente para Astrologos!!!<\/p>\n<p>O workshop tem 2 horas, ao vivo com os alunos usando o aplicativo Zoom. A aula fica gravada e pronta para o aluno poder ver quantas vezes quiser ou no caso dele faltar. Tamb\u00e9m existe um grupo de alunos no WhatsApp para apoio as aulas e suporte para d\u00favidas. Os alunos recebem um certificado ao fim do workshop.<\/p>\n<p>Para mais informa\u00e7\u00f5es e inscri\u00e7\u00f5es, ligue para: (11) 96624-8446 ou envie mensagem no WhatsApp. O workshop ser\u00e1\u00a0 em dezembro de 2023.<\/p>\n<p style=\"text-align: center;\"><span style=\"font-size: 18pt;\"><em><strong><span style=\"color: #99ccff;\">O QUE VOC\u00ca VAI APRENDER COM ESTE CURSO ?<\/span><\/strong><\/em><\/span><\/p>\n<p>Voc\u00ea vai saber como corrigir aspectos planet\u00e1rios dif\u00edceis no seu mapa ou potencializar alguma influ\u00eancia positiva. Voc\u00ea vai se conectar com as energias c\u00f3smicas e transformar a sua realidade com os amuletos astrol\u00f3gicos.<\/p>\n<p style=\"text-align: center;\"><em><strong><span style=\"color: #99ccff; font-size: 18pt;\">O CURSO QUE VAI TRANSFORMAR TODA A SUA REALIDADE!<\/span><\/strong><\/em><\/p>\n<p style=\"text-align: left;\"><em><strong>Certifica\u00e7\u00e3o:<\/strong><\/em><br \/>\nSer\u00e1 emitido certificado de conclus\u00e3o no final do workshop.<\/p>\n<p><em><strong>Dura\u00e7\u00e3o do acesso:<\/strong><\/em><br \/>\nAcesso a todo o conte\u00fado virtual na plataforma de estudos por at\u00e9 1 ano ap\u00f3s o t\u00e9rmino do curso<\/p>\n<p>O aluno vai participar do grupo de estudos da Astrologia para esclarecer suas d\u00favidas. O participante que n\u00e3o puder estar presente no workshop, deve elaborar suas d\u00favidas e perguntas e enviar no grupo do WhatsApp antecipadamente. Tais questionamentos ser\u00e3o respondidos durante o workshop. As aulas ficar\u00e3o dispon\u00edveis na plataforma de ensino. Voc\u00ea poder\u00e1 acessar os v\u00eddeos integralmente de qualquer lugar!<\/p>\n<p style=\"text-align: center;\"><em><strong><span style=\"color: #ff0000; font-size: 18pt;\">Workshop Como Fazer Amuletos Astrol\u00f3gicos com Antonio Facciollo<\/span><\/strong><\/em><\/p>\n","protected":false},"excerpt":{"rendered":"<p style=\"text-align: center;\"><em><strong><span style=\"color: #ff0000; font-size: 18pt;\">Workshop Como Fazer Amuletos Astrol\u00f3gicos com Antonio Facciollo<\/span><\/strong><\/em><\/p>\n<p>Aten\u00e7\u00e3o! Voc\u00ea est\u00e1 prestes a descobrir o poder dos amuletos astrol\u00f3gicos com o maior mestre da astrologia brasileira, Antonio Facciollo!<br \/>\nIsso mesmo, voc\u00ea n\u00e3o leu errado. No dia 20 de dezembro, das 16:00 \u00e0s 18:00, pelo zoom, voc\u00ea vai ter a chance \u00fanica de participar de um workshop in\u00e9dito que vai revelar os segredos da astrologia e da alquimia que o mestre Facciollo domina h\u00e1 6 d\u00e9cadas.<br \/>\nNesse workshop, voc\u00ea vai aprender a identificar os movimentos planet\u00e1rios e usar o metal regido pelo planeta para criar amuletos que podem mudar a sua vida. Voc\u00ea vai saber como corrigir aspectos planet\u00e1rios dif\u00edceis no seu mapa ou potencializar alguma influ\u00eancia positiva. Voc\u00ea vai se conectar com as energias c\u00f3smicas e transformar a sua realidade com os amuletos astrol\u00f3gicos.<br \/>\nMas aten\u00e7\u00e3o, as vagas s\u00e3o limitadas e esse workshop pode n\u00e3o se repetir. Ent\u00e3o, n\u00e3o perca tempo e fa\u00e7a j\u00e1 a sua inscri\u00e7\u00e3o. Garanta a sua vaga nesse workshop imperd\u00edvel e aprenda com o maior mestre da astrologia brasileira, Antonio Facciollo, que \u00e9 tamb\u00e9m gr\u00e3o mestre ma\u00e7om grau 33 da loja GLADA.<\/p>\n","protected":false},"featured_media":11421,"comment_status":"open","ping_status":"closed","template":"","meta":{"_themeisle_gutenberg_block_has_review":false,"jetpack_post_was_ever_published":false,"jetpack_publicize_message":"","jetpack_publicize_feature_enabled":true,"jetpack_social_post_already_shared":true,"jetpack_social_options":{"image_generator_settings":{"template":"highway","default_image_id":0,"font":"","enabled":false},"version":2}},"product_brand":[],"product_cat":[71,364,66],"product_tag":[1623,76,1325,1327],"class_list":{"0":"post-11404","1":"product","2":"type-product","3":"status-publish","4":"has-post-thumbnail","6":"product_cat-cursos-em-video-de-astrologia","7":"product_cat-curso-online","8":"product_cat-cursos-em-video","9":"product_tag-asteroides","10":"product_tag-astrologia","11":"product_tag-astrologia-moderna","12":"product_tag-astrologos","13":"post","15":"first","16":"instock","17":"virtual","18":"taxable","19":"purchasable","20":"product-type-simple"},"composite_virtual":false,"composite_layout":"","composite_add_to_cart_form_location":"","composite_editable_in_cart":false,"composite_sold_individually_context":"","composite_shop_price_calc":"","composite_components":[],"composite_scenarios":[],"yoast_head":"<!-- This site is optimized with the Yoast SEO Premium plugin v22.9 (Yoast SEO v27.3) - https:\/\/yoast.com\/product\/yoast-seo-premium-wordpress\/ -->\n<title>Workshop Como Fazer Amuletos Astrol\u00f3gicos com Antonio Facciollo<\/title>\n<meta name=\"description\" content=\"Workshop Como Fazer Amuletos Astrol\u00f3gicos com Antonio Facciollo\" \/>\n<meta name=\"robots\" content=\"index, follow, max-snippet:-1, max-image-preview:large, max-video-preview:-1\" \/>\n<link rel=\"canonical\" href=\"https:\/\/www.dmastro.com.br\/dmastroblog\/produto\/workshop-como-fazer-amuletos-astrologicos-com-antonio-facciollo\/\" \/>\n<meta property=\"og:locale\" content=\"pt_BR\" \/>\n<meta property=\"og:type\" content=\"article\" \/>\n<meta property=\"og:title\" content=\"Workshop Como Fazer Amuletos Astrol\u00f3gicos com Antonio Facciollo\" \/>\n<meta property=\"og:description\" content=\"Workshop Como Fazer Amuletos Astrol\u00f3gicos com Antonio Facciollo\" \/>\n<meta property=\"og:url\" content=\"https:\/\/www.dmastro.com.br\/dmastroblog\/produto\/workshop-como-fazer-amuletos-astrologicos-com-antonio-facciollo\/\" \/>\n<meta property=\"og:site_name\" content=\"Escola de Astrologia DMAstro\" \/>\n<meta property=\"article:publisher\" content=\"https:\/\/www.facebook.com\/dmastrobr\" \/>\n<meta property=\"article:modified_time\" content=\"2023-12-01T21:50:09+00:00\" \/>\n<meta property=\"og:image\" content=\"https:\/\/www.dmastro.com.br\/dmastroblog\/wp-content\/uploads\/2023\/11\/amuletos-1.jpg\" \/>\n\t<meta property=\"og:image:width\" content=\"1402\" \/>\n\t<meta property=\"og:image:height\" content=\"2000\" \/>\n\t<meta property=\"og:image:type\" content=\"image\/jpeg\" \/>\n<meta name=\"twitter:card\" content=\"summary_large_image\" \/>\n<meta name=\"twitter:site\" content=\"@dmastrobrasil\" \/>\n<meta name=\"twitter:label1\" content=\"Pre\u00e7o\" \/>\n\t<meta name=\"twitter:data1\" content=\"&#082;&#036;299,00\" \/>\n\t<meta name=\"twitter:label2\" content=\"Disponibilidade\" \/>\n\t<meta name=\"twitter:data2\" content=\"Em Estoque\" \/>\n<script type=\"application\/ld+json\" class=\"yoast-schema-graph\">{\"@context\":\"https:\\\/\\\/schema.org\",\"@graph\":[{\"@type\":\"WebPage\",\"@id\":\"https:\\\/\\\/www.dmastro.com.br\\\/dmastroblog\\\/produto\\\/workshop-como-fazer-amuletos-astrologicos-com-antonio-facciollo\\\/\",\"url\":\"https:\\\/\\\/www.dmastro.com.br\\\/dmastroblog\\\/produto\\\/workshop-como-fazer-amuletos-astrologicos-com-antonio-facciollo\\\/\",\"name\":\"Workshop Como Fazer Amuletos Astrol\u00f3gicos com Antonio Facciollo\",\"isPartOf\":{\"@id\":\"https:\\\/\\\/www.dmastro.com.br\\\/dmastroblog\\\/#website\"},\"primaryImageOfPage\":{\"@id\":\"https:\\\/\\\/www.dmastro.com.br\\\/dmastroblog\\\/produto\\\/workshop-como-fazer-amuletos-astrologicos-com-antonio-facciollo\\\/#primaryimage\"},\"image\":{\"@id\":\"https:\\\/\\\/www.dmastro.com.br\\\/dmastroblog\\\/produto\\\/workshop-como-fazer-amuletos-astrologicos-com-antonio-facciollo\\\/#primaryimage\"},\"thumbnailUrl\":\"https:\\\/\\\/i0.wp.com\\\/www.dmastro.com.br\\\/dmastroblog\\\/wp-content\\\/uploads\\\/2023\\\/11\\\/amuletos-1.jpg?fit=1402%2C2000&ssl=1\",\"datePublished\":\"2023-11-13T00:06:00+00:00\",\"dateModified\":\"2023-12-01T21:50:09+00:00\",\"description\":\"Workshop Como Fazer Amuletos Astrol\u00f3gicos com Antonio Facciollo\",\"breadcrumb\":{\"@id\":\"https:\\\/\\\/www.dmastro.com.br\\\/dmastroblog\\\/produto\\\/workshop-como-fazer-amuletos-astrologicos-com-antonio-facciollo\\\/#breadcrumb\"},\"inLanguage\":\"pt-BR\",\"potentialAction\":[{\"@type\":\"ReadAction\",\"target\":[\"https:\\\/\\\/www.dmastro.com.br\\\/dmastroblog\\\/produto\\\/workshop-como-fazer-amuletos-astrologicos-com-antonio-facciollo\\\/\"]}]},{\"@type\":\"ImageObject\",\"inLanguage\":\"pt-BR\",\"@id\":\"https:\\\/\\\/www.dmastro.com.br\\\/dmastroblog\\\/produto\\\/workshop-como-fazer-amuletos-astrologicos-com-antonio-facciollo\\\/#primaryimage\",\"url\":\"https:\\\/\\\/i0.wp.com\\\/www.dmastro.com.br\\\/dmastroblog\\\/wp-content\\\/uploads\\\/2023\\\/11\\\/amuletos-1.jpg?fit=1402%2C2000&ssl=1\",\"contentUrl\":\"https:\\\/\\\/i0.wp.com\\\/www.dmastro.com.br\\\/dmastroblog\\\/wp-content\\\/uploads\\\/2023\\\/11\\\/amuletos-1.jpg?fit=1402%2C2000&ssl=1\",\"width\":1402,\"height\":2000},{\"@type\":\"BreadcrumbList\",\"@id\":\"https:\\\/\\\/www.dmastro.com.br\\\/dmastroblog\\\/produto\\\/workshop-como-fazer-amuletos-astrologicos-com-antonio-facciollo\\\/#breadcrumb\",\"itemListElement\":[{\"@type\":\"ListItem\",\"position\":1,\"name\":\"In\u00edcio\",\"item\":\"https:\\\/\\\/www.dmastro.com.br\\\/dmastroblog\\\/\"},{\"@type\":\"ListItem\",\"position\":2,\"name\":\"Loja\",\"item\":\"https:\\\/\\\/www.dmastro.com.br\\\/dmastroblog\\\/loja\\\/\"},{\"@type\":\"ListItem\",\"position\":3,\"name\":\"Workshop Como Fazer Amuletos Astrol\u00f3gicos com Antonio Facciollo\"}]},{\"@type\":\"WebSite\",\"@id\":\"https:\\\/\\\/www.dmastro.com.br\\\/dmastroblog\\\/#website\",\"url\":\"https:\\\/\\\/www.dmastro.com.br\\\/dmastroblog\\\/\",\"name\":\"DMAstro Brasil\",\"description\":\"Curso Completo de Forma\u00e7\u00e3o\",\"publisher\":{\"@id\":\"https:\\\/\\\/www.dmastro.com.br\\\/dmastroblog\\\/#organization\"},\"potentialAction\":[{\"@type\":\"SearchAction\",\"target\":{\"@type\":\"EntryPoint\",\"urlTemplate\":\"https:\\\/\\\/www.dmastro.com.br\\\/dmastroblog\\\/?s={search_term_string}\"},\"query-input\":{\"@type\":\"PropertyValueSpecification\",\"valueRequired\":true,\"valueName\":\"search_term_string\"}}],\"inLanguage\":\"pt-BR\"},{\"@type\":\"Organization\",\"@id\":\"https:\\\/\\\/www.dmastro.com.br\\\/dmastroblog\\\/#organization\",\"name\":\"DMAstro Brasil\",\"url\":\"https:\\\/\\\/www.dmastro.com.br\\\/dmastroblog\\\/\",\"logo\":{\"@type\":\"ImageObject\",\"inLanguage\":\"pt-BR\",\"@id\":\"https:\\\/\\\/www.dmastro.com.br\\\/dmastroblog\\\/#\\\/schema\\\/logo\\\/image\\\/\",\"url\":\"https:\\\/\\\/www.dmastro.com.br\\\/dmastroblog\\\/wp-content\\\/uploads\\\/2018\\\/12\\\/logotipo-dmastro-brasil.png\",\"contentUrl\":\"https:\\\/\\\/www.dmastro.com.br\\\/dmastroblog\\\/wp-content\\\/uploads\\\/2018\\\/12\\\/logotipo-dmastro-brasil.png\",\"width\":180,\"height\":180,\"caption\":\"DMAstro Brasil\"},\"image\":{\"@id\":\"https:\\\/\\\/www.dmastro.com.br\\\/dmastroblog\\\/#\\\/schema\\\/logo\\\/image\\\/\"},\"sameAs\":[\"https:\\\/\\\/www.facebook.com\\\/dmastrobr\",\"https:\\\/\\\/x.com\\\/dmastrobrasil\",\"https:\\\/\\\/www.instagram.com\\\/dmastrobrasil\\\/\"]}]}<\/script>\n<meta property=\"product:price:amount\" content=\"299.00\" \/>\n<meta property=\"product:price:currency\" content=\"BRL\" \/>\n<meta property=\"og:availability\" content=\"instock\" \/>\n<meta property=\"product:availability\" content=\"instock\" \/>\n<meta property=\"product:condition\" content=\"new\" \/>\n<!-- \/ Yoast SEO Premium plugin. -->","yoast_head_json":{"title":"Workshop Como Fazer Amuletos Astrol\u00f3gicos com Antonio Facciollo","description":"Workshop Como Fazer Amuletos Astrol\u00f3gicos com Antonio Facciollo","robots":{"index":"index","follow":"follow","max-snippet":"max-snippet:-1","max-image-preview":"max-image-preview:large","max-video-preview":"max-video-preview:-1"},"canonical":"https:\/\/www.dmastro.com.br\/dmastroblog\/produto\/workshop-como-fazer-amuletos-astrologicos-com-antonio-facciollo\/","og_locale":"pt_BR","og_type":"article","og_title":"Workshop Como Fazer Amuletos Astrol\u00f3gicos com Antonio Facciollo","og_description":"Workshop Como Fazer Amuletos Astrol\u00f3gicos com Antonio Facciollo","og_url":"https:\/\/www.dmastro.com.br\/dmastroblog\/produto\/workshop-como-fazer-amuletos-astrologicos-com-antonio-facciollo\/","og_site_name":"Escola de Astrologia DMAstro","article_publisher":"https:\/\/www.facebook.com\/dmastrobr","article_modified_time":"2023-12-01T21:50:09+00:00","og_image":[{"width":1402,"height":2000,"url":"https:\/\/www.dmastro.com.br\/dmastroblog\/wp-content\/uploads\/2023\/11\/amuletos-1.jpg","type":"image\/jpeg"}],"twitter_card":"summary_large_image","twitter_site":"@dmastrobrasil","twitter_misc":{"Pre\u00e7o":"&#82;&#36;299,00","Disponibilidade":"Em Estoque"},"schema":{"@context":"https:\/\/schema.org","@graph":[{"@type":"WebPage","@id":"https:\/\/www.dmastro.com.br\/dmastroblog\/produto\/workshop-como-fazer-amuletos-astrologicos-com-antonio-facciollo\/","url":"https:\/\/www.dmastro.com.br\/dmastroblog\/produto\/workshop-como-fazer-amuletos-astrologicos-com-antonio-facciollo\/","name":"Workshop Como Fazer Amuletos Astrol\u00f3gicos com Antonio Facciollo","isPartOf":{"@id":"https:\/\/www.dmastro.com.br\/dmastroblog\/#website"},"primaryImageOfPage":{"@id":"https:\/\/www.dmastro.com.br\/dmastroblog\/produto\/workshop-como-fazer-amuletos-astrologicos-com-antonio-facciollo\/#primaryimage"},"image":{"@id":"https:\/\/www.dmastro.com.br\/dmastroblog\/produto\/workshop-como-fazer-amuletos-astrologicos-com-antonio-facciollo\/#primaryimage"},"thumbnailUrl":"https:\/\/i0.wp.com\/www.dmastro.com.br\/dmastroblog\/wp-content\/uploads\/2023\/11\/amuletos-1.jpg?fit=1402%2C2000&ssl=1","datePublished":"2023-11-13T00:06:00+00:00","dateModified":"2023-12-01T21:50:09+00:00","description":"Workshop Como Fazer Amuletos Astrol\u00f3gicos com Antonio Facciollo","breadcrumb":{"@id":"https:\/\/www.dmastro.com.br\/dmastroblog\/produto\/workshop-como-fazer-amuletos-astrologicos-com-antonio-facciollo\/#breadcrumb"},"inLanguage":"pt-BR","potentialAction":[{"@type":"ReadAction","target":["https:\/\/www.dmastro.com.br\/dmastroblog\/produto\/workshop-como-fazer-amuletos-astrologicos-com-antonio-facciollo\/"]}]},{"@type":"ImageObject","inLanguage":"pt-BR","@id":"https:\/\/www.dmastro.com.br\/dmastroblog\/produto\/workshop-como-fazer-amuletos-astrologicos-com-antonio-facciollo\/#primaryimage","url":"https:\/\/i0.wp.com\/www.dmastro.com.br\/dmastroblog\/wp-content\/uploads\/2023\/11\/amuletos-1.jpg?fit=1402%2C2000&ssl=1","contentUrl":"https:\/\/i0.wp.com\/www.dmastro.com.br\/dmastroblog\/wp-content\/uploads\/2023\/11\/amuletos-1.jpg?fit=1402%2C2000&ssl=1","width":1402,"height":2000},{"@type":"BreadcrumbList","@id":"https:\/\/www.dmastro.com.br\/dmastroblog\/produto\/workshop-como-fazer-amuletos-astrologicos-com-antonio-facciollo\/#breadcrumb","itemListElement":[{"@type":"ListItem","position":1,"name":"In\u00edcio","item":"https:\/\/www.dmastro.com.br\/dmastroblog\/"},{"@type":"ListItem","position":2,"name":"Loja","item":"https:\/\/www.dmastro.com.br\/dmastroblog\/loja\/"},{"@type":"ListItem","position":3,"name":"Workshop Como Fazer Amuletos Astrol\u00f3gicos com Antonio Facciollo"}]},{"@type":"WebSite","@id":"https:\/\/www.dmastro.com.br\/dmastroblog\/#website","url":"https:\/\/www.dmastro.com.br\/dmastroblog\/","name":"DMAstro Brasil","description":"Curso Completo de Forma\u00e7\u00e3o","publisher":{"@id":"https:\/\/www.dmastro.com.br\/dmastroblog\/#organization"},"potentialAction":[{"@type":"SearchAction","target":{"@type":"EntryPoint","urlTemplate":"https:\/\/www.dmastro.com.br\/dmastroblog\/?s={search_term_string}"},"query-input":{"@type":"PropertyValueSpecification","valueRequired":true,"valueName":"search_term_string"}}],"inLanguage":"pt-BR"},{"@type":"Organization","@id":"https:\/\/www.dmastro.com.br\/dmastroblog\/#organization","name":"DMAstro Brasil","url":"https:\/\/www.dmastro.com.br\/dmastroblog\/","logo":{"@type":"ImageObject","inLanguage":"pt-BR","@id":"https:\/\/www.dmastro.com.br\/dmastroblog\/#\/schema\/logo\/image\/","url":"https:\/\/www.dmastro.com.br\/dmastroblog\/wp-content\/uploads\/2018\/12\/logotipo-dmastro-brasil.png","contentUrl":"https:\/\/www.dmastro.com.br\/dmastroblog\/wp-content\/uploads\/2018\/12\/logotipo-dmastro-brasil.png","width":180,"height":180,"caption":"DMAstro Brasil"},"image":{"@id":"https:\/\/www.dmastro.com.br\/dmastroblog\/#\/schema\/logo\/image\/"},"sameAs":["https:\/\/www.facebook.com\/dmastrobr","https:\/\/x.com\/dmastrobrasil","https:\/\/www.instagram.com\/dmastrobrasil\/"]}]},"product_price_amount":"299.00","product_price_currency":"BRL","og_availability":"instock","product_availability":"instock","product_condition":"new"},"jetpack_publicize_connections":[],"jetpack_sharing_enabled":true,"jetpack_likes_enabled":false,"publishpress_future_workflow_manual_trigger":{"enabledWorkflows":[]},"_links":{"self":[{"href":"https:\/\/www.dmastro.com.br\/dmastroblog\/wp-json\/wp\/v2\/product\/11404","targetHints":{"allow":["GET"]}}],"collection":[{"href":"https:\/\/www.dmastro.com.br\/dmastroblog\/wp-json\/wp\/v2\/product"}],"about":[{"href":"https:\/\/www.dmastro.com.br\/dmastroblog\/wp-json\/wp\/v2\/types\/product"}],"replies":[{"embeddable":true,"href":"https:\/\/www.dmastro.com.br\/dmastroblog\/wp-json\/wp\/v2\/comments?post=11404"}],"wp:featuredmedia":[{"embeddable":true,"href":"https:\/\/www.dmastro.com.br\/dmastroblog\/wp-json\/wp\/v2\/media\/11421"}],"wp:attachment":[{"href":"https:\/\/www.dmastro.com.br\/dmastroblog\/wp-json\/wp\/v2\/media?parent=11404"}],"wp:term":[{"taxonomy":"product_brand","embeddable":true,"href":"https:\/\/www.dmastro.com.br\/dmastroblog\/wp-json\/wp\/v2\/product_brand?post=11404"},{"taxonomy":"product_cat","embeddable":true,"href":"https:\/\/www.dmastro.com.br\/dmastroblog\/wp-json\/wp\/v2\/product_cat?post=11404"},{"taxonomy":"product_tag","embeddable":true,"href":"https:\/\/www.dmastro.com.br\/dmastroblog\/wp-json\/wp\/v2\/product_tag?post=11404"}],"curies":[{"name":"wp","href":"https:\/\/api.w.org\/{rel}","templated":true}]}}