{"id":11397,"date":"2023-11-12T18:45:25","date_gmt":"2023-11-12T21:45:25","guid":{"rendered":"https:\/\/www.dmastro.com.br\/dmastroblog\/?post_type=product&#038;p=11397"},"modified":"2023-11-30T15:14:38","modified_gmt":"2023-11-30T18:14:38","slug":"workshop-aprenda-a-fazer-horoscopos-dmastro-com-graziella-marraccini","status":"publish","type":"product","link":"https:\/\/www.dmastro.com.br\/dmastroblog\/produto\/workshop-aprenda-a-fazer-horoscopos-dmastro-com-graziella-marraccini\/","title":{"rendered":"Workshop Aprenda a fazer Hor\u00f3scopos DMAstro com Graziella Marraccini"},"content":{"rendered":"<p style=\"text-align: center;\"><em><strong><span style=\"color: #ff0000; font-size: 18pt;\">Workshop Aprenda a fazer Hor\u00f3scopos DMAstro com Graziella Marraccini<\/span><\/strong><\/em><\/p>\n<p>O melhor e mais completo Workshop Aprenda a fazer Hor\u00f3scopos DMAstro com a professora Graziella Marraccini. Venha fazer parte da Elite do Conhecimento Astrol\u00f3gico no Brasil!<\/p>\n<p>Sua professora de astrologia ser\u00e1 Graziella Somaschini Marraccini,<\/p>\n<p>Graziella Somaschini Marraccini dirige a Sirius Astrology \u2013 empresa de servi\u00e7os que fornece consultoria astrol\u00f3gica. Graziella iniciou seus estudos b\u00e1sicos de astrologia no Instituto Paulista de Astrologia, e aperfei\u00e7oou-se no Centro de Pesquisas Astrol\u00f3gicas Hermes, ambos em S\u00e3o Paulo. Em seu caminho de conhecimento astrol\u00f3gico participou de Congressos e simp\u00f3sios onde ministrou palestras sobre v\u00e1rios assuntos.<\/p>\n<p>Foi Coordenadora da Regional de S\u00e3o Paulo da CNA \u2013 Central Nacional de Astrologia durante 12 anos e \u00e9 atualmente Vice-Presidente da CNA na gest\u00e3o 2021\/24. \u00c9 colunista do portal de autoconhecimento SomosTodosUm, onde, \u00e9 respons\u00e1vel pelo Hor\u00f3scopo semanal publicado desde o ano 2000 nesse portal e publicado tamb\u00e9m o seu pr\u00f3prio site, www.astrosirius.com.br. Ministra cursos, palestras, e workshops. Atende em seu consult\u00f3rio e presencialmente ou pela internet. Al\u00e9m de astr\u00f3loga, \u00e9 tar\u00f3loga, cabalista, EFT* Pratictioner e radiestesista. \u00c9 autora do livro: Os Signos na Cozinha.<\/p>\n<p>O workshop tem 3 horas, ao vivo com os alunos usando o aplicativo Zoom. A aula fica gravada e pronta para o aluno poder ver quantas vezes quiser ou no caso dele faltar. Tamb\u00e9m existe um grupo de alunos no WhatsApp para apoio as aulas e suporte para d\u00favidas. Os alunos recebem um certificado ao fim do workshop.<\/p>\n<p>Para mais informa\u00e7\u00f5es e inscri\u00e7\u00f5es, ligue para: (11) 96624-8446 ou envie mensagem no WhatsApp. O workshop ser\u00e1 em 16 de dezembro de 2023 das 14:00 at\u00e9 17:00 horas.<\/p>\n<p>Veja esse v\u00eddeo para entender.<\/p>\n<p><iframe loading=\"lazy\" src=\"https:\/\/player.vimeo.com\/video\/889960276?dnt=1&amp;app_id=122963\" width=\"980\" height=\"551\" frameborder=\"0\" allow=\"autoplay; fullscreen; picture-in-picture\"><\/iframe><\/p>\n<p>&nbsp;<\/p>\n<p style=\"text-align: center;\"><span style=\"font-size: 18pt;\"><em><strong><span style=\"color: #99ccff;\">O QUE VOC\u00ca VAI APRENDER COM ESTE CURSO ?<\/span><\/strong><\/em><\/span><\/p>\n<p><i>Criar hor\u00f3scopos baseados nos passos da Lua. A t\u00e9cnica astrologica usada para fazer hor\u00f3scopo evoluiu so longo do tempo e gracas aos novos programas que ajudam o astrologos a examinar com facilidade os aspectos planetarios que estar\u00e3o influenciando os signos na coletividade. No curso ensino como eu elaboro hor\u00f3scopos h\u00e1 mais\u00a0de\u00a020\u00a0anos!<\/i><\/p>\n<p style=\"text-align: center;\"><em><strong><span style=\"color: #99ccff; font-size: 18pt;\">O CURSO QUE VAI TRANSFORMAR TODA A SUA REALIDADE!<\/span><\/strong><\/em><\/p>\n<p style=\"text-align: left;\"><em><strong>Certifica\u00e7\u00e3o:<\/strong><\/em><br \/>\nSer\u00e1 emitido certificado de conclus\u00e3o no final do workshop.<\/p>\n<p><em><strong>Dura\u00e7\u00e3o do acesso:<\/strong><\/em><br \/>\nAcesso a todo o conte\u00fado virtual na plataforma de estudos por at\u00e9 1 ano ap\u00f3s o t\u00e9rmino do curso<\/p>\n<p>O aluno vai participar do grupo de estudos da Astrologia para esclarecer suas d\u00favidas. O participante que n\u00e3o puder estar presente no workshop, deve elaborar suas d\u00favidas e perguntas e enviar no grupo do WhatsApp antecipadamente. Tais questionamentos ser\u00e3o respondidos durante o workshop. As aulas ficar\u00e3o dispon\u00edveis na plataforma de ensino. Voc\u00ea poder\u00e1 acessar os v\u00eddeos integralmente de qualquer lugar!<\/p>\n<p style=\"text-align: center;\"><em><strong><span style=\"color: #ff0000; font-size: 18pt;\">Workshop Aprenda a fazer Hor\u00f3scopos DMAstro com Graziella Marraccini<\/span><\/strong><\/em><\/p>\n<p>&nbsp;<\/p>\n","protected":false},"excerpt":{"rendered":"<p style=\"text-align: center;\"><em><strong><span style=\"color: #ff0000; font-size: 18pt;\">Workshop Aprenda a fazer Hor\u00f3scopos DMAstro com Graziella Marraccini<\/span><\/strong><\/em><\/p>\n<p>O melhor e mais completo Workshop Aprenda a fazer Hor\u00f3scopos DMAstro com a professora Graziella Marraccini. Venha fazer parte da Elite do Conhecimento Astrol\u00f3gico no Brasil!<\/p>\n<p style=\"text-align: center;\"><span style=\"font-size: 18pt;\"><em><strong><span style=\"color: #99ccff;\">O QUE VOC\u00ca VAI APRENDER COM ESTE CURSO ?<\/span><\/strong><\/em><\/span><\/p>\n<p><i>Criar hor\u00f3scopos baseados nos passos da Lua. A t\u00e9cnica astrologica usada para fazer hor\u00f3scopo evoluiu so longo do tempo e gracas aos novos programas que ajudam o astrologos a examinar com facilidade os aspectos planetarios que estar\u00e3o influenciando os signos na coletividade. No curso ensino como eu elaboro hor\u00f3scopos h\u00e1 mais\u00a0de\u00a020\u00a0anos!<\/i><\/p>\n","protected":false},"featured_media":11399,"comment_status":"open","ping_status":"closed","template":"","meta":{"_themeisle_gutenberg_block_has_review":false,"jetpack_post_was_ever_published":false,"jetpack_publicize_message":"","jetpack_publicize_feature_enabled":true,"jetpack_social_post_already_shared":true,"jetpack_social_options":{"image_generator_settings":{"template":"highway","default_image_id":0,"font":"","enabled":false},"version":2}},"product_brand":[],"product_cat":[71,364,66],"product_tag":[76,1325,1327,462,354,1624],"class_list":{"0":"post-11397","1":"product","2":"type-product","3":"status-publish","4":"has-post-thumbnail","6":"product_cat-cursos-em-video-de-astrologia","7":"product_cat-curso-online","8":"product_cat-cursos-em-video","9":"product_tag-astrologia","10":"product_tag-astrologia-moderna","11":"product_tag-astrologos","12":"product_tag-graziella-marraccini","13":"product_tag-horoscopo","14":"product_tag-workshop","15":"post","17":"first","18":"instock","19":"virtual","20":"taxable","21":"purchasable","22":"product-type-simple"},"composite_virtual":false,"composite_layout":"","composite_add_to_cart_form_location":"","composite_editable_in_cart":false,"composite_sold_individually_context":"","composite_shop_price_calc":"","composite_components":[],"composite_scenarios":[],"yoast_head":"<!-- This site is optimized with the Yoast SEO Premium plugin v22.9 (Yoast SEO v27.3) - https:\/\/yoast.com\/product\/yoast-seo-premium-wordpress\/ -->\n<title>Workshop Aprenda a fazer Hor\u00f3scopos DMAstro com Graziella Marraccini<\/title>\n<meta name=\"description\" content=\"Workshop Aprenda a fazer Hor\u00f3scopos DMAstro com Graziella Marraccini\" \/>\n<meta name=\"robots\" content=\"index, follow, max-snippet:-1, max-image-preview:large, max-video-preview:-1\" \/>\n<link rel=\"canonical\" href=\"https:\/\/www.dmastro.com.br\/dmastroblog\/produto\/workshop-aprenda-a-fazer-horoscopos-dmastro-com-graziella-marraccini\/\" \/>\n<meta property=\"og:locale\" content=\"pt_BR\" \/>\n<meta property=\"og:type\" content=\"article\" \/>\n<meta property=\"og:title\" content=\"Workshop Aprenda a fazer Hor\u00f3scopos DMAstro com Graziella Marraccini\" \/>\n<meta property=\"og:description\" content=\"Workshop Aprenda a fazer Hor\u00f3scopos DMAstro com Graziella Marraccini\" \/>\n<meta property=\"og:url\" content=\"https:\/\/www.dmastro.com.br\/dmastroblog\/produto\/workshop-aprenda-a-fazer-horoscopos-dmastro-com-graziella-marraccini\/\" \/>\n<meta property=\"og:site_name\" content=\"Escola de Astrologia DMAstro\" \/>\n<meta property=\"article:publisher\" content=\"https:\/\/www.facebook.com\/dmastrobr\" \/>\n<meta property=\"article:modified_time\" content=\"2023-11-30T18:14:38+00:00\" \/>\n<meta property=\"og:image\" content=\"https:\/\/www.dmastro.com.br\/dmastroblog\/wp-content\/uploads\/2023\/11\/horoscopo.jpg\" \/>\n\t<meta property=\"og:image:width\" content=\"1402\" \/>\n\t<meta property=\"og:image:height\" content=\"2000\" \/>\n\t<meta property=\"og:image:type\" content=\"image\/jpeg\" \/>\n<meta name=\"twitter:card\" content=\"summary_large_image\" \/>\n<meta name=\"twitter:site\" content=\"@dmastrobrasil\" \/>\n<meta name=\"twitter:label1\" content=\"Pre\u00e7o\" \/>\n\t<meta name=\"twitter:data1\" content=\"&#082;&#036;299,90\" \/>\n\t<meta name=\"twitter:label2\" content=\"Disponibilidade\" \/>\n\t<meta name=\"twitter:data2\" content=\"Em Estoque\" \/>\n<script type=\"application\/ld+json\" class=\"yoast-schema-graph\">{\"@context\":\"https:\\\/\\\/schema.org\",\"@graph\":[{\"@type\":\"WebPage\",\"@id\":\"https:\\\/\\\/www.dmastro.com.br\\\/dmastroblog\\\/produto\\\/workshop-aprenda-a-fazer-horoscopos-dmastro-com-graziella-marraccini\\\/\",\"url\":\"https:\\\/\\\/www.dmastro.com.br\\\/dmastroblog\\\/produto\\\/workshop-aprenda-a-fazer-horoscopos-dmastro-com-graziella-marraccini\\\/\",\"name\":\"Workshop Aprenda a fazer Hor\u00f3scopos DMAstro com Graziella Marraccini\",\"isPartOf\":{\"@id\":\"https:\\\/\\\/www.dmastro.com.br\\\/dmastroblog\\\/#website\"},\"primaryImageOfPage\":{\"@id\":\"https:\\\/\\\/www.dmastro.com.br\\\/dmastroblog\\\/produto\\\/workshop-aprenda-a-fazer-horoscopos-dmastro-com-graziella-marraccini\\\/#primaryimage\"},\"image\":{\"@id\":\"https:\\\/\\\/www.dmastro.com.br\\\/dmastroblog\\\/produto\\\/workshop-aprenda-a-fazer-horoscopos-dmastro-com-graziella-marraccini\\\/#primaryimage\"},\"thumbnailUrl\":\"https:\\\/\\\/i0.wp.com\\\/www.dmastro.com.br\\\/dmastroblog\\\/wp-content\\\/uploads\\\/2023\\\/11\\\/horoscopo.jpg?fit=1402%2C2000&ssl=1\",\"datePublished\":\"2023-11-12T21:45:25+00:00\",\"dateModified\":\"2023-11-30T18:14:38+00:00\",\"description\":\"Workshop Aprenda a fazer Hor\u00f3scopos DMAstro com Graziella Marraccini\",\"breadcrumb\":{\"@id\":\"https:\\\/\\\/www.dmastro.com.br\\\/dmastroblog\\\/produto\\\/workshop-aprenda-a-fazer-horoscopos-dmastro-com-graziella-marraccini\\\/#breadcrumb\"},\"inLanguage\":\"pt-BR\",\"potentialAction\":[{\"@type\":\"ReadAction\",\"target\":[\"https:\\\/\\\/www.dmastro.com.br\\\/dmastroblog\\\/produto\\\/workshop-aprenda-a-fazer-horoscopos-dmastro-com-graziella-marraccini\\\/\"]}]},{\"@type\":\"ImageObject\",\"inLanguage\":\"pt-BR\",\"@id\":\"https:\\\/\\\/www.dmastro.com.br\\\/dmastroblog\\\/produto\\\/workshop-aprenda-a-fazer-horoscopos-dmastro-com-graziella-marraccini\\\/#primaryimage\",\"url\":\"https:\\\/\\\/i0.wp.com\\\/www.dmastro.com.br\\\/dmastroblog\\\/wp-content\\\/uploads\\\/2023\\\/11\\\/horoscopo.jpg?fit=1402%2C2000&ssl=1\",\"contentUrl\":\"https:\\\/\\\/i0.wp.com\\\/www.dmastro.com.br\\\/dmastroblog\\\/wp-content\\\/uploads\\\/2023\\\/11\\\/horoscopo.jpg?fit=1402%2C2000&ssl=1\",\"width\":1402,\"height\":2000},{\"@type\":\"BreadcrumbList\",\"@id\":\"https:\\\/\\\/www.dmastro.com.br\\\/dmastroblog\\\/produto\\\/workshop-aprenda-a-fazer-horoscopos-dmastro-com-graziella-marraccini\\\/#breadcrumb\",\"itemListElement\":[{\"@type\":\"ListItem\",\"position\":1,\"name\":\"In\u00edcio\",\"item\":\"https:\\\/\\\/www.dmastro.com.br\\\/dmastroblog\\\/\"},{\"@type\":\"ListItem\",\"position\":2,\"name\":\"Loja\",\"item\":\"https:\\\/\\\/www.dmastro.com.br\\\/dmastroblog\\\/loja\\\/\"},{\"@type\":\"ListItem\",\"position\":3,\"name\":\"Workshop Aprenda a fazer Hor\u00f3scopos DMAstro com Graziella Marraccini\"}]},{\"@type\":\"WebSite\",\"@id\":\"https:\\\/\\\/www.dmastro.com.br\\\/dmastroblog\\\/#website\",\"url\":\"https:\\\/\\\/www.dmastro.com.br\\\/dmastroblog\\\/\",\"name\":\"DMAstro Brasil\",\"description\":\"Curso Completo de Forma\u00e7\u00e3o\",\"publisher\":{\"@id\":\"https:\\\/\\\/www.dmastro.com.br\\\/dmastroblog\\\/#organization\"},\"potentialAction\":[{\"@type\":\"SearchAction\",\"target\":{\"@type\":\"EntryPoint\",\"urlTemplate\":\"https:\\\/\\\/www.dmastro.com.br\\\/dmastroblog\\\/?s={search_term_string}\"},\"query-input\":{\"@type\":\"PropertyValueSpecification\",\"valueRequired\":true,\"valueName\":\"search_term_string\"}}],\"inLanguage\":\"pt-BR\"},{\"@type\":\"Organization\",\"@id\":\"https:\\\/\\\/www.dmastro.com.br\\\/dmastroblog\\\/#organization\",\"name\":\"DMAstro Brasil\",\"url\":\"https:\\\/\\\/www.dmastro.com.br\\\/dmastroblog\\\/\",\"logo\":{\"@type\":\"ImageObject\",\"inLanguage\":\"pt-BR\",\"@id\":\"https:\\\/\\\/www.dmastro.com.br\\\/dmastroblog\\\/#\\\/schema\\\/logo\\\/image\\\/\",\"url\":\"https:\\\/\\\/www.dmastro.com.br\\\/dmastroblog\\\/wp-content\\\/uploads\\\/2018\\\/12\\\/logotipo-dmastro-brasil.png\",\"contentUrl\":\"https:\\\/\\\/www.dmastro.com.br\\\/dmastroblog\\\/wp-content\\\/uploads\\\/2018\\\/12\\\/logotipo-dmastro-brasil.png\",\"width\":180,\"height\":180,\"caption\":\"DMAstro Brasil\"},\"image\":{\"@id\":\"https:\\\/\\\/www.dmastro.com.br\\\/dmastroblog\\\/#\\\/schema\\\/logo\\\/image\\\/\"},\"sameAs\":[\"https:\\\/\\\/www.facebook.com\\\/dmastrobr\",\"https:\\\/\\\/x.com\\\/dmastrobrasil\",\"https:\\\/\\\/www.instagram.com\\\/dmastrobrasil\\\/\"]}]}<\/script>\n<meta property=\"og:video\" content=\"https:\/\/player.vimeo.com\/video\/889960276\" \/>\n<meta property=\"og:video:type\" content=\"text\/html\" \/>\n<meta property=\"og:video:duration\" content=\"3929\" \/>\n<meta property=\"og:video:width\" content=\"1280\" \/>\n<meta property=\"og:video:height\" content=\"720\" \/>\n<meta property=\"ya:ovs:adult\" content=\"false\" \/>\n<meta property=\"ya:ovs:upload_date\" content=\"2023-11-12T21:45:25+00:00\" \/>\n<meta property=\"ya:ovs:allow_embed\" content=\"true\" \/>\n<meta property=\"product:price:amount\" content=\"299.90\" \/>\n<meta property=\"product:price:currency\" content=\"BRL\" \/>\n<meta property=\"og:availability\" content=\"instock\" \/>\n<meta property=\"product:availability\" content=\"instock\" \/>\n<meta property=\"product:condition\" content=\"new\" \/>\n<!-- \/ Yoast SEO Premium plugin. -->","yoast_head_json":{"title":"Workshop Aprenda a fazer Hor\u00f3scopos DMAstro com Graziella Marraccini","description":"Workshop Aprenda a fazer Hor\u00f3scopos DMAstro com Graziella Marraccini","robots":{"index":"index","follow":"follow","max-snippet":"max-snippet:-1","max-image-preview":"max-image-preview:large","max-video-preview":"max-video-preview:-1"},"canonical":"https:\/\/www.dmastro.com.br\/dmastroblog\/produto\/workshop-aprenda-a-fazer-horoscopos-dmastro-com-graziella-marraccini\/","og_locale":"pt_BR","og_type":"article","og_title":"Workshop Aprenda a fazer Hor\u00f3scopos DMAstro com Graziella Marraccini","og_description":"Workshop Aprenda a fazer Hor\u00f3scopos DMAstro com Graziella Marraccini","og_url":"https:\/\/www.dmastro.com.br\/dmastroblog\/produto\/workshop-aprenda-a-fazer-horoscopos-dmastro-com-graziella-marraccini\/","og_site_name":"Escola de Astrologia DMAstro","article_publisher":"https:\/\/www.facebook.com\/dmastrobr","article_modified_time":"2023-11-30T18:14:38+00:00","og_image":[{"width":1402,"height":2000,"url":"https:\/\/www.dmastro.com.br\/dmastroblog\/wp-content\/uploads\/2023\/11\/horoscopo.jpg","type":"image\/jpeg"}],"twitter_card":"summary_large_image","twitter_site":"@dmastrobrasil","twitter_misc":{"Pre\u00e7o":"&#82;&#36;299,90","Disponibilidade":"Em Estoque"},"schema":{"@context":"https:\/\/schema.org","@graph":[{"@type":"WebPage","@id":"https:\/\/www.dmastro.com.br\/dmastroblog\/produto\/workshop-aprenda-a-fazer-horoscopos-dmastro-com-graziella-marraccini\/","url":"https:\/\/www.dmastro.com.br\/dmastroblog\/produto\/workshop-aprenda-a-fazer-horoscopos-dmastro-com-graziella-marraccini\/","name":"Workshop Aprenda a fazer Hor\u00f3scopos DMAstro com Graziella Marraccini","isPartOf":{"@id":"https:\/\/www.dmastro.com.br\/dmastroblog\/#website"},"primaryImageOfPage":{"@id":"https:\/\/www.dmastro.com.br\/dmastroblog\/produto\/workshop-aprenda-a-fazer-horoscopos-dmastro-com-graziella-marraccini\/#primaryimage"},"image":{"@id":"https:\/\/www.dmastro.com.br\/dmastroblog\/produto\/workshop-aprenda-a-fazer-horoscopos-dmastro-com-graziella-marraccini\/#primaryimage"},"thumbnailUrl":"https:\/\/i0.wp.com\/www.dmastro.com.br\/dmastroblog\/wp-content\/uploads\/2023\/11\/horoscopo.jpg?fit=1402%2C2000&ssl=1","datePublished":"2023-11-12T21:45:25+00:00","dateModified":"2023-11-30T18:14:38+00:00","description":"Workshop Aprenda a fazer Hor\u00f3scopos DMAstro com Graziella Marraccini","breadcrumb":{"@id":"https:\/\/www.dmastro.com.br\/dmastroblog\/produto\/workshop-aprenda-a-fazer-horoscopos-dmastro-com-graziella-marraccini\/#breadcrumb"},"inLanguage":"pt-BR","potentialAction":[{"@type":"ReadAction","target":["https:\/\/www.dmastro.com.br\/dmastroblog\/produto\/workshop-aprenda-a-fazer-horoscopos-dmastro-com-graziella-marraccini\/"]}]},{"@type":"ImageObject","inLanguage":"pt-BR","@id":"https:\/\/www.dmastro.com.br\/dmastroblog\/produto\/workshop-aprenda-a-fazer-horoscopos-dmastro-com-graziella-marraccini\/#primaryimage","url":"https:\/\/i0.wp.com\/www.dmastro.com.br\/dmastroblog\/wp-content\/uploads\/2023\/11\/horoscopo.jpg?fit=1402%2C2000&ssl=1","contentUrl":"https:\/\/i0.wp.com\/www.dmastro.com.br\/dmastroblog\/wp-content\/uploads\/2023\/11\/horoscopo.jpg?fit=1402%2C2000&ssl=1","width":1402,"height":2000},{"@type":"BreadcrumbList","@id":"https:\/\/www.dmastro.com.br\/dmastroblog\/produto\/workshop-aprenda-a-fazer-horoscopos-dmastro-com-graziella-marraccini\/#breadcrumb","itemListElement":[{"@type":"ListItem","position":1,"name":"In\u00edcio","item":"https:\/\/www.dmastro.com.br\/dmastroblog\/"},{"@type":"ListItem","position":2,"name":"Loja","item":"https:\/\/www.dmastro.com.br\/dmastroblog\/loja\/"},{"@type":"ListItem","position":3,"name":"Workshop Aprenda a fazer Hor\u00f3scopos DMAstro com Graziella Marraccini"}]},{"@type":"WebSite","@id":"https:\/\/www.dmastro.com.br\/dmastroblog\/#website","url":"https:\/\/www.dmastro.com.br\/dmastroblog\/","name":"DMAstro Brasil","description":"Curso Completo de Forma\u00e7\u00e3o","publisher":{"@id":"https:\/\/www.dmastro.com.br\/dmastroblog\/#organization"},"potentialAction":[{"@type":"SearchAction","target":{"@type":"EntryPoint","urlTemplate":"https:\/\/www.dmastro.com.br\/dmastroblog\/?s={search_term_string}"},"query-input":{"@type":"PropertyValueSpecification","valueRequired":true,"valueName":"search_term_string"}}],"inLanguage":"pt-BR"},{"@type":"Organization","@id":"https:\/\/www.dmastro.com.br\/dmastroblog\/#organization","name":"DMAstro Brasil","url":"https:\/\/www.dmastro.com.br\/dmastroblog\/","logo":{"@type":"ImageObject","inLanguage":"pt-BR","@id":"https:\/\/www.dmastro.com.br\/dmastroblog\/#\/schema\/logo\/image\/","url":"https:\/\/www.dmastro.com.br\/dmastroblog\/wp-content\/uploads\/2018\/12\/logotipo-dmastro-brasil.png","contentUrl":"https:\/\/www.dmastro.com.br\/dmastroblog\/wp-content\/uploads\/2018\/12\/logotipo-dmastro-brasil.png","width":180,"height":180,"caption":"DMAstro Brasil"},"image":{"@id":"https:\/\/www.dmastro.com.br\/dmastroblog\/#\/schema\/logo\/image\/"},"sameAs":["https:\/\/www.facebook.com\/dmastrobr","https:\/\/x.com\/dmastrobrasil","https:\/\/www.instagram.com\/dmastrobrasil\/"]}]},"og_video":"https:\/\/player.vimeo.com\/video\/889960276","og_video_type":"text\/html","og_video_duration":"3929","og_video_width":"1280","og_video_height":"720","ya_ovs_adult":"false","ya_ovs_upload_date":"2023-11-12T21:45:25+00:00","ya_ovs_allow_embed":"true","product_price_amount":"299.90","product_price_currency":"BRL","og_availability":"instock","product_availability":"instock","product_condition":"new"},"jetpack_publicize_connections":[],"jetpack_sharing_enabled":true,"jetpack_likes_enabled":false,"publishpress_future_workflow_manual_trigger":{"enabledWorkflows":[]},"_links":{"self":[{"href":"https:\/\/www.dmastro.com.br\/dmastroblog\/wp-json\/wp\/v2\/product\/11397","targetHints":{"allow":["GET"]}}],"collection":[{"href":"https:\/\/www.dmastro.com.br\/dmastroblog\/wp-json\/wp\/v2\/product"}],"about":[{"href":"https:\/\/www.dmastro.com.br\/dmastroblog\/wp-json\/wp\/v2\/types\/product"}],"replies":[{"embeddable":true,"href":"https:\/\/www.dmastro.com.br\/dmastroblog\/wp-json\/wp\/v2\/comments?post=11397"}],"wp:featuredmedia":[{"embeddable":true,"href":"https:\/\/www.dmastro.com.br\/dmastroblog\/wp-json\/wp\/v2\/media\/11399"}],"wp:attachment":[{"href":"https:\/\/www.dmastro.com.br\/dmastroblog\/wp-json\/wp\/v2\/media?parent=11397"}],"wp:term":[{"taxonomy":"product_brand","embeddable":true,"href":"https:\/\/www.dmastro.com.br\/dmastroblog\/wp-json\/wp\/v2\/product_brand?post=11397"},{"taxonomy":"product_cat","embeddable":true,"href":"https:\/\/www.dmastro.com.br\/dmastroblog\/wp-json\/wp\/v2\/product_cat?post=11397"},{"taxonomy":"product_tag","embeddable":true,"href":"https:\/\/www.dmastro.com.br\/dmastroblog\/wp-json\/wp\/v2\/product_tag?post=11397"}],"curies":[{"name":"wp","href":"https:\/\/api.w.org\/{rel}","templated":true}]}}