{"id":11390,"date":"2023-11-12T17:37:19","date_gmt":"2023-11-12T20:37:19","guid":{"rendered":"https:\/\/www.dmastro.com.br\/dmastroblog\/?post_type=product&#038;p=11390"},"modified":"2024-01-02T18:07:45","modified_gmt":"2024-01-02T21:07:45","slug":"curso-de-formacao-de-astrologos-dmastro-com-graziella-marraccini","status":"publish","type":"product","link":"https:\/\/www.dmastro.com.br\/dmastroblog\/produto\/curso-de-formacao-de-astrologos-dmastro-com-graziella-marraccini\/","title":{"rendered":"Curso de Forma\u00e7\u00e3o de Astr\u00f3logos DMAstro com Graziella Marraccini"},"content":{"rendered":"<p style=\"text-align: center;\"><em><strong><span style=\"color: #ff0000; font-size: 18pt;\">Curso de Forma\u00e7\u00e3o de Astr\u00f3logos DMAstro com Graziella Marraccini<\/span><\/strong><\/em><\/p>\n<p>O melhor e mais completo Curso de Forma\u00e7\u00e3o de Astr\u00f3logos do Brasil com a professora Graziella Marraccini. Venha fazer parte da Elite do Conhecimento Astrol\u00f3gico no Brasil! &#8211; Com 48 cap\u00edtulos, 24 semanas com o n\u00edvel inicial e 24 semanas com o n\u00edvel intermedi\u00e1rio:<\/p>\n<p><strong>Inicial:<\/strong><\/p>\n<ol>\n<li>Os Arqu\u00e9tipos e as Sete Leis Herm\u00e9ticas (aula 01)<\/li>\n<li>Mec\u00e2nica celeste (aula 02)<\/li>\n<li>A roda Zodiacal (aula 03)<\/li>\n<li>Os Quatro Elementos (aula 04)<\/li>\n<li>As Qualidades dos signos (aula 05)<\/li>\n<li>A simbologia dos signos \u2013 Aries \u2013 Touro &#8211; G\u00eameos (aula 06)<\/li>\n<li>A simbologia dos signos \u2013 C\u00e2ncer \u2013 Le\u00e3o \u2013 Virgem (aula 07)<\/li>\n<li>A simbologia dos signos \u2013 Libra \u2013 Escorpi\u00e3o \u2013 Sagit\u00e1rio (aula 08)<\/li>\n<li>A simbologia dos signos \u2013 Capric\u00f3rnio \u2013 Aqu\u00e1rio \u2013 Peixes (aula 09)<\/li>\n<li>Os planetas do Sistema Solar (aula 10)<\/li>\n<li>Os planetas do Sistema Solar (aula 11)<\/li>\n<li>Significado Astrol\u00f3gico dos planetas (aula 12)<\/li>\n<li>Significado Astrol\u00f3gico dos planetas (aula 13)<\/li>\n<li>Significado Astrol\u00f3gico dos planetas (aula 14)<\/li>\n<li>Asteroides e planetas an\u00f5es (aula 15)<\/li>\n<li>Dignidades e debilidades dos planetas (aula 16)<\/li>\n<li>OS Setores Celestes (aula 17)<\/li>\n<li>Os Setores Celestes (aula 18)<\/li>\n<li>As Casas Desiguais ou Vazias (aula 19)<\/li>\n<li>Os Ciclos da vida humana (aula 20)<\/li>\n<li>Os Ciclos da vida humana (aula 21)<\/li>\n<li>Interpreta\u00e7\u00e3o do Mapa Natal (aula 22)<\/li>\n<li>Interpreta\u00e7\u00e3o do Mapa Natal (aula 23)<\/li>\n<li>Interpreta\u00e7\u00e3o do Mapa Natal (aula 24)<\/li>\n<\/ol>\n<p><b>Intermedi\u00e1rio:\u00a0<\/b><\/p>\n<ol>\n<li>A Personalidade (aula 25)<\/li>\n<li>Psico-Astrologia (aula 26)<\/li>\n<li>Os Aspectos Planet\u00e1rios (aula 27)<\/li>\n<li>O Signo Ascendente (aula 28)<\/li>\n<li>A Sa\u00fade \u2013 Astromedicina (aula 29)<\/li>\n<li>A Sa\u00fade \u2013 Astromedicina (aula 30)<\/li>\n<li>Constitui\u00e7\u00e3o F\u00edsica E Longevidade (aula 31)<\/li>\n<li>A Morte (aula 32)<\/li>\n<li>Os Aforismos (aula 33)<\/li>\n<li>A Profiss\u00e3o E A Voca\u00e7\u00e3o (aula 34)<\/li>\n<li>O Sucesso Social \u2013 Carreira (aula 35)<\/li>\n<li>As Finan\u00e7as E A Fortuna (aula 36)<\/li>\n<li>As Viagens E Contatos Com O Exterior (aula 37)<\/li>\n<li>Os Processos E Condena\u00e7\u00f5es (aula 38)<\/li>\n<li>Os Relacionamentos Familiares (aula 39)<\/li>\n<li>Os Relacionamentos Familiares (aula 40)<\/li>\n<li>Os Relacionamentos Sentimentais (aula 41)<\/li>\n<li>Os Filhos (aula 42)<\/li>\n<li>As Estrelas Fixas (aula 43)<\/li>\n<li>As Casas Derivadas (aula 44)<\/li>\n<li>Os Asteroides (aula 45)<\/li>\n<li>Os Nodos Lunares \u2013 Tikkun (aula 46)<\/li>\n<li>Interpreta\u00e7\u00e3o (aula 47)<\/li>\n<li>Interpreta\u00e7\u00e3o (aula 48)<\/li>\n<\/ol>\n<p>Sua professora de astrologia ser\u00e1 Graziella Somaschini Marraccini,<\/p>\n<p>Graziella Somaschini Marraccini dirige a Sirius Astrology \u2013 empresa de servi\u00e7os que fornece consultoria astrol\u00f3gica. Graziella iniciou seus estudos b\u00e1sicos de astrologia no Instituto Paulista de Astrologia, e aperfei\u00e7oou-se no Centro de Pesquisas Astrol\u00f3gicas Hermes, ambos em S\u00e3o Paulo. Em seu caminho de conhecimento astrol\u00f3gico participou de Congressos e simp\u00f3sios onde ministrou palestras sobre v\u00e1rios assuntos.<\/p>\n<p>Foi Coordenadora da Regional de S\u00e3o Paulo da CNA \u2013 Central Nacional de Astrologia durante 12 anos e \u00e9 atualmente Vice-Presidente da CNA na gest\u00e3o 2021\/24. \u00c9 colunista do portal de autoconhecimento SomosTodosUm, onde, \u00e9 respons\u00e1vel pelo Hor\u00f3scopo semanal publicado desde o ano 2000 nesse portal e publicado tamb\u00e9m o seu pr\u00f3prio site, www.astrosirius.com.br. Ministra cursos, palestras, e workshops. Atende em seu consult\u00f3rio e presencialmente ou pela internet. Al\u00e9m de astr\u00f3loga, \u00e9 tar\u00f3loga, cabalista, EFT* Pratictioner e radiestesista. \u00c9 autora do livro: Os Signos na Cozinha.<\/p>\n<p>O curso funciona no seguinte formato, com 1 aula por semana, ao vivo com os alunos usando o aplicativo Zoom. A aula fica gravada e pronta para o aluno poder ver quantas vezes quiser ou no caso dele faltar. Tamb\u00e9m existe um grupo de alunos no WhatsApp para apoio as aulas e suporte para d\u00favidas. Os alunos recebem um certificado a cada m\u00f3dulo completo do curso e depois um diploma na conclus\u00e3o de todos os m\u00f3dulos da DMAstro.<\/p>\n<p>As aulas ao vivo de tira d\u00favidas semanais s\u00e3o de 75 minutos, as mensalidade s\u00e3o de R$ 250. Tempo total da forma\u00e7\u00e3o, 1 ano.<\/p>\n<p>Para mais informa\u00e7\u00f5es e inscri\u00e7\u00f5es, ligue para: (11) 96624-8446 ou envie mensagem no WhatsApp. A forma\u00e7\u00e3o se inicia em 09\/01\/2024\u00a0 e as aulas ser\u00e3o ter\u00e7a-feira \u00e0s 20:00<\/p>\n<p>&nbsp;<\/p>\n<p style=\"text-align: center;\"><span style=\"font-size: 18pt;\"><em><strong><span style=\"color: #99ccff;\">O QUE VOC\u00ca VAI APRENDER COM ESTE CURSO ?<\/span><\/strong><\/em><\/span><\/p>\n<p><em><strong>&#8211; Auto conhecimento<\/strong><\/em><br \/>\n. aprendendo sobre si mesmo<br \/>\n. mudan\u00e7a de paradigmas<br \/>\n. explorando novas possibilidades<\/p>\n<p><em><strong>&#8211; Astronomia<\/strong><\/em><br \/>\n. \u00faltimas descobertas da Ci\u00eancia<br \/>\n. mapeando o cosmo<\/p>\n<p><em><strong>&#8211; Astrologia<\/strong><\/em><br \/>\n. um conhecimento milenar<br \/>\n. uma nova tecnologia<br \/>\n. os planetas, as estrelas e sua influ\u00eancia<\/p>\n<p><em><strong>&#8211; Potencialidade e debilidades<\/strong><\/em><br \/>\nIdentifica\u00e7\u00e3o de potencialidades<br \/>\nIdentifica\u00e7\u00e3o de fraquezas e debilidades<br \/>\n. t\u00e9cnicas para transforma\u00e7\u00e3o<\/p>\n<p><em><strong>&#8211; Mapa Astral \u2013 Capacidades<\/strong><\/em><br \/>\n. montando um mapa<br \/>\n. leitura e interpreta\u00e7\u00e3o do seu pr\u00f3prio mapa astral<\/p>\n<p style=\"text-align: center;\"><em><strong><span style=\"color: #99ccff; font-size: 18pt;\">O CURSO QUE VAI TRANSFORMAR TODA A SUA REALIDADE!<\/span><\/strong><\/em><\/p>\n<p style=\"text-align: left;\"><em><strong>Certifica\u00e7\u00e3o:<\/strong><\/em><br \/>\nSer\u00e1 emitido certificado de conclus\u00e3o em cada passagem de m\u00f3dulo.<\/p>\n<p><em><strong>Dura\u00e7\u00e3o do acesso:<\/strong><\/em><br \/>\nAcesso a todo o conte\u00fado virtual na plataforma de estudos por at\u00e9 1 ano ap\u00f3s o t\u00e9rmino do curso<\/p>\n<p>O aluno vai participar do grupo de estudos da Astrologia para esclarecer suas d\u00favidas. O participante que n\u00e3o puder estar presente nas aulas, deve elaborar suas d\u00favidas e perguntas e enviar no grupo do WhatsApp antecipadamente. Tais questionamentos ser\u00e3o respondidos durante a aula semanal. As aulas ficar\u00e3o dispon\u00edveis na plataforma de ensino. Voc\u00ea poder\u00e1 acessar os v\u00eddeos integralmente de qualquer lugar!<\/p>\n<p style=\"text-align: center;\"><em><strong><span style=\"color: #ff0000; font-size: 18pt;\">Curso de Forma\u00e7\u00e3o de Astr\u00f3logos DMAstro com Graziella Marraccini<\/span><\/strong><\/em><\/p>\n<p>&nbsp;<\/p>\n","protected":false},"excerpt":{"rendered":"<p style=\"text-align: center;\"><em><strong><span style=\"color: #ff0000; font-size: 18pt;\">Curso de Forma\u00e7\u00e3o de Astr\u00f3logos DMAstro com Graziella Marraccini<\/span><\/strong><\/em><\/p>\n<p>O melhor e mais completo Curso de Forma\u00e7\u00e3o de Astr\u00f3logos do Brasil com a professora Graziella Marraccini. Venha fazer parte da Elite do Conhecimento Astrol\u00f3gico no Brasil! &#8211; Com 48 cap\u00edtulos, 24 semnas com o n\u00edvel inicial e 24 semanas com o n\u00edvel intermedi\u00e1rio:<\/p>\n<p><strong>Inicial:<\/strong><\/p>\n<ol>\n<li>Os Arqu\u00e9tipos e as Sete Leis Herm\u00e9ticas (aula 01)<\/li>\n<li>Mec\u00e2nica celeste (aula 02)<\/li>\n<li>A roda Zodiacal (aula 03)<\/li>\n<li>Os Quatro Elementos (aula 04)<\/li>\n<li>As Qualidades dos signos (aula 05)<\/li>\n<li>A simbologia dos signos \u2013 Aries \u2013 Touro &#8211; G\u00eameos (aula 06)<\/li>\n<li>A simbologia dos signos \u2013 C\u00e2ncer \u2013 Le\u00e3o \u2013 Virgem (aula 07)<\/li>\n<li>A simbologia dos signos \u2013 Libra \u2013 Escorpi\u00e3o \u2013 Sagit\u00e1rio (aula 08)<\/li>\n<li>A simbologia dos signos \u2013 Capric\u00f3rnio \u2013 Aqu\u00e1rio \u2013 Peixes (aula 09)<\/li>\n<li>Os planetas do Sistema Solar (aula 10)<\/li>\n<li>Os planetas do Sistema Solar (aula 11)<\/li>\n<li>Significado Astrol\u00f3gico dos planetas (aula 12)<\/li>\n<li>Significado Astrol\u00f3gico dos planetas (aula 13)<\/li>\n<li>Significado Astrol\u00f3gico dos planetas (aula 14)<\/li>\n<li>Asteroides e planetas an\u00f5es (aula 15)<\/li>\n<li>Dignidades e debilidades dos planetas (aula 16)<\/li>\n<li>OS Setores Celestes (aula 17)<\/li>\n<li>Os Setores Celestes (aula 18)<\/li>\n<li>As Casas Desiguais ou Vazias (aula 19)<\/li>\n<li>Os Ciclos da vida humana (aula 20)<\/li>\n<li>Os Ciclos da vida humana (aula 21)<\/li>\n<li>Interpreta\u00e7\u00e3o do Mapa Natal (aula 22)<\/li>\n<li>Interpreta\u00e7\u00e3o do Mapa Natal (aula 23)<\/li>\n<li>Interpreta\u00e7\u00e3o do Mapa Natal (aula 24)<\/li>\n<\/ol>\n<p><b>Intermedi\u00e1rio:\u00a0<\/b><\/p>\n<ol>\n<li>A Personalidade (aula 25)<\/li>\n<li>Psico-Astrologia (aula 26)<\/li>\n<li>Os Aspectos Planet\u00e1rios (aula 27)<\/li>\n<li>O Signo Ascendente (aula 28)<\/li>\n<li>A Sa\u00fade \u2013 Astromedicina (aula 29)<\/li>\n<li>A Sa\u00fade \u2013 Astromedicina (aula 30)<\/li>\n<li>Constitui\u00e7\u00e3o F\u00edsica E Longevidade (aula 31)<\/li>\n<li>A Morte (aula 32)<\/li>\n<li>Os Aforismos (aula 33)<\/li>\n<li>A Profiss\u00e3o E A Voca\u00e7\u00e3o (aula 34)<\/li>\n<li>O Sucesso Social \u2013 Carreira (aula 35)<\/li>\n<li>As Finan\u00e7as E A Fortuna (aula 36)<\/li>\n<li>As Viagens E Contatos Com O Exterior (aula 37)<\/li>\n<li>Os Processos E Condena\u00e7\u00f5es (aula 38)<\/li>\n<li>Os Relacionamentos Familiares (aula 39)<\/li>\n<li>Os Relacionamentos Familiares (aula 40)<\/li>\n<li>Os Relacionamentos Sentimentais (aula 41)<\/li>\n<li>Os Filhos (aula 42)<\/li>\n<li>As Estrelas Fixas (aula 43)<\/li>\n<li>As Casas Derivadas (aula 44)<\/li>\n<li>Os Asteroides (aula 45)<\/li>\n<li>Os Nodos Lunares \u2013 Tikkun (aula 46)<\/li>\n<li>Interpreta\u00e7\u00e3o (aula 47)<\/li>\n<li>Interpreta\u00e7\u00e3o (aula 48)<\/li>\n<\/ol>\n","protected":false},"featured_media":11393,"comment_status":"open","ping_status":"closed","template":"","meta":{"_themeisle_gutenberg_block_has_review":false,"jetpack_post_was_ever_published":false,"jetpack_publicize_message":"","jetpack_publicize_feature_enabled":true,"jetpack_social_post_already_shared":true,"jetpack_social_options":{"image_generator_settings":{"template":"highway","default_image_id":0,"font":"","enabled":false},"version":2}},"product_brand":[],"product_cat":[71,364,66],"product_tag":[76,1325,1327,1328,462],"class_list":{"0":"post-11390","1":"product","2":"type-product","3":"status-publish","4":"has-post-thumbnail","6":"product_cat-cursos-em-video-de-astrologia","7":"product_cat-curso-online","8":"product_cat-cursos-em-video","9":"product_tag-astrologia","10":"product_tag-astrologia-moderna","11":"product_tag-astrologos","12":"product_tag-curso-de-formacao","13":"product_tag-graziella-marraccini","14":"post","16":"first","17":"instock","18":"virtual","19":"taxable","20":"purchasable","21":"product-type-simple"},"composite_virtual":false,"composite_layout":"","composite_add_to_cart_form_location":"","composite_editable_in_cart":false,"composite_sold_individually_context":"","composite_shop_price_calc":"","composite_components":[],"composite_scenarios":[],"yoast_head":"<!-- This site is optimized with the Yoast SEO Premium plugin v22.9 (Yoast SEO v27.3) - https:\/\/yoast.com\/product\/yoast-seo-premium-wordpress\/ -->\n<title>Curso de Forma\u00e7\u00e3o de Astr\u00f3logos DMAstro com Graziella Marraccini<\/title>\n<meta name=\"description\" content=\"Curso de Forma\u00e7\u00e3o de Astr\u00f3logos Escola de Astrologia DMAstro ao vivo e online com Graziella Marraccini. O melhor e mais completo do Brasil.\" \/>\n<meta name=\"robots\" content=\"index, follow, max-snippet:-1, max-image-preview:large, max-video-preview:-1\" \/>\n<link rel=\"canonical\" href=\"https:\/\/www.dmastro.com.br\/dmastroblog\/produto\/curso-de-formacao-de-astrologos-dmastro-com-graziella-marraccini\/\" \/>\n<meta property=\"og:locale\" content=\"pt_BR\" \/>\n<meta property=\"og:type\" content=\"article\" \/>\n<meta property=\"og:title\" content=\"Curso de Forma\u00e7\u00e3o de Astr\u00f3logos DMAstro com Graziella Marraccini\" \/>\n<meta property=\"og:description\" content=\"Curso de Forma\u00e7\u00e3o de Astr\u00f3logos Escola de Astrologia DMAstro ao vivo e online com Graziella Marraccini. O melhor e mais completo do Brasil.\" \/>\n<meta property=\"og:url\" content=\"https:\/\/www.dmastro.com.br\/dmastroblog\/produto\/curso-de-formacao-de-astrologos-dmastro-com-graziella-marraccini\/\" \/>\n<meta property=\"og:site_name\" content=\"Escola de Astrologia DMAstro\" \/>\n<meta property=\"article:publisher\" content=\"https:\/\/www.facebook.com\/dmastrobr\" \/>\n<meta property=\"article:modified_time\" content=\"2024-01-02T21:07:45+00:00\" \/>\n<meta property=\"og:image\" content=\"https:\/\/www.dmastro.com.br\/dmastroblog\/wp-content\/uploads\/2023\/11\/grazi-formacao.jpg\" \/>\n\t<meta property=\"og:image:width\" content=\"611\" \/>\n\t<meta property=\"og:image:height\" content=\"869\" \/>\n\t<meta property=\"og:image:type\" content=\"image\/jpeg\" \/>\n<meta name=\"twitter:card\" content=\"summary_large_image\" \/>\n<meta name=\"twitter:site\" content=\"@dmastrobrasil\" \/>\n<meta name=\"twitter:label1\" content=\"Pre\u00e7o\" \/>\n\t<meta name=\"twitter:data1\" content=\"&#082;&#036;250,00\" \/>\n\t<meta name=\"twitter:label2\" content=\"Disponibilidade\" \/>\n\t<meta name=\"twitter:data2\" content=\"Em Estoque\" \/>\n<script type=\"application\/ld+json\" class=\"yoast-schema-graph\">{\"@context\":\"https:\\\/\\\/schema.org\",\"@graph\":[{\"@type\":\"WebPage\",\"@id\":\"https:\\\/\\\/www.dmastro.com.br\\\/dmastroblog\\\/produto\\\/curso-de-formacao-de-astrologos-dmastro-com-graziella-marraccini\\\/\",\"url\":\"https:\\\/\\\/www.dmastro.com.br\\\/dmastroblog\\\/produto\\\/curso-de-formacao-de-astrologos-dmastro-com-graziella-marraccini\\\/\",\"name\":\"Curso de Forma\u00e7\u00e3o de Astr\u00f3logos DMAstro com Graziella Marraccini\",\"isPartOf\":{\"@id\":\"https:\\\/\\\/www.dmastro.com.br\\\/dmastroblog\\\/#website\"},\"primaryImageOfPage\":{\"@id\":\"https:\\\/\\\/www.dmastro.com.br\\\/dmastroblog\\\/produto\\\/curso-de-formacao-de-astrologos-dmastro-com-graziella-marraccini\\\/#primaryimage\"},\"image\":{\"@id\":\"https:\\\/\\\/www.dmastro.com.br\\\/dmastroblog\\\/produto\\\/curso-de-formacao-de-astrologos-dmastro-com-graziella-marraccini\\\/#primaryimage\"},\"thumbnailUrl\":\"https:\\\/\\\/i0.wp.com\\\/www.dmastro.com.br\\\/dmastroblog\\\/wp-content\\\/uploads\\\/2023\\\/11\\\/grazi-formacao.jpg?fit=611%2C869&ssl=1\",\"datePublished\":\"2023-11-12T20:37:19+00:00\",\"dateModified\":\"2024-01-02T21:07:45+00:00\",\"description\":\"Curso de Forma\u00e7\u00e3o de Astr\u00f3logos Escola de Astrologia DMAstro ao vivo e online com Graziella Marraccini. O melhor e mais completo do Brasil.\",\"breadcrumb\":{\"@id\":\"https:\\\/\\\/www.dmastro.com.br\\\/dmastroblog\\\/produto\\\/curso-de-formacao-de-astrologos-dmastro-com-graziella-marraccini\\\/#breadcrumb\"},\"inLanguage\":\"pt-BR\",\"potentialAction\":[{\"@type\":\"ReadAction\",\"target\":[\"https:\\\/\\\/www.dmastro.com.br\\\/dmastroblog\\\/produto\\\/curso-de-formacao-de-astrologos-dmastro-com-graziella-marraccini\\\/\"]}]},{\"@type\":\"ImageObject\",\"inLanguage\":\"pt-BR\",\"@id\":\"https:\\\/\\\/www.dmastro.com.br\\\/dmastroblog\\\/produto\\\/curso-de-formacao-de-astrologos-dmastro-com-graziella-marraccini\\\/#primaryimage\",\"url\":\"https:\\\/\\\/i0.wp.com\\\/www.dmastro.com.br\\\/dmastroblog\\\/wp-content\\\/uploads\\\/2023\\\/11\\\/grazi-formacao.jpg?fit=611%2C869&ssl=1\",\"contentUrl\":\"https:\\\/\\\/i0.wp.com\\\/www.dmastro.com.br\\\/dmastroblog\\\/wp-content\\\/uploads\\\/2023\\\/11\\\/grazi-formacao.jpg?fit=611%2C869&ssl=1\",\"width\":611,\"height\":869},{\"@type\":\"BreadcrumbList\",\"@id\":\"https:\\\/\\\/www.dmastro.com.br\\\/dmastroblog\\\/produto\\\/curso-de-formacao-de-astrologos-dmastro-com-graziella-marraccini\\\/#breadcrumb\",\"itemListElement\":[{\"@type\":\"ListItem\",\"position\":1,\"name\":\"In\u00edcio\",\"item\":\"https:\\\/\\\/www.dmastro.com.br\\\/dmastroblog\\\/\"},{\"@type\":\"ListItem\",\"position\":2,\"name\":\"Loja\",\"item\":\"https:\\\/\\\/www.dmastro.com.br\\\/dmastroblog\\\/loja\\\/\"},{\"@type\":\"ListItem\",\"position\":3,\"name\":\"Curso de Forma\u00e7\u00e3o de Astr\u00f3logos DMAstro com Graziella Marraccini\"}]},{\"@type\":\"WebSite\",\"@id\":\"https:\\\/\\\/www.dmastro.com.br\\\/dmastroblog\\\/#website\",\"url\":\"https:\\\/\\\/www.dmastro.com.br\\\/dmastroblog\\\/\",\"name\":\"DMAstro Brasil\",\"description\":\"Curso Completo de Forma\u00e7\u00e3o\",\"publisher\":{\"@id\":\"https:\\\/\\\/www.dmastro.com.br\\\/dmastroblog\\\/#organization\"},\"potentialAction\":[{\"@type\":\"SearchAction\",\"target\":{\"@type\":\"EntryPoint\",\"urlTemplate\":\"https:\\\/\\\/www.dmastro.com.br\\\/dmastroblog\\\/?s={search_term_string}\"},\"query-input\":{\"@type\":\"PropertyValueSpecification\",\"valueRequired\":true,\"valueName\":\"search_term_string\"}}],\"inLanguage\":\"pt-BR\"},{\"@type\":\"Organization\",\"@id\":\"https:\\\/\\\/www.dmastro.com.br\\\/dmastroblog\\\/#organization\",\"name\":\"DMAstro Brasil\",\"url\":\"https:\\\/\\\/www.dmastro.com.br\\\/dmastroblog\\\/\",\"logo\":{\"@type\":\"ImageObject\",\"inLanguage\":\"pt-BR\",\"@id\":\"https:\\\/\\\/www.dmastro.com.br\\\/dmastroblog\\\/#\\\/schema\\\/logo\\\/image\\\/\",\"url\":\"https:\\\/\\\/www.dmastro.com.br\\\/dmastroblog\\\/wp-content\\\/uploads\\\/2018\\\/12\\\/logotipo-dmastro-brasil.png\",\"contentUrl\":\"https:\\\/\\\/www.dmastro.com.br\\\/dmastroblog\\\/wp-content\\\/uploads\\\/2018\\\/12\\\/logotipo-dmastro-brasil.png\",\"width\":180,\"height\":180,\"caption\":\"DMAstro Brasil\"},\"image\":{\"@id\":\"https:\\\/\\\/www.dmastro.com.br\\\/dmastroblog\\\/#\\\/schema\\\/logo\\\/image\\\/\"},\"sameAs\":[\"https:\\\/\\\/www.facebook.com\\\/dmastrobr\",\"https:\\\/\\\/x.com\\\/dmastrobrasil\",\"https:\\\/\\\/www.instagram.com\\\/dmastrobrasil\\\/\"]}]}<\/script>\n<meta property=\"product:price:amount\" content=\"250.00\" \/>\n<meta property=\"product:price:currency\" content=\"BRL\" \/>\n<meta property=\"og:availability\" content=\"instock\" \/>\n<meta property=\"product:availability\" content=\"instock\" \/>\n<meta property=\"product:condition\" content=\"new\" \/>\n<!-- \/ Yoast SEO Premium plugin. -->","yoast_head_json":{"title":"Curso de Forma\u00e7\u00e3o de Astr\u00f3logos DMAstro com Graziella Marraccini","description":"Curso de Forma\u00e7\u00e3o de Astr\u00f3logos Escola de Astrologia DMAstro ao vivo e online com Graziella Marraccini. O melhor e mais completo do Brasil.","robots":{"index":"index","follow":"follow","max-snippet":"max-snippet:-1","max-image-preview":"max-image-preview:large","max-video-preview":"max-video-preview:-1"},"canonical":"https:\/\/www.dmastro.com.br\/dmastroblog\/produto\/curso-de-formacao-de-astrologos-dmastro-com-graziella-marraccini\/","og_locale":"pt_BR","og_type":"article","og_title":"Curso de Forma\u00e7\u00e3o de Astr\u00f3logos DMAstro com Graziella Marraccini","og_description":"Curso de Forma\u00e7\u00e3o de Astr\u00f3logos Escola de Astrologia DMAstro ao vivo e online com Graziella Marraccini. O melhor e mais completo do Brasil.","og_url":"https:\/\/www.dmastro.com.br\/dmastroblog\/produto\/curso-de-formacao-de-astrologos-dmastro-com-graziella-marraccini\/","og_site_name":"Escola de Astrologia DMAstro","article_publisher":"https:\/\/www.facebook.com\/dmastrobr","article_modified_time":"2024-01-02T21:07:45+00:00","og_image":[{"width":611,"height":869,"url":"https:\/\/www.dmastro.com.br\/dmastroblog\/wp-content\/uploads\/2023\/11\/grazi-formacao.jpg","type":"image\/jpeg"}],"twitter_card":"summary_large_image","twitter_site":"@dmastrobrasil","twitter_misc":{"Pre\u00e7o":"&#82;&#36;250,00","Disponibilidade":"Em Estoque"},"schema":{"@context":"https:\/\/schema.org","@graph":[{"@type":"WebPage","@id":"https:\/\/www.dmastro.com.br\/dmastroblog\/produto\/curso-de-formacao-de-astrologos-dmastro-com-graziella-marraccini\/","url":"https:\/\/www.dmastro.com.br\/dmastroblog\/produto\/curso-de-formacao-de-astrologos-dmastro-com-graziella-marraccini\/","name":"Curso de Forma\u00e7\u00e3o de Astr\u00f3logos DMAstro com Graziella Marraccini","isPartOf":{"@id":"https:\/\/www.dmastro.com.br\/dmastroblog\/#website"},"primaryImageOfPage":{"@id":"https:\/\/www.dmastro.com.br\/dmastroblog\/produto\/curso-de-formacao-de-astrologos-dmastro-com-graziella-marraccini\/#primaryimage"},"image":{"@id":"https:\/\/www.dmastro.com.br\/dmastroblog\/produto\/curso-de-formacao-de-astrologos-dmastro-com-graziella-marraccini\/#primaryimage"},"thumbnailUrl":"https:\/\/i0.wp.com\/www.dmastro.com.br\/dmastroblog\/wp-content\/uploads\/2023\/11\/grazi-formacao.jpg?fit=611%2C869&ssl=1","datePublished":"2023-11-12T20:37:19+00:00","dateModified":"2024-01-02T21:07:45+00:00","description":"Curso de Forma\u00e7\u00e3o de Astr\u00f3logos Escola de Astrologia DMAstro ao vivo e online com Graziella Marraccini. O melhor e mais completo do Brasil.","breadcrumb":{"@id":"https:\/\/www.dmastro.com.br\/dmastroblog\/produto\/curso-de-formacao-de-astrologos-dmastro-com-graziella-marraccini\/#breadcrumb"},"inLanguage":"pt-BR","potentialAction":[{"@type":"ReadAction","target":["https:\/\/www.dmastro.com.br\/dmastroblog\/produto\/curso-de-formacao-de-astrologos-dmastro-com-graziella-marraccini\/"]}]},{"@type":"ImageObject","inLanguage":"pt-BR","@id":"https:\/\/www.dmastro.com.br\/dmastroblog\/produto\/curso-de-formacao-de-astrologos-dmastro-com-graziella-marraccini\/#primaryimage","url":"https:\/\/i0.wp.com\/www.dmastro.com.br\/dmastroblog\/wp-content\/uploads\/2023\/11\/grazi-formacao.jpg?fit=611%2C869&ssl=1","contentUrl":"https:\/\/i0.wp.com\/www.dmastro.com.br\/dmastroblog\/wp-content\/uploads\/2023\/11\/grazi-formacao.jpg?fit=611%2C869&ssl=1","width":611,"height":869},{"@type":"BreadcrumbList","@id":"https:\/\/www.dmastro.com.br\/dmastroblog\/produto\/curso-de-formacao-de-astrologos-dmastro-com-graziella-marraccini\/#breadcrumb","itemListElement":[{"@type":"ListItem","position":1,"name":"In\u00edcio","item":"https:\/\/www.dmastro.com.br\/dmastroblog\/"},{"@type":"ListItem","position":2,"name":"Loja","item":"https:\/\/www.dmastro.com.br\/dmastroblog\/loja\/"},{"@type":"ListItem","position":3,"name":"Curso de Forma\u00e7\u00e3o de Astr\u00f3logos DMAstro com Graziella Marraccini"}]},{"@type":"WebSite","@id":"https:\/\/www.dmastro.com.br\/dmastroblog\/#website","url":"https:\/\/www.dmastro.com.br\/dmastroblog\/","name":"DMAstro Brasil","description":"Curso Completo de Forma\u00e7\u00e3o","publisher":{"@id":"https:\/\/www.dmastro.com.br\/dmastroblog\/#organization"},"potentialAction":[{"@type":"SearchAction","target":{"@type":"EntryPoint","urlTemplate":"https:\/\/www.dmastro.com.br\/dmastroblog\/?s={search_term_string}"},"query-input":{"@type":"PropertyValueSpecification","valueRequired":true,"valueName":"search_term_string"}}],"inLanguage":"pt-BR"},{"@type":"Organization","@id":"https:\/\/www.dmastro.com.br\/dmastroblog\/#organization","name":"DMAstro Brasil","url":"https:\/\/www.dmastro.com.br\/dmastroblog\/","logo":{"@type":"ImageObject","inLanguage":"pt-BR","@id":"https:\/\/www.dmastro.com.br\/dmastroblog\/#\/schema\/logo\/image\/","url":"https:\/\/www.dmastro.com.br\/dmastroblog\/wp-content\/uploads\/2018\/12\/logotipo-dmastro-brasil.png","contentUrl":"https:\/\/www.dmastro.com.br\/dmastroblog\/wp-content\/uploads\/2018\/12\/logotipo-dmastro-brasil.png","width":180,"height":180,"caption":"DMAstro Brasil"},"image":{"@id":"https:\/\/www.dmastro.com.br\/dmastroblog\/#\/schema\/logo\/image\/"},"sameAs":["https:\/\/www.facebook.com\/dmastrobr","https:\/\/x.com\/dmastrobrasil","https:\/\/www.instagram.com\/dmastrobrasil\/"]}]},"product_price_amount":"250.00","product_price_currency":"BRL","og_availability":"instock","product_availability":"instock","product_condition":"new"},"jetpack_publicize_connections":[],"jetpack_sharing_enabled":true,"jetpack_likes_enabled":false,"publishpress_future_workflow_manual_trigger":{"enabledWorkflows":[]},"_links":{"self":[{"href":"https:\/\/www.dmastro.com.br\/dmastroblog\/wp-json\/wp\/v2\/product\/11390","targetHints":{"allow":["GET"]}}],"collection":[{"href":"https:\/\/www.dmastro.com.br\/dmastroblog\/wp-json\/wp\/v2\/product"}],"about":[{"href":"https:\/\/www.dmastro.com.br\/dmastroblog\/wp-json\/wp\/v2\/types\/product"}],"replies":[{"embeddable":true,"href":"https:\/\/www.dmastro.com.br\/dmastroblog\/wp-json\/wp\/v2\/comments?post=11390"}],"wp:featuredmedia":[{"embeddable":true,"href":"https:\/\/www.dmastro.com.br\/dmastroblog\/wp-json\/wp\/v2\/media\/11393"}],"wp:attachment":[{"href":"https:\/\/www.dmastro.com.br\/dmastroblog\/wp-json\/wp\/v2\/media?parent=11390"}],"wp:term":[{"taxonomy":"product_brand","embeddable":true,"href":"https:\/\/www.dmastro.com.br\/dmastroblog\/wp-json\/wp\/v2\/product_brand?post=11390"},{"taxonomy":"product_cat","embeddable":true,"href":"https:\/\/www.dmastro.com.br\/dmastroblog\/wp-json\/wp\/v2\/product_cat?post=11390"},{"taxonomy":"product_tag","embeddable":true,"href":"https:\/\/www.dmastro.com.br\/dmastroblog\/wp-json\/wp\/v2\/product_tag?post=11390"}],"curies":[{"name":"wp","href":"https:\/\/api.w.org\/{rel}","templated":true}]}}