{"id":11239,"date":"2025-10-02T00:05:28","date_gmt":"2025-10-02T03:05:28","guid":{"rendered":"https:\/\/www.dmastro.com.br\/dmastroblog\/?post_type=product&#038;p=11239"},"modified":"2025-10-02T00:07:14","modified_gmt":"2025-10-02T03:07:14","slug":"curso-dos-graus-astrologicos-com-mazal","status":"publish","type":"product","link":"https:\/\/www.dmastro.com.br\/dmastroblog\/produto\/curso-dos-graus-astrologicos-com-mazal\/","title":{"rendered":"Curso dos Graus Astrol\u00f3gicos com Mazal"},"content":{"rendered":"<p><span style=\"color: #ff6600;\"><em><span style=\"font-size: 18pt;\"><span style=\"color: #ff6600; font-size: 18pt;\"><b>A Nova Turma do Curso dos Graus Astrol\u00f3gicos com a <\/b><\/span><span style=\"color: #ff6600; font-size: 18pt;\"><b>professora Mazal<\/b><\/span><\/span><\/em><\/span><\/p>\n<p><span style=\"color: #ff0000; font-size: 18pt;\"><em><strong>\u00c9 Imperd\u00edvel !<\/strong><\/em><\/span><\/p>\n<p>O Mist\u00e9rio dos 30 graus.<\/p>\n<p>Descobra o significado de cada um dos 30 graus e, atrav\u00e9s deles, seja capaz de fazer previs\u00f5es estranhamente detalhadas, como a carreira da sua m\u00e3e, a cor do seu carro ou onde conhecer\u00e1 o seu c\u00f4njuge!<\/p>\n<p>Consiga ver detalhes surpreendentes estudando a teoria dos Graus com a professora Mazal.<\/p>\n<p>Descobra os detalhes mais precisos!<\/p>\n<p>Isto n\u00e3o \u00e9 astrologia com divaga\u00e7\u00f5es psicol\u00f3gicas e vagas explica\u00e7\u00f5es \u201cespirituais\u201d. Esta \u00e9 uma astrologia precisa e preditiva, usando apenas seu mapa astral!!<\/p>\n<p>A professora Mazal revelar\u00e1 o incr\u00edvel segredo dos 30 graus, como us\u00e1-los, como fazer previs\u00f5es com eles! Encontre nossos graus de Beleza, Sorte, Riqueza, mas tamb\u00e9m Assassinato, Doen\u00e7a, Div\u00f3rcios e muito mais!!<\/p>\n<p>Mazal dar\u00e1 v\u00e1rios exemplos de sua pr\u00e1tica. Far\u00e1 perguntas e respostas sobre o material ensinado, no curso no Zoom ao vivo.<\/p>\n<p>Algum conhecimento pr\u00e9vio de astrologia, como o significado dos 12 signos, dos planetas e das casas ajudar\u00e1.<\/p>\n<p>Conhe\u00e7a sua professora:<\/p>\n<p>Mazal \u00e9 Astr\u00f3loga Profissional, Professora, Escritora e cofundadora da Escola de Astrologia DMAstro<\/p>\n<p>Resumo Profissional: Mazal \u00e9 uma renomada Astr\u00f3loga Profissional, Professora, Escritora e Cofundadora da Escola de Astrologia DMAstro. Com uma paix\u00e3o pela astrologia que vem desde a inf\u00e2ncia, Mazal teve a oportunidade \u00fanica de estudar com seu pai, que cresceu em Israel e aprendeu com os rabinos cabalistas. Essa forma\u00e7\u00e3o s\u00f3lida forneceu-lhe uma compreens\u00e3o profunda dos princ\u00edpios astrol\u00f3gicos e sua conex\u00e3o com a tradi\u00e7\u00e3o cabal\u00edstica.<\/p>\n<p>Ap\u00f3s analisar minuciosamente mais de 3000 mapas astrol\u00f3gicos, Mazal decidiu levar seu conhecimento al\u00e9m dos estudos pessoais e iniciar sua carreira como Astr\u00f3loga Profissional. Sua experi\u00eancia e habilidade em interpretar mapas astrol\u00f3gicos de forma precisa e detalhada tornaram-na altamente procurada por clientes em busca de orienta\u00e7\u00e3o e autoconhecimento.<\/p>\n<p>Al\u00e9m disso, Mazal viveu em uma escola inici\u00e1tica em Jerusal\u00e9m por dois anos, onde teve a oportunidade de conviver e estudar com os cabalistas mais importantes de Israel. Essa imers\u00e3o intensiva aprofundou ainda mais sua compreens\u00e3o da conex\u00e3o entre a astrologia e a tradi\u00e7\u00e3o cabal\u00edstica, permitindo-lhe oferecer uma perspectiva \u00fanica e valiosa aos seus clientes.<\/p>\n<p>A busca cont\u00ednua por aprimoramento e atualiza\u00e7\u00e3o levou Mazal a estudar com renomados nomes da astrologia brasileira e europeia, incluindo Antonio Facciollo Neto e Nikola Stojanovic&#8217;s. Essa troca de conhecimento ampliou seu horizonte astrol\u00f3gico, permitindo-lhe adotar uma abordagem moderna e inovadora em suas leituras e ensinamentos.<\/p>\n<p>Al\u00e9m de sua atua\u00e7\u00e3o como Astr\u00f3loga Profissional, Mazal \u00e9 uma escritora, compartilhando seu conhecimento e perspectivas \u00fanicas por meio de hor\u00f3scopos, livros e publica\u00e7\u00f5es especializadas. Sua escrita envolvente e acess\u00edvel torna a astrologia compreens\u00edvel e relevante para um p\u00fablico amplo, inspirando e ajudando as pessoas a se conectarem com sua pr\u00f3pria ess\u00eancia.<\/p>\n<p>Mazal \u00e9 uma figura respeitada e influente na comunidade astrol\u00f3gica, combinando uma base s\u00f3lida em tradi\u00e7\u00f5es ancestrais com uma perspectiva moderna e atualizada. Sua paix\u00e3o pela astrologia, compromisso com a excel\u00eancia e capacidade de comunica\u00e7\u00e3o tornam-na uma figura inspiradora para aqueles que buscam entender e explorar os mist\u00e9rios do cosmos.<\/p>\n<p><span style=\"color: #ff0000;\"><strong>Aulas semanais de 60 minutos, curso com dura\u00e7\u00e3o de 2 meses e participa\u00e7\u00e3o do grupo do WhatsApp com a professora. Duas mensalidades de R$ 260 \u2013 Total do curso R$ 520<\/strong><\/span><\/p>\n<p>Para mais informa\u00e7\u00f5es e inscri\u00e7\u00f5es, ligue para: (11) 96624-8446 ou envie mensagem no WhatsApp<\/p>\n<p>Os pagamentos podem ser feitos via transfer\u00eancia banc\u00e1ria ou pix mensalmente.<\/p>\n<p>O aluno pode optar pelo pagamento do curso completo antecipado com desconto de 5%.<\/p>\n","protected":false},"excerpt":{"rendered":"<p><span style=\"color: #ff6600;\"><em><span style=\"font-size: 18pt;\"><span style=\"color: #ff6600; font-size: 18pt;\"><b>A Nova Turma do Curso dos Graus Astrol\u00f3gicos com a <\/b><\/span><span style=\"color: #ff6600; font-size: 18pt;\"><b>professora Mazal<\/b><\/span><\/span><\/em><\/span><\/p>\n<p><span style=\"color: #ff0000; font-size: 18pt;\"><em><strong>\u00c9 Imperd\u00edvel !<\/strong><\/em><\/span><\/p>\n<p>O Mist\u00e9rio dos 30 graus.<\/p>\n<p>Descobra o significado de cada um dos 30 graus e, atrav\u00e9s deles, seja capaz de fazer previs\u00f5es estranhamente detalhadas, como a carreira da sua m\u00e3e, a cor do seu carro ou onde conhecer\u00e1 o seu c\u00f4njuge!<\/p>\n<p>\ud83d\udcc5 Formato do Curso<br \/>\n\u2714\ufe0f Dura\u00e7\u00e3o: 2 meses (8 aulas)<br \/>\n\u2714\ufe0f Valor da mensalidade: 260 reais<br \/>\n\u2714\ufe0f In\u00edcio: 24 de Setembro de 2025<br \/>\n\u2714\ufe0f Aulas ao vivo semanais via Zoom<br \/>\n\u2714\ufe0f Acesso \u00e0s grava\u00e7\u00f5es (voc\u00ea pode rever quantas vezes quiser por 2 anos)<br \/>\n\u2714\ufe0f Grupo exclusivo no WhatsApp para suporte e trocas entre alunos<br \/>\n\u2714\ufe0f Certificado de conclus\u00e3o incluso<\/p>\n","protected":false},"featured_media":11242,"comment_status":"open","ping_status":"closed","template":"","meta":{"_themeisle_gutenberg_block_has_review":false,"jetpack_post_was_ever_published":false,"jetpack_publicize_message":"","jetpack_publicize_feature_enabled":true,"jetpack_social_post_already_shared":true,"jetpack_social_options":{"image_generator_settings":{"template":"highway","default_image_id":0,"font":"","enabled":false},"version":2}},"product_brand":[],"product_cat":[71,364,66],"product_tag":[1618,1590],"class_list":{"0":"post-11239","1":"product","2":"type-product","3":"status-publish","4":"has-post-thumbnail","6":"product_cat-cursos-em-video-de-astrologia","7":"product_cat-curso-online","8":"product_cat-cursos-em-video","9":"product_tag-graus-astrologicos","10":"product_tag-mazal","11":"post","13":"first","14":"instock","15":"virtual","16":"taxable","17":"purchasable","18":"product-type-simple"},"composite_virtual":false,"composite_layout":"","composite_add_to_cart_form_location":"","composite_editable_in_cart":false,"composite_sold_individually_context":"","composite_shop_price_calc":"","composite_components":[],"composite_scenarios":[],"yoast_head":"<!-- This site is optimized with the Yoast SEO Premium plugin v22.9 (Yoast SEO v27.3) - https:\/\/yoast.com\/product\/yoast-seo-premium-wordpress\/ -->\n<title>Curso dos Graus Astrol\u00f3gicos com Mazal<\/title>\n<meta name=\"description\" content=\"A Nova Turma do Curso dos Graus Astrol\u00f3gicos da DMAstro com a professora Mazal\" \/>\n<meta name=\"robots\" content=\"index, follow, max-snippet:-1, max-image-preview:large, max-video-preview:-1\" \/>\n<link rel=\"canonical\" href=\"https:\/\/www.dmastro.com.br\/dmastroblog\/produto\/curso-dos-graus-astrologicos-com-mazal\/\" \/>\n<meta property=\"og:locale\" content=\"pt_BR\" \/>\n<meta property=\"og:type\" content=\"article\" \/>\n<meta property=\"og:title\" content=\"Curso dos Graus Astrol\u00f3gicos com Mazal\" \/>\n<meta property=\"og:description\" content=\"A Nova Turma do Curso dos Graus Astrol\u00f3gicos da DMAstro com a professora Mazal\" \/>\n<meta property=\"og:url\" content=\"https:\/\/www.dmastro.com.br\/dmastroblog\/produto\/curso-dos-graus-astrologicos-com-mazal\/\" \/>\n<meta property=\"og:site_name\" content=\"Escola de Astrologia DMAstro\" \/>\n<meta property=\"article:publisher\" content=\"https:\/\/www.facebook.com\/dmastrobr\" \/>\n<meta property=\"article:modified_time\" content=\"2025-10-02T03:07:14+00:00\" \/>\n<meta property=\"og:image\" content=\"https:\/\/www.dmastro.com.br\/dmastroblog\/wp-content\/uploads\/2023\/10\/Curso-de-Graus-Astrologicos2.jpg\" \/>\n\t<meta property=\"og:image:width\" content=\"561\" \/>\n\t<meta property=\"og:image:height\" content=\"800\" \/>\n\t<meta property=\"og:image:type\" content=\"image\/jpeg\" \/>\n<meta name=\"twitter:card\" content=\"summary_large_image\" \/>\n<meta name=\"twitter:site\" content=\"@dmastrobrasil\" \/>\n<meta name=\"twitter:label1\" content=\"Pre\u00e7o\" \/>\n\t<meta name=\"twitter:data1\" content=\"&#082;&#036;260,00\" \/>\n\t<meta name=\"twitter:label2\" content=\"Disponibilidade\" \/>\n\t<meta name=\"twitter:data2\" content=\"Em Estoque\" \/>\n<script type=\"application\/ld+json\" class=\"yoast-schema-graph\">{\"@context\":\"https:\\\/\\\/schema.org\",\"@graph\":[{\"@type\":\"WebPage\",\"@id\":\"https:\\\/\\\/www.dmastro.com.br\\\/dmastroblog\\\/produto\\\/curso-dos-graus-astrologicos-com-mazal\\\/\",\"url\":\"https:\\\/\\\/www.dmastro.com.br\\\/dmastroblog\\\/produto\\\/curso-dos-graus-astrologicos-com-mazal\\\/\",\"name\":\"Curso dos Graus Astrol\u00f3gicos com Mazal\",\"isPartOf\":{\"@id\":\"https:\\\/\\\/www.dmastro.com.br\\\/dmastroblog\\\/#website\"},\"primaryImageOfPage\":{\"@id\":\"https:\\\/\\\/www.dmastro.com.br\\\/dmastroblog\\\/produto\\\/curso-dos-graus-astrologicos-com-mazal\\\/#primaryimage\"},\"image\":{\"@id\":\"https:\\\/\\\/www.dmastro.com.br\\\/dmastroblog\\\/produto\\\/curso-dos-graus-astrologicos-com-mazal\\\/#primaryimage\"},\"thumbnailUrl\":\"https:\\\/\\\/i0.wp.com\\\/www.dmastro.com.br\\\/dmastroblog\\\/wp-content\\\/uploads\\\/2023\\\/10\\\/Curso-de-Graus-Astrologicos2.jpg?fit=561%2C800&ssl=1\",\"datePublished\":\"2025-10-02T03:05:28+00:00\",\"dateModified\":\"2025-10-02T03:07:14+00:00\",\"description\":\"A Nova Turma do Curso dos Graus Astrol\u00f3gicos da DMAstro com a professora Mazal\",\"breadcrumb\":{\"@id\":\"https:\\\/\\\/www.dmastro.com.br\\\/dmastroblog\\\/produto\\\/curso-dos-graus-astrologicos-com-mazal\\\/#breadcrumb\"},\"inLanguage\":\"pt-BR\",\"potentialAction\":[{\"@type\":\"ReadAction\",\"target\":[\"https:\\\/\\\/www.dmastro.com.br\\\/dmastroblog\\\/produto\\\/curso-dos-graus-astrologicos-com-mazal\\\/\"]}]},{\"@type\":\"ImageObject\",\"inLanguage\":\"pt-BR\",\"@id\":\"https:\\\/\\\/www.dmastro.com.br\\\/dmastroblog\\\/produto\\\/curso-dos-graus-astrologicos-com-mazal\\\/#primaryimage\",\"url\":\"https:\\\/\\\/i0.wp.com\\\/www.dmastro.com.br\\\/dmastroblog\\\/wp-content\\\/uploads\\\/2023\\\/10\\\/Curso-de-Graus-Astrologicos2.jpg?fit=561%2C800&ssl=1\",\"contentUrl\":\"https:\\\/\\\/i0.wp.com\\\/www.dmastro.com.br\\\/dmastroblog\\\/wp-content\\\/uploads\\\/2023\\\/10\\\/Curso-de-Graus-Astrologicos2.jpg?fit=561%2C800&ssl=1\",\"width\":561,\"height\":800},{\"@type\":\"BreadcrumbList\",\"@id\":\"https:\\\/\\\/www.dmastro.com.br\\\/dmastroblog\\\/produto\\\/curso-dos-graus-astrologicos-com-mazal\\\/#breadcrumb\",\"itemListElement\":[{\"@type\":\"ListItem\",\"position\":1,\"name\":\"In\u00edcio\",\"item\":\"https:\\\/\\\/www.dmastro.com.br\\\/dmastroblog\\\/\"},{\"@type\":\"ListItem\",\"position\":2,\"name\":\"Loja\",\"item\":\"https:\\\/\\\/www.dmastro.com.br\\\/dmastroblog\\\/loja\\\/\"},{\"@type\":\"ListItem\",\"position\":3,\"name\":\"Curso dos Graus Astrol\u00f3gicos com Mazal\"}]},{\"@type\":\"WebSite\",\"@id\":\"https:\\\/\\\/www.dmastro.com.br\\\/dmastroblog\\\/#website\",\"url\":\"https:\\\/\\\/www.dmastro.com.br\\\/dmastroblog\\\/\",\"name\":\"DMAstro Brasil\",\"description\":\"Curso Completo de Forma\u00e7\u00e3o\",\"publisher\":{\"@id\":\"https:\\\/\\\/www.dmastro.com.br\\\/dmastroblog\\\/#organization\"},\"potentialAction\":[{\"@type\":\"SearchAction\",\"target\":{\"@type\":\"EntryPoint\",\"urlTemplate\":\"https:\\\/\\\/www.dmastro.com.br\\\/dmastroblog\\\/?s={search_term_string}\"},\"query-input\":{\"@type\":\"PropertyValueSpecification\",\"valueRequired\":true,\"valueName\":\"search_term_string\"}}],\"inLanguage\":\"pt-BR\"},{\"@type\":\"Organization\",\"@id\":\"https:\\\/\\\/www.dmastro.com.br\\\/dmastroblog\\\/#organization\",\"name\":\"DMAstro Brasil\",\"url\":\"https:\\\/\\\/www.dmastro.com.br\\\/dmastroblog\\\/\",\"logo\":{\"@type\":\"ImageObject\",\"inLanguage\":\"pt-BR\",\"@id\":\"https:\\\/\\\/www.dmastro.com.br\\\/dmastroblog\\\/#\\\/schema\\\/logo\\\/image\\\/\",\"url\":\"https:\\\/\\\/www.dmastro.com.br\\\/dmastroblog\\\/wp-content\\\/uploads\\\/2018\\\/12\\\/logotipo-dmastro-brasil.png\",\"contentUrl\":\"https:\\\/\\\/www.dmastro.com.br\\\/dmastroblog\\\/wp-content\\\/uploads\\\/2018\\\/12\\\/logotipo-dmastro-brasil.png\",\"width\":180,\"height\":180,\"caption\":\"DMAstro Brasil\"},\"image\":{\"@id\":\"https:\\\/\\\/www.dmastro.com.br\\\/dmastroblog\\\/#\\\/schema\\\/logo\\\/image\\\/\"},\"sameAs\":[\"https:\\\/\\\/www.facebook.com\\\/dmastrobr\",\"https:\\\/\\\/x.com\\\/dmastrobrasil\",\"https:\\\/\\\/www.instagram.com\\\/dmastrobrasil\\\/\"]}]}<\/script>\n<meta property=\"product:price:amount\" content=\"260.00\" \/>\n<meta property=\"product:price:currency\" content=\"BRL\" \/>\n<meta property=\"og:availability\" content=\"instock\" \/>\n<meta property=\"product:availability\" content=\"instock\" \/>\n<meta property=\"product:condition\" content=\"new\" \/>\n<!-- \/ Yoast SEO Premium plugin. -->","yoast_head_json":{"title":"Curso dos Graus Astrol\u00f3gicos com Mazal","description":"A Nova Turma do Curso dos Graus Astrol\u00f3gicos da DMAstro com a professora Mazal","robots":{"index":"index","follow":"follow","max-snippet":"max-snippet:-1","max-image-preview":"max-image-preview:large","max-video-preview":"max-video-preview:-1"},"canonical":"https:\/\/www.dmastro.com.br\/dmastroblog\/produto\/curso-dos-graus-astrologicos-com-mazal\/","og_locale":"pt_BR","og_type":"article","og_title":"Curso dos Graus Astrol\u00f3gicos com Mazal","og_description":"A Nova Turma do Curso dos Graus Astrol\u00f3gicos da DMAstro com a professora Mazal","og_url":"https:\/\/www.dmastro.com.br\/dmastroblog\/produto\/curso-dos-graus-astrologicos-com-mazal\/","og_site_name":"Escola de Astrologia DMAstro","article_publisher":"https:\/\/www.facebook.com\/dmastrobr","article_modified_time":"2025-10-02T03:07:14+00:00","og_image":[{"width":561,"height":800,"url":"https:\/\/www.dmastro.com.br\/dmastroblog\/wp-content\/uploads\/2023\/10\/Curso-de-Graus-Astrologicos2.jpg","type":"image\/jpeg"}],"twitter_card":"summary_large_image","twitter_site":"@dmastrobrasil","twitter_misc":{"Pre\u00e7o":"&#82;&#36;260,00","Disponibilidade":"Em Estoque"},"schema":{"@context":"https:\/\/schema.org","@graph":[{"@type":"WebPage","@id":"https:\/\/www.dmastro.com.br\/dmastroblog\/produto\/curso-dos-graus-astrologicos-com-mazal\/","url":"https:\/\/www.dmastro.com.br\/dmastroblog\/produto\/curso-dos-graus-astrologicos-com-mazal\/","name":"Curso dos Graus Astrol\u00f3gicos com Mazal","isPartOf":{"@id":"https:\/\/www.dmastro.com.br\/dmastroblog\/#website"},"primaryImageOfPage":{"@id":"https:\/\/www.dmastro.com.br\/dmastroblog\/produto\/curso-dos-graus-astrologicos-com-mazal\/#primaryimage"},"image":{"@id":"https:\/\/www.dmastro.com.br\/dmastroblog\/produto\/curso-dos-graus-astrologicos-com-mazal\/#primaryimage"},"thumbnailUrl":"https:\/\/i0.wp.com\/www.dmastro.com.br\/dmastroblog\/wp-content\/uploads\/2023\/10\/Curso-de-Graus-Astrologicos2.jpg?fit=561%2C800&ssl=1","datePublished":"2025-10-02T03:05:28+00:00","dateModified":"2025-10-02T03:07:14+00:00","description":"A Nova Turma do Curso dos Graus Astrol\u00f3gicos da DMAstro com a professora Mazal","breadcrumb":{"@id":"https:\/\/www.dmastro.com.br\/dmastroblog\/produto\/curso-dos-graus-astrologicos-com-mazal\/#breadcrumb"},"inLanguage":"pt-BR","potentialAction":[{"@type":"ReadAction","target":["https:\/\/www.dmastro.com.br\/dmastroblog\/produto\/curso-dos-graus-astrologicos-com-mazal\/"]}]},{"@type":"ImageObject","inLanguage":"pt-BR","@id":"https:\/\/www.dmastro.com.br\/dmastroblog\/produto\/curso-dos-graus-astrologicos-com-mazal\/#primaryimage","url":"https:\/\/i0.wp.com\/www.dmastro.com.br\/dmastroblog\/wp-content\/uploads\/2023\/10\/Curso-de-Graus-Astrologicos2.jpg?fit=561%2C800&ssl=1","contentUrl":"https:\/\/i0.wp.com\/www.dmastro.com.br\/dmastroblog\/wp-content\/uploads\/2023\/10\/Curso-de-Graus-Astrologicos2.jpg?fit=561%2C800&ssl=1","width":561,"height":800},{"@type":"BreadcrumbList","@id":"https:\/\/www.dmastro.com.br\/dmastroblog\/produto\/curso-dos-graus-astrologicos-com-mazal\/#breadcrumb","itemListElement":[{"@type":"ListItem","position":1,"name":"In\u00edcio","item":"https:\/\/www.dmastro.com.br\/dmastroblog\/"},{"@type":"ListItem","position":2,"name":"Loja","item":"https:\/\/www.dmastro.com.br\/dmastroblog\/loja\/"},{"@type":"ListItem","position":3,"name":"Curso dos Graus Astrol\u00f3gicos com Mazal"}]},{"@type":"WebSite","@id":"https:\/\/www.dmastro.com.br\/dmastroblog\/#website","url":"https:\/\/www.dmastro.com.br\/dmastroblog\/","name":"DMAstro Brasil","description":"Curso Completo de Forma\u00e7\u00e3o","publisher":{"@id":"https:\/\/www.dmastro.com.br\/dmastroblog\/#organization"},"potentialAction":[{"@type":"SearchAction","target":{"@type":"EntryPoint","urlTemplate":"https:\/\/www.dmastro.com.br\/dmastroblog\/?s={search_term_string}"},"query-input":{"@type":"PropertyValueSpecification","valueRequired":true,"valueName":"search_term_string"}}],"inLanguage":"pt-BR"},{"@type":"Organization","@id":"https:\/\/www.dmastro.com.br\/dmastroblog\/#organization","name":"DMAstro Brasil","url":"https:\/\/www.dmastro.com.br\/dmastroblog\/","logo":{"@type":"ImageObject","inLanguage":"pt-BR","@id":"https:\/\/www.dmastro.com.br\/dmastroblog\/#\/schema\/logo\/image\/","url":"https:\/\/www.dmastro.com.br\/dmastroblog\/wp-content\/uploads\/2018\/12\/logotipo-dmastro-brasil.png","contentUrl":"https:\/\/www.dmastro.com.br\/dmastroblog\/wp-content\/uploads\/2018\/12\/logotipo-dmastro-brasil.png","width":180,"height":180,"caption":"DMAstro Brasil"},"image":{"@id":"https:\/\/www.dmastro.com.br\/dmastroblog\/#\/schema\/logo\/image\/"},"sameAs":["https:\/\/www.facebook.com\/dmastrobr","https:\/\/x.com\/dmastrobrasil","https:\/\/www.instagram.com\/dmastrobrasil\/"]}]},"product_price_amount":"260.00","product_price_currency":"BRL","og_availability":"instock","product_availability":"instock","product_condition":"new"},"jetpack_publicize_connections":[],"jetpack_sharing_enabled":true,"jetpack_likes_enabled":false,"publishpress_future_workflow_manual_trigger":{"enabledWorkflows":[]},"_links":{"self":[{"href":"https:\/\/www.dmastro.com.br\/dmastroblog\/wp-json\/wp\/v2\/product\/11239","targetHints":{"allow":["GET"]}}],"collection":[{"href":"https:\/\/www.dmastro.com.br\/dmastroblog\/wp-json\/wp\/v2\/product"}],"about":[{"href":"https:\/\/www.dmastro.com.br\/dmastroblog\/wp-json\/wp\/v2\/types\/product"}],"replies":[{"embeddable":true,"href":"https:\/\/www.dmastro.com.br\/dmastroblog\/wp-json\/wp\/v2\/comments?post=11239"}],"wp:featuredmedia":[{"embeddable":true,"href":"https:\/\/www.dmastro.com.br\/dmastroblog\/wp-json\/wp\/v2\/media\/11242"}],"wp:attachment":[{"href":"https:\/\/www.dmastro.com.br\/dmastroblog\/wp-json\/wp\/v2\/media?parent=11239"}],"wp:term":[{"taxonomy":"product_brand","embeddable":true,"href":"https:\/\/www.dmastro.com.br\/dmastroblog\/wp-json\/wp\/v2\/product_brand?post=11239"},{"taxonomy":"product_cat","embeddable":true,"href":"https:\/\/www.dmastro.com.br\/dmastroblog\/wp-json\/wp\/v2\/product_cat?post=11239"},{"taxonomy":"product_tag","embeddable":true,"href":"https:\/\/www.dmastro.com.br\/dmastroblog\/wp-json\/wp\/v2\/product_tag?post=11239"}],"curies":[{"name":"wp","href":"https:\/\/api.w.org\/{rel}","templated":true}]}}