{"id":1090,"date":"2018-12-08T03:50:03","date_gmt":"2018-12-08T05:50:03","guid":{"rendered":"http:\/\/www.dmastro.com.br\/dmastroblog\/?post_type=product&#038;p=1090"},"modified":"2018-12-15T03:20:08","modified_gmt":"2018-12-15T05:20:08","slug":"agenda-dos-signos-2019-aries","status":"publish","type":"product","link":"https:\/\/www.dmastro.com.br\/dmastroblog\/produto\/agenda-dos-signos-2019-aries\/","title":{"rendered":"Agenda dos Signos 2019 &#8211; \u00c1ries"},"content":{"rendered":"<p>Agenda dos Signos, com interpreta\u00e7\u00e3o de Sol, Lua e Ascendente na folha de rosto!<\/p>\n<p>\u2022 Agenda Di\u00e1ria;<br \/>\n\u2022 Capa Dura com Lamina\u00e7\u00e3o Losca;<br \/>\n\u2022 Encaderna\u00e7\u00e3o Wire-o Branco<br \/>\n\u2022 Folha de rosto personalizada com interpreta\u00e7\u00e3o de Sol, Lua e Ascendente<br \/>\n\u2022 Arte a escolha do cliente, pode ser foto ou desenho<br \/>\n\u2022 167 p\u00e1ginas, sendo 10 de calend\u00e1rio, \u00edndice telef\u00f4nico e anota\u00e7\u00f5es<br \/>\n\u2022 Acabamento Profissional<br \/>\n\u2022 Prazo para produ\u00e7\u00e3o 10 dias ap\u00f3s a aprova\u00e7\u00e3o da arte<\/p>\n","protected":false},"excerpt":{"rendered":"<p>Agenda dos Signos, com interpreta\u00e7\u00e3o de Sol, Lua e Ascendente na folha de rosto!<\/p>\n<p>\u2022 Agenda Di\u00e1ria;<br \/>\n\u2022 Capa Dura com Lamina\u00e7\u00e3o Losca;<br \/>\n\u2022 Encaderna\u00e7\u00e3o Wire-o Branco<br \/>\n\u2022 Folha de rosto personalizada com interpreta\u00e7\u00e3o de Sol, Lua e Ascendente<br \/>\n\u2022 Arte a escolha do cliente, pode ser foto ou desenho<br \/>\n\u2022 167 p\u00e1ginas, sendo 10 de calend\u00e1rio, \u00edndice telef\u00f4nico e anota\u00e7\u00f5es<br \/>\n\u2022 Acabamento Profissional<br \/>\n\u2022 Prazo para produ\u00e7\u00e3o 10 dias ap\u00f3s a aprova\u00e7\u00e3o da arte<\/p>\n","protected":false},"featured_media":1092,"comment_status":"closed","ping_status":"closed","template":"","meta":{"_themeisle_gutenberg_block_has_review":false,"jetpack_post_was_ever_published":false,"jetpack_publicize_message":"Agenda dos Signos 2019 - \u00c1ries","jetpack_publicize_feature_enabled":true,"jetpack_social_post_already_shared":true,"jetpack_social_options":{"image_generator_settings":{"template":"highway","default_image_id":0,"font":"","enabled":false},"version":2}},"product_brand":[],"product_cat":[290,52,289,86],"product_tag":[291,294,293,76,206,292,256,208],"class_list":{"0":"post-1090","1":"product","2":"type-product","3":"status-publish","4":"has-post-thumbnail","6":"product_cat-agendas","7":"product_cat-astrologia","8":"product_cat-papelaria","9":"product_cat-signo-aries","10":"product_tag-agenda","11":"product_tag-aries","12":"product_tag-ascendente","13":"product_tag-astrologia","14":"product_tag-lua","15":"product_tag-papelaria","16":"product_tag-signos","17":"product_tag-sol","18":"post","20":"first","21":"instock","22":"taxable","23":"shipping-taxable","24":"purchasable","25":"product-type-simple"},"composite_virtual":false,"composite_layout":"","composite_add_to_cart_form_location":"","composite_editable_in_cart":false,"composite_sold_individually_context":"","composite_shop_price_calc":"","composite_components":[],"composite_scenarios":[],"yoast_head":"<!-- This site is optimized with the Yoast SEO Premium plugin v22.9 (Yoast SEO v27.3) - https:\/\/yoast.com\/product\/yoast-seo-premium-wordpress\/ -->\n<title>Agenda dos Signos 2019 - \u00c1ries - Escola de Astrologia DMAstro<\/title>\n<meta name=\"robots\" content=\"index, follow, max-snippet:-1, max-image-preview:large, max-video-preview:-1\" \/>\n<link rel=\"canonical\" href=\"https:\/\/www.dmastro.com.br\/dmastroblog\/produto\/agenda-dos-signos-2019-aries\/\" \/>\n<meta property=\"og:locale\" content=\"pt_BR\" \/>\n<meta property=\"og:type\" content=\"article\" \/>\n<meta property=\"og:title\" content=\"Agenda dos Signos 2019 - \u00c1ries\" \/>\n<meta property=\"og:description\" content=\"Agenda dos Signos, com interpreta\u00e7\u00e3o de Sol, Lua e Ascendente na folha de rosto!  \u2022 Agenda Di\u00e1ria; \u2022 Capa Dura com Lamina\u00e7\u00e3o Losca; \u2022 Encaderna\u00e7\u00e3o Wire-o Branco \u2022 Folha de rosto personalizada com interpreta\u00e7\u00e3o de Sol, Lua e Ascendente \u2022 Arte a escolha do cliente, pode ser foto ou desenho \u2022 167 p\u00e1ginas, sendo 10 de calend\u00e1rio, \u00edndice telef\u00f4nico e anota\u00e7\u00f5es \u2022 Acabamento Profissional \u2022 Prazo para produ\u00e7\u00e3o 10 dias ap\u00f3s a aprova\u00e7\u00e3o da arte\" \/>\n<meta property=\"og:url\" content=\"https:\/\/www.dmastro.com.br\/dmastroblog\/produto\/agenda-dos-signos-2019-aries\/\" \/>\n<meta property=\"og:site_name\" content=\"Escola de Astrologia DMAstro\" \/>\n<meta property=\"article:publisher\" content=\"https:\/\/www.facebook.com\/dmastrobr\" \/>\n<meta property=\"article:modified_time\" content=\"2018-12-15T05:20:08+00:00\" \/>\n<meta property=\"og:image\" content=\"https:\/\/www.dmastro.com.br\/dmastroblog\/wp-content\/uploads\/2018\/12\/aries-agenda-2019-astrologica-signos-dmastro-brasil-produtos-holisticos.png\" \/>\n\t<meta property=\"og:image:width\" content=\"1000\" \/>\n\t<meta property=\"og:image:height\" content=\"1000\" \/>\n\t<meta property=\"og:image:type\" content=\"image\/png\" \/>\n<meta name=\"twitter:card\" content=\"summary_large_image\" \/>\n<meta name=\"twitter:site\" content=\"@dmastrobrasil\" \/>\n<meta name=\"twitter:label1\" content=\"Pre\u00e7o\" \/>\n\t<meta name=\"twitter:data1\" content=\"&#082;&#036;65,00\" \/>\n\t<meta name=\"twitter:label2\" content=\"Disponibilidade\" \/>\n\t<meta name=\"twitter:data2\" content=\"Em Estoque\" \/>\n<script type=\"application\/ld+json\" class=\"yoast-schema-graph\">{\"@context\":\"https:\\\/\\\/schema.org\",\"@graph\":[{\"@type\":\"WebPage\",\"@id\":\"https:\\\/\\\/www.dmastro.com.br\\\/dmastroblog\\\/produto\\\/agenda-dos-signos-2019-aries\\\/\",\"url\":\"https:\\\/\\\/www.dmastro.com.br\\\/dmastroblog\\\/produto\\\/agenda-dos-signos-2019-aries\\\/\",\"name\":\"Agenda dos Signos 2019 - \u00c1ries - Escola de Astrologia DMAstro\",\"isPartOf\":{\"@id\":\"https:\\\/\\\/www.dmastro.com.br\\\/dmastroblog\\\/#website\"},\"primaryImageOfPage\":{\"@id\":\"https:\\\/\\\/www.dmastro.com.br\\\/dmastroblog\\\/produto\\\/agenda-dos-signos-2019-aries\\\/#primaryimage\"},\"image\":{\"@id\":\"https:\\\/\\\/www.dmastro.com.br\\\/dmastroblog\\\/produto\\\/agenda-dos-signos-2019-aries\\\/#primaryimage\"},\"thumbnailUrl\":\"https:\\\/\\\/i0.wp.com\\\/www.dmastro.com.br\\\/dmastroblog\\\/wp-content\\\/uploads\\\/2018\\\/12\\\/aries-agenda-2019-astrologica-signos-dmastro-brasil-produtos-holisticos.png?fit=1000%2C1000&ssl=1\",\"datePublished\":\"2018-12-08T05:50:03+00:00\",\"dateModified\":\"2018-12-15T05:20:08+00:00\",\"breadcrumb\":{\"@id\":\"https:\\\/\\\/www.dmastro.com.br\\\/dmastroblog\\\/produto\\\/agenda-dos-signos-2019-aries\\\/#breadcrumb\"},\"inLanguage\":\"pt-BR\",\"potentialAction\":[{\"@type\":\"ReadAction\",\"target\":[\"https:\\\/\\\/www.dmastro.com.br\\\/dmastroblog\\\/produto\\\/agenda-dos-signos-2019-aries\\\/\"]}]},{\"@type\":\"ImageObject\",\"inLanguage\":\"pt-BR\",\"@id\":\"https:\\\/\\\/www.dmastro.com.br\\\/dmastroblog\\\/produto\\\/agenda-dos-signos-2019-aries\\\/#primaryimage\",\"url\":\"https:\\\/\\\/i0.wp.com\\\/www.dmastro.com.br\\\/dmastroblog\\\/wp-content\\\/uploads\\\/2018\\\/12\\\/aries-agenda-2019-astrologica-signos-dmastro-brasil-produtos-holisticos.png?fit=1000%2C1000&ssl=1\",\"contentUrl\":\"https:\\\/\\\/i0.wp.com\\\/www.dmastro.com.br\\\/dmastroblog\\\/wp-content\\\/uploads\\\/2018\\\/12\\\/aries-agenda-2019-astrologica-signos-dmastro-brasil-produtos-holisticos.png?fit=1000%2C1000&ssl=1\",\"width\":1000,\"height\":1000},{\"@type\":\"BreadcrumbList\",\"@id\":\"https:\\\/\\\/www.dmastro.com.br\\\/dmastroblog\\\/produto\\\/agenda-dos-signos-2019-aries\\\/#breadcrumb\",\"itemListElement\":[{\"@type\":\"ListItem\",\"position\":1,\"name\":\"In\u00edcio\",\"item\":\"https:\\\/\\\/www.dmastro.com.br\\\/dmastroblog\\\/\"},{\"@type\":\"ListItem\",\"position\":2,\"name\":\"Loja\",\"item\":\"https:\\\/\\\/www.dmastro.com.br\\\/dmastroblog\\\/loja\\\/\"},{\"@type\":\"ListItem\",\"position\":3,\"name\":\"Agenda dos Signos 2019 &#8211; \u00c1ries\"}]},{\"@type\":\"WebSite\",\"@id\":\"https:\\\/\\\/www.dmastro.com.br\\\/dmastroblog\\\/#website\",\"url\":\"https:\\\/\\\/www.dmastro.com.br\\\/dmastroblog\\\/\",\"name\":\"DMAstro Brasil\",\"description\":\"Curso Completo de Forma\u00e7\u00e3o\",\"publisher\":{\"@id\":\"https:\\\/\\\/www.dmastro.com.br\\\/dmastroblog\\\/#organization\"},\"potentialAction\":[{\"@type\":\"SearchAction\",\"target\":{\"@type\":\"EntryPoint\",\"urlTemplate\":\"https:\\\/\\\/www.dmastro.com.br\\\/dmastroblog\\\/?s={search_term_string}\"},\"query-input\":{\"@type\":\"PropertyValueSpecification\",\"valueRequired\":true,\"valueName\":\"search_term_string\"}}],\"inLanguage\":\"pt-BR\"},{\"@type\":\"Organization\",\"@id\":\"https:\\\/\\\/www.dmastro.com.br\\\/dmastroblog\\\/#organization\",\"name\":\"DMAstro Brasil\",\"url\":\"https:\\\/\\\/www.dmastro.com.br\\\/dmastroblog\\\/\",\"logo\":{\"@type\":\"ImageObject\",\"inLanguage\":\"pt-BR\",\"@id\":\"https:\\\/\\\/www.dmastro.com.br\\\/dmastroblog\\\/#\\\/schema\\\/logo\\\/image\\\/\",\"url\":\"https:\\\/\\\/www.dmastro.com.br\\\/dmastroblog\\\/wp-content\\\/uploads\\\/2018\\\/12\\\/logotipo-dmastro-brasil.png\",\"contentUrl\":\"https:\\\/\\\/www.dmastro.com.br\\\/dmastroblog\\\/wp-content\\\/uploads\\\/2018\\\/12\\\/logotipo-dmastro-brasil.png\",\"width\":180,\"height\":180,\"caption\":\"DMAstro Brasil\"},\"image\":{\"@id\":\"https:\\\/\\\/www.dmastro.com.br\\\/dmastroblog\\\/#\\\/schema\\\/logo\\\/image\\\/\"},\"sameAs\":[\"https:\\\/\\\/www.facebook.com\\\/dmastrobr\",\"https:\\\/\\\/x.com\\\/dmastrobrasil\",\"https:\\\/\\\/www.instagram.com\\\/dmastrobrasil\\\/\"]}]}<\/script>\n<meta property=\"product:price:amount\" content=\"65.00\" \/>\n<meta property=\"product:price:currency\" content=\"BRL\" \/>\n<meta property=\"og:availability\" content=\"instock\" \/>\n<meta property=\"product:availability\" content=\"instock\" \/>\n<meta property=\"product:condition\" content=\"new\" \/>\n<!-- \/ Yoast SEO Premium plugin. -->","yoast_head_json":{"title":"Agenda dos Signos 2019 - \u00c1ries - Escola de Astrologia DMAstro","robots":{"index":"index","follow":"follow","max-snippet":"max-snippet:-1","max-image-preview":"max-image-preview:large","max-video-preview":"max-video-preview:-1"},"canonical":"https:\/\/www.dmastro.com.br\/dmastroblog\/produto\/agenda-dos-signos-2019-aries\/","og_locale":"pt_BR","og_type":"article","og_title":"Agenda dos Signos 2019 - \u00c1ries","og_description":"Agenda dos Signos, com interpreta\u00e7\u00e3o de Sol, Lua e Ascendente na folha de rosto!  \u2022 Agenda Di\u00e1ria; \u2022 Capa Dura com Lamina\u00e7\u00e3o Losca; \u2022 Encaderna\u00e7\u00e3o Wire-o Branco \u2022 Folha de rosto personalizada com interpreta\u00e7\u00e3o de Sol, Lua e Ascendente \u2022 Arte a escolha do cliente, pode ser foto ou desenho \u2022 167 p\u00e1ginas, sendo 10 de calend\u00e1rio, \u00edndice telef\u00f4nico e anota\u00e7\u00f5es \u2022 Acabamento Profissional \u2022 Prazo para produ\u00e7\u00e3o 10 dias ap\u00f3s a aprova\u00e7\u00e3o da arte","og_url":"https:\/\/www.dmastro.com.br\/dmastroblog\/produto\/agenda-dos-signos-2019-aries\/","og_site_name":"Escola de Astrologia DMAstro","article_publisher":"https:\/\/www.facebook.com\/dmastrobr","article_modified_time":"2018-12-15T05:20:08+00:00","og_image":[{"width":1000,"height":1000,"url":"https:\/\/www.dmastro.com.br\/dmastroblog\/wp-content\/uploads\/2018\/12\/aries-agenda-2019-astrologica-signos-dmastro-brasil-produtos-holisticos.png","type":"image\/png"}],"twitter_card":"summary_large_image","twitter_site":"@dmastrobrasil","twitter_misc":{"Pre\u00e7o":"&#82;&#36;65,00","Disponibilidade":"Em Estoque"},"schema":{"@context":"https:\/\/schema.org","@graph":[{"@type":"WebPage","@id":"https:\/\/www.dmastro.com.br\/dmastroblog\/produto\/agenda-dos-signos-2019-aries\/","url":"https:\/\/www.dmastro.com.br\/dmastroblog\/produto\/agenda-dos-signos-2019-aries\/","name":"Agenda dos Signos 2019 - \u00c1ries - Escola de Astrologia DMAstro","isPartOf":{"@id":"https:\/\/www.dmastro.com.br\/dmastroblog\/#website"},"primaryImageOfPage":{"@id":"https:\/\/www.dmastro.com.br\/dmastroblog\/produto\/agenda-dos-signos-2019-aries\/#primaryimage"},"image":{"@id":"https:\/\/www.dmastro.com.br\/dmastroblog\/produto\/agenda-dos-signos-2019-aries\/#primaryimage"},"thumbnailUrl":"https:\/\/i0.wp.com\/www.dmastro.com.br\/dmastroblog\/wp-content\/uploads\/2018\/12\/aries-agenda-2019-astrologica-signos-dmastro-brasil-produtos-holisticos.png?fit=1000%2C1000&ssl=1","datePublished":"2018-12-08T05:50:03+00:00","dateModified":"2018-12-15T05:20:08+00:00","breadcrumb":{"@id":"https:\/\/www.dmastro.com.br\/dmastroblog\/produto\/agenda-dos-signos-2019-aries\/#breadcrumb"},"inLanguage":"pt-BR","potentialAction":[{"@type":"ReadAction","target":["https:\/\/www.dmastro.com.br\/dmastroblog\/produto\/agenda-dos-signos-2019-aries\/"]}]},{"@type":"ImageObject","inLanguage":"pt-BR","@id":"https:\/\/www.dmastro.com.br\/dmastroblog\/produto\/agenda-dos-signos-2019-aries\/#primaryimage","url":"https:\/\/i0.wp.com\/www.dmastro.com.br\/dmastroblog\/wp-content\/uploads\/2018\/12\/aries-agenda-2019-astrologica-signos-dmastro-brasil-produtos-holisticos.png?fit=1000%2C1000&ssl=1","contentUrl":"https:\/\/i0.wp.com\/www.dmastro.com.br\/dmastroblog\/wp-content\/uploads\/2018\/12\/aries-agenda-2019-astrologica-signos-dmastro-brasil-produtos-holisticos.png?fit=1000%2C1000&ssl=1","width":1000,"height":1000},{"@type":"BreadcrumbList","@id":"https:\/\/www.dmastro.com.br\/dmastroblog\/produto\/agenda-dos-signos-2019-aries\/#breadcrumb","itemListElement":[{"@type":"ListItem","position":1,"name":"In\u00edcio","item":"https:\/\/www.dmastro.com.br\/dmastroblog\/"},{"@type":"ListItem","position":2,"name":"Loja","item":"https:\/\/www.dmastro.com.br\/dmastroblog\/loja\/"},{"@type":"ListItem","position":3,"name":"Agenda dos Signos 2019 &#8211; \u00c1ries"}]},{"@type":"WebSite","@id":"https:\/\/www.dmastro.com.br\/dmastroblog\/#website","url":"https:\/\/www.dmastro.com.br\/dmastroblog\/","name":"DMAstro Brasil","description":"Curso Completo de Forma\u00e7\u00e3o","publisher":{"@id":"https:\/\/www.dmastro.com.br\/dmastroblog\/#organization"},"potentialAction":[{"@type":"SearchAction","target":{"@type":"EntryPoint","urlTemplate":"https:\/\/www.dmastro.com.br\/dmastroblog\/?s={search_term_string}"},"query-input":{"@type":"PropertyValueSpecification","valueRequired":true,"valueName":"search_term_string"}}],"inLanguage":"pt-BR"},{"@type":"Organization","@id":"https:\/\/www.dmastro.com.br\/dmastroblog\/#organization","name":"DMAstro Brasil","url":"https:\/\/www.dmastro.com.br\/dmastroblog\/","logo":{"@type":"ImageObject","inLanguage":"pt-BR","@id":"https:\/\/www.dmastro.com.br\/dmastroblog\/#\/schema\/logo\/image\/","url":"https:\/\/www.dmastro.com.br\/dmastroblog\/wp-content\/uploads\/2018\/12\/logotipo-dmastro-brasil.png","contentUrl":"https:\/\/www.dmastro.com.br\/dmastroblog\/wp-content\/uploads\/2018\/12\/logotipo-dmastro-brasil.png","width":180,"height":180,"caption":"DMAstro Brasil"},"image":{"@id":"https:\/\/www.dmastro.com.br\/dmastroblog\/#\/schema\/logo\/image\/"},"sameAs":["https:\/\/www.facebook.com\/dmastrobr","https:\/\/x.com\/dmastrobrasil","https:\/\/www.instagram.com\/dmastrobrasil\/"]}]},"product_price_amount":"65.00","product_price_currency":"BRL","og_availability":"instock","product_availability":"instock","product_condition":"new"},"jetpack_publicize_connections":[],"jetpack_sharing_enabled":true,"jetpack_likes_enabled":true,"publishpress_future_workflow_manual_trigger":{"enabledWorkflows":[]},"_links":{"self":[{"href":"https:\/\/www.dmastro.com.br\/dmastroblog\/wp-json\/wp\/v2\/product\/1090","targetHints":{"allow":["GET"]}}],"collection":[{"href":"https:\/\/www.dmastro.com.br\/dmastroblog\/wp-json\/wp\/v2\/product"}],"about":[{"href":"https:\/\/www.dmastro.com.br\/dmastroblog\/wp-json\/wp\/v2\/types\/product"}],"replies":[{"embeddable":true,"href":"https:\/\/www.dmastro.com.br\/dmastroblog\/wp-json\/wp\/v2\/comments?post=1090"}],"wp:featuredmedia":[{"embeddable":true,"href":"https:\/\/www.dmastro.com.br\/dmastroblog\/wp-json\/wp\/v2\/media\/1092"}],"wp:attachment":[{"href":"https:\/\/www.dmastro.com.br\/dmastroblog\/wp-json\/wp\/v2\/media?parent=1090"}],"wp:term":[{"taxonomy":"product_brand","embeddable":true,"href":"https:\/\/www.dmastro.com.br\/dmastroblog\/wp-json\/wp\/v2\/product_brand?post=1090"},{"taxonomy":"product_cat","embeddable":true,"href":"https:\/\/www.dmastro.com.br\/dmastroblog\/wp-json\/wp\/v2\/product_cat?post=1090"},{"taxonomy":"product_tag","embeddable":true,"href":"https:\/\/www.dmastro.com.br\/dmastroblog\/wp-json\/wp\/v2\/product_tag?post=1090"}],"curies":[{"name":"wp","href":"https:\/\/api.w.org\/{rel}","templated":true}]}}