{"id":10858,"date":"2023-07-22T18:30:17","date_gmt":"2023-07-22T21:30:17","guid":{"rendered":"https:\/\/www.dmastro.com.br\/dmastroblog\/?post_type=product&#038;p=10858"},"modified":"2024-12-31T00:06:25","modified_gmt":"2024-12-31T03:06:25","slug":"curso-de-previsoes-astrologicas-com-graziella-marraccini","status":"publish","type":"product","link":"https:\/\/www.dmastro.com.br\/dmastroblog\/produto\/curso-de-previsoes-astrologicas-com-graziella-marraccini\/","title":{"rendered":"Curso de Previs\u00f5es Astrol\u00f3gicas com Graziella Marraccini"},"content":{"rendered":"<p><span style=\"color: #ff6600;\"><em><span style=\"font-size: 18pt;\"><span style=\"color: #ff6600; font-size: 18pt;\"><b>A Nova Turma do Curso de Previs\u00f5es Astrol\u00f3gicas com Graziella Marraccini<\/b><\/span><\/span><\/em><\/span><\/p>\n<p><span style=\"color: #ff0000; font-size: 18pt;\"><em><strong>Estudando os C\u00e9us !<\/strong><\/em><\/span><\/p>\n<p>Previs\u00f5es astrol\u00f3gicas referem-se \u00e0 pr\u00e1tica de fazer previs\u00f5es sobre eventos futuros ou caracter\u00edsticas pessoais com base na interpreta\u00e7\u00e3o dos padr\u00f5es celestiais e dos corpos celestes, como planetas e estrelas. A astrologia \u00e9 uma antiga disciplina que estuda as posi\u00e7\u00f5es dos planetas e outros elementos celestes em rela\u00e7\u00e3o ao momento do nascimento de uma pessoa (astrologia natal) ou ao movimento cont\u00ednuo dos astros (astrologia mundana).<\/p>\n<p>Para fazer previs\u00f5es astrol\u00f3gicas, os astr\u00f3logos analisam a posi\u00e7\u00e3o dos planetas nos signos zodiacais, os aspectos astrol\u00f3gicos entre os planetas, os tr\u00e2nsitos planet\u00e1rios (movimento dos planetas ao longo do tempo) e outras combina\u00e7\u00f5es astrol\u00f3gicas relevantes. Com base nessa an\u00e1lise, eles tentam interpretar como essas configura\u00e7\u00f5es celestiais podem influenciar a vida das pessoas ou eventos no mundo.<\/p>\n<p>As previs\u00f5es astrol\u00f3gicas podem abordar v\u00e1rias \u00e1reas da vida, como amor, relacionamentos, carreira, sa\u00fade, finan\u00e7as e eventos globais.<\/p>\n<p>Como fazer Previs\u00f5es Astrol\u00f3gicas confi\u00e1veis? \u2013 1 aula<br \/>\nOs procedimentos:<br \/>\na) Progress\u00f5es Prim\u00e1rias \u2013 2 aulas<br \/>\nb) Progress\u00f5es Secund\u00e1rias: Lunares progredidas \u2013 Lunares Conversas \u2013 SOL \u2013 MC \u2013 ASC \u2013 6 aulas<br \/>\nc) Tr\u00e2nsitos Planet\u00e1rios: Planetas Lentos (anuais) \u2013 6 aulas<br \/>\nd) Tr\u00e2nsitos Planet\u00e1rios: Planetas R\u00e1pidos (trimestrais) \u2013 4 aulas<br \/>\ne) Luna\u00e7\u00f5es e Eclipses: 3 aulas<br \/>\nf) Previs\u00f5es di\u00e1rias, d\u00favidas, avalia\u00e7\u00f5es &#8211; 2 aulas.<\/p>\n<p>\u00c9 recomend\u00e1vel um curso Intermedi\u00e1rio de Astrologia e ter conhecimento de algum software de Astrologia (Pegasus, Vega Plus, Solar Fire).<\/p>\n<p>Conhe\u00e7a sua professora:<\/p>\n<p>Graziella Somaschini Marraccini dirige a Sirius Astrology &#8211; empresa de servi\u00e7os que fornece consultoria astrol\u00f3gica. Graziella iniciou seus estudos b\u00e1sicos de astrologia no Instituto Paulista de Astrologia, e aperfei\u00e7oou-se no Centro de Pesquisas Astrol\u00f3gicas Hermes, ambos em S\u00e3o Paulo. Em seu caminho de conhecimento astrol\u00f3gico participou de Congressos e simp\u00f3sios onde ministrou palestras sobre v\u00e1rios assuntos.<\/p>\n<p>Foi Coordenadora da Regional de S\u00e3o Paulo da CNA &#8211; Central Nacional de Astrologia durante 12 anos e \u00e9 atualmente Vice-Presidente da CNA na gest\u00e3o 2021\/24. \u00c9 colunista do portal de autoconhecimento SomosTodosUm, onde, \u00e9 respons\u00e1vel pelo Hor\u00f3scopo semanal publicado desde o ano 2000 nesse portal e publicado tamb\u00e9m o seu pr\u00f3prio site, www.astrosirius.com.br. Ministra cursos, palestras, e workshops. Atende em seu consult\u00f3rio e presencialmente ou pela internet. Al\u00e9m de astr\u00f3loga, \u00e9 tar\u00f3loga, cabalista, EFT* Pratictioner e radiestesista. \u00c9 autora do livro: Os Signos na Cozinha.<\/p>\n<p><strong>Aulas semanais de 60 minutos, curso com dura\u00e7\u00e3o de 6 meses.\u00a0 Seis mensalidades de R$ 250<\/strong><\/p>\n<p>Para mais informa\u00e7\u00f5es e inscri\u00e7\u00f5es, ligue para: (11) 96624-8446 ou envie mensagem no WhatsApp<\/p>\n<p>Os pagamentos podem ser feitos via transfer\u00eancia banc\u00e1ria ou pix mensalmente.<\/p>\n<p>O aluno pode optar pelo pagamento do curso completo antecipado com desconto de 5%.<\/p>\n","protected":false},"excerpt":{"rendered":"<p><span style=\"color: #ff6600;\"><em><span style=\"font-size: 18pt;\"><span style=\"color: #ff6600; font-size: 18pt;\"><b>A Nova Turma do Curso de Previs\u00f5es Astrol\u00f3gicas com Graziella Marraccini<\/b><\/span><\/span><\/em><\/span><\/p>\n<p><span style=\"color: #ff0000; font-size: 18pt;\"><em><strong>Estudando os C\u00e9us !<\/strong><\/em><\/span><\/p>\n<p>Previs\u00f5es astrol\u00f3gicas referem-se \u00e0 pr\u00e1tica de fazer previs\u00f5es sobre eventos futuros ou caracter\u00edsticas pessoais com base na interpreta\u00e7\u00e3o dos padr\u00f5es celestiais e dos corpos celestes, como planetas e estrelas. A astrologia \u00e9 uma antiga disciplina que estuda as posi\u00e7\u00f5es dos planetas e outros elementos celestes em rela\u00e7\u00e3o ao momento do nascimento de uma pessoa (astrologia natal) ou ao movimento cont\u00ednuo dos astros (astrologia mundana).<\/p>\n<p><strong>Aulas semanais de 60 minutos, curso com dura\u00e7\u00e3o de 6 meses.\u00a0 Seis mensalidades de R$ 250<\/strong><\/p>\n","protected":false},"featured_media":11291,"comment_status":"open","ping_status":"closed","template":"","meta":{"_themeisle_gutenberg_block_has_review":false,"jetpack_post_was_ever_published":false,"jetpack_publicize_message":"","jetpack_publicize_feature_enabled":true,"jetpack_social_post_already_shared":true,"jetpack_social_options":{"image_generator_settings":{"template":"highway","default_image_id":0,"font":"","enabled":false},"version":2}},"product_brand":[],"product_cat":[71,364,66],"product_tag":[1589,1588,462,1586,75,1587,1584,1520,1585],"class_list":{"0":"post-10858","1":"product","2":"type-product","3":"status-publish","4":"has-post-thumbnail","6":"product_cat-cursos-em-video-de-astrologia","7":"product_cat-curso-online","8":"product_cat-cursos-em-video","9":"product_tag-avaliacoes","10":"product_tag-duvidas","11":"product_tag-graziella-marraccini","12":"product_tag-lunacoes-e-eclipses","13":"product_tag-previsoes-astrologicas","14":"product_tag-previsoes-diarias","15":"product_tag-progressoes-primarias","16":"product_tag-progressoes-secundarias","17":"product_tag-transitos-planetarios","18":"post","20":"first","21":"instock","22":"virtual","23":"taxable","24":"purchasable","25":"product-type-simple"},"composite_virtual":false,"composite_layout":"","composite_add_to_cart_form_location":"","composite_editable_in_cart":false,"composite_sold_individually_context":"","composite_shop_price_calc":"","composite_components":[],"composite_scenarios":[],"yoast_head":"<!-- This site is optimized with the Yoast SEO Premium plugin v22.9 (Yoast SEO v27.3) - https:\/\/yoast.com\/product\/yoast-seo-premium-wordpress\/ -->\n<title>Curso de Previs\u00f5es Astrol\u00f3gicas com Graziella Marraccini<\/title>\n<meta name=\"description\" content=\"A Nova Turma do Curso de Previs\u00f5es Astrol\u00f3gicas com Graziella Marraccini\" \/>\n<meta name=\"robots\" content=\"index, follow, max-snippet:-1, max-image-preview:large, max-video-preview:-1\" \/>\n<link rel=\"canonical\" href=\"https:\/\/www.dmastro.com.br\/dmastroblog\/produto\/curso-de-previsoes-astrologicas-com-graziella-marraccini\/\" \/>\n<meta property=\"og:locale\" content=\"pt_BR\" \/>\n<meta property=\"og:type\" content=\"article\" \/>\n<meta property=\"og:title\" content=\"Curso de Previs\u00f5es Astrol\u00f3gicas com Graziella Marraccini\" \/>\n<meta property=\"og:description\" content=\"A Nova Turma do Curso de Previs\u00f5es Astrol\u00f3gicas com Graziella Marraccini\" \/>\n<meta property=\"og:url\" content=\"https:\/\/www.dmastro.com.br\/dmastroblog\/produto\/curso-de-previsoes-astrologicas-com-graziella-marraccini\/\" \/>\n<meta property=\"og:site_name\" content=\"Escola de Astrologia DMAstro\" \/>\n<meta property=\"article:publisher\" content=\"https:\/\/www.facebook.com\/dmastrobr\" \/>\n<meta property=\"article:modified_time\" content=\"2024-12-31T03:06:25+00:00\" \/>\n<meta property=\"og:image\" content=\"https:\/\/www.dmastro.com.br\/dmastroblog\/wp-content\/uploads\/2023\/07\/Previsoes.jpg\" \/>\n\t<meta property=\"og:image:width\" content=\"491\" \/>\n\t<meta property=\"og:image:height\" content=\"700\" \/>\n\t<meta property=\"og:image:type\" content=\"image\/jpeg\" \/>\n<meta name=\"twitter:card\" content=\"summary_large_image\" \/>\n<meta name=\"twitter:site\" content=\"@dmastrobrasil\" \/>\n<meta name=\"twitter:label1\" content=\"Pre\u00e7o\" \/>\n\t<meta name=\"twitter:data1\" content=\"&#082;&#036;250,00\" \/>\n\t<meta name=\"twitter:label2\" content=\"Disponibilidade\" \/>\n\t<meta name=\"twitter:data2\" content=\"Em Estoque\" \/>\n<script type=\"application\/ld+json\" class=\"yoast-schema-graph\">{\"@context\":\"https:\\\/\\\/schema.org\",\"@graph\":[{\"@type\":\"WebPage\",\"@id\":\"https:\\\/\\\/www.dmastro.com.br\\\/dmastroblog\\\/produto\\\/curso-de-previsoes-astrologicas-com-graziella-marraccini\\\/\",\"url\":\"https:\\\/\\\/www.dmastro.com.br\\\/dmastroblog\\\/produto\\\/curso-de-previsoes-astrologicas-com-graziella-marraccini\\\/\",\"name\":\"Curso de Previs\u00f5es Astrol\u00f3gicas com Graziella Marraccini\",\"isPartOf\":{\"@id\":\"https:\\\/\\\/www.dmastro.com.br\\\/dmastroblog\\\/#website\"},\"primaryImageOfPage\":{\"@id\":\"https:\\\/\\\/www.dmastro.com.br\\\/dmastroblog\\\/produto\\\/curso-de-previsoes-astrologicas-com-graziella-marraccini\\\/#primaryimage\"},\"image\":{\"@id\":\"https:\\\/\\\/www.dmastro.com.br\\\/dmastroblog\\\/produto\\\/curso-de-previsoes-astrologicas-com-graziella-marraccini\\\/#primaryimage\"},\"thumbnailUrl\":\"https:\\\/\\\/i0.wp.com\\\/www.dmastro.com.br\\\/dmastroblog\\\/wp-content\\\/uploads\\\/2023\\\/07\\\/Previsoes.jpg?fit=491%2C700&ssl=1\",\"datePublished\":\"2023-07-22T21:30:17+00:00\",\"dateModified\":\"2024-12-31T03:06:25+00:00\",\"description\":\"A Nova Turma do Curso de Previs\u00f5es Astrol\u00f3gicas com Graziella Marraccini\",\"breadcrumb\":{\"@id\":\"https:\\\/\\\/www.dmastro.com.br\\\/dmastroblog\\\/produto\\\/curso-de-previsoes-astrologicas-com-graziella-marraccini\\\/#breadcrumb\"},\"inLanguage\":\"pt-BR\",\"potentialAction\":[{\"@type\":\"ReadAction\",\"target\":[\"https:\\\/\\\/www.dmastro.com.br\\\/dmastroblog\\\/produto\\\/curso-de-previsoes-astrologicas-com-graziella-marraccini\\\/\"]}]},{\"@type\":\"ImageObject\",\"inLanguage\":\"pt-BR\",\"@id\":\"https:\\\/\\\/www.dmastro.com.br\\\/dmastroblog\\\/produto\\\/curso-de-previsoes-astrologicas-com-graziella-marraccini\\\/#primaryimage\",\"url\":\"https:\\\/\\\/i0.wp.com\\\/www.dmastro.com.br\\\/dmastroblog\\\/wp-content\\\/uploads\\\/2023\\\/07\\\/Previsoes.jpg?fit=491%2C700&ssl=1\",\"contentUrl\":\"https:\\\/\\\/i0.wp.com\\\/www.dmastro.com.br\\\/dmastroblog\\\/wp-content\\\/uploads\\\/2023\\\/07\\\/Previsoes.jpg?fit=491%2C700&ssl=1\",\"width\":491,\"height\":700},{\"@type\":\"BreadcrumbList\",\"@id\":\"https:\\\/\\\/www.dmastro.com.br\\\/dmastroblog\\\/produto\\\/curso-de-previsoes-astrologicas-com-graziella-marraccini\\\/#breadcrumb\",\"itemListElement\":[{\"@type\":\"ListItem\",\"position\":1,\"name\":\"In\u00edcio\",\"item\":\"https:\\\/\\\/www.dmastro.com.br\\\/dmastroblog\\\/\"},{\"@type\":\"ListItem\",\"position\":2,\"name\":\"Loja\",\"item\":\"https:\\\/\\\/www.dmastro.com.br\\\/dmastroblog\\\/loja\\\/\"},{\"@type\":\"ListItem\",\"position\":3,\"name\":\"Curso de Previs\u00f5es Astrol\u00f3gicas com Graziella Marraccini\"}]},{\"@type\":\"WebSite\",\"@id\":\"https:\\\/\\\/www.dmastro.com.br\\\/dmastroblog\\\/#website\",\"url\":\"https:\\\/\\\/www.dmastro.com.br\\\/dmastroblog\\\/\",\"name\":\"DMAstro Brasil\",\"description\":\"Curso Completo de Forma\u00e7\u00e3o\",\"publisher\":{\"@id\":\"https:\\\/\\\/www.dmastro.com.br\\\/dmastroblog\\\/#organization\"},\"potentialAction\":[{\"@type\":\"SearchAction\",\"target\":{\"@type\":\"EntryPoint\",\"urlTemplate\":\"https:\\\/\\\/www.dmastro.com.br\\\/dmastroblog\\\/?s={search_term_string}\"},\"query-input\":{\"@type\":\"PropertyValueSpecification\",\"valueRequired\":true,\"valueName\":\"search_term_string\"}}],\"inLanguage\":\"pt-BR\"},{\"@type\":\"Organization\",\"@id\":\"https:\\\/\\\/www.dmastro.com.br\\\/dmastroblog\\\/#organization\",\"name\":\"DMAstro Brasil\",\"url\":\"https:\\\/\\\/www.dmastro.com.br\\\/dmastroblog\\\/\",\"logo\":{\"@type\":\"ImageObject\",\"inLanguage\":\"pt-BR\",\"@id\":\"https:\\\/\\\/www.dmastro.com.br\\\/dmastroblog\\\/#\\\/schema\\\/logo\\\/image\\\/\",\"url\":\"https:\\\/\\\/www.dmastro.com.br\\\/dmastroblog\\\/wp-content\\\/uploads\\\/2018\\\/12\\\/logotipo-dmastro-brasil.png\",\"contentUrl\":\"https:\\\/\\\/www.dmastro.com.br\\\/dmastroblog\\\/wp-content\\\/uploads\\\/2018\\\/12\\\/logotipo-dmastro-brasil.png\",\"width\":180,\"height\":180,\"caption\":\"DMAstro Brasil\"},\"image\":{\"@id\":\"https:\\\/\\\/www.dmastro.com.br\\\/dmastroblog\\\/#\\\/schema\\\/logo\\\/image\\\/\"},\"sameAs\":[\"https:\\\/\\\/www.facebook.com\\\/dmastrobr\",\"https:\\\/\\\/x.com\\\/dmastrobrasil\",\"https:\\\/\\\/www.instagram.com\\\/dmastrobrasil\\\/\"]}]}<\/script>\n<meta property=\"product:price:amount\" content=\"250.00\" \/>\n<meta property=\"product:price:currency\" content=\"BRL\" \/>\n<meta property=\"og:availability\" content=\"instock\" \/>\n<meta property=\"product:availability\" content=\"instock\" \/>\n<meta property=\"product:condition\" content=\"new\" \/>\n<!-- \/ Yoast SEO Premium plugin. -->","yoast_head_json":{"title":"Curso de Previs\u00f5es Astrol\u00f3gicas com Graziella Marraccini","description":"A Nova Turma do Curso de Previs\u00f5es Astrol\u00f3gicas com Graziella Marraccini","robots":{"index":"index","follow":"follow","max-snippet":"max-snippet:-1","max-image-preview":"max-image-preview:large","max-video-preview":"max-video-preview:-1"},"canonical":"https:\/\/www.dmastro.com.br\/dmastroblog\/produto\/curso-de-previsoes-astrologicas-com-graziella-marraccini\/","og_locale":"pt_BR","og_type":"article","og_title":"Curso de Previs\u00f5es Astrol\u00f3gicas com Graziella Marraccini","og_description":"A Nova Turma do Curso de Previs\u00f5es Astrol\u00f3gicas com Graziella Marraccini","og_url":"https:\/\/www.dmastro.com.br\/dmastroblog\/produto\/curso-de-previsoes-astrologicas-com-graziella-marraccini\/","og_site_name":"Escola de Astrologia DMAstro","article_publisher":"https:\/\/www.facebook.com\/dmastrobr","article_modified_time":"2024-12-31T03:06:25+00:00","og_image":[{"width":491,"height":700,"url":"https:\/\/www.dmastro.com.br\/dmastroblog\/wp-content\/uploads\/2023\/07\/Previsoes.jpg","type":"image\/jpeg"}],"twitter_card":"summary_large_image","twitter_site":"@dmastrobrasil","twitter_misc":{"Pre\u00e7o":"&#82;&#36;250,00","Disponibilidade":"Em Estoque"},"schema":{"@context":"https:\/\/schema.org","@graph":[{"@type":"WebPage","@id":"https:\/\/www.dmastro.com.br\/dmastroblog\/produto\/curso-de-previsoes-astrologicas-com-graziella-marraccini\/","url":"https:\/\/www.dmastro.com.br\/dmastroblog\/produto\/curso-de-previsoes-astrologicas-com-graziella-marraccini\/","name":"Curso de Previs\u00f5es Astrol\u00f3gicas com Graziella Marraccini","isPartOf":{"@id":"https:\/\/www.dmastro.com.br\/dmastroblog\/#website"},"primaryImageOfPage":{"@id":"https:\/\/www.dmastro.com.br\/dmastroblog\/produto\/curso-de-previsoes-astrologicas-com-graziella-marraccini\/#primaryimage"},"image":{"@id":"https:\/\/www.dmastro.com.br\/dmastroblog\/produto\/curso-de-previsoes-astrologicas-com-graziella-marraccini\/#primaryimage"},"thumbnailUrl":"https:\/\/i0.wp.com\/www.dmastro.com.br\/dmastroblog\/wp-content\/uploads\/2023\/07\/Previsoes.jpg?fit=491%2C700&ssl=1","datePublished":"2023-07-22T21:30:17+00:00","dateModified":"2024-12-31T03:06:25+00:00","description":"A Nova Turma do Curso de Previs\u00f5es Astrol\u00f3gicas com Graziella Marraccini","breadcrumb":{"@id":"https:\/\/www.dmastro.com.br\/dmastroblog\/produto\/curso-de-previsoes-astrologicas-com-graziella-marraccini\/#breadcrumb"},"inLanguage":"pt-BR","potentialAction":[{"@type":"ReadAction","target":["https:\/\/www.dmastro.com.br\/dmastroblog\/produto\/curso-de-previsoes-astrologicas-com-graziella-marraccini\/"]}]},{"@type":"ImageObject","inLanguage":"pt-BR","@id":"https:\/\/www.dmastro.com.br\/dmastroblog\/produto\/curso-de-previsoes-astrologicas-com-graziella-marraccini\/#primaryimage","url":"https:\/\/i0.wp.com\/www.dmastro.com.br\/dmastroblog\/wp-content\/uploads\/2023\/07\/Previsoes.jpg?fit=491%2C700&ssl=1","contentUrl":"https:\/\/i0.wp.com\/www.dmastro.com.br\/dmastroblog\/wp-content\/uploads\/2023\/07\/Previsoes.jpg?fit=491%2C700&ssl=1","width":491,"height":700},{"@type":"BreadcrumbList","@id":"https:\/\/www.dmastro.com.br\/dmastroblog\/produto\/curso-de-previsoes-astrologicas-com-graziella-marraccini\/#breadcrumb","itemListElement":[{"@type":"ListItem","position":1,"name":"In\u00edcio","item":"https:\/\/www.dmastro.com.br\/dmastroblog\/"},{"@type":"ListItem","position":2,"name":"Loja","item":"https:\/\/www.dmastro.com.br\/dmastroblog\/loja\/"},{"@type":"ListItem","position":3,"name":"Curso de Previs\u00f5es Astrol\u00f3gicas com Graziella Marraccini"}]},{"@type":"WebSite","@id":"https:\/\/www.dmastro.com.br\/dmastroblog\/#website","url":"https:\/\/www.dmastro.com.br\/dmastroblog\/","name":"DMAstro Brasil","description":"Curso Completo de Forma\u00e7\u00e3o","publisher":{"@id":"https:\/\/www.dmastro.com.br\/dmastroblog\/#organization"},"potentialAction":[{"@type":"SearchAction","target":{"@type":"EntryPoint","urlTemplate":"https:\/\/www.dmastro.com.br\/dmastroblog\/?s={search_term_string}"},"query-input":{"@type":"PropertyValueSpecification","valueRequired":true,"valueName":"search_term_string"}}],"inLanguage":"pt-BR"},{"@type":"Organization","@id":"https:\/\/www.dmastro.com.br\/dmastroblog\/#organization","name":"DMAstro Brasil","url":"https:\/\/www.dmastro.com.br\/dmastroblog\/","logo":{"@type":"ImageObject","inLanguage":"pt-BR","@id":"https:\/\/www.dmastro.com.br\/dmastroblog\/#\/schema\/logo\/image\/","url":"https:\/\/www.dmastro.com.br\/dmastroblog\/wp-content\/uploads\/2018\/12\/logotipo-dmastro-brasil.png","contentUrl":"https:\/\/www.dmastro.com.br\/dmastroblog\/wp-content\/uploads\/2018\/12\/logotipo-dmastro-brasil.png","width":180,"height":180,"caption":"DMAstro Brasil"},"image":{"@id":"https:\/\/www.dmastro.com.br\/dmastroblog\/#\/schema\/logo\/image\/"},"sameAs":["https:\/\/www.facebook.com\/dmastrobr","https:\/\/x.com\/dmastrobrasil","https:\/\/www.instagram.com\/dmastrobrasil\/"]}]},"product_price_amount":"250.00","product_price_currency":"BRL","og_availability":"instock","product_availability":"instock","product_condition":"new"},"jetpack_publicize_connections":[],"jetpack_sharing_enabled":true,"jetpack_likes_enabled":false,"publishpress_future_workflow_manual_trigger":{"enabledWorkflows":[]},"_links":{"self":[{"href":"https:\/\/www.dmastro.com.br\/dmastroblog\/wp-json\/wp\/v2\/product\/10858","targetHints":{"allow":["GET"]}}],"collection":[{"href":"https:\/\/www.dmastro.com.br\/dmastroblog\/wp-json\/wp\/v2\/product"}],"about":[{"href":"https:\/\/www.dmastro.com.br\/dmastroblog\/wp-json\/wp\/v2\/types\/product"}],"replies":[{"embeddable":true,"href":"https:\/\/www.dmastro.com.br\/dmastroblog\/wp-json\/wp\/v2\/comments?post=10858"}],"wp:featuredmedia":[{"embeddable":true,"href":"https:\/\/www.dmastro.com.br\/dmastroblog\/wp-json\/wp\/v2\/media\/11291"}],"wp:attachment":[{"href":"https:\/\/www.dmastro.com.br\/dmastroblog\/wp-json\/wp\/v2\/media?parent=10858"}],"wp:term":[{"taxonomy":"product_brand","embeddable":true,"href":"https:\/\/www.dmastro.com.br\/dmastroblog\/wp-json\/wp\/v2\/product_brand?post=10858"},{"taxonomy":"product_cat","embeddable":true,"href":"https:\/\/www.dmastro.com.br\/dmastroblog\/wp-json\/wp\/v2\/product_cat?post=10858"},{"taxonomy":"product_tag","embeddable":true,"href":"https:\/\/www.dmastro.com.br\/dmastroblog\/wp-json\/wp\/v2\/product_tag?post=10858"}],"curies":[{"name":"wp","href":"https:\/\/api.w.org\/{rel}","templated":true}]}}