{"id":10383,"date":"2023-04-16T16:20:43","date_gmt":"2023-04-16T19:20:43","guid":{"rendered":"https:\/\/www.dmastro.com.br\/dmastroblog\/?post_type=product&#038;p=10383"},"modified":"2024-09-01T19:40:43","modified_gmt":"2024-09-01T22:40:43","slug":"curso-de-astrologia-horaria-com-henrique-g-wiederspahn","status":"publish","type":"product","link":"https:\/\/www.dmastro.com.br\/dmastroblog\/produto\/curso-de-astrologia-horaria-com-henrique-g-wiederspahn\/","title":{"rendered":"Curso de Astrologia Hor\u00e1ria com Henrique G Wiederspahn"},"content":{"rendered":"<p><span style=\"color: #ff6600;\"><em><span style=\"font-size: 18pt;\"><span style=\"color: #ff6600; font-size: 18pt;\"><b>A Nova Turma do Curso de Astrologia <\/b><\/span><span style=\"color: #ff6600;\"><span style=\"font-size: 24px;\"><b>Hor\u00e1ria<\/b><\/span><\/span><span style=\"color: #ff6600; font-size: 18pt;\"><b> da DMAstro com o professor Henrique G Wiederspahn<\/b><\/span><\/span><\/em><\/span><\/p>\n<p>O Melhor e Mais Completo Curso de Astrologia Hor\u00e1ria do Brasil. Venha fazer parte da Elite do Conhecimento Astrol\u00f3gico no Brasil!<\/p>\n<div class=\"flex-1 overflow-hidden\">\n<div class=\"react-scroll-to-bottom--css-lrfki-79elbk h-full dark:bg-gray-800\">\n<div class=\"react-scroll-to-bottom--css-lrfki-1n7m0yu\">\n<div class=\"flex flex-col items-center text-sm dark:bg-gray-800\">\n<div class=\"group w-full text-gray-800 dark:text-gray-100 border-b border-black\/10 dark:border-gray-900\/50 bg-gray-50 dark:bg-[#444654]\">\n<div class=\"text-base gap-4 md:gap-6 md:max-w-2xl lg:max-w-xl xl:max-w-3xl p-4 md:py-6 flex lg:px-0 m-auto\">\n<div class=\"relative flex w-[calc(100%-50px)] flex-col gap-1 md:gap-3 lg:w-[calc(100%-115px)]\">\n<div class=\"flex flex-grow flex-col gap-3\">\n<div class=\"min-h-[20px] flex flex-col items-start gap-4 whitespace-pre-wrap\">\n<div class=\"markdown prose w-full break-words dark:prose-invert light\">\n<p>A Astrologia Hor\u00e1ria \u00e9 uma t\u00e9cnica astrol\u00f3gica que busca responder perguntas espec\u00edficas e pontuais atrav\u00e9s da interpreta\u00e7\u00e3o do momento em que a pergunta \u00e9 feita. Essa t\u00e9cnica pressup\u00f5e que o momento da pergunta \u00e9 um reflexo do estado atual do cosmos, e que \u00e9 poss\u00edvel interpretar as posi\u00e7\u00f5es dos planetas, signos e casas astrol\u00f3gicas para obter insights sobre a resposta \u00e0 pergunta feita.<\/p>\n<p>Por exemplo, se algu\u00e9m perguntar &#8220;Eu vou conseguir um emprego nos pr\u00f3ximos tr\u00eas meses?&#8221;, um astr\u00f3logo hor\u00e1rio ir\u00e1 construir um mapa astrol\u00f3gico com base no momento exato em que a pergunta foi feita. Ele analisar\u00e1 a posi\u00e7\u00e3o dos planetas naquele momento, bem como a disposi\u00e7\u00e3o das casas astrol\u00f3gicas, para obter insights sobre a possibilidade de a pessoa conseguir um emprego nos pr\u00f3ximos tr\u00eas meses.<\/p>\n<p>A Astrologia Hor\u00e1ria \u00e9 considerada uma t\u00e9cnica bastante precisa e confi\u00e1vel para responder perguntas espec\u00edficas, desde que o astr\u00f3logo tenha experi\u00eancia e conhecimento para interpretar corretamente as posi\u00e7\u00f5es astrol\u00f3gicas.<\/p>\n<\/div>\n<\/div>\n<\/div>\n<\/div>\n<\/div>\n<\/div>\n<\/div>\n<\/div>\n<\/div>\n<\/div>\n<p>Seu professor ser\u00e1 Henrique G Wiederspahn, conhe\u00e7a ele e o lan\u00e7amento do curso vendo esse v\u00eddeo na no canal da escola DMAstro.<\/p>\n<p>Conhe\u00e7a o professor Henrique Wiederspahn por ele mesmo:<\/p>\n<p>FORMA\u00c7\u00c3O INICIAL<br \/>\nGraduou-se como Oficial de N\u00e1utica da Marinha Mercante em 1983, profiss\u00e3o que exerceu por 10 anos. Especializou-se na Linha do Jap\u00e3o e regi\u00e3o da Cor\u00e9ia.<\/p>\n<p>CURSOS DE ASTROLOGIA<br \/>\nFundamentos, Simbologia (1984), Prof. Celso A. Schmidt, Porto Alegre, RS.<br \/>\nInterpreta\u00e7\u00e3o I e II, Previs\u00f5es, (1985), Prof. Celso A. Schmidt, Porto Alegre, RS.<br \/>\nRevolu\u00e7\u00e3o Solar e Lunar (1986), Prof. Luiz Carlos Blois, Joinville, SC.<br \/>\nDire\u00e7\u00f5es Prim\u00e1rias, Secund\u00e1rias, Arco Solar (1986), Prof. Luiz Carlos Blois, Joinville, SC.<br \/>\nAjuste da Hora de Nascimento (1988), Prof. Marco Celada, Genova, ITA.<br \/>\nAjuste da Hora de Nascimento (1990), Prof. Robert Ambelain, Nantes, FRA.<br \/>\nAstrologia Mundana (1993), Prof. Lindberg Pessoa, S\u00e3o Paulo, SP.<br \/>\nAstrologia Mundial (1996), Prof Waldyr B. F\u00fccher, S\u00e3o Paulo, SP.<\/p>\n<p>CURSOS LIVRES<br \/>\nAstrocronologia (1985), Ciclo de Palestras, AMORC-GLP, Curitiba, PR.<br \/>\nHarmonics (1987), Workshop, Hamburg School of Astrology, Hamburgo, GER.<\/p>\n<p>OUTROS CURSOS<br \/>\nReflexoterapia (IIR), Master Reiki, Master Pranic Healing (CKS), Radiestesia.<\/p>\n<p>EXPERI\u00caNCIA PROFISSIONAL<br \/>\nOficial de N\u00e1utica (2ON e 1ON), de 1983 a 1992.<br \/>\nAtendimentos regulares de Astrologia, desde 1986.<br \/>\nAulas regulares de Astrologia, desde 1993.<br \/>\nPalestras e confer\u00eancias de Astrologia, Cabala e Egiptologia, desde 1998.<\/p>\n<p><span style=\"color: #ff0000; font-size: 18pt;\"><em><strong>OBJETIVOS<\/strong><\/em><\/span><\/p>\n<p>Responder quest\u00f5es do dia-a-dia.<br \/>\nRecomenda-se o curso de Introdu\u00e7\u00e3o \u00e0 Astrologia Tradicional.<\/p>\n<p><span style=\"color: #ff0000; font-size: 18pt;\"><em><strong>PROGRAMA<\/strong><\/em><\/span><\/p>\n<p><b>1. Formulando uma quest\u00e3o v\u00e1lida<\/b><br \/>\n1.1. Considera\u00e7\u00f5es \u00e9ticas<br \/>\n1.2. Hora e local da quest\u00e3o<br \/>\n1.3. Validade do mapa<\/p>\n<p><strong>2. Roteiro de interpreta\u00e7\u00e3o<\/strong><\/p>\n<p><strong>3. Julgamento<\/strong><br \/>\n3.1. Indica\u00e7\u00f5es que retardam ou impedem<br \/>\n3.2. Pesando fortunas e infortunas<br \/>\n3.3. Obtendo uma confirma\u00e7\u00e3o<\/p>\n<p><strong>4. Dura\u00e7\u00e3o da resposta<\/strong><\/p>\n<p><strong>5. Quest\u00f5es diversas (pr\u00e1tica)<\/strong><\/p>\n<p>O curso \u00e9 ao vivo via zoom, grupo de whatsapp de suporte para d\u00favidas e certificado de conclus\u00e3o da DMAstro<\/p>\n<p><span style=\"font-size: 14pt; color: #ff0000;\"><em><strong>Aulas semanais de 70 minutos, curso com dura\u00e7\u00e3o de 2 meses.\u00a0 Duas mensalidades de R$ 270 &#8211; Total do curso R$ 540<\/strong><\/em><\/span><\/p>\n<p>Para mais informa\u00e7\u00f5es e inscri\u00e7\u00f5es, ligue para: (11) 96624-8446 ou envie mensagem no Whatsapp<\/p>\n<p>Os pagamentos podem ser feitos via transfer\u00eancia banc\u00e1ria ou pix mensalmente.<\/p>\n<p>O aluno pode optar pelo pagamento do curso completo antecipado com desconto de 5%.<\/p>\n<p style=\"text-align: center;\">\n","protected":false},"excerpt":{"rendered":"<p><span style=\"color: #ff6600;\"><em><span style=\"font-size: 18pt;\"><span style=\"color: #ff6600; font-size: 18pt;\"><b>A Nova Turma do Curso de Astrologia <\/b><\/span><span style=\"font-size: 24px;\"><b>Hor\u00e1ria<\/b><\/span><span style=\"color: #ff6600; font-size: 18pt;\"><b> da DMAstro com o professor Henrique G Wiederspahn<\/b><\/span><\/span><\/em><\/span><\/p>\n<p>O Melhor e Mais Completo Curso de Astrologia Hor\u00e1ria do Brasil. Venha fazer parte da Elite do Conhecimento Astrol\u00f3gico no Brasil!<\/p>\n<div class=\"flex-1 overflow-hidden\">\n<div class=\"react-scroll-to-bottom--css-lrfki-79elbk h-full dark:bg-gray-800\">\n<div class=\"react-scroll-to-bottom--css-lrfki-1n7m0yu\">\n<div class=\"flex flex-col items-center text-sm dark:bg-gray-800\">\n<div class=\"group w-full text-gray-800 dark:text-gray-100 border-b border-black\/10 dark:border-gray-900\/50 bg-gray-50 dark:bg-[#444654]\">\n<div class=\"text-base gap-4 md:gap-6 md:max-w-2xl lg:max-w-xl xl:max-w-3xl p-4 md:py-6 flex lg:px-0 m-auto\">\n<div class=\"relative flex w-[calc(100%-50px)] flex-col gap-1 md:gap-3 lg:w-[calc(100%-115px)]\">\n<div class=\"flex flex-grow flex-col gap-3\">\n<div class=\"min-h-[20px] flex flex-col items-start gap-4 whitespace-pre-wrap\">\n<div class=\"markdown prose w-full break-words dark:prose-invert light\">\n<p>A Astrologia Hor\u00e1ria \u00e9 uma t\u00e9cnica astrol\u00f3gica que busca responder perguntas espec\u00edficas e pontuais atrav\u00e9s da interpreta\u00e7\u00e3o do momento em que a pergunta \u00e9 feita. Essa t\u00e9cnica pressup\u00f5e que o momento da pergunta \u00e9 um reflexo do estado atual do cosmos, e que \u00e9 poss\u00edvel interpretar as posi\u00e7\u00f5es dos planetas, signos e casas astrol\u00f3gicas para obter insights sobre a resposta \u00e0 pergunta feita.<\/p>\n<\/div>\n<\/div>\n<\/div>\n<\/div>\n<\/div>\n<\/div>\n<\/div>\n<\/div>\n<\/div>\n<\/div>\n","protected":false},"featured_media":10412,"comment_status":"open","ping_status":"closed","template":"","meta":{"_themeisle_gutenberg_block_has_review":false,"jetpack_post_was_ever_published":false,"jetpack_publicize_message":"","jetpack_publicize_feature_enabled":true,"jetpack_social_post_already_shared":true,"jetpack_social_options":{"image_generator_settings":{"template":"highway","default_image_id":0,"font":"","enabled":false},"version":2}},"product_brand":[],"product_cat":[1521,364,66],"product_tag":[1522,1523],"class_list":{"0":"post-10383","1":"product","2":"type-product","3":"status-publish","4":"has-post-thumbnail","6":"product_cat-astrologia-horaria","7":"product_cat-curso-online","8":"product_cat-cursos-em-video","9":"product_tag-astrologia-horaria","10":"product_tag-henrique-wiederspahn","11":"post","13":"first","14":"instock","15":"virtual","16":"taxable","17":"purchasable","18":"product-type-simple"},"composite_virtual":false,"composite_layout":"","composite_add_to_cart_form_location":"","composite_editable_in_cart":false,"composite_sold_individually_context":"","composite_shop_price_calc":"","composite_components":[],"composite_scenarios":[],"yoast_head":"<!-- This site is optimized with the Yoast SEO Premium plugin v22.9 (Yoast SEO v27.3) - https:\/\/yoast.com\/product\/yoast-seo-premium-wordpress\/ -->\n<title>Curso de Astrologia Hor\u00e1ria com Henrique G Wiederspahn<\/title>\n<meta name=\"description\" content=\"Curso de Astrologia Hor\u00e1ria da DMAstro com o professor Henrique G Wiederspahn\" \/>\n<meta name=\"robots\" content=\"index, follow, max-snippet:-1, max-image-preview:large, max-video-preview:-1\" \/>\n<link rel=\"canonical\" href=\"https:\/\/www.dmastro.com.br\/dmastroblog\/produto\/curso-de-astrologia-horaria-com-henrique-g-wiederspahn\/\" \/>\n<meta property=\"og:locale\" content=\"pt_BR\" \/>\n<meta property=\"og:type\" content=\"article\" \/>\n<meta property=\"og:title\" content=\"Curso de Astrologia Hor\u00e1ria com Henrique G Wiederspahn\" \/>\n<meta property=\"og:description\" content=\"Curso de Astrologia Hor\u00e1ria da DMAstro com o professor Henrique G Wiederspahn\" \/>\n<meta property=\"og:url\" content=\"https:\/\/www.dmastro.com.br\/dmastroblog\/produto\/curso-de-astrologia-horaria-com-henrique-g-wiederspahn\/\" \/>\n<meta property=\"og:site_name\" content=\"Escola de Astrologia DMAstro\" \/>\n<meta property=\"article:publisher\" content=\"https:\/\/www.facebook.com\/dmastrobr\" \/>\n<meta property=\"article:modified_time\" content=\"2024-09-01T22:40:43+00:00\" \/>\n<meta property=\"og:image\" content=\"https:\/\/www.dmastro.com.br\/dmastroblog\/wp-content\/uploads\/2023\/04\/Curso-de-Astrologia-Horaria-com-Henrique-Wiederspahn-DMAstro2.jpg\" \/>\n\t<meta property=\"og:image:width\" content=\"634\" \/>\n\t<meta property=\"og:image:height\" content=\"889\" \/>\n\t<meta property=\"og:image:type\" content=\"image\/jpeg\" \/>\n<meta name=\"twitter:card\" content=\"summary_large_image\" \/>\n<meta name=\"twitter:site\" content=\"@dmastrobrasil\" \/>\n<meta name=\"twitter:label1\" content=\"Pre\u00e7o\" \/>\n\t<meta name=\"twitter:data1\" content=\"&#082;&#036;270,00\" \/>\n\t<meta name=\"twitter:label2\" content=\"Disponibilidade\" \/>\n\t<meta name=\"twitter:data2\" content=\"Em Estoque\" \/>\n<script type=\"application\/ld+json\" class=\"yoast-schema-graph\">{\"@context\":\"https:\\\/\\\/schema.org\",\"@graph\":[{\"@type\":\"WebPage\",\"@id\":\"https:\\\/\\\/www.dmastro.com.br\\\/dmastroblog\\\/produto\\\/curso-de-astrologia-horaria-com-henrique-g-wiederspahn\\\/\",\"url\":\"https:\\\/\\\/www.dmastro.com.br\\\/dmastroblog\\\/produto\\\/curso-de-astrologia-horaria-com-henrique-g-wiederspahn\\\/\",\"name\":\"Curso de Astrologia Hor\u00e1ria com Henrique G Wiederspahn\",\"isPartOf\":{\"@id\":\"https:\\\/\\\/www.dmastro.com.br\\\/dmastroblog\\\/#website\"},\"primaryImageOfPage\":{\"@id\":\"https:\\\/\\\/www.dmastro.com.br\\\/dmastroblog\\\/produto\\\/curso-de-astrologia-horaria-com-henrique-g-wiederspahn\\\/#primaryimage\"},\"image\":{\"@id\":\"https:\\\/\\\/www.dmastro.com.br\\\/dmastroblog\\\/produto\\\/curso-de-astrologia-horaria-com-henrique-g-wiederspahn\\\/#primaryimage\"},\"thumbnailUrl\":\"https:\\\/\\\/i0.wp.com\\\/www.dmastro.com.br\\\/dmastroblog\\\/wp-content\\\/uploads\\\/2023\\\/04\\\/Curso-de-Astrologia-Horaria-com-Henrique-Wiederspahn-DMAstro2.jpg?fit=634%2C889&ssl=1\",\"datePublished\":\"2023-04-16T19:20:43+00:00\",\"dateModified\":\"2024-09-01T22:40:43+00:00\",\"description\":\"Curso de Astrologia Hor\u00e1ria da DMAstro com o professor Henrique G Wiederspahn\",\"breadcrumb\":{\"@id\":\"https:\\\/\\\/www.dmastro.com.br\\\/dmastroblog\\\/produto\\\/curso-de-astrologia-horaria-com-henrique-g-wiederspahn\\\/#breadcrumb\"},\"inLanguage\":\"pt-BR\",\"potentialAction\":[{\"@type\":\"ReadAction\",\"target\":[\"https:\\\/\\\/www.dmastro.com.br\\\/dmastroblog\\\/produto\\\/curso-de-astrologia-horaria-com-henrique-g-wiederspahn\\\/\"]}]},{\"@type\":\"ImageObject\",\"inLanguage\":\"pt-BR\",\"@id\":\"https:\\\/\\\/www.dmastro.com.br\\\/dmastroblog\\\/produto\\\/curso-de-astrologia-horaria-com-henrique-g-wiederspahn\\\/#primaryimage\",\"url\":\"https:\\\/\\\/i0.wp.com\\\/www.dmastro.com.br\\\/dmastroblog\\\/wp-content\\\/uploads\\\/2023\\\/04\\\/Curso-de-Astrologia-Horaria-com-Henrique-Wiederspahn-DMAstro2.jpg?fit=634%2C889&ssl=1\",\"contentUrl\":\"https:\\\/\\\/i0.wp.com\\\/www.dmastro.com.br\\\/dmastroblog\\\/wp-content\\\/uploads\\\/2023\\\/04\\\/Curso-de-Astrologia-Horaria-com-Henrique-Wiederspahn-DMAstro2.jpg?fit=634%2C889&ssl=1\",\"width\":634,\"height\":889,\"caption\":\"Curso de Astrologia Hor\u00e1ria com Henrique Wiederspahn DMAstro\"},{\"@type\":\"BreadcrumbList\",\"@id\":\"https:\\\/\\\/www.dmastro.com.br\\\/dmastroblog\\\/produto\\\/curso-de-astrologia-horaria-com-henrique-g-wiederspahn\\\/#breadcrumb\",\"itemListElement\":[{\"@type\":\"ListItem\",\"position\":1,\"name\":\"In\u00edcio\",\"item\":\"https:\\\/\\\/www.dmastro.com.br\\\/dmastroblog\\\/\"},{\"@type\":\"ListItem\",\"position\":2,\"name\":\"Loja\",\"item\":\"https:\\\/\\\/www.dmastro.com.br\\\/dmastroblog\\\/loja\\\/\"},{\"@type\":\"ListItem\",\"position\":3,\"name\":\"Curso de Astrologia Hor\u00e1ria com Henrique G Wiederspahn\"}]},{\"@type\":\"WebSite\",\"@id\":\"https:\\\/\\\/www.dmastro.com.br\\\/dmastroblog\\\/#website\",\"url\":\"https:\\\/\\\/www.dmastro.com.br\\\/dmastroblog\\\/\",\"name\":\"DMAstro Brasil\",\"description\":\"Curso Completo de Forma\u00e7\u00e3o\",\"publisher\":{\"@id\":\"https:\\\/\\\/www.dmastro.com.br\\\/dmastroblog\\\/#organization\"},\"potentialAction\":[{\"@type\":\"SearchAction\",\"target\":{\"@type\":\"EntryPoint\",\"urlTemplate\":\"https:\\\/\\\/www.dmastro.com.br\\\/dmastroblog\\\/?s={search_term_string}\"},\"query-input\":{\"@type\":\"PropertyValueSpecification\",\"valueRequired\":true,\"valueName\":\"search_term_string\"}}],\"inLanguage\":\"pt-BR\"},{\"@type\":\"Organization\",\"@id\":\"https:\\\/\\\/www.dmastro.com.br\\\/dmastroblog\\\/#organization\",\"name\":\"DMAstro Brasil\",\"url\":\"https:\\\/\\\/www.dmastro.com.br\\\/dmastroblog\\\/\",\"logo\":{\"@type\":\"ImageObject\",\"inLanguage\":\"pt-BR\",\"@id\":\"https:\\\/\\\/www.dmastro.com.br\\\/dmastroblog\\\/#\\\/schema\\\/logo\\\/image\\\/\",\"url\":\"https:\\\/\\\/www.dmastro.com.br\\\/dmastroblog\\\/wp-content\\\/uploads\\\/2018\\\/12\\\/logotipo-dmastro-brasil.png\",\"contentUrl\":\"https:\\\/\\\/www.dmastro.com.br\\\/dmastroblog\\\/wp-content\\\/uploads\\\/2018\\\/12\\\/logotipo-dmastro-brasil.png\",\"width\":180,\"height\":180,\"caption\":\"DMAstro Brasil\"},\"image\":{\"@id\":\"https:\\\/\\\/www.dmastro.com.br\\\/dmastroblog\\\/#\\\/schema\\\/logo\\\/image\\\/\"},\"sameAs\":[\"https:\\\/\\\/www.facebook.com\\\/dmastrobr\",\"https:\\\/\\\/x.com\\\/dmastrobrasil\",\"https:\\\/\\\/www.instagram.com\\\/dmastrobrasil\\\/\"]}]}<\/script>\n<meta property=\"product:price:amount\" content=\"270.00\" \/>\n<meta property=\"product:price:currency\" content=\"BRL\" \/>\n<meta property=\"og:availability\" content=\"instock\" \/>\n<meta property=\"product:availability\" content=\"instock\" \/>\n<meta property=\"product:condition\" content=\"new\" \/>\n<!-- \/ Yoast SEO Premium plugin. -->","yoast_head_json":{"title":"Curso de Astrologia Hor\u00e1ria com Henrique G Wiederspahn","description":"Curso de Astrologia Hor\u00e1ria da DMAstro com o professor Henrique G Wiederspahn","robots":{"index":"index","follow":"follow","max-snippet":"max-snippet:-1","max-image-preview":"max-image-preview:large","max-video-preview":"max-video-preview:-1"},"canonical":"https:\/\/www.dmastro.com.br\/dmastroblog\/produto\/curso-de-astrologia-horaria-com-henrique-g-wiederspahn\/","og_locale":"pt_BR","og_type":"article","og_title":"Curso de Astrologia Hor\u00e1ria com Henrique G Wiederspahn","og_description":"Curso de Astrologia Hor\u00e1ria da DMAstro com o professor Henrique G Wiederspahn","og_url":"https:\/\/www.dmastro.com.br\/dmastroblog\/produto\/curso-de-astrologia-horaria-com-henrique-g-wiederspahn\/","og_site_name":"Escola de Astrologia DMAstro","article_publisher":"https:\/\/www.facebook.com\/dmastrobr","article_modified_time":"2024-09-01T22:40:43+00:00","og_image":[{"width":634,"height":889,"url":"https:\/\/www.dmastro.com.br\/dmastroblog\/wp-content\/uploads\/2023\/04\/Curso-de-Astrologia-Horaria-com-Henrique-Wiederspahn-DMAstro2.jpg","type":"image\/jpeg"}],"twitter_card":"summary_large_image","twitter_site":"@dmastrobrasil","twitter_misc":{"Pre\u00e7o":"&#82;&#36;270,00","Disponibilidade":"Em Estoque"},"schema":{"@context":"https:\/\/schema.org","@graph":[{"@type":"WebPage","@id":"https:\/\/www.dmastro.com.br\/dmastroblog\/produto\/curso-de-astrologia-horaria-com-henrique-g-wiederspahn\/","url":"https:\/\/www.dmastro.com.br\/dmastroblog\/produto\/curso-de-astrologia-horaria-com-henrique-g-wiederspahn\/","name":"Curso de Astrologia Hor\u00e1ria com Henrique G Wiederspahn","isPartOf":{"@id":"https:\/\/www.dmastro.com.br\/dmastroblog\/#website"},"primaryImageOfPage":{"@id":"https:\/\/www.dmastro.com.br\/dmastroblog\/produto\/curso-de-astrologia-horaria-com-henrique-g-wiederspahn\/#primaryimage"},"image":{"@id":"https:\/\/www.dmastro.com.br\/dmastroblog\/produto\/curso-de-astrologia-horaria-com-henrique-g-wiederspahn\/#primaryimage"},"thumbnailUrl":"https:\/\/i0.wp.com\/www.dmastro.com.br\/dmastroblog\/wp-content\/uploads\/2023\/04\/Curso-de-Astrologia-Horaria-com-Henrique-Wiederspahn-DMAstro2.jpg?fit=634%2C889&ssl=1","datePublished":"2023-04-16T19:20:43+00:00","dateModified":"2024-09-01T22:40:43+00:00","description":"Curso de Astrologia Hor\u00e1ria da DMAstro com o professor Henrique G Wiederspahn","breadcrumb":{"@id":"https:\/\/www.dmastro.com.br\/dmastroblog\/produto\/curso-de-astrologia-horaria-com-henrique-g-wiederspahn\/#breadcrumb"},"inLanguage":"pt-BR","potentialAction":[{"@type":"ReadAction","target":["https:\/\/www.dmastro.com.br\/dmastroblog\/produto\/curso-de-astrologia-horaria-com-henrique-g-wiederspahn\/"]}]},{"@type":"ImageObject","inLanguage":"pt-BR","@id":"https:\/\/www.dmastro.com.br\/dmastroblog\/produto\/curso-de-astrologia-horaria-com-henrique-g-wiederspahn\/#primaryimage","url":"https:\/\/i0.wp.com\/www.dmastro.com.br\/dmastroblog\/wp-content\/uploads\/2023\/04\/Curso-de-Astrologia-Horaria-com-Henrique-Wiederspahn-DMAstro2.jpg?fit=634%2C889&ssl=1","contentUrl":"https:\/\/i0.wp.com\/www.dmastro.com.br\/dmastroblog\/wp-content\/uploads\/2023\/04\/Curso-de-Astrologia-Horaria-com-Henrique-Wiederspahn-DMAstro2.jpg?fit=634%2C889&ssl=1","width":634,"height":889,"caption":"Curso de Astrologia Hor\u00e1ria com Henrique Wiederspahn DMAstro"},{"@type":"BreadcrumbList","@id":"https:\/\/www.dmastro.com.br\/dmastroblog\/produto\/curso-de-astrologia-horaria-com-henrique-g-wiederspahn\/#breadcrumb","itemListElement":[{"@type":"ListItem","position":1,"name":"In\u00edcio","item":"https:\/\/www.dmastro.com.br\/dmastroblog\/"},{"@type":"ListItem","position":2,"name":"Loja","item":"https:\/\/www.dmastro.com.br\/dmastroblog\/loja\/"},{"@type":"ListItem","position":3,"name":"Curso de Astrologia Hor\u00e1ria com Henrique G Wiederspahn"}]},{"@type":"WebSite","@id":"https:\/\/www.dmastro.com.br\/dmastroblog\/#website","url":"https:\/\/www.dmastro.com.br\/dmastroblog\/","name":"DMAstro Brasil","description":"Curso Completo de Forma\u00e7\u00e3o","publisher":{"@id":"https:\/\/www.dmastro.com.br\/dmastroblog\/#organization"},"potentialAction":[{"@type":"SearchAction","target":{"@type":"EntryPoint","urlTemplate":"https:\/\/www.dmastro.com.br\/dmastroblog\/?s={search_term_string}"},"query-input":{"@type":"PropertyValueSpecification","valueRequired":true,"valueName":"search_term_string"}}],"inLanguage":"pt-BR"},{"@type":"Organization","@id":"https:\/\/www.dmastro.com.br\/dmastroblog\/#organization","name":"DMAstro Brasil","url":"https:\/\/www.dmastro.com.br\/dmastroblog\/","logo":{"@type":"ImageObject","inLanguage":"pt-BR","@id":"https:\/\/www.dmastro.com.br\/dmastroblog\/#\/schema\/logo\/image\/","url":"https:\/\/www.dmastro.com.br\/dmastroblog\/wp-content\/uploads\/2018\/12\/logotipo-dmastro-brasil.png","contentUrl":"https:\/\/www.dmastro.com.br\/dmastroblog\/wp-content\/uploads\/2018\/12\/logotipo-dmastro-brasil.png","width":180,"height":180,"caption":"DMAstro Brasil"},"image":{"@id":"https:\/\/www.dmastro.com.br\/dmastroblog\/#\/schema\/logo\/image\/"},"sameAs":["https:\/\/www.facebook.com\/dmastrobr","https:\/\/x.com\/dmastrobrasil","https:\/\/www.instagram.com\/dmastrobrasil\/"]}]},"product_price_amount":"270.00","product_price_currency":"BRL","og_availability":"instock","product_availability":"instock","product_condition":"new"},"jetpack_publicize_connections":[],"jetpack_sharing_enabled":true,"jetpack_likes_enabled":false,"publishpress_future_workflow_manual_trigger":{"enabledWorkflows":[]},"_links":{"self":[{"href":"https:\/\/www.dmastro.com.br\/dmastroblog\/wp-json\/wp\/v2\/product\/10383","targetHints":{"allow":["GET"]}}],"collection":[{"href":"https:\/\/www.dmastro.com.br\/dmastroblog\/wp-json\/wp\/v2\/product"}],"about":[{"href":"https:\/\/www.dmastro.com.br\/dmastroblog\/wp-json\/wp\/v2\/types\/product"}],"replies":[{"embeddable":true,"href":"https:\/\/www.dmastro.com.br\/dmastroblog\/wp-json\/wp\/v2\/comments?post=10383"}],"wp:featuredmedia":[{"embeddable":true,"href":"https:\/\/www.dmastro.com.br\/dmastroblog\/wp-json\/wp\/v2\/media\/10412"}],"wp:attachment":[{"href":"https:\/\/www.dmastro.com.br\/dmastroblog\/wp-json\/wp\/v2\/media?parent=10383"}],"wp:term":[{"taxonomy":"product_brand","embeddable":true,"href":"https:\/\/www.dmastro.com.br\/dmastroblog\/wp-json\/wp\/v2\/product_brand?post=10383"},{"taxonomy":"product_cat","embeddable":true,"href":"https:\/\/www.dmastro.com.br\/dmastroblog\/wp-json\/wp\/v2\/product_cat?post=10383"},{"taxonomy":"product_tag","embeddable":true,"href":"https:\/\/www.dmastro.com.br\/dmastroblog\/wp-json\/wp\/v2\/product_tag?post=10383"}],"curies":[{"name":"wp","href":"https:\/\/api.w.org\/{rel}","templated":true}]}}