{"id":1034,"date":"2018-12-06T23:42:09","date_gmt":"2018-12-07T01:42:09","guid":{"rendered":"http:\/\/www.dmastro.com.br\/dmastroblog\/?post_type=product&#038;p=1034"},"modified":"2018-12-07T01:22:35","modified_gmt":"2018-12-07T03:22:35","slug":"quadro-emoldurado-taro-rider-waite-arcano-maior-6-os-enamorados-de-arthur-edward-waite-e-pamela-colman-smith","status":"publish","type":"product","link":"https:\/\/www.dmastro.com.br\/dmastroblog\/produto\/quadro-emoldurado-taro-rider-waite-arcano-maior-6-os-enamorados-de-arthur-edward-waite-e-pamela-colman-smith\/","title":{"rendered":"Quadro Emoldurado Tar\u00f4 Rider-Waite Arcano Maior 6 Os Enamorados de Arthur Edward Waite e Pamela Colman Smith"},"content":{"rendered":"<p>Quadro Emoldurado Tar\u00f4 Rider-Waite Arcano Maior 6 Os Enamorados de Arthur Edward Waite e Pamela Colman Smith.<br \/>\nO quadro tem moldura preta, paspatur preto e vidro.<\/p>\n<p>Em 1909, a artista Pamela Colman Smith, sob a dire\u00e7\u00e3o de Arthur Edward Waite, criou um Tar\u00f4 inovador de 78 cartas que foram posteriormente reconhecidas como revolucion\u00e1rias. Gra\u00e7as \u00e0s cenas descritivas que ilustram cada um dos Arcanos Menores, o baralho Rider-Waite distinguiu-se da linguagem tradicional da \u00e9poca e se tornou refer\u00eancia desde ent\u00e3o. #Tarot #Tar\u00f4 #OsEnamorados #DMAstroBrasil #Decora\u00e7\u00e3o #Casa #Quadro #Presente #Baralho &#8211; Medida 103 cm X 63 cm<\/p>\n","protected":false},"excerpt":{"rendered":"<p>Quadro Emoldurado Tar\u00f4 Rider-Waite Arcano Maior 6 Os Enamorados de Arthur Edward Waite e Pamela Colman Smith.<br \/>\nO quadro tem moldura preta, paspatur preto e vidro<\/p>\n<p>Medida\u00a0103 cm X 63 cm<\/p>\n<p>Deixe os ambientes de sua casa lindos com a decora\u00e7\u00e3o exclusiva\u00a0do Tar\u00f4 Rider-Waite.<\/p>\n<p>Em 1909, a artista Pamela Colman Smith, sob a dire\u00e7\u00e3o de Arthur Edward Waite, criou um Tar\u00f4 inovador de 78 cartas que foram posteriormente reconhecidas como revolucion\u00e1rias. Gra\u00e7as \u00e0s cenas descritivas que ilustram cada um dos Arcanos Menores, o baralho Rider-Waite distinguiu-se da linguagem tradicional da \u00e9poca e se tornou refer\u00eancia desde ent\u00e3o.<\/p>\n<p>VI LAMOVREVX (OS ENAMORADOS)<\/p>\n<p>Uni\u00e3o das for\u00e7as e liberdade criativa, regenera\u00e7\u00e3o, emancipa\u00e7\u00e3o da d\u00favida e brilho intelectual,\u00a0VI LAMOVREVX (OS ENAMORADOS) \u00e9 o arqu\u00e9tipo do prazer da descoberta, de si e do mundo, da alegria e do desenvolvimento pessoal que se opera no jogo das rela\u00e7\u00f5es. Esta l\u00e2mina representa a coordena\u00e7\u00e3o din\u00e2mica e criativa das coisas, a floresc\u00eancia do ser em um amor por toda a cria\u00e7\u00e3o.<\/p>\n","protected":false},"featured_media":840,"comment_status":"closed","ping_status":"closed","template":"","meta":{"_themeisle_gutenberg_block_has_review":false,"jetpack_post_was_ever_published":false,"jetpack_publicize_message":"Quadro Emoldurado Tar\u00f4 Rider-Waite Arcano Maior 6 Os Enamorados de Arthur Edward Waite e Pamela Colman Smith","jetpack_publicize_feature_enabled":true,"jetpack_social_post_already_shared":true,"jetpack_social_options":{"image_generator_settings":{"template":"highway","default_image_id":0,"font":"","enabled":false},"version":2}},"product_brand":[],"product_cat":[130,244,150,44,245],"product_tag":[154,246,183,270,247,258],"class_list":{"0":"post-1034","1":"product","2":"type-product","3":"status-publish","4":"has-post-thumbnail","6":"product_cat-decoracao","7":"product_cat-pamela-colman-smith","8":"product_cat-quadros","9":"product_cat-taro","10":"product_cat-tarot-rider-waite","11":"product_tag-arcano-maior","12":"product_tag-arthur-edward-waite","13":"product_tag-lamovrevx","14":"product_tag-os-enamorados","15":"product_tag-pamela-colman-smith","16":"product_tag-tarot-rider-waite","17":"post","19":"first","20":"instock","21":"taxable","22":"shipping-taxable","23":"purchasable","24":"product-type-simple"},"composite_virtual":false,"composite_layout":"","composite_add_to_cart_form_location":"","composite_editable_in_cart":false,"composite_sold_individually_context":"","composite_shop_price_calc":"","composite_components":[],"composite_scenarios":[],"yoast_head":"<!-- This site is optimized with the Yoast SEO Premium plugin v22.9 (Yoast SEO v27.3) - https:\/\/yoast.com\/product\/yoast-seo-premium-wordpress\/ -->\n<title>Quadro Emoldurado Tar\u00f4 Rider-Waite Arcano Maior 6 Os Enamorados de Arthur Edward Waite e Pamela Colman Smith - Escola de Astrologia DMAstro<\/title>\n<meta name=\"robots\" content=\"index, follow, max-snippet:-1, max-image-preview:large, max-video-preview:-1\" \/>\n<link rel=\"canonical\" href=\"https:\/\/www.dmastro.com.br\/dmastroblog\/produto\/quadro-emoldurado-taro-rider-waite-arcano-maior-6-os-enamorados-de-arthur-edward-waite-e-pamela-colman-smith\/\" \/>\n<meta property=\"og:locale\" content=\"pt_BR\" \/>\n<meta property=\"og:type\" content=\"article\" \/>\n<meta property=\"og:title\" content=\"Quadro Emoldurado Tar\u00f4 Rider-Waite Arcano Maior 6 Os Enamorados de Arthur Edward Waite e Pamela Colman Smith\" \/>\n<meta property=\"og:description\" content=\"Quadro Emoldurado Tar\u00f4 Rider-Waite Arcano Maior 6 Os Enamorados de Arthur Edward Waite e Pamela Colman Smith. O quadro tem moldura preta, paspatur preto e vidro  Medida\u00a0103 cm X 63 cm  Deixe os ambientes de sua casa lindos com a decora\u00e7\u00e3o exclusiva\u00a0do Tar\u00f4 Rider-Waite.  Em 1909, a artista Pamela Colman Smith, sob a dire\u00e7\u00e3o de Arthur Edward Waite, criou um Tar\u00f4 inovador de 78 cartas que foram posteriormente reconhecidas como revolucion\u00e1rias. Gra\u00e7as \u00e0s cenas descritivas que ilustram cada um dos Arcanos Menores, o baralho Rider-Waite distinguiu-se da linguagem tradicional da \u00e9poca e se tornou refer\u00eancia desde ent\u00e3o.  VI LAMOVREVX (OS ENAMORADOS)  Uni\u00e3o das for\u00e7as e liberdade criativa, regenera\u00e7\u00e3o, emancipa\u00e7\u00e3o da d\u00favida e brilho intelectual,\u00a0VI LAMOVREVX (OS ENAMORADOS) \u00e9 o arqu\u00e9tipo do prazer da descoberta, de si e do mundo, da alegria e do desenvolvimento pessoal que se opera no jogo das rela\u00e7\u00f5es. Esta l\u00e2mina representa a coordena\u00e7\u00e3o din\u00e2mica e criativa das coisas, a floresc\u00eancia do ser em um amor por toda a cria\u00e7\u00e3o.\" \/>\n<meta property=\"og:url\" content=\"https:\/\/www.dmastro.com.br\/dmastroblog\/produto\/quadro-emoldurado-taro-rider-waite-arcano-maior-6-os-enamorados-de-arthur-edward-waite-e-pamela-colman-smith\/\" \/>\n<meta property=\"og:site_name\" content=\"Escola de Astrologia DMAstro\" \/>\n<meta property=\"article:publisher\" content=\"https:\/\/www.facebook.com\/dmastrobr\" \/>\n<meta property=\"article:modified_time\" content=\"2018-12-07T03:22:35+00:00\" \/>\n<meta property=\"og:image\" content=\"https:\/\/www.dmastro.com.br\/dmastroblog\/wp-content\/uploads\/2018\/10\/Quadro-Emoldurado-Taro-de-Rider-Waite-Arcano-Maior-6-Os-Enamorados-Arthur-Edward-Waite-Pamela-Colman-Smith-DMAstro-Brasil-Base.jpg\" \/>\n\t<meta property=\"og:image:width\" content=\"1000\" \/>\n\t<meta property=\"og:image:height\" content=\"1000\" \/>\n\t<meta property=\"og:image:type\" content=\"image\/jpeg\" \/>\n<meta name=\"twitter:card\" content=\"summary_large_image\" \/>\n<meta name=\"twitter:site\" content=\"@dmastrobrasil\" \/>\n<meta name=\"twitter:label1\" content=\"Pre\u00e7o\" \/>\n\t<meta name=\"twitter:data1\" content=\"&#082;&#036;325,00\" \/>\n\t<meta name=\"twitter:label2\" content=\"Disponibilidade\" \/>\n\t<meta name=\"twitter:data2\" content=\"Em Estoque\" \/>\n<script type=\"application\/ld+json\" class=\"yoast-schema-graph\">{\"@context\":\"https:\\\/\\\/schema.org\",\"@graph\":[{\"@type\":\"WebPage\",\"@id\":\"https:\\\/\\\/www.dmastro.com.br\\\/dmastroblog\\\/produto\\\/quadro-emoldurado-taro-rider-waite-arcano-maior-6-os-enamorados-de-arthur-edward-waite-e-pamela-colman-smith\\\/\",\"url\":\"https:\\\/\\\/www.dmastro.com.br\\\/dmastroblog\\\/produto\\\/quadro-emoldurado-taro-rider-waite-arcano-maior-6-os-enamorados-de-arthur-edward-waite-e-pamela-colman-smith\\\/\",\"name\":\"Quadro Emoldurado Tar\u00f4 Rider-Waite Arcano Maior 6 Os Enamorados de Arthur Edward Waite e Pamela Colman Smith - Escola de Astrologia DMAstro\",\"isPartOf\":{\"@id\":\"https:\\\/\\\/www.dmastro.com.br\\\/dmastroblog\\\/#website\"},\"primaryImageOfPage\":{\"@id\":\"https:\\\/\\\/www.dmastro.com.br\\\/dmastroblog\\\/produto\\\/quadro-emoldurado-taro-rider-waite-arcano-maior-6-os-enamorados-de-arthur-edward-waite-e-pamela-colman-smith\\\/#primaryimage\"},\"image\":{\"@id\":\"https:\\\/\\\/www.dmastro.com.br\\\/dmastroblog\\\/produto\\\/quadro-emoldurado-taro-rider-waite-arcano-maior-6-os-enamorados-de-arthur-edward-waite-e-pamela-colman-smith\\\/#primaryimage\"},\"thumbnailUrl\":\"https:\\\/\\\/i0.wp.com\\\/www.dmastro.com.br\\\/dmastroblog\\\/wp-content\\\/uploads\\\/2018\\\/10\\\/Quadro-Emoldurado-Taro-de-Rider-Waite-Arcano-Maior-6-Os-Enamorados-Arthur-Edward-Waite-Pamela-Colman-Smith-DMAstro-Brasil-Base.jpg?fit=1000%2C1000&ssl=1\",\"datePublished\":\"2018-12-07T01:42:09+00:00\",\"dateModified\":\"2018-12-07T03:22:35+00:00\",\"breadcrumb\":{\"@id\":\"https:\\\/\\\/www.dmastro.com.br\\\/dmastroblog\\\/produto\\\/quadro-emoldurado-taro-rider-waite-arcano-maior-6-os-enamorados-de-arthur-edward-waite-e-pamela-colman-smith\\\/#breadcrumb\"},\"inLanguage\":\"pt-BR\",\"potentialAction\":[{\"@type\":\"ReadAction\",\"target\":[\"https:\\\/\\\/www.dmastro.com.br\\\/dmastroblog\\\/produto\\\/quadro-emoldurado-taro-rider-waite-arcano-maior-6-os-enamorados-de-arthur-edward-waite-e-pamela-colman-smith\\\/\"]}]},{\"@type\":\"ImageObject\",\"inLanguage\":\"pt-BR\",\"@id\":\"https:\\\/\\\/www.dmastro.com.br\\\/dmastroblog\\\/produto\\\/quadro-emoldurado-taro-rider-waite-arcano-maior-6-os-enamorados-de-arthur-edward-waite-e-pamela-colman-smith\\\/#primaryimage\",\"url\":\"https:\\\/\\\/i0.wp.com\\\/www.dmastro.com.br\\\/dmastroblog\\\/wp-content\\\/uploads\\\/2018\\\/10\\\/Quadro-Emoldurado-Taro-de-Rider-Waite-Arcano-Maior-6-Os-Enamorados-Arthur-Edward-Waite-Pamela-Colman-Smith-DMAstro-Brasil-Base.jpg?fit=1000%2C1000&ssl=1\",\"contentUrl\":\"https:\\\/\\\/i0.wp.com\\\/www.dmastro.com.br\\\/dmastroblog\\\/wp-content\\\/uploads\\\/2018\\\/10\\\/Quadro-Emoldurado-Taro-de-Rider-Waite-Arcano-Maior-6-Os-Enamorados-Arthur-Edward-Waite-Pamela-Colman-Smith-DMAstro-Brasil-Base.jpg?fit=1000%2C1000&ssl=1\",\"width\":1000,\"height\":1000},{\"@type\":\"BreadcrumbList\",\"@id\":\"https:\\\/\\\/www.dmastro.com.br\\\/dmastroblog\\\/produto\\\/quadro-emoldurado-taro-rider-waite-arcano-maior-6-os-enamorados-de-arthur-edward-waite-e-pamela-colman-smith\\\/#breadcrumb\",\"itemListElement\":[{\"@type\":\"ListItem\",\"position\":1,\"name\":\"In\u00edcio\",\"item\":\"https:\\\/\\\/www.dmastro.com.br\\\/dmastroblog\\\/\"},{\"@type\":\"ListItem\",\"position\":2,\"name\":\"Loja\",\"item\":\"https:\\\/\\\/www.dmastro.com.br\\\/dmastroblog\\\/loja\\\/\"},{\"@type\":\"ListItem\",\"position\":3,\"name\":\"Quadro Emoldurado Tar\u00f4 Rider-Waite Arcano Maior 6 Os Enamorados de Arthur Edward Waite e Pamela Colman Smith\"}]},{\"@type\":\"WebSite\",\"@id\":\"https:\\\/\\\/www.dmastro.com.br\\\/dmastroblog\\\/#website\",\"url\":\"https:\\\/\\\/www.dmastro.com.br\\\/dmastroblog\\\/\",\"name\":\"DMAstro Brasil\",\"description\":\"Curso Completo de Forma\u00e7\u00e3o\",\"publisher\":{\"@id\":\"https:\\\/\\\/www.dmastro.com.br\\\/dmastroblog\\\/#organization\"},\"potentialAction\":[{\"@type\":\"SearchAction\",\"target\":{\"@type\":\"EntryPoint\",\"urlTemplate\":\"https:\\\/\\\/www.dmastro.com.br\\\/dmastroblog\\\/?s={search_term_string}\"},\"query-input\":{\"@type\":\"PropertyValueSpecification\",\"valueRequired\":true,\"valueName\":\"search_term_string\"}}],\"inLanguage\":\"pt-BR\"},{\"@type\":\"Organization\",\"@id\":\"https:\\\/\\\/www.dmastro.com.br\\\/dmastroblog\\\/#organization\",\"name\":\"DMAstro Brasil\",\"url\":\"https:\\\/\\\/www.dmastro.com.br\\\/dmastroblog\\\/\",\"logo\":{\"@type\":\"ImageObject\",\"inLanguage\":\"pt-BR\",\"@id\":\"https:\\\/\\\/www.dmastro.com.br\\\/dmastroblog\\\/#\\\/schema\\\/logo\\\/image\\\/\",\"url\":\"https:\\\/\\\/www.dmastro.com.br\\\/dmastroblog\\\/wp-content\\\/uploads\\\/2018\\\/12\\\/logotipo-dmastro-brasil.png\",\"contentUrl\":\"https:\\\/\\\/www.dmastro.com.br\\\/dmastroblog\\\/wp-content\\\/uploads\\\/2018\\\/12\\\/logotipo-dmastro-brasil.png\",\"width\":180,\"height\":180,\"caption\":\"DMAstro Brasil\"},\"image\":{\"@id\":\"https:\\\/\\\/www.dmastro.com.br\\\/dmastroblog\\\/#\\\/schema\\\/logo\\\/image\\\/\"},\"sameAs\":[\"https:\\\/\\\/www.facebook.com\\\/dmastrobr\",\"https:\\\/\\\/x.com\\\/dmastrobrasil\",\"https:\\\/\\\/www.instagram.com\\\/dmastrobrasil\\\/\"]}]}<\/script>\n<meta property=\"product:price:amount\" content=\"325.00\" \/>\n<meta property=\"product:price:currency\" content=\"BRL\" \/>\n<meta property=\"og:availability\" content=\"instock\" \/>\n<meta property=\"product:availability\" content=\"instock\" \/>\n<meta property=\"product:condition\" content=\"new\" \/>\n<!-- \/ Yoast SEO Premium plugin. -->","yoast_head_json":{"title":"Quadro Emoldurado Tar\u00f4 Rider-Waite Arcano Maior 6 Os Enamorados de Arthur Edward Waite e Pamela Colman Smith - Escola de Astrologia DMAstro","robots":{"index":"index","follow":"follow","max-snippet":"max-snippet:-1","max-image-preview":"max-image-preview:large","max-video-preview":"max-video-preview:-1"},"canonical":"https:\/\/www.dmastro.com.br\/dmastroblog\/produto\/quadro-emoldurado-taro-rider-waite-arcano-maior-6-os-enamorados-de-arthur-edward-waite-e-pamela-colman-smith\/","og_locale":"pt_BR","og_type":"article","og_title":"Quadro Emoldurado Tar\u00f4 Rider-Waite Arcano Maior 6 Os Enamorados de Arthur Edward Waite e Pamela Colman Smith","og_description":"Quadro Emoldurado Tar\u00f4 Rider-Waite Arcano Maior 6 Os Enamorados de Arthur Edward Waite e Pamela Colman Smith. O quadro tem moldura preta, paspatur preto e vidro  Medida\u00a0103 cm X 63 cm  Deixe os ambientes de sua casa lindos com a decora\u00e7\u00e3o exclusiva\u00a0do Tar\u00f4 Rider-Waite.  Em 1909, a artista Pamela Colman Smith, sob a dire\u00e7\u00e3o de Arthur Edward Waite, criou um Tar\u00f4 inovador de 78 cartas que foram posteriormente reconhecidas como revolucion\u00e1rias. Gra\u00e7as \u00e0s cenas descritivas que ilustram cada um dos Arcanos Menores, o baralho Rider-Waite distinguiu-se da linguagem tradicional da \u00e9poca e se tornou refer\u00eancia desde ent\u00e3o.  VI LAMOVREVX (OS ENAMORADOS)  Uni\u00e3o das for\u00e7as e liberdade criativa, regenera\u00e7\u00e3o, emancipa\u00e7\u00e3o da d\u00favida e brilho intelectual,\u00a0VI LAMOVREVX (OS ENAMORADOS) \u00e9 o arqu\u00e9tipo do prazer da descoberta, de si e do mundo, da alegria e do desenvolvimento pessoal que se opera no jogo das rela\u00e7\u00f5es. Esta l\u00e2mina representa a coordena\u00e7\u00e3o din\u00e2mica e criativa das coisas, a floresc\u00eancia do ser em um amor por toda a cria\u00e7\u00e3o.","og_url":"https:\/\/www.dmastro.com.br\/dmastroblog\/produto\/quadro-emoldurado-taro-rider-waite-arcano-maior-6-os-enamorados-de-arthur-edward-waite-e-pamela-colman-smith\/","og_site_name":"Escola de Astrologia DMAstro","article_publisher":"https:\/\/www.facebook.com\/dmastrobr","article_modified_time":"2018-12-07T03:22:35+00:00","og_image":[{"width":1000,"height":1000,"url":"https:\/\/www.dmastro.com.br\/dmastroblog\/wp-content\/uploads\/2018\/10\/Quadro-Emoldurado-Taro-de-Rider-Waite-Arcano-Maior-6-Os-Enamorados-Arthur-Edward-Waite-Pamela-Colman-Smith-DMAstro-Brasil-Base.jpg","type":"image\/jpeg"}],"twitter_card":"summary_large_image","twitter_site":"@dmastrobrasil","twitter_misc":{"Pre\u00e7o":"&#82;&#36;325,00","Disponibilidade":"Em Estoque"},"schema":{"@context":"https:\/\/schema.org","@graph":[{"@type":"WebPage","@id":"https:\/\/www.dmastro.com.br\/dmastroblog\/produto\/quadro-emoldurado-taro-rider-waite-arcano-maior-6-os-enamorados-de-arthur-edward-waite-e-pamela-colman-smith\/","url":"https:\/\/www.dmastro.com.br\/dmastroblog\/produto\/quadro-emoldurado-taro-rider-waite-arcano-maior-6-os-enamorados-de-arthur-edward-waite-e-pamela-colman-smith\/","name":"Quadro Emoldurado Tar\u00f4 Rider-Waite Arcano Maior 6 Os Enamorados de Arthur Edward Waite e Pamela Colman Smith - Escola de Astrologia DMAstro","isPartOf":{"@id":"https:\/\/www.dmastro.com.br\/dmastroblog\/#website"},"primaryImageOfPage":{"@id":"https:\/\/www.dmastro.com.br\/dmastroblog\/produto\/quadro-emoldurado-taro-rider-waite-arcano-maior-6-os-enamorados-de-arthur-edward-waite-e-pamela-colman-smith\/#primaryimage"},"image":{"@id":"https:\/\/www.dmastro.com.br\/dmastroblog\/produto\/quadro-emoldurado-taro-rider-waite-arcano-maior-6-os-enamorados-de-arthur-edward-waite-e-pamela-colman-smith\/#primaryimage"},"thumbnailUrl":"https:\/\/i0.wp.com\/www.dmastro.com.br\/dmastroblog\/wp-content\/uploads\/2018\/10\/Quadro-Emoldurado-Taro-de-Rider-Waite-Arcano-Maior-6-Os-Enamorados-Arthur-Edward-Waite-Pamela-Colman-Smith-DMAstro-Brasil-Base.jpg?fit=1000%2C1000&ssl=1","datePublished":"2018-12-07T01:42:09+00:00","dateModified":"2018-12-07T03:22:35+00:00","breadcrumb":{"@id":"https:\/\/www.dmastro.com.br\/dmastroblog\/produto\/quadro-emoldurado-taro-rider-waite-arcano-maior-6-os-enamorados-de-arthur-edward-waite-e-pamela-colman-smith\/#breadcrumb"},"inLanguage":"pt-BR","potentialAction":[{"@type":"ReadAction","target":["https:\/\/www.dmastro.com.br\/dmastroblog\/produto\/quadro-emoldurado-taro-rider-waite-arcano-maior-6-os-enamorados-de-arthur-edward-waite-e-pamela-colman-smith\/"]}]},{"@type":"ImageObject","inLanguage":"pt-BR","@id":"https:\/\/www.dmastro.com.br\/dmastroblog\/produto\/quadro-emoldurado-taro-rider-waite-arcano-maior-6-os-enamorados-de-arthur-edward-waite-e-pamela-colman-smith\/#primaryimage","url":"https:\/\/i0.wp.com\/www.dmastro.com.br\/dmastroblog\/wp-content\/uploads\/2018\/10\/Quadro-Emoldurado-Taro-de-Rider-Waite-Arcano-Maior-6-Os-Enamorados-Arthur-Edward-Waite-Pamela-Colman-Smith-DMAstro-Brasil-Base.jpg?fit=1000%2C1000&ssl=1","contentUrl":"https:\/\/i0.wp.com\/www.dmastro.com.br\/dmastroblog\/wp-content\/uploads\/2018\/10\/Quadro-Emoldurado-Taro-de-Rider-Waite-Arcano-Maior-6-Os-Enamorados-Arthur-Edward-Waite-Pamela-Colman-Smith-DMAstro-Brasil-Base.jpg?fit=1000%2C1000&ssl=1","width":1000,"height":1000},{"@type":"BreadcrumbList","@id":"https:\/\/www.dmastro.com.br\/dmastroblog\/produto\/quadro-emoldurado-taro-rider-waite-arcano-maior-6-os-enamorados-de-arthur-edward-waite-e-pamela-colman-smith\/#breadcrumb","itemListElement":[{"@type":"ListItem","position":1,"name":"In\u00edcio","item":"https:\/\/www.dmastro.com.br\/dmastroblog\/"},{"@type":"ListItem","position":2,"name":"Loja","item":"https:\/\/www.dmastro.com.br\/dmastroblog\/loja\/"},{"@type":"ListItem","position":3,"name":"Quadro Emoldurado Tar\u00f4 Rider-Waite Arcano Maior 6 Os Enamorados de Arthur Edward Waite e Pamela Colman Smith"}]},{"@type":"WebSite","@id":"https:\/\/www.dmastro.com.br\/dmastroblog\/#website","url":"https:\/\/www.dmastro.com.br\/dmastroblog\/","name":"DMAstro Brasil","description":"Curso Completo de Forma\u00e7\u00e3o","publisher":{"@id":"https:\/\/www.dmastro.com.br\/dmastroblog\/#organization"},"potentialAction":[{"@type":"SearchAction","target":{"@type":"EntryPoint","urlTemplate":"https:\/\/www.dmastro.com.br\/dmastroblog\/?s={search_term_string}"},"query-input":{"@type":"PropertyValueSpecification","valueRequired":true,"valueName":"search_term_string"}}],"inLanguage":"pt-BR"},{"@type":"Organization","@id":"https:\/\/www.dmastro.com.br\/dmastroblog\/#organization","name":"DMAstro Brasil","url":"https:\/\/www.dmastro.com.br\/dmastroblog\/","logo":{"@type":"ImageObject","inLanguage":"pt-BR","@id":"https:\/\/www.dmastro.com.br\/dmastroblog\/#\/schema\/logo\/image\/","url":"https:\/\/www.dmastro.com.br\/dmastroblog\/wp-content\/uploads\/2018\/12\/logotipo-dmastro-brasil.png","contentUrl":"https:\/\/www.dmastro.com.br\/dmastroblog\/wp-content\/uploads\/2018\/12\/logotipo-dmastro-brasil.png","width":180,"height":180,"caption":"DMAstro Brasil"},"image":{"@id":"https:\/\/www.dmastro.com.br\/dmastroblog\/#\/schema\/logo\/image\/"},"sameAs":["https:\/\/www.facebook.com\/dmastrobr","https:\/\/x.com\/dmastrobrasil","https:\/\/www.instagram.com\/dmastrobrasil\/"]}]},"product_price_amount":"325.00","product_price_currency":"BRL","og_availability":"instock","product_availability":"instock","product_condition":"new"},"jetpack_publicize_connections":[],"jetpack_sharing_enabled":true,"jetpack_likes_enabled":true,"publishpress_future_workflow_manual_trigger":{"enabledWorkflows":[]},"_links":{"self":[{"href":"https:\/\/www.dmastro.com.br\/dmastroblog\/wp-json\/wp\/v2\/product\/1034","targetHints":{"allow":["GET"]}}],"collection":[{"href":"https:\/\/www.dmastro.com.br\/dmastroblog\/wp-json\/wp\/v2\/product"}],"about":[{"href":"https:\/\/www.dmastro.com.br\/dmastroblog\/wp-json\/wp\/v2\/types\/product"}],"replies":[{"embeddable":true,"href":"https:\/\/www.dmastro.com.br\/dmastroblog\/wp-json\/wp\/v2\/comments?post=1034"}],"wp:featuredmedia":[{"embeddable":true,"href":"https:\/\/www.dmastro.com.br\/dmastroblog\/wp-json\/wp\/v2\/media\/840"}],"wp:attachment":[{"href":"https:\/\/www.dmastro.com.br\/dmastroblog\/wp-json\/wp\/v2\/media?parent=1034"}],"wp:term":[{"taxonomy":"product_brand","embeddable":true,"href":"https:\/\/www.dmastro.com.br\/dmastroblog\/wp-json\/wp\/v2\/product_brand?post=1034"},{"taxonomy":"product_cat","embeddable":true,"href":"https:\/\/www.dmastro.com.br\/dmastroblog\/wp-json\/wp\/v2\/product_cat?post=1034"},{"taxonomy":"product_tag","embeddable":true,"href":"https:\/\/www.dmastro.com.br\/dmastroblog\/wp-json\/wp\/v2\/product_tag?post=1034"}],"curies":[{"name":"wp","href":"https:\/\/api.w.org\/{rel}","templated":true}]}}