{"id":3593,"date":"2020-10-04T03:26:36","date_gmt":"2020-10-04T06:26:36","guid":{"rendered":"http:\/\/www.dmastro.com.br\/dmastroblog\/?page_id=3593"},"modified":"2020-10-04T03:33:06","modified_gmt":"2020-10-04T06:33:06","slug":"almochoden-ou-alcohoden","status":"publish","type":"page","link":"https:\/\/www.dmastro.com.br\/dmastroblog\/dmastropedia-enciclopedia-da-astrologia-e-esoterismo\/dmastropedia-enciclopedia-da-astrologia-e-esoterismo-a\/almochoden-ou-alcohoden\/","title":{"rendered":"Almochoden ou Alcohoden"},"content":{"rendered":"<div id=\"idcontent\" class=\"nonscroll\">\n<div id=\"innerdiv\">\n<p>Almochoden ou Alcohoden \u00e9 o termo \u00e1rabe para o <a href=\"http:\/\/www.dmastro.com.br\/dmastroblog\/dmastropedia-enciclopedia-da-astrologia-e-esoterismo\/dmastropedia-enciclopedia-da-astrologia-e-esoterismo-a\/hyleg\/\">Hyleg<\/a>.<\/p>\n<\/div>\n<\/div>\n<hr \/>\n<p>Visite a <a href=\"http:\/\/www.dmastro.com.br\/dmastroblog\/dmastropedia-enciclopedia-da-astrologia-e-esoterismo\/\">DMAstrop\u00e9dia<\/a>, nossa enciclop\u00e9dia de Astrologia e Esoterismo, abaixo voc\u00ea pode clicar no \u00edndice.<\/p>\n<p><a href=\"http:\/\/www.dmastro.com.br\/dmastroblog\/enciclopedia-da-astrologia-e-esoterismo-a\/\">A<\/a> <a href=\"http:\/\/www.dmastro.com.br\/dmastroblog\/enciclopedia-da-astrologia-e-esoterismo-b\/\">B<\/a> <a href=\"http:\/\/www.dmastro.com.br\/dmastroblog\/enciclopedia-da-astrologia-e-esoterismo-c\/\">C<\/a> <a href=\"http:\/\/www.dmastro.com.br\/dmastroblog\/enciclopedia-da-astrologia-e-esoterismo-d\/\">D<\/a> <a href=\"http:\/\/www.dmastro.com.br\/dmastroblog\/enciclopedia-da-astrologia-e-esoterismo-e\/\">E<\/a> <a href=\"http:\/\/www.dmastro.com.br\/dmastroblog\/enciclopedia-da-astrologia-e-esoterismo-f\/\">F<\/a> <a href=\"http:\/\/www.dmastro.com.br\/dmastroblog\/enciclopedia-da-astrologia-e-esoterismo-g\/\">G<\/a> <a href=\"http:\/\/www.dmastro.com.br\/dmastroblog\/enciclopedia-da-astrologia-e-esoterismo-h\/\">H<\/a> <a href=\"http:\/\/www.dmastro.com.br\/dmastroblog\/enciclopedia-da-astrologia-e-esoterismo-i\/\">I<\/a> <a href=\"http:\/\/www.dmastro.com.br\/dmastroblog\/enciclopedia-da-astrologia-e-esoterismo-j\/\">J<\/a> <a href=\"http:\/\/www.dmastro.com.br\/dmastroblog\/enciclopedia-da-astrologia-e-esoterismo-k\/\">K<\/a> <a href=\"http:\/\/www.dmastro.com.br\/dmastroblog\/enciclopedia-da-astrologia-e-esoterismo-l\/\">L<\/a> <a href=\"http:\/\/www.dmastro.com.br\/dmastroblog\/enciclopedia-da-astrologia-e-esoterismo-m\/\">M<\/a> <a href=\"http:\/\/www.dmastro.com.br\/dmastroblog\/enciclopedia-da-astrologia-e-esoterismo-n\/\">N<\/a> <a href=\"http:\/\/www.dmastro.com.br\/dmastroblog\/enciclopedia-da-astrologia-e-esoterismo-o\/\">O<\/a> <a href=\"http:\/\/www.dmastro.com.br\/dmastroblog\/enciclopedia-da-astrologia-e-esoterismo-p\/\">P<\/a> <a href=\"http:\/\/www.dmastro.com.br\/dmastroblog\/enciclopedia-da-astrologia-e-esoterismo-q\/\">Q<\/a> <a href=\"http:\/\/www.dmastro.com.br\/dmastroblog\/enciclopedia-da-astrologia-e-esoterismo-r\/\">R<\/a> <a href=\"http:\/\/www.dmastro.com.br\/dmastroblog\/enciclopedia-da-astrologia-e-esoterismo-s\/\">S<\/a> <a href=\"http:\/\/www.dmastro.com.br\/dmastroblog\/enciclopedia-da-astrologia-e-esoterismo-t\/\">T<\/a> <a href=\"http:\/\/www.dmastro.com.br\/dmastroblog\/enciclopedia-da-astrologia-e-esoterismo-u\/\">U<\/a> <a href=\"http:\/\/www.dmastro.com.br\/dmastroblog\/enciclopedia-da-astrologia-e-esoterismo-v\/\">V<\/a> <a href=\"http:\/\/www.dmastro.com.br\/dmastroblog\/enciclopedia-da-astrologia-e-esoterismo-w\/\">W<\/a> <a href=\"http:\/\/www.dmastro.com.br\/dmastroblog\/enciclopedia-da-astrologia-e-esoterismo-x\/\">X<\/a> <a href=\"http:\/\/www.dmastro.com.br\/dmastroblog\/enciclopedia-da-astrologia-e-esoterismo-y\/\">Y<\/a> <a href=\"http:\/\/www.dmastro.com.br\/dmastroblog\/enciclopedia-da-astrologia-e-esoterismo-z\/\">Z<\/a><\/p>\n<hr \/>\n<p>Visite tamb\u00e9m a <a href=\"http:\/\/www.dmastroxp.com.br\" target=\"_blank\" rel=\"noopener noreferrer\">DMAstro XP<\/a>, nossa feira de astrologia, esoterismo e bem-estar em S\u00e3o Paulo no Anhembi em novembro de 2021.<\/p>\n<p>De uma passeada pelo nosso website, vendemos muitos cursos online, forma\u00e7\u00f5es e EADs.<\/p>\n<p>&nbsp;<\/p>\n","protected":false},"excerpt":{"rendered":"<p>Almochoden ou Alcohoden \u00e9 o termo \u00e1rabe para o Hyleg. Visite a DMAstrop\u00e9dia, nossa enciclop\u00e9dia de Astrologia e Esoterismo, abaixo voc\u00ea pode clicar no \u00edndice. A B C D E F G H I J K L M N O P Q R S T U V W X Y Z Visite tamb\u00e9m a DMAstro [&hellip;]<\/p>\n","protected":false},"author":1,"featured_media":0,"parent":3380,"menu_order":0,"comment_status":"closed","ping_status":"closed","template":"","meta":{"_themeisle_gutenberg_block_has_review":false,"jetpack_post_was_ever_published":false,"footnotes":""},"class_list":["post-3593","page","type-page","status-publish","hentry"],"yoast_head":"<!-- This site is optimized with the Yoast SEO Premium plugin v22.9 (Yoast SEO v27.3) - https:\/\/yoast.com\/product\/yoast-seo-premium-wordpress\/ -->\n<title>Almochoden ou Alcohoden - Escola de Astrologia DMAstro<\/title>\n<meta name=\"description\" content=\"O que \u00e9 Almochoden ou Alcohoden? Aprenda Astrologia e outros conhecimentos esot\u00e9ricos e ocultos na DMAstro Brasil e fique por dentro de tudo.\" \/>\n<meta name=\"robots\" content=\"index, follow, max-snippet:-1, max-image-preview:large, max-video-preview:-1\" \/>\n<link rel=\"canonical\" href=\"https:\/\/www.dmastro.com.br\/dmastroblog\/dmastropedia-enciclopedia-da-astrologia-e-esoterismo\/dmastropedia-enciclopedia-da-astrologia-e-esoterismo-a\/almochoden-ou-alcohoden\/\" \/>\n<meta property=\"og:locale\" content=\"pt_BR\" \/>\n<meta property=\"og:type\" content=\"article\" \/>\n<meta property=\"og:title\" content=\"Almochoden ou Alcohoden\" \/>\n<meta property=\"og:description\" content=\"O que \u00e9 Almochoden ou Alcohoden? Aprenda Astrologia e outros conhecimentos esot\u00e9ricos e ocultos na DMAstro Brasil e fique por dentro de tudo.\" \/>\n<meta property=\"og:url\" content=\"https:\/\/www.dmastro.com.br\/dmastroblog\/dmastropedia-enciclopedia-da-astrologia-e-esoterismo\/dmastropedia-enciclopedia-da-astrologia-e-esoterismo-a\/almochoden-ou-alcohoden\/\" \/>\n<meta property=\"og:site_name\" content=\"Escola de Astrologia DMAstro\" \/>\n<meta property=\"article:publisher\" content=\"https:\/\/www.facebook.com\/dmastrobr\" \/>\n<meta property=\"article:modified_time\" content=\"2020-10-04T06:33:06+00:00\" \/>\n<meta name=\"twitter:card\" content=\"summary_large_image\" \/>\n<meta name=\"twitter:site\" content=\"@dmastrobrasil\" \/>\n<script type=\"application\/ld+json\" class=\"yoast-schema-graph\">{\"@context\":\"https:\\\/\\\/schema.org\",\"@graph\":[{\"@type\":\"WebPage\",\"@id\":\"https:\\\/\\\/www.dmastro.com.br\\\/dmastroblog\\\/dmastropedia-enciclopedia-da-astrologia-e-esoterismo\\\/dmastropedia-enciclopedia-da-astrologia-e-esoterismo-a\\\/almochoden-ou-alcohoden\\\/\",\"url\":\"https:\\\/\\\/www.dmastro.com.br\\\/dmastroblog\\\/dmastropedia-enciclopedia-da-astrologia-e-esoterismo\\\/dmastropedia-enciclopedia-da-astrologia-e-esoterismo-a\\\/almochoden-ou-alcohoden\\\/\",\"name\":\"Almochoden ou Alcohoden - Escola de Astrologia DMAstro\",\"isPartOf\":{\"@id\":\"https:\\\/\\\/www.dmastro.com.br\\\/dmastroblog\\\/#website\"},\"datePublished\":\"2020-10-04T06:26:36+00:00\",\"dateModified\":\"2020-10-04T06:33:06+00:00\",\"description\":\"O que \u00e9 Almochoden ou Alcohoden? Aprenda Astrologia e outros conhecimentos esot\u00e9ricos e ocultos na DMAstro Brasil e fique por dentro de tudo.\",\"breadcrumb\":{\"@id\":\"https:\\\/\\\/www.dmastro.com.br\\\/dmastroblog\\\/dmastropedia-enciclopedia-da-astrologia-e-esoterismo\\\/dmastropedia-enciclopedia-da-astrologia-e-esoterismo-a\\\/almochoden-ou-alcohoden\\\/#breadcrumb\"},\"inLanguage\":\"pt-BR\",\"potentialAction\":[{\"@type\":\"ReadAction\",\"target\":[\"https:\\\/\\\/www.dmastro.com.br\\\/dmastroblog\\\/dmastropedia-enciclopedia-da-astrologia-e-esoterismo\\\/dmastropedia-enciclopedia-da-astrologia-e-esoterismo-a\\\/almochoden-ou-alcohoden\\\/\"]}]},{\"@type\":\"BreadcrumbList\",\"@id\":\"https:\\\/\\\/www.dmastro.com.br\\\/dmastroblog\\\/dmastropedia-enciclopedia-da-astrologia-e-esoterismo\\\/dmastropedia-enciclopedia-da-astrologia-e-esoterismo-a\\\/almochoden-ou-alcohoden\\\/#breadcrumb\",\"itemListElement\":[{\"@type\":\"ListItem\",\"position\":1,\"name\":\"In\u00edcio\",\"item\":\"https:\\\/\\\/www.dmastro.com.br\\\/dmastroblog\\\/\"},{\"@type\":\"ListItem\",\"position\":2,\"name\":\"DMAstrop\u00e9dia &#8211; Enciclop\u00e9dia da Astrologia e Esoterismo\",\"item\":\"https:\\\/\\\/www.dmastro.com.br\\\/dmastroblog\\\/dmastropedia-enciclopedia-da-astrologia-e-esoterismo\\\/\"},{\"@type\":\"ListItem\",\"position\":3,\"name\":\"DMAstrop\u00e9dia &#8211; Enciclop\u00e9dia da Astrologia e Esoterismo &#8211; A\",\"item\":\"https:\\\/\\\/www.dmastro.com.br\\\/dmastroblog\\\/dmastropedia-enciclopedia-da-astrologia-e-esoterismo\\\/dmastropedia-enciclopedia-da-astrologia-e-esoterismo-a\\\/\"},{\"@type\":\"ListItem\",\"position\":4,\"name\":\"Almochoden ou Alcohoden\"}]},{\"@type\":\"WebSite\",\"@id\":\"https:\\\/\\\/www.dmastro.com.br\\\/dmastroblog\\\/#website\",\"url\":\"https:\\\/\\\/www.dmastro.com.br\\\/dmastroblog\\\/\",\"name\":\"DMAstro Brasil\",\"description\":\"Curso Completo de Forma\u00e7\u00e3o\",\"publisher\":{\"@id\":\"https:\\\/\\\/www.dmastro.com.br\\\/dmastroblog\\\/#organization\"},\"potentialAction\":[{\"@type\":\"SearchAction\",\"target\":{\"@type\":\"EntryPoint\",\"urlTemplate\":\"https:\\\/\\\/www.dmastro.com.br\\\/dmastroblog\\\/?s={search_term_string}\"},\"query-input\":{\"@type\":\"PropertyValueSpecification\",\"valueRequired\":true,\"valueName\":\"search_term_string\"}}],\"inLanguage\":\"pt-BR\"},{\"@type\":\"Organization\",\"@id\":\"https:\\\/\\\/www.dmastro.com.br\\\/dmastroblog\\\/#organization\",\"name\":\"DMAstro Brasil\",\"url\":\"https:\\\/\\\/www.dmastro.com.br\\\/dmastroblog\\\/\",\"logo\":{\"@type\":\"ImageObject\",\"inLanguage\":\"pt-BR\",\"@id\":\"https:\\\/\\\/www.dmastro.com.br\\\/dmastroblog\\\/#\\\/schema\\\/logo\\\/image\\\/\",\"url\":\"https:\\\/\\\/www.dmastro.com.br\\\/dmastroblog\\\/wp-content\\\/uploads\\\/2018\\\/12\\\/logotipo-dmastro-brasil.png\",\"contentUrl\":\"https:\\\/\\\/www.dmastro.com.br\\\/dmastroblog\\\/wp-content\\\/uploads\\\/2018\\\/12\\\/logotipo-dmastro-brasil.png\",\"width\":180,\"height\":180,\"caption\":\"DMAstro Brasil\"},\"image\":{\"@id\":\"https:\\\/\\\/www.dmastro.com.br\\\/dmastroblog\\\/#\\\/schema\\\/logo\\\/image\\\/\"},\"sameAs\":[\"https:\\\/\\\/www.facebook.com\\\/dmastrobr\",\"https:\\\/\\\/x.com\\\/dmastrobrasil\",\"https:\\\/\\\/www.instagram.com\\\/dmastrobrasil\\\/\"]}]}<\/script>\n<!-- \/ Yoast SEO Premium plugin. -->","yoast_head_json":{"title":"Almochoden ou Alcohoden - Escola de Astrologia DMAstro","description":"O que \u00e9 Almochoden ou Alcohoden? Aprenda Astrologia e outros conhecimentos esot\u00e9ricos e ocultos na DMAstro Brasil e fique por dentro de tudo.","robots":{"index":"index","follow":"follow","max-snippet":"max-snippet:-1","max-image-preview":"max-image-preview:large","max-video-preview":"max-video-preview:-1"},"canonical":"https:\/\/www.dmastro.com.br\/dmastroblog\/dmastropedia-enciclopedia-da-astrologia-e-esoterismo\/dmastropedia-enciclopedia-da-astrologia-e-esoterismo-a\/almochoden-ou-alcohoden\/","og_locale":"pt_BR","og_type":"article","og_title":"Almochoden ou Alcohoden","og_description":"O que \u00e9 Almochoden ou Alcohoden? Aprenda Astrologia e outros conhecimentos esot\u00e9ricos e ocultos na DMAstro Brasil e fique por dentro de tudo.","og_url":"https:\/\/www.dmastro.com.br\/dmastroblog\/dmastropedia-enciclopedia-da-astrologia-e-esoterismo\/dmastropedia-enciclopedia-da-astrologia-e-esoterismo-a\/almochoden-ou-alcohoden\/","og_site_name":"Escola de Astrologia DMAstro","article_publisher":"https:\/\/www.facebook.com\/dmastrobr","article_modified_time":"2020-10-04T06:33:06+00:00","twitter_card":"summary_large_image","twitter_site":"@dmastrobrasil","schema":{"@context":"https:\/\/schema.org","@graph":[{"@type":"WebPage","@id":"https:\/\/www.dmastro.com.br\/dmastroblog\/dmastropedia-enciclopedia-da-astrologia-e-esoterismo\/dmastropedia-enciclopedia-da-astrologia-e-esoterismo-a\/almochoden-ou-alcohoden\/","url":"https:\/\/www.dmastro.com.br\/dmastroblog\/dmastropedia-enciclopedia-da-astrologia-e-esoterismo\/dmastropedia-enciclopedia-da-astrologia-e-esoterismo-a\/almochoden-ou-alcohoden\/","name":"Almochoden ou Alcohoden - Escola de Astrologia DMAstro","isPartOf":{"@id":"https:\/\/www.dmastro.com.br\/dmastroblog\/#website"},"datePublished":"2020-10-04T06:26:36+00:00","dateModified":"2020-10-04T06:33:06+00:00","description":"O que \u00e9 Almochoden ou Alcohoden? Aprenda Astrologia e outros conhecimentos esot\u00e9ricos e ocultos na DMAstro Brasil e fique por dentro de tudo.","breadcrumb":{"@id":"https:\/\/www.dmastro.com.br\/dmastroblog\/dmastropedia-enciclopedia-da-astrologia-e-esoterismo\/dmastropedia-enciclopedia-da-astrologia-e-esoterismo-a\/almochoden-ou-alcohoden\/#breadcrumb"},"inLanguage":"pt-BR","potentialAction":[{"@type":"ReadAction","target":["https:\/\/www.dmastro.com.br\/dmastroblog\/dmastropedia-enciclopedia-da-astrologia-e-esoterismo\/dmastropedia-enciclopedia-da-astrologia-e-esoterismo-a\/almochoden-ou-alcohoden\/"]}]},{"@type":"BreadcrumbList","@id":"https:\/\/www.dmastro.com.br\/dmastroblog\/dmastropedia-enciclopedia-da-astrologia-e-esoterismo\/dmastropedia-enciclopedia-da-astrologia-e-esoterismo-a\/almochoden-ou-alcohoden\/#breadcrumb","itemListElement":[{"@type":"ListItem","position":1,"name":"In\u00edcio","item":"https:\/\/www.dmastro.com.br\/dmastroblog\/"},{"@type":"ListItem","position":2,"name":"DMAstrop\u00e9dia &#8211; Enciclop\u00e9dia da Astrologia e Esoterismo","item":"https:\/\/www.dmastro.com.br\/dmastroblog\/dmastropedia-enciclopedia-da-astrologia-e-esoterismo\/"},{"@type":"ListItem","position":3,"name":"DMAstrop\u00e9dia &#8211; Enciclop\u00e9dia da Astrologia e Esoterismo &#8211; A","item":"https:\/\/www.dmastro.com.br\/dmastroblog\/dmastropedia-enciclopedia-da-astrologia-e-esoterismo\/dmastropedia-enciclopedia-da-astrologia-e-esoterismo-a\/"},{"@type":"ListItem","position":4,"name":"Almochoden ou Alcohoden"}]},{"@type":"WebSite","@id":"https:\/\/www.dmastro.com.br\/dmastroblog\/#website","url":"https:\/\/www.dmastro.com.br\/dmastroblog\/","name":"DMAstro Brasil","description":"Curso Completo de Forma\u00e7\u00e3o","publisher":{"@id":"https:\/\/www.dmastro.com.br\/dmastroblog\/#organization"},"potentialAction":[{"@type":"SearchAction","target":{"@type":"EntryPoint","urlTemplate":"https:\/\/www.dmastro.com.br\/dmastroblog\/?s={search_term_string}"},"query-input":{"@type":"PropertyValueSpecification","valueRequired":true,"valueName":"search_term_string"}}],"inLanguage":"pt-BR"},{"@type":"Organization","@id":"https:\/\/www.dmastro.com.br\/dmastroblog\/#organization","name":"DMAstro Brasil","url":"https:\/\/www.dmastro.com.br\/dmastroblog\/","logo":{"@type":"ImageObject","inLanguage":"pt-BR","@id":"https:\/\/www.dmastro.com.br\/dmastroblog\/#\/schema\/logo\/image\/","url":"https:\/\/www.dmastro.com.br\/dmastroblog\/wp-content\/uploads\/2018\/12\/logotipo-dmastro-brasil.png","contentUrl":"https:\/\/www.dmastro.com.br\/dmastroblog\/wp-content\/uploads\/2018\/12\/logotipo-dmastro-brasil.png","width":180,"height":180,"caption":"DMAstro Brasil"},"image":{"@id":"https:\/\/www.dmastro.com.br\/dmastroblog\/#\/schema\/logo\/image\/"},"sameAs":["https:\/\/www.facebook.com\/dmastrobr","https:\/\/x.com\/dmastrobrasil","https:\/\/www.instagram.com\/dmastrobrasil\/"]}]}},"jetpack_sharing_enabled":true,"jetpack_shortlink":"https:\/\/wp.me\/P99nMN-VX","jetpack_likes_enabled":false,"publishpress_future_action":{"enabled":false,"date":"2026-05-07 15:01:48","action":"change-status","newStatus":"draft","terms":[],"taxonomy":"","extraData":[]},"publishpress_future_workflow_manual_trigger":{"enabledWorkflows":[]},"_links":{"self":[{"href":"https:\/\/www.dmastro.com.br\/dmastroblog\/wp-json\/wp\/v2\/pages\/3593","targetHints":{"allow":["GET"]}}],"collection":[{"href":"https:\/\/www.dmastro.com.br\/dmastroblog\/wp-json\/wp\/v2\/pages"}],"about":[{"href":"https:\/\/www.dmastro.com.br\/dmastroblog\/wp-json\/wp\/v2\/types\/page"}],"author":[{"embeddable":true,"href":"https:\/\/www.dmastro.com.br\/dmastroblog\/wp-json\/wp\/v2\/users\/1"}],"replies":[{"embeddable":true,"href":"https:\/\/www.dmastro.com.br\/dmastroblog\/wp-json\/wp\/v2\/comments?post=3593"}],"version-history":[{"count":2,"href":"https:\/\/www.dmastro.com.br\/dmastroblog\/wp-json\/wp\/v2\/pages\/3593\/revisions"}],"predecessor-version":[{"id":3654,"href":"https:\/\/www.dmastro.com.br\/dmastroblog\/wp-json\/wp\/v2\/pages\/3593\/revisions\/3654"}],"up":[{"embeddable":true,"href":"https:\/\/www.dmastro.com.br\/dmastroblog\/wp-json\/wp\/v2\/pages\/3380"}],"wp:attachment":[{"href":"https:\/\/www.dmastro.com.br\/dmastroblog\/wp-json\/wp\/v2\/media?parent=3593"}],"curies":[{"name":"wp","href":"https:\/\/api.w.org\/{rel}","templated":true}]}}