{"id":3536,"date":"2020-10-03T20:53:15","date_gmt":"2020-10-03T23:53:15","guid":{"rendered":"http:\/\/www.dmastro.com.br\/dmastroblog\/?page_id=3536"},"modified":"2020-10-04T01:21:19","modified_gmt":"2020-10-04T04:21:19","slug":"zodiaco","status":"publish","type":"page","link":"https:\/\/www.dmastro.com.br\/dmastroblog\/dmastropedia-enciclopedia-da-astrologia-e-esoterismo\/enciclopedia-da-astrologia-e-esoterismo-z\/zodiaco\/","title":{"rendered":"Zod\u00edaco"},"content":{"rendered":"<p>Zod\u00edaco \u00e9 um c\u00edrculo ou cintur\u00e3o, que antigamente se dizia que se estendia por cerca de 8 graus em cada lado da ecl\u00edptica (q.v.). Astr\u00f4nomos modernos o ampliaram para 9 graus de cada lado, por causa das latitudes extremas que V\u00eanus e Marte atingem. A posi\u00e7\u00e3o de qualquer planeta dentro ou de qualquer estrela dentro ou fora do zod\u00edaco \u00e9 medida por uma perpendicular \u00e0 ecl\u00edptica. O ponto onde esta perpendicular encontra a ecl\u00edptica \u00e9 a longitude geoc\u00eantrica da estrela ou planeta. Em certo sentido, o zod\u00edaco \u00e9 id\u00eantico \u00e0 ecl\u00edptica, pois ambos s\u00e3o medidos a partir de um ponto de in\u00edcio no equin\u00f3cio vernal. v. Esfera Celestial.<\/p>\n<hr \/>\n<p>Visite a <a href=\"http:\/\/www.dmastro.com.br\/dmastroblog\/dmastropedia-enciclopedia-da-astrologia-e-esoterismo\/\">DMAstrop\u00e9dia<\/a>, nossa enciclop\u00e9dia de Astrologia e Esoterismo, abaixo voc\u00ea pode clicar no \u00edndice.<\/p>\n<p><a href=\"http:\/\/www.dmastro.com.br\/dmastroblog\/enciclopedia-da-astrologia-e-esoterismo-a\/\">A<\/a> <a href=\"http:\/\/www.dmastro.com.br\/dmastroblog\/enciclopedia-da-astrologia-e-esoterismo-b\/\">B<\/a> <a href=\"http:\/\/www.dmastro.com.br\/dmastroblog\/enciclopedia-da-astrologia-e-esoterismo-c\/\">C<\/a> <a href=\"http:\/\/www.dmastro.com.br\/dmastroblog\/enciclopedia-da-astrologia-e-esoterismo-d\/\">D<\/a> <a href=\"http:\/\/www.dmastro.com.br\/dmastroblog\/enciclopedia-da-astrologia-e-esoterismo-e\/\">E<\/a> <a href=\"http:\/\/www.dmastro.com.br\/dmastroblog\/enciclopedia-da-astrologia-e-esoterismo-f\/\">F<\/a> <a href=\"http:\/\/www.dmastro.com.br\/dmastroblog\/enciclopedia-da-astrologia-e-esoterismo-g\/\">G<\/a> <a href=\"http:\/\/www.dmastro.com.br\/dmastroblog\/enciclopedia-da-astrologia-e-esoterismo-h\/\">H<\/a> <a href=\"http:\/\/www.dmastro.com.br\/dmastroblog\/enciclopedia-da-astrologia-e-esoterismo-i\/\">I<\/a> <a href=\"http:\/\/www.dmastro.com.br\/dmastroblog\/enciclopedia-da-astrologia-e-esoterismo-j\/\">J<\/a> <a href=\"http:\/\/www.dmastro.com.br\/dmastroblog\/enciclopedia-da-astrologia-e-esoterismo-k\/\">K<\/a> <a href=\"http:\/\/www.dmastro.com.br\/dmastroblog\/enciclopedia-da-astrologia-e-esoterismo-l\/\">L<\/a> <a href=\"http:\/\/www.dmastro.com.br\/dmastroblog\/enciclopedia-da-astrologia-e-esoterismo-m\/\">M<\/a> <a href=\"http:\/\/www.dmastro.com.br\/dmastroblog\/enciclopedia-da-astrologia-e-esoterismo-n\/\">N<\/a> <a href=\"http:\/\/www.dmastro.com.br\/dmastroblog\/enciclopedia-da-astrologia-e-esoterismo-o\/\">O<\/a> <a href=\"http:\/\/www.dmastro.com.br\/dmastroblog\/enciclopedia-da-astrologia-e-esoterismo-p\/\">P<\/a> <a href=\"http:\/\/www.dmastro.com.br\/dmastroblog\/enciclopedia-da-astrologia-e-esoterismo-q\/\">Q<\/a> <a href=\"http:\/\/www.dmastro.com.br\/dmastroblog\/enciclopedia-da-astrologia-e-esoterismo-r\/\">R<\/a> <a href=\"http:\/\/www.dmastro.com.br\/dmastroblog\/enciclopedia-da-astrologia-e-esoterismo-s\/\">S<\/a> <a href=\"http:\/\/www.dmastro.com.br\/dmastroblog\/enciclopedia-da-astrologia-e-esoterismo-t\/\">T<\/a> <a href=\"http:\/\/www.dmastro.com.br\/dmastroblog\/enciclopedia-da-astrologia-e-esoterismo-u\/\">U<\/a> <a href=\"http:\/\/www.dmastro.com.br\/dmastroblog\/enciclopedia-da-astrologia-e-esoterismo-v\/\">V<\/a> <a href=\"http:\/\/www.dmastro.com.br\/dmastroblog\/enciclopedia-da-astrologia-e-esoterismo-w\/\">W<\/a> <a href=\"http:\/\/www.dmastro.com.br\/dmastroblog\/enciclopedia-da-astrologia-e-esoterismo-x\/\">X<\/a> <a href=\"http:\/\/www.dmastro.com.br\/dmastroblog\/enciclopedia-da-astrologia-e-esoterismo-y\/\">Y<\/a> <a href=\"http:\/\/www.dmastro.com.br\/dmastroblog\/enciclopedia-da-astrologia-e-esoterismo-z\/\">Z<\/a><\/p>\n<hr \/>\n<p>Visite tamb\u00e9m a <a href=\"http:\/\/www.dmastroxp.com.br\" target=\"_blank\" rel=\"noopener noreferrer\">DMAstro XP<\/a>, nossa feira de astrologia, esoterismo e bem-estar em S\u00e3o Paulo no Anhembi em novembro de 2021.<\/p>\n<p>De uma passeada pelo nosso website, vendemos muitos cursos online, forma\u00e7\u00f5es e EADs.<\/p>\n<p>&nbsp;<\/p>\n<p>&nbsp;<\/p>\n","protected":false},"excerpt":{"rendered":"<p>Zod\u00edaco \u00e9 um c\u00edrculo ou cintur\u00e3o, que antigamente se dizia que se estendia por cerca de 8 graus em cada lado da ecl\u00edptica (q.v.). Astr\u00f4nomos modernos o ampliaram para 9 graus de cada lado, por causa das latitudes extremas que V\u00eanus e Marte atingem. A posi\u00e7\u00e3o de qualquer planeta dentro ou de qualquer estrela dentro [&hellip;]<\/p>\n","protected":false},"author":1,"featured_media":0,"parent":3462,"menu_order":0,"comment_status":"closed","ping_status":"closed","template":"","meta":{"_themeisle_gutenberg_block_has_review":false,"jetpack_post_was_ever_published":false,"footnotes":""},"class_list":["post-3536","page","type-page","status-publish","hentry"],"yoast_head":"<!-- This site is optimized with the Yoast SEO Premium plugin v22.9 (Yoast SEO v27.3) - https:\/\/yoast.com\/product\/yoast-seo-premium-wordpress\/ -->\n<title>Zod\u00edaco - Escola de Astrologia DMAstro<\/title>\n<meta name=\"description\" content=\"O que \u00e9 o Zod\u00edaco? Aprenda Astrologia e outros conhecimentos esot\u00e9ricos e ocultos na DMAstro Brasil e fique por dentro de tudo.\" \/>\n<meta name=\"robots\" content=\"index, follow, max-snippet:-1, max-image-preview:large, max-video-preview:-1\" \/>\n<link rel=\"canonical\" href=\"https:\/\/www.dmastro.com.br\/dmastroblog\/dmastropedia-enciclopedia-da-astrologia-e-esoterismo\/enciclopedia-da-astrologia-e-esoterismo-z\/zodiaco\/\" \/>\n<meta property=\"og:locale\" content=\"pt_BR\" \/>\n<meta property=\"og:type\" content=\"article\" \/>\n<meta property=\"og:title\" content=\"Zod\u00edaco\" \/>\n<meta property=\"og:description\" content=\"O que \u00e9 o Zod\u00edaco? Aprenda Astrologia e outros conhecimentos esot\u00e9ricos e ocultos na DMAstro Brasil e fique por dentro de tudo.\" \/>\n<meta property=\"og:url\" content=\"https:\/\/www.dmastro.com.br\/dmastroblog\/dmastropedia-enciclopedia-da-astrologia-e-esoterismo\/enciclopedia-da-astrologia-e-esoterismo-z\/zodiaco\/\" \/>\n<meta property=\"og:site_name\" content=\"Escola de Astrologia DMAstro\" \/>\n<meta property=\"article:publisher\" content=\"https:\/\/www.facebook.com\/dmastrobr\" \/>\n<meta property=\"article:modified_time\" content=\"2020-10-04T04:21:19+00:00\" \/>\n<meta name=\"twitter:card\" content=\"summary_large_image\" \/>\n<meta name=\"twitter:site\" content=\"@dmastrobrasil\" \/>\n<meta name=\"twitter:label1\" content=\"Est. tempo de leitura\" \/>\n\t<meta name=\"twitter:data1\" content=\"1 minuto\" \/>\n<script type=\"application\/ld+json\" class=\"yoast-schema-graph\">{\"@context\":\"https:\\\/\\\/schema.org\",\"@graph\":[{\"@type\":\"WebPage\",\"@id\":\"https:\\\/\\\/www.dmastro.com.br\\\/dmastroblog\\\/dmastropedia-enciclopedia-da-astrologia-e-esoterismo\\\/enciclopedia-da-astrologia-e-esoterismo-z\\\/zodiaco\\\/\",\"url\":\"https:\\\/\\\/www.dmastro.com.br\\\/dmastroblog\\\/dmastropedia-enciclopedia-da-astrologia-e-esoterismo\\\/enciclopedia-da-astrologia-e-esoterismo-z\\\/zodiaco\\\/\",\"name\":\"Zod\u00edaco - Escola de Astrologia DMAstro\",\"isPartOf\":{\"@id\":\"https:\\\/\\\/www.dmastro.com.br\\\/dmastroblog\\\/#website\"},\"datePublished\":\"2020-10-03T23:53:15+00:00\",\"dateModified\":\"2020-10-04T04:21:19+00:00\",\"description\":\"O que \u00e9 o Zod\u00edaco? Aprenda Astrologia e outros conhecimentos esot\u00e9ricos e ocultos na DMAstro Brasil e fique por dentro de tudo.\",\"breadcrumb\":{\"@id\":\"https:\\\/\\\/www.dmastro.com.br\\\/dmastroblog\\\/dmastropedia-enciclopedia-da-astrologia-e-esoterismo\\\/enciclopedia-da-astrologia-e-esoterismo-z\\\/zodiaco\\\/#breadcrumb\"},\"inLanguage\":\"pt-BR\",\"potentialAction\":[{\"@type\":\"ReadAction\",\"target\":[\"https:\\\/\\\/www.dmastro.com.br\\\/dmastroblog\\\/dmastropedia-enciclopedia-da-astrologia-e-esoterismo\\\/enciclopedia-da-astrologia-e-esoterismo-z\\\/zodiaco\\\/\"]}]},{\"@type\":\"BreadcrumbList\",\"@id\":\"https:\\\/\\\/www.dmastro.com.br\\\/dmastroblog\\\/dmastropedia-enciclopedia-da-astrologia-e-esoterismo\\\/enciclopedia-da-astrologia-e-esoterismo-z\\\/zodiaco\\\/#breadcrumb\",\"itemListElement\":[{\"@type\":\"ListItem\",\"position\":1,\"name\":\"In\u00edcio\",\"item\":\"https:\\\/\\\/www.dmastro.com.br\\\/dmastroblog\\\/\"},{\"@type\":\"ListItem\",\"position\":2,\"name\":\"DMAstrop\u00e9dia &#8211; Enciclop\u00e9dia da Astrologia e Esoterismo\",\"item\":\"https:\\\/\\\/www.dmastro.com.br\\\/dmastroblog\\\/dmastropedia-enciclopedia-da-astrologia-e-esoterismo\\\/\"},{\"@type\":\"ListItem\",\"position\":3,\"name\":\"Enciclop\u00e9dia da Astrologia e Esoterismo &#8211; Z\",\"item\":\"https:\\\/\\\/www.dmastro.com.br\\\/dmastroblog\\\/dmastropedia-enciclopedia-da-astrologia-e-esoterismo\\\/enciclopedia-da-astrologia-e-esoterismo-z\\\/\"},{\"@type\":\"ListItem\",\"position\":4,\"name\":\"Zod\u00edaco\"}]},{\"@type\":\"WebSite\",\"@id\":\"https:\\\/\\\/www.dmastro.com.br\\\/dmastroblog\\\/#website\",\"url\":\"https:\\\/\\\/www.dmastro.com.br\\\/dmastroblog\\\/\",\"name\":\"DMAstro Brasil\",\"description\":\"Curso Completo de Forma\u00e7\u00e3o\",\"publisher\":{\"@id\":\"https:\\\/\\\/www.dmastro.com.br\\\/dmastroblog\\\/#organization\"},\"potentialAction\":[{\"@type\":\"SearchAction\",\"target\":{\"@type\":\"EntryPoint\",\"urlTemplate\":\"https:\\\/\\\/www.dmastro.com.br\\\/dmastroblog\\\/?s={search_term_string}\"},\"query-input\":{\"@type\":\"PropertyValueSpecification\",\"valueRequired\":true,\"valueName\":\"search_term_string\"}}],\"inLanguage\":\"pt-BR\"},{\"@type\":\"Organization\",\"@id\":\"https:\\\/\\\/www.dmastro.com.br\\\/dmastroblog\\\/#organization\",\"name\":\"DMAstro Brasil\",\"url\":\"https:\\\/\\\/www.dmastro.com.br\\\/dmastroblog\\\/\",\"logo\":{\"@type\":\"ImageObject\",\"inLanguage\":\"pt-BR\",\"@id\":\"https:\\\/\\\/www.dmastro.com.br\\\/dmastroblog\\\/#\\\/schema\\\/logo\\\/image\\\/\",\"url\":\"https:\\\/\\\/www.dmastro.com.br\\\/dmastroblog\\\/wp-content\\\/uploads\\\/2018\\\/12\\\/logotipo-dmastro-brasil.png\",\"contentUrl\":\"https:\\\/\\\/www.dmastro.com.br\\\/dmastroblog\\\/wp-content\\\/uploads\\\/2018\\\/12\\\/logotipo-dmastro-brasil.png\",\"width\":180,\"height\":180,\"caption\":\"DMAstro Brasil\"},\"image\":{\"@id\":\"https:\\\/\\\/www.dmastro.com.br\\\/dmastroblog\\\/#\\\/schema\\\/logo\\\/image\\\/\"},\"sameAs\":[\"https:\\\/\\\/www.facebook.com\\\/dmastrobr\",\"https:\\\/\\\/x.com\\\/dmastrobrasil\",\"https:\\\/\\\/www.instagram.com\\\/dmastrobrasil\\\/\"]}]}<\/script>\n<!-- \/ Yoast SEO Premium plugin. -->","yoast_head_json":{"title":"Zod\u00edaco - Escola de Astrologia DMAstro","description":"O que \u00e9 o Zod\u00edaco? Aprenda Astrologia e outros conhecimentos esot\u00e9ricos e ocultos na DMAstro Brasil e fique por dentro de tudo.","robots":{"index":"index","follow":"follow","max-snippet":"max-snippet:-1","max-image-preview":"max-image-preview:large","max-video-preview":"max-video-preview:-1"},"canonical":"https:\/\/www.dmastro.com.br\/dmastroblog\/dmastropedia-enciclopedia-da-astrologia-e-esoterismo\/enciclopedia-da-astrologia-e-esoterismo-z\/zodiaco\/","og_locale":"pt_BR","og_type":"article","og_title":"Zod\u00edaco","og_description":"O que \u00e9 o Zod\u00edaco? Aprenda Astrologia e outros conhecimentos esot\u00e9ricos e ocultos na DMAstro Brasil e fique por dentro de tudo.","og_url":"https:\/\/www.dmastro.com.br\/dmastroblog\/dmastropedia-enciclopedia-da-astrologia-e-esoterismo\/enciclopedia-da-astrologia-e-esoterismo-z\/zodiaco\/","og_site_name":"Escola de Astrologia DMAstro","article_publisher":"https:\/\/www.facebook.com\/dmastrobr","article_modified_time":"2020-10-04T04:21:19+00:00","twitter_card":"summary_large_image","twitter_site":"@dmastrobrasil","twitter_misc":{"Est. tempo de leitura":"1 minuto"},"schema":{"@context":"https:\/\/schema.org","@graph":[{"@type":"WebPage","@id":"https:\/\/www.dmastro.com.br\/dmastroblog\/dmastropedia-enciclopedia-da-astrologia-e-esoterismo\/enciclopedia-da-astrologia-e-esoterismo-z\/zodiaco\/","url":"https:\/\/www.dmastro.com.br\/dmastroblog\/dmastropedia-enciclopedia-da-astrologia-e-esoterismo\/enciclopedia-da-astrologia-e-esoterismo-z\/zodiaco\/","name":"Zod\u00edaco - Escola de Astrologia DMAstro","isPartOf":{"@id":"https:\/\/www.dmastro.com.br\/dmastroblog\/#website"},"datePublished":"2020-10-03T23:53:15+00:00","dateModified":"2020-10-04T04:21:19+00:00","description":"O que \u00e9 o Zod\u00edaco? Aprenda Astrologia e outros conhecimentos esot\u00e9ricos e ocultos na DMAstro Brasil e fique por dentro de tudo.","breadcrumb":{"@id":"https:\/\/www.dmastro.com.br\/dmastroblog\/dmastropedia-enciclopedia-da-astrologia-e-esoterismo\/enciclopedia-da-astrologia-e-esoterismo-z\/zodiaco\/#breadcrumb"},"inLanguage":"pt-BR","potentialAction":[{"@type":"ReadAction","target":["https:\/\/www.dmastro.com.br\/dmastroblog\/dmastropedia-enciclopedia-da-astrologia-e-esoterismo\/enciclopedia-da-astrologia-e-esoterismo-z\/zodiaco\/"]}]},{"@type":"BreadcrumbList","@id":"https:\/\/www.dmastro.com.br\/dmastroblog\/dmastropedia-enciclopedia-da-astrologia-e-esoterismo\/enciclopedia-da-astrologia-e-esoterismo-z\/zodiaco\/#breadcrumb","itemListElement":[{"@type":"ListItem","position":1,"name":"In\u00edcio","item":"https:\/\/www.dmastro.com.br\/dmastroblog\/"},{"@type":"ListItem","position":2,"name":"DMAstrop\u00e9dia &#8211; Enciclop\u00e9dia da Astrologia e Esoterismo","item":"https:\/\/www.dmastro.com.br\/dmastroblog\/dmastropedia-enciclopedia-da-astrologia-e-esoterismo\/"},{"@type":"ListItem","position":3,"name":"Enciclop\u00e9dia da Astrologia e Esoterismo &#8211; Z","item":"https:\/\/www.dmastro.com.br\/dmastroblog\/dmastropedia-enciclopedia-da-astrologia-e-esoterismo\/enciclopedia-da-astrologia-e-esoterismo-z\/"},{"@type":"ListItem","position":4,"name":"Zod\u00edaco"}]},{"@type":"WebSite","@id":"https:\/\/www.dmastro.com.br\/dmastroblog\/#website","url":"https:\/\/www.dmastro.com.br\/dmastroblog\/","name":"DMAstro Brasil","description":"Curso Completo de Forma\u00e7\u00e3o","publisher":{"@id":"https:\/\/www.dmastro.com.br\/dmastroblog\/#organization"},"potentialAction":[{"@type":"SearchAction","target":{"@type":"EntryPoint","urlTemplate":"https:\/\/www.dmastro.com.br\/dmastroblog\/?s={search_term_string}"},"query-input":{"@type":"PropertyValueSpecification","valueRequired":true,"valueName":"search_term_string"}}],"inLanguage":"pt-BR"},{"@type":"Organization","@id":"https:\/\/www.dmastro.com.br\/dmastroblog\/#organization","name":"DMAstro Brasil","url":"https:\/\/www.dmastro.com.br\/dmastroblog\/","logo":{"@type":"ImageObject","inLanguage":"pt-BR","@id":"https:\/\/www.dmastro.com.br\/dmastroblog\/#\/schema\/logo\/image\/","url":"https:\/\/www.dmastro.com.br\/dmastroblog\/wp-content\/uploads\/2018\/12\/logotipo-dmastro-brasil.png","contentUrl":"https:\/\/www.dmastro.com.br\/dmastroblog\/wp-content\/uploads\/2018\/12\/logotipo-dmastro-brasil.png","width":180,"height":180,"caption":"DMAstro Brasil"},"image":{"@id":"https:\/\/www.dmastro.com.br\/dmastroblog\/#\/schema\/logo\/image\/"},"sameAs":["https:\/\/www.facebook.com\/dmastrobr","https:\/\/x.com\/dmastrobrasil","https:\/\/www.instagram.com\/dmastrobrasil\/"]}]}},"jetpack_sharing_enabled":true,"jetpack_shortlink":"https:\/\/wp.me\/P99nMN-V2","jetpack_likes_enabled":false,"publishpress_future_action":{"enabled":false,"date":"2026-05-07 13:22:26","action":"change-status","newStatus":"draft","terms":[],"taxonomy":"","extraData":[]},"publishpress_future_workflow_manual_trigger":{"enabledWorkflows":[]},"_links":{"self":[{"href":"https:\/\/www.dmastro.com.br\/dmastroblog\/wp-json\/wp\/v2\/pages\/3536","targetHints":{"allow":["GET"]}}],"collection":[{"href":"https:\/\/www.dmastro.com.br\/dmastroblog\/wp-json\/wp\/v2\/pages"}],"about":[{"href":"https:\/\/www.dmastro.com.br\/dmastroblog\/wp-json\/wp\/v2\/types\/page"}],"author":[{"embeddable":true,"href":"https:\/\/www.dmastro.com.br\/dmastroblog\/wp-json\/wp\/v2\/users\/1"}],"replies":[{"embeddable":true,"href":"https:\/\/www.dmastro.com.br\/dmastroblog\/wp-json\/wp\/v2\/comments?post=3536"}],"version-history":[{"count":5,"href":"https:\/\/www.dmastro.com.br\/dmastroblog\/wp-json\/wp\/v2\/pages\/3536\/revisions"}],"predecessor-version":[{"id":3587,"href":"https:\/\/www.dmastro.com.br\/dmastroblog\/wp-json\/wp\/v2\/pages\/3536\/revisions\/3587"}],"up":[{"embeddable":true,"href":"https:\/\/www.dmastro.com.br\/dmastroblog\/wp-json\/wp\/v2\/pages\/3462"}],"wp:attachment":[{"href":"https:\/\/www.dmastro.com.br\/dmastroblog\/wp-json\/wp\/v2\/media?parent=3536"}],"curies":[{"name":"wp","href":"https:\/\/api.w.org\/{rel}","templated":true}]}}