{"id":3403,"date":"2020-09-25T21:16:03","date_gmt":"2020-09-26T00:16:03","guid":{"rendered":"http:\/\/www.dmastro.com.br\/dmastroblog\/?page_id=3403"},"modified":"2020-09-25T22:31:03","modified_gmt":"2020-09-26T01:31:03","slug":"enciclopedia-da-astrologia-e-esoterismo-t","status":"publish","type":"page","link":"https:\/\/www.dmastro.com.br\/dmastroblog\/enciclopedia-da-astrologia-e-esoterismo-t\/","title":{"rendered":"Enciclop\u00e9dia da Astrologia e Esoterismo &#8211; T"},"content":{"rendered":"<table width=\"204\">\n<tbody>\n<tr>\n<td width=\"204\">Tabela de tempos de Naibod<\/td>\n<\/tr>\n<tr>\n<td>T-cross<\/td>\n<\/tr>\n<tr>\n<td>Telepatia<\/td>\n<\/tr>\n<tr>\n<td>Telesc\u00f3pio<\/td>\n<\/tr>\n<tr>\n<td>Templo de Salom\u00e3o<\/td>\n<\/tr>\n<tr>\n<td>Tempo<\/td>\n<\/tr>\n<tr>\n<td>Tempo de Ascens\u00e3o de um Planeta, Como Aproximar o<\/td>\n<\/tr>\n<tr>\n<td>Tempo de guerra<\/td>\n<\/tr>\n<tr>\n<td>Tempo M\u00e9dio<\/td>\n<\/tr>\n<tr>\n<td>Tempo Sideral<\/td>\n<\/tr>\n<tr>\n<td>Termos dos planetas<\/td>\n<\/tr>\n<tr>\n<td>Testemunho<\/td>\n<\/tr>\n<tr>\n<td>Tetrabiblios<\/td>\n<\/tr>\n<tr>\n<td>Tetractys &#8211; dez pontos simb\u00f3licos<\/td>\n<\/tr>\n<tr>\n<td>Tetr\u00e1gono, n. Tetragonous,<\/td>\n<\/tr>\n<tr>\n<td>Thema Coeli<\/td>\n<\/tr>\n<tr>\n<td>Tipo de Iniciativa<\/td>\n<\/tr>\n<tr>\n<td>Tipo Dedutivo<\/td>\n<\/tr>\n<tr>\n<td>Tipo Executivo<\/td>\n<\/tr>\n<tr>\n<td>Touro<\/td>\n<\/tr>\n<tr>\n<td>Tradu\u00e7\u00e3o de luz<\/td>\n<\/tr>\n<tr>\n<td>Transito<\/td>\n<\/tr>\n<tr>\n<td>Tr\u00e2nsito de um planeta no Sol<\/td>\n<\/tr>\n<tr>\n<td>Tr\u00e2nsito Gradial, Arco de<\/td>\n<\/tr>\n<tr>\n<td>Transitor<\/td>\n<\/tr>\n<tr>\n<td>Transmuta\u00e7\u00e3o<\/td>\n<\/tr>\n<tr>\n<td>Trigon<\/td>\n<\/tr>\n<tr>\n<td>Trigonocrators<\/td>\n<\/tr>\n<tr>\n<td>Trimorion<\/td>\n<\/tr>\n<tr>\n<td>Trindades<\/td>\n<\/tr>\n<tr>\n<td>Trine<\/td>\n<\/tr>\n<tr>\n<td>Triplicidade do dia<\/td>\n<\/tr>\n<tr>\n<td>Triplicidades<\/td>\n<\/tr>\n<tr>\n<td>Trono<\/td>\n<\/tr>\n<tr>\n<td>True Solar Day<\/td>\n<\/tr>\n<tr>\n<td>Trutine<\/td>\n<\/tr>\n<\/tbody>\n<\/table>\n","protected":false},"excerpt":{"rendered":"<p>Tabela de tempos de Naibod T-cross Telepatia Telesc\u00f3pio Templo de Salom\u00e3o Tempo Tempo de Ascens\u00e3o de um Planeta, Como Aproximar o Tempo de guerra Tempo M\u00e9dio Tempo Sideral Termos dos planetas Testemunho Tetrabiblios Tetractys &#8211; dez pontos simb\u00f3licos Tetr\u00e1gono, n. Tetragonous, Thema Coeli Tipo de Iniciativa Tipo Dedutivo Tipo Executivo Touro Tradu\u00e7\u00e3o de luz Transito [&hellip;]<\/p>\n","protected":false},"author":1,"featured_media":0,"parent":0,"menu_order":0,"comment_status":"closed","ping_status":"closed","template":"","meta":{"_themeisle_gutenberg_block_has_review":false,"jetpack_post_was_ever_published":false,"footnotes":""},"class_list":["post-3403","page","type-page","status-publish","hentry"],"yoast_head":"<!-- This site is optimized with the Yoast SEO Premium plugin v22.9 (Yoast SEO v27.3) - https:\/\/yoast.com\/product\/yoast-seo-premium-wordpress\/ -->\n<title>Enciclop\u00e9dia da Astrologia e Esoterismo - T - Escola de Astrologia DMAstro<\/title>\n<meta name=\"robots\" content=\"index, follow, max-snippet:-1, max-image-preview:large, max-video-preview:-1\" \/>\n<link rel=\"canonical\" href=\"https:\/\/www.dmastro.com.br\/dmastroblog\/enciclopedia-da-astrologia-e-esoterismo-t\/\" \/>\n<meta property=\"og:locale\" content=\"pt_BR\" \/>\n<meta property=\"og:type\" content=\"article\" \/>\n<meta property=\"og:title\" content=\"Enciclop\u00e9dia da Astrologia e Esoterismo - T\" \/>\n<meta property=\"og:description\" content=\"Tabela de tempos de Naibod T-cross Telepatia Telesc\u00f3pio Templo de Salom\u00e3o Tempo Tempo de Ascens\u00e3o de um Planeta, Como Aproximar o Tempo de guerra Tempo M\u00e9dio Tempo Sideral Termos dos planetas Testemunho Tetrabiblios Tetractys &#8211; dez pontos simb\u00f3licos Tetr\u00e1gono, n. Tetragonous, Thema Coeli Tipo de Iniciativa Tipo Dedutivo Tipo Executivo Touro Tradu\u00e7\u00e3o de luz Transito [&hellip;]\" \/>\n<meta property=\"og:url\" content=\"https:\/\/www.dmastro.com.br\/dmastroblog\/enciclopedia-da-astrologia-e-esoterismo-t\/\" \/>\n<meta property=\"og:site_name\" content=\"Escola de Astrologia DMAstro\" \/>\n<meta property=\"article:publisher\" content=\"https:\/\/www.facebook.com\/dmastrobr\" \/>\n<meta property=\"article:modified_time\" content=\"2020-09-26T01:31:03+00:00\" \/>\n<meta name=\"twitter:card\" content=\"summary_large_image\" \/>\n<meta name=\"twitter:site\" content=\"@dmastrobrasil\" \/>\n<script type=\"application\/ld+json\" class=\"yoast-schema-graph\">{\"@context\":\"https:\\\/\\\/schema.org\",\"@graph\":[{\"@type\":\"WebPage\",\"@id\":\"https:\\\/\\\/www.dmastro.com.br\\\/dmastroblog\\\/enciclopedia-da-astrologia-e-esoterismo-t\\\/\",\"url\":\"https:\\\/\\\/www.dmastro.com.br\\\/dmastroblog\\\/enciclopedia-da-astrologia-e-esoterismo-t\\\/\",\"name\":\"Enciclop\u00e9dia da Astrologia e Esoterismo - T - Escola de Astrologia DMAstro\",\"isPartOf\":{\"@id\":\"https:\\\/\\\/www.dmastro.com.br\\\/dmastroblog\\\/#website\"},\"datePublished\":\"2020-09-26T00:16:03+00:00\",\"dateModified\":\"2020-09-26T01:31:03+00:00\",\"breadcrumb\":{\"@id\":\"https:\\\/\\\/www.dmastro.com.br\\\/dmastroblog\\\/enciclopedia-da-astrologia-e-esoterismo-t\\\/#breadcrumb\"},\"inLanguage\":\"pt-BR\",\"potentialAction\":[{\"@type\":\"ReadAction\",\"target\":[\"https:\\\/\\\/www.dmastro.com.br\\\/dmastroblog\\\/enciclopedia-da-astrologia-e-esoterismo-t\\\/\"]}]},{\"@type\":\"BreadcrumbList\",\"@id\":\"https:\\\/\\\/www.dmastro.com.br\\\/dmastroblog\\\/enciclopedia-da-astrologia-e-esoterismo-t\\\/#breadcrumb\",\"itemListElement\":[{\"@type\":\"ListItem\",\"position\":1,\"name\":\"In\u00edcio\",\"item\":\"https:\\\/\\\/www.dmastro.com.br\\\/dmastroblog\\\/\"},{\"@type\":\"ListItem\",\"position\":2,\"name\":\"Enciclop\u00e9dia da Astrologia e Esoterismo &#8211; T\"}]},{\"@type\":\"WebSite\",\"@id\":\"https:\\\/\\\/www.dmastro.com.br\\\/dmastroblog\\\/#website\",\"url\":\"https:\\\/\\\/www.dmastro.com.br\\\/dmastroblog\\\/\",\"name\":\"DMAstro Brasil\",\"description\":\"Curso Completo de Forma\u00e7\u00e3o\",\"publisher\":{\"@id\":\"https:\\\/\\\/www.dmastro.com.br\\\/dmastroblog\\\/#organization\"},\"potentialAction\":[{\"@type\":\"SearchAction\",\"target\":{\"@type\":\"EntryPoint\",\"urlTemplate\":\"https:\\\/\\\/www.dmastro.com.br\\\/dmastroblog\\\/?s={search_term_string}\"},\"query-input\":{\"@type\":\"PropertyValueSpecification\",\"valueRequired\":true,\"valueName\":\"search_term_string\"}}],\"inLanguage\":\"pt-BR\"},{\"@type\":\"Organization\",\"@id\":\"https:\\\/\\\/www.dmastro.com.br\\\/dmastroblog\\\/#organization\",\"name\":\"DMAstro Brasil\",\"url\":\"https:\\\/\\\/www.dmastro.com.br\\\/dmastroblog\\\/\",\"logo\":{\"@type\":\"ImageObject\",\"inLanguage\":\"pt-BR\",\"@id\":\"https:\\\/\\\/www.dmastro.com.br\\\/dmastroblog\\\/#\\\/schema\\\/logo\\\/image\\\/\",\"url\":\"https:\\\/\\\/www.dmastro.com.br\\\/dmastroblog\\\/wp-content\\\/uploads\\\/2018\\\/12\\\/logotipo-dmastro-brasil.png\",\"contentUrl\":\"https:\\\/\\\/www.dmastro.com.br\\\/dmastroblog\\\/wp-content\\\/uploads\\\/2018\\\/12\\\/logotipo-dmastro-brasil.png\",\"width\":180,\"height\":180,\"caption\":\"DMAstro Brasil\"},\"image\":{\"@id\":\"https:\\\/\\\/www.dmastro.com.br\\\/dmastroblog\\\/#\\\/schema\\\/logo\\\/image\\\/\"},\"sameAs\":[\"https:\\\/\\\/www.facebook.com\\\/dmastrobr\",\"https:\\\/\\\/x.com\\\/dmastrobrasil\",\"https:\\\/\\\/www.instagram.com\\\/dmastrobrasil\\\/\"]}]}<\/script>\n<!-- \/ Yoast SEO Premium plugin. -->","yoast_head_json":{"title":"Enciclop\u00e9dia da Astrologia e Esoterismo - T - Escola de Astrologia DMAstro","robots":{"index":"index","follow":"follow","max-snippet":"max-snippet:-1","max-image-preview":"max-image-preview:large","max-video-preview":"max-video-preview:-1"},"canonical":"https:\/\/www.dmastro.com.br\/dmastroblog\/enciclopedia-da-astrologia-e-esoterismo-t\/","og_locale":"pt_BR","og_type":"article","og_title":"Enciclop\u00e9dia da Astrologia e Esoterismo - T","og_description":"Tabela de tempos de Naibod T-cross Telepatia Telesc\u00f3pio Templo de Salom\u00e3o Tempo Tempo de Ascens\u00e3o de um Planeta, Como Aproximar o Tempo de guerra Tempo M\u00e9dio Tempo Sideral Termos dos planetas Testemunho Tetrabiblios Tetractys &#8211; dez pontos simb\u00f3licos Tetr\u00e1gono, n. Tetragonous, Thema Coeli Tipo de Iniciativa Tipo Dedutivo Tipo Executivo Touro Tradu\u00e7\u00e3o de luz Transito [&hellip;]","og_url":"https:\/\/www.dmastro.com.br\/dmastroblog\/enciclopedia-da-astrologia-e-esoterismo-t\/","og_site_name":"Escola de Astrologia DMAstro","article_publisher":"https:\/\/www.facebook.com\/dmastrobr","article_modified_time":"2020-09-26T01:31:03+00:00","twitter_card":"summary_large_image","twitter_site":"@dmastrobrasil","schema":{"@context":"https:\/\/schema.org","@graph":[{"@type":"WebPage","@id":"https:\/\/www.dmastro.com.br\/dmastroblog\/enciclopedia-da-astrologia-e-esoterismo-t\/","url":"https:\/\/www.dmastro.com.br\/dmastroblog\/enciclopedia-da-astrologia-e-esoterismo-t\/","name":"Enciclop\u00e9dia da Astrologia e Esoterismo - T - Escola de Astrologia DMAstro","isPartOf":{"@id":"https:\/\/www.dmastro.com.br\/dmastroblog\/#website"},"datePublished":"2020-09-26T00:16:03+00:00","dateModified":"2020-09-26T01:31:03+00:00","breadcrumb":{"@id":"https:\/\/www.dmastro.com.br\/dmastroblog\/enciclopedia-da-astrologia-e-esoterismo-t\/#breadcrumb"},"inLanguage":"pt-BR","potentialAction":[{"@type":"ReadAction","target":["https:\/\/www.dmastro.com.br\/dmastroblog\/enciclopedia-da-astrologia-e-esoterismo-t\/"]}]},{"@type":"BreadcrumbList","@id":"https:\/\/www.dmastro.com.br\/dmastroblog\/enciclopedia-da-astrologia-e-esoterismo-t\/#breadcrumb","itemListElement":[{"@type":"ListItem","position":1,"name":"In\u00edcio","item":"https:\/\/www.dmastro.com.br\/dmastroblog\/"},{"@type":"ListItem","position":2,"name":"Enciclop\u00e9dia da Astrologia e Esoterismo &#8211; T"}]},{"@type":"WebSite","@id":"https:\/\/www.dmastro.com.br\/dmastroblog\/#website","url":"https:\/\/www.dmastro.com.br\/dmastroblog\/","name":"DMAstro Brasil","description":"Curso Completo de Forma\u00e7\u00e3o","publisher":{"@id":"https:\/\/www.dmastro.com.br\/dmastroblog\/#organization"},"potentialAction":[{"@type":"SearchAction","target":{"@type":"EntryPoint","urlTemplate":"https:\/\/www.dmastro.com.br\/dmastroblog\/?s={search_term_string}"},"query-input":{"@type":"PropertyValueSpecification","valueRequired":true,"valueName":"search_term_string"}}],"inLanguage":"pt-BR"},{"@type":"Organization","@id":"https:\/\/www.dmastro.com.br\/dmastroblog\/#organization","name":"DMAstro Brasil","url":"https:\/\/www.dmastro.com.br\/dmastroblog\/","logo":{"@type":"ImageObject","inLanguage":"pt-BR","@id":"https:\/\/www.dmastro.com.br\/dmastroblog\/#\/schema\/logo\/image\/","url":"https:\/\/www.dmastro.com.br\/dmastroblog\/wp-content\/uploads\/2018\/12\/logotipo-dmastro-brasil.png","contentUrl":"https:\/\/www.dmastro.com.br\/dmastroblog\/wp-content\/uploads\/2018\/12\/logotipo-dmastro-brasil.png","width":180,"height":180,"caption":"DMAstro Brasil"},"image":{"@id":"https:\/\/www.dmastro.com.br\/dmastroblog\/#\/schema\/logo\/image\/"},"sameAs":["https:\/\/www.facebook.com\/dmastrobr","https:\/\/x.com\/dmastrobrasil","https:\/\/www.instagram.com\/dmastrobrasil\/"]}]}},"jetpack_sharing_enabled":true,"jetpack_shortlink":"https:\/\/wp.me\/P99nMN-ST","jetpack_likes_enabled":false,"publishpress_future_action":{"enabled":false,"date":"2026-05-07 11:56:47","action":"change-status","newStatus":"draft","terms":[],"taxonomy":"","extraData":[]},"publishpress_future_workflow_manual_trigger":{"enabledWorkflows":[]},"_links":{"self":[{"href":"https:\/\/www.dmastro.com.br\/dmastroblog\/wp-json\/wp\/v2\/pages\/3403","targetHints":{"allow":["GET"]}}],"collection":[{"href":"https:\/\/www.dmastro.com.br\/dmastroblog\/wp-json\/wp\/v2\/pages"}],"about":[{"href":"https:\/\/www.dmastro.com.br\/dmastroblog\/wp-json\/wp\/v2\/types\/page"}],"author":[{"embeddable":true,"href":"https:\/\/www.dmastro.com.br\/dmastroblog\/wp-json\/wp\/v2\/users\/1"}],"replies":[{"embeddable":true,"href":"https:\/\/www.dmastro.com.br\/dmastroblog\/wp-json\/wp\/v2\/comments?post=3403"}],"version-history":[{"count":3,"href":"https:\/\/www.dmastro.com.br\/dmastroblog\/wp-json\/wp\/v2\/pages\/3403\/revisions"}],"predecessor-version":[{"id":3507,"href":"https:\/\/www.dmastro.com.br\/dmastroblog\/wp-json\/wp\/v2\/pages\/3403\/revisions\/3507"}],"wp:attachment":[{"href":"https:\/\/www.dmastro.com.br\/dmastroblog\/wp-json\/wp\/v2\/media?parent=3403"}],"curies":[{"name":"wp","href":"https:\/\/api.w.org\/{rel}","templated":true}]}}