{"id":3401,"date":"2020-09-25T21:15:52","date_gmt":"2020-09-26T00:15:52","guid":{"rendered":"http:\/\/www.dmastro.com.br\/dmastroblog\/?page_id=3401"},"modified":"2020-09-25T22:33:07","modified_gmt":"2020-09-26T01:33:07","slug":"enciclopedia-da-astrologia-e-esoterismo-s","status":"publish","type":"page","link":"https:\/\/www.dmastro.com.br\/dmastroblog\/enciclopedia-da-astrologia-e-esoterismo-s\/","title":{"rendered":"Enciclop\u00e9dia da Astrologia e Esoterismo &#8211; S"},"content":{"rendered":"<table width=\"204\">\n<tbody>\n<tr>\n<td width=\"204\">Sabores Planet\u00e1rios<\/td>\n<\/tr>\n<tr>\n<td>Sagit\u00e1rio<\/td>\n<\/tr>\n<tr>\n<td>Salom\u00e3o<\/td>\n<\/tr>\n<tr>\n<td>Saros<\/td>\n<\/tr>\n<tr>\n<td>Sat\u00e9lites<\/td>\n<\/tr>\n<tr>\n<td>Satellitium<\/td>\n<\/tr>\n<tr>\n<td>Saturnalia<\/td>\n<\/tr>\n<tr>\n<td>Saturnino<\/td>\n<\/tr>\n<tr>\n<td>Saturno perseguindo a Lua<\/td>\n<\/tr>\n<tr>\n<td>Sedna<\/td>\n<\/tr>\n<tr>\n<td>Selena<\/td>\n<\/tr>\n<tr>\n<td>Selo de Salom\u00e3o<\/td>\n<\/tr>\n<tr>\n<td>Semi-arco<\/td>\n<\/tr>\n<tr>\n<td>Semic\u00edrculo<\/td>\n<\/tr>\n<tr>\n<td>Semic\u00edrculo lunar<\/td>\n<\/tr>\n<tr>\n<td>Semic\u00edrculo Solar<\/td>\n<\/tr>\n<tr>\n<td>Semidecil<\/td>\n<\/tr>\n<tr>\n<td>Semi-quadrado<\/td>\n<\/tr>\n<tr>\n<td>Semi-sextil<\/td>\n<\/tr>\n<tr>\n<td>senhor<\/td>\n<\/tr>\n<tr>\n<td>Sentidos, significadores do<\/td>\n<\/tr>\n<tr>\n<td>Separando, separando<\/td>\n<\/tr>\n<tr>\n<td>Sesqui-quadrate<\/td>\n<\/tr>\n<tr>\n<td>Sesquiquintil<\/td>\n<\/tr>\n<tr>\n<td>Sete<\/td>\n<\/tr>\n<tr>\n<td>Sexagen\u00e1rio<\/td>\n<\/tr>\n<tr>\n<td>Sextil<\/td>\n<\/tr>\n<tr>\n<td>Sextis<\/td>\n<\/tr>\n<tr>\n<td>Sign, Libra<\/td>\n<\/tr>\n<tr>\n<td>Sign, Touro<\/td>\n<\/tr>\n<tr>\n<td>Significador<\/td>\n<\/tr>\n<tr>\n<td>Significadores Planet\u00e1rios<\/td>\n<\/tr>\n<tr>\n<td>Significadores Planet\u00e1rios &#8211; Hor\u00e1rios<\/td>\n<\/tr>\n<tr>\n<td>Significadores Planet\u00e1rios &#8211; Mundanos<\/td>\n<\/tr>\n<tr>\n<td>Signo Aqu\u00e1rio<\/td>\n<\/tr>\n<tr>\n<td>Signo \u00c1ries<\/td>\n<\/tr>\n<tr>\n<td>Signo Ascendente<\/td>\n<\/tr>\n<tr>\n<td>Signo C\u00e2ncer<\/td>\n<\/tr>\n<tr>\n<td>Signo Capric\u00f3rnio<\/td>\n<\/tr>\n<tr>\n<td>Signo Escorpi\u00e3o<\/td>\n<\/tr>\n<tr>\n<td>Signo Peixes<\/td>\n<\/tr>\n<tr>\n<td>Signo Virgem<\/td>\n<\/tr>\n<tr>\n<td>Signo, G\u00eameos<\/td>\n<\/tr>\n<tr>\n<td>Signo: Sagit\u00e1rio<\/td>\n<\/tr>\n<tr>\n<td>Signos bestiais<\/td>\n<\/tr>\n<tr>\n<td>Signos Cardeais<\/td>\n<\/tr>\n<tr>\n<td>Signos de \u00c1gua<\/td>\n<\/tr>\n<tr>\n<td>Signos de Terra<\/td>\n<\/tr>\n<tr>\n<td>Signos Femininos<\/td>\n<\/tr>\n<tr>\n<td>Signs, The Symbology of Twelve<\/td>\n<\/tr>\n<tr>\n<td>Sinais afortunados<\/td>\n<\/tr>\n<tr>\n<td>Sinais Amargos<\/td>\n<\/tr>\n<tr>\n<td>Sinais brutais<\/td>\n<\/tr>\n<tr>\n<td>Sinais Comuns<\/td>\n<\/tr>\n<tr>\n<td>Sinais Conceituais<\/td>\n<\/tr>\n<tr>\n<td>Sinais de Ar<\/td>\n<\/tr>\n<tr>\n<td>Sinais de Comando<\/td>\n<\/tr>\n<tr>\n<td>Sinais de corpo duplo ou bicorp\u00f3reo<\/td>\n<\/tr>\n<tr>\n<td>Sinais de dissocia\u00e7\u00e3o<\/td>\n<\/tr>\n<tr>\n<td>Sinais de Est\u00e9ril<\/td>\n<\/tr>\n<tr>\n<td>Sinais de fogo<\/td>\n<\/tr>\n<tr>\n<td>Sinais de quatro p\u00e9s<\/td>\n<\/tr>\n<tr>\n<td>Sinais de ruminantes<\/td>\n<\/tr>\n<tr>\n<td>Sinais do Norte<\/td>\n<\/tr>\n<tr>\n<td>Sinais do Sul<\/td>\n<\/tr>\n<tr>\n<td>Sinais dolorosos<\/td>\n<\/tr>\n<tr>\n<td>Sinais Equinociais<\/td>\n<\/tr>\n<tr>\n<td>Sinais Fixos<\/td>\n<\/tr>\n<tr>\n<td>Sinais Fracos<\/td>\n<\/tr>\n<tr>\n<td>Sinais Frios<\/td>\n<\/tr>\n<tr>\n<td>Sinais Frut\u00edferos<\/td>\n<\/tr>\n<tr>\n<td>Sinais Humanos<\/td>\n<\/tr>\n<tr>\n<td>Sinais imperfeitos, sinais quebrados<\/td>\n<\/tr>\n<tr>\n<td>Sinais infelizes<\/td>\n<\/tr>\n<tr>\n<td>Sinais Inteiros<\/td>\n<\/tr>\n<tr>\n<td>Sinais Masculinos<\/td>\n<\/tr>\n<tr>\n<td>Sinais Maternos<\/td>\n<\/tr>\n<tr>\n<td>Sinais m\u00f3veis.<\/td>\n<\/tr>\n<tr>\n<td>Sinais mudos<\/td>\n<\/tr>\n<tr>\n<td>Sinais mudos<\/td>\n<\/tr>\n<tr>\n<td>Sinais mut\u00e1veis<\/td>\n<\/tr>\n<tr>\n<td>Sinais Mut\u00e1veis<\/td>\n<\/tr>\n<tr>\n<td>Sinais Quebrados<\/td>\n<\/tr>\n<tr>\n<td>Sinais tortos<\/td>\n<\/tr>\n<tr>\n<td>Sinais Tropicais<\/td>\n<\/tr>\n<tr>\n<td>Sinais Violentos<\/td>\n<\/tr>\n<tr>\n<td>Sinais vitais<\/td>\n<\/tr>\n<tr>\n<td>Sinais vocais<\/td>\n<\/tr>\n<tr>\n<td>Sinais, classifica\u00e7\u00f5es de:<\/td>\n<\/tr>\n<tr>\n<td>Sinal Negativo<\/td>\n<\/tr>\n<tr>\n<td>Sinal positivo<\/td>\n<\/tr>\n<tr>\n<td>Sinal, Leo<\/td>\n<\/tr>\n<tr>\n<td>Sinistro<\/td>\n<\/tr>\n<tr>\n<td>S\u00edntese<\/td>\n<\/tr>\n<tr>\n<td>Sistema Copernicano<\/td>\n<\/tr>\n<tr>\n<td>Sistema Radix<\/td>\n<\/tr>\n<tr>\n<td>Sistema solar<\/td>\n<\/tr>\n<tr>\n<td>Sistema Solar: Dimens\u00f5es<\/td>\n<\/tr>\n<tr>\n<td>Sistema Solar: Movimentos<\/td>\n<\/tr>\n<tr>\n<td>Sitiado<\/td>\n<\/tr>\n<tr>\n<td>Sob os raios de sol<\/td>\n<\/tr>\n<tr>\n<td>Sol<\/td>\n<\/tr>\n<tr>\n<td>Solst\u00edcios<\/td>\n<\/tr>\n<tr>\n<td>Soma<\/td>\n<\/tr>\n<tr>\n<td>Stellium<\/td>\n<\/tr>\n<tr>\n<td>Superciclo<\/td>\n<\/tr>\n<tr>\n<td>Swift in Motion<\/td>\n<\/tr>\n<tr>\n<td>Syzygy<\/td>\n<\/tr>\n<\/tbody>\n<\/table>\n","protected":false},"excerpt":{"rendered":"<p>Sabores Planet\u00e1rios Sagit\u00e1rio Salom\u00e3o Saros Sat\u00e9lites Satellitium Saturnalia Saturnino Saturno perseguindo a Lua Sedna Selena Selo de Salom\u00e3o Semi-arco Semic\u00edrculo Semic\u00edrculo lunar Semic\u00edrculo Solar Semidecil Semi-quadrado Semi-sextil senhor Sentidos, significadores do Separando, separando Sesqui-quadrate Sesquiquintil Sete Sexagen\u00e1rio Sextil Sextis Sign, Libra Sign, Touro Significador Significadores Planet\u00e1rios Significadores Planet\u00e1rios &#8211; Hor\u00e1rios Significadores Planet\u00e1rios &#8211; Mundanos Signo [&hellip;]<\/p>\n","protected":false},"author":1,"featured_media":0,"parent":0,"menu_order":0,"comment_status":"closed","ping_status":"closed","template":"","meta":{"_themeisle_gutenberg_block_has_review":false,"jetpack_post_was_ever_published":false,"footnotes":""},"class_list":["post-3401","page","type-page","status-publish","hentry"],"yoast_head":"<!-- This site is optimized with the Yoast SEO Premium plugin v22.9 (Yoast SEO v27.3) - https:\/\/yoast.com\/product\/yoast-seo-premium-wordpress\/ -->\n<title>Enciclop\u00e9dia da Astrologia e Esoterismo - S - Escola de Astrologia DMAstro<\/title>\n<meta name=\"robots\" content=\"index, follow, max-snippet:-1, max-image-preview:large, max-video-preview:-1\" \/>\n<link rel=\"canonical\" href=\"https:\/\/www.dmastro.com.br\/dmastroblog\/enciclopedia-da-astrologia-e-esoterismo-s\/\" \/>\n<meta property=\"og:locale\" content=\"pt_BR\" \/>\n<meta property=\"og:type\" content=\"article\" \/>\n<meta property=\"og:title\" content=\"Enciclop\u00e9dia da Astrologia e Esoterismo - S\" \/>\n<meta property=\"og:description\" content=\"Sabores Planet\u00e1rios Sagit\u00e1rio Salom\u00e3o Saros Sat\u00e9lites Satellitium Saturnalia Saturnino Saturno perseguindo a Lua Sedna Selena Selo de Salom\u00e3o Semi-arco Semic\u00edrculo Semic\u00edrculo lunar Semic\u00edrculo Solar Semidecil Semi-quadrado Semi-sextil senhor Sentidos, significadores do Separando, separando Sesqui-quadrate Sesquiquintil Sete Sexagen\u00e1rio Sextil Sextis Sign, Libra Sign, Touro Significador Significadores Planet\u00e1rios Significadores Planet\u00e1rios &#8211; Hor\u00e1rios Significadores Planet\u00e1rios &#8211; Mundanos Signo [&hellip;]\" \/>\n<meta property=\"og:url\" content=\"https:\/\/www.dmastro.com.br\/dmastroblog\/enciclopedia-da-astrologia-e-esoterismo-s\/\" \/>\n<meta property=\"og:site_name\" content=\"Escola de Astrologia DMAstro\" \/>\n<meta property=\"article:publisher\" content=\"https:\/\/www.facebook.com\/dmastrobr\" \/>\n<meta property=\"article:modified_time\" content=\"2020-09-26T01:33:07+00:00\" \/>\n<meta name=\"twitter:card\" content=\"summary_large_image\" \/>\n<meta name=\"twitter:site\" content=\"@dmastrobrasil\" \/>\n<meta name=\"twitter:label1\" content=\"Est. tempo de leitura\" \/>\n\t<meta name=\"twitter:data1\" content=\"1 minuto\" \/>\n<script type=\"application\/ld+json\" class=\"yoast-schema-graph\">{\"@context\":\"https:\\\/\\\/schema.org\",\"@graph\":[{\"@type\":\"WebPage\",\"@id\":\"https:\\\/\\\/www.dmastro.com.br\\\/dmastroblog\\\/enciclopedia-da-astrologia-e-esoterismo-s\\\/\",\"url\":\"https:\\\/\\\/www.dmastro.com.br\\\/dmastroblog\\\/enciclopedia-da-astrologia-e-esoterismo-s\\\/\",\"name\":\"Enciclop\u00e9dia da Astrologia e Esoterismo - S - Escola de Astrologia DMAstro\",\"isPartOf\":{\"@id\":\"https:\\\/\\\/www.dmastro.com.br\\\/dmastroblog\\\/#website\"},\"datePublished\":\"2020-09-26T00:15:52+00:00\",\"dateModified\":\"2020-09-26T01:33:07+00:00\",\"breadcrumb\":{\"@id\":\"https:\\\/\\\/www.dmastro.com.br\\\/dmastroblog\\\/enciclopedia-da-astrologia-e-esoterismo-s\\\/#breadcrumb\"},\"inLanguage\":\"pt-BR\",\"potentialAction\":[{\"@type\":\"ReadAction\",\"target\":[\"https:\\\/\\\/www.dmastro.com.br\\\/dmastroblog\\\/enciclopedia-da-astrologia-e-esoterismo-s\\\/\"]}]},{\"@type\":\"BreadcrumbList\",\"@id\":\"https:\\\/\\\/www.dmastro.com.br\\\/dmastroblog\\\/enciclopedia-da-astrologia-e-esoterismo-s\\\/#breadcrumb\",\"itemListElement\":[{\"@type\":\"ListItem\",\"position\":1,\"name\":\"In\u00edcio\",\"item\":\"https:\\\/\\\/www.dmastro.com.br\\\/dmastroblog\\\/\"},{\"@type\":\"ListItem\",\"position\":2,\"name\":\"Enciclop\u00e9dia da Astrologia e Esoterismo &#8211; S\"}]},{\"@type\":\"WebSite\",\"@id\":\"https:\\\/\\\/www.dmastro.com.br\\\/dmastroblog\\\/#website\",\"url\":\"https:\\\/\\\/www.dmastro.com.br\\\/dmastroblog\\\/\",\"name\":\"DMAstro Brasil\",\"description\":\"Curso Completo de Forma\u00e7\u00e3o\",\"publisher\":{\"@id\":\"https:\\\/\\\/www.dmastro.com.br\\\/dmastroblog\\\/#organization\"},\"potentialAction\":[{\"@type\":\"SearchAction\",\"target\":{\"@type\":\"EntryPoint\",\"urlTemplate\":\"https:\\\/\\\/www.dmastro.com.br\\\/dmastroblog\\\/?s={search_term_string}\"},\"query-input\":{\"@type\":\"PropertyValueSpecification\",\"valueRequired\":true,\"valueName\":\"search_term_string\"}}],\"inLanguage\":\"pt-BR\"},{\"@type\":\"Organization\",\"@id\":\"https:\\\/\\\/www.dmastro.com.br\\\/dmastroblog\\\/#organization\",\"name\":\"DMAstro Brasil\",\"url\":\"https:\\\/\\\/www.dmastro.com.br\\\/dmastroblog\\\/\",\"logo\":{\"@type\":\"ImageObject\",\"inLanguage\":\"pt-BR\",\"@id\":\"https:\\\/\\\/www.dmastro.com.br\\\/dmastroblog\\\/#\\\/schema\\\/logo\\\/image\\\/\",\"url\":\"https:\\\/\\\/www.dmastro.com.br\\\/dmastroblog\\\/wp-content\\\/uploads\\\/2018\\\/12\\\/logotipo-dmastro-brasil.png\",\"contentUrl\":\"https:\\\/\\\/www.dmastro.com.br\\\/dmastroblog\\\/wp-content\\\/uploads\\\/2018\\\/12\\\/logotipo-dmastro-brasil.png\",\"width\":180,\"height\":180,\"caption\":\"DMAstro Brasil\"},\"image\":{\"@id\":\"https:\\\/\\\/www.dmastro.com.br\\\/dmastroblog\\\/#\\\/schema\\\/logo\\\/image\\\/\"},\"sameAs\":[\"https:\\\/\\\/www.facebook.com\\\/dmastrobr\",\"https:\\\/\\\/x.com\\\/dmastrobrasil\",\"https:\\\/\\\/www.instagram.com\\\/dmastrobrasil\\\/\"]}]}<\/script>\n<!-- \/ Yoast SEO Premium plugin. -->","yoast_head_json":{"title":"Enciclop\u00e9dia da Astrologia e Esoterismo - S - Escola de Astrologia DMAstro","robots":{"index":"index","follow":"follow","max-snippet":"max-snippet:-1","max-image-preview":"max-image-preview:large","max-video-preview":"max-video-preview:-1"},"canonical":"https:\/\/www.dmastro.com.br\/dmastroblog\/enciclopedia-da-astrologia-e-esoterismo-s\/","og_locale":"pt_BR","og_type":"article","og_title":"Enciclop\u00e9dia da Astrologia e Esoterismo - S","og_description":"Sabores Planet\u00e1rios Sagit\u00e1rio Salom\u00e3o Saros Sat\u00e9lites Satellitium Saturnalia Saturnino Saturno perseguindo a Lua Sedna Selena Selo de Salom\u00e3o Semi-arco Semic\u00edrculo Semic\u00edrculo lunar Semic\u00edrculo Solar Semidecil Semi-quadrado Semi-sextil senhor Sentidos, significadores do Separando, separando Sesqui-quadrate Sesquiquintil Sete Sexagen\u00e1rio Sextil Sextis Sign, Libra Sign, Touro Significador Significadores Planet\u00e1rios Significadores Planet\u00e1rios &#8211; Hor\u00e1rios Significadores Planet\u00e1rios &#8211; Mundanos Signo [&hellip;]","og_url":"https:\/\/www.dmastro.com.br\/dmastroblog\/enciclopedia-da-astrologia-e-esoterismo-s\/","og_site_name":"Escola de Astrologia DMAstro","article_publisher":"https:\/\/www.facebook.com\/dmastrobr","article_modified_time":"2020-09-26T01:33:07+00:00","twitter_card":"summary_large_image","twitter_site":"@dmastrobrasil","twitter_misc":{"Est. tempo de leitura":"1 minuto"},"schema":{"@context":"https:\/\/schema.org","@graph":[{"@type":"WebPage","@id":"https:\/\/www.dmastro.com.br\/dmastroblog\/enciclopedia-da-astrologia-e-esoterismo-s\/","url":"https:\/\/www.dmastro.com.br\/dmastroblog\/enciclopedia-da-astrologia-e-esoterismo-s\/","name":"Enciclop\u00e9dia da Astrologia e Esoterismo - S - Escola de Astrologia DMAstro","isPartOf":{"@id":"https:\/\/www.dmastro.com.br\/dmastroblog\/#website"},"datePublished":"2020-09-26T00:15:52+00:00","dateModified":"2020-09-26T01:33:07+00:00","breadcrumb":{"@id":"https:\/\/www.dmastro.com.br\/dmastroblog\/enciclopedia-da-astrologia-e-esoterismo-s\/#breadcrumb"},"inLanguage":"pt-BR","potentialAction":[{"@type":"ReadAction","target":["https:\/\/www.dmastro.com.br\/dmastroblog\/enciclopedia-da-astrologia-e-esoterismo-s\/"]}]},{"@type":"BreadcrumbList","@id":"https:\/\/www.dmastro.com.br\/dmastroblog\/enciclopedia-da-astrologia-e-esoterismo-s\/#breadcrumb","itemListElement":[{"@type":"ListItem","position":1,"name":"In\u00edcio","item":"https:\/\/www.dmastro.com.br\/dmastroblog\/"},{"@type":"ListItem","position":2,"name":"Enciclop\u00e9dia da Astrologia e Esoterismo &#8211; S"}]},{"@type":"WebSite","@id":"https:\/\/www.dmastro.com.br\/dmastroblog\/#website","url":"https:\/\/www.dmastro.com.br\/dmastroblog\/","name":"DMAstro Brasil","description":"Curso Completo de Forma\u00e7\u00e3o","publisher":{"@id":"https:\/\/www.dmastro.com.br\/dmastroblog\/#organization"},"potentialAction":[{"@type":"SearchAction","target":{"@type":"EntryPoint","urlTemplate":"https:\/\/www.dmastro.com.br\/dmastroblog\/?s={search_term_string}"},"query-input":{"@type":"PropertyValueSpecification","valueRequired":true,"valueName":"search_term_string"}}],"inLanguage":"pt-BR"},{"@type":"Organization","@id":"https:\/\/www.dmastro.com.br\/dmastroblog\/#organization","name":"DMAstro Brasil","url":"https:\/\/www.dmastro.com.br\/dmastroblog\/","logo":{"@type":"ImageObject","inLanguage":"pt-BR","@id":"https:\/\/www.dmastro.com.br\/dmastroblog\/#\/schema\/logo\/image\/","url":"https:\/\/www.dmastro.com.br\/dmastroblog\/wp-content\/uploads\/2018\/12\/logotipo-dmastro-brasil.png","contentUrl":"https:\/\/www.dmastro.com.br\/dmastroblog\/wp-content\/uploads\/2018\/12\/logotipo-dmastro-brasil.png","width":180,"height":180,"caption":"DMAstro Brasil"},"image":{"@id":"https:\/\/www.dmastro.com.br\/dmastroblog\/#\/schema\/logo\/image\/"},"sameAs":["https:\/\/www.facebook.com\/dmastrobr","https:\/\/x.com\/dmastrobrasil","https:\/\/www.instagram.com\/dmastrobrasil\/"]}]}},"jetpack_sharing_enabled":true,"jetpack_shortlink":"https:\/\/wp.me\/P99nMN-SR","jetpack_likes_enabled":false,"publishpress_future_action":{"enabled":false,"date":"2026-05-07 14:43:54","action":"change-status","newStatus":"draft","terms":[],"taxonomy":"","extraData":[]},"publishpress_future_workflow_manual_trigger":{"enabledWorkflows":[]},"_links":{"self":[{"href":"https:\/\/www.dmastro.com.br\/dmastroblog\/wp-json\/wp\/v2\/pages\/3401","targetHints":{"allow":["GET"]}}],"collection":[{"href":"https:\/\/www.dmastro.com.br\/dmastroblog\/wp-json\/wp\/v2\/pages"}],"about":[{"href":"https:\/\/www.dmastro.com.br\/dmastroblog\/wp-json\/wp\/v2\/types\/page"}],"author":[{"embeddable":true,"href":"https:\/\/www.dmastro.com.br\/dmastroblog\/wp-json\/wp\/v2\/users\/1"}],"replies":[{"embeddable":true,"href":"https:\/\/www.dmastro.com.br\/dmastroblog\/wp-json\/wp\/v2\/comments?post=3401"}],"version-history":[{"count":4,"href":"https:\/\/www.dmastro.com.br\/dmastroblog\/wp-json\/wp\/v2\/pages\/3401\/revisions"}],"predecessor-version":[{"id":3508,"href":"https:\/\/www.dmastro.com.br\/dmastroblog\/wp-json\/wp\/v2\/pages\/3401\/revisions\/3508"}],"wp:attachment":[{"href":"https:\/\/www.dmastro.com.br\/dmastroblog\/wp-json\/wp\/v2\/media?parent=3401"}],"curies":[{"name":"wp","href":"https:\/\/api.w.org\/{rel}","templated":true}]}}