{"id":3399,"date":"2020-09-25T21:15:44","date_gmt":"2020-09-26T00:15:44","guid":{"rendered":"http:\/\/www.dmastro.com.br\/dmastroblog\/?page_id=3399"},"modified":"2020-10-04T01:56:45","modified_gmt":"2020-10-04T04:56:45","slug":"enciclopedia-da-astrologia-e-esoterismo-r","status":"publish","type":"page","link":"https:\/\/www.dmastro.com.br\/dmastroblog\/dmastropedia-enciclopedia-da-astrologia-e-esoterismo\/enciclopedia-da-astrologia-e-esoterismo-r\/","title":{"rendered":"Enciclop\u00e9dia da Astrologia e Esoterismo &#8211; R"},"content":{"rendered":"<table style=\"width: 19.1176%;\" width=\"204\">\n<tbody>\n<tr>\n<td style=\"width: 100%;\" width=\"204\">Radical<\/td>\n<\/tr>\n<tr>\n<td style=\"width: 100%;\">Radix<\/td>\n<\/tr>\n<tr>\n<td style=\"width: 100%;\">Rahu<\/td>\n<\/tr>\n<tr>\n<td style=\"width: 100%;\">Raios, sob o<\/td>\n<\/tr>\n<tr>\n<td style=\"width: 100%;\">Rapt Motion<\/td>\n<\/tr>\n<tr>\n<td style=\"width: 100%;\">Rapt Parallel<\/td>\n<\/tr>\n<tr>\n<td style=\"width: 100%;\">Recep\u00e7\u00e3o<\/td>\n<\/tr>\n<tr>\n<td style=\"width: 100%;\">Recep\u00e7\u00e3o M\u00fatua<\/td>\n<\/tr>\n<tr>\n<td style=\"width: 100%;\">Recep\u00e7\u00e3o M\u00fatua<\/td>\n<\/tr>\n<tr>\n<td style=\"width: 100%;\">Recessional Directions<\/td>\n<\/tr>\n<tr>\n<td style=\"width: 100%;\">Refrana\u00e7\u00e3o<\/td>\n<\/tr>\n<tr>\n<td style=\"width: 100%;\">Reg\u00eancia, Geogr\u00e1fica<\/td>\n<\/tr>\n<tr>\n<td style=\"width: 100%;\">Rel\u00f3gio Sideral<\/td>\n<\/tr>\n<tr>\n<td style=\"width: 100%;\">Retifica\u00e7\u00e3o<\/td>\n<\/tr>\n<tr>\n<td style=\"width: 100%;\">Retorno Met\u00f4nico<\/td>\n<\/tr>\n<tr>\n<td style=\"width: 100%;\">Retr\u00f3grado<\/td>\n<\/tr>\n<tr>\n<td style=\"width: 100%;\">Revolu\u00e7\u00e3o<\/td>\n<\/tr>\n<tr>\n<td style=\"width: 100%;\">Revolu\u00e7\u00e3o orbital<\/td>\n<\/tr>\n<tr>\n<td style=\"width: 100%;\"><a href=\"http:\/\/www.dmastro.com.br\/dmastroblog\/enciclopedia-da-astrologia-e-esoterismo-r\/revolucao-solar\/\">Revolu\u00e7\u00e3o Solar<\/a><\/td>\n<\/tr>\n<tr>\n<td style=\"width: 100%;\">Revolu\u00e7\u00e3o Solar Progressiva<\/td>\n<\/tr>\n<tr>\n<td style=\"width: 100%;\">Rota mundana ou Rota no Mundo<\/td>\n<\/tr>\n<tr>\n<td style=\"width: 100%;\">Rota\u00e7\u00e3o<\/td>\n<\/tr>\n<tr>\n<td style=\"width: 100%;\">Rota\u00e7\u00e3o axial<\/td>\n<\/tr>\n<\/tbody>\n<\/table>\n<div id=\"idcontent\" class=\"nonscroll\">\n<div id=\"innerdiv\">\n<div id=\"idcontent\" class=\"nonscroll\">\n<div id=\"innerdiv\">\n<div style=\"text-align: center; margin: 0px; text-indent: 0px; padding: 0px;\">\n<p>&nbsp;<\/p>\n<\/div>\n<\/div>\n<\/div>\n<\/div>\n<\/div>\n<hr \/>\n<p>Visite a <a href=\"http:\/\/www.dmastro.com.br\/dmastroblog\/dmastropedia-enciclopedia-da-astrologia-e-esoterismo\/\">DMAstrop\u00e9dia<\/a>, nossa enciclop\u00e9dia de Astrologia e Esoterismo, abaixo voc\u00ea pode clicar no \u00edndice.<\/p>\n<p><a href=\"http:\/\/www.dmastro.com.br\/dmastroblog\/enciclopedia-da-astrologia-e-esoterismo-a\/\">A<\/a> <a href=\"http:\/\/www.dmastro.com.br\/dmastroblog\/enciclopedia-da-astrologia-e-esoterismo-b\/\">B<\/a> <a href=\"http:\/\/www.dmastro.com.br\/dmastroblog\/enciclopedia-da-astrologia-e-esoterismo-c\/\">C<\/a> <a href=\"http:\/\/www.dmastro.com.br\/dmastroblog\/enciclopedia-da-astrologia-e-esoterismo-d\/\">D<\/a> <a href=\"http:\/\/www.dmastro.com.br\/dmastroblog\/enciclopedia-da-astrologia-e-esoterismo-e\/\">E<\/a> <a href=\"http:\/\/www.dmastro.com.br\/dmastroblog\/enciclopedia-da-astrologia-e-esoterismo-f\/\">F<\/a> <a href=\"http:\/\/www.dmastro.com.br\/dmastroblog\/enciclopedia-da-astrologia-e-esoterismo-g\/\">G<\/a> <a href=\"http:\/\/www.dmastro.com.br\/dmastroblog\/enciclopedia-da-astrologia-e-esoterismo-h\/\">H<\/a> <a href=\"http:\/\/www.dmastro.com.br\/dmastroblog\/enciclopedia-da-astrologia-e-esoterismo-i\/\">I<\/a> <a href=\"http:\/\/www.dmastro.com.br\/dmastroblog\/enciclopedia-da-astrologia-e-esoterismo-j\/\">J<\/a> <a href=\"http:\/\/www.dmastro.com.br\/dmastroblog\/enciclopedia-da-astrologia-e-esoterismo-k\/\">K<\/a> <a href=\"http:\/\/www.dmastro.com.br\/dmastroblog\/enciclopedia-da-astrologia-e-esoterismo-l\/\">L<\/a> <a href=\"http:\/\/www.dmastro.com.br\/dmastroblog\/enciclopedia-da-astrologia-e-esoterismo-m\/\">M<\/a> <a href=\"http:\/\/www.dmastro.com.br\/dmastroblog\/enciclopedia-da-astrologia-e-esoterismo-n\/\">N<\/a> <a href=\"http:\/\/www.dmastro.com.br\/dmastroblog\/enciclopedia-da-astrologia-e-esoterismo-o\/\">O<\/a> <a href=\"http:\/\/www.dmastro.com.br\/dmastroblog\/enciclopedia-da-astrologia-e-esoterismo-p\/\">P<\/a> <a href=\"http:\/\/www.dmastro.com.br\/dmastroblog\/enciclopedia-da-astrologia-e-esoterismo-q\/\">Q<\/a> <a href=\"http:\/\/www.dmastro.com.br\/dmastroblog\/enciclopedia-da-astrologia-e-esoterismo-r\/\">R<\/a> <a href=\"http:\/\/www.dmastro.com.br\/dmastroblog\/enciclopedia-da-astrologia-e-esoterismo-s\/\">S<\/a> <a href=\"http:\/\/www.dmastro.com.br\/dmastroblog\/enciclopedia-da-astrologia-e-esoterismo-t\/\">T<\/a> <a href=\"http:\/\/www.dmastro.com.br\/dmastroblog\/enciclopedia-da-astrologia-e-esoterismo-u\/\">U<\/a> <a href=\"http:\/\/www.dmastro.com.br\/dmastroblog\/enciclopedia-da-astrologia-e-esoterismo-v\/\">V<\/a> <a href=\"http:\/\/www.dmastro.com.br\/dmastroblog\/enciclopedia-da-astrologia-e-esoterismo-w\/\">W<\/a> <a href=\"http:\/\/www.dmastro.com.br\/dmastroblog\/enciclopedia-da-astrologia-e-esoterismo-x\/\">X<\/a> <a href=\"http:\/\/www.dmastro.com.br\/dmastroblog\/enciclopedia-da-astrologia-e-esoterismo-y\/\">Y<\/a> <a href=\"http:\/\/www.dmastro.com.br\/dmastroblog\/enciclopedia-da-astrologia-e-esoterismo-z\/\">Z<\/a><\/p>\n<hr \/>\n<p>Visite tamb\u00e9m a <a href=\"http:\/\/www.dmastroxp.com.br\" target=\"_blank\" rel=\"noopener noreferrer\">DMAstro XP<\/a>, nossa feira de astrologia, esoterismo e bem-estar em S\u00e3o Paulo no Anhembi em novembro de 2021.<\/p>\n<p>De uma passeada pelo nosso website, vendemos muitos cursos online, forma\u00e7\u00f5es e EADs.<\/p>\n","protected":false},"excerpt":{"rendered":"<p>Radical Radix Rahu Raios, sob o Rapt Motion Rapt Parallel Recep\u00e7\u00e3o Recep\u00e7\u00e3o M\u00fatua Recep\u00e7\u00e3o M\u00fatua Recessional Directions Refrana\u00e7\u00e3o Reg\u00eancia, Geogr\u00e1fica Rel\u00f3gio Sideral Retifica\u00e7\u00e3o Retorno Met\u00f4nico Retr\u00f3grado Revolu\u00e7\u00e3o Revolu\u00e7\u00e3o orbital Revolu\u00e7\u00e3o Solar Revolu\u00e7\u00e3o Solar Progressiva Rota mundana ou Rota no Mundo Rota\u00e7\u00e3o Rota\u00e7\u00e3o axial &nbsp; Visite a DMAstrop\u00e9dia, nossa enciclop\u00e9dia de Astrologia e Esoterismo, abaixo voc\u00ea [&hellip;]<\/p>\n","protected":false},"author":1,"featured_media":0,"parent":3377,"menu_order":0,"comment_status":"closed","ping_status":"closed","template":"","meta":{"_themeisle_gutenberg_block_has_review":false,"jetpack_post_was_ever_published":false,"footnotes":""},"class_list":["post-3399","page","type-page","status-publish","hentry"],"yoast_head":"<!-- This site is optimized with the Yoast SEO Premium plugin v22.9 (Yoast SEO v27.3) - https:\/\/yoast.com\/product\/yoast-seo-premium-wordpress\/ -->\n<title>Enciclop\u00e9dia da Astrologia e Esoterismo - R - Escola de Astrologia DMAstro<\/title>\n<meta name=\"robots\" content=\"index, follow, max-snippet:-1, max-image-preview:large, max-video-preview:-1\" \/>\n<link rel=\"canonical\" href=\"https:\/\/www.dmastro.com.br\/dmastroblog\/dmastropedia-enciclopedia-da-astrologia-e-esoterismo\/enciclopedia-da-astrologia-e-esoterismo-r\/\" \/>\n<meta property=\"og:locale\" content=\"pt_BR\" \/>\n<meta property=\"og:type\" content=\"article\" \/>\n<meta property=\"og:title\" content=\"Enciclop\u00e9dia da Astrologia e Esoterismo - R\" \/>\n<meta property=\"og:description\" content=\"Radical Radix Rahu Raios, sob o Rapt Motion Rapt Parallel Recep\u00e7\u00e3o Recep\u00e7\u00e3o M\u00fatua Recep\u00e7\u00e3o M\u00fatua Recessional Directions Refrana\u00e7\u00e3o Reg\u00eancia, Geogr\u00e1fica Rel\u00f3gio Sideral Retifica\u00e7\u00e3o Retorno Met\u00f4nico Retr\u00f3grado Revolu\u00e7\u00e3o Revolu\u00e7\u00e3o orbital Revolu\u00e7\u00e3o Solar Revolu\u00e7\u00e3o Solar Progressiva Rota mundana ou Rota no Mundo Rota\u00e7\u00e3o Rota\u00e7\u00e3o axial &nbsp; Visite a DMAstrop\u00e9dia, nossa enciclop\u00e9dia de Astrologia e Esoterismo, abaixo voc\u00ea [&hellip;]\" \/>\n<meta property=\"og:url\" content=\"https:\/\/www.dmastro.com.br\/dmastroblog\/dmastropedia-enciclopedia-da-astrologia-e-esoterismo\/enciclopedia-da-astrologia-e-esoterismo-r\/\" \/>\n<meta property=\"og:site_name\" content=\"Escola de Astrologia DMAstro\" \/>\n<meta property=\"article:publisher\" content=\"https:\/\/www.facebook.com\/dmastrobr\" \/>\n<meta property=\"article:modified_time\" content=\"2020-10-04T04:56:45+00:00\" \/>\n<meta name=\"twitter:card\" content=\"summary_large_image\" \/>\n<meta name=\"twitter:site\" content=\"@dmastrobrasil\" \/>\n<meta name=\"twitter:label1\" content=\"Est. tempo de leitura\" \/>\n\t<meta name=\"twitter:data1\" content=\"1 minuto\" \/>\n<script type=\"application\/ld+json\" class=\"yoast-schema-graph\">{\"@context\":\"https:\\\/\\\/schema.org\",\"@graph\":[{\"@type\":\"WebPage\",\"@id\":\"https:\\\/\\\/www.dmastro.com.br\\\/dmastroblog\\\/dmastropedia-enciclopedia-da-astrologia-e-esoterismo\\\/enciclopedia-da-astrologia-e-esoterismo-r\\\/\",\"url\":\"https:\\\/\\\/www.dmastro.com.br\\\/dmastroblog\\\/dmastropedia-enciclopedia-da-astrologia-e-esoterismo\\\/enciclopedia-da-astrologia-e-esoterismo-r\\\/\",\"name\":\"Enciclop\u00e9dia da Astrologia e Esoterismo - R - Escola de Astrologia DMAstro\",\"isPartOf\":{\"@id\":\"https:\\\/\\\/www.dmastro.com.br\\\/dmastroblog\\\/#website\"},\"datePublished\":\"2020-09-26T00:15:44+00:00\",\"dateModified\":\"2020-10-04T04:56:45+00:00\",\"breadcrumb\":{\"@id\":\"https:\\\/\\\/www.dmastro.com.br\\\/dmastroblog\\\/dmastropedia-enciclopedia-da-astrologia-e-esoterismo\\\/enciclopedia-da-astrologia-e-esoterismo-r\\\/#breadcrumb\"},\"inLanguage\":\"pt-BR\",\"potentialAction\":[{\"@type\":\"ReadAction\",\"target\":[\"https:\\\/\\\/www.dmastro.com.br\\\/dmastroblog\\\/dmastropedia-enciclopedia-da-astrologia-e-esoterismo\\\/enciclopedia-da-astrologia-e-esoterismo-r\\\/\"]}]},{\"@type\":\"BreadcrumbList\",\"@id\":\"https:\\\/\\\/www.dmastro.com.br\\\/dmastroblog\\\/dmastropedia-enciclopedia-da-astrologia-e-esoterismo\\\/enciclopedia-da-astrologia-e-esoterismo-r\\\/#breadcrumb\",\"itemListElement\":[{\"@type\":\"ListItem\",\"position\":1,\"name\":\"In\u00edcio\",\"item\":\"https:\\\/\\\/www.dmastro.com.br\\\/dmastroblog\\\/\"},{\"@type\":\"ListItem\",\"position\":2,\"name\":\"DMAstrop\u00e9dia &#8211; Enciclop\u00e9dia da Astrologia e Esoterismo\",\"item\":\"https:\\\/\\\/www.dmastro.com.br\\\/dmastroblog\\\/dmastropedia-enciclopedia-da-astrologia-e-esoterismo\\\/\"},{\"@type\":\"ListItem\",\"position\":3,\"name\":\"Enciclop\u00e9dia da Astrologia e Esoterismo &#8211; R\"}]},{\"@type\":\"WebSite\",\"@id\":\"https:\\\/\\\/www.dmastro.com.br\\\/dmastroblog\\\/#website\",\"url\":\"https:\\\/\\\/www.dmastro.com.br\\\/dmastroblog\\\/\",\"name\":\"DMAstro Brasil\",\"description\":\"Curso Completo de Forma\u00e7\u00e3o\",\"publisher\":{\"@id\":\"https:\\\/\\\/www.dmastro.com.br\\\/dmastroblog\\\/#organization\"},\"potentialAction\":[{\"@type\":\"SearchAction\",\"target\":{\"@type\":\"EntryPoint\",\"urlTemplate\":\"https:\\\/\\\/www.dmastro.com.br\\\/dmastroblog\\\/?s={search_term_string}\"},\"query-input\":{\"@type\":\"PropertyValueSpecification\",\"valueRequired\":true,\"valueName\":\"search_term_string\"}}],\"inLanguage\":\"pt-BR\"},{\"@type\":\"Organization\",\"@id\":\"https:\\\/\\\/www.dmastro.com.br\\\/dmastroblog\\\/#organization\",\"name\":\"DMAstro Brasil\",\"url\":\"https:\\\/\\\/www.dmastro.com.br\\\/dmastroblog\\\/\",\"logo\":{\"@type\":\"ImageObject\",\"inLanguage\":\"pt-BR\",\"@id\":\"https:\\\/\\\/www.dmastro.com.br\\\/dmastroblog\\\/#\\\/schema\\\/logo\\\/image\\\/\",\"url\":\"https:\\\/\\\/www.dmastro.com.br\\\/dmastroblog\\\/wp-content\\\/uploads\\\/2018\\\/12\\\/logotipo-dmastro-brasil.png\",\"contentUrl\":\"https:\\\/\\\/www.dmastro.com.br\\\/dmastroblog\\\/wp-content\\\/uploads\\\/2018\\\/12\\\/logotipo-dmastro-brasil.png\",\"width\":180,\"height\":180,\"caption\":\"DMAstro Brasil\"},\"image\":{\"@id\":\"https:\\\/\\\/www.dmastro.com.br\\\/dmastroblog\\\/#\\\/schema\\\/logo\\\/image\\\/\"},\"sameAs\":[\"https:\\\/\\\/www.facebook.com\\\/dmastrobr\",\"https:\\\/\\\/x.com\\\/dmastrobrasil\",\"https:\\\/\\\/www.instagram.com\\\/dmastrobrasil\\\/\"]}]}<\/script>\n<!-- \/ Yoast SEO Premium plugin. -->","yoast_head_json":{"title":"Enciclop\u00e9dia da Astrologia e Esoterismo - R - Escola de Astrologia DMAstro","robots":{"index":"index","follow":"follow","max-snippet":"max-snippet:-1","max-image-preview":"max-image-preview:large","max-video-preview":"max-video-preview:-1"},"canonical":"https:\/\/www.dmastro.com.br\/dmastroblog\/dmastropedia-enciclopedia-da-astrologia-e-esoterismo\/enciclopedia-da-astrologia-e-esoterismo-r\/","og_locale":"pt_BR","og_type":"article","og_title":"Enciclop\u00e9dia da Astrologia e Esoterismo - R","og_description":"Radical Radix Rahu Raios, sob o Rapt Motion Rapt Parallel Recep\u00e7\u00e3o Recep\u00e7\u00e3o M\u00fatua Recep\u00e7\u00e3o M\u00fatua Recessional Directions Refrana\u00e7\u00e3o Reg\u00eancia, Geogr\u00e1fica Rel\u00f3gio Sideral Retifica\u00e7\u00e3o Retorno Met\u00f4nico Retr\u00f3grado Revolu\u00e7\u00e3o Revolu\u00e7\u00e3o orbital Revolu\u00e7\u00e3o Solar Revolu\u00e7\u00e3o Solar Progressiva Rota mundana ou Rota no Mundo Rota\u00e7\u00e3o Rota\u00e7\u00e3o axial &nbsp; Visite a DMAstrop\u00e9dia, nossa enciclop\u00e9dia de Astrologia e Esoterismo, abaixo voc\u00ea [&hellip;]","og_url":"https:\/\/www.dmastro.com.br\/dmastroblog\/dmastropedia-enciclopedia-da-astrologia-e-esoterismo\/enciclopedia-da-astrologia-e-esoterismo-r\/","og_site_name":"Escola de Astrologia DMAstro","article_publisher":"https:\/\/www.facebook.com\/dmastrobr","article_modified_time":"2020-10-04T04:56:45+00:00","twitter_card":"summary_large_image","twitter_site":"@dmastrobrasil","twitter_misc":{"Est. tempo de leitura":"1 minuto"},"schema":{"@context":"https:\/\/schema.org","@graph":[{"@type":"WebPage","@id":"https:\/\/www.dmastro.com.br\/dmastroblog\/dmastropedia-enciclopedia-da-astrologia-e-esoterismo\/enciclopedia-da-astrologia-e-esoterismo-r\/","url":"https:\/\/www.dmastro.com.br\/dmastroblog\/dmastropedia-enciclopedia-da-astrologia-e-esoterismo\/enciclopedia-da-astrologia-e-esoterismo-r\/","name":"Enciclop\u00e9dia da Astrologia e Esoterismo - R - Escola de Astrologia DMAstro","isPartOf":{"@id":"https:\/\/www.dmastro.com.br\/dmastroblog\/#website"},"datePublished":"2020-09-26T00:15:44+00:00","dateModified":"2020-10-04T04:56:45+00:00","breadcrumb":{"@id":"https:\/\/www.dmastro.com.br\/dmastroblog\/dmastropedia-enciclopedia-da-astrologia-e-esoterismo\/enciclopedia-da-astrologia-e-esoterismo-r\/#breadcrumb"},"inLanguage":"pt-BR","potentialAction":[{"@type":"ReadAction","target":["https:\/\/www.dmastro.com.br\/dmastroblog\/dmastropedia-enciclopedia-da-astrologia-e-esoterismo\/enciclopedia-da-astrologia-e-esoterismo-r\/"]}]},{"@type":"BreadcrumbList","@id":"https:\/\/www.dmastro.com.br\/dmastroblog\/dmastropedia-enciclopedia-da-astrologia-e-esoterismo\/enciclopedia-da-astrologia-e-esoterismo-r\/#breadcrumb","itemListElement":[{"@type":"ListItem","position":1,"name":"In\u00edcio","item":"https:\/\/www.dmastro.com.br\/dmastroblog\/"},{"@type":"ListItem","position":2,"name":"DMAstrop\u00e9dia &#8211; Enciclop\u00e9dia da Astrologia e Esoterismo","item":"https:\/\/www.dmastro.com.br\/dmastroblog\/dmastropedia-enciclopedia-da-astrologia-e-esoterismo\/"},{"@type":"ListItem","position":3,"name":"Enciclop\u00e9dia da Astrologia e Esoterismo &#8211; R"}]},{"@type":"WebSite","@id":"https:\/\/www.dmastro.com.br\/dmastroblog\/#website","url":"https:\/\/www.dmastro.com.br\/dmastroblog\/","name":"DMAstro Brasil","description":"Curso Completo de Forma\u00e7\u00e3o","publisher":{"@id":"https:\/\/www.dmastro.com.br\/dmastroblog\/#organization"},"potentialAction":[{"@type":"SearchAction","target":{"@type":"EntryPoint","urlTemplate":"https:\/\/www.dmastro.com.br\/dmastroblog\/?s={search_term_string}"},"query-input":{"@type":"PropertyValueSpecification","valueRequired":true,"valueName":"search_term_string"}}],"inLanguage":"pt-BR"},{"@type":"Organization","@id":"https:\/\/www.dmastro.com.br\/dmastroblog\/#organization","name":"DMAstro Brasil","url":"https:\/\/www.dmastro.com.br\/dmastroblog\/","logo":{"@type":"ImageObject","inLanguage":"pt-BR","@id":"https:\/\/www.dmastro.com.br\/dmastroblog\/#\/schema\/logo\/image\/","url":"https:\/\/www.dmastro.com.br\/dmastroblog\/wp-content\/uploads\/2018\/12\/logotipo-dmastro-brasil.png","contentUrl":"https:\/\/www.dmastro.com.br\/dmastroblog\/wp-content\/uploads\/2018\/12\/logotipo-dmastro-brasil.png","width":180,"height":180,"caption":"DMAstro Brasil"},"image":{"@id":"https:\/\/www.dmastro.com.br\/dmastroblog\/#\/schema\/logo\/image\/"},"sameAs":["https:\/\/www.facebook.com\/dmastrobr","https:\/\/x.com\/dmastrobrasil","https:\/\/www.instagram.com\/dmastrobrasil\/"]}]}},"jetpack_sharing_enabled":true,"jetpack_shortlink":"https:\/\/wp.me\/P99nMN-SP","jetpack_likes_enabled":false,"publishpress_future_action":{"enabled":false,"date":"2026-05-07 15:01:51","action":"change-status","newStatus":"draft","terms":[],"taxonomy":"","extraData":[]},"publishpress_future_workflow_manual_trigger":{"enabledWorkflows":[]},"_links":{"self":[{"href":"https:\/\/www.dmastro.com.br\/dmastroblog\/wp-json\/wp\/v2\/pages\/3399","targetHints":{"allow":["GET"]}}],"collection":[{"href":"https:\/\/www.dmastro.com.br\/dmastroblog\/wp-json\/wp\/v2\/pages"}],"about":[{"href":"https:\/\/www.dmastro.com.br\/dmastroblog\/wp-json\/wp\/v2\/types\/page"}],"author":[{"embeddable":true,"href":"https:\/\/www.dmastro.com.br\/dmastroblog\/wp-json\/wp\/v2\/users\/1"}],"replies":[{"embeddable":true,"href":"https:\/\/www.dmastro.com.br\/dmastroblog\/wp-json\/wp\/v2\/comments?post=3399"}],"version-history":[{"count":4,"href":"https:\/\/www.dmastro.com.br\/dmastroblog\/wp-json\/wp\/v2\/pages\/3399\/revisions"}],"predecessor-version":[{"id":3612,"href":"https:\/\/www.dmastro.com.br\/dmastroblog\/wp-json\/wp\/v2\/pages\/3399\/revisions\/3612"}],"up":[{"embeddable":true,"href":"https:\/\/www.dmastro.com.br\/dmastroblog\/wp-json\/wp\/v2\/pages\/3377"}],"wp:attachment":[{"href":"https:\/\/www.dmastro.com.br\/dmastroblog\/wp-json\/wp\/v2\/media?parent=3399"}],"curies":[{"name":"wp","href":"https:\/\/api.w.org\/{rel}","templated":true}]}}