{"id":3398,"date":"2020-09-25T21:04:52","date_gmt":"2020-09-26T00:04:52","guid":{"rendered":"http:\/\/www.dmastro.com.br\/dmastroblog\/?page_id=3398"},"modified":"2020-09-25T22:20:10","modified_gmt":"2020-09-26T01:20:10","slug":"enciclopedia-da-astrologia-e-esoterismo-m","status":"publish","type":"page","link":"https:\/\/www.dmastro.com.br\/dmastroblog\/enciclopedia-da-astrologia-e-esoterismo-m\/","title":{"rendered":"Enciclop\u00e9dia da Astrologia e Esoterismo &#8211; M"},"content":{"rendered":"<table width=\"204\">\n<tbody>\n<tr>\n<td width=\"204\">Magia<\/td>\n<\/tr>\n<tr>\n<td>Magnetismo<\/td>\n<\/tr>\n<tr>\n<td>Magnitude<\/td>\n<\/tr>\n<tr>\n<td>Maia<\/td>\n<\/tr>\n<tr>\n<td>Mal\u00e9fico. (n.)<\/td>\n<\/tr>\n<tr>\n<td>Mans\u00f5es da lua<\/td>\n<\/tr>\n<tr>\n<td>Mans\u00f5es lunares<\/td>\n<\/tr>\n<tr>\n<td>Mapa<\/td>\n<\/tr>\n<tr>\n<td>Mapa ef\u00eamero<\/td>\n<\/tr>\n<tr>\n<td>marciano<\/td>\n<\/tr>\n<tr>\n<td>Marcos, meio-dia ou meia-noite<\/td>\n<\/tr>\n<tr>\n<td>Marduk ou Asaru<\/td>\n<\/tr>\n<tr>\n<td>Matutine, Matutinal<\/td>\n<\/tr>\n<tr>\n<td>MC<\/td>\n<\/tr>\n<tr>\n<td>Medida de Tempo<\/td>\n<\/tr>\n<tr>\n<td>Mediunidade<\/td>\n<\/tr>\n<tr>\n<td>Meio do C\u00e9u<\/td>\n<\/tr>\n<tr>\n<td>Meridiano<\/td>\n<\/tr>\n<tr>\n<td>Meridional<\/td>\n<\/tr>\n<tr>\n<td>M\u00eas<\/td>\n<\/tr>\n<tr>\n<td>M\u00eas Embol\u00edsmico<\/td>\n<\/tr>\n<tr>\n<td>M\u00eas lunar<\/td>\n<\/tr>\n<tr>\n<td>Mesas de Casas<\/td>\n<\/tr>\n<tr>\n<td>Mesmerismo<\/td>\n<\/tr>\n<tr>\n<td>Metais Zodiacais<\/td>\n<\/tr>\n<tr>\n<td>M\u00edcron<\/td>\n<\/tr>\n<tr>\n<td>Minuto<\/td>\n<\/tr>\n<tr>\n<td>Mist\u00e9rios \u00d3rficos<\/td>\n<\/tr>\n<tr>\n<td>Mistura<\/td>\n<\/tr>\n<tr>\n<td>Moderadores<\/td>\n<\/tr>\n<tr>\n<td>Modus Rationalis<\/td>\n<\/tr>\n<tr>\n<td>Momento de nascimento<\/td>\n<\/tr>\n<tr>\n<td>M\u00f4nada<\/td>\n<\/tr>\n<tr>\n<td>Movimento<\/td>\n<\/tr>\n<tr>\n<td>Movimento Adequado<\/td>\n<\/tr>\n<tr>\n<td>Movimento Aparente<\/td>\n<\/tr>\n<tr>\n<td>Movimento Ef\u00eamero<\/td>\n<\/tr>\n<tr>\n<td>Movimento m\u00e9dio<\/td>\n<\/tr>\n<tr>\n<td>Movimentos Planet\u00e1rios<\/td>\n<\/tr>\n<tr>\n<td>M\u00fasica das Esferas<\/td>\n<\/tr>\n<\/tbody>\n<\/table>\n","protected":false},"excerpt":{"rendered":"<p>Magia Magnetismo Magnitude Maia Mal\u00e9fico. (n.) Mans\u00f5es da lua Mans\u00f5es lunares Mapa Mapa ef\u00eamero marciano Marcos, meio-dia ou meia-noite Marduk ou Asaru Matutine, Matutinal MC Medida de Tempo Mediunidade Meio do C\u00e9u Meridiano Meridional M\u00eas M\u00eas Embol\u00edsmico M\u00eas lunar Mesas de Casas Mesmerismo Metais Zodiacais M\u00edcron Minuto Mist\u00e9rios \u00d3rficos Mistura Moderadores Modus Rationalis Momento de [&hellip;]<\/p>\n","protected":false},"author":1,"featured_media":0,"parent":0,"menu_order":0,"comment_status":"closed","ping_status":"closed","template":"","meta":{"_themeisle_gutenberg_block_has_review":false,"jetpack_post_was_ever_published":false,"footnotes":""},"class_list":["post-3398","page","type-page","status-publish","hentry"],"yoast_head":"<!-- This site is optimized with the Yoast SEO Premium plugin v22.9 (Yoast SEO v27.3) - https:\/\/yoast.com\/product\/yoast-seo-premium-wordpress\/ -->\n<title>Enciclop\u00e9dia da Astrologia e Esoterismo - M - Escola de Astrologia DMAstro<\/title>\n<meta name=\"robots\" content=\"index, follow, max-snippet:-1, max-image-preview:large, max-video-preview:-1\" \/>\n<link rel=\"canonical\" href=\"https:\/\/www.dmastro.com.br\/dmastroblog\/enciclopedia-da-astrologia-e-esoterismo-m\/\" \/>\n<meta property=\"og:locale\" content=\"pt_BR\" \/>\n<meta property=\"og:type\" content=\"article\" \/>\n<meta property=\"og:title\" content=\"Enciclop\u00e9dia da Astrologia e Esoterismo - M\" \/>\n<meta property=\"og:description\" content=\"Magia Magnetismo Magnitude Maia Mal\u00e9fico. (n.) Mans\u00f5es da lua Mans\u00f5es lunares Mapa Mapa ef\u00eamero marciano Marcos, meio-dia ou meia-noite Marduk ou Asaru Matutine, Matutinal MC Medida de Tempo Mediunidade Meio do C\u00e9u Meridiano Meridional M\u00eas M\u00eas Embol\u00edsmico M\u00eas lunar Mesas de Casas Mesmerismo Metais Zodiacais M\u00edcron Minuto Mist\u00e9rios \u00d3rficos Mistura Moderadores Modus Rationalis Momento de [&hellip;]\" \/>\n<meta property=\"og:url\" content=\"https:\/\/www.dmastro.com.br\/dmastroblog\/enciclopedia-da-astrologia-e-esoterismo-m\/\" \/>\n<meta property=\"og:site_name\" content=\"Escola de Astrologia DMAstro\" \/>\n<meta property=\"article:publisher\" content=\"https:\/\/www.facebook.com\/dmastrobr\" \/>\n<meta property=\"article:modified_time\" content=\"2020-09-26T01:20:10+00:00\" \/>\n<meta name=\"twitter:card\" content=\"summary_large_image\" \/>\n<meta name=\"twitter:site\" content=\"@dmastrobrasil\" \/>\n<script type=\"application\/ld+json\" class=\"yoast-schema-graph\">{\"@context\":\"https:\\\/\\\/schema.org\",\"@graph\":[{\"@type\":\"WebPage\",\"@id\":\"https:\\\/\\\/www.dmastro.com.br\\\/dmastroblog\\\/enciclopedia-da-astrologia-e-esoterismo-m\\\/\",\"url\":\"https:\\\/\\\/www.dmastro.com.br\\\/dmastroblog\\\/enciclopedia-da-astrologia-e-esoterismo-m\\\/\",\"name\":\"Enciclop\u00e9dia da Astrologia e Esoterismo - M - Escola de Astrologia DMAstro\",\"isPartOf\":{\"@id\":\"https:\\\/\\\/www.dmastro.com.br\\\/dmastroblog\\\/#website\"},\"datePublished\":\"2020-09-26T00:04:52+00:00\",\"dateModified\":\"2020-09-26T01:20:10+00:00\",\"breadcrumb\":{\"@id\":\"https:\\\/\\\/www.dmastro.com.br\\\/dmastroblog\\\/enciclopedia-da-astrologia-e-esoterismo-m\\\/#breadcrumb\"},\"inLanguage\":\"pt-BR\",\"potentialAction\":[{\"@type\":\"ReadAction\",\"target\":[\"https:\\\/\\\/www.dmastro.com.br\\\/dmastroblog\\\/enciclopedia-da-astrologia-e-esoterismo-m\\\/\"]}]},{\"@type\":\"BreadcrumbList\",\"@id\":\"https:\\\/\\\/www.dmastro.com.br\\\/dmastroblog\\\/enciclopedia-da-astrologia-e-esoterismo-m\\\/#breadcrumb\",\"itemListElement\":[{\"@type\":\"ListItem\",\"position\":1,\"name\":\"In\u00edcio\",\"item\":\"https:\\\/\\\/www.dmastro.com.br\\\/dmastroblog\\\/\"},{\"@type\":\"ListItem\",\"position\":2,\"name\":\"Enciclop\u00e9dia da Astrologia e Esoterismo &#8211; M\"}]},{\"@type\":\"WebSite\",\"@id\":\"https:\\\/\\\/www.dmastro.com.br\\\/dmastroblog\\\/#website\",\"url\":\"https:\\\/\\\/www.dmastro.com.br\\\/dmastroblog\\\/\",\"name\":\"DMAstro Brasil\",\"description\":\"Curso Completo de Forma\u00e7\u00e3o\",\"publisher\":{\"@id\":\"https:\\\/\\\/www.dmastro.com.br\\\/dmastroblog\\\/#organization\"},\"potentialAction\":[{\"@type\":\"SearchAction\",\"target\":{\"@type\":\"EntryPoint\",\"urlTemplate\":\"https:\\\/\\\/www.dmastro.com.br\\\/dmastroblog\\\/?s={search_term_string}\"},\"query-input\":{\"@type\":\"PropertyValueSpecification\",\"valueRequired\":true,\"valueName\":\"search_term_string\"}}],\"inLanguage\":\"pt-BR\"},{\"@type\":\"Organization\",\"@id\":\"https:\\\/\\\/www.dmastro.com.br\\\/dmastroblog\\\/#organization\",\"name\":\"DMAstro Brasil\",\"url\":\"https:\\\/\\\/www.dmastro.com.br\\\/dmastroblog\\\/\",\"logo\":{\"@type\":\"ImageObject\",\"inLanguage\":\"pt-BR\",\"@id\":\"https:\\\/\\\/www.dmastro.com.br\\\/dmastroblog\\\/#\\\/schema\\\/logo\\\/image\\\/\",\"url\":\"https:\\\/\\\/www.dmastro.com.br\\\/dmastroblog\\\/wp-content\\\/uploads\\\/2018\\\/12\\\/logotipo-dmastro-brasil.png\",\"contentUrl\":\"https:\\\/\\\/www.dmastro.com.br\\\/dmastroblog\\\/wp-content\\\/uploads\\\/2018\\\/12\\\/logotipo-dmastro-brasil.png\",\"width\":180,\"height\":180,\"caption\":\"DMAstro Brasil\"},\"image\":{\"@id\":\"https:\\\/\\\/www.dmastro.com.br\\\/dmastroblog\\\/#\\\/schema\\\/logo\\\/image\\\/\"},\"sameAs\":[\"https:\\\/\\\/www.facebook.com\\\/dmastrobr\",\"https:\\\/\\\/x.com\\\/dmastrobrasil\",\"https:\\\/\\\/www.instagram.com\\\/dmastrobrasil\\\/\"]}]}<\/script>\n<!-- \/ Yoast SEO Premium plugin. -->","yoast_head_json":{"title":"Enciclop\u00e9dia da Astrologia e Esoterismo - M - Escola de Astrologia DMAstro","robots":{"index":"index","follow":"follow","max-snippet":"max-snippet:-1","max-image-preview":"max-image-preview:large","max-video-preview":"max-video-preview:-1"},"canonical":"https:\/\/www.dmastro.com.br\/dmastroblog\/enciclopedia-da-astrologia-e-esoterismo-m\/","og_locale":"pt_BR","og_type":"article","og_title":"Enciclop\u00e9dia da Astrologia e Esoterismo - M","og_description":"Magia Magnetismo Magnitude Maia Mal\u00e9fico. (n.) Mans\u00f5es da lua Mans\u00f5es lunares Mapa Mapa ef\u00eamero marciano Marcos, meio-dia ou meia-noite Marduk ou Asaru Matutine, Matutinal MC Medida de Tempo Mediunidade Meio do C\u00e9u Meridiano Meridional M\u00eas M\u00eas Embol\u00edsmico M\u00eas lunar Mesas de Casas Mesmerismo Metais Zodiacais M\u00edcron Minuto Mist\u00e9rios \u00d3rficos Mistura Moderadores Modus Rationalis Momento de [&hellip;]","og_url":"https:\/\/www.dmastro.com.br\/dmastroblog\/enciclopedia-da-astrologia-e-esoterismo-m\/","og_site_name":"Escola de Astrologia DMAstro","article_publisher":"https:\/\/www.facebook.com\/dmastrobr","article_modified_time":"2020-09-26T01:20:10+00:00","twitter_card":"summary_large_image","twitter_site":"@dmastrobrasil","schema":{"@context":"https:\/\/schema.org","@graph":[{"@type":"WebPage","@id":"https:\/\/www.dmastro.com.br\/dmastroblog\/enciclopedia-da-astrologia-e-esoterismo-m\/","url":"https:\/\/www.dmastro.com.br\/dmastroblog\/enciclopedia-da-astrologia-e-esoterismo-m\/","name":"Enciclop\u00e9dia da Astrologia e Esoterismo - M - Escola de Astrologia DMAstro","isPartOf":{"@id":"https:\/\/www.dmastro.com.br\/dmastroblog\/#website"},"datePublished":"2020-09-26T00:04:52+00:00","dateModified":"2020-09-26T01:20:10+00:00","breadcrumb":{"@id":"https:\/\/www.dmastro.com.br\/dmastroblog\/enciclopedia-da-astrologia-e-esoterismo-m\/#breadcrumb"},"inLanguage":"pt-BR","potentialAction":[{"@type":"ReadAction","target":["https:\/\/www.dmastro.com.br\/dmastroblog\/enciclopedia-da-astrologia-e-esoterismo-m\/"]}]},{"@type":"BreadcrumbList","@id":"https:\/\/www.dmastro.com.br\/dmastroblog\/enciclopedia-da-astrologia-e-esoterismo-m\/#breadcrumb","itemListElement":[{"@type":"ListItem","position":1,"name":"In\u00edcio","item":"https:\/\/www.dmastro.com.br\/dmastroblog\/"},{"@type":"ListItem","position":2,"name":"Enciclop\u00e9dia da Astrologia e Esoterismo &#8211; M"}]},{"@type":"WebSite","@id":"https:\/\/www.dmastro.com.br\/dmastroblog\/#website","url":"https:\/\/www.dmastro.com.br\/dmastroblog\/","name":"DMAstro Brasil","description":"Curso Completo de Forma\u00e7\u00e3o","publisher":{"@id":"https:\/\/www.dmastro.com.br\/dmastroblog\/#organization"},"potentialAction":[{"@type":"SearchAction","target":{"@type":"EntryPoint","urlTemplate":"https:\/\/www.dmastro.com.br\/dmastroblog\/?s={search_term_string}"},"query-input":{"@type":"PropertyValueSpecification","valueRequired":true,"valueName":"search_term_string"}}],"inLanguage":"pt-BR"},{"@type":"Organization","@id":"https:\/\/www.dmastro.com.br\/dmastroblog\/#organization","name":"DMAstro Brasil","url":"https:\/\/www.dmastro.com.br\/dmastroblog\/","logo":{"@type":"ImageObject","inLanguage":"pt-BR","@id":"https:\/\/www.dmastro.com.br\/dmastroblog\/#\/schema\/logo\/image\/","url":"https:\/\/www.dmastro.com.br\/dmastroblog\/wp-content\/uploads\/2018\/12\/logotipo-dmastro-brasil.png","contentUrl":"https:\/\/www.dmastro.com.br\/dmastroblog\/wp-content\/uploads\/2018\/12\/logotipo-dmastro-brasil.png","width":180,"height":180,"caption":"DMAstro Brasil"},"image":{"@id":"https:\/\/www.dmastro.com.br\/dmastroblog\/#\/schema\/logo\/image\/"},"sameAs":["https:\/\/www.facebook.com\/dmastrobr","https:\/\/x.com\/dmastrobrasil","https:\/\/www.instagram.com\/dmastrobrasil\/"]}]}},"jetpack_sharing_enabled":true,"jetpack_shortlink":"https:\/\/wp.me\/P99nMN-SO","jetpack_likes_enabled":false,"publishpress_future_action":{"enabled":false,"date":"2026-05-07 13:22:23","action":"change-status","newStatus":"draft","terms":[],"taxonomy":"","extraData":[]},"publishpress_future_workflow_manual_trigger":{"enabledWorkflows":[]},"_links":{"self":[{"href":"https:\/\/www.dmastro.com.br\/dmastroblog\/wp-json\/wp\/v2\/pages\/3398","targetHints":{"allow":["GET"]}}],"collection":[{"href":"https:\/\/www.dmastro.com.br\/dmastroblog\/wp-json\/wp\/v2\/pages"}],"about":[{"href":"https:\/\/www.dmastro.com.br\/dmastroblog\/wp-json\/wp\/v2\/types\/page"}],"author":[{"embeddable":true,"href":"https:\/\/www.dmastro.com.br\/dmastroblog\/wp-json\/wp\/v2\/users\/1"}],"replies":[{"embeddable":true,"href":"https:\/\/www.dmastro.com.br\/dmastroblog\/wp-json\/wp\/v2\/comments?post=3398"}],"version-history":[{"count":2,"href":"https:\/\/www.dmastro.com.br\/dmastroblog\/wp-json\/wp\/v2\/pages\/3398\/revisions"}],"predecessor-version":[{"id":3493,"href":"https:\/\/www.dmastro.com.br\/dmastroblog\/wp-json\/wp\/v2\/pages\/3398\/revisions\/3493"}],"wp:attachment":[{"href":"https:\/\/www.dmastro.com.br\/dmastroblog\/wp-json\/wp\/v2\/media?parent=3398"}],"curies":[{"name":"wp","href":"https:\/\/api.w.org\/{rel}","templated":true}]}}