{"id":3397,"date":"2020-09-25T21:15:24","date_gmt":"2020-09-26T00:15:24","guid":{"rendered":"http:\/\/www.dmastro.com.br\/dmastroblog\/?page_id=3397"},"modified":"2020-09-25T22:26:58","modified_gmt":"2020-09-26T01:26:58","slug":"enciclopedia-da-astrologia-e-esoterismo-p","status":"publish","type":"page","link":"https:\/\/www.dmastro.com.br\/dmastroblog\/enciclopedia-da-astrologia-e-esoterismo-p\/","title":{"rendered":"Enciclop\u00e9dia da Astrologia e Esoterismo &#8211; P"},"content":{"rendered":"<table width=\"204\">\n<tbody>\n<tr>\n<td width=\"204\">Padr\u00e3o Planet\u00e1rio<\/td>\n<\/tr>\n<tr>\n<td>Padr\u00f5es de aspecto<\/td>\n<\/tr>\n<tr>\n<td>Padr\u00f5es de hor\u00f3scopo<\/td>\n<\/tr>\n<tr>\n<td>Padr\u00f5es gr\u00e1ficos<\/td>\n<\/tr>\n<tr>\n<td>Pa\u00edses<\/td>\n<\/tr>\n<tr>\n<td>Pante\u00e3o, Deuses da<\/td>\n<\/tr>\n<tr>\n<td>Pante\u00edsmo<\/td>\n<\/tr>\n<tr>\n<td>Paralelo<\/td>\n<\/tr>\n<tr>\n<td>Paralelo Horizontal<\/td>\n<\/tr>\n<tr>\n<td>Paralelo Mundano ou Paralelo no Mundo<\/td>\n<\/tr>\n<tr>\n<td>Paralelos Zodiacais<\/td>\n<\/tr>\n<tr>\n<td>Pars fortunae; Parte da fortuna<\/td>\n<\/tr>\n<tr>\n<td>Partile<\/td>\n<\/tr>\n<tr>\n<td>P\u00e1scoa<\/td>\n<\/tr>\n<tr>\n<td>Passiva<\/td>\n<\/tr>\n<tr>\n<td>Patologia planet\u00e1ria ou doen\u00e7as f\u00edsicas.<\/td>\n<\/tr>\n<tr>\n<td>Pavanna<\/td>\n<\/tr>\n<tr>\n<td>Pedra filosofal<\/td>\n<\/tr>\n<tr>\n<td>Pedras de Nascimento<\/td>\n<\/tr>\n<tr>\n<td>Peixes<\/td>\n<\/tr>\n<tr>\n<td>Percep\u00e7\u00f5es Extra-sensoriais<\/td>\n<\/tr>\n<tr>\n<td>Peregrino<\/td>\n<\/tr>\n<tr>\n<td>Peri\u00e9lio<\/td>\n<\/tr>\n<tr>\n<td>Perigeu<\/td>\n<\/tr>\n<tr>\n<td>Per\u00edodo Dionis\u00edaco<\/td>\n<\/tr>\n<tr>\n<td>Per\u00edodos climat\u00e9ricos<\/td>\n<\/tr>\n<tr>\n<td>Per\u00edodos Planet\u00e1rios ou Ciclos<\/td>\n<\/tr>\n<tr>\n<td>Personagem<\/td>\n<\/tr>\n<tr>\n<td>Phoenon<\/td>\n<\/tr>\n<tr>\n<td>Pholus<\/td>\n<\/tr>\n<tr>\n<td>Pirois<\/td>\n<\/tr>\n<tr>\n<td>Placa<\/td>\n<\/tr>\n<tr>\n<td>Planeta catacl\u00edsmico<\/td>\n<\/tr>\n<tr>\n<td>Planetas amig\u00e1veis<\/td>\n<\/tr>\n<tr>\n<td>Planetas el\u00e9tricos<\/td>\n<\/tr>\n<tr>\n<td>Planetas frios<\/td>\n<\/tr>\n<tr>\n<td>Planetas Inferiores<\/td>\n<\/tr>\n<tr>\n<td>Planetas leves<\/td>\n<\/tr>\n<tr>\n<td>Planetas masculinos<\/td>\n<\/tr>\n<tr>\n<td>Planetas Ponder\u00e1veis \u200b\u200bou Ponder\u00e1veis<\/td>\n<\/tr>\n<tr>\n<td>Planetas principais<\/td>\n<\/tr>\n<tr>\n<td>Planetas superiores<\/td>\n<\/tr>\n<tr>\n<td>Planetas, classifica\u00e7\u00f5es de<\/td>\n<\/tr>\n<tr>\n<td>Plano Invari\u00e1vel<\/td>\n<\/tr>\n<tr>\n<td>Platic<\/td>\n<\/tr>\n<tr>\n<td>Plut\u00e3o<\/td>\n<\/tr>\n<tr>\n<td>Poder igual, sinais de<\/td>\n<\/tr>\n<tr>\n<td>Point of Life<\/td>\n<\/tr>\n<tr>\n<td>Polaridade<\/td>\n<\/tr>\n<tr>\n<td>P\u00f3lo &#8211; do Ascendente; do hor\u00f3scopo<\/td>\n<\/tr>\n<tr>\n<td>Ponto Anar\u00e9tico, Lugar Anar\u00e9tico<\/td>\n<\/tr>\n<tr>\n<td>Ponto de amor<\/td>\n<\/tr>\n<tr>\n<td>Ponto m\u00e9dio<\/td>\n<\/tr>\n<tr>\n<td>ponto Norte<\/td>\n<\/tr>\n<tr>\n<td>Pontos \u00e1rabes ou partes<\/td>\n<\/tr>\n<tr>\n<td>Posi\u00e7\u00e3o Radical<\/td>\n<\/tr>\n<tr>\n<td>Posicionada<\/td>\n<\/tr>\n<tr>\n<td>Precess\u00e3o do Equin\u00f3cio e P\u00f3lo<\/td>\n<\/tr>\n<tr>\n<td>Precess\u00e3o do Nodo da Lua<\/td>\n<\/tr>\n<tr>\n<td>Precess\u00e3o dos Equin\u00f3cios<\/td>\n<\/tr>\n<tr>\n<td>Predictions, in Mundane Astrology<\/td>\n<\/tr>\n<tr>\n<td>Presci\u00eancia<\/td>\n<\/tr>\n<tr>\n<td>Primeiro ponto<\/td>\n<\/tr>\n<tr>\n<td>Primum Mobile<\/td>\n<\/tr>\n<tr>\n<td>Processo<\/td>\n<\/tr>\n<tr>\n<td>Profecia<\/td>\n<\/tr>\n<tr>\n<td>Profections<\/td>\n<\/tr>\n<tr>\n<td>Progn\u00f3stico<\/td>\n<\/tr>\n<tr>\n<td>Progress\u00f5es<\/td>\n<\/tr>\n<tr>\n<td>Progress\u00f5es Secund\u00e1rias<\/td>\n<\/tr>\n<tr>\n<td>Progress\u00f5es vs. dire\u00e7\u00f5es<\/td>\n<\/tr>\n<tr>\n<td>Proibi\u00e7\u00e3o<\/td>\n<\/tr>\n<tr>\n<td>Proje\u00e7\u00e3o astral<\/td>\n<\/tr>\n<tr>\n<td>Promotor<\/td>\n<\/tr>\n<tr>\n<td>Prorrogator<\/td>\n<\/tr>\n<tr>\n<td>Psicofobia<\/td>\n<\/tr>\n<tr>\n<td>Psicografia<\/td>\n<\/tr>\n<tr>\n<td>Psicologia C\u00f3smica<\/td>\n<\/tr>\n<tr>\n<td>Psicologia planet\u00e1ria<\/td>\n<\/tr>\n<tr>\n<td>Psicometria<\/td>\n<\/tr>\n<\/tbody>\n<\/table>\n","protected":false},"excerpt":{"rendered":"<p>Padr\u00e3o Planet\u00e1rio Padr\u00f5es de aspecto Padr\u00f5es de hor\u00f3scopo Padr\u00f5es gr\u00e1ficos Pa\u00edses Pante\u00e3o, Deuses da Pante\u00edsmo Paralelo Paralelo Horizontal Paralelo Mundano ou Paralelo no Mundo Paralelos Zodiacais Pars fortunae; Parte da fortuna Partile P\u00e1scoa Passiva Patologia planet\u00e1ria ou doen\u00e7as f\u00edsicas. Pavanna Pedra filosofal Pedras de Nascimento Peixes Percep\u00e7\u00f5es Extra-sensoriais Peregrino Peri\u00e9lio Perigeu Per\u00edodo Dionis\u00edaco Per\u00edodos climat\u00e9ricos [&hellip;]<\/p>\n","protected":false},"author":1,"featured_media":0,"parent":0,"menu_order":0,"comment_status":"closed","ping_status":"closed","template":"","meta":{"_themeisle_gutenberg_block_has_review":false,"jetpack_post_was_ever_published":false,"footnotes":""},"class_list":["post-3397","page","type-page","status-publish","hentry"],"yoast_head":"<!-- This site is optimized with the Yoast SEO Premium plugin v22.9 (Yoast SEO v27.3) - https:\/\/yoast.com\/product\/yoast-seo-premium-wordpress\/ -->\n<title>Enciclop\u00e9dia da Astrologia e Esoterismo - P - Escola de Astrologia DMAstro<\/title>\n<meta name=\"robots\" content=\"index, follow, max-snippet:-1, max-image-preview:large, max-video-preview:-1\" \/>\n<link rel=\"canonical\" href=\"https:\/\/www.dmastro.com.br\/dmastroblog\/enciclopedia-da-astrologia-e-esoterismo-p\/\" \/>\n<meta property=\"og:locale\" content=\"pt_BR\" \/>\n<meta property=\"og:type\" content=\"article\" \/>\n<meta property=\"og:title\" content=\"Enciclop\u00e9dia da Astrologia e Esoterismo - P\" \/>\n<meta property=\"og:description\" content=\"Padr\u00e3o Planet\u00e1rio Padr\u00f5es de aspecto Padr\u00f5es de hor\u00f3scopo Padr\u00f5es gr\u00e1ficos Pa\u00edses Pante\u00e3o, Deuses da Pante\u00edsmo Paralelo Paralelo Horizontal Paralelo Mundano ou Paralelo no Mundo Paralelos Zodiacais Pars fortunae; Parte da fortuna Partile P\u00e1scoa Passiva Patologia planet\u00e1ria ou doen\u00e7as f\u00edsicas. Pavanna Pedra filosofal Pedras de Nascimento Peixes Percep\u00e7\u00f5es Extra-sensoriais Peregrino Peri\u00e9lio Perigeu Per\u00edodo Dionis\u00edaco Per\u00edodos climat\u00e9ricos [&hellip;]\" \/>\n<meta property=\"og:url\" content=\"https:\/\/www.dmastro.com.br\/dmastroblog\/enciclopedia-da-astrologia-e-esoterismo-p\/\" \/>\n<meta property=\"og:site_name\" content=\"Escola de Astrologia DMAstro\" \/>\n<meta property=\"article:publisher\" content=\"https:\/\/www.facebook.com\/dmastrobr\" \/>\n<meta property=\"article:modified_time\" content=\"2020-09-26T01:26:58+00:00\" \/>\n<meta name=\"twitter:card\" content=\"summary_large_image\" \/>\n<meta name=\"twitter:site\" content=\"@dmastrobrasil\" \/>\n<meta name=\"twitter:label1\" content=\"Est. tempo de leitura\" \/>\n\t<meta name=\"twitter:data1\" content=\"1 minuto\" \/>\n<script type=\"application\/ld+json\" class=\"yoast-schema-graph\">{\"@context\":\"https:\\\/\\\/schema.org\",\"@graph\":[{\"@type\":\"WebPage\",\"@id\":\"https:\\\/\\\/www.dmastro.com.br\\\/dmastroblog\\\/enciclopedia-da-astrologia-e-esoterismo-p\\\/\",\"url\":\"https:\\\/\\\/www.dmastro.com.br\\\/dmastroblog\\\/enciclopedia-da-astrologia-e-esoterismo-p\\\/\",\"name\":\"Enciclop\u00e9dia da Astrologia e Esoterismo - P - Escola de Astrologia DMAstro\",\"isPartOf\":{\"@id\":\"https:\\\/\\\/www.dmastro.com.br\\\/dmastroblog\\\/#website\"},\"datePublished\":\"2020-09-26T00:15:24+00:00\",\"dateModified\":\"2020-09-26T01:26:58+00:00\",\"breadcrumb\":{\"@id\":\"https:\\\/\\\/www.dmastro.com.br\\\/dmastroblog\\\/enciclopedia-da-astrologia-e-esoterismo-p\\\/#breadcrumb\"},\"inLanguage\":\"pt-BR\",\"potentialAction\":[{\"@type\":\"ReadAction\",\"target\":[\"https:\\\/\\\/www.dmastro.com.br\\\/dmastroblog\\\/enciclopedia-da-astrologia-e-esoterismo-p\\\/\"]}]},{\"@type\":\"BreadcrumbList\",\"@id\":\"https:\\\/\\\/www.dmastro.com.br\\\/dmastroblog\\\/enciclopedia-da-astrologia-e-esoterismo-p\\\/#breadcrumb\",\"itemListElement\":[{\"@type\":\"ListItem\",\"position\":1,\"name\":\"In\u00edcio\",\"item\":\"https:\\\/\\\/www.dmastro.com.br\\\/dmastroblog\\\/\"},{\"@type\":\"ListItem\",\"position\":2,\"name\":\"Enciclop\u00e9dia da Astrologia e Esoterismo &#8211; P\"}]},{\"@type\":\"WebSite\",\"@id\":\"https:\\\/\\\/www.dmastro.com.br\\\/dmastroblog\\\/#website\",\"url\":\"https:\\\/\\\/www.dmastro.com.br\\\/dmastroblog\\\/\",\"name\":\"DMAstro Brasil\",\"description\":\"Curso Completo de Forma\u00e7\u00e3o\",\"publisher\":{\"@id\":\"https:\\\/\\\/www.dmastro.com.br\\\/dmastroblog\\\/#organization\"},\"potentialAction\":[{\"@type\":\"SearchAction\",\"target\":{\"@type\":\"EntryPoint\",\"urlTemplate\":\"https:\\\/\\\/www.dmastro.com.br\\\/dmastroblog\\\/?s={search_term_string}\"},\"query-input\":{\"@type\":\"PropertyValueSpecification\",\"valueRequired\":true,\"valueName\":\"search_term_string\"}}],\"inLanguage\":\"pt-BR\"},{\"@type\":\"Organization\",\"@id\":\"https:\\\/\\\/www.dmastro.com.br\\\/dmastroblog\\\/#organization\",\"name\":\"DMAstro Brasil\",\"url\":\"https:\\\/\\\/www.dmastro.com.br\\\/dmastroblog\\\/\",\"logo\":{\"@type\":\"ImageObject\",\"inLanguage\":\"pt-BR\",\"@id\":\"https:\\\/\\\/www.dmastro.com.br\\\/dmastroblog\\\/#\\\/schema\\\/logo\\\/image\\\/\",\"url\":\"https:\\\/\\\/www.dmastro.com.br\\\/dmastroblog\\\/wp-content\\\/uploads\\\/2018\\\/12\\\/logotipo-dmastro-brasil.png\",\"contentUrl\":\"https:\\\/\\\/www.dmastro.com.br\\\/dmastroblog\\\/wp-content\\\/uploads\\\/2018\\\/12\\\/logotipo-dmastro-brasil.png\",\"width\":180,\"height\":180,\"caption\":\"DMAstro Brasil\"},\"image\":{\"@id\":\"https:\\\/\\\/www.dmastro.com.br\\\/dmastroblog\\\/#\\\/schema\\\/logo\\\/image\\\/\"},\"sameAs\":[\"https:\\\/\\\/www.facebook.com\\\/dmastrobr\",\"https:\\\/\\\/x.com\\\/dmastrobrasil\",\"https:\\\/\\\/www.instagram.com\\\/dmastrobrasil\\\/\"]}]}<\/script>\n<!-- \/ Yoast SEO Premium plugin. -->","yoast_head_json":{"title":"Enciclop\u00e9dia da Astrologia e Esoterismo - P - Escola de Astrologia DMAstro","robots":{"index":"index","follow":"follow","max-snippet":"max-snippet:-1","max-image-preview":"max-image-preview:large","max-video-preview":"max-video-preview:-1"},"canonical":"https:\/\/www.dmastro.com.br\/dmastroblog\/enciclopedia-da-astrologia-e-esoterismo-p\/","og_locale":"pt_BR","og_type":"article","og_title":"Enciclop\u00e9dia da Astrologia e Esoterismo - P","og_description":"Padr\u00e3o Planet\u00e1rio Padr\u00f5es de aspecto Padr\u00f5es de hor\u00f3scopo Padr\u00f5es gr\u00e1ficos Pa\u00edses Pante\u00e3o, Deuses da Pante\u00edsmo Paralelo Paralelo Horizontal Paralelo Mundano ou Paralelo no Mundo Paralelos Zodiacais Pars fortunae; Parte da fortuna Partile P\u00e1scoa Passiva Patologia planet\u00e1ria ou doen\u00e7as f\u00edsicas. Pavanna Pedra filosofal Pedras de Nascimento Peixes Percep\u00e7\u00f5es Extra-sensoriais Peregrino Peri\u00e9lio Perigeu Per\u00edodo Dionis\u00edaco Per\u00edodos climat\u00e9ricos [&hellip;]","og_url":"https:\/\/www.dmastro.com.br\/dmastroblog\/enciclopedia-da-astrologia-e-esoterismo-p\/","og_site_name":"Escola de Astrologia DMAstro","article_publisher":"https:\/\/www.facebook.com\/dmastrobr","article_modified_time":"2020-09-26T01:26:58+00:00","twitter_card":"summary_large_image","twitter_site":"@dmastrobrasil","twitter_misc":{"Est. tempo de leitura":"1 minuto"},"schema":{"@context":"https:\/\/schema.org","@graph":[{"@type":"WebPage","@id":"https:\/\/www.dmastro.com.br\/dmastroblog\/enciclopedia-da-astrologia-e-esoterismo-p\/","url":"https:\/\/www.dmastro.com.br\/dmastroblog\/enciclopedia-da-astrologia-e-esoterismo-p\/","name":"Enciclop\u00e9dia da Astrologia e Esoterismo - P - Escola de Astrologia DMAstro","isPartOf":{"@id":"https:\/\/www.dmastro.com.br\/dmastroblog\/#website"},"datePublished":"2020-09-26T00:15:24+00:00","dateModified":"2020-09-26T01:26:58+00:00","breadcrumb":{"@id":"https:\/\/www.dmastro.com.br\/dmastroblog\/enciclopedia-da-astrologia-e-esoterismo-p\/#breadcrumb"},"inLanguage":"pt-BR","potentialAction":[{"@type":"ReadAction","target":["https:\/\/www.dmastro.com.br\/dmastroblog\/enciclopedia-da-astrologia-e-esoterismo-p\/"]}]},{"@type":"BreadcrumbList","@id":"https:\/\/www.dmastro.com.br\/dmastroblog\/enciclopedia-da-astrologia-e-esoterismo-p\/#breadcrumb","itemListElement":[{"@type":"ListItem","position":1,"name":"In\u00edcio","item":"https:\/\/www.dmastro.com.br\/dmastroblog\/"},{"@type":"ListItem","position":2,"name":"Enciclop\u00e9dia da Astrologia e Esoterismo &#8211; P"}]},{"@type":"WebSite","@id":"https:\/\/www.dmastro.com.br\/dmastroblog\/#website","url":"https:\/\/www.dmastro.com.br\/dmastroblog\/","name":"DMAstro Brasil","description":"Curso Completo de Forma\u00e7\u00e3o","publisher":{"@id":"https:\/\/www.dmastro.com.br\/dmastroblog\/#organization"},"potentialAction":[{"@type":"SearchAction","target":{"@type":"EntryPoint","urlTemplate":"https:\/\/www.dmastro.com.br\/dmastroblog\/?s={search_term_string}"},"query-input":{"@type":"PropertyValueSpecification","valueRequired":true,"valueName":"search_term_string"}}],"inLanguage":"pt-BR"},{"@type":"Organization","@id":"https:\/\/www.dmastro.com.br\/dmastroblog\/#organization","name":"DMAstro Brasil","url":"https:\/\/www.dmastro.com.br\/dmastroblog\/","logo":{"@type":"ImageObject","inLanguage":"pt-BR","@id":"https:\/\/www.dmastro.com.br\/dmastroblog\/#\/schema\/logo\/image\/","url":"https:\/\/www.dmastro.com.br\/dmastroblog\/wp-content\/uploads\/2018\/12\/logotipo-dmastro-brasil.png","contentUrl":"https:\/\/www.dmastro.com.br\/dmastroblog\/wp-content\/uploads\/2018\/12\/logotipo-dmastro-brasil.png","width":180,"height":180,"caption":"DMAstro Brasil"},"image":{"@id":"https:\/\/www.dmastro.com.br\/dmastroblog\/#\/schema\/logo\/image\/"},"sameAs":["https:\/\/www.facebook.com\/dmastrobr","https:\/\/x.com\/dmastrobrasil","https:\/\/www.instagram.com\/dmastrobrasil\/"]}]}},"jetpack_sharing_enabled":true,"jetpack_shortlink":"https:\/\/wp.me\/P99nMN-SN","jetpack_likes_enabled":false,"publishpress_future_action":{"enabled":false,"date":"2026-05-07 11:56:43","action":"change-status","newStatus":"draft","terms":[],"taxonomy":"","extraData":[]},"publishpress_future_workflow_manual_trigger":{"enabledWorkflows":[]},"_links":{"self":[{"href":"https:\/\/www.dmastro.com.br\/dmastroblog\/wp-json\/wp\/v2\/pages\/3397","targetHints":{"allow":["GET"]}}],"collection":[{"href":"https:\/\/www.dmastro.com.br\/dmastroblog\/wp-json\/wp\/v2\/pages"}],"about":[{"href":"https:\/\/www.dmastro.com.br\/dmastroblog\/wp-json\/wp\/v2\/types\/page"}],"author":[{"embeddable":true,"href":"https:\/\/www.dmastro.com.br\/dmastroblog\/wp-json\/wp\/v2\/users\/1"}],"replies":[{"embeddable":true,"href":"https:\/\/www.dmastro.com.br\/dmastroblog\/wp-json\/wp\/v2\/comments?post=3397"}],"version-history":[{"count":3,"href":"https:\/\/www.dmastro.com.br\/dmastroblog\/wp-json\/wp\/v2\/pages\/3397\/revisions"}],"predecessor-version":[{"id":3499,"href":"https:\/\/www.dmastro.com.br\/dmastroblog\/wp-json\/wp\/v2\/pages\/3397\/revisions\/3499"}],"wp:attachment":[{"href":"https:\/\/www.dmastro.com.br\/dmastroblog\/wp-json\/wp\/v2\/media?parent=3397"}],"curies":[{"name":"wp","href":"https:\/\/api.w.org\/{rel}","templated":true}]}}