{"id":3392,"date":"2020-09-25T21:04:04","date_gmt":"2020-09-26T00:04:04","guid":{"rendered":"http:\/\/www.dmastro.com.br\/dmastroblog\/?page_id=3392"},"modified":"2020-09-25T22:03:52","modified_gmt":"2020-09-26T01:03:52","slug":"enciclopedia-da-astrologia-e-esoterismo-i","status":"publish","type":"page","link":"https:\/\/www.dmastro.com.br\/dmastroblog\/enciclopedia-da-astrologia-e-esoterismo-i\/","title":{"rendered":"Enciclop\u00e9dia da Astrologia e Esoterismo &#8211; I"},"content":{"rendered":"<table width=\"204\">\n<tbody>\n<tr>\n<td width=\"204\">Idades Planet\u00e1rias do Homem<\/td>\n<\/tr>\n<tr>\n<td>Idades, Astrol\u00f3gicas<\/td>\n<\/tr>\n<tr>\n<td>Ides<\/td>\n<\/tr>\n<tr>\n<td>Ilumina\u00e7\u00e3o, per\u00edodo de<\/td>\n<\/tr>\n<tr>\n<td>Imers\u00e3o<\/td>\n<\/tr>\n<tr>\n<td>Impedido; Impedido<\/td>\n<\/tr>\n<tr>\n<td>Imum Coeli<\/td>\n<\/tr>\n<tr>\n<td>Inclina\u00e7\u00e3o<\/td>\n<\/tr>\n<tr>\n<td>Inconjunt<\/td>\n<\/tr>\n<tr>\n<td>Influ\u00eancia Ativa<\/td>\n<\/tr>\n<tr>\n<td>Infort\u00fanios<\/td>\n<\/tr>\n<tr>\n<td>Iniciando Sinais<\/td>\n<\/tr>\n<tr>\n<td>Inscri\u00e7\u00e3o<\/td>\n<\/tr>\n<tr>\n<td>Instru\u00e7\u00f5es. Progress\u00f5es<\/td>\n<\/tr>\n<tr>\n<td>Interceptado<\/td>\n<\/tr>\n<tr>\n<td>Interlunar<\/td>\n<\/tr>\n<tr>\n<td>Interpola\u00e7\u00e3o<\/td>\n<\/tr>\n<tr>\n<td>Interpreta\u00e7\u00e3o<\/td>\n<\/tr>\n<tr>\n<td>Invers\u00e3o<\/td>\n<\/tr>\n<tr>\n<td>Ishtar<\/td>\n<\/tr>\n<tr>\n<td>Isis e Osiris<\/td>\n<\/tr>\n<tr>\n<td>Issat<\/td>\n<\/tr>\n<\/tbody>\n<\/table>\n","protected":false},"excerpt":{"rendered":"<p>Idades Planet\u00e1rias do Homem Idades, Astrol\u00f3gicas Ides Ilumina\u00e7\u00e3o, per\u00edodo de Imers\u00e3o Impedido; Impedido Imum Coeli Inclina\u00e7\u00e3o Inconjunt Influ\u00eancia Ativa Infort\u00fanios Iniciando Sinais Inscri\u00e7\u00e3o Instru\u00e7\u00f5es. Progress\u00f5es Interceptado Interlunar Interpola\u00e7\u00e3o Interpreta\u00e7\u00e3o Invers\u00e3o Ishtar Isis e Osiris Issat<\/p>\n","protected":false},"author":1,"featured_media":0,"parent":0,"menu_order":0,"comment_status":"closed","ping_status":"closed","template":"","meta":{"_themeisle_gutenberg_block_has_review":false,"jetpack_post_was_ever_published":false,"footnotes":""},"class_list":["post-3392","page","type-page","status-publish","hentry"],"yoast_head":"<!-- This site is optimized with the Yoast SEO Premium plugin v22.9 (Yoast SEO v27.3) - https:\/\/yoast.com\/product\/yoast-seo-premium-wordpress\/ -->\n<title>Enciclop\u00e9dia da Astrologia e Esoterismo - I - Escola de Astrologia DMAstro<\/title>\n<meta name=\"robots\" content=\"index, follow, max-snippet:-1, max-image-preview:large, max-video-preview:-1\" \/>\n<link rel=\"canonical\" href=\"https:\/\/www.dmastro.com.br\/dmastroblog\/enciclopedia-da-astrologia-e-esoterismo-i\/\" \/>\n<meta property=\"og:locale\" content=\"pt_BR\" \/>\n<meta property=\"og:type\" content=\"article\" \/>\n<meta property=\"og:title\" content=\"Enciclop\u00e9dia da Astrologia e Esoterismo - I\" \/>\n<meta property=\"og:description\" content=\"Idades Planet\u00e1rias do Homem Idades, Astrol\u00f3gicas Ides Ilumina\u00e7\u00e3o, per\u00edodo de Imers\u00e3o Impedido; Impedido Imum Coeli Inclina\u00e7\u00e3o Inconjunt Influ\u00eancia Ativa Infort\u00fanios Iniciando Sinais Inscri\u00e7\u00e3o Instru\u00e7\u00f5es. Progress\u00f5es Interceptado Interlunar Interpola\u00e7\u00e3o Interpreta\u00e7\u00e3o Invers\u00e3o Ishtar Isis e Osiris Issat\" \/>\n<meta property=\"og:url\" content=\"https:\/\/www.dmastro.com.br\/dmastroblog\/enciclopedia-da-astrologia-e-esoterismo-i\/\" \/>\n<meta property=\"og:site_name\" content=\"Escola de Astrologia DMAstro\" \/>\n<meta property=\"article:publisher\" content=\"https:\/\/www.facebook.com\/dmastrobr\" \/>\n<meta property=\"article:modified_time\" content=\"2020-09-26T01:03:52+00:00\" \/>\n<meta name=\"twitter:card\" content=\"summary_large_image\" \/>\n<meta name=\"twitter:site\" content=\"@dmastrobrasil\" \/>\n<script type=\"application\/ld+json\" class=\"yoast-schema-graph\">{\"@context\":\"https:\\\/\\\/schema.org\",\"@graph\":[{\"@type\":\"WebPage\",\"@id\":\"https:\\\/\\\/www.dmastro.com.br\\\/dmastroblog\\\/enciclopedia-da-astrologia-e-esoterismo-i\\\/\",\"url\":\"https:\\\/\\\/www.dmastro.com.br\\\/dmastroblog\\\/enciclopedia-da-astrologia-e-esoterismo-i\\\/\",\"name\":\"Enciclop\u00e9dia da Astrologia e Esoterismo - I - Escola de Astrologia DMAstro\",\"isPartOf\":{\"@id\":\"https:\\\/\\\/www.dmastro.com.br\\\/dmastroblog\\\/#website\"},\"datePublished\":\"2020-09-26T00:04:04+00:00\",\"dateModified\":\"2020-09-26T01:03:52+00:00\",\"breadcrumb\":{\"@id\":\"https:\\\/\\\/www.dmastro.com.br\\\/dmastroblog\\\/enciclopedia-da-astrologia-e-esoterismo-i\\\/#breadcrumb\"},\"inLanguage\":\"pt-BR\",\"potentialAction\":[{\"@type\":\"ReadAction\",\"target\":[\"https:\\\/\\\/www.dmastro.com.br\\\/dmastroblog\\\/enciclopedia-da-astrologia-e-esoterismo-i\\\/\"]}]},{\"@type\":\"BreadcrumbList\",\"@id\":\"https:\\\/\\\/www.dmastro.com.br\\\/dmastroblog\\\/enciclopedia-da-astrologia-e-esoterismo-i\\\/#breadcrumb\",\"itemListElement\":[{\"@type\":\"ListItem\",\"position\":1,\"name\":\"In\u00edcio\",\"item\":\"https:\\\/\\\/www.dmastro.com.br\\\/dmastroblog\\\/\"},{\"@type\":\"ListItem\",\"position\":2,\"name\":\"Enciclop\u00e9dia da Astrologia e Esoterismo &#8211; I\"}]},{\"@type\":\"WebSite\",\"@id\":\"https:\\\/\\\/www.dmastro.com.br\\\/dmastroblog\\\/#website\",\"url\":\"https:\\\/\\\/www.dmastro.com.br\\\/dmastroblog\\\/\",\"name\":\"DMAstro Brasil\",\"description\":\"Curso Completo de Forma\u00e7\u00e3o\",\"publisher\":{\"@id\":\"https:\\\/\\\/www.dmastro.com.br\\\/dmastroblog\\\/#organization\"},\"potentialAction\":[{\"@type\":\"SearchAction\",\"target\":{\"@type\":\"EntryPoint\",\"urlTemplate\":\"https:\\\/\\\/www.dmastro.com.br\\\/dmastroblog\\\/?s={search_term_string}\"},\"query-input\":{\"@type\":\"PropertyValueSpecification\",\"valueRequired\":true,\"valueName\":\"search_term_string\"}}],\"inLanguage\":\"pt-BR\"},{\"@type\":\"Organization\",\"@id\":\"https:\\\/\\\/www.dmastro.com.br\\\/dmastroblog\\\/#organization\",\"name\":\"DMAstro Brasil\",\"url\":\"https:\\\/\\\/www.dmastro.com.br\\\/dmastroblog\\\/\",\"logo\":{\"@type\":\"ImageObject\",\"inLanguage\":\"pt-BR\",\"@id\":\"https:\\\/\\\/www.dmastro.com.br\\\/dmastroblog\\\/#\\\/schema\\\/logo\\\/image\\\/\",\"url\":\"https:\\\/\\\/www.dmastro.com.br\\\/dmastroblog\\\/wp-content\\\/uploads\\\/2018\\\/12\\\/logotipo-dmastro-brasil.png\",\"contentUrl\":\"https:\\\/\\\/www.dmastro.com.br\\\/dmastroblog\\\/wp-content\\\/uploads\\\/2018\\\/12\\\/logotipo-dmastro-brasil.png\",\"width\":180,\"height\":180,\"caption\":\"DMAstro Brasil\"},\"image\":{\"@id\":\"https:\\\/\\\/www.dmastro.com.br\\\/dmastroblog\\\/#\\\/schema\\\/logo\\\/image\\\/\"},\"sameAs\":[\"https:\\\/\\\/www.facebook.com\\\/dmastrobr\",\"https:\\\/\\\/x.com\\\/dmastrobrasil\",\"https:\\\/\\\/www.instagram.com\\\/dmastrobrasil\\\/\"]}]}<\/script>\n<!-- \/ Yoast SEO Premium plugin. -->","yoast_head_json":{"title":"Enciclop\u00e9dia da Astrologia e Esoterismo - I - Escola de Astrologia DMAstro","robots":{"index":"index","follow":"follow","max-snippet":"max-snippet:-1","max-image-preview":"max-image-preview:large","max-video-preview":"max-video-preview:-1"},"canonical":"https:\/\/www.dmastro.com.br\/dmastroblog\/enciclopedia-da-astrologia-e-esoterismo-i\/","og_locale":"pt_BR","og_type":"article","og_title":"Enciclop\u00e9dia da Astrologia e Esoterismo - I","og_description":"Idades Planet\u00e1rias do Homem Idades, Astrol\u00f3gicas Ides Ilumina\u00e7\u00e3o, per\u00edodo de Imers\u00e3o Impedido; Impedido Imum Coeli Inclina\u00e7\u00e3o Inconjunt Influ\u00eancia Ativa Infort\u00fanios Iniciando Sinais Inscri\u00e7\u00e3o Instru\u00e7\u00f5es. Progress\u00f5es Interceptado Interlunar Interpola\u00e7\u00e3o Interpreta\u00e7\u00e3o Invers\u00e3o Ishtar Isis e Osiris Issat","og_url":"https:\/\/www.dmastro.com.br\/dmastroblog\/enciclopedia-da-astrologia-e-esoterismo-i\/","og_site_name":"Escola de Astrologia DMAstro","article_publisher":"https:\/\/www.facebook.com\/dmastrobr","article_modified_time":"2020-09-26T01:03:52+00:00","twitter_card":"summary_large_image","twitter_site":"@dmastrobrasil","schema":{"@context":"https:\/\/schema.org","@graph":[{"@type":"WebPage","@id":"https:\/\/www.dmastro.com.br\/dmastroblog\/enciclopedia-da-astrologia-e-esoterismo-i\/","url":"https:\/\/www.dmastro.com.br\/dmastroblog\/enciclopedia-da-astrologia-e-esoterismo-i\/","name":"Enciclop\u00e9dia da Astrologia e Esoterismo - I - Escola de Astrologia DMAstro","isPartOf":{"@id":"https:\/\/www.dmastro.com.br\/dmastroblog\/#website"},"datePublished":"2020-09-26T00:04:04+00:00","dateModified":"2020-09-26T01:03:52+00:00","breadcrumb":{"@id":"https:\/\/www.dmastro.com.br\/dmastroblog\/enciclopedia-da-astrologia-e-esoterismo-i\/#breadcrumb"},"inLanguage":"pt-BR","potentialAction":[{"@type":"ReadAction","target":["https:\/\/www.dmastro.com.br\/dmastroblog\/enciclopedia-da-astrologia-e-esoterismo-i\/"]}]},{"@type":"BreadcrumbList","@id":"https:\/\/www.dmastro.com.br\/dmastroblog\/enciclopedia-da-astrologia-e-esoterismo-i\/#breadcrumb","itemListElement":[{"@type":"ListItem","position":1,"name":"In\u00edcio","item":"https:\/\/www.dmastro.com.br\/dmastroblog\/"},{"@type":"ListItem","position":2,"name":"Enciclop\u00e9dia da Astrologia e Esoterismo &#8211; I"}]},{"@type":"WebSite","@id":"https:\/\/www.dmastro.com.br\/dmastroblog\/#website","url":"https:\/\/www.dmastro.com.br\/dmastroblog\/","name":"DMAstro Brasil","description":"Curso Completo de Forma\u00e7\u00e3o","publisher":{"@id":"https:\/\/www.dmastro.com.br\/dmastroblog\/#organization"},"potentialAction":[{"@type":"SearchAction","target":{"@type":"EntryPoint","urlTemplate":"https:\/\/www.dmastro.com.br\/dmastroblog\/?s={search_term_string}"},"query-input":{"@type":"PropertyValueSpecification","valueRequired":true,"valueName":"search_term_string"}}],"inLanguage":"pt-BR"},{"@type":"Organization","@id":"https:\/\/www.dmastro.com.br\/dmastroblog\/#organization","name":"DMAstro Brasil","url":"https:\/\/www.dmastro.com.br\/dmastroblog\/","logo":{"@type":"ImageObject","inLanguage":"pt-BR","@id":"https:\/\/www.dmastro.com.br\/dmastroblog\/#\/schema\/logo\/image\/","url":"https:\/\/www.dmastro.com.br\/dmastroblog\/wp-content\/uploads\/2018\/12\/logotipo-dmastro-brasil.png","contentUrl":"https:\/\/www.dmastro.com.br\/dmastroblog\/wp-content\/uploads\/2018\/12\/logotipo-dmastro-brasil.png","width":180,"height":180,"caption":"DMAstro Brasil"},"image":{"@id":"https:\/\/www.dmastro.com.br\/dmastroblog\/#\/schema\/logo\/image\/"},"sameAs":["https:\/\/www.facebook.com\/dmastrobr","https:\/\/x.com\/dmastrobrasil","https:\/\/www.instagram.com\/dmastrobrasil\/"]}]}},"jetpack_sharing_enabled":true,"jetpack_shortlink":"https:\/\/wp.me\/P99nMN-SI","jetpack_likes_enabled":false,"publishpress_future_action":{"enabled":false,"date":"2026-05-07 11:56:41","action":"change-status","newStatus":"draft","terms":[],"taxonomy":"","extraData":[]},"publishpress_future_workflow_manual_trigger":{"enabledWorkflows":[]},"_links":{"self":[{"href":"https:\/\/www.dmastro.com.br\/dmastroblog\/wp-json\/wp\/v2\/pages\/3392","targetHints":{"allow":["GET"]}}],"collection":[{"href":"https:\/\/www.dmastro.com.br\/dmastroblog\/wp-json\/wp\/v2\/pages"}],"about":[{"href":"https:\/\/www.dmastro.com.br\/dmastroblog\/wp-json\/wp\/v2\/types\/page"}],"author":[{"embeddable":true,"href":"https:\/\/www.dmastro.com.br\/dmastroblog\/wp-json\/wp\/v2\/users\/1"}],"replies":[{"embeddable":true,"href":"https:\/\/www.dmastro.com.br\/dmastroblog\/wp-json\/wp\/v2\/comments?post=3392"}],"version-history":[{"count":3,"href":"https:\/\/www.dmastro.com.br\/dmastroblog\/wp-json\/wp\/v2\/pages\/3392\/revisions"}],"predecessor-version":[{"id":3482,"href":"https:\/\/www.dmastro.com.br\/dmastroblog\/wp-json\/wp\/v2\/pages\/3392\/revisions\/3482"}],"wp:attachment":[{"href":"https:\/\/www.dmastro.com.br\/dmastroblog\/wp-json\/wp\/v2\/media?parent=3392"}],"curies":[{"name":"wp","href":"https:\/\/api.w.org\/{rel}","templated":true}]}}