{"id":3388,"date":"2020-09-25T21:04:10","date_gmt":"2020-09-26T00:04:10","guid":{"rendered":"http:\/\/www.dmastro.com.br\/dmastroblog\/?page_id=3388"},"modified":"2020-09-25T22:01:40","modified_gmt":"2020-09-26T01:01:40","slug":"enciclopedia-da-astrologia-e-esoterismo-e","status":"publish","type":"page","link":"https:\/\/www.dmastro.com.br\/dmastroblog\/enciclopedia-da-astrologia-e-esoterismo-e\/","title":{"rendered":"Enciclop\u00e9dia da Astrologia e Esoterismo &#8211; E"},"content":{"rendered":"<table width=\"204\">\n<tbody>\n<tr>\n<td width=\"204\">Earth Shine<\/td>\n<\/tr>\n<tr>\n<td>Eclipsareon<\/td>\n<\/tr>\n<tr>\n<td>Eclipse<\/td>\n<\/tr>\n<tr>\n<td>Eclipse Penumbral<\/td>\n<\/tr>\n<tr>\n<td>Eclipse Umbral<\/td>\n<\/tr>\n<tr>\n<td>Ecl\u00edptica<\/td>\n<\/tr>\n<tr>\n<td>Efem\u00e9rides. pl. Efem\u00e9rides<\/td>\n<\/tr>\n<tr>\n<td>Ego<\/td>\n<\/tr>\n<tr>\n<td>Eixo, inclina\u00e7\u00e3o de<\/td>\n<\/tr>\n<tr>\n<td>Elei\u00e7\u00f5es<\/td>\n<\/tr>\n<tr>\n<td>Elementos<\/td>\n<\/tr>\n<tr>\n<td>Elenco do hor\u00f3scopo<\/td>\n<\/tr>\n<tr>\n<td>Eleva\u00e7\u00e3o<\/td>\n<\/tr>\n<tr>\n<td>Eleva\u00e7\u00e3o Polar<\/td>\n<\/tr>\n<tr>\n<td>Emerge<\/td>\n<\/tr>\n<tr>\n<td>Eneatico<\/td>\n<\/tr>\n<tr>\n<td>Entrada<\/td>\n<\/tr>\n<tr>\n<td>Epact<\/td>\n<\/tr>\n<tr>\n<td>Epiciclo<\/td>\n<\/tr>\n<tr>\n<td>\u00c9poca<\/td>\n<\/tr>\n<tr>\n<td>\u00c9poca pr\u00e9-natal<\/td>\n<\/tr>\n<tr>\n<td>Equa\u00e7\u00e3o do tempo<\/td>\n<\/tr>\n<tr>\n<td>Equador<\/td>\n<\/tr>\n<tr>\n<td>Equil\u00edbrio Solar<\/td>\n<\/tr>\n<tr>\n<td>Equin\u00f3cio<\/td>\n<\/tr>\n<tr>\n<td>Equin\u00f3cio vernal<\/td>\n<\/tr>\n<tr>\n<td>Era<\/td>\n<\/tr>\n<tr>\n<td>Eris<\/td>\n<\/tr>\n<tr>\n<td>Eros<\/td>\n<\/tr>\n<tr>\n<td>Err\u00e1ticas<\/td>\n<\/tr>\n<tr>\n<td>Escorpi\u00e3o<\/td>\n<\/tr>\n<tr>\n<td>Esfera<\/td>\n<\/tr>\n<tr>\n<td>Esfera Armilar<\/td>\n<\/tr>\n<tr>\n<td>Esfera celestial<\/td>\n<\/tr>\n<tr>\n<td>Esfera Direita<\/td>\n<\/tr>\n<tr>\n<td>Esfera Obl\u00edqua<\/td>\n<\/tr>\n<tr>\n<td>Esfera Vertical<\/td>\n<\/tr>\n<tr>\n<td>Esfinge<\/td>\n<\/tr>\n<tr>\n<td>Esot\u00e9rico<\/td>\n<\/tr>\n<tr>\n<td>Espectrosc\u00f3pio<\/td>\n<\/tr>\n<tr>\n<td>Esp\u00e9culo<\/td>\n<\/tr>\n<tr>\n<td>Estacion\u00e1rio<\/td>\n<\/tr>\n<tr>\n<td>Esta\u00e7\u00f5es<\/td>\n<\/tr>\n<tr>\n<td>Est\u00e1gio<\/td>\n<\/tr>\n<tr>\n<td>Estilo antigo<\/td>\n<\/tr>\n<tr>\n<td>Estrela de bel\u00e9m<\/td>\n<\/tr>\n<tr>\n<td>Estrelas<\/td>\n<\/tr>\n<tr>\n<td>Estrelas fixas<\/td>\n<\/tr>\n<tr>\n<td>Estrelas reais<\/td>\n<\/tr>\n<tr>\n<td>Eudemon<\/td>\n<\/tr>\n<tr>\n<td>Exalta\u00e7\u00e3o<\/td>\n<\/tr>\n<tr>\n<td>Exc\u00eantrico<\/td>\n<\/tr>\n<tr>\n<td>Ex-condicionador<\/td>\n<\/tr>\n<tr>\n<td>Exot\u00e9rico<\/td>\n<\/tr>\n<tr>\n<td>Externalizar<\/td>\n<\/tr>\n<\/tbody>\n<\/table>\n","protected":false},"excerpt":{"rendered":"<p>Earth Shine Eclipsareon Eclipse Eclipse Penumbral Eclipse Umbral Ecl\u00edptica Efem\u00e9rides. pl. Efem\u00e9rides Ego Eixo, inclina\u00e7\u00e3o de Elei\u00e7\u00f5es Elementos Elenco do hor\u00f3scopo Eleva\u00e7\u00e3o Eleva\u00e7\u00e3o Polar Emerge Eneatico Entrada Epact Epiciclo \u00c9poca \u00c9poca pr\u00e9-natal Equa\u00e7\u00e3o do tempo Equador Equil\u00edbrio Solar Equin\u00f3cio Equin\u00f3cio vernal Era Eris Eros Err\u00e1ticas Escorpi\u00e3o Esfera Esfera Armilar Esfera celestial Esfera Direita Esfera Obl\u00edqua [&hellip;]<\/p>\n","protected":false},"author":1,"featured_media":0,"parent":0,"menu_order":0,"comment_status":"closed","ping_status":"closed","template":"","meta":{"_themeisle_gutenberg_block_has_review":false,"jetpack_post_was_ever_published":false,"footnotes":""},"class_list":["post-3388","page","type-page","status-publish","hentry"],"yoast_head":"<!-- This site is optimized with the Yoast SEO Premium plugin v22.9 (Yoast SEO v27.3) - https:\/\/yoast.com\/product\/yoast-seo-premium-wordpress\/ -->\n<title>Enciclop\u00e9dia da Astrologia e Esoterismo - E - Escola de Astrologia DMAstro<\/title>\n<meta name=\"robots\" content=\"index, follow, max-snippet:-1, max-image-preview:large, max-video-preview:-1\" \/>\n<link rel=\"canonical\" href=\"https:\/\/www.dmastro.com.br\/dmastroblog\/enciclopedia-da-astrologia-e-esoterismo-e\/\" \/>\n<meta property=\"og:locale\" content=\"pt_BR\" \/>\n<meta property=\"og:type\" content=\"article\" \/>\n<meta property=\"og:title\" content=\"Enciclop\u00e9dia da Astrologia e Esoterismo - E\" \/>\n<meta property=\"og:description\" content=\"Earth Shine Eclipsareon Eclipse Eclipse Penumbral Eclipse Umbral Ecl\u00edptica Efem\u00e9rides. pl. Efem\u00e9rides Ego Eixo, inclina\u00e7\u00e3o de Elei\u00e7\u00f5es Elementos Elenco do hor\u00f3scopo Eleva\u00e7\u00e3o Eleva\u00e7\u00e3o Polar Emerge Eneatico Entrada Epact Epiciclo \u00c9poca \u00c9poca pr\u00e9-natal Equa\u00e7\u00e3o do tempo Equador Equil\u00edbrio Solar Equin\u00f3cio Equin\u00f3cio vernal Era Eris Eros Err\u00e1ticas Escorpi\u00e3o Esfera Esfera Armilar Esfera celestial Esfera Direita Esfera Obl\u00edqua [&hellip;]\" \/>\n<meta property=\"og:url\" content=\"https:\/\/www.dmastro.com.br\/dmastroblog\/enciclopedia-da-astrologia-e-esoterismo-e\/\" \/>\n<meta property=\"og:site_name\" content=\"Escola de Astrologia DMAstro\" \/>\n<meta property=\"article:publisher\" content=\"https:\/\/www.facebook.com\/dmastrobr\" \/>\n<meta property=\"article:modified_time\" content=\"2020-09-26T01:01:40+00:00\" \/>\n<meta name=\"twitter:card\" content=\"summary_large_image\" \/>\n<meta name=\"twitter:site\" content=\"@dmastrobrasil\" \/>\n<meta name=\"twitter:label1\" content=\"Est. tempo de leitura\" \/>\n\t<meta name=\"twitter:data1\" content=\"1 minuto\" \/>\n<script type=\"application\/ld+json\" class=\"yoast-schema-graph\">{\"@context\":\"https:\\\/\\\/schema.org\",\"@graph\":[{\"@type\":\"WebPage\",\"@id\":\"https:\\\/\\\/www.dmastro.com.br\\\/dmastroblog\\\/enciclopedia-da-astrologia-e-esoterismo-e\\\/\",\"url\":\"https:\\\/\\\/www.dmastro.com.br\\\/dmastroblog\\\/enciclopedia-da-astrologia-e-esoterismo-e\\\/\",\"name\":\"Enciclop\u00e9dia da Astrologia e Esoterismo - E - Escola de Astrologia DMAstro\",\"isPartOf\":{\"@id\":\"https:\\\/\\\/www.dmastro.com.br\\\/dmastroblog\\\/#website\"},\"datePublished\":\"2020-09-26T00:04:10+00:00\",\"dateModified\":\"2020-09-26T01:01:40+00:00\",\"breadcrumb\":{\"@id\":\"https:\\\/\\\/www.dmastro.com.br\\\/dmastroblog\\\/enciclopedia-da-astrologia-e-esoterismo-e\\\/#breadcrumb\"},\"inLanguage\":\"pt-BR\",\"potentialAction\":[{\"@type\":\"ReadAction\",\"target\":[\"https:\\\/\\\/www.dmastro.com.br\\\/dmastroblog\\\/enciclopedia-da-astrologia-e-esoterismo-e\\\/\"]}]},{\"@type\":\"BreadcrumbList\",\"@id\":\"https:\\\/\\\/www.dmastro.com.br\\\/dmastroblog\\\/enciclopedia-da-astrologia-e-esoterismo-e\\\/#breadcrumb\",\"itemListElement\":[{\"@type\":\"ListItem\",\"position\":1,\"name\":\"In\u00edcio\",\"item\":\"https:\\\/\\\/www.dmastro.com.br\\\/dmastroblog\\\/\"},{\"@type\":\"ListItem\",\"position\":2,\"name\":\"Enciclop\u00e9dia da Astrologia e Esoterismo &#8211; E\"}]},{\"@type\":\"WebSite\",\"@id\":\"https:\\\/\\\/www.dmastro.com.br\\\/dmastroblog\\\/#website\",\"url\":\"https:\\\/\\\/www.dmastro.com.br\\\/dmastroblog\\\/\",\"name\":\"DMAstro Brasil\",\"description\":\"Curso Completo de Forma\u00e7\u00e3o\",\"publisher\":{\"@id\":\"https:\\\/\\\/www.dmastro.com.br\\\/dmastroblog\\\/#organization\"},\"potentialAction\":[{\"@type\":\"SearchAction\",\"target\":{\"@type\":\"EntryPoint\",\"urlTemplate\":\"https:\\\/\\\/www.dmastro.com.br\\\/dmastroblog\\\/?s={search_term_string}\"},\"query-input\":{\"@type\":\"PropertyValueSpecification\",\"valueRequired\":true,\"valueName\":\"search_term_string\"}}],\"inLanguage\":\"pt-BR\"},{\"@type\":\"Organization\",\"@id\":\"https:\\\/\\\/www.dmastro.com.br\\\/dmastroblog\\\/#organization\",\"name\":\"DMAstro Brasil\",\"url\":\"https:\\\/\\\/www.dmastro.com.br\\\/dmastroblog\\\/\",\"logo\":{\"@type\":\"ImageObject\",\"inLanguage\":\"pt-BR\",\"@id\":\"https:\\\/\\\/www.dmastro.com.br\\\/dmastroblog\\\/#\\\/schema\\\/logo\\\/image\\\/\",\"url\":\"https:\\\/\\\/www.dmastro.com.br\\\/dmastroblog\\\/wp-content\\\/uploads\\\/2018\\\/12\\\/logotipo-dmastro-brasil.png\",\"contentUrl\":\"https:\\\/\\\/www.dmastro.com.br\\\/dmastroblog\\\/wp-content\\\/uploads\\\/2018\\\/12\\\/logotipo-dmastro-brasil.png\",\"width\":180,\"height\":180,\"caption\":\"DMAstro Brasil\"},\"image\":{\"@id\":\"https:\\\/\\\/www.dmastro.com.br\\\/dmastroblog\\\/#\\\/schema\\\/logo\\\/image\\\/\"},\"sameAs\":[\"https:\\\/\\\/www.facebook.com\\\/dmastrobr\",\"https:\\\/\\\/x.com\\\/dmastrobrasil\",\"https:\\\/\\\/www.instagram.com\\\/dmastrobrasil\\\/\"]}]}<\/script>\n<!-- \/ Yoast SEO Premium plugin. -->","yoast_head_json":{"title":"Enciclop\u00e9dia da Astrologia e Esoterismo - E - Escola de Astrologia DMAstro","robots":{"index":"index","follow":"follow","max-snippet":"max-snippet:-1","max-image-preview":"max-image-preview:large","max-video-preview":"max-video-preview:-1"},"canonical":"https:\/\/www.dmastro.com.br\/dmastroblog\/enciclopedia-da-astrologia-e-esoterismo-e\/","og_locale":"pt_BR","og_type":"article","og_title":"Enciclop\u00e9dia da Astrologia e Esoterismo - E","og_description":"Earth Shine Eclipsareon Eclipse Eclipse Penumbral Eclipse Umbral Ecl\u00edptica Efem\u00e9rides. pl. Efem\u00e9rides Ego Eixo, inclina\u00e7\u00e3o de Elei\u00e7\u00f5es Elementos Elenco do hor\u00f3scopo Eleva\u00e7\u00e3o Eleva\u00e7\u00e3o Polar Emerge Eneatico Entrada Epact Epiciclo \u00c9poca \u00c9poca pr\u00e9-natal Equa\u00e7\u00e3o do tempo Equador Equil\u00edbrio Solar Equin\u00f3cio Equin\u00f3cio vernal Era Eris Eros Err\u00e1ticas Escorpi\u00e3o Esfera Esfera Armilar Esfera celestial Esfera Direita Esfera Obl\u00edqua [&hellip;]","og_url":"https:\/\/www.dmastro.com.br\/dmastroblog\/enciclopedia-da-astrologia-e-esoterismo-e\/","og_site_name":"Escola de Astrologia DMAstro","article_publisher":"https:\/\/www.facebook.com\/dmastrobr","article_modified_time":"2020-09-26T01:01:40+00:00","twitter_card":"summary_large_image","twitter_site":"@dmastrobrasil","twitter_misc":{"Est. tempo de leitura":"1 minuto"},"schema":{"@context":"https:\/\/schema.org","@graph":[{"@type":"WebPage","@id":"https:\/\/www.dmastro.com.br\/dmastroblog\/enciclopedia-da-astrologia-e-esoterismo-e\/","url":"https:\/\/www.dmastro.com.br\/dmastroblog\/enciclopedia-da-astrologia-e-esoterismo-e\/","name":"Enciclop\u00e9dia da Astrologia e Esoterismo - E - Escola de Astrologia DMAstro","isPartOf":{"@id":"https:\/\/www.dmastro.com.br\/dmastroblog\/#website"},"datePublished":"2020-09-26T00:04:10+00:00","dateModified":"2020-09-26T01:01:40+00:00","breadcrumb":{"@id":"https:\/\/www.dmastro.com.br\/dmastroblog\/enciclopedia-da-astrologia-e-esoterismo-e\/#breadcrumb"},"inLanguage":"pt-BR","potentialAction":[{"@type":"ReadAction","target":["https:\/\/www.dmastro.com.br\/dmastroblog\/enciclopedia-da-astrologia-e-esoterismo-e\/"]}]},{"@type":"BreadcrumbList","@id":"https:\/\/www.dmastro.com.br\/dmastroblog\/enciclopedia-da-astrologia-e-esoterismo-e\/#breadcrumb","itemListElement":[{"@type":"ListItem","position":1,"name":"In\u00edcio","item":"https:\/\/www.dmastro.com.br\/dmastroblog\/"},{"@type":"ListItem","position":2,"name":"Enciclop\u00e9dia da Astrologia e Esoterismo &#8211; E"}]},{"@type":"WebSite","@id":"https:\/\/www.dmastro.com.br\/dmastroblog\/#website","url":"https:\/\/www.dmastro.com.br\/dmastroblog\/","name":"DMAstro Brasil","description":"Curso Completo de Forma\u00e7\u00e3o","publisher":{"@id":"https:\/\/www.dmastro.com.br\/dmastroblog\/#organization"},"potentialAction":[{"@type":"SearchAction","target":{"@type":"EntryPoint","urlTemplate":"https:\/\/www.dmastro.com.br\/dmastroblog\/?s={search_term_string}"},"query-input":{"@type":"PropertyValueSpecification","valueRequired":true,"valueName":"search_term_string"}}],"inLanguage":"pt-BR"},{"@type":"Organization","@id":"https:\/\/www.dmastro.com.br\/dmastroblog\/#organization","name":"DMAstro Brasil","url":"https:\/\/www.dmastro.com.br\/dmastroblog\/","logo":{"@type":"ImageObject","inLanguage":"pt-BR","@id":"https:\/\/www.dmastro.com.br\/dmastroblog\/#\/schema\/logo\/image\/","url":"https:\/\/www.dmastro.com.br\/dmastroblog\/wp-content\/uploads\/2018\/12\/logotipo-dmastro-brasil.png","contentUrl":"https:\/\/www.dmastro.com.br\/dmastroblog\/wp-content\/uploads\/2018\/12\/logotipo-dmastro-brasil.png","width":180,"height":180,"caption":"DMAstro Brasil"},"image":{"@id":"https:\/\/www.dmastro.com.br\/dmastroblog\/#\/schema\/logo\/image\/"},"sameAs":["https:\/\/www.facebook.com\/dmastrobr","https:\/\/x.com\/dmastrobrasil","https:\/\/www.instagram.com\/dmastrobrasil\/"]}]}},"jetpack_sharing_enabled":true,"jetpack_shortlink":"https:\/\/wp.me\/P99nMN-SE","jetpack_likes_enabled":false,"publishpress_future_action":{"enabled":false,"date":"2026-05-07 11:57:57","action":"change-status","newStatus":"draft","terms":[],"taxonomy":"","extraData":[]},"publishpress_future_workflow_manual_trigger":{"enabledWorkflows":[]},"_links":{"self":[{"href":"https:\/\/www.dmastro.com.br\/dmastroblog\/wp-json\/wp\/v2\/pages\/3388","targetHints":{"allow":["GET"]}}],"collection":[{"href":"https:\/\/www.dmastro.com.br\/dmastroblog\/wp-json\/wp\/v2\/pages"}],"about":[{"href":"https:\/\/www.dmastro.com.br\/dmastroblog\/wp-json\/wp\/v2\/types\/page"}],"author":[{"embeddable":true,"href":"https:\/\/www.dmastro.com.br\/dmastroblog\/wp-json\/wp\/v2\/users\/1"}],"replies":[{"embeddable":true,"href":"https:\/\/www.dmastro.com.br\/dmastroblog\/wp-json\/wp\/v2\/comments?post=3388"}],"version-history":[{"count":2,"href":"https:\/\/www.dmastro.com.br\/dmastroblog\/wp-json\/wp\/v2\/pages\/3388\/revisions"}],"predecessor-version":[{"id":3477,"href":"https:\/\/www.dmastro.com.br\/dmastroblog\/wp-json\/wp\/v2\/pages\/3388\/revisions\/3477"}],"wp:attachment":[{"href":"https:\/\/www.dmastro.com.br\/dmastroblog\/wp-json\/wp\/v2\/media?parent=3388"}],"curies":[{"name":"wp","href":"https:\/\/api.w.org\/{rel}","templated":true}]}}