{"id":3386,"date":"2020-09-25T21:03:32","date_gmt":"2020-09-26T00:03:32","guid":{"rendered":"http:\/\/www.dmastro.com.br\/dmastroblog\/?page_id=3386"},"modified":"2020-09-25T21:59:04","modified_gmt":"2020-09-26T00:59:04","slug":"enciclopedia-da-astrologia-e-esoterismo-c","status":"publish","type":"page","link":"https:\/\/www.dmastro.com.br\/dmastroblog\/enciclopedia-da-astrologia-e-esoterismo-c\/","title":{"rendered":"Enciclop\u00e9dia da Astrologia e Esoterismo &#8211; C"},"content":{"rendered":"<table width=\"204\">\n<tbody>\n<tr>\n<td width=\"204\">Cabala, Cabalismo<\/td>\n<\/tr>\n<tr>\n<td>Cabe\u00e7a de drag\u00e3o. Cauda de drag\u00e3o<\/td>\n<\/tr>\n<tr>\n<td>Cabe\u00e7a de medusa<\/td>\n<\/tr>\n<tr>\n<td>Cacodemon<\/td>\n<\/tr>\n<tr>\n<td>Cadente<\/td>\n<\/tr>\n<tr>\n<td>Caduceu. n<\/td>\n<\/tr>\n<tr>\n<td>Cair<\/td>\n<\/tr>\n<tr>\n<td>Caldeus<\/td>\n<\/tr>\n<tr>\n<td>Calend\u00e1rio<\/td>\n<\/tr>\n<tr>\n<td>Calend\u00e1rio gregoriano<\/td>\n<\/tr>\n<tr>\n<td>Calend\u00e1rio juliano<\/td>\n<\/tr>\n<tr>\n<td>C\u00e2ncer<\/td>\n<\/tr>\n<tr>\n<td>Cappella<\/td>\n<\/tr>\n<tr>\n<td>Capric\u00f3rnio<\/td>\n<\/tr>\n<tr>\n<td>Caput Draconis<\/td>\n<\/tr>\n<tr>\n<td>Cara<\/td>\n<\/tr>\n<tr>\n<td>Caracter\u00edsticas dos Signos<\/td>\n<\/tr>\n<tr>\n<td>Car\u00e1ter dos planetas<\/td>\n<\/tr>\n<tr>\n<td>Carma<\/td>\n<\/tr>\n<tr>\n<td>Carta Dominical<\/td>\n<\/tr>\n<tr>\n<td>Casa, D\u00e9cima<\/td>\n<\/tr>\n<tr>\n<td>Casa, dia ou noite<\/td>\n<\/tr>\n<tr>\n<td>Casa, Nona<\/td>\n<\/tr>\n<tr>\n<td>Casa, Quarta<\/td>\n<\/tr>\n<tr>\n<td>Casa, S\u00e9tima<\/td>\n<\/tr>\n<tr>\n<td>Casa, Sexta<\/td>\n<\/tr>\n<tr>\n<td>Casa: Diurna; Casa: Noturna<\/td>\n<\/tr>\n<tr>\n<td>Casas<\/td>\n<\/tr>\n<tr>\n<td>Casas Individuais<\/td>\n<\/tr>\n<tr>\n<td>Casas noturnas<\/td>\n<\/tr>\n<tr>\n<td>Casas Relativas<\/td>\n<\/tr>\n<tr>\n<td>Casas Sucessivas<\/td>\n<\/tr>\n<tr>\n<td>Casas Temporais<\/td>\n<\/tr>\n<tr>\n<td>Casas terminais, o<\/td>\n<\/tr>\n<tr>\n<td>Casas, a\u00e7\u00e3o rec\u00edproca do oposto<\/td>\n<\/tr>\n<tr>\n<td>Casas, mesas de<\/td>\n<\/tr>\n<tr>\n<td>Casas, solar<\/td>\n<\/tr>\n<tr>\n<td>Catahibazon<\/td>\n<\/tr>\n<tr>\n<td>Cauda Draconis<\/td>\n<\/tr>\n<tr>\n<td>Cazimi<\/td>\n<\/tr>\n<tr>\n<td>Centauros<\/td>\n<\/tr>\n<tr>\n<td>Centro Gal\u00e1ctico<\/td>\n<\/tr>\n<tr>\n<td>Ceres<\/td>\n<\/tr>\n<tr>\n<td>Chronos<\/td>\n<\/tr>\n<tr>\n<td>Ciclo<\/td>\n<\/tr>\n<tr>\n<td>Ciclo Chave<\/td>\n<\/tr>\n<tr>\n<td>Ciclo de manchas solares<\/td>\n<\/tr>\n<tr>\n<td>Ciclo Met\u00f4nico<\/td>\n<\/tr>\n<tr>\n<td>Ciclo Solar ou Ciclo do Sol<\/td>\n<\/tr>\n<tr>\n<td>Ciclos<\/td>\n<\/tr>\n<tr>\n<td>Ciclos &#8211; dados tabulados<\/td>\n<\/tr>\n<tr>\n<td>Ciclos de recorr\u00eancia<\/td>\n<\/tr>\n<tr>\n<td>Cidades, assinam governo<\/td>\n<\/tr>\n<tr>\n<td>Cintos de J\u00fapiter<\/td>\n<\/tr>\n<tr>\n<td>C\u00edrculo<\/td>\n<\/tr>\n<tr>\n<td>C\u00edrculos de hora zero<\/td>\n<\/tr>\n<tr>\n<td>C\u00edrculos de Posi\u00e7\u00e3o<\/td>\n<\/tr>\n<tr>\n<td>C\u00edrculos Hor\u00e1rios<\/td>\n<\/tr>\n<tr>\n<td>Clairsentience<\/td>\n<\/tr>\n<tr>\n<td>Clariaudi\u00eancia<\/td>\n<\/tr>\n<tr>\n<td>Clima<\/td>\n<\/tr>\n<tr>\n<td>Coeli M\u00e9dio<\/td>\n<\/tr>\n<tr>\n<td>Cole\u00e7\u00e3o de luz<\/td>\n<\/tr>\n<tr>\n<td>Combust<\/td>\n<\/tr>\n<tr>\n<td>Cometas<\/td>\n<\/tr>\n<tr>\n<td>Comprimento de onda<\/td>\n<\/tr>\n<tr>\n<td>Concep\u00e7\u00e3o<\/td>\n<\/tr>\n<tr>\n<td>Condicionamento C\u00f3smico<\/td>\n<\/tr>\n<tr>\n<td>Configura\u00e7\u00e3o<\/td>\n<\/tr>\n<tr>\n<td>Configura\u00e7\u00e3o Heliacal<\/td>\n<\/tr>\n<tr>\n<td>Conjun\u00e7\u00e3o climat\u00e9rica<\/td>\n<\/tr>\n<tr>\n<td>Conjun\u00e7\u00e3o, Superior e Inferior<\/td>\n<\/tr>\n<tr>\n<td>Conjun\u00e7\u00e3o; Unido a<\/td>\n<\/tr>\n<tr>\n<td>Conselheiro Deuses<\/td>\n<\/tr>\n<tr>\n<td>Constela\u00e7\u00f5es<\/td>\n<\/tr>\n<tr>\n<td>Consultante<\/td>\n<\/tr>\n<tr>\n<td>Contato<\/td>\n<\/tr>\n<tr>\n<td>Contra antiscions<\/td>\n<\/tr>\n<tr>\n<td>Converse Directions<\/td>\n<\/tr>\n<tr>\n<td>Coordenada. n<\/td>\n<\/tr>\n<tr>\n<td>Cora\u00e7\u00e3o do sol<\/td>\n<\/tr>\n<tr>\n<td>Cores<\/td>\n<\/tr>\n<tr>\n<td>Cores Planet\u00e1rias<\/td>\n<\/tr>\n<tr>\n<td>Corona<\/td>\n<\/tr>\n<tr>\n<td>Corpo astral<\/td>\n<\/tr>\n<tr>\n<td>Corpos do sistema solar: considera\u00e7\u00f5es astron\u00f4micas<\/td>\n<\/tr>\n<tr>\n<td>Corre\u00e7\u00e3o<\/td>\n<\/tr>\n<tr>\n<td>Co-signficador<\/td>\n<\/tr>\n<tr>\n<td>Cosmecologia: a ecologia do c\u00f3smico<\/td>\n<\/tr>\n<tr>\n<td>C\u00f3smico<\/td>\n<\/tr>\n<tr>\n<td>C\u00f3smico<\/td>\n<\/tr>\n<tr>\n<td>Cosmodynes (tamb\u00e9m chamado de Astrodynes)<\/td>\n<\/tr>\n<tr>\n<td>Crep\u00fasculo<\/td>\n<\/tr>\n<tr>\n<td>Crep\u00fasculo<\/td>\n<\/tr>\n<tr>\n<td>Crescente<\/td>\n<\/tr>\n<tr>\n<td>Cronocratas<\/td>\n<\/tr>\n<tr>\n<td>Cruz C\u00f3smica<\/td>\n<\/tr>\n<tr>\n<td>Culmina\u00e7\u00e3o. n. para culminar. v<\/td>\n<\/tr>\n<tr>\n<td>Culminando<\/td>\n<\/tr>\n<tr>\n<td>Culminator<\/td>\n<\/tr>\n<tr>\n<td>C\u00faspide<\/td>\n<\/tr>\n<\/tbody>\n<\/table>\n","protected":false},"excerpt":{"rendered":"<p>Cabala, Cabalismo Cabe\u00e7a de drag\u00e3o. Cauda de drag\u00e3o Cabe\u00e7a de medusa Cacodemon Cadente Caduceu. n Cair Caldeus Calend\u00e1rio Calend\u00e1rio gregoriano Calend\u00e1rio juliano C\u00e2ncer Cappella Capric\u00f3rnio Caput Draconis Cara Caracter\u00edsticas dos Signos Car\u00e1ter dos planetas Carma Carta Dominical Casa, D\u00e9cima Casa, dia ou noite Casa, Nona Casa, Quarta Casa, S\u00e9tima Casa, Sexta Casa: Diurna; Casa: Noturna [&hellip;]<\/p>\n","protected":false},"author":1,"featured_media":0,"parent":0,"menu_order":0,"comment_status":"closed","ping_status":"closed","template":"","meta":{"_themeisle_gutenberg_block_has_review":false,"jetpack_post_was_ever_published":false,"footnotes":""},"class_list":["post-3386","page","type-page","status-publish","hentry"],"yoast_head":"<!-- This site is optimized with the Yoast SEO Premium plugin v22.9 (Yoast SEO v27.3) - https:\/\/yoast.com\/product\/yoast-seo-premium-wordpress\/ -->\n<title>Enciclop\u00e9dia da Astrologia e Esoterismo - C - Escola de Astrologia DMAstro<\/title>\n<meta name=\"robots\" content=\"index, follow, max-snippet:-1, max-image-preview:large, max-video-preview:-1\" \/>\n<link rel=\"canonical\" href=\"https:\/\/www.dmastro.com.br\/dmastroblog\/enciclopedia-da-astrologia-e-esoterismo-c\/\" \/>\n<meta property=\"og:locale\" content=\"pt_BR\" \/>\n<meta property=\"og:type\" content=\"article\" \/>\n<meta property=\"og:title\" content=\"Enciclop\u00e9dia da Astrologia e Esoterismo - C\" \/>\n<meta property=\"og:description\" content=\"Cabala, Cabalismo Cabe\u00e7a de drag\u00e3o. Cauda de drag\u00e3o Cabe\u00e7a de medusa Cacodemon Cadente Caduceu. n Cair Caldeus Calend\u00e1rio Calend\u00e1rio gregoriano Calend\u00e1rio juliano C\u00e2ncer Cappella Capric\u00f3rnio Caput Draconis Cara Caracter\u00edsticas dos Signos Car\u00e1ter dos planetas Carma Carta Dominical Casa, D\u00e9cima Casa, dia ou noite Casa, Nona Casa, Quarta Casa, S\u00e9tima Casa, Sexta Casa: Diurna; Casa: Noturna [&hellip;]\" \/>\n<meta property=\"og:url\" content=\"https:\/\/www.dmastro.com.br\/dmastroblog\/enciclopedia-da-astrologia-e-esoterismo-c\/\" \/>\n<meta property=\"og:site_name\" content=\"Escola de Astrologia DMAstro\" \/>\n<meta property=\"article:publisher\" content=\"https:\/\/www.facebook.com\/dmastrobr\" \/>\n<meta property=\"article:modified_time\" content=\"2020-09-26T00:59:04+00:00\" \/>\n<meta name=\"twitter:card\" content=\"summary_large_image\" \/>\n<meta name=\"twitter:site\" content=\"@dmastrobrasil\" \/>\n<meta name=\"twitter:label1\" content=\"Est. tempo de leitura\" \/>\n\t<meta name=\"twitter:data1\" content=\"1 minuto\" \/>\n<script type=\"application\/ld+json\" class=\"yoast-schema-graph\">{\"@context\":\"https:\\\/\\\/schema.org\",\"@graph\":[{\"@type\":\"WebPage\",\"@id\":\"https:\\\/\\\/www.dmastro.com.br\\\/dmastroblog\\\/enciclopedia-da-astrologia-e-esoterismo-c\\\/\",\"url\":\"https:\\\/\\\/www.dmastro.com.br\\\/dmastroblog\\\/enciclopedia-da-astrologia-e-esoterismo-c\\\/\",\"name\":\"Enciclop\u00e9dia da Astrologia e Esoterismo - C - Escola de Astrologia DMAstro\",\"isPartOf\":{\"@id\":\"https:\\\/\\\/www.dmastro.com.br\\\/dmastroblog\\\/#website\"},\"datePublished\":\"2020-09-26T00:03:32+00:00\",\"dateModified\":\"2020-09-26T00:59:04+00:00\",\"breadcrumb\":{\"@id\":\"https:\\\/\\\/www.dmastro.com.br\\\/dmastroblog\\\/enciclopedia-da-astrologia-e-esoterismo-c\\\/#breadcrumb\"},\"inLanguage\":\"pt-BR\",\"potentialAction\":[{\"@type\":\"ReadAction\",\"target\":[\"https:\\\/\\\/www.dmastro.com.br\\\/dmastroblog\\\/enciclopedia-da-astrologia-e-esoterismo-c\\\/\"]}]},{\"@type\":\"BreadcrumbList\",\"@id\":\"https:\\\/\\\/www.dmastro.com.br\\\/dmastroblog\\\/enciclopedia-da-astrologia-e-esoterismo-c\\\/#breadcrumb\",\"itemListElement\":[{\"@type\":\"ListItem\",\"position\":1,\"name\":\"In\u00edcio\",\"item\":\"https:\\\/\\\/www.dmastro.com.br\\\/dmastroblog\\\/\"},{\"@type\":\"ListItem\",\"position\":2,\"name\":\"Enciclop\u00e9dia da Astrologia e Esoterismo &#8211; C\"}]},{\"@type\":\"WebSite\",\"@id\":\"https:\\\/\\\/www.dmastro.com.br\\\/dmastroblog\\\/#website\",\"url\":\"https:\\\/\\\/www.dmastro.com.br\\\/dmastroblog\\\/\",\"name\":\"DMAstro Brasil\",\"description\":\"Curso Completo de Forma\u00e7\u00e3o\",\"publisher\":{\"@id\":\"https:\\\/\\\/www.dmastro.com.br\\\/dmastroblog\\\/#organization\"},\"potentialAction\":[{\"@type\":\"SearchAction\",\"target\":{\"@type\":\"EntryPoint\",\"urlTemplate\":\"https:\\\/\\\/www.dmastro.com.br\\\/dmastroblog\\\/?s={search_term_string}\"},\"query-input\":{\"@type\":\"PropertyValueSpecification\",\"valueRequired\":true,\"valueName\":\"search_term_string\"}}],\"inLanguage\":\"pt-BR\"},{\"@type\":\"Organization\",\"@id\":\"https:\\\/\\\/www.dmastro.com.br\\\/dmastroblog\\\/#organization\",\"name\":\"DMAstro Brasil\",\"url\":\"https:\\\/\\\/www.dmastro.com.br\\\/dmastroblog\\\/\",\"logo\":{\"@type\":\"ImageObject\",\"inLanguage\":\"pt-BR\",\"@id\":\"https:\\\/\\\/www.dmastro.com.br\\\/dmastroblog\\\/#\\\/schema\\\/logo\\\/image\\\/\",\"url\":\"https:\\\/\\\/www.dmastro.com.br\\\/dmastroblog\\\/wp-content\\\/uploads\\\/2018\\\/12\\\/logotipo-dmastro-brasil.png\",\"contentUrl\":\"https:\\\/\\\/www.dmastro.com.br\\\/dmastroblog\\\/wp-content\\\/uploads\\\/2018\\\/12\\\/logotipo-dmastro-brasil.png\",\"width\":180,\"height\":180,\"caption\":\"DMAstro Brasil\"},\"image\":{\"@id\":\"https:\\\/\\\/www.dmastro.com.br\\\/dmastroblog\\\/#\\\/schema\\\/logo\\\/image\\\/\"},\"sameAs\":[\"https:\\\/\\\/www.facebook.com\\\/dmastrobr\",\"https:\\\/\\\/x.com\\\/dmastrobrasil\",\"https:\\\/\\\/www.instagram.com\\\/dmastrobrasil\\\/\"]}]}<\/script>\n<!-- \/ Yoast SEO Premium plugin. -->","yoast_head_json":{"title":"Enciclop\u00e9dia da Astrologia e Esoterismo - C - Escola de Astrologia DMAstro","robots":{"index":"index","follow":"follow","max-snippet":"max-snippet:-1","max-image-preview":"max-image-preview:large","max-video-preview":"max-video-preview:-1"},"canonical":"https:\/\/www.dmastro.com.br\/dmastroblog\/enciclopedia-da-astrologia-e-esoterismo-c\/","og_locale":"pt_BR","og_type":"article","og_title":"Enciclop\u00e9dia da Astrologia e Esoterismo - C","og_description":"Cabala, Cabalismo Cabe\u00e7a de drag\u00e3o. Cauda de drag\u00e3o Cabe\u00e7a de medusa Cacodemon Cadente Caduceu. n Cair Caldeus Calend\u00e1rio Calend\u00e1rio gregoriano Calend\u00e1rio juliano C\u00e2ncer Cappella Capric\u00f3rnio Caput Draconis Cara Caracter\u00edsticas dos Signos Car\u00e1ter dos planetas Carma Carta Dominical Casa, D\u00e9cima Casa, dia ou noite Casa, Nona Casa, Quarta Casa, S\u00e9tima Casa, Sexta Casa: Diurna; Casa: Noturna [&hellip;]","og_url":"https:\/\/www.dmastro.com.br\/dmastroblog\/enciclopedia-da-astrologia-e-esoterismo-c\/","og_site_name":"Escola de Astrologia DMAstro","article_publisher":"https:\/\/www.facebook.com\/dmastrobr","article_modified_time":"2020-09-26T00:59:04+00:00","twitter_card":"summary_large_image","twitter_site":"@dmastrobrasil","twitter_misc":{"Est. tempo de leitura":"1 minuto"},"schema":{"@context":"https:\/\/schema.org","@graph":[{"@type":"WebPage","@id":"https:\/\/www.dmastro.com.br\/dmastroblog\/enciclopedia-da-astrologia-e-esoterismo-c\/","url":"https:\/\/www.dmastro.com.br\/dmastroblog\/enciclopedia-da-astrologia-e-esoterismo-c\/","name":"Enciclop\u00e9dia da Astrologia e Esoterismo - C - Escola de Astrologia DMAstro","isPartOf":{"@id":"https:\/\/www.dmastro.com.br\/dmastroblog\/#website"},"datePublished":"2020-09-26T00:03:32+00:00","dateModified":"2020-09-26T00:59:04+00:00","breadcrumb":{"@id":"https:\/\/www.dmastro.com.br\/dmastroblog\/enciclopedia-da-astrologia-e-esoterismo-c\/#breadcrumb"},"inLanguage":"pt-BR","potentialAction":[{"@type":"ReadAction","target":["https:\/\/www.dmastro.com.br\/dmastroblog\/enciclopedia-da-astrologia-e-esoterismo-c\/"]}]},{"@type":"BreadcrumbList","@id":"https:\/\/www.dmastro.com.br\/dmastroblog\/enciclopedia-da-astrologia-e-esoterismo-c\/#breadcrumb","itemListElement":[{"@type":"ListItem","position":1,"name":"In\u00edcio","item":"https:\/\/www.dmastro.com.br\/dmastroblog\/"},{"@type":"ListItem","position":2,"name":"Enciclop\u00e9dia da Astrologia e Esoterismo &#8211; C"}]},{"@type":"WebSite","@id":"https:\/\/www.dmastro.com.br\/dmastroblog\/#website","url":"https:\/\/www.dmastro.com.br\/dmastroblog\/","name":"DMAstro Brasil","description":"Curso Completo de Forma\u00e7\u00e3o","publisher":{"@id":"https:\/\/www.dmastro.com.br\/dmastroblog\/#organization"},"potentialAction":[{"@type":"SearchAction","target":{"@type":"EntryPoint","urlTemplate":"https:\/\/www.dmastro.com.br\/dmastroblog\/?s={search_term_string}"},"query-input":{"@type":"PropertyValueSpecification","valueRequired":true,"valueName":"search_term_string"}}],"inLanguage":"pt-BR"},{"@type":"Organization","@id":"https:\/\/www.dmastro.com.br\/dmastroblog\/#organization","name":"DMAstro Brasil","url":"https:\/\/www.dmastro.com.br\/dmastroblog\/","logo":{"@type":"ImageObject","inLanguage":"pt-BR","@id":"https:\/\/www.dmastro.com.br\/dmastroblog\/#\/schema\/logo\/image\/","url":"https:\/\/www.dmastro.com.br\/dmastroblog\/wp-content\/uploads\/2018\/12\/logotipo-dmastro-brasil.png","contentUrl":"https:\/\/www.dmastro.com.br\/dmastroblog\/wp-content\/uploads\/2018\/12\/logotipo-dmastro-brasil.png","width":180,"height":180,"caption":"DMAstro Brasil"},"image":{"@id":"https:\/\/www.dmastro.com.br\/dmastroblog\/#\/schema\/logo\/image\/"},"sameAs":["https:\/\/www.facebook.com\/dmastrobr","https:\/\/x.com\/dmastrobrasil","https:\/\/www.instagram.com\/dmastrobrasil\/"]}]}},"jetpack_sharing_enabled":true,"jetpack_shortlink":"https:\/\/wp.me\/P99nMN-SC","jetpack_likes_enabled":false,"publishpress_future_action":{"enabled":false,"date":"2026-05-07 13:22:27","action":"change-status","newStatus":"draft","terms":[],"taxonomy":"","extraData":[]},"publishpress_future_workflow_manual_trigger":{"enabledWorkflows":[]},"_links":{"self":[{"href":"https:\/\/www.dmastro.com.br\/dmastroblog\/wp-json\/wp\/v2\/pages\/3386","targetHints":{"allow":["GET"]}}],"collection":[{"href":"https:\/\/www.dmastro.com.br\/dmastroblog\/wp-json\/wp\/v2\/pages"}],"about":[{"href":"https:\/\/www.dmastro.com.br\/dmastroblog\/wp-json\/wp\/v2\/types\/page"}],"author":[{"embeddable":true,"href":"https:\/\/www.dmastro.com.br\/dmastroblog\/wp-json\/wp\/v2\/users\/1"}],"replies":[{"embeddable":true,"href":"https:\/\/www.dmastro.com.br\/dmastroblog\/wp-json\/wp\/v2\/comments?post=3386"}],"version-history":[{"count":3,"href":"https:\/\/www.dmastro.com.br\/dmastroblog\/wp-json\/wp\/v2\/pages\/3386\/revisions"}],"predecessor-version":[{"id":3473,"href":"https:\/\/www.dmastro.com.br\/dmastroblog\/wp-json\/wp\/v2\/pages\/3386\/revisions\/3473"}],"wp:attachment":[{"href":"https:\/\/www.dmastro.com.br\/dmastroblog\/wp-json\/wp\/v2\/media?parent=3386"}],"curies":[{"name":"wp","href":"https:\/\/api.w.org\/{rel}","templated":true}]}}