{"id":219,"date":"2017-11-22T19:41:07","date_gmt":"2017-11-22T21:41:07","guid":{"rendered":"http:\/\/www.dmastro.com.br\/dmastroblog\/?page_id=219"},"modified":"2019-06-15T01:32:58","modified_gmt":"2019-06-15T04:32:58","slug":"politica-de-privacidade-e-seguranca","status":"publish","type":"page","link":"https:\/\/www.dmastro.com.br\/dmastroblog\/politica-de-privacidade-e-seguranca\/","title":{"rendered":"Pol\u00edtica de Privacidade e Seguran\u00e7a"},"content":{"rendered":"<div class=\"page-title\">\n<h1>Pol\u00edtica de Privacidade e Seguran\u00e7a<\/h1>\n<\/div>\n<div class=\"std\">\n<h2>Seguran\u00e7a<\/h2>\n<p>A Loja DMAstro Brasil garante seguran\u00e7a e privacidade de identidade aos internautas que fazem compras na loja. Dados cadastrados como nome, endere\u00e7o e n\u00famero de cart\u00e3o de cr\u00e9dito s\u00e3o protegidos por sistemas avan\u00e7ados de criptografia enquanto s\u00e3o enviados, e mantidos em sigilo em servidores seguros.<\/p>\n<p>O site da Loja DMAstro Brasil adota os n\u00edveis legalmente requeridos quanto \u00e0 seguran\u00e7a na prote\u00e7\u00e3o de dados, tendo instalado todos os meios e medidas t\u00e9cnicas ao seu alcance para evitar a perda, mau uso, altera\u00e7\u00e3o, acesso n\u00e3o autorizado ou subtra\u00e7\u00e3o indevida dos Dados Pessoais recolhidos. N\u00e3o obstante, o usu\u00e1rio deve estar ciente de que as medidas de seguran\u00e7a relativas \u00e0 internet n\u00e3o s\u00e3o integralmente infal\u00edveis.<\/p>\n<p>A Loja DMAstro Brasil reserva-se o direito de modificar a presente pol\u00edtica para adapt\u00e1-la a altera\u00e7\u00f5es legislativas ou jurisprud\u00eancias, ou aquelas relativas \u00e0s pr\u00e1ticas comerciais. Em qualquer caso, a Loja DMAstro Brasil anunciar\u00e1 no site, por meio desta p\u00e1gina, as mudan\u00e7as introduzidas com uma anteced\u00eancia razo\u00e1vel \u00e0 sua coloca\u00e7\u00e3o em pr\u00e1tica.<\/p>\n<p>Os Usu\u00e1rios poder\u00e3o exercer os direitos de acesso, cancelamento, retifica\u00e7\u00e3o e oposi\u00e7\u00e3o, bem como t\u00eam reconhecido o direito de obterem informa\u00e7\u00f5es contatando a Loja DMAstro Brasil pelos meios de contatos disponibilizados no site.<\/p>\n<p>Ao se cadastrar, os clientes determinam voluntariamente que desejam fornecer os seus Dados Pessoais requeridos na contrata\u00e7\u00e3o, atualiza\u00e7\u00e3o ou cancelamento de determinados servi\u00e7os oferecidos no site ou atrav\u00e9s dele.\u00a0Os Dados Pessoais recolhidos pela Loja DMAstro Brasil ser\u00e3o objeto de tratamento automatizado, sendo incorporados aos correspondentes registros eletr\u00f4nicos de dados pessoais, dos quais a Loja DMAstro Brasil ser\u00e1 titular e respons\u00e1vel.<\/p>\n<p>As informa\u00e7\u00f5es pessoais fornecidas pelos clientes s\u00e3o utilizadas com o prop\u00f3sito b\u00e1sico de identificar o p\u00fablico usu\u00e1rio, seu perfil e h\u00e1bitos de compra, para gest\u00e3o, administra\u00e7\u00e3o, atendimento, amplia\u00e7\u00e3o e melhorias nos produtos e servi\u00e7os oferecidos; tamb\u00e9m para a adequa\u00e7\u00e3o dos servi\u00e7os \u00e0s prefer\u00eancias e gostos dos usu\u00e1rios, para a cria\u00e7\u00e3o de novos produtos e servi\u00e7os, para o envio de informa\u00e7\u00f5es operacionais e comerciais relativas aos produtos e servi\u00e7os, por meios tradicionais e\/ou eletr\u00f4nicos.<\/p>\n<p>A DMAstro Brasil se compromete a:<\/p>\n<ul>\n<li>Corrigir prontamente quaisquer altera\u00e7\u00f5es relativas aos Dados Pessoais do Usu\u00e1rio. Para tanto, o Usu\u00e1rio dever\u00e1 informar a Loja\u00a0DMAstro Brasil toda mudan\u00e7a nos respectivos dados;<\/li>\n<li>N\u00e3o divulgar sem pr\u00e9via autoriza\u00e7\u00e3o, em hip\u00f3tese alguma, o e-mail do internauta que se cadastrar em p\u00e1ginas que requerem preenchimento de dados pessoais &#8211; tais como p\u00e1ginas de Cart\u00f5es, Chat, F\u00f3runs, e-mails e outros que existam ou possam vir a ser criados;<\/li>\n<li>Possibilitar ao internauta o cancelamento, a qualquer momento, do envio por e-mail de material informativo solicitado anteriormente;<\/li>\n<li>N\u00e3o comercializar ou divulgar os dados de seus clientes para outros fins que n\u00e3o sejam para a\u00e7\u00f5es da Loja DMAstro Brasil, sejam eles atrav\u00e9s de contatos de nossa \u00e1rea de relacionamento, a\u00e7\u00f5es do programa fidelidade, informa\u00e7\u00f5es sobre produtos e promo\u00e7\u00f5es.<\/li>\n<\/ul>\n<p>A Loja DMAstro Brasil adota como pol\u00edtica o compromisso de n\u00e3o divulgar informa\u00e7\u00f5es sobre os acessos realizados por seus usu\u00e1rios, a menos que seja obrigado a faz\u00ea-lo mediante ordem judicial ou no estrito cumprimento de norma legal. Da mesma forma, a Loja DMAstro Brasil mant\u00e9m confidenciais os dados cadastrais privados de seus usu\u00e1rios, s\u00f3 os revelando a terceiros nos casos em que n\u00e3o haja veda\u00e7\u00f5es legais, ou em raz\u00e3o de ordem judicial ou, ainda, mediante autoriza\u00e7\u00e3o de seus titulares.<\/p>\n<h2>Como n\u00f3s utilizamos os cookies<\/h2>\n<p>O cookie \u00e9 um pequeno arquivo que solicita permiss\u00e3o para ser gravado no disco r\u00edgido do seu computador ou dispositivo m\u00f3vel. Quando voc\u00ea concorda, o arquivo \u00e9 salvo e o cookie nos ajuda a analisar as p\u00e1ginas que voc\u00ea navega em nosso site. Os cookies permitem que os aplicativos da Web respondam a voc\u00ea com mais particularidade. O aplicativo da Web pode adaptar suas opera\u00e7\u00f5es \u00e0s suas necessidades, gostos e desgostos, reunindo e lembrando informa\u00e7\u00f5es sobre suas prefer\u00eancias.<\/p>\n<p>N\u00f3s utilizamos os cookies do registro de tr\u00e1fego para identificar quais p\u00e1ginas est\u00e3o sendo usadas. Isso nos ajuda a analisar dados sobre o tr\u00e1fego de p\u00e1ginas da web e melhorar o nosso site, a fim de adequ\u00e1-lo \u00e0s necessidades do cliente. N\u00f3s usamos apenas esta informa\u00e7\u00e3o para fins de an\u00e1lise estat\u00edstica e, em seguida, os dados s\u00e3o removidos do sistema.<\/p>\n<p>Em geral, os cookies nos ajudam a desenvolver um site melhor, ao permitir a monitora\u00e7\u00e3o das p\u00e1ginas que voc\u00ea achou \u00fateis e quais n\u00e3o. Um cookie de forma alguma nos d\u00e1 acesso ao seu computador ou a qualquer informa\u00e7\u00e3o sobre voc\u00ea, al\u00e9m dos dados que voc\u00ea escolher para compartilhar conosco. Voc\u00ea pode optar por aceitar ou recusar cookies. A maioria dos navegadores web aceita cookies automaticamente, mas geralmente esta configura\u00e7\u00e3o pode modificada para recusar os cookies, se preferir. Isso pode impedir voc\u00ea de aproveitar ao m\u00e1ximo o site.<\/p>\n<h2>Links para sites externos<\/h2>\n<p>Nosso site pode conter link para outros websites e portais de interesse. Entretanto, uma vez que voc\u00ea tenha utilizado um destes links e deixado o nosso site, voc\u00ea deve estar ciente que n\u00f3s n\u00e3o temos nenhum controle e responsabilidade sobre estes sites. Portanto, n\u00f3s n\u00e3o somos respons\u00e1veis pela prote\u00e7\u00e3o e garantia de privacidade de qualquer informa\u00e7\u00e3o que por ventura voc\u00ea possa ter fornecido para estes sites externos. Voc\u00ea deve ter precau\u00e7\u00e3o e verificar a Pol\u00edtica de Privacidade e Seguran\u00e7a aplicada no site em quest\u00e3o.<\/p>\n<h2>E-mail Marketing<\/h2>\n<p>Nossa pr\u00e1tica de envio de e-mail marketing est\u00e1 dentro dos padr\u00f5es estabelecidos pelo C\u00f3digo de Autorregulamenta\u00e7\u00e3o para pr\u00e1tica de e-mail marketing que prev\u00ea de acordo com o Cap\u00edtulo I, Art. 1\u00b0 a utiliza\u00e7\u00e3o de e-mail como ferramenta de marketing, de forma \u00e9tica, pertinente e respons\u00e1vel, sem preju\u00edzo da concomitante aplica\u00e7\u00e3o da legisla\u00e7\u00e3o vigente aplic\u00e1vel.<\/p>\n<\/div>\n","protected":false},"excerpt":{"rendered":"<p>Pol\u00edtica de Privacidade e Seguran\u00e7a Seguran\u00e7a A Loja DMAstro Brasil garante seguran\u00e7a e privacidade de identidade aos internautas que fazem compras na loja. Dados cadastrados como nome, endere\u00e7o e n\u00famero de cart\u00e3o de cr\u00e9dito s\u00e3o protegidos por sistemas avan\u00e7ados de criptografia enquanto s\u00e3o enviados, e mantidos em sigilo em servidores seguros. O site da Loja [&hellip;]<\/p>\n","protected":false},"author":1,"featured_media":0,"parent":0,"menu_order":0,"comment_status":"closed","ping_status":"closed","template":"","meta":{"_themeisle_gutenberg_block_has_review":false,"jetpack_post_was_ever_published":false,"footnotes":""},"class_list":["post-219","page","type-page","status-publish","hentry"],"yoast_head":"<!-- This site is optimized with the Yoast SEO Premium plugin v22.9 (Yoast SEO v27.3) - https:\/\/yoast.com\/product\/yoast-seo-premium-wordpress\/ -->\n<title>Pol\u00edtica de Privacidade e Seguran\u00e7a - Escola de Astrologia DMAstro<\/title>\n<meta name=\"robots\" content=\"index, follow, max-snippet:-1, max-image-preview:large, max-video-preview:-1\" \/>\n<link rel=\"canonical\" href=\"https:\/\/www.dmastro.com.br\/dmastroblog\/politica-de-privacidade-e-seguranca\/\" \/>\n<meta property=\"og:locale\" content=\"pt_BR\" \/>\n<meta property=\"og:type\" content=\"article\" \/>\n<meta property=\"og:title\" content=\"Pol\u00edtica de Privacidade e Seguran\u00e7a\" \/>\n<meta property=\"og:description\" content=\"Pol\u00edtica de Privacidade e Seguran\u00e7a Seguran\u00e7a A Loja DMAstro Brasil garante seguran\u00e7a e privacidade de identidade aos internautas que fazem compras na loja. Dados cadastrados como nome, endere\u00e7o e n\u00famero de cart\u00e3o de cr\u00e9dito s\u00e3o protegidos por sistemas avan\u00e7ados de criptografia enquanto s\u00e3o enviados, e mantidos em sigilo em servidores seguros. O site da Loja [&hellip;]\" \/>\n<meta property=\"og:url\" content=\"https:\/\/www.dmastro.com.br\/dmastroblog\/politica-de-privacidade-e-seguranca\/\" \/>\n<meta property=\"og:site_name\" content=\"Escola de Astrologia DMAstro\" \/>\n<meta property=\"article:publisher\" content=\"https:\/\/www.facebook.com\/dmastrobr\" \/>\n<meta property=\"article:modified_time\" content=\"2019-06-15T04:32:58+00:00\" \/>\n<meta name=\"twitter:card\" content=\"summary_large_image\" \/>\n<meta name=\"twitter:site\" content=\"@dmastrobrasil\" \/>\n<meta name=\"twitter:label1\" content=\"Est. tempo de leitura\" \/>\n\t<meta name=\"twitter:data1\" content=\"5 minutos\" \/>\n<script type=\"application\/ld+json\" class=\"yoast-schema-graph\">{\"@context\":\"https:\\\/\\\/schema.org\",\"@graph\":[{\"@type\":\"WebPage\",\"@id\":\"https:\\\/\\\/www.dmastro.com.br\\\/dmastroblog\\\/politica-de-privacidade-e-seguranca\\\/\",\"url\":\"https:\\\/\\\/www.dmastro.com.br\\\/dmastroblog\\\/politica-de-privacidade-e-seguranca\\\/\",\"name\":\"Pol\u00edtica de Privacidade e Seguran\u00e7a - Escola de Astrologia DMAstro\",\"isPartOf\":{\"@id\":\"https:\\\/\\\/www.dmastro.com.br\\\/dmastroblog\\\/#website\"},\"datePublished\":\"2017-11-22T21:41:07+00:00\",\"dateModified\":\"2019-06-15T04:32:58+00:00\",\"breadcrumb\":{\"@id\":\"https:\\\/\\\/www.dmastro.com.br\\\/dmastroblog\\\/politica-de-privacidade-e-seguranca\\\/#breadcrumb\"},\"inLanguage\":\"pt-BR\",\"potentialAction\":[{\"@type\":\"ReadAction\",\"target\":[\"https:\\\/\\\/www.dmastro.com.br\\\/dmastroblog\\\/politica-de-privacidade-e-seguranca\\\/\"]}]},{\"@type\":\"BreadcrumbList\",\"@id\":\"https:\\\/\\\/www.dmastro.com.br\\\/dmastroblog\\\/politica-de-privacidade-e-seguranca\\\/#breadcrumb\",\"itemListElement\":[{\"@type\":\"ListItem\",\"position\":1,\"name\":\"In\u00edcio\",\"item\":\"https:\\\/\\\/www.dmastro.com.br\\\/dmastroblog\\\/\"},{\"@type\":\"ListItem\",\"position\":2,\"name\":\"Pol\u00edtica de Privacidade e Seguran\u00e7a\"}]},{\"@type\":\"WebSite\",\"@id\":\"https:\\\/\\\/www.dmastro.com.br\\\/dmastroblog\\\/#website\",\"url\":\"https:\\\/\\\/www.dmastro.com.br\\\/dmastroblog\\\/\",\"name\":\"DMAstro Brasil\",\"description\":\"Curso Completo de Forma\u00e7\u00e3o\",\"publisher\":{\"@id\":\"https:\\\/\\\/www.dmastro.com.br\\\/dmastroblog\\\/#organization\"},\"potentialAction\":[{\"@type\":\"SearchAction\",\"target\":{\"@type\":\"EntryPoint\",\"urlTemplate\":\"https:\\\/\\\/www.dmastro.com.br\\\/dmastroblog\\\/?s={search_term_string}\"},\"query-input\":{\"@type\":\"PropertyValueSpecification\",\"valueRequired\":true,\"valueName\":\"search_term_string\"}}],\"inLanguage\":\"pt-BR\"},{\"@type\":\"Organization\",\"@id\":\"https:\\\/\\\/www.dmastro.com.br\\\/dmastroblog\\\/#organization\",\"name\":\"DMAstro Brasil\",\"url\":\"https:\\\/\\\/www.dmastro.com.br\\\/dmastroblog\\\/\",\"logo\":{\"@type\":\"ImageObject\",\"inLanguage\":\"pt-BR\",\"@id\":\"https:\\\/\\\/www.dmastro.com.br\\\/dmastroblog\\\/#\\\/schema\\\/logo\\\/image\\\/\",\"url\":\"https:\\\/\\\/www.dmastro.com.br\\\/dmastroblog\\\/wp-content\\\/uploads\\\/2018\\\/12\\\/logotipo-dmastro-brasil.png\",\"contentUrl\":\"https:\\\/\\\/www.dmastro.com.br\\\/dmastroblog\\\/wp-content\\\/uploads\\\/2018\\\/12\\\/logotipo-dmastro-brasil.png\",\"width\":180,\"height\":180,\"caption\":\"DMAstro Brasil\"},\"image\":{\"@id\":\"https:\\\/\\\/www.dmastro.com.br\\\/dmastroblog\\\/#\\\/schema\\\/logo\\\/image\\\/\"},\"sameAs\":[\"https:\\\/\\\/www.facebook.com\\\/dmastrobr\",\"https:\\\/\\\/x.com\\\/dmastrobrasil\",\"https:\\\/\\\/www.instagram.com\\\/dmastrobrasil\\\/\"]}]}<\/script>\n<!-- \/ Yoast SEO Premium plugin. -->","yoast_head_json":{"title":"Pol\u00edtica de Privacidade e Seguran\u00e7a - Escola de Astrologia DMAstro","robots":{"index":"index","follow":"follow","max-snippet":"max-snippet:-1","max-image-preview":"max-image-preview:large","max-video-preview":"max-video-preview:-1"},"canonical":"https:\/\/www.dmastro.com.br\/dmastroblog\/politica-de-privacidade-e-seguranca\/","og_locale":"pt_BR","og_type":"article","og_title":"Pol\u00edtica de Privacidade e Seguran\u00e7a","og_description":"Pol\u00edtica de Privacidade e Seguran\u00e7a Seguran\u00e7a A Loja DMAstro Brasil garante seguran\u00e7a e privacidade de identidade aos internautas que fazem compras na loja. Dados cadastrados como nome, endere\u00e7o e n\u00famero de cart\u00e3o de cr\u00e9dito s\u00e3o protegidos por sistemas avan\u00e7ados de criptografia enquanto s\u00e3o enviados, e mantidos em sigilo em servidores seguros. O site da Loja [&hellip;]","og_url":"https:\/\/www.dmastro.com.br\/dmastroblog\/politica-de-privacidade-e-seguranca\/","og_site_name":"Escola de Astrologia DMAstro","article_publisher":"https:\/\/www.facebook.com\/dmastrobr","article_modified_time":"2019-06-15T04:32:58+00:00","twitter_card":"summary_large_image","twitter_site":"@dmastrobrasil","twitter_misc":{"Est. tempo de leitura":"5 minutos"},"schema":{"@context":"https:\/\/schema.org","@graph":[{"@type":"WebPage","@id":"https:\/\/www.dmastro.com.br\/dmastroblog\/politica-de-privacidade-e-seguranca\/","url":"https:\/\/www.dmastro.com.br\/dmastroblog\/politica-de-privacidade-e-seguranca\/","name":"Pol\u00edtica de Privacidade e Seguran\u00e7a - Escola de Astrologia DMAstro","isPartOf":{"@id":"https:\/\/www.dmastro.com.br\/dmastroblog\/#website"},"datePublished":"2017-11-22T21:41:07+00:00","dateModified":"2019-06-15T04:32:58+00:00","breadcrumb":{"@id":"https:\/\/www.dmastro.com.br\/dmastroblog\/politica-de-privacidade-e-seguranca\/#breadcrumb"},"inLanguage":"pt-BR","potentialAction":[{"@type":"ReadAction","target":["https:\/\/www.dmastro.com.br\/dmastroblog\/politica-de-privacidade-e-seguranca\/"]}]},{"@type":"BreadcrumbList","@id":"https:\/\/www.dmastro.com.br\/dmastroblog\/politica-de-privacidade-e-seguranca\/#breadcrumb","itemListElement":[{"@type":"ListItem","position":1,"name":"In\u00edcio","item":"https:\/\/www.dmastro.com.br\/dmastroblog\/"},{"@type":"ListItem","position":2,"name":"Pol\u00edtica de Privacidade e Seguran\u00e7a"}]},{"@type":"WebSite","@id":"https:\/\/www.dmastro.com.br\/dmastroblog\/#website","url":"https:\/\/www.dmastro.com.br\/dmastroblog\/","name":"DMAstro Brasil","description":"Curso Completo de Forma\u00e7\u00e3o","publisher":{"@id":"https:\/\/www.dmastro.com.br\/dmastroblog\/#organization"},"potentialAction":[{"@type":"SearchAction","target":{"@type":"EntryPoint","urlTemplate":"https:\/\/www.dmastro.com.br\/dmastroblog\/?s={search_term_string}"},"query-input":{"@type":"PropertyValueSpecification","valueRequired":true,"valueName":"search_term_string"}}],"inLanguage":"pt-BR"},{"@type":"Organization","@id":"https:\/\/www.dmastro.com.br\/dmastroblog\/#organization","name":"DMAstro Brasil","url":"https:\/\/www.dmastro.com.br\/dmastroblog\/","logo":{"@type":"ImageObject","inLanguage":"pt-BR","@id":"https:\/\/www.dmastro.com.br\/dmastroblog\/#\/schema\/logo\/image\/","url":"https:\/\/www.dmastro.com.br\/dmastroblog\/wp-content\/uploads\/2018\/12\/logotipo-dmastro-brasil.png","contentUrl":"https:\/\/www.dmastro.com.br\/dmastroblog\/wp-content\/uploads\/2018\/12\/logotipo-dmastro-brasil.png","width":180,"height":180,"caption":"DMAstro Brasil"},"image":{"@id":"https:\/\/www.dmastro.com.br\/dmastroblog\/#\/schema\/logo\/image\/"},"sameAs":["https:\/\/www.facebook.com\/dmastrobr","https:\/\/x.com\/dmastrobrasil","https:\/\/www.instagram.com\/dmastrobrasil\/"]}]}},"jetpack_sharing_enabled":true,"jetpack_shortlink":"https:\/\/wp.me\/P99nMN-3x","jetpack_likes_enabled":false,"publishpress_future_action":{"enabled":false,"date":"2026-05-07 10:19:43","action":"change-status","newStatus":"draft","terms":[],"taxonomy":"","extraData":[]},"publishpress_future_workflow_manual_trigger":{"enabledWorkflows":[]},"_links":{"self":[{"href":"https:\/\/www.dmastro.com.br\/dmastroblog\/wp-json\/wp\/v2\/pages\/219","targetHints":{"allow":["GET"]}}],"collection":[{"href":"https:\/\/www.dmastro.com.br\/dmastroblog\/wp-json\/wp\/v2\/pages"}],"about":[{"href":"https:\/\/www.dmastro.com.br\/dmastroblog\/wp-json\/wp\/v2\/types\/page"}],"author":[{"embeddable":true,"href":"https:\/\/www.dmastro.com.br\/dmastroblog\/wp-json\/wp\/v2\/users\/1"}],"replies":[{"embeddable":true,"href":"https:\/\/www.dmastro.com.br\/dmastroblog\/wp-json\/wp\/v2\/comments?post=219"}],"version-history":[{"count":3,"href":"https:\/\/www.dmastro.com.br\/dmastroblog\/wp-json\/wp\/v2\/pages\/219\/revisions"}],"predecessor-version":[{"id":1563,"href":"https:\/\/www.dmastro.com.br\/dmastroblog\/wp-json\/wp\/v2\/pages\/219\/revisions\/1563"}],"wp:attachment":[{"href":"https:\/\/www.dmastro.com.br\/dmastroblog\/wp-json\/wp\/v2\/media?parent=219"}],"curies":[{"name":"wp","href":"https:\/\/api.w.org\/{rel}","templated":true}]}}