{"id":215,"date":"2017-11-22T19:35:26","date_gmt":"2017-11-22T21:35:26","guid":{"rendered":"http:\/\/www.dmastro.com.br\/dmastroblog\/?page_id=215"},"modified":"2017-11-22T19:35:26","modified_gmt":"2017-11-22T21:35:26","slug":"politica-de-pagamento-precos-e-promocoes","status":"publish","type":"page","link":"https:\/\/www.dmastro.com.br\/dmastroblog\/politica-de-pagamento-precos-e-promocoes\/","title":{"rendered":"Pol\u00edtica de Pagamento, Pre\u00e7os e Promo\u00e7\u00f5es"},"content":{"rendered":"<div class=\"page-title\">\n<h1>Pol\u00edtica de Pagamento, Pre\u00e7os e Promo\u00e7\u00f5es<\/h1>\n<\/div>\n<div class=\"std\">\n<h2>Formas de Pagamento<\/h2>\n<p>A Loja DMAstro Brasil oferece as seguintes formas de pagamento:<\/p>\n<ul>\n<li>Boleto Banc\u00e1rio;<\/li>\n<li>Dep\u00f3sito em Conta ou Transfer\u00eancia para banco do Brasil e Ita\u00fa<\/li>\n<li>Cart\u00e3o de Cr\u00e9dito das bandeiras Visa, MasterCard, Elo, Hipercard, AMEX, Aura, Diners, Discover e JCB;<\/li>\n<li>PayPal para pedidos internacionais.<\/li>\n<\/ul>\n<h2>Prazo para Pagamento<\/h2>\n<p>Ap\u00f3s a realiza\u00e7\u00e3o do pedido o cliente tem o prazo de 5 dias para efetuar o pagamento. Ap\u00f3s este prazo o pedido ser\u00e1 automaticamente cancelado.<\/p>\n<h2>Descontos e Promo\u00e7\u00f5es<\/h2>\n<p>A Loja DMAstro Brasil n\u00e3o disp\u00f5e de uma pol\u00edtica de desconto exclusiva para cada cliente na compra de um item espec\u00edfico.<\/p>\n<p>Oferecemos descontos promocionais aos clientes cadastrados que recebem essas ofertas por e-mail. As promo\u00e7\u00f5es s\u00e3o anunciadas, tamb\u00e9m, em nossa home page, por meio de banners.<\/p>\n<p>Visite nosso site com frequ\u00eancia e fique por dentro das melhores ofertas da Internet!<\/p>\n<h2>Desconto no Dep\u00f3sito em Conta<\/h2>\n<p>A Loja DMAstro Brasil oferece para todos os clientes o desconto de 4% sobre o valor dos produtos (o desconto n\u00e3o \u00e9 c\u00e1lculado sobre o valor do frete) para pagamento por Dep\u00f3sito em Conta. Para ter acesso ao desconto, na etapa de finaliza\u00e7\u00e3o do pedido, basta optar pela modalidade de pagamento Dep\u00f3sito em Conta que o sistema calcular\u00e1 automaticamente o desconto.<\/p>\n<\/div>\n","protected":false},"excerpt":{"rendered":"<p>Pol\u00edtica de Pagamento, Pre\u00e7os e Promo\u00e7\u00f5es Formas de Pagamento A Loja DMAstro Brasil oferece as seguintes formas de pagamento: Boleto Banc\u00e1rio; Dep\u00f3sito em Conta ou Transfer\u00eancia para banco do Brasil e Ita\u00fa Cart\u00e3o de Cr\u00e9dito das bandeiras Visa, MasterCard, Elo, Hipercard, AMEX, Aura, Diners, Discover e JCB; PayPal para pedidos internacionais. Prazo para Pagamento Ap\u00f3s [&hellip;]<\/p>\n","protected":false},"author":1,"featured_media":0,"parent":0,"menu_order":0,"comment_status":"closed","ping_status":"closed","template":"","meta":{"_themeisle_gutenberg_block_has_review":false,"jetpack_post_was_ever_published":false,"footnotes":""},"class_list":["post-215","page","type-page","status-publish","hentry"],"yoast_head":"<!-- This site is optimized with the Yoast SEO Premium plugin v22.9 (Yoast SEO v27.3) - https:\/\/yoast.com\/product\/yoast-seo-premium-wordpress\/ -->\n<title>Pol\u00edtica de Pagamento, Pre\u00e7os e Promo\u00e7\u00f5es - Escola de Astrologia DMAstro<\/title>\n<meta name=\"robots\" content=\"index, follow, max-snippet:-1, max-image-preview:large, max-video-preview:-1\" \/>\n<link rel=\"canonical\" href=\"https:\/\/www.dmastro.com.br\/dmastroblog\/politica-de-pagamento-precos-e-promocoes\/\" \/>\n<meta property=\"og:locale\" content=\"pt_BR\" \/>\n<meta property=\"og:type\" content=\"article\" \/>\n<meta property=\"og:title\" content=\"Pol\u00edtica de Pagamento, Pre\u00e7os e Promo\u00e7\u00f5es\" \/>\n<meta property=\"og:description\" content=\"Pol\u00edtica de Pagamento, Pre\u00e7os e Promo\u00e7\u00f5es Formas de Pagamento A Loja DMAstro Brasil oferece as seguintes formas de pagamento: Boleto Banc\u00e1rio; Dep\u00f3sito em Conta ou Transfer\u00eancia para banco do Brasil e Ita\u00fa Cart\u00e3o de Cr\u00e9dito das bandeiras Visa, MasterCard, Elo, Hipercard, AMEX, Aura, Diners, Discover e JCB; PayPal para pedidos internacionais. Prazo para Pagamento Ap\u00f3s [&hellip;]\" \/>\n<meta property=\"og:url\" content=\"https:\/\/www.dmastro.com.br\/dmastroblog\/politica-de-pagamento-precos-e-promocoes\/\" \/>\n<meta property=\"og:site_name\" content=\"Escola de Astrologia DMAstro\" \/>\n<meta property=\"article:publisher\" content=\"https:\/\/www.facebook.com\/dmastrobr\" \/>\n<meta name=\"twitter:card\" content=\"summary_large_image\" \/>\n<meta name=\"twitter:site\" content=\"@dmastrobrasil\" \/>\n<meta name=\"twitter:label1\" content=\"Est. tempo de leitura\" \/>\n\t<meta name=\"twitter:data1\" content=\"1 minuto\" \/>\n<script type=\"application\/ld+json\" class=\"yoast-schema-graph\">{\"@context\":\"https:\\\/\\\/schema.org\",\"@graph\":[{\"@type\":\"WebPage\",\"@id\":\"https:\\\/\\\/www.dmastro.com.br\\\/dmastroblog\\\/politica-de-pagamento-precos-e-promocoes\\\/\",\"url\":\"https:\\\/\\\/www.dmastro.com.br\\\/dmastroblog\\\/politica-de-pagamento-precos-e-promocoes\\\/\",\"name\":\"Pol\u00edtica de Pagamento, Pre\u00e7os e Promo\u00e7\u00f5es - Escola de Astrologia DMAstro\",\"isPartOf\":{\"@id\":\"https:\\\/\\\/www.dmastro.com.br\\\/dmastroblog\\\/#website\"},\"datePublished\":\"2017-11-22T21:35:26+00:00\",\"breadcrumb\":{\"@id\":\"https:\\\/\\\/www.dmastro.com.br\\\/dmastroblog\\\/politica-de-pagamento-precos-e-promocoes\\\/#breadcrumb\"},\"inLanguage\":\"pt-BR\",\"potentialAction\":[{\"@type\":\"ReadAction\",\"target\":[\"https:\\\/\\\/www.dmastro.com.br\\\/dmastroblog\\\/politica-de-pagamento-precos-e-promocoes\\\/\"]}]},{\"@type\":\"BreadcrumbList\",\"@id\":\"https:\\\/\\\/www.dmastro.com.br\\\/dmastroblog\\\/politica-de-pagamento-precos-e-promocoes\\\/#breadcrumb\",\"itemListElement\":[{\"@type\":\"ListItem\",\"position\":1,\"name\":\"In\u00edcio\",\"item\":\"https:\\\/\\\/www.dmastro.com.br\\\/dmastroblog\\\/\"},{\"@type\":\"ListItem\",\"position\":2,\"name\":\"Pol\u00edtica de Pagamento, Pre\u00e7os e Promo\u00e7\u00f5es\"}]},{\"@type\":\"WebSite\",\"@id\":\"https:\\\/\\\/www.dmastro.com.br\\\/dmastroblog\\\/#website\",\"url\":\"https:\\\/\\\/www.dmastro.com.br\\\/dmastroblog\\\/\",\"name\":\"DMAstro Brasil\",\"description\":\"Curso Completo de Forma\u00e7\u00e3o\",\"publisher\":{\"@id\":\"https:\\\/\\\/www.dmastro.com.br\\\/dmastroblog\\\/#organization\"},\"potentialAction\":[{\"@type\":\"SearchAction\",\"target\":{\"@type\":\"EntryPoint\",\"urlTemplate\":\"https:\\\/\\\/www.dmastro.com.br\\\/dmastroblog\\\/?s={search_term_string}\"},\"query-input\":{\"@type\":\"PropertyValueSpecification\",\"valueRequired\":true,\"valueName\":\"search_term_string\"}}],\"inLanguage\":\"pt-BR\"},{\"@type\":\"Organization\",\"@id\":\"https:\\\/\\\/www.dmastro.com.br\\\/dmastroblog\\\/#organization\",\"name\":\"DMAstro Brasil\",\"url\":\"https:\\\/\\\/www.dmastro.com.br\\\/dmastroblog\\\/\",\"logo\":{\"@type\":\"ImageObject\",\"inLanguage\":\"pt-BR\",\"@id\":\"https:\\\/\\\/www.dmastro.com.br\\\/dmastroblog\\\/#\\\/schema\\\/logo\\\/image\\\/\",\"url\":\"https:\\\/\\\/www.dmastro.com.br\\\/dmastroblog\\\/wp-content\\\/uploads\\\/2018\\\/12\\\/logotipo-dmastro-brasil.png\",\"contentUrl\":\"https:\\\/\\\/www.dmastro.com.br\\\/dmastroblog\\\/wp-content\\\/uploads\\\/2018\\\/12\\\/logotipo-dmastro-brasil.png\",\"width\":180,\"height\":180,\"caption\":\"DMAstro Brasil\"},\"image\":{\"@id\":\"https:\\\/\\\/www.dmastro.com.br\\\/dmastroblog\\\/#\\\/schema\\\/logo\\\/image\\\/\"},\"sameAs\":[\"https:\\\/\\\/www.facebook.com\\\/dmastrobr\",\"https:\\\/\\\/x.com\\\/dmastrobrasil\",\"https:\\\/\\\/www.instagram.com\\\/dmastrobrasil\\\/\"]}]}<\/script>\n<!-- \/ Yoast SEO Premium plugin. -->","yoast_head_json":{"title":"Pol\u00edtica de Pagamento, Pre\u00e7os e Promo\u00e7\u00f5es - Escola de Astrologia DMAstro","robots":{"index":"index","follow":"follow","max-snippet":"max-snippet:-1","max-image-preview":"max-image-preview:large","max-video-preview":"max-video-preview:-1"},"canonical":"https:\/\/www.dmastro.com.br\/dmastroblog\/politica-de-pagamento-precos-e-promocoes\/","og_locale":"pt_BR","og_type":"article","og_title":"Pol\u00edtica de Pagamento, Pre\u00e7os e Promo\u00e7\u00f5es","og_description":"Pol\u00edtica de Pagamento, Pre\u00e7os e Promo\u00e7\u00f5es Formas de Pagamento A Loja DMAstro Brasil oferece as seguintes formas de pagamento: Boleto Banc\u00e1rio; Dep\u00f3sito em Conta ou Transfer\u00eancia para banco do Brasil e Ita\u00fa Cart\u00e3o de Cr\u00e9dito das bandeiras Visa, MasterCard, Elo, Hipercard, AMEX, Aura, Diners, Discover e JCB; PayPal para pedidos internacionais. Prazo para Pagamento Ap\u00f3s [&hellip;]","og_url":"https:\/\/www.dmastro.com.br\/dmastroblog\/politica-de-pagamento-precos-e-promocoes\/","og_site_name":"Escola de Astrologia DMAstro","article_publisher":"https:\/\/www.facebook.com\/dmastrobr","twitter_card":"summary_large_image","twitter_site":"@dmastrobrasil","twitter_misc":{"Est. tempo de leitura":"1 minuto"},"schema":{"@context":"https:\/\/schema.org","@graph":[{"@type":"WebPage","@id":"https:\/\/www.dmastro.com.br\/dmastroblog\/politica-de-pagamento-precos-e-promocoes\/","url":"https:\/\/www.dmastro.com.br\/dmastroblog\/politica-de-pagamento-precos-e-promocoes\/","name":"Pol\u00edtica de Pagamento, Pre\u00e7os e Promo\u00e7\u00f5es - Escola de Astrologia DMAstro","isPartOf":{"@id":"https:\/\/www.dmastro.com.br\/dmastroblog\/#website"},"datePublished":"2017-11-22T21:35:26+00:00","breadcrumb":{"@id":"https:\/\/www.dmastro.com.br\/dmastroblog\/politica-de-pagamento-precos-e-promocoes\/#breadcrumb"},"inLanguage":"pt-BR","potentialAction":[{"@type":"ReadAction","target":["https:\/\/www.dmastro.com.br\/dmastroblog\/politica-de-pagamento-precos-e-promocoes\/"]}]},{"@type":"BreadcrumbList","@id":"https:\/\/www.dmastro.com.br\/dmastroblog\/politica-de-pagamento-precos-e-promocoes\/#breadcrumb","itemListElement":[{"@type":"ListItem","position":1,"name":"In\u00edcio","item":"https:\/\/www.dmastro.com.br\/dmastroblog\/"},{"@type":"ListItem","position":2,"name":"Pol\u00edtica de Pagamento, Pre\u00e7os e Promo\u00e7\u00f5es"}]},{"@type":"WebSite","@id":"https:\/\/www.dmastro.com.br\/dmastroblog\/#website","url":"https:\/\/www.dmastro.com.br\/dmastroblog\/","name":"DMAstro Brasil","description":"Curso Completo de Forma\u00e7\u00e3o","publisher":{"@id":"https:\/\/www.dmastro.com.br\/dmastroblog\/#organization"},"potentialAction":[{"@type":"SearchAction","target":{"@type":"EntryPoint","urlTemplate":"https:\/\/www.dmastro.com.br\/dmastroblog\/?s={search_term_string}"},"query-input":{"@type":"PropertyValueSpecification","valueRequired":true,"valueName":"search_term_string"}}],"inLanguage":"pt-BR"},{"@type":"Organization","@id":"https:\/\/www.dmastro.com.br\/dmastroblog\/#organization","name":"DMAstro Brasil","url":"https:\/\/www.dmastro.com.br\/dmastroblog\/","logo":{"@type":"ImageObject","inLanguage":"pt-BR","@id":"https:\/\/www.dmastro.com.br\/dmastroblog\/#\/schema\/logo\/image\/","url":"https:\/\/www.dmastro.com.br\/dmastroblog\/wp-content\/uploads\/2018\/12\/logotipo-dmastro-brasil.png","contentUrl":"https:\/\/www.dmastro.com.br\/dmastroblog\/wp-content\/uploads\/2018\/12\/logotipo-dmastro-brasil.png","width":180,"height":180,"caption":"DMAstro Brasil"},"image":{"@id":"https:\/\/www.dmastro.com.br\/dmastroblog\/#\/schema\/logo\/image\/"},"sameAs":["https:\/\/www.facebook.com\/dmastrobr","https:\/\/x.com\/dmastrobrasil","https:\/\/www.instagram.com\/dmastrobrasil\/"]}]}},"jetpack_sharing_enabled":false,"jetpack_shortlink":"https:\/\/wp.me\/P99nMN-3t","jetpack_likes_enabled":true,"publishpress_future_action":{"enabled":false,"date":"2026-05-07 10:19:38","action":"change-status","newStatus":"draft","terms":[],"taxonomy":"","extraData":[]},"publishpress_future_workflow_manual_trigger":{"enabledWorkflows":[]},"_links":{"self":[{"href":"https:\/\/www.dmastro.com.br\/dmastroblog\/wp-json\/wp\/v2\/pages\/215","targetHints":{"allow":["GET"]}}],"collection":[{"href":"https:\/\/www.dmastro.com.br\/dmastroblog\/wp-json\/wp\/v2\/pages"}],"about":[{"href":"https:\/\/www.dmastro.com.br\/dmastroblog\/wp-json\/wp\/v2\/types\/page"}],"author":[{"embeddable":true,"href":"https:\/\/www.dmastro.com.br\/dmastroblog\/wp-json\/wp\/v2\/users\/1"}],"replies":[{"embeddable":true,"href":"https:\/\/www.dmastro.com.br\/dmastroblog\/wp-json\/wp\/v2\/comments?post=215"}],"version-history":[{"count":1,"href":"https:\/\/www.dmastro.com.br\/dmastroblog\/wp-json\/wp\/v2\/pages\/215\/revisions"}],"predecessor-version":[{"id":217,"href":"https:\/\/www.dmastro.com.br\/dmastroblog\/wp-json\/wp\/v2\/pages\/215\/revisions\/217"}],"wp:attachment":[{"href":"https:\/\/www.dmastro.com.br\/dmastroblog\/wp-json\/wp\/v2\/media?parent=215"}],"curies":[{"name":"wp","href":"https:\/\/api.w.org\/{rel}","templated":true}]}}