{"id":200,"date":"2017-11-22T19:11:37","date_gmt":"2017-11-22T21:11:37","guid":{"rendered":"http:\/\/www.dmastro.com.br\/dmastroblog\/?page_id=200"},"modified":"2017-11-22T19:13:40","modified_gmt":"2017-11-22T21:13:40","slug":"sobre-nos2","status":"publish","type":"page","link":"https:\/\/www.dmastro.com.br\/dmastroblog\/sobre-nos2\/","title":{"rendered":"Sobre n\u00f3s"},"content":{"rendered":"<h2>Sobre n\u00f3s<\/h2>\n<h2>A DMAstro Brasil<\/h2>\n<p>Somos uma plataforma virtual que se dedica ao mundo esot\u00e9rico, m\u00edstico e espiritual.\u00a0Entenda como tudo funciona:<\/p>\n<h2>Loja DMAstro Brasil<\/h2>\n<p>Nossa loja virtual especializada em produtos esot\u00e9ricos, oferecemos baralhos de tar\u00f4 nacionais e importados a pronta entrega para todo Brasil. Temos dispon\u00edveis or\u00e1culos (B\u00fazios, I Ching, Runas, etc.), instrumentos para cromoterapia, radiestesia e radi\u00f4nica, livros, acess\u00f3rios para rituais e atendimento, j\u00f3ias e bijuterias com significado e muito mais.<\/p>\n<p>Conhe\u00e7a a\u00a0<a href=\"http:\/\/www.dmastro.com.br\/dmastroblog\" target=\"_self\">Loja DMAstro Brasil<\/a>!<\/p>\n<h2>DMAstro.com &#8211; Plataforma de Venda de Mapas Astrais e Consultas Online<\/h2>\n<p>Portal de conte\u00fado sobre Astrologia, Tar\u00f4, Runas. Oferecemos consultas online gratuitas e pagas e muito mais.<\/p>\n<p>Conhe\u00e7a a\u00a0<a href=\"http:\/\/www.dmastro.com\/\" target=\"_blank\" rel=\"noopener\">DMAstro.com<\/a>!<\/p>\n","protected":false},"excerpt":{"rendered":"<p>Sobre n\u00f3s A DMAstro Brasil Somos uma plataforma virtual que se dedica ao mundo esot\u00e9rico, m\u00edstico e espiritual.\u00a0Entenda como tudo funciona: Loja DMAstro Brasil Nossa loja virtual especializada em produtos esot\u00e9ricos, oferecemos baralhos de tar\u00f4 nacionais e importados a pronta entrega para todo Brasil. Temos dispon\u00edveis or\u00e1culos (B\u00fazios, I Ching, Runas, etc.), instrumentos para cromoterapia, [&hellip;]<\/p>\n","protected":false},"author":1,"featured_media":0,"parent":0,"menu_order":0,"comment_status":"closed","ping_status":"closed","template":"","meta":{"_themeisle_gutenberg_block_has_review":false,"jetpack_post_was_ever_published":false,"footnotes":""},"class_list":["post-200","page","type-page","status-publish","hentry"],"yoast_head":"<!-- This site is optimized with the Yoast SEO Premium plugin v22.9 (Yoast SEO v27.3) - https:\/\/yoast.com\/product\/yoast-seo-premium-wordpress\/ -->\n<title>Sobre n\u00f3s - Escola de Astrologia DMAstro<\/title>\n<meta name=\"robots\" content=\"index, follow, max-snippet:-1, max-image-preview:large, max-video-preview:-1\" \/>\n<link rel=\"canonical\" href=\"https:\/\/www.dmastro.com.br\/dmastroblog\/sobre-nos2\/\" \/>\n<meta property=\"og:locale\" content=\"pt_BR\" \/>\n<meta property=\"og:type\" content=\"article\" \/>\n<meta property=\"og:title\" content=\"Sobre n\u00f3s\" \/>\n<meta property=\"og:description\" content=\"Sobre n\u00f3s A DMAstro Brasil Somos uma plataforma virtual que se dedica ao mundo esot\u00e9rico, m\u00edstico e espiritual.\u00a0Entenda como tudo funciona: Loja DMAstro Brasil Nossa loja virtual especializada em produtos esot\u00e9ricos, oferecemos baralhos de tar\u00f4 nacionais e importados a pronta entrega para todo Brasil. Temos dispon\u00edveis or\u00e1culos (B\u00fazios, I Ching, Runas, etc.), instrumentos para cromoterapia, [&hellip;]\" \/>\n<meta property=\"og:url\" content=\"https:\/\/www.dmastro.com.br\/dmastroblog\/sobre-nos2\/\" \/>\n<meta property=\"og:site_name\" content=\"Escola de Astrologia DMAstro\" \/>\n<meta property=\"article:publisher\" content=\"https:\/\/www.facebook.com\/dmastrobr\" \/>\n<meta property=\"article:modified_time\" content=\"2017-11-22T21:13:40+00:00\" \/>\n<meta name=\"twitter:card\" content=\"summary_large_image\" \/>\n<meta name=\"twitter:site\" content=\"@dmastrobrasil\" \/>\n<meta name=\"twitter:label1\" content=\"Est. tempo de leitura\" \/>\n\t<meta name=\"twitter:data1\" content=\"1 minuto\" \/>\n<script type=\"application\/ld+json\" class=\"yoast-schema-graph\">{\"@context\":\"https:\\\/\\\/schema.org\",\"@graph\":[{\"@type\":\"WebPage\",\"@id\":\"https:\\\/\\\/www.dmastro.com.br\\\/dmastroblog\\\/sobre-nos2\\\/\",\"url\":\"https:\\\/\\\/www.dmastro.com.br\\\/dmastroblog\\\/sobre-nos2\\\/\",\"name\":\"Sobre n\u00f3s - Escola de Astrologia DMAstro\",\"isPartOf\":{\"@id\":\"https:\\\/\\\/www.dmastro.com.br\\\/dmastroblog\\\/#website\"},\"datePublished\":\"2017-11-22T21:11:37+00:00\",\"dateModified\":\"2017-11-22T21:13:40+00:00\",\"breadcrumb\":{\"@id\":\"https:\\\/\\\/www.dmastro.com.br\\\/dmastroblog\\\/sobre-nos2\\\/#breadcrumb\"},\"inLanguage\":\"pt-BR\",\"potentialAction\":[{\"@type\":\"ReadAction\",\"target\":[\"https:\\\/\\\/www.dmastro.com.br\\\/dmastroblog\\\/sobre-nos2\\\/\"]}]},{\"@type\":\"BreadcrumbList\",\"@id\":\"https:\\\/\\\/www.dmastro.com.br\\\/dmastroblog\\\/sobre-nos2\\\/#breadcrumb\",\"itemListElement\":[{\"@type\":\"ListItem\",\"position\":1,\"name\":\"In\u00edcio\",\"item\":\"https:\\\/\\\/www.dmastro.com.br\\\/dmastroblog\\\/\"},{\"@type\":\"ListItem\",\"position\":2,\"name\":\"Sobre n\u00f3s\"}]},{\"@type\":\"WebSite\",\"@id\":\"https:\\\/\\\/www.dmastro.com.br\\\/dmastroblog\\\/#website\",\"url\":\"https:\\\/\\\/www.dmastro.com.br\\\/dmastroblog\\\/\",\"name\":\"DMAstro Brasil\",\"description\":\"Curso Completo de Forma\u00e7\u00e3o\",\"publisher\":{\"@id\":\"https:\\\/\\\/www.dmastro.com.br\\\/dmastroblog\\\/#organization\"},\"potentialAction\":[{\"@type\":\"SearchAction\",\"target\":{\"@type\":\"EntryPoint\",\"urlTemplate\":\"https:\\\/\\\/www.dmastro.com.br\\\/dmastroblog\\\/?s={search_term_string}\"},\"query-input\":{\"@type\":\"PropertyValueSpecification\",\"valueRequired\":true,\"valueName\":\"search_term_string\"}}],\"inLanguage\":\"pt-BR\"},{\"@type\":\"Organization\",\"@id\":\"https:\\\/\\\/www.dmastro.com.br\\\/dmastroblog\\\/#organization\",\"name\":\"DMAstro Brasil\",\"url\":\"https:\\\/\\\/www.dmastro.com.br\\\/dmastroblog\\\/\",\"logo\":{\"@type\":\"ImageObject\",\"inLanguage\":\"pt-BR\",\"@id\":\"https:\\\/\\\/www.dmastro.com.br\\\/dmastroblog\\\/#\\\/schema\\\/logo\\\/image\\\/\",\"url\":\"https:\\\/\\\/www.dmastro.com.br\\\/dmastroblog\\\/wp-content\\\/uploads\\\/2018\\\/12\\\/logotipo-dmastro-brasil.png\",\"contentUrl\":\"https:\\\/\\\/www.dmastro.com.br\\\/dmastroblog\\\/wp-content\\\/uploads\\\/2018\\\/12\\\/logotipo-dmastro-brasil.png\",\"width\":180,\"height\":180,\"caption\":\"DMAstro Brasil\"},\"image\":{\"@id\":\"https:\\\/\\\/www.dmastro.com.br\\\/dmastroblog\\\/#\\\/schema\\\/logo\\\/image\\\/\"},\"sameAs\":[\"https:\\\/\\\/www.facebook.com\\\/dmastrobr\",\"https:\\\/\\\/x.com\\\/dmastrobrasil\",\"https:\\\/\\\/www.instagram.com\\\/dmastrobrasil\\\/\"]}]}<\/script>\n<!-- \/ Yoast SEO Premium plugin. -->","yoast_head_json":{"title":"Sobre n\u00f3s - Escola de Astrologia DMAstro","robots":{"index":"index","follow":"follow","max-snippet":"max-snippet:-1","max-image-preview":"max-image-preview:large","max-video-preview":"max-video-preview:-1"},"canonical":"https:\/\/www.dmastro.com.br\/dmastroblog\/sobre-nos2\/","og_locale":"pt_BR","og_type":"article","og_title":"Sobre n\u00f3s","og_description":"Sobre n\u00f3s A DMAstro Brasil Somos uma plataforma virtual que se dedica ao mundo esot\u00e9rico, m\u00edstico e espiritual.\u00a0Entenda como tudo funciona: Loja DMAstro Brasil Nossa loja virtual especializada em produtos esot\u00e9ricos, oferecemos baralhos de tar\u00f4 nacionais e importados a pronta entrega para todo Brasil. Temos dispon\u00edveis or\u00e1culos (B\u00fazios, I Ching, Runas, etc.), instrumentos para cromoterapia, [&hellip;]","og_url":"https:\/\/www.dmastro.com.br\/dmastroblog\/sobre-nos2\/","og_site_name":"Escola de Astrologia DMAstro","article_publisher":"https:\/\/www.facebook.com\/dmastrobr","article_modified_time":"2017-11-22T21:13:40+00:00","twitter_card":"summary_large_image","twitter_site":"@dmastrobrasil","twitter_misc":{"Est. tempo de leitura":"1 minuto"},"schema":{"@context":"https:\/\/schema.org","@graph":[{"@type":"WebPage","@id":"https:\/\/www.dmastro.com.br\/dmastroblog\/sobre-nos2\/","url":"https:\/\/www.dmastro.com.br\/dmastroblog\/sobre-nos2\/","name":"Sobre n\u00f3s - Escola de Astrologia DMAstro","isPartOf":{"@id":"https:\/\/www.dmastro.com.br\/dmastroblog\/#website"},"datePublished":"2017-11-22T21:11:37+00:00","dateModified":"2017-11-22T21:13:40+00:00","breadcrumb":{"@id":"https:\/\/www.dmastro.com.br\/dmastroblog\/sobre-nos2\/#breadcrumb"},"inLanguage":"pt-BR","potentialAction":[{"@type":"ReadAction","target":["https:\/\/www.dmastro.com.br\/dmastroblog\/sobre-nos2\/"]}]},{"@type":"BreadcrumbList","@id":"https:\/\/www.dmastro.com.br\/dmastroblog\/sobre-nos2\/#breadcrumb","itemListElement":[{"@type":"ListItem","position":1,"name":"In\u00edcio","item":"https:\/\/www.dmastro.com.br\/dmastroblog\/"},{"@type":"ListItem","position":2,"name":"Sobre n\u00f3s"}]},{"@type":"WebSite","@id":"https:\/\/www.dmastro.com.br\/dmastroblog\/#website","url":"https:\/\/www.dmastro.com.br\/dmastroblog\/","name":"DMAstro Brasil","description":"Curso Completo de Forma\u00e7\u00e3o","publisher":{"@id":"https:\/\/www.dmastro.com.br\/dmastroblog\/#organization"},"potentialAction":[{"@type":"SearchAction","target":{"@type":"EntryPoint","urlTemplate":"https:\/\/www.dmastro.com.br\/dmastroblog\/?s={search_term_string}"},"query-input":{"@type":"PropertyValueSpecification","valueRequired":true,"valueName":"search_term_string"}}],"inLanguage":"pt-BR"},{"@type":"Organization","@id":"https:\/\/www.dmastro.com.br\/dmastroblog\/#organization","name":"DMAstro Brasil","url":"https:\/\/www.dmastro.com.br\/dmastroblog\/","logo":{"@type":"ImageObject","inLanguage":"pt-BR","@id":"https:\/\/www.dmastro.com.br\/dmastroblog\/#\/schema\/logo\/image\/","url":"https:\/\/www.dmastro.com.br\/dmastroblog\/wp-content\/uploads\/2018\/12\/logotipo-dmastro-brasil.png","contentUrl":"https:\/\/www.dmastro.com.br\/dmastroblog\/wp-content\/uploads\/2018\/12\/logotipo-dmastro-brasil.png","width":180,"height":180,"caption":"DMAstro Brasil"},"image":{"@id":"https:\/\/www.dmastro.com.br\/dmastroblog\/#\/schema\/logo\/image\/"},"sameAs":["https:\/\/www.facebook.com\/dmastrobr","https:\/\/x.com\/dmastrobrasil","https:\/\/www.instagram.com\/dmastrobrasil\/"]}]}},"jetpack_sharing_enabled":false,"jetpack_shortlink":"https:\/\/wp.me\/P99nMN-3e","jetpack_likes_enabled":true,"publishpress_future_action":{"enabled":false,"date":"2026-05-07 10:19:41","action":"change-status","newStatus":"draft","terms":[],"taxonomy":"","extraData":[]},"publishpress_future_workflow_manual_trigger":{"enabledWorkflows":[]},"_links":{"self":[{"href":"https:\/\/www.dmastro.com.br\/dmastroblog\/wp-json\/wp\/v2\/pages\/200","targetHints":{"allow":["GET"]}}],"collection":[{"href":"https:\/\/www.dmastro.com.br\/dmastroblog\/wp-json\/wp\/v2\/pages"}],"about":[{"href":"https:\/\/www.dmastro.com.br\/dmastroblog\/wp-json\/wp\/v2\/types\/page"}],"author":[{"embeddable":true,"href":"https:\/\/www.dmastro.com.br\/dmastroblog\/wp-json\/wp\/v2\/users\/1"}],"replies":[{"embeddable":true,"href":"https:\/\/www.dmastro.com.br\/dmastroblog\/wp-json\/wp\/v2\/comments?post=200"}],"version-history":[{"count":3,"href":"https:\/\/www.dmastro.com.br\/dmastroblog\/wp-json\/wp\/v2\/pages\/200\/revisions"}],"predecessor-version":[{"id":205,"href":"https:\/\/www.dmastro.com.br\/dmastroblog\/wp-json\/wp\/v2\/pages\/200\/revisions\/205"}],"wp:attachment":[{"href":"https:\/\/www.dmastro.com.br\/dmastroblog\/wp-json\/wp\/v2\/media?parent=200"}],"curies":[{"name":"wp","href":"https:\/\/api.w.org\/{rel}","templated":true}]}}